{"id":23925,"date":"2023-05-15T09:37:26","date_gmt":"2023-05-15T07:37:26","guid":{"rendered":"https:\/\/lisakroeber.com\/uus\/product\/kinkekaart\/"},"modified":"2025-03-27T11:50:30","modified_gmt":"2025-03-27T09:50:30","slug":"kinkekaart","status":"publish","type":"product","link":"https:\/\/lisakroeber.com\/et\/toode\/kinkekaart\/","title":{"rendered":"e- Kinkekaart"},"content":{"rendered":"","protected":false},"excerpt":{"rendered":"<p>Siit saate tellida meie e-kinkekaardi. Valige siin lihtsalt vaut\u0161eri v\u00e4\u00e4rtus ja saate vaut\u0161eri koos koodiga emaili teel. Hiljem saate koodi meie veebipoes lunastada.<\/p>\n","protected":false},"featured_media":25750,"template":"","meta":{"content-type":""},"product_brand":[],"product_cat":[334],"product_tag":[],"class_list":{"0":"post-23925","1":"product","2":"type-product","3":"status-publish","4":"has-post-thumbnail","6":"product_cat-kinkekaart","8":"first","9":"instock","10":"taxable","11":"shipping-taxable","12":"purchasable","13":"product-type-pw-gift-card"},"yoast_head":"<!-- This site is optimized with the Yoast SEO plugin v27.4 - https:\/\/yoast.com\/product\/yoast-seo-wordpress\/ -->\n<title>e- Kinkekaart - Lisa Kroeber Jewellery Art<\/title>\n<meta name=\"robots\" content=\"index, follow, max-snippet:-1, max-image-preview:large, max-video-preview:-1\" \/>\n<link rel=\"canonical\" href=\"https:\/\/lisakroeber.com\/et\/toode\/kinkekaart\/\" \/>\n<meta property=\"og:locale\" content=\"et_EE\" \/>\n<meta property=\"og:type\" content=\"article\" \/>\n<meta property=\"og:title\" content=\"e- Kinkekaart - Lisa Kroeber Jewellery Art\" \/>\n<meta property=\"og:description\" content=\"Siit saate tellida meie e-kinkekaardi. Valige siin lihtsalt vaut\u0161eri v\u00e4\u00e4rtus ja saate vaut\u0161eri koos koodiga emaili teel. Hiljem saate koodi meie veebipoes lunastada.\" \/>\n<meta property=\"og:url\" content=\"https:\/\/lisakroeber.com\/et\/toode\/kinkekaart\/\" \/>\n<meta property=\"og:site_name\" content=\"Lisa Kroeber Jewellery Art\" \/>\n<meta property=\"article:modified_time\" content=\"2025-03-27T09:50:30+00:00\" \/>\n<meta property=\"og:image\" content=\"https:\/\/lisakroeber.com\/wp-content\/uploads\/2023\/07\/Gutschein-estnisch-cut.jpg\" \/>\n\t<meta property=\"og:image:width\" content=\"1155\" \/>\n\t<meta property=\"og:image:height\" content=\"1013\" \/>\n\t<meta property=\"og:image:type\" content=\"image\/jpeg\" \/>\n<meta name=\"twitter:card\" content=\"summary_large_image\" \/>\n<meta name=\"twitter:label1\" content=\"Est. reading time\" \/>\n\t<meta name=\"twitter:data1\" content=\"1 minut\" \/>\n<script type=\"application\/ld+json\" class=\"yoast-schema-graph\">{\"@context\":\"https:\\\/\\\/schema.org\",\"@graph\":[{\"@type\":\"WebPage\",\"@id\":\"https:\\\/\\\/lisakroeber.com\\\/et\\\/toode\\\/kinkekaart\\\/\",\"url\":\"https:\\\/\\\/lisakroeber.com\\\/et\\\/toode\\\/kinkekaart\\\/\",\"name\":\"e- Kinkekaart - Lisa Kroeber Jewellery Art\",\"isPartOf\":{\"@id\":\"https:\\\/\\\/lisakroeber.com\\\/#website\"},\"primaryImageOfPage\":{\"@id\":\"https:\\\/\\\/lisakroeber.com\\\/et\\\/toode\\\/kinkekaart\\\/#primaryimage\"},\"image\":{\"@id\":\"https:\\\/\\\/lisakroeber.com\\\/et\\\/toode\\\/kinkekaart\\\/#primaryimage\"},\"thumbnailUrl\":\"https:\\\/\\\/lisakroeber.com\\\/wp-content\\\/uploads\\\/2023\\\/07\\\/Gutschein-estnisch-cut.jpg\",\"datePublished\":\"2023-05-15T07:37:26+00:00\",\"dateModified\":\"2025-03-27T09:50:30+00:00\",\"breadcrumb\":{\"@id\":\"https:\\\/\\\/lisakroeber.com\\\/et\\\/toode\\\/kinkekaart\\\/#breadcrumb\"},\"inLanguage\":\"et\",\"potentialAction\":[{\"@type\":\"ReadAction\",\"target\":[\"https:\\\/\\\/lisakroeber.com\\\/et\\\/toode\\\/kinkekaart\\\/\"]}]},{\"@type\":\"ImageObject\",\"inLanguage\":\"et\",\"@id\":\"https:\\\/\\\/lisakroeber.com\\\/et\\\/toode\\\/kinkekaart\\\/#primaryimage\",\"url\":\"https:\\\/\\\/lisakroeber.com\\\/wp-content\\\/uploads\\\/2023\\\/07\\\/Gutschein-estnisch-cut.jpg\",\"contentUrl\":\"https:\\\/\\\/lisakroeber.com\\\/wp-content\\\/uploads\\\/2023\\\/07\\\/Gutschein-estnisch-cut.jpg\",\"width\":1155,\"height\":1013},{\"@type\":\"BreadcrumbList\",\"@id\":\"https:\\\/\\\/lisakroeber.com\\\/et\\\/toode\\\/kinkekaart\\\/#breadcrumb\",\"itemListElement\":[{\"@type\":\"ListItem\",\"position\":1,\"name\":\"Home\",\"item\":\"https:\\\/\\\/lisakroeber.com\\\/et\\\/\"},{\"@type\":\"ListItem\",\"position\":2,\"name\":\"Pood\",\"item\":\"https:\\\/\\\/lisakroeber.com\\\/et\\\/pood\\\/\"},{\"@type\":\"ListItem\",\"position\":3,\"name\":\"e- Kinkekaart\"}]},{\"@type\":\"WebSite\",\"@id\":\"https:\\\/\\\/lisakroeber.com\\\/#website\",\"url\":\"https:\\\/\\\/lisakroeber.com\\\/\",\"name\":\"Lisa Kroeber Jewellery Art\",\"description\":\"Lisa Kroeber Jewellery Art e-shop\",\"publisher\":{\"@id\":\"https:\\\/\\\/lisakroeber.com\\\/#organization\"},\"potentialAction\":[{\"@type\":\"SearchAction\",\"target\":{\"@type\":\"EntryPoint\",\"urlTemplate\":\"https:\\\/\\\/lisakroeber.com\\\/?s={search_term_string}\"},\"query-input\":{\"@type\":\"PropertyValueSpecification\",\"valueRequired\":true,\"valueName\":\"search_term_string\"}}],\"inLanguage\":\"et\"},{\"@type\":\"Organization\",\"@id\":\"https:\\\/\\\/lisakroeber.com\\\/#organization\",\"name\":\"Lisa Kroeber Jewellery\",\"url\":\"https:\\\/\\\/lisakroeber.com\\\/\",\"logo\":{\"@type\":\"ImageObject\",\"inLanguage\":\"et\",\"@id\":\"https:\\\/\\\/lisakroeber.com\\\/#\\\/schema\\\/logo\\\/image\\\/\",\"url\":\"https:\\\/\\\/lisakroeber.com\\\/wp-content\\\/uploads\\\/2024\\\/07\\\/47178367_317322115661289_143956003702964224_n-e1543863670541.svg\",\"contentUrl\":\"https:\\\/\\\/lisakroeber.com\\\/wp-content\\\/uploads\\\/2024\\\/07\\\/47178367_317322115661289_143956003702964224_n-e1543863670541.svg\",\"width\":1,\"height\":1,\"caption\":\"Lisa Kroeber Jewellery\"},\"image\":{\"@id\":\"https:\\\/\\\/lisakroeber.com\\\/#\\\/schema\\\/logo\\\/image\\\/\"}}]}<\/script>\n<!-- \/ Yoast SEO plugin. -->","yoast_head_json":{"title":"e- Kinkekaart - Lisa Kroeber Jewellery Art","robots":{"index":"index","follow":"follow","max-snippet":"max-snippet:-1","max-image-preview":"max-image-preview:large","max-video-preview":"max-video-preview:-1"},"canonical":"https:\/\/lisakroeber.com\/et\/toode\/kinkekaart\/","og_locale":"et_EE","og_type":"article","og_title":"e- Kinkekaart - Lisa Kroeber Jewellery Art","og_description":"Siit saate tellida meie e-kinkekaardi. Valige siin lihtsalt vaut\u0161eri v\u00e4\u00e4rtus ja saate vaut\u0161eri koos koodiga emaili teel. Hiljem saate koodi meie veebipoes lunastada.","og_url":"https:\/\/lisakroeber.com\/et\/toode\/kinkekaart\/","og_site_name":"Lisa Kroeber Jewellery Art","article_modified_time":"2025-03-27T09:50:30+00:00","og_image":[{"width":1155,"height":1013,"url":"https:\/\/lisakroeber.com\/wp-content\/uploads\/2023\/07\/Gutschein-estnisch-cut.jpg","type":"image\/jpeg"}],"twitter_card":"summary_large_image","twitter_misc":{"Est. reading time":"1 minut"},"schema":{"@context":"https:\/\/schema.org","@graph":[{"@type":"WebPage","@id":"https:\/\/lisakroeber.com\/et\/toode\/kinkekaart\/","url":"https:\/\/lisakroeber.com\/et\/toode\/kinkekaart\/","name":"e- Kinkekaart - Lisa Kroeber Jewellery Art","isPartOf":{"@id":"https:\/\/lisakroeber.com\/#website"},"primaryImageOfPage":{"@id":"https:\/\/lisakroeber.com\/et\/toode\/kinkekaart\/#primaryimage"},"image":{"@id":"https:\/\/lisakroeber.com\/et\/toode\/kinkekaart\/#primaryimage"},"thumbnailUrl":"https:\/\/lisakroeber.com\/wp-content\/uploads\/2023\/07\/Gutschein-estnisch-cut.jpg","datePublished":"2023-05-15T07:37:26+00:00","dateModified":"2025-03-27T09:50:30+00:00","breadcrumb":{"@id":"https:\/\/lisakroeber.com\/et\/toode\/kinkekaart\/#breadcrumb"},"inLanguage":"et","potentialAction":[{"@type":"ReadAction","target":["https:\/\/lisakroeber.com\/et\/toode\/kinkekaart\/"]}]},{"@type":"ImageObject","inLanguage":"et","@id":"https:\/\/lisakroeber.com\/et\/toode\/kinkekaart\/#primaryimage","url":"https:\/\/lisakroeber.com\/wp-content\/uploads\/2023\/07\/Gutschein-estnisch-cut.jpg","contentUrl":"https:\/\/lisakroeber.com\/wp-content\/uploads\/2023\/07\/Gutschein-estnisch-cut.jpg","width":1155,"height":1013},{"@type":"BreadcrumbList","@id":"https:\/\/lisakroeber.com\/et\/toode\/kinkekaart\/#breadcrumb","itemListElement":[{"@type":"ListItem","position":1,"name":"Home","item":"https:\/\/lisakroeber.com\/et\/"},{"@type":"ListItem","position":2,"name":"Pood","item":"https:\/\/lisakroeber.com\/et\/pood\/"},{"@type":"ListItem","position":3,"name":"e- Kinkekaart"}]},{"@type":"WebSite","@id":"https:\/\/lisakroeber.com\/#website","url":"https:\/\/lisakroeber.com\/","name":"Lisa Kroeber Jewellery Art","description":"Lisa Kroeber Jewellery Art e-shop","publisher":{"@id":"https:\/\/lisakroeber.com\/#organization"},"potentialAction":[{"@type":"SearchAction","target":{"@type":"EntryPoint","urlTemplate":"https:\/\/lisakroeber.com\/?s={search_term_string}"},"query-input":{"@type":"PropertyValueSpecification","valueRequired":true,"valueName":"search_term_string"}}],"inLanguage":"et"},{"@type":"Organization","@id":"https:\/\/lisakroeber.com\/#organization","name":"Lisa Kroeber Jewellery","url":"https:\/\/lisakroeber.com\/","logo":{"@type":"ImageObject","inLanguage":"et","@id":"https:\/\/lisakroeber.com\/#\/schema\/logo\/image\/","url":"https:\/\/lisakroeber.com\/wp-content\/uploads\/2024\/07\/47178367_317322115661289_143956003702964224_n-e1543863670541.svg","contentUrl":"https:\/\/lisakroeber.com\/wp-content\/uploads\/2024\/07\/47178367_317322115661289_143956003702964224_n-e1543863670541.svg","width":1,"height":1,"caption":"Lisa Kroeber Jewellery"},"image":{"@id":"https:\/\/lisakroeber.com\/#\/schema\/logo\/image\/"}}]}},"_links":{"self":[{"href":"https:\/\/lisakroeber.com\/et\/wp-json\/wp\/v2\/product\/23925","targetHints":{"allow":["GET"]}}],"collection":[{"href":"https:\/\/lisakroeber.com\/et\/wp-json\/wp\/v2\/product"}],"about":[{"href":"https:\/\/lisakroeber.com\/et\/wp-json\/wp\/v2\/types\/product"}],"wp:featuredmedia":[{"embeddable":true,"href":"https:\/\/lisakroeber.com\/et\/wp-json\/wp\/v2\/media\/25750"}],"wp:attachment":[{"href":"https:\/\/lisakroeber.com\/et\/wp-json\/wp\/v2\/media?parent=23925"}],"wp:term":[{"taxonomy":"product_brand","embeddable":true,"href":"https:\/\/lisakroeber.com\/et\/wp-json\/wp\/v2\/product_brand?post=23925"},{"taxonomy":"product_cat","embeddable":true,"href":"https:\/\/lisakroeber.com\/et\/wp-json\/wp\/v2\/product_cat?post=23925"},{"taxonomy":"product_tag","embeddable":true,"href":"https:\/\/lisakroeber.com\/et\/wp-json\/wp\/v2\/product_tag?post=23925"}],"curies":[{"name":"wp","href":"https:\/\/api.w.org\/{rel}","templated":true}]}}