{"id":23966,"date":"2023-05-03T13:14:18","date_gmt":"2023-05-03T11:14:18","guid":{"rendered":"https:\/\/lisakroeber.com\/uus\/product\/earrings-folded-tiny\/"},"modified":"2026-01-29T15:41:32","modified_gmt":"2026-01-29T13:41:32","slug":"earrings-folded-tiny","status":"publish","type":"product","link":"https:\/\/lisakroeber.com\/et\/toode\/earrings-folded-tiny\/","title":{"rendered":"K\u00f5rvar\u00f5ngad Folded Tiny"},"content":{"rendered":"<p><span data-sheets-value=\"{&quot;1&quot;:2,&quot;2&quot;:&quot;Meie populaarseima seeria FOLDED uus liige, meie uued FOLDED TINY. K\u00f5ige v\u00e4iksem ja armsam versioon ning saadaval veel umbes 30 erinevas v\u00e4rvitoonis.&quot;}\" data-sheets-userformat=\"{&quot;2&quot;:833,&quot;3&quot;:{&quot;1&quot;:0},&quot;9&quot;:1,&quot;11&quot;:4,&quot;12&quot;:0}\">Meie populaarseima seeria FOLDED uus liige, meie uued FOLDED TINY. K\u00f5ige v\u00e4iksem ja armsam versioon ning saadaval veel umbes 30 erinevas v\u00e4rvitoonis.<\/span><\/p>\n","protected":false},"excerpt":{"rendered":"<p><b>Folded Tiny K\u00f5rvar\u00f5ngad<\/b><b><br \/>\n<\/b><span style=\"font-weight: 400;\"> V\u00e4ikesed. Ikoonilised. M\u00e4ngulised.  <\/span><\/p>\n<p>Folded Tiny<span style=\"font-weight: 400;\"> k\u00f5rvar\u00f5ngad on uusim t\u00e4iendus meie k\u00f5ige populaarsemasse Folded seeriasse. Need on disaini k\u00f5ige v\u00e4iksem ja armsam versioon, kandes endas iseloomulikku volditud vormi kerges ja \u00f5rnas v\u00e4ljenduses. <\/span><\/p>\n<p>Saadaval umbes 30 erinevas v\u00e4rvitoonis, lisavad Folded Tinyd igap\u00e4evasele stiilile tagasihoidliku, kuid iseloomuga aktsendi \u2014 ideaalne neile, kes hindavad minimalistlikku disaini v\u00e4ikese m\u00e4ngulisusega.<\/p>\n<p>&nbsp;<\/p>\n","protected":false},"featured_media":23239,"template":"","meta":{"content-type":""},"product_brand":[],"product_cat":[446,342,340],"product_tag":[],"class_list":{"0":"post-23966","1":"product","2":"type-product","3":"status-publish","4":"has-post-thumbnail","6":"product_cat-folded-et","7":"product_cat-korvarongad","8":"product_cat-kollektsioonid","10":"first","11":"instock","12":"taxable","13":"shipping-taxable","14":"purchasable","15":"product-type-variable"},"yoast_head":"<!-- This site is optimized with the Yoast SEO plugin v27.4 - https:\/\/yoast.com\/product\/yoast-seo-wordpress\/ -->\n<title>K\u00f5rvar\u00f5ngad Folded Tiny - Lisa Kroeber Jewellery Art<\/title>\n<meta name=\"robots\" content=\"index, follow, max-snippet:-1, max-image-preview:large, max-video-preview:-1\" \/>\n<link rel=\"canonical\" href=\"https:\/\/lisakroeber.com\/et\/toode\/earrings-folded-tiny\/\" \/>\n<meta property=\"og:locale\" content=\"et_EE\" \/>\n<meta property=\"og:type\" content=\"article\" \/>\n<meta property=\"og:title\" content=\"K\u00f5rvar\u00f5ngad Folded Tiny - Lisa Kroeber Jewellery Art\" \/>\n<meta property=\"og:description\" content=\"Folded Tiny K\u00f5rvar\u00f5ngad V\u00e4ikesed. Ikoonilised. M\u00e4ngulised.  Folded Tiny k\u00f5rvar\u00f5ngad on uusim t\u00e4iendus meie k\u00f5ige populaarsemasse Folded seeriasse. Need on disaini k\u00f5ige v\u00e4iksem ja armsam versioon, kandes endas iseloomulikku volditud vormi kerges ja \u00f5rnas v\u00e4ljenduses.  Saadaval umbes 30 erinevas v\u00e4rvitoonis, lisavad Folded Tinyd igap\u00e4evasele stiilile tagasihoidliku, kuid iseloomuga aktsendi \u2014 ideaalne neile, kes hindavad minimalistlikku disaini v\u00e4ikese m\u00e4ngulisusega. &nbsp;\" \/>\n<meta property=\"og:url\" content=\"https:\/\/lisakroeber.com\/et\/toode\/earrings-folded-tiny\/\" \/>\n<meta property=\"og:site_name\" content=\"Lisa Kroeber Jewellery Art\" \/>\n<meta property=\"article:modified_time\" content=\"2026-01-29T13:41:32+00:00\" \/>\n<meta property=\"og:image\" content=\"https:\/\/lisakroeber.com\/wp-content\/uploads\/2023\/05\/Folded-Tiny-web-scaled.jpg\" \/>\n\t<meta property=\"og:image:width\" content=\"2560\" \/>\n\t<meta property=\"og:image:height\" content=\"1690\" \/>\n\t<meta property=\"og:image:type\" content=\"image\/jpeg\" \/>\n<meta name=\"twitter:card\" content=\"summary_large_image\" \/>\n<meta name=\"twitter:label1\" content=\"Est. reading time\" \/>\n\t<meta name=\"twitter:data1\" content=\"1 minut\" \/>\n<script type=\"application\/ld+json\" class=\"yoast-schema-graph\">{\"@context\":\"https:\\\/\\\/schema.org\",\"@graph\":[{\"@type\":\"WebPage\",\"@id\":\"https:\\\/\\\/lisakroeber.com\\\/et\\\/toode\\\/earrings-folded-tiny\\\/\",\"url\":\"https:\\\/\\\/lisakroeber.com\\\/et\\\/toode\\\/earrings-folded-tiny\\\/\",\"name\":\"K\u00f5rvar\u00f5ngad Folded Tiny - Lisa Kroeber Jewellery Art\",\"isPartOf\":{\"@id\":\"https:\\\/\\\/lisakroeber.com\\\/#website\"},\"primaryImageOfPage\":{\"@id\":\"https:\\\/\\\/lisakroeber.com\\\/et\\\/toode\\\/earrings-folded-tiny\\\/#primaryimage\"},\"image\":{\"@id\":\"https:\\\/\\\/lisakroeber.com\\\/et\\\/toode\\\/earrings-folded-tiny\\\/#primaryimage\"},\"thumbnailUrl\":\"https:\\\/\\\/lisakroeber.com\\\/wp-content\\\/uploads\\\/2023\\\/05\\\/Folded-Tiny-web-scaled.jpg\",\"datePublished\":\"2023-05-03T11:14:18+00:00\",\"dateModified\":\"2026-01-29T13:41:32+00:00\",\"breadcrumb\":{\"@id\":\"https:\\\/\\\/lisakroeber.com\\\/et\\\/toode\\\/earrings-folded-tiny\\\/#breadcrumb\"},\"inLanguage\":\"et\",\"potentialAction\":[{\"@type\":\"ReadAction\",\"target\":[\"https:\\\/\\\/lisakroeber.com\\\/et\\\/toode\\\/earrings-folded-tiny\\\/\"]}]},{\"@type\":\"ImageObject\",\"inLanguage\":\"et\",\"@id\":\"https:\\\/\\\/lisakroeber.com\\\/et\\\/toode\\\/earrings-folded-tiny\\\/#primaryimage\",\"url\":\"https:\\\/\\\/lisakroeber.com\\\/wp-content\\\/uploads\\\/2023\\\/05\\\/Folded-Tiny-web-scaled.jpg\",\"contentUrl\":\"https:\\\/\\\/lisakroeber.com\\\/wp-content\\\/uploads\\\/2023\\\/05\\\/Folded-Tiny-web-scaled.jpg\",\"width\":2560,\"height\":1690},{\"@type\":\"BreadcrumbList\",\"@id\":\"https:\\\/\\\/lisakroeber.com\\\/et\\\/toode\\\/earrings-folded-tiny\\\/#breadcrumb\",\"itemListElement\":[{\"@type\":\"ListItem\",\"position\":1,\"name\":\"Home\",\"item\":\"https:\\\/\\\/lisakroeber.com\\\/et\\\/\"},{\"@type\":\"ListItem\",\"position\":2,\"name\":\"Pood\",\"item\":\"https:\\\/\\\/lisakroeber.com\\\/et\\\/pood\\\/\"},{\"@type\":\"ListItem\",\"position\":3,\"name\":\"K\u00f5rvar\u00f5ngad Folded Tiny\"}]},{\"@type\":\"WebSite\",\"@id\":\"https:\\\/\\\/lisakroeber.com\\\/#website\",\"url\":\"https:\\\/\\\/lisakroeber.com\\\/\",\"name\":\"Lisa Kroeber Jewellery Art\",\"description\":\"Lisa Kroeber Jewellery Art e-shop\",\"publisher\":{\"@id\":\"https:\\\/\\\/lisakroeber.com\\\/#organization\"},\"potentialAction\":[{\"@type\":\"SearchAction\",\"target\":{\"@type\":\"EntryPoint\",\"urlTemplate\":\"https:\\\/\\\/lisakroeber.com\\\/?s={search_term_string}\"},\"query-input\":{\"@type\":\"PropertyValueSpecification\",\"valueRequired\":true,\"valueName\":\"search_term_string\"}}],\"inLanguage\":\"et\"},{\"@type\":\"Organization\",\"@id\":\"https:\\\/\\\/lisakroeber.com\\\/#organization\",\"name\":\"Lisa Kroeber Jewellery\",\"url\":\"https:\\\/\\\/lisakroeber.com\\\/\",\"logo\":{\"@type\":\"ImageObject\",\"inLanguage\":\"et\",\"@id\":\"https:\\\/\\\/lisakroeber.com\\\/#\\\/schema\\\/logo\\\/image\\\/\",\"url\":\"https:\\\/\\\/lisakroeber.com\\\/wp-content\\\/uploads\\\/2024\\\/07\\\/47178367_317322115661289_143956003702964224_n-e1543863670541.svg\",\"contentUrl\":\"https:\\\/\\\/lisakroeber.com\\\/wp-content\\\/uploads\\\/2024\\\/07\\\/47178367_317322115661289_143956003702964224_n-e1543863670541.svg\",\"width\":1,\"height\":1,\"caption\":\"Lisa Kroeber Jewellery\"},\"image\":{\"@id\":\"https:\\\/\\\/lisakroeber.com\\\/#\\\/schema\\\/logo\\\/image\\\/\"}}]}<\/script>\n<!-- \/ Yoast SEO plugin. -->","yoast_head_json":{"title":"K\u00f5rvar\u00f5ngad Folded Tiny - Lisa Kroeber Jewellery Art","robots":{"index":"index","follow":"follow","max-snippet":"max-snippet:-1","max-image-preview":"max-image-preview:large","max-video-preview":"max-video-preview:-1"},"canonical":"https:\/\/lisakroeber.com\/et\/toode\/earrings-folded-tiny\/","og_locale":"et_EE","og_type":"article","og_title":"K\u00f5rvar\u00f5ngad Folded Tiny - Lisa Kroeber Jewellery Art","og_description":"Folded Tiny K\u00f5rvar\u00f5ngad V\u00e4ikesed. Ikoonilised. M\u00e4ngulised.  Folded Tiny k\u00f5rvar\u00f5ngad on uusim t\u00e4iendus meie k\u00f5ige populaarsemasse Folded seeriasse. Need on disaini k\u00f5ige v\u00e4iksem ja armsam versioon, kandes endas iseloomulikku volditud vormi kerges ja \u00f5rnas v\u00e4ljenduses.  Saadaval umbes 30 erinevas v\u00e4rvitoonis, lisavad Folded Tinyd igap\u00e4evasele stiilile tagasihoidliku, kuid iseloomuga aktsendi \u2014 ideaalne neile, kes hindavad minimalistlikku disaini v\u00e4ikese m\u00e4ngulisusega. &nbsp;","og_url":"https:\/\/lisakroeber.com\/et\/toode\/earrings-folded-tiny\/","og_site_name":"Lisa Kroeber Jewellery Art","article_modified_time":"2026-01-29T13:41:32+00:00","og_image":[{"width":2560,"height":1690,"url":"https:\/\/lisakroeber.com\/wp-content\/uploads\/2023\/05\/Folded-Tiny-web-scaled.jpg","type":"image\/jpeg"}],"twitter_card":"summary_large_image","twitter_misc":{"Est. reading time":"1 minut"},"schema":{"@context":"https:\/\/schema.org","@graph":[{"@type":"WebPage","@id":"https:\/\/lisakroeber.com\/et\/toode\/earrings-folded-tiny\/","url":"https:\/\/lisakroeber.com\/et\/toode\/earrings-folded-tiny\/","name":"K\u00f5rvar\u00f5ngad Folded Tiny - Lisa Kroeber Jewellery Art","isPartOf":{"@id":"https:\/\/lisakroeber.com\/#website"},"primaryImageOfPage":{"@id":"https:\/\/lisakroeber.com\/et\/toode\/earrings-folded-tiny\/#primaryimage"},"image":{"@id":"https:\/\/lisakroeber.com\/et\/toode\/earrings-folded-tiny\/#primaryimage"},"thumbnailUrl":"https:\/\/lisakroeber.com\/wp-content\/uploads\/2023\/05\/Folded-Tiny-web-scaled.jpg","datePublished":"2023-05-03T11:14:18+00:00","dateModified":"2026-01-29T13:41:32+00:00","breadcrumb":{"@id":"https:\/\/lisakroeber.com\/et\/toode\/earrings-folded-tiny\/#breadcrumb"},"inLanguage":"et","potentialAction":[{"@type":"ReadAction","target":["https:\/\/lisakroeber.com\/et\/toode\/earrings-folded-tiny\/"]}]},{"@type":"ImageObject","inLanguage":"et","@id":"https:\/\/lisakroeber.com\/et\/toode\/earrings-folded-tiny\/#primaryimage","url":"https:\/\/lisakroeber.com\/wp-content\/uploads\/2023\/05\/Folded-Tiny-web-scaled.jpg","contentUrl":"https:\/\/lisakroeber.com\/wp-content\/uploads\/2023\/05\/Folded-Tiny-web-scaled.jpg","width":2560,"height":1690},{"@type":"BreadcrumbList","@id":"https:\/\/lisakroeber.com\/et\/toode\/earrings-folded-tiny\/#breadcrumb","itemListElement":[{"@type":"ListItem","position":1,"name":"Home","item":"https:\/\/lisakroeber.com\/et\/"},{"@type":"ListItem","position":2,"name":"Pood","item":"https:\/\/lisakroeber.com\/et\/pood\/"},{"@type":"ListItem","position":3,"name":"K\u00f5rvar\u00f5ngad Folded Tiny"}]},{"@type":"WebSite","@id":"https:\/\/lisakroeber.com\/#website","url":"https:\/\/lisakroeber.com\/","name":"Lisa Kroeber Jewellery Art","description":"Lisa Kroeber Jewellery Art e-shop","publisher":{"@id":"https:\/\/lisakroeber.com\/#organization"},"potentialAction":[{"@type":"SearchAction","target":{"@type":"EntryPoint","urlTemplate":"https:\/\/lisakroeber.com\/?s={search_term_string}"},"query-input":{"@type":"PropertyValueSpecification","valueRequired":true,"valueName":"search_term_string"}}],"inLanguage":"et"},{"@type":"Organization","@id":"https:\/\/lisakroeber.com\/#organization","name":"Lisa Kroeber Jewellery","url":"https:\/\/lisakroeber.com\/","logo":{"@type":"ImageObject","inLanguage":"et","@id":"https:\/\/lisakroeber.com\/#\/schema\/logo\/image\/","url":"https:\/\/lisakroeber.com\/wp-content\/uploads\/2024\/07\/47178367_317322115661289_143956003702964224_n-e1543863670541.svg","contentUrl":"https:\/\/lisakroeber.com\/wp-content\/uploads\/2024\/07\/47178367_317322115661289_143956003702964224_n-e1543863670541.svg","width":1,"height":1,"caption":"Lisa Kroeber Jewellery"},"image":{"@id":"https:\/\/lisakroeber.com\/#\/schema\/logo\/image\/"}}]}},"_links":{"self":[{"href":"https:\/\/lisakroeber.com\/et\/wp-json\/wp\/v2\/product\/23966","targetHints":{"allow":["GET"]}}],"collection":[{"href":"https:\/\/lisakroeber.com\/et\/wp-json\/wp\/v2\/product"}],"about":[{"href":"https:\/\/lisakroeber.com\/et\/wp-json\/wp\/v2\/types\/product"}],"wp:featuredmedia":[{"embeddable":true,"href":"https:\/\/lisakroeber.com\/et\/wp-json\/wp\/v2\/media\/23239"}],"wp:attachment":[{"href":"https:\/\/lisakroeber.com\/et\/wp-json\/wp\/v2\/media?parent=23966"}],"wp:term":[{"taxonomy":"product_brand","embeddable":true,"href":"https:\/\/lisakroeber.com\/et\/wp-json\/wp\/v2\/product_brand?post=23966"},{"taxonomy":"product_cat","embeddable":true,"href":"https:\/\/lisakroeber.com\/et\/wp-json\/wp\/v2\/product_cat?post=23966"},{"taxonomy":"product_tag","embeddable":true,"href":"https:\/\/lisakroeber.com\/et\/wp-json\/wp\/v2\/product_tag?post=23966"}],"curies":[{"name":"wp","href":"https:\/\/api.w.org\/{rel}","templated":true}]}}