{"id":24072,"date":"2019-03-19T11:50:44","date_gmt":"2019-03-19T09:50:44","guid":{"rendered":"https:\/\/lisakroeber.com\/uus\/product\/earrings-folded\/"},"modified":"2025-12-16T12:32:52","modified_gmt":"2025-12-16T10:32:52","slug":"earrings-folded","status":"publish","type":"product","link":"https:\/\/lisakroeber.com\/et\/toode\/earrings-folded\/","title":{"rendered":"K\u00f5rvar\u00f5ngad Folded Wide"},"content":{"rendered":"","protected":false},"excerpt":{"rendered":"<p data-start=\"123\" data-end=\"177\"><strong data-start=\"123\" data-end=\"147\">Folded Wide k\u00f5rvar\u00f5ngad<\/strong><br data-start=\"147\" data-end=\"150\">Geomeetrilised. V\u00e4rsked. Ikoonilised.  <\/p>\n<p data-start=\"179\" data-end=\"507\"><strong><em data-start=\"179\" data-end=\"187\">FOLDED<\/em><\/strong> on \u00fcks meie iseloomulikumaid seeriaid, mida m\u00e4\u00e4ratlevad sirged jooned, geomeetrilised vormid ja v\u00e4rske, julge v\u00e4rvikasutus. Kollektsiooni kuuluvad viie erineva kujuga k\u00f5rvar\u00f5ngad ning k\u00e4ev\u00f5rud, kaelakeed ja prossid \u2014 lai v\u00e4rvivalik pakub midagi igale riietusele, igale maitsele ja igaks hooajaks.<\/p>\n<p data-start=\"509\" data-end=\"770\" data-is-last-node=\"\" data-is-only-node=\"\"><strong><em data-start=\"513\" data-end=\"526\">Folded Wide<\/em><\/strong> k\u00f5rvar\u00f5ngad on \u00e4\u00e4rmiselt kerged ja mugavad kanda, sobides ideaalselt igap\u00e4evaseks kasutamiseks, samas kui nende j\u00f5uline vorm loob erilise ilme ka \u00f5htuseks kandmiseks. Enesekindel statement-ese, mis \u00fchendab arhitektuurse selguse ja ajatu elegantsi. <\/p>\n","protected":false},"featured_media":23252,"template":"","meta":{"content-type":""},"product_brand":[],"product_cat":[446,342,340],"product_tag":[],"class_list":{"0":"post-24072","1":"product","2":"type-product","3":"status-publish","4":"has-post-thumbnail","6":"product_cat-folded-et","7":"product_cat-korvarongad","8":"product_cat-kollektsioonid","10":"first","11":"instock","12":"taxable","13":"shipping-taxable","14":"purchasable","15":"product-type-variable"},"yoast_head":"<!-- This site is optimized with the Yoast SEO plugin v27.4 - https:\/\/yoast.com\/product\/yoast-seo-wordpress\/ -->\n<title>K\u00f5rvar\u00f5ngad Folded Wide - Lisa Kroeber Jewellery Art<\/title>\n<meta name=\"robots\" content=\"index, follow, max-snippet:-1, max-image-preview:large, max-video-preview:-1\" \/>\n<link rel=\"canonical\" href=\"https:\/\/lisakroeber.com\/et\/toode\/earrings-folded\/\" \/>\n<meta property=\"og:locale\" content=\"et_EE\" \/>\n<meta property=\"og:type\" content=\"article\" \/>\n<meta property=\"og:title\" content=\"K\u00f5rvar\u00f5ngad Folded Wide - Lisa Kroeber Jewellery Art\" \/>\n<meta property=\"og:description\" content=\"Folded Wide k\u00f5rvar\u00f5ngadGeomeetrilised. V\u00e4rsked. Ikoonilised.  FOLDED on \u00fcks meie iseloomulikumaid seeriaid, mida m\u00e4\u00e4ratlevad sirged jooned, geomeetrilised vormid ja v\u00e4rske, julge v\u00e4rvikasutus. Kollektsiooni kuuluvad viie erineva kujuga k\u00f5rvar\u00f5ngad ning k\u00e4ev\u00f5rud, kaelakeed ja prossid \u2014 lai v\u00e4rvivalik pakub midagi igale riietusele, igale maitsele ja igaks hooajaks. Folded Wide k\u00f5rvar\u00f5ngad on \u00e4\u00e4rmiselt kerged ja mugavad kanda, sobides ideaalselt igap\u00e4evaseks kasutamiseks, samas kui nende j\u00f5uline vorm loob erilise ilme ka \u00f5htuseks kandmiseks. Enesekindel statement-ese, mis \u00fchendab arhitektuurse selguse ja ajatu elegantsi.\" \/>\n<meta property=\"og:url\" content=\"https:\/\/lisakroeber.com\/et\/toode\/earrings-folded\/\" \/>\n<meta property=\"og:site_name\" content=\"Lisa Kroeber Jewellery Art\" \/>\n<meta property=\"article:modified_time\" content=\"2025-12-16T10:32:52+00:00\" \/>\n<meta property=\"og:image\" content=\"https:\/\/lisakroeber.com\/wp-content\/uploads\/2019\/03\/Folded-wide-sulfur-yellow-2-2-scaled.jpg\" \/>\n\t<meta property=\"og:image:width\" content=\"2560\" \/>\n\t<meta property=\"og:image:height\" content=\"1690\" \/>\n\t<meta property=\"og:image:type\" content=\"image\/jpeg\" \/>\n<meta name=\"twitter:card\" content=\"summary_large_image\" \/>\n<meta name=\"twitter:label1\" content=\"Est. reading time\" \/>\n\t<meta name=\"twitter:data1\" content=\"1 minut\" \/>\n<script type=\"application\/ld+json\" class=\"yoast-schema-graph\">{\"@context\":\"https:\\\/\\\/schema.org\",\"@graph\":[{\"@type\":\"WebPage\",\"@id\":\"https:\\\/\\\/lisakroeber.com\\\/et\\\/toode\\\/earrings-folded\\\/\",\"url\":\"https:\\\/\\\/lisakroeber.com\\\/et\\\/toode\\\/earrings-folded\\\/\",\"name\":\"K\u00f5rvar\u00f5ngad Folded Wide - Lisa Kroeber Jewellery Art\",\"isPartOf\":{\"@id\":\"https:\\\/\\\/lisakroeber.com\\\/#website\"},\"primaryImageOfPage\":{\"@id\":\"https:\\\/\\\/lisakroeber.com\\\/et\\\/toode\\\/earrings-folded\\\/#primaryimage\"},\"image\":{\"@id\":\"https:\\\/\\\/lisakroeber.com\\\/et\\\/toode\\\/earrings-folded\\\/#primaryimage\"},\"thumbnailUrl\":\"https:\\\/\\\/lisakroeber.com\\\/wp-content\\\/uploads\\\/2019\\\/03\\\/Folded-wide-sulfur-yellow-2-2-scaled.jpg\",\"datePublished\":\"2019-03-19T09:50:44+00:00\",\"dateModified\":\"2025-12-16T10:32:52+00:00\",\"breadcrumb\":{\"@id\":\"https:\\\/\\\/lisakroeber.com\\\/et\\\/toode\\\/earrings-folded\\\/#breadcrumb\"},\"inLanguage\":\"et\",\"potentialAction\":[{\"@type\":\"ReadAction\",\"target\":[\"https:\\\/\\\/lisakroeber.com\\\/et\\\/toode\\\/earrings-folded\\\/\"]}]},{\"@type\":\"ImageObject\",\"inLanguage\":\"et\",\"@id\":\"https:\\\/\\\/lisakroeber.com\\\/et\\\/toode\\\/earrings-folded\\\/#primaryimage\",\"url\":\"https:\\\/\\\/lisakroeber.com\\\/wp-content\\\/uploads\\\/2019\\\/03\\\/Folded-wide-sulfur-yellow-2-2-scaled.jpg\",\"contentUrl\":\"https:\\\/\\\/lisakroeber.com\\\/wp-content\\\/uploads\\\/2019\\\/03\\\/Folded-wide-sulfur-yellow-2-2-scaled.jpg\",\"width\":2560,\"height\":1690},{\"@type\":\"BreadcrumbList\",\"@id\":\"https:\\\/\\\/lisakroeber.com\\\/et\\\/toode\\\/earrings-folded\\\/#breadcrumb\",\"itemListElement\":[{\"@type\":\"ListItem\",\"position\":1,\"name\":\"Home\",\"item\":\"https:\\\/\\\/lisakroeber.com\\\/et\\\/\"},{\"@type\":\"ListItem\",\"position\":2,\"name\":\"Pood\",\"item\":\"https:\\\/\\\/lisakroeber.com\\\/et\\\/pood\\\/\"},{\"@type\":\"ListItem\",\"position\":3,\"name\":\"K\u00f5rvar\u00f5ngad Folded Wide\"}]},{\"@type\":\"WebSite\",\"@id\":\"https:\\\/\\\/lisakroeber.com\\\/#website\",\"url\":\"https:\\\/\\\/lisakroeber.com\\\/\",\"name\":\"Lisa Kroeber Jewellery Art\",\"description\":\"Lisa Kroeber Jewellery Art e-shop\",\"publisher\":{\"@id\":\"https:\\\/\\\/lisakroeber.com\\\/#organization\"},\"potentialAction\":[{\"@type\":\"SearchAction\",\"target\":{\"@type\":\"EntryPoint\",\"urlTemplate\":\"https:\\\/\\\/lisakroeber.com\\\/?s={search_term_string}\"},\"query-input\":{\"@type\":\"PropertyValueSpecification\",\"valueRequired\":true,\"valueName\":\"search_term_string\"}}],\"inLanguage\":\"et\"},{\"@type\":\"Organization\",\"@id\":\"https:\\\/\\\/lisakroeber.com\\\/#organization\",\"name\":\"Lisa Kroeber Jewellery\",\"url\":\"https:\\\/\\\/lisakroeber.com\\\/\",\"logo\":{\"@type\":\"ImageObject\",\"inLanguage\":\"et\",\"@id\":\"https:\\\/\\\/lisakroeber.com\\\/#\\\/schema\\\/logo\\\/image\\\/\",\"url\":\"https:\\\/\\\/lisakroeber.com\\\/wp-content\\\/uploads\\\/2024\\\/07\\\/47178367_317322115661289_143956003702964224_n-e1543863670541.svg\",\"contentUrl\":\"https:\\\/\\\/lisakroeber.com\\\/wp-content\\\/uploads\\\/2024\\\/07\\\/47178367_317322115661289_143956003702964224_n-e1543863670541.svg\",\"width\":1,\"height\":1,\"caption\":\"Lisa Kroeber Jewellery\"},\"image\":{\"@id\":\"https:\\\/\\\/lisakroeber.com\\\/#\\\/schema\\\/logo\\\/image\\\/\"}}]}<\/script>\n<!-- \/ Yoast SEO plugin. -->","yoast_head_json":{"title":"K\u00f5rvar\u00f5ngad Folded Wide - Lisa Kroeber Jewellery Art","robots":{"index":"index","follow":"follow","max-snippet":"max-snippet:-1","max-image-preview":"max-image-preview:large","max-video-preview":"max-video-preview:-1"},"canonical":"https:\/\/lisakroeber.com\/et\/toode\/earrings-folded\/","og_locale":"et_EE","og_type":"article","og_title":"K\u00f5rvar\u00f5ngad Folded Wide - Lisa Kroeber Jewellery Art","og_description":"Folded Wide k\u00f5rvar\u00f5ngadGeomeetrilised. V\u00e4rsked. Ikoonilised.  FOLDED on \u00fcks meie iseloomulikumaid seeriaid, mida m\u00e4\u00e4ratlevad sirged jooned, geomeetrilised vormid ja v\u00e4rske, julge v\u00e4rvikasutus. Kollektsiooni kuuluvad viie erineva kujuga k\u00f5rvar\u00f5ngad ning k\u00e4ev\u00f5rud, kaelakeed ja prossid \u2014 lai v\u00e4rvivalik pakub midagi igale riietusele, igale maitsele ja igaks hooajaks. Folded Wide k\u00f5rvar\u00f5ngad on \u00e4\u00e4rmiselt kerged ja mugavad kanda, sobides ideaalselt igap\u00e4evaseks kasutamiseks, samas kui nende j\u00f5uline vorm loob erilise ilme ka \u00f5htuseks kandmiseks. Enesekindel statement-ese, mis \u00fchendab arhitektuurse selguse ja ajatu elegantsi.","og_url":"https:\/\/lisakroeber.com\/et\/toode\/earrings-folded\/","og_site_name":"Lisa Kroeber Jewellery Art","article_modified_time":"2025-12-16T10:32:52+00:00","og_image":[{"width":2560,"height":1690,"url":"https:\/\/lisakroeber.com\/wp-content\/uploads\/2019\/03\/Folded-wide-sulfur-yellow-2-2-scaled.jpg","type":"image\/jpeg"}],"twitter_card":"summary_large_image","twitter_misc":{"Est. reading time":"1 minut"},"schema":{"@context":"https:\/\/schema.org","@graph":[{"@type":"WebPage","@id":"https:\/\/lisakroeber.com\/et\/toode\/earrings-folded\/","url":"https:\/\/lisakroeber.com\/et\/toode\/earrings-folded\/","name":"K\u00f5rvar\u00f5ngad Folded Wide - Lisa Kroeber Jewellery Art","isPartOf":{"@id":"https:\/\/lisakroeber.com\/#website"},"primaryImageOfPage":{"@id":"https:\/\/lisakroeber.com\/et\/toode\/earrings-folded\/#primaryimage"},"image":{"@id":"https:\/\/lisakroeber.com\/et\/toode\/earrings-folded\/#primaryimage"},"thumbnailUrl":"https:\/\/lisakroeber.com\/wp-content\/uploads\/2019\/03\/Folded-wide-sulfur-yellow-2-2-scaled.jpg","datePublished":"2019-03-19T09:50:44+00:00","dateModified":"2025-12-16T10:32:52+00:00","breadcrumb":{"@id":"https:\/\/lisakroeber.com\/et\/toode\/earrings-folded\/#breadcrumb"},"inLanguage":"et","potentialAction":[{"@type":"ReadAction","target":["https:\/\/lisakroeber.com\/et\/toode\/earrings-folded\/"]}]},{"@type":"ImageObject","inLanguage":"et","@id":"https:\/\/lisakroeber.com\/et\/toode\/earrings-folded\/#primaryimage","url":"https:\/\/lisakroeber.com\/wp-content\/uploads\/2019\/03\/Folded-wide-sulfur-yellow-2-2-scaled.jpg","contentUrl":"https:\/\/lisakroeber.com\/wp-content\/uploads\/2019\/03\/Folded-wide-sulfur-yellow-2-2-scaled.jpg","width":2560,"height":1690},{"@type":"BreadcrumbList","@id":"https:\/\/lisakroeber.com\/et\/toode\/earrings-folded\/#breadcrumb","itemListElement":[{"@type":"ListItem","position":1,"name":"Home","item":"https:\/\/lisakroeber.com\/et\/"},{"@type":"ListItem","position":2,"name":"Pood","item":"https:\/\/lisakroeber.com\/et\/pood\/"},{"@type":"ListItem","position":3,"name":"K\u00f5rvar\u00f5ngad Folded Wide"}]},{"@type":"WebSite","@id":"https:\/\/lisakroeber.com\/#website","url":"https:\/\/lisakroeber.com\/","name":"Lisa Kroeber Jewellery Art","description":"Lisa Kroeber Jewellery Art e-shop","publisher":{"@id":"https:\/\/lisakroeber.com\/#organization"},"potentialAction":[{"@type":"SearchAction","target":{"@type":"EntryPoint","urlTemplate":"https:\/\/lisakroeber.com\/?s={search_term_string}"},"query-input":{"@type":"PropertyValueSpecification","valueRequired":true,"valueName":"search_term_string"}}],"inLanguage":"et"},{"@type":"Organization","@id":"https:\/\/lisakroeber.com\/#organization","name":"Lisa Kroeber Jewellery","url":"https:\/\/lisakroeber.com\/","logo":{"@type":"ImageObject","inLanguage":"et","@id":"https:\/\/lisakroeber.com\/#\/schema\/logo\/image\/","url":"https:\/\/lisakroeber.com\/wp-content\/uploads\/2024\/07\/47178367_317322115661289_143956003702964224_n-e1543863670541.svg","contentUrl":"https:\/\/lisakroeber.com\/wp-content\/uploads\/2024\/07\/47178367_317322115661289_143956003702964224_n-e1543863670541.svg","width":1,"height":1,"caption":"Lisa Kroeber Jewellery"},"image":{"@id":"https:\/\/lisakroeber.com\/#\/schema\/logo\/image\/"}}]}},"_links":{"self":[{"href":"https:\/\/lisakroeber.com\/et\/wp-json\/wp\/v2\/product\/24072","targetHints":{"allow":["GET"]}}],"collection":[{"href":"https:\/\/lisakroeber.com\/et\/wp-json\/wp\/v2\/product"}],"about":[{"href":"https:\/\/lisakroeber.com\/et\/wp-json\/wp\/v2\/types\/product"}],"wp:featuredmedia":[{"embeddable":true,"href":"https:\/\/lisakroeber.com\/et\/wp-json\/wp\/v2\/media\/23252"}],"wp:attachment":[{"href":"https:\/\/lisakroeber.com\/et\/wp-json\/wp\/v2\/media?parent=24072"}],"wp:term":[{"taxonomy":"product_brand","embeddable":true,"href":"https:\/\/lisakroeber.com\/et\/wp-json\/wp\/v2\/product_brand?post=24072"},{"taxonomy":"product_cat","embeddable":true,"href":"https:\/\/lisakroeber.com\/et\/wp-json\/wp\/v2\/product_cat?post=24072"},{"taxonomy":"product_tag","embeddable":true,"href":"https:\/\/lisakroeber.com\/et\/wp-json\/wp\/v2\/product_tag?post=24072"}],"curies":[{"name":"wp","href":"https:\/\/api.w.org\/{rel}","templated":true}]}}