{"id":24200,"date":"2019-08-09T15:20:18","date_gmt":"2019-08-09T13:20:18","guid":{"rendered":"https:\/\/lisakroeber.com\/uus\/product\/korvarongad-mini\/"},"modified":"2026-01-28T15:43:06","modified_gmt":"2026-01-28T13:43:06","slug":"korvarongad-mini","status":"publish","type":"product","link":"https:\/\/lisakroeber.com\/et\/toode\/korvarongad-mini\/","title":{"rendered":"K\u00f5rvar\u00f5ngad Mini"},"content":{"rendered":"<p><span data-sheets-value=\"{&quot;1&quot;:2,&quot;2&quot;:&quot;K\u00f5igile ilusatele inimestele, kes palusid mul kujundada midagi v\u00e4iksemat. Siin need on: MINI-d \u2013 v\u00e4ikesed v\u00e4rvilised k\u00f5rvar\u00f5ngad, mis v\u00e4rvivad teie elu.&quot;}\" data-sheets-userformat=\"{&quot;2&quot;:833,&quot;3&quot;:{&quot;1&quot;:0},&quot;9&quot;:1,&quot;11&quot;:4,&quot;12&quot;:0}\">K\u00f5igile ilusatele inimestele, kes palusid mul kujundada midagi v\u00e4iksemat. Siin need on: MINI-d \u2013 v\u00e4ikesed v\u00e4rvilised k\u00f5rvar\u00f5ngad, mis v\u00e4rvivad teie elu.<\/span><\/p>\n","protected":false},"excerpt":{"rendered":"<p><b>Mini k\u00f5rvar\u00f5ngad<\/b><b><br \/>\n<\/b><span style=\"font-weight: 400;\"> V\u00e4ikesed. V\u00e4rvilised.  M\u00f5testatud.<\/span><\/p>\n<p><span style=\"font-weight: 400;\"><i><span style=\"font-weight: 400;\">Mini k\u00f5rvar\u00f5ngad<\/span><\/i><\/span><span style=\"font-weight: 400;\"> Mini k\u00f5rvar\u00f5ngad kuuluvad meie k\u00f5ige \u00f5rnemasse kollektsiooni \u2014 loodud vastusena soovile millegi t\u00f5eliselt v\u00e4ikese ja tagasihoidliku j\u00e4rele. V\u00e4iksed m\u00f5\u00f5dult, kuid iseloomuga, t\u00f5estavad need k\u00f5rvar\u00f5ngad, et v\u00e4hem v\u00f5ib olla rohkem.. <\/span><\/p>\n<p>Saadaval laias v\u00e4rvivalikus, sealhulgas 12 s\u00e4ravat tooni,<span style=\"font-weight: 400;\"> lisavad Mini k\u00f5rvar\u00f5ngad igap\u00e4evasele stiilile vaikse ja m\u00e4ngulise aktsendi. Kerged, mugavad ja loodud neile, kes hindavad peeneid detaile. <\/span><\/p>\n<p><a href=\"https:\/\/lisakroeber.com\/product\/earrings-sparkling-loops\/\"><span style=\"font-weight: 400;\">J\u00e4lgi linki, et avastada S\u00e4delevad Mini K\u00f5rvar\u00f5ngad.<\/span><\/a><\/p>\n<p>&nbsp;<\/p>\n<p>&nbsp;<\/p>\n","protected":false},"featured_media":16516,"template":"","meta":{"content-type":""},"product_brand":[],"product_cat":[342,340,462],"product_tag":[],"class_list":{"0":"post-24200","1":"product","2":"type-product","3":"status-publish","4":"has-post-thumbnail","6":"product_cat-korvarongad","7":"product_cat-kollektsioonid","8":"product_cat-mini-et","10":"first","11":"instock","12":"taxable","13":"shipping-taxable","14":"purchasable","15":"product-type-variable"},"yoast_head":"<!-- This site is optimized with the Yoast SEO plugin v27.4 - https:\/\/yoast.com\/product\/yoast-seo-wordpress\/ -->\n<title>K\u00f5rvar\u00f5ngad Mini - Lisa Kroeber Jewellery Art<\/title>\n<meta name=\"robots\" content=\"index, follow, max-snippet:-1, max-image-preview:large, max-video-preview:-1\" \/>\n<link rel=\"canonical\" href=\"https:\/\/lisakroeber.com\/et\/toode\/korvarongad-mini\/\" \/>\n<meta property=\"og:locale\" content=\"et_EE\" \/>\n<meta property=\"og:type\" content=\"article\" \/>\n<meta property=\"og:title\" content=\"K\u00f5rvar\u00f5ngad Mini - Lisa Kroeber Jewellery Art\" \/>\n<meta property=\"og:description\" content=\"Mini k\u00f5rvar\u00f5ngad V\u00e4ikesed. V\u00e4rvilised. M\u00f5testatud. Mini k\u00f5rvar\u00f5ngad Mini k\u00f5rvar\u00f5ngad kuuluvad meie k\u00f5ige \u00f5rnemasse kollektsiooni \u2014 loodud vastusena soovile millegi t\u00f5eliselt v\u00e4ikese ja tagasihoidliku j\u00e4rele. V\u00e4iksed m\u00f5\u00f5dult, kuid iseloomuga, t\u00f5estavad need k\u00f5rvar\u00f5ngad, et v\u00e4hem v\u00f5ib olla rohkem..  Saadaval laias v\u00e4rvivalikus, sealhulgas 12 s\u00e4ravat tooni, lisavad Mini k\u00f5rvar\u00f5ngad igap\u00e4evasele stiilile vaikse ja m\u00e4ngulise aktsendi. Kerged, mugavad ja loodud neile, kes hindavad peeneid detaile.  J\u00e4lgi linki, et avastada S\u00e4delevad Mini K\u00f5rvar\u00f5ngad. &nbsp; &nbsp;\" \/>\n<meta property=\"og:url\" content=\"https:\/\/lisakroeber.com\/et\/toode\/korvarongad-mini\/\" \/>\n<meta property=\"og:site_name\" content=\"Lisa Kroeber Jewellery Art\" \/>\n<meta property=\"article:modified_time\" content=\"2026-01-28T13:43:06+00:00\" \/>\n<meta property=\"og:image\" content=\"https:\/\/lisakroeber.com\/wp-content\/uploads\/2019\/08\/Mini-ivory.jpg\" \/>\n\t<meta property=\"og:image:width\" content=\"900\" \/>\n\t<meta property=\"og:image:height\" content=\"900\" \/>\n\t<meta property=\"og:image:type\" content=\"image\/jpeg\" \/>\n<meta name=\"twitter:card\" content=\"summary_large_image\" \/>\n<meta name=\"twitter:label1\" content=\"Est. reading time\" \/>\n\t<meta name=\"twitter:data1\" content=\"1 minut\" \/>\n<script type=\"application\/ld+json\" class=\"yoast-schema-graph\">{\"@context\":\"https:\\\/\\\/schema.org\",\"@graph\":[{\"@type\":\"WebPage\",\"@id\":\"https:\\\/\\\/lisakroeber.com\\\/et\\\/toode\\\/korvarongad-mini\\\/\",\"url\":\"https:\\\/\\\/lisakroeber.com\\\/et\\\/toode\\\/korvarongad-mini\\\/\",\"name\":\"K\u00f5rvar\u00f5ngad Mini - Lisa Kroeber Jewellery Art\",\"isPartOf\":{\"@id\":\"https:\\\/\\\/lisakroeber.com\\\/#website\"},\"primaryImageOfPage\":{\"@id\":\"https:\\\/\\\/lisakroeber.com\\\/et\\\/toode\\\/korvarongad-mini\\\/#primaryimage\"},\"image\":{\"@id\":\"https:\\\/\\\/lisakroeber.com\\\/et\\\/toode\\\/korvarongad-mini\\\/#primaryimage\"},\"thumbnailUrl\":\"https:\\\/\\\/lisakroeber.com\\\/wp-content\\\/uploads\\\/2019\\\/08\\\/Mini-ivory.jpg\",\"datePublished\":\"2019-08-09T13:20:18+00:00\",\"dateModified\":\"2026-01-28T13:43:06+00:00\",\"breadcrumb\":{\"@id\":\"https:\\\/\\\/lisakroeber.com\\\/et\\\/toode\\\/korvarongad-mini\\\/#breadcrumb\"},\"inLanguage\":\"et\",\"potentialAction\":[{\"@type\":\"ReadAction\",\"target\":[\"https:\\\/\\\/lisakroeber.com\\\/et\\\/toode\\\/korvarongad-mini\\\/\"]}]},{\"@type\":\"ImageObject\",\"inLanguage\":\"et\",\"@id\":\"https:\\\/\\\/lisakroeber.com\\\/et\\\/toode\\\/korvarongad-mini\\\/#primaryimage\",\"url\":\"https:\\\/\\\/lisakroeber.com\\\/wp-content\\\/uploads\\\/2019\\\/08\\\/Mini-ivory.jpg\",\"contentUrl\":\"https:\\\/\\\/lisakroeber.com\\\/wp-content\\\/uploads\\\/2019\\\/08\\\/Mini-ivory.jpg\",\"width\":900,\"height\":900},{\"@type\":\"BreadcrumbList\",\"@id\":\"https:\\\/\\\/lisakroeber.com\\\/et\\\/toode\\\/korvarongad-mini\\\/#breadcrumb\",\"itemListElement\":[{\"@type\":\"ListItem\",\"position\":1,\"name\":\"Home\",\"item\":\"https:\\\/\\\/lisakroeber.com\\\/et\\\/\"},{\"@type\":\"ListItem\",\"position\":2,\"name\":\"Pood\",\"item\":\"https:\\\/\\\/lisakroeber.com\\\/et\\\/pood\\\/\"},{\"@type\":\"ListItem\",\"position\":3,\"name\":\"K\u00f5rvar\u00f5ngad Mini\"}]},{\"@type\":\"WebSite\",\"@id\":\"https:\\\/\\\/lisakroeber.com\\\/#website\",\"url\":\"https:\\\/\\\/lisakroeber.com\\\/\",\"name\":\"Lisa Kroeber Jewellery Art\",\"description\":\"Lisa Kroeber Jewellery Art e-shop\",\"publisher\":{\"@id\":\"https:\\\/\\\/lisakroeber.com\\\/#organization\"},\"potentialAction\":[{\"@type\":\"SearchAction\",\"target\":{\"@type\":\"EntryPoint\",\"urlTemplate\":\"https:\\\/\\\/lisakroeber.com\\\/?s={search_term_string}\"},\"query-input\":{\"@type\":\"PropertyValueSpecification\",\"valueRequired\":true,\"valueName\":\"search_term_string\"}}],\"inLanguage\":\"et\"},{\"@type\":\"Organization\",\"@id\":\"https:\\\/\\\/lisakroeber.com\\\/#organization\",\"name\":\"Lisa Kroeber Jewellery\",\"url\":\"https:\\\/\\\/lisakroeber.com\\\/\",\"logo\":{\"@type\":\"ImageObject\",\"inLanguage\":\"et\",\"@id\":\"https:\\\/\\\/lisakroeber.com\\\/#\\\/schema\\\/logo\\\/image\\\/\",\"url\":\"https:\\\/\\\/lisakroeber.com\\\/wp-content\\\/uploads\\\/2024\\\/07\\\/47178367_317322115661289_143956003702964224_n-e1543863670541.svg\",\"contentUrl\":\"https:\\\/\\\/lisakroeber.com\\\/wp-content\\\/uploads\\\/2024\\\/07\\\/47178367_317322115661289_143956003702964224_n-e1543863670541.svg\",\"width\":1,\"height\":1,\"caption\":\"Lisa Kroeber Jewellery\"},\"image\":{\"@id\":\"https:\\\/\\\/lisakroeber.com\\\/#\\\/schema\\\/logo\\\/image\\\/\"}}]}<\/script>\n<!-- \/ Yoast SEO plugin. -->","yoast_head_json":{"title":"K\u00f5rvar\u00f5ngad Mini - Lisa Kroeber Jewellery Art","robots":{"index":"index","follow":"follow","max-snippet":"max-snippet:-1","max-image-preview":"max-image-preview:large","max-video-preview":"max-video-preview:-1"},"canonical":"https:\/\/lisakroeber.com\/et\/toode\/korvarongad-mini\/","og_locale":"et_EE","og_type":"article","og_title":"K\u00f5rvar\u00f5ngad Mini - Lisa Kroeber Jewellery Art","og_description":"Mini k\u00f5rvar\u00f5ngad V\u00e4ikesed. V\u00e4rvilised. M\u00f5testatud. Mini k\u00f5rvar\u00f5ngad Mini k\u00f5rvar\u00f5ngad kuuluvad meie k\u00f5ige \u00f5rnemasse kollektsiooni \u2014 loodud vastusena soovile millegi t\u00f5eliselt v\u00e4ikese ja tagasihoidliku j\u00e4rele. V\u00e4iksed m\u00f5\u00f5dult, kuid iseloomuga, t\u00f5estavad need k\u00f5rvar\u00f5ngad, et v\u00e4hem v\u00f5ib olla rohkem..  Saadaval laias v\u00e4rvivalikus, sealhulgas 12 s\u00e4ravat tooni, lisavad Mini k\u00f5rvar\u00f5ngad igap\u00e4evasele stiilile vaikse ja m\u00e4ngulise aktsendi. Kerged, mugavad ja loodud neile, kes hindavad peeneid detaile.  J\u00e4lgi linki, et avastada S\u00e4delevad Mini K\u00f5rvar\u00f5ngad. &nbsp; &nbsp;","og_url":"https:\/\/lisakroeber.com\/et\/toode\/korvarongad-mini\/","og_site_name":"Lisa Kroeber Jewellery Art","article_modified_time":"2026-01-28T13:43:06+00:00","og_image":[{"width":900,"height":900,"url":"https:\/\/lisakroeber.com\/wp-content\/uploads\/2019\/08\/Mini-ivory.jpg","type":"image\/jpeg"}],"twitter_card":"summary_large_image","twitter_misc":{"Est. reading time":"1 minut"},"schema":{"@context":"https:\/\/schema.org","@graph":[{"@type":"WebPage","@id":"https:\/\/lisakroeber.com\/et\/toode\/korvarongad-mini\/","url":"https:\/\/lisakroeber.com\/et\/toode\/korvarongad-mini\/","name":"K\u00f5rvar\u00f5ngad Mini - Lisa Kroeber Jewellery Art","isPartOf":{"@id":"https:\/\/lisakroeber.com\/#website"},"primaryImageOfPage":{"@id":"https:\/\/lisakroeber.com\/et\/toode\/korvarongad-mini\/#primaryimage"},"image":{"@id":"https:\/\/lisakroeber.com\/et\/toode\/korvarongad-mini\/#primaryimage"},"thumbnailUrl":"https:\/\/lisakroeber.com\/wp-content\/uploads\/2019\/08\/Mini-ivory.jpg","datePublished":"2019-08-09T13:20:18+00:00","dateModified":"2026-01-28T13:43:06+00:00","breadcrumb":{"@id":"https:\/\/lisakroeber.com\/et\/toode\/korvarongad-mini\/#breadcrumb"},"inLanguage":"et","potentialAction":[{"@type":"ReadAction","target":["https:\/\/lisakroeber.com\/et\/toode\/korvarongad-mini\/"]}]},{"@type":"ImageObject","inLanguage":"et","@id":"https:\/\/lisakroeber.com\/et\/toode\/korvarongad-mini\/#primaryimage","url":"https:\/\/lisakroeber.com\/wp-content\/uploads\/2019\/08\/Mini-ivory.jpg","contentUrl":"https:\/\/lisakroeber.com\/wp-content\/uploads\/2019\/08\/Mini-ivory.jpg","width":900,"height":900},{"@type":"BreadcrumbList","@id":"https:\/\/lisakroeber.com\/et\/toode\/korvarongad-mini\/#breadcrumb","itemListElement":[{"@type":"ListItem","position":1,"name":"Home","item":"https:\/\/lisakroeber.com\/et\/"},{"@type":"ListItem","position":2,"name":"Pood","item":"https:\/\/lisakroeber.com\/et\/pood\/"},{"@type":"ListItem","position":3,"name":"K\u00f5rvar\u00f5ngad Mini"}]},{"@type":"WebSite","@id":"https:\/\/lisakroeber.com\/#website","url":"https:\/\/lisakroeber.com\/","name":"Lisa Kroeber Jewellery Art","description":"Lisa Kroeber Jewellery Art e-shop","publisher":{"@id":"https:\/\/lisakroeber.com\/#organization"},"potentialAction":[{"@type":"SearchAction","target":{"@type":"EntryPoint","urlTemplate":"https:\/\/lisakroeber.com\/?s={search_term_string}"},"query-input":{"@type":"PropertyValueSpecification","valueRequired":true,"valueName":"search_term_string"}}],"inLanguage":"et"},{"@type":"Organization","@id":"https:\/\/lisakroeber.com\/#organization","name":"Lisa Kroeber Jewellery","url":"https:\/\/lisakroeber.com\/","logo":{"@type":"ImageObject","inLanguage":"et","@id":"https:\/\/lisakroeber.com\/#\/schema\/logo\/image\/","url":"https:\/\/lisakroeber.com\/wp-content\/uploads\/2024\/07\/47178367_317322115661289_143956003702964224_n-e1543863670541.svg","contentUrl":"https:\/\/lisakroeber.com\/wp-content\/uploads\/2024\/07\/47178367_317322115661289_143956003702964224_n-e1543863670541.svg","width":1,"height":1,"caption":"Lisa Kroeber Jewellery"},"image":{"@id":"https:\/\/lisakroeber.com\/#\/schema\/logo\/image\/"}}]}},"_links":{"self":[{"href":"https:\/\/lisakroeber.com\/et\/wp-json\/wp\/v2\/product\/24200","targetHints":{"allow":["GET"]}}],"collection":[{"href":"https:\/\/lisakroeber.com\/et\/wp-json\/wp\/v2\/product"}],"about":[{"href":"https:\/\/lisakroeber.com\/et\/wp-json\/wp\/v2\/types\/product"}],"wp:featuredmedia":[{"embeddable":true,"href":"https:\/\/lisakroeber.com\/et\/wp-json\/wp\/v2\/media\/16516"}],"wp:attachment":[{"href":"https:\/\/lisakroeber.com\/et\/wp-json\/wp\/v2\/media?parent=24200"}],"wp:term":[{"taxonomy":"product_brand","embeddable":true,"href":"https:\/\/lisakroeber.com\/et\/wp-json\/wp\/v2\/product_brand?post=24200"},{"taxonomy":"product_cat","embeddable":true,"href":"https:\/\/lisakroeber.com\/et\/wp-json\/wp\/v2\/product_cat?post=24200"},{"taxonomy":"product_tag","embeddable":true,"href":"https:\/\/lisakroeber.com\/et\/wp-json\/wp\/v2\/product_tag?post=24200"}],"curies":[{"name":"wp","href":"https:\/\/api.w.org\/{rel}","templated":true}]}}