{"id":24262,"date":"2022-11-01T10:50:36","date_gmt":"2022-11-01T08:50:36","guid":{"rendered":"https:\/\/lisakroeber.com\/uus\/product\/korvarongad-double-folded\/"},"modified":"2026-01-20T13:55:45","modified_gmt":"2026-01-20T11:55:45","slug":"korvarongad-double-folded","status":"publish","type":"product","link":"https:\/\/lisakroeber.com\/et\/toode\/korvarongad-double-folded\/","title":{"rendered":"K\u00f5rvar\u00f5ngad Double Folded"},"content":{"rendered":"<p><span style=\"font-weight: 400;\"><i><span style=\"font-weight: 400;\">Double Folded<\/span><\/i><\/span><span style=\"font-weight: 400;\"> k\u00f5rvar\u00f5ngad \u00fchendavad kaks volditud elementi \u00fcheks silmatorkavaks, arhitektuurseks vormiks. Nende teravad nurgad ja kihiline struktuur loovad s\u00fcgavust ja r\u00fctmi. Selged servad ja t\u00e4pne struktuur annavad neile k\u00f5rvar\u00f5ngastele silmatorkava, kuid tasakaalustatud ilme. Vaatamata oma skulpturaalsele vormile on need mugavad kanda \u2014 enesekindel avaldusese ajatu iseloomuga.   <\/span><\/p>\n<p><span style=\"font-weight: 400;\">J\u00e4lgi linki, et avastada <a href=\"https:\/\/lisakroeber.com\/et\/toode\/korvarongad-sadelevdf\/\">Sparkling Double Folded K\u00f5rvar\u00f5ngad.<\/a><\/span><\/p>\n<p>&nbsp;<\/p>\n","protected":false},"excerpt":{"rendered":"<p><b>Double Folded K\u00f5rvar\u00f5ngad<\/b><b><br \/>\n<\/b><span style=\"font-weight: 400;\"> Julge. Skulpturaalne. Arhitektuurne.<\/span><\/p>\n<p><span style=\"font-weight: 400;\"><i><span style=\"font-weight: 400;\">Double Folded<\/span><\/i><\/span><span style=\"font-weight: 400;\"> K\u00f5rvar\u00f5ngad \u00fchendavad kaks volditud elementi \u00fcheks silmatorkavaks, arhitektuurseks vormiks. Nende teravad nurgad ja kihiline struktuur loovad s\u00fcgavust ja r\u00fctmi. Selged servad ja t\u00e4pne struktuur annavad neile k\u00f5rvar\u00f5ngastele silmatorkava, kuid tasakaalustatud ilme. Vaatamata oma skulpturaalsele vormile on need mugavad kanda \u2014 enesekindel avaldusese ajatu iseloomuga.   <\/span><\/p>\n<p><span style=\"font-weight: 400;\">J\u00e4lgi linki, et avastada <a href=\"https:\/\/lisakroeber.com\/et\/toode\/korvarongad-sadelevdf\/\">Sparkling Double Folded K\u00f5rvar\u00f5ngad.<\/a><\/span><\/p>\n<p>&nbsp;<\/p>\n","protected":false},"featured_media":21329,"template":"","meta":{"content-type":""},"product_brand":[],"product_cat":[446,342,340],"product_tag":[],"class_list":{"0":"post-24262","1":"product","2":"type-product","3":"status-publish","4":"has-post-thumbnail","6":"product_cat-folded-et","7":"product_cat-korvarongad","8":"product_cat-kollektsioonid","10":"first","11":"instock","12":"taxable","13":"shipping-taxable","14":"purchasable","15":"product-type-variable"},"yoast_head":"<!-- This site is optimized with the Yoast SEO plugin v27.4 - https:\/\/yoast.com\/product\/yoast-seo-wordpress\/ -->\n<title>K\u00f5rvar\u00f5ngad Double Folded - Lisa Kroeber Jewellery Art<\/title>\n<meta name=\"robots\" content=\"index, follow, max-snippet:-1, max-image-preview:large, max-video-preview:-1\" \/>\n<link rel=\"canonical\" href=\"https:\/\/lisakroeber.com\/et\/toode\/korvarongad-double-folded\/\" \/>\n<meta property=\"og:locale\" content=\"et_EE\" \/>\n<meta property=\"og:type\" content=\"article\" \/>\n<meta property=\"og:title\" content=\"K\u00f5rvar\u00f5ngad Double Folded - Lisa Kroeber Jewellery Art\" \/>\n<meta property=\"og:description\" content=\"Double Folded K\u00f5rvar\u00f5ngad Julge. Skulpturaalne. Arhitektuurne. Double Folded K\u00f5rvar\u00f5ngad \u00fchendavad kaks volditud elementi \u00fcheks silmatorkavaks, arhitektuurseks vormiks. Nende teravad nurgad ja kihiline struktuur loovad s\u00fcgavust ja r\u00fctmi. Selged servad ja t\u00e4pne struktuur annavad neile k\u00f5rvar\u00f5ngastele silmatorkava, kuid tasakaalustatud ilme. Vaatamata oma skulpturaalsele vormile on need mugavad kanda \u2014 enesekindel avaldusese ajatu iseloomuga.   J\u00e4lgi linki, et avastada Sparkling Double Folded K\u00f5rvar\u00f5ngad. &nbsp;\" \/>\n<meta property=\"og:url\" content=\"https:\/\/lisakroeber.com\/et\/toode\/korvarongad-double-folded\/\" \/>\n<meta property=\"og:site_name\" content=\"Lisa Kroeber Jewellery Art\" \/>\n<meta property=\"article:modified_time\" content=\"2026-01-20T11:55:45+00:00\" \/>\n<meta property=\"og:image\" content=\"https:\/\/lisakroeber.com\/wp-content\/uploads\/2022\/11\/double_folded_purple_red-1.jpg\" \/>\n\t<meta property=\"og:image:width\" content=\"1500\" \/>\n\t<meta property=\"og:image:height\" content=\"1500\" \/>\n\t<meta property=\"og:image:type\" content=\"image\/jpeg\" \/>\n<meta name=\"twitter:card\" content=\"summary_large_image\" \/>\n<meta name=\"twitter:label1\" content=\"Est. reading time\" \/>\n\t<meta name=\"twitter:data1\" content=\"1 minut\" \/>\n<script type=\"application\/ld+json\" class=\"yoast-schema-graph\">{\"@context\":\"https:\\\/\\\/schema.org\",\"@graph\":[{\"@type\":\"WebPage\",\"@id\":\"https:\\\/\\\/lisakroeber.com\\\/et\\\/toode\\\/korvarongad-double-folded\\\/\",\"url\":\"https:\\\/\\\/lisakroeber.com\\\/et\\\/toode\\\/korvarongad-double-folded\\\/\",\"name\":\"K\u00f5rvar\u00f5ngad Double Folded - Lisa Kroeber Jewellery Art\",\"isPartOf\":{\"@id\":\"https:\\\/\\\/lisakroeber.com\\\/#website\"},\"primaryImageOfPage\":{\"@id\":\"https:\\\/\\\/lisakroeber.com\\\/et\\\/toode\\\/korvarongad-double-folded\\\/#primaryimage\"},\"image\":{\"@id\":\"https:\\\/\\\/lisakroeber.com\\\/et\\\/toode\\\/korvarongad-double-folded\\\/#primaryimage\"},\"thumbnailUrl\":\"https:\\\/\\\/lisakroeber.com\\\/wp-content\\\/uploads\\\/2022\\\/11\\\/double_folded_purple_red-1.jpg\",\"datePublished\":\"2022-11-01T08:50:36+00:00\",\"dateModified\":\"2026-01-20T11:55:45+00:00\",\"breadcrumb\":{\"@id\":\"https:\\\/\\\/lisakroeber.com\\\/et\\\/toode\\\/korvarongad-double-folded\\\/#breadcrumb\"},\"inLanguage\":\"et\",\"potentialAction\":[{\"@type\":\"ReadAction\",\"target\":[\"https:\\\/\\\/lisakroeber.com\\\/et\\\/toode\\\/korvarongad-double-folded\\\/\"]}]},{\"@type\":\"ImageObject\",\"inLanguage\":\"et\",\"@id\":\"https:\\\/\\\/lisakroeber.com\\\/et\\\/toode\\\/korvarongad-double-folded\\\/#primaryimage\",\"url\":\"https:\\\/\\\/lisakroeber.com\\\/wp-content\\\/uploads\\\/2022\\\/11\\\/double_folded_purple_red-1.jpg\",\"contentUrl\":\"https:\\\/\\\/lisakroeber.com\\\/wp-content\\\/uploads\\\/2022\\\/11\\\/double_folded_purple_red-1.jpg\",\"width\":1500,\"height\":1500},{\"@type\":\"BreadcrumbList\",\"@id\":\"https:\\\/\\\/lisakroeber.com\\\/et\\\/toode\\\/korvarongad-double-folded\\\/#breadcrumb\",\"itemListElement\":[{\"@type\":\"ListItem\",\"position\":1,\"name\":\"Home\",\"item\":\"https:\\\/\\\/lisakroeber.com\\\/et\\\/\"},{\"@type\":\"ListItem\",\"position\":2,\"name\":\"Pood\",\"item\":\"https:\\\/\\\/lisakroeber.com\\\/et\\\/pood\\\/\"},{\"@type\":\"ListItem\",\"position\":3,\"name\":\"K\u00f5rvar\u00f5ngad Double Folded\"}]},{\"@type\":\"WebSite\",\"@id\":\"https:\\\/\\\/lisakroeber.com\\\/#website\",\"url\":\"https:\\\/\\\/lisakroeber.com\\\/\",\"name\":\"Lisa Kroeber Jewellery Art\",\"description\":\"Lisa Kroeber Jewellery Art e-shop\",\"publisher\":{\"@id\":\"https:\\\/\\\/lisakroeber.com\\\/#organization\"},\"potentialAction\":[{\"@type\":\"SearchAction\",\"target\":{\"@type\":\"EntryPoint\",\"urlTemplate\":\"https:\\\/\\\/lisakroeber.com\\\/?s={search_term_string}\"},\"query-input\":{\"@type\":\"PropertyValueSpecification\",\"valueRequired\":true,\"valueName\":\"search_term_string\"}}],\"inLanguage\":\"et\"},{\"@type\":\"Organization\",\"@id\":\"https:\\\/\\\/lisakroeber.com\\\/#organization\",\"name\":\"Lisa Kroeber Jewellery\",\"url\":\"https:\\\/\\\/lisakroeber.com\\\/\",\"logo\":{\"@type\":\"ImageObject\",\"inLanguage\":\"et\",\"@id\":\"https:\\\/\\\/lisakroeber.com\\\/#\\\/schema\\\/logo\\\/image\\\/\",\"url\":\"https:\\\/\\\/lisakroeber.com\\\/wp-content\\\/uploads\\\/2024\\\/07\\\/47178367_317322115661289_143956003702964224_n-e1543863670541.svg\",\"contentUrl\":\"https:\\\/\\\/lisakroeber.com\\\/wp-content\\\/uploads\\\/2024\\\/07\\\/47178367_317322115661289_143956003702964224_n-e1543863670541.svg\",\"width\":1,\"height\":1,\"caption\":\"Lisa Kroeber Jewellery\"},\"image\":{\"@id\":\"https:\\\/\\\/lisakroeber.com\\\/#\\\/schema\\\/logo\\\/image\\\/\"}}]}<\/script>\n<!-- \/ Yoast SEO plugin. -->","yoast_head_json":{"title":"K\u00f5rvar\u00f5ngad Double Folded - Lisa Kroeber Jewellery Art","robots":{"index":"index","follow":"follow","max-snippet":"max-snippet:-1","max-image-preview":"max-image-preview:large","max-video-preview":"max-video-preview:-1"},"canonical":"https:\/\/lisakroeber.com\/et\/toode\/korvarongad-double-folded\/","og_locale":"et_EE","og_type":"article","og_title":"K\u00f5rvar\u00f5ngad Double Folded - Lisa Kroeber Jewellery Art","og_description":"Double Folded K\u00f5rvar\u00f5ngad Julge. Skulpturaalne. Arhitektuurne. Double Folded K\u00f5rvar\u00f5ngad \u00fchendavad kaks volditud elementi \u00fcheks silmatorkavaks, arhitektuurseks vormiks. Nende teravad nurgad ja kihiline struktuur loovad s\u00fcgavust ja r\u00fctmi. Selged servad ja t\u00e4pne struktuur annavad neile k\u00f5rvar\u00f5ngastele silmatorkava, kuid tasakaalustatud ilme. Vaatamata oma skulpturaalsele vormile on need mugavad kanda \u2014 enesekindel avaldusese ajatu iseloomuga.   J\u00e4lgi linki, et avastada Sparkling Double Folded K\u00f5rvar\u00f5ngad. &nbsp;","og_url":"https:\/\/lisakroeber.com\/et\/toode\/korvarongad-double-folded\/","og_site_name":"Lisa Kroeber Jewellery Art","article_modified_time":"2026-01-20T11:55:45+00:00","og_image":[{"width":1500,"height":1500,"url":"https:\/\/lisakroeber.com\/wp-content\/uploads\/2022\/11\/double_folded_purple_red-1.jpg","type":"image\/jpeg"}],"twitter_card":"summary_large_image","twitter_misc":{"Est. reading time":"1 minut"},"schema":{"@context":"https:\/\/schema.org","@graph":[{"@type":"WebPage","@id":"https:\/\/lisakroeber.com\/et\/toode\/korvarongad-double-folded\/","url":"https:\/\/lisakroeber.com\/et\/toode\/korvarongad-double-folded\/","name":"K\u00f5rvar\u00f5ngad Double Folded - Lisa Kroeber Jewellery Art","isPartOf":{"@id":"https:\/\/lisakroeber.com\/#website"},"primaryImageOfPage":{"@id":"https:\/\/lisakroeber.com\/et\/toode\/korvarongad-double-folded\/#primaryimage"},"image":{"@id":"https:\/\/lisakroeber.com\/et\/toode\/korvarongad-double-folded\/#primaryimage"},"thumbnailUrl":"https:\/\/lisakroeber.com\/wp-content\/uploads\/2022\/11\/double_folded_purple_red-1.jpg","datePublished":"2022-11-01T08:50:36+00:00","dateModified":"2026-01-20T11:55:45+00:00","breadcrumb":{"@id":"https:\/\/lisakroeber.com\/et\/toode\/korvarongad-double-folded\/#breadcrumb"},"inLanguage":"et","potentialAction":[{"@type":"ReadAction","target":["https:\/\/lisakroeber.com\/et\/toode\/korvarongad-double-folded\/"]}]},{"@type":"ImageObject","inLanguage":"et","@id":"https:\/\/lisakroeber.com\/et\/toode\/korvarongad-double-folded\/#primaryimage","url":"https:\/\/lisakroeber.com\/wp-content\/uploads\/2022\/11\/double_folded_purple_red-1.jpg","contentUrl":"https:\/\/lisakroeber.com\/wp-content\/uploads\/2022\/11\/double_folded_purple_red-1.jpg","width":1500,"height":1500},{"@type":"BreadcrumbList","@id":"https:\/\/lisakroeber.com\/et\/toode\/korvarongad-double-folded\/#breadcrumb","itemListElement":[{"@type":"ListItem","position":1,"name":"Home","item":"https:\/\/lisakroeber.com\/et\/"},{"@type":"ListItem","position":2,"name":"Pood","item":"https:\/\/lisakroeber.com\/et\/pood\/"},{"@type":"ListItem","position":3,"name":"K\u00f5rvar\u00f5ngad Double Folded"}]},{"@type":"WebSite","@id":"https:\/\/lisakroeber.com\/#website","url":"https:\/\/lisakroeber.com\/","name":"Lisa Kroeber Jewellery Art","description":"Lisa Kroeber Jewellery Art e-shop","publisher":{"@id":"https:\/\/lisakroeber.com\/#organization"},"potentialAction":[{"@type":"SearchAction","target":{"@type":"EntryPoint","urlTemplate":"https:\/\/lisakroeber.com\/?s={search_term_string}"},"query-input":{"@type":"PropertyValueSpecification","valueRequired":true,"valueName":"search_term_string"}}],"inLanguage":"et"},{"@type":"Organization","@id":"https:\/\/lisakroeber.com\/#organization","name":"Lisa Kroeber Jewellery","url":"https:\/\/lisakroeber.com\/","logo":{"@type":"ImageObject","inLanguage":"et","@id":"https:\/\/lisakroeber.com\/#\/schema\/logo\/image\/","url":"https:\/\/lisakroeber.com\/wp-content\/uploads\/2024\/07\/47178367_317322115661289_143956003702964224_n-e1543863670541.svg","contentUrl":"https:\/\/lisakroeber.com\/wp-content\/uploads\/2024\/07\/47178367_317322115661289_143956003702964224_n-e1543863670541.svg","width":1,"height":1,"caption":"Lisa Kroeber Jewellery"},"image":{"@id":"https:\/\/lisakroeber.com\/#\/schema\/logo\/image\/"}}]}},"_links":{"self":[{"href":"https:\/\/lisakroeber.com\/et\/wp-json\/wp\/v2\/product\/24262","targetHints":{"allow":["GET"]}}],"collection":[{"href":"https:\/\/lisakroeber.com\/et\/wp-json\/wp\/v2\/product"}],"about":[{"href":"https:\/\/lisakroeber.com\/et\/wp-json\/wp\/v2\/types\/product"}],"wp:featuredmedia":[{"embeddable":true,"href":"https:\/\/lisakroeber.com\/et\/wp-json\/wp\/v2\/media\/21329"}],"wp:attachment":[{"href":"https:\/\/lisakroeber.com\/et\/wp-json\/wp\/v2\/media?parent=24262"}],"wp:term":[{"taxonomy":"product_brand","embeddable":true,"href":"https:\/\/lisakroeber.com\/et\/wp-json\/wp\/v2\/product_brand?post=24262"},{"taxonomy":"product_cat","embeddable":true,"href":"https:\/\/lisakroeber.com\/et\/wp-json\/wp\/v2\/product_cat?post=24262"},{"taxonomy":"product_tag","embeddable":true,"href":"https:\/\/lisakroeber.com\/et\/wp-json\/wp\/v2\/product_tag?post=24262"}],"curies":[{"name":"wp","href":"https:\/\/api.w.org\/{rel}","templated":true}]}}