{"id":24304,"date":"2022-11-03T13:33:26","date_gmt":"2022-11-03T11:33:26","guid":{"rendered":"https:\/\/lisakroeber.com\/uus\/product\/rinnanoel-mini\/"},"modified":"2026-02-08T18:28:55","modified_gmt":"2026-02-08T16:28:55","slug":"rinnanoel-mini","status":"publish","type":"product","link":"https:\/\/lisakroeber.com\/et\/toode\/rinnanoel-mini\/","title":{"rendered":"Rinnan\u00f5el Mini"},"content":{"rendered":"<p><span data-sheets-value=\"{&quot;1&quot;:2,&quot;2&quot;:&quot;V\u00e4ikesed minin\u00f5elad, meestele ja naistele. Sobib ideaalselt meie minimansetin\u00f6\u00f6pide, k\u00f5rvar\u00f5ngaste v\u00f5i kaelakeede juurde.&quot;}\" data-sheets-userformat=\"{&quot;2&quot;:833,&quot;3&quot;:{&quot;1&quot;:0},&quot;9&quot;:1,&quot;11&quot;:4,&quot;12&quot;:0}\">V\u00e4ikesed rinnan\u00f5elad, meestele ja naistele. Sobib ideaalselt meie minimansetin\u00f6\u00f6pide, k\u00f5rvar\u00f5ngaste v\u00f5i kaelakeede juurde.<\/span><\/p>\n","protected":false},"excerpt":{"rendered":"<p><b>Mini Rinnan\u00f5el<\/b><b><br \/>\n<\/b><span style=\"font-weight: 400;\"> V\u00e4ikesed. Mitmek\u00fclgsed. T\u00e4iuslik kooslus.  <\/span><\/p>\n<p><span style=\"font-weight: 400;\"><i><span style=\"font-weight: 400;\">Mini prossid <\/span><\/i><\/span><span style=\"font-weight: 400;\"> on v\u00e4ikesed ja peened aktsendid nii meestele kui naistele. Tagasihoidlikud m\u00f5\u00f5dult, kuid iseloomuga, lisavad need riietusele, sallile v\u00f5i kotile \u00f5rna v\u00e4rvi ja detaili. <\/span><\/p>\n<p>Ideaalne kooslus Mini mansetin\u00f6\u00f6pide, k\u00f5rvar\u00f5ngaste ja kaelakeedega \u2014 Mini prossid seovad kogu komplekti \u00fchtseks ja l\u00e4bim\u00f5eldud tervikuks.<\/p>\n<p>&nbsp;<\/p>\n<p>&nbsp;<\/p>\n","protected":false},"featured_media":21422,"template":"","meta":{"content-type":""},"product_brand":[],"product_cat":[340,343,462,338],"product_tag":[],"class_list":{"0":"post-24304","1":"product","2":"type-product","3":"status-publish","4":"has-post-thumbnail","6":"product_cat-kollektsioonid","7":"product_cat-meestele","8":"product_cat-mini-et","9":"product_cat-prossid","11":"first","12":"instock","13":"taxable","14":"shipping-taxable","15":"purchasable","16":"product-type-variable"},"yoast_head":"<!-- This site is optimized with the Yoast SEO plugin v27.3 - https:\/\/yoast.com\/product\/yoast-seo-wordpress\/ -->\n<title>Rinnan\u00f5el Mini - Lisa Kroeber Jewellery Art<\/title>\n<meta name=\"robots\" content=\"index, follow, max-snippet:-1, max-image-preview:large, max-video-preview:-1\" \/>\n<link rel=\"canonical\" href=\"https:\/\/lisakroeber.com\/et\/toode\/rinnanoel-mini\/\" \/>\n<meta property=\"og:locale\" content=\"et_EE\" \/>\n<meta property=\"og:type\" content=\"article\" \/>\n<meta property=\"og:title\" content=\"Rinnan\u00f5el Mini - Lisa Kroeber Jewellery Art\" \/>\n<meta property=\"og:description\" content=\"Mini Rinnan\u00f5el V\u00e4ikesed. Mitmek\u00fclgsed. T\u00e4iuslik kooslus.  Mini prossid on v\u00e4ikesed ja peened aktsendid nii meestele kui naistele. Tagasihoidlikud m\u00f5\u00f5dult, kuid iseloomuga, lisavad need riietusele, sallile v\u00f5i kotile \u00f5rna v\u00e4rvi ja detaili.  Ideaalne kooslus Mini mansetin\u00f6\u00f6pide, k\u00f5rvar\u00f5ngaste ja kaelakeedega \u2014 Mini prossid seovad kogu komplekti \u00fchtseks ja l\u00e4bim\u00f5eldud tervikuks. &nbsp; &nbsp;\" \/>\n<meta property=\"og:url\" content=\"https:\/\/lisakroeber.com\/et\/toode\/rinnanoel-mini\/\" \/>\n<meta property=\"og:site_name\" content=\"Lisa Kroeber Jewellery Art\" \/>\n<meta property=\"article:modified_time\" content=\"2026-02-08T16:28:55+00:00\" \/>\n<meta property=\"og:image\" content=\"https:\/\/lisakroeber.com\/wp-content\/uploads\/2022\/11\/brooch_pastel_green.jpg\" \/>\n\t<meta property=\"og:image:width\" content=\"954\" \/>\n\t<meta property=\"og:image:height\" content=\"954\" \/>\n\t<meta property=\"og:image:type\" content=\"image\/jpeg\" \/>\n<meta name=\"twitter:card\" content=\"summary_large_image\" \/>\n<meta name=\"twitter:label1\" content=\"Est. reading time\" \/>\n\t<meta name=\"twitter:data1\" content=\"1 minut\" \/>\n<script type=\"application\/ld+json\" class=\"yoast-schema-graph\">{\"@context\":\"https:\\\/\\\/schema.org\",\"@graph\":[{\"@type\":\"WebPage\",\"@id\":\"https:\\\/\\\/lisakroeber.com\\\/et\\\/toode\\\/rinnanoel-mini\\\/\",\"url\":\"https:\\\/\\\/lisakroeber.com\\\/et\\\/toode\\\/rinnanoel-mini\\\/\",\"name\":\"Rinnan\u00f5el Mini - Lisa Kroeber Jewellery Art\",\"isPartOf\":{\"@id\":\"https:\\\/\\\/lisakroeber.com\\\/#website\"},\"primaryImageOfPage\":{\"@id\":\"https:\\\/\\\/lisakroeber.com\\\/et\\\/toode\\\/rinnanoel-mini\\\/#primaryimage\"},\"image\":{\"@id\":\"https:\\\/\\\/lisakroeber.com\\\/et\\\/toode\\\/rinnanoel-mini\\\/#primaryimage\"},\"thumbnailUrl\":\"https:\\\/\\\/lisakroeber.com\\\/wp-content\\\/uploads\\\/2022\\\/11\\\/brooch_pastel_green.jpg\",\"datePublished\":\"2022-11-03T11:33:26+00:00\",\"dateModified\":\"2026-02-08T16:28:55+00:00\",\"breadcrumb\":{\"@id\":\"https:\\\/\\\/lisakroeber.com\\\/et\\\/toode\\\/rinnanoel-mini\\\/#breadcrumb\"},\"inLanguage\":\"et\",\"potentialAction\":[{\"@type\":\"ReadAction\",\"target\":[\"https:\\\/\\\/lisakroeber.com\\\/et\\\/toode\\\/rinnanoel-mini\\\/\"]}]},{\"@type\":\"ImageObject\",\"inLanguage\":\"et\",\"@id\":\"https:\\\/\\\/lisakroeber.com\\\/et\\\/toode\\\/rinnanoel-mini\\\/#primaryimage\",\"url\":\"https:\\\/\\\/lisakroeber.com\\\/wp-content\\\/uploads\\\/2022\\\/11\\\/brooch_pastel_green.jpg\",\"contentUrl\":\"https:\\\/\\\/lisakroeber.com\\\/wp-content\\\/uploads\\\/2022\\\/11\\\/brooch_pastel_green.jpg\",\"width\":954,\"height\":954},{\"@type\":\"BreadcrumbList\",\"@id\":\"https:\\\/\\\/lisakroeber.com\\\/et\\\/toode\\\/rinnanoel-mini\\\/#breadcrumb\",\"itemListElement\":[{\"@type\":\"ListItem\",\"position\":1,\"name\":\"Home\",\"item\":\"https:\\\/\\\/lisakroeber.com\\\/et\\\/\"},{\"@type\":\"ListItem\",\"position\":2,\"name\":\"Pood\",\"item\":\"https:\\\/\\\/lisakroeber.com\\\/et\\\/pood\\\/\"},{\"@type\":\"ListItem\",\"position\":3,\"name\":\"Rinnan\u00f5el Mini\"}]},{\"@type\":\"WebSite\",\"@id\":\"https:\\\/\\\/lisakroeber.com\\\/#website\",\"url\":\"https:\\\/\\\/lisakroeber.com\\\/\",\"name\":\"Lisa Kroeber Jewellery Art\",\"description\":\"Lisa Kroeber Jewellery Art e-shop\",\"publisher\":{\"@id\":\"https:\\\/\\\/lisakroeber.com\\\/#organization\"},\"potentialAction\":[{\"@type\":\"SearchAction\",\"target\":{\"@type\":\"EntryPoint\",\"urlTemplate\":\"https:\\\/\\\/lisakroeber.com\\\/?s={search_term_string}\"},\"query-input\":{\"@type\":\"PropertyValueSpecification\",\"valueRequired\":true,\"valueName\":\"search_term_string\"}}],\"inLanguage\":\"et\"},{\"@type\":\"Organization\",\"@id\":\"https:\\\/\\\/lisakroeber.com\\\/#organization\",\"name\":\"Lisa Kroeber Jewellery\",\"url\":\"https:\\\/\\\/lisakroeber.com\\\/\",\"logo\":{\"@type\":\"ImageObject\",\"inLanguage\":\"et\",\"@id\":\"https:\\\/\\\/lisakroeber.com\\\/#\\\/schema\\\/logo\\\/image\\\/\",\"url\":\"https:\\\/\\\/lisakroeber.com\\\/wp-content\\\/uploads\\\/2024\\\/07\\\/47178367_317322115661289_143956003702964224_n-e1543863670541.svg\",\"contentUrl\":\"https:\\\/\\\/lisakroeber.com\\\/wp-content\\\/uploads\\\/2024\\\/07\\\/47178367_317322115661289_143956003702964224_n-e1543863670541.svg\",\"width\":1,\"height\":1,\"caption\":\"Lisa Kroeber Jewellery\"},\"image\":{\"@id\":\"https:\\\/\\\/lisakroeber.com\\\/#\\\/schema\\\/logo\\\/image\\\/\"}}]}<\/script>\n<!-- \/ Yoast SEO plugin. -->","yoast_head_json":{"title":"Rinnan\u00f5el Mini - Lisa Kroeber Jewellery Art","robots":{"index":"index","follow":"follow","max-snippet":"max-snippet:-1","max-image-preview":"max-image-preview:large","max-video-preview":"max-video-preview:-1"},"canonical":"https:\/\/lisakroeber.com\/et\/toode\/rinnanoel-mini\/","og_locale":"et_EE","og_type":"article","og_title":"Rinnan\u00f5el Mini - Lisa Kroeber Jewellery Art","og_description":"Mini Rinnan\u00f5el V\u00e4ikesed. Mitmek\u00fclgsed. T\u00e4iuslik kooslus.  Mini prossid on v\u00e4ikesed ja peened aktsendid nii meestele kui naistele. Tagasihoidlikud m\u00f5\u00f5dult, kuid iseloomuga, lisavad need riietusele, sallile v\u00f5i kotile \u00f5rna v\u00e4rvi ja detaili.  Ideaalne kooslus Mini mansetin\u00f6\u00f6pide, k\u00f5rvar\u00f5ngaste ja kaelakeedega \u2014 Mini prossid seovad kogu komplekti \u00fchtseks ja l\u00e4bim\u00f5eldud tervikuks. &nbsp; &nbsp;","og_url":"https:\/\/lisakroeber.com\/et\/toode\/rinnanoel-mini\/","og_site_name":"Lisa Kroeber Jewellery Art","article_modified_time":"2026-02-08T16:28:55+00:00","og_image":[{"width":954,"height":954,"url":"https:\/\/lisakroeber.com\/wp-content\/uploads\/2022\/11\/brooch_pastel_green.jpg","type":"image\/jpeg"}],"twitter_card":"summary_large_image","twitter_misc":{"Est. reading time":"1 minut"},"schema":{"@context":"https:\/\/schema.org","@graph":[{"@type":"WebPage","@id":"https:\/\/lisakroeber.com\/et\/toode\/rinnanoel-mini\/","url":"https:\/\/lisakroeber.com\/et\/toode\/rinnanoel-mini\/","name":"Rinnan\u00f5el Mini - Lisa Kroeber Jewellery Art","isPartOf":{"@id":"https:\/\/lisakroeber.com\/#website"},"primaryImageOfPage":{"@id":"https:\/\/lisakroeber.com\/et\/toode\/rinnanoel-mini\/#primaryimage"},"image":{"@id":"https:\/\/lisakroeber.com\/et\/toode\/rinnanoel-mini\/#primaryimage"},"thumbnailUrl":"https:\/\/lisakroeber.com\/wp-content\/uploads\/2022\/11\/brooch_pastel_green.jpg","datePublished":"2022-11-03T11:33:26+00:00","dateModified":"2026-02-08T16:28:55+00:00","breadcrumb":{"@id":"https:\/\/lisakroeber.com\/et\/toode\/rinnanoel-mini\/#breadcrumb"},"inLanguage":"et","potentialAction":[{"@type":"ReadAction","target":["https:\/\/lisakroeber.com\/et\/toode\/rinnanoel-mini\/"]}]},{"@type":"ImageObject","inLanguage":"et","@id":"https:\/\/lisakroeber.com\/et\/toode\/rinnanoel-mini\/#primaryimage","url":"https:\/\/lisakroeber.com\/wp-content\/uploads\/2022\/11\/brooch_pastel_green.jpg","contentUrl":"https:\/\/lisakroeber.com\/wp-content\/uploads\/2022\/11\/brooch_pastel_green.jpg","width":954,"height":954},{"@type":"BreadcrumbList","@id":"https:\/\/lisakroeber.com\/et\/toode\/rinnanoel-mini\/#breadcrumb","itemListElement":[{"@type":"ListItem","position":1,"name":"Home","item":"https:\/\/lisakroeber.com\/et\/"},{"@type":"ListItem","position":2,"name":"Pood","item":"https:\/\/lisakroeber.com\/et\/pood\/"},{"@type":"ListItem","position":3,"name":"Rinnan\u00f5el Mini"}]},{"@type":"WebSite","@id":"https:\/\/lisakroeber.com\/#website","url":"https:\/\/lisakroeber.com\/","name":"Lisa Kroeber Jewellery Art","description":"Lisa Kroeber Jewellery Art e-shop","publisher":{"@id":"https:\/\/lisakroeber.com\/#organization"},"potentialAction":[{"@type":"SearchAction","target":{"@type":"EntryPoint","urlTemplate":"https:\/\/lisakroeber.com\/?s={search_term_string}"},"query-input":{"@type":"PropertyValueSpecification","valueRequired":true,"valueName":"search_term_string"}}],"inLanguage":"et"},{"@type":"Organization","@id":"https:\/\/lisakroeber.com\/#organization","name":"Lisa Kroeber Jewellery","url":"https:\/\/lisakroeber.com\/","logo":{"@type":"ImageObject","inLanguage":"et","@id":"https:\/\/lisakroeber.com\/#\/schema\/logo\/image\/","url":"https:\/\/lisakroeber.com\/wp-content\/uploads\/2024\/07\/47178367_317322115661289_143956003702964224_n-e1543863670541.svg","contentUrl":"https:\/\/lisakroeber.com\/wp-content\/uploads\/2024\/07\/47178367_317322115661289_143956003702964224_n-e1543863670541.svg","width":1,"height":1,"caption":"Lisa Kroeber Jewellery"},"image":{"@id":"https:\/\/lisakroeber.com\/#\/schema\/logo\/image\/"}}]}},"_links":{"self":[{"href":"https:\/\/lisakroeber.com\/et\/wp-json\/wp\/v2\/product\/24304","targetHints":{"allow":["GET"]}}],"collection":[{"href":"https:\/\/lisakroeber.com\/et\/wp-json\/wp\/v2\/product"}],"about":[{"href":"https:\/\/lisakroeber.com\/et\/wp-json\/wp\/v2\/types\/product"}],"wp:featuredmedia":[{"embeddable":true,"href":"https:\/\/lisakroeber.com\/et\/wp-json\/wp\/v2\/media\/21422"}],"wp:attachment":[{"href":"https:\/\/lisakroeber.com\/et\/wp-json\/wp\/v2\/media?parent=24304"}],"wp:term":[{"taxonomy":"product_brand","embeddable":true,"href":"https:\/\/lisakroeber.com\/et\/wp-json\/wp\/v2\/product_brand?post=24304"},{"taxonomy":"product_cat","embeddable":true,"href":"https:\/\/lisakroeber.com\/et\/wp-json\/wp\/v2\/product_cat?post=24304"},{"taxonomy":"product_tag","embeddable":true,"href":"https:\/\/lisakroeber.com\/et\/wp-json\/wp\/v2\/product_tag?post=24304"}],"curies":[{"name":"wp","href":"https:\/\/api.w.org\/{rel}","templated":true}]}}