{"id":24482,"date":"2022-04-11T12:11:47","date_gmt":"2022-04-11T10:11:47","guid":{"rendered":"https:\/\/lisakroeber.com\/uus\/product\/klopsuga-korvarongad-mini\/"},"modified":"2026-04-06T19:34:16","modified_gmt":"2026-04-06T17:34:16","slug":"klopsuga-korvarongad-mini","status":"publish","type":"product","link":"https:\/\/lisakroeber.com\/et\/toode\/klopsuga-korvarongad-mini\/","title":{"rendered":"Mini Clips k\u00f5rvar\u00f5ngad"},"content":{"rendered":"<p><span data-sheets-value=\"{&quot;1&quot;:2,&quot;2&quot;:&quot;L\u00f5puks ometi on meil MINId klippidena. Seni meie ainukesed klambrid, et saaksite meie disaini ka ilma aukudeta k\u00f5rvas kanda.&quot;}\" data-sheets-userformat=\"{&quot;2&quot;:833,&quot;3&quot;:{&quot;1&quot;:0},&quot;9&quot;:1,&quot;11&quot;:4,&quot;12&quot;:0}\">L\u00f5puks ometi on meil MINId klippidena. Seni meie ainukesed klambrid, et saaksite meie disaini ka ilma aukudeta k\u00f5rvas kanda.<\/span><\/p>\n","protected":false},"excerpt":{"rendered":"<p><b>Mini Clips k\u00f5rvar\u00f5ngad<\/b><b><br \/>\n<\/b><span style=\"font-weight: 400;\"> V\u00e4ikesed. Kaasavad. Pingevabad.  <\/span><\/p>\n<p>Mini klipsk\u00f5rvar\u00f5ngad toovad meie armastatud Mini <i><span style=\"font-weight: 400;\"><\/span><\/i><span style=\"font-weight: 400;\"> disaini ka neile, kellel pole k\u00f5rvaauke. Need on meie ainsad klipsk\u00f5rvar\u00f5ngad, loodud selleks, et meie ehteid saaks kanda iga\u00fcks. <\/span><\/p>\n<p>Kerged, mugavad ja v\u00e4rvik\u00fcllased Mini klipsid kannavad endas sama \u00f5rna vormi ja m\u00e4ngulist iseloomu nagu klassikalised Mini k\u00f5rvar\u00f5ngad. <\/p>\n<p>&nbsp;<\/p>\n<p>&nbsp;<\/p>\n","protected":false},"featured_media":20150,"template":"","meta":{"content-type":""},"product_brand":[],"product_cat":[342,340,462],"product_tag":[],"class_list":{"0":"post-24482","1":"product","2":"type-product","3":"status-publish","4":"has-post-thumbnail","6":"product_cat-korvarongad","7":"product_cat-kollektsioonid","8":"product_cat-mini-et","10":"first","11":"instock","12":"taxable","13":"shipping-taxable","14":"purchasable","15":"product-type-variable"},"yoast_head":"<!-- This site is optimized with the Yoast SEO plugin v27.4 - https:\/\/yoast.com\/product\/yoast-seo-wordpress\/ -->\n<title>Mini Clips k\u00f5rvar\u00f5ngad - Lisa Kroeber Jewellery Art<\/title>\n<meta name=\"robots\" content=\"index, follow, max-snippet:-1, max-image-preview:large, max-video-preview:-1\" \/>\n<link rel=\"canonical\" href=\"https:\/\/lisakroeber.com\/et\/toode\/klopsuga-korvarongad-mini\/\" \/>\n<meta property=\"og:locale\" content=\"et_EE\" \/>\n<meta property=\"og:type\" content=\"article\" \/>\n<meta property=\"og:title\" content=\"Mini Clips k\u00f5rvar\u00f5ngad - Lisa Kroeber Jewellery Art\" \/>\n<meta property=\"og:description\" content=\"Mini Clips k\u00f5rvar\u00f5ngad V\u00e4ikesed. Kaasavad. Pingevabad.  Mini klipsk\u00f5rvar\u00f5ngad toovad meie armastatud Mini disaini ka neile, kellel pole k\u00f5rvaauke. Need on meie ainsad klipsk\u00f5rvar\u00f5ngad, loodud selleks, et meie ehteid saaks kanda iga\u00fcks.  Kerged, mugavad ja v\u00e4rvik\u00fcllased Mini klipsid kannavad endas sama \u00f5rna vormi ja m\u00e4ngulist iseloomu nagu klassikalised Mini k\u00f5rvar\u00f5ngad.  &nbsp; &nbsp;\" \/>\n<meta property=\"og:url\" content=\"https:\/\/lisakroeber.com\/et\/toode\/klopsuga-korvarongad-mini\/\" \/>\n<meta property=\"og:site_name\" content=\"Lisa Kroeber Jewellery Art\" \/>\n<meta property=\"article:modified_time\" content=\"2026-04-06T17:34:16+00:00\" \/>\n<meta property=\"og:image\" content=\"https:\/\/lisakroeber.com\/wp-content\/uploads\/2022\/04\/Mini-Clips-scaled.jpg\" \/>\n\t<meta property=\"og:image:width\" content=\"2427\" \/>\n\t<meta property=\"og:image:height\" content=\"2560\" \/>\n\t<meta property=\"og:image:type\" content=\"image\/jpeg\" \/>\n<meta name=\"twitter:card\" content=\"summary_large_image\" \/>\n<meta name=\"twitter:label1\" content=\"Est. reading time\" \/>\n\t<meta name=\"twitter:data1\" content=\"1 minut\" \/>\n<script type=\"application\/ld+json\" class=\"yoast-schema-graph\">{\"@context\":\"https:\\\/\\\/schema.org\",\"@graph\":[{\"@type\":\"WebPage\",\"@id\":\"https:\\\/\\\/lisakroeber.com\\\/et\\\/toode\\\/klopsuga-korvarongad-mini\\\/\",\"url\":\"https:\\\/\\\/lisakroeber.com\\\/et\\\/toode\\\/klopsuga-korvarongad-mini\\\/\",\"name\":\"Mini Clips k\u00f5rvar\u00f5ngad - Lisa Kroeber Jewellery Art\",\"isPartOf\":{\"@id\":\"https:\\\/\\\/lisakroeber.com\\\/#website\"},\"primaryImageOfPage\":{\"@id\":\"https:\\\/\\\/lisakroeber.com\\\/et\\\/toode\\\/klopsuga-korvarongad-mini\\\/#primaryimage\"},\"image\":{\"@id\":\"https:\\\/\\\/lisakroeber.com\\\/et\\\/toode\\\/klopsuga-korvarongad-mini\\\/#primaryimage\"},\"thumbnailUrl\":\"https:\\\/\\\/lisakroeber.com\\\/wp-content\\\/uploads\\\/2022\\\/04\\\/Mini-Clips-scaled.jpg\",\"datePublished\":\"2022-04-11T10:11:47+00:00\",\"dateModified\":\"2026-04-06T17:34:16+00:00\",\"breadcrumb\":{\"@id\":\"https:\\\/\\\/lisakroeber.com\\\/et\\\/toode\\\/klopsuga-korvarongad-mini\\\/#breadcrumb\"},\"inLanguage\":\"et\",\"potentialAction\":[{\"@type\":\"ReadAction\",\"target\":[\"https:\\\/\\\/lisakroeber.com\\\/et\\\/toode\\\/klopsuga-korvarongad-mini\\\/\"]}]},{\"@type\":\"ImageObject\",\"inLanguage\":\"et\",\"@id\":\"https:\\\/\\\/lisakroeber.com\\\/et\\\/toode\\\/klopsuga-korvarongad-mini\\\/#primaryimage\",\"url\":\"https:\\\/\\\/lisakroeber.com\\\/wp-content\\\/uploads\\\/2022\\\/04\\\/Mini-Clips-scaled.jpg\",\"contentUrl\":\"https:\\\/\\\/lisakroeber.com\\\/wp-content\\\/uploads\\\/2022\\\/04\\\/Mini-Clips-scaled.jpg\",\"width\":2427,\"height\":2560},{\"@type\":\"BreadcrumbList\",\"@id\":\"https:\\\/\\\/lisakroeber.com\\\/et\\\/toode\\\/klopsuga-korvarongad-mini\\\/#breadcrumb\",\"itemListElement\":[{\"@type\":\"ListItem\",\"position\":1,\"name\":\"Home\",\"item\":\"https:\\\/\\\/lisakroeber.com\\\/et\\\/\"},{\"@type\":\"ListItem\",\"position\":2,\"name\":\"Pood\",\"item\":\"https:\\\/\\\/lisakroeber.com\\\/et\\\/pood\\\/\"},{\"@type\":\"ListItem\",\"position\":3,\"name\":\"Mini Clips k\u00f5rvar\u00f5ngad\"}]},{\"@type\":\"WebSite\",\"@id\":\"https:\\\/\\\/lisakroeber.com\\\/#website\",\"url\":\"https:\\\/\\\/lisakroeber.com\\\/\",\"name\":\"Lisa Kroeber Jewellery Art\",\"description\":\"Lisa Kroeber Jewellery Art e-shop\",\"publisher\":{\"@id\":\"https:\\\/\\\/lisakroeber.com\\\/#organization\"},\"potentialAction\":[{\"@type\":\"SearchAction\",\"target\":{\"@type\":\"EntryPoint\",\"urlTemplate\":\"https:\\\/\\\/lisakroeber.com\\\/?s={search_term_string}\"},\"query-input\":{\"@type\":\"PropertyValueSpecification\",\"valueRequired\":true,\"valueName\":\"search_term_string\"}}],\"inLanguage\":\"et\"},{\"@type\":\"Organization\",\"@id\":\"https:\\\/\\\/lisakroeber.com\\\/#organization\",\"name\":\"Lisa Kroeber Jewellery\",\"url\":\"https:\\\/\\\/lisakroeber.com\\\/\",\"logo\":{\"@type\":\"ImageObject\",\"inLanguage\":\"et\",\"@id\":\"https:\\\/\\\/lisakroeber.com\\\/#\\\/schema\\\/logo\\\/image\\\/\",\"url\":\"https:\\\/\\\/lisakroeber.com\\\/wp-content\\\/uploads\\\/2024\\\/07\\\/47178367_317322115661289_143956003702964224_n-e1543863670541.svg\",\"contentUrl\":\"https:\\\/\\\/lisakroeber.com\\\/wp-content\\\/uploads\\\/2024\\\/07\\\/47178367_317322115661289_143956003702964224_n-e1543863670541.svg\",\"width\":1,\"height\":1,\"caption\":\"Lisa Kroeber Jewellery\"},\"image\":{\"@id\":\"https:\\\/\\\/lisakroeber.com\\\/#\\\/schema\\\/logo\\\/image\\\/\"}}]}<\/script>\n<!-- \/ Yoast SEO plugin. -->","yoast_head_json":{"title":"Mini Clips k\u00f5rvar\u00f5ngad - Lisa Kroeber Jewellery Art","robots":{"index":"index","follow":"follow","max-snippet":"max-snippet:-1","max-image-preview":"max-image-preview:large","max-video-preview":"max-video-preview:-1"},"canonical":"https:\/\/lisakroeber.com\/et\/toode\/klopsuga-korvarongad-mini\/","og_locale":"et_EE","og_type":"article","og_title":"Mini Clips k\u00f5rvar\u00f5ngad - Lisa Kroeber Jewellery Art","og_description":"Mini Clips k\u00f5rvar\u00f5ngad V\u00e4ikesed. Kaasavad. Pingevabad.  Mini klipsk\u00f5rvar\u00f5ngad toovad meie armastatud Mini disaini ka neile, kellel pole k\u00f5rvaauke. Need on meie ainsad klipsk\u00f5rvar\u00f5ngad, loodud selleks, et meie ehteid saaks kanda iga\u00fcks.  Kerged, mugavad ja v\u00e4rvik\u00fcllased Mini klipsid kannavad endas sama \u00f5rna vormi ja m\u00e4ngulist iseloomu nagu klassikalised Mini k\u00f5rvar\u00f5ngad.  &nbsp; &nbsp;","og_url":"https:\/\/lisakroeber.com\/et\/toode\/klopsuga-korvarongad-mini\/","og_site_name":"Lisa Kroeber Jewellery Art","article_modified_time":"2026-04-06T17:34:16+00:00","og_image":[{"width":2427,"height":2560,"url":"https:\/\/lisakroeber.com\/wp-content\/uploads\/2022\/04\/Mini-Clips-scaled.jpg","type":"image\/jpeg"}],"twitter_card":"summary_large_image","twitter_misc":{"Est. reading time":"1 minut"},"schema":{"@context":"https:\/\/schema.org","@graph":[{"@type":"WebPage","@id":"https:\/\/lisakroeber.com\/et\/toode\/klopsuga-korvarongad-mini\/","url":"https:\/\/lisakroeber.com\/et\/toode\/klopsuga-korvarongad-mini\/","name":"Mini Clips k\u00f5rvar\u00f5ngad - Lisa Kroeber Jewellery Art","isPartOf":{"@id":"https:\/\/lisakroeber.com\/#website"},"primaryImageOfPage":{"@id":"https:\/\/lisakroeber.com\/et\/toode\/klopsuga-korvarongad-mini\/#primaryimage"},"image":{"@id":"https:\/\/lisakroeber.com\/et\/toode\/klopsuga-korvarongad-mini\/#primaryimage"},"thumbnailUrl":"https:\/\/lisakroeber.com\/wp-content\/uploads\/2022\/04\/Mini-Clips-scaled.jpg","datePublished":"2022-04-11T10:11:47+00:00","dateModified":"2026-04-06T17:34:16+00:00","breadcrumb":{"@id":"https:\/\/lisakroeber.com\/et\/toode\/klopsuga-korvarongad-mini\/#breadcrumb"},"inLanguage":"et","potentialAction":[{"@type":"ReadAction","target":["https:\/\/lisakroeber.com\/et\/toode\/klopsuga-korvarongad-mini\/"]}]},{"@type":"ImageObject","inLanguage":"et","@id":"https:\/\/lisakroeber.com\/et\/toode\/klopsuga-korvarongad-mini\/#primaryimage","url":"https:\/\/lisakroeber.com\/wp-content\/uploads\/2022\/04\/Mini-Clips-scaled.jpg","contentUrl":"https:\/\/lisakroeber.com\/wp-content\/uploads\/2022\/04\/Mini-Clips-scaled.jpg","width":2427,"height":2560},{"@type":"BreadcrumbList","@id":"https:\/\/lisakroeber.com\/et\/toode\/klopsuga-korvarongad-mini\/#breadcrumb","itemListElement":[{"@type":"ListItem","position":1,"name":"Home","item":"https:\/\/lisakroeber.com\/et\/"},{"@type":"ListItem","position":2,"name":"Pood","item":"https:\/\/lisakroeber.com\/et\/pood\/"},{"@type":"ListItem","position":3,"name":"Mini Clips k\u00f5rvar\u00f5ngad"}]},{"@type":"WebSite","@id":"https:\/\/lisakroeber.com\/#website","url":"https:\/\/lisakroeber.com\/","name":"Lisa Kroeber Jewellery Art","description":"Lisa Kroeber Jewellery Art e-shop","publisher":{"@id":"https:\/\/lisakroeber.com\/#organization"},"potentialAction":[{"@type":"SearchAction","target":{"@type":"EntryPoint","urlTemplate":"https:\/\/lisakroeber.com\/?s={search_term_string}"},"query-input":{"@type":"PropertyValueSpecification","valueRequired":true,"valueName":"search_term_string"}}],"inLanguage":"et"},{"@type":"Organization","@id":"https:\/\/lisakroeber.com\/#organization","name":"Lisa Kroeber Jewellery","url":"https:\/\/lisakroeber.com\/","logo":{"@type":"ImageObject","inLanguage":"et","@id":"https:\/\/lisakroeber.com\/#\/schema\/logo\/image\/","url":"https:\/\/lisakroeber.com\/wp-content\/uploads\/2024\/07\/47178367_317322115661289_143956003702964224_n-e1543863670541.svg","contentUrl":"https:\/\/lisakroeber.com\/wp-content\/uploads\/2024\/07\/47178367_317322115661289_143956003702964224_n-e1543863670541.svg","width":1,"height":1,"caption":"Lisa Kroeber Jewellery"},"image":{"@id":"https:\/\/lisakroeber.com\/#\/schema\/logo\/image\/"}}]}},"_links":{"self":[{"href":"https:\/\/lisakroeber.com\/et\/wp-json\/wp\/v2\/product\/24482","targetHints":{"allow":["GET"]}}],"collection":[{"href":"https:\/\/lisakroeber.com\/et\/wp-json\/wp\/v2\/product"}],"about":[{"href":"https:\/\/lisakroeber.com\/et\/wp-json\/wp\/v2\/types\/product"}],"wp:featuredmedia":[{"embeddable":true,"href":"https:\/\/lisakroeber.com\/et\/wp-json\/wp\/v2\/media\/20150"}],"wp:attachment":[{"href":"https:\/\/lisakroeber.com\/et\/wp-json\/wp\/v2\/media?parent=24482"}],"wp:term":[{"taxonomy":"product_brand","embeddable":true,"href":"https:\/\/lisakroeber.com\/et\/wp-json\/wp\/v2\/product_brand?post=24482"},{"taxonomy":"product_cat","embeddable":true,"href":"https:\/\/lisakroeber.com\/et\/wp-json\/wp\/v2\/product_cat?post=24482"},{"taxonomy":"product_tag","embeddable":true,"href":"https:\/\/lisakroeber.com\/et\/wp-json\/wp\/v2\/product_tag?post=24482"}],"curies":[{"name":"wp","href":"https:\/\/api.w.org\/{rel}","templated":true}]}}