{"id":24604,"date":"2019-03-07T13:52:03","date_gmt":"2019-03-07T11:52:03","guid":{"rendered":"https:\/\/lisakroeber.com\/uus\/product\/korvarongad-leaves-small\/"},"modified":"2026-04-19T21:55:31","modified_gmt":"2026-04-19T19:55:31","slug":"korvarongad-leaves-small","status":"publish","type":"product","link":"https:\/\/lisakroeber.com\/et\/toode\/korvarongad-leaves-small\/","title":{"rendered":"K\u00f5rvar\u00f5ngad Leaves Small"},"content":{"rendered":"<p><span data-sheets-value=\"{&quot;1&quot;:2,&quot;2&quot;:&quot;LEAVES on orgaanilise kujuga k\u00f5rvar\u00f5ngad ja ripatsid, mis on \u00fchtaegu tagasihoidlikud ja silmatorkavad. Leiate neid kahe erineva kuju ja suure v\u00e4rvivalikuga. LEHED sobivad igasuguste riietega, kui l\u00e4hete peole v\u00f5i kohtute oma parima s\u00f5braga, kui kiirustate t\u00f6\u00f6le v\u00f5i olete esimesel kohtingul.nnLEAVES SMALL on LEHTE v\u00e4ikseim variatsioon. See kujund oli \u00fcks esimesi, mille kujundasin ja seega leiate selle ka meie logolt.&quot;}\" data-sheets-userformat=\"{&quot;2&quot;:833,&quot;3&quot;:{&quot;1&quot;:0},&quot;9&quot;:1,&quot;11&quot;:4,&quot;12&quot;:0}\">LEAVES on orgaanilise kujuga k\u00f5rvar\u00f5ngad ja ripatsid, mis on \u00fchtaegu tagasihoidlikud ja silmatorkavad. Leiate neid kahe erineva kuju ja suure v\u00e4rvivalikuga. LEHED sobivad igasuguste riietega, kui l\u00e4hete peole v\u00f5i kohtute oma parima s\u00f5braga, kui kiirustate t\u00f6\u00f6le v\u00f5i olete esimesel kohtingul.<\/span><\/p>\n<p>LEAVES SMALL on LEHTE v\u00e4ikseim variatsioon. See kujund oli \u00fcks esimesi, mille kujundasin ja seega leiate selle ka meie logolt.<\/p>\n","protected":false},"excerpt":{"rendered":"<p><b>Leaves Small k\u00f5rvar\u00f5ngad<\/b><b><br \/>\n<\/b><span style=\"font-weight: 400;\"> Orgaaniline. Tagasihoidlikud.  Ajatu.<\/span><\/p>\n<p><span style=\"font-weight: 400;\"><i><span style=\"font-weight: 400;\">Leaves Small<\/span><\/i><\/span><span style=\"font-weight: 400;\"> k\u00f5rvar\u00f5ngad on orgaanilise kujuga, mis on samal ajal tagasihoidlikud, kuid pilkup\u00fc\u00fcdvad. Saadaval laias v\u00e4rvivalikus, lisavad need igale v\u00e4limusele loomuliku ja pingutuseta aktsendi. <\/span><\/p>\n<p><span style=\"font-weight: 400;\">Mitmek\u00fclgsed ja kergesti kantavad, <\/span><i><span style=\"font-weight: 400;\">V\u00e4ikesed Lehed<\/span><\/i><span style=\"font-weight: 400;\"> sobivad igaks s\u00fcndmuseks \u2013 olgu sa minemas peole, kohtumas parima s\u00f5braga, kiirustamas t\u00f6\u00f6le v\u00f5i minemas esimesele kohtingule. See kuju oli \u00fcks esimesi disaine, mille ma l\u00f5in ja mida leiab ka meie logolt, muutes selle t\u00f5eliseks signatuurtooteks. <\/span><\/p>\n<p><a href=\"https:\/\/lisakroeber.com\/de\/produkt\/ohrschmuck-sparkling-loops-copy-4\/\"><span style=\"font-weight: 400;\">J\u00e4lgi linki, et avastada S\u00e4delevad Lehek\u00f5rvar\u00f5ngad.<\/span><\/a><\/p>\n","protected":false},"featured_media":19793,"template":"","meta":{"content-type":""},"product_brand":[],"product_cat":[342,340,441],"product_tag":[],"class_list":{"0":"post-24604","1":"product","2":"type-product","3":"status-publish","4":"has-post-thumbnail","6":"product_cat-korvarongad","7":"product_cat-kollektsioonid","8":"product_cat-leaves-et","10":"first","11":"outofstock","12":"taxable","13":"shipping-taxable","14":"product-type-variable"},"yoast_head":"<!-- This site is optimized with the Yoast SEO plugin v27.4 - https:\/\/yoast.com\/product\/yoast-seo-wordpress\/ -->\n<title>K\u00f5rvar\u00f5ngad Leaves Small - Lisa Kroeber Jewellery Art<\/title>\n<meta name=\"robots\" content=\"index, follow, max-snippet:-1, max-image-preview:large, max-video-preview:-1\" \/>\n<link rel=\"canonical\" href=\"https:\/\/lisakroeber.com\/et\/toode\/korvarongad-leaves-small\/\" \/>\n<meta property=\"og:locale\" content=\"et_EE\" \/>\n<meta property=\"og:type\" content=\"article\" \/>\n<meta property=\"og:title\" content=\"K\u00f5rvar\u00f5ngad Leaves Small - Lisa Kroeber Jewellery Art\" \/>\n<meta property=\"og:description\" content=\"Leaves Small k\u00f5rvar\u00f5ngad Orgaaniline. Tagasihoidlikud. Ajatu. Leaves Small k\u00f5rvar\u00f5ngad on orgaanilise kujuga, mis on samal ajal tagasihoidlikud, kuid pilkup\u00fc\u00fcdvad. Saadaval laias v\u00e4rvivalikus, lisavad need igale v\u00e4limusele loomuliku ja pingutuseta aktsendi.  Mitmek\u00fclgsed ja kergesti kantavad, V\u00e4ikesed Lehed sobivad igaks s\u00fcndmuseks \u2013 olgu sa minemas peole, kohtumas parima s\u00f5braga, kiirustamas t\u00f6\u00f6le v\u00f5i minemas esimesele kohtingule. See kuju oli \u00fcks esimesi disaine, mille ma l\u00f5in ja mida leiab ka meie logolt, muutes selle t\u00f5eliseks signatuurtooteks.  J\u00e4lgi linki, et avastada S\u00e4delevad Lehek\u00f5rvar\u00f5ngad.\" \/>\n<meta property=\"og:url\" content=\"https:\/\/lisakroeber.com\/et\/toode\/korvarongad-leaves-small\/\" \/>\n<meta property=\"og:site_name\" content=\"Lisa Kroeber Jewellery Art\" \/>\n<meta property=\"article:modified_time\" content=\"2026-04-19T19:55:31+00:00\" \/>\n<meta property=\"og:image\" content=\"https:\/\/lisakroeber.com\/wp-content\/uploads\/2019\/03\/Leaves-Small-traffic-yellow-web-1-scaled.jpg\" \/>\n\t<meta property=\"og:image:width\" content=\"2419\" \/>\n\t<meta property=\"og:image:height\" content=\"2560\" \/>\n\t<meta property=\"og:image:type\" content=\"image\/jpeg\" \/>\n<meta name=\"twitter:card\" content=\"summary_large_image\" \/>\n<meta name=\"twitter:label1\" content=\"Est. reading time\" \/>\n\t<meta name=\"twitter:data1\" content=\"1 minut\" \/>\n<script type=\"application\/ld+json\" class=\"yoast-schema-graph\">{\"@context\":\"https:\\\/\\\/schema.org\",\"@graph\":[{\"@type\":\"WebPage\",\"@id\":\"https:\\\/\\\/lisakroeber.com\\\/et\\\/toode\\\/korvarongad-leaves-small\\\/\",\"url\":\"https:\\\/\\\/lisakroeber.com\\\/et\\\/toode\\\/korvarongad-leaves-small\\\/\",\"name\":\"K\u00f5rvar\u00f5ngad Leaves Small - Lisa Kroeber Jewellery Art\",\"isPartOf\":{\"@id\":\"https:\\\/\\\/lisakroeber.com\\\/#website\"},\"primaryImageOfPage\":{\"@id\":\"https:\\\/\\\/lisakroeber.com\\\/et\\\/toode\\\/korvarongad-leaves-small\\\/#primaryimage\"},\"image\":{\"@id\":\"https:\\\/\\\/lisakroeber.com\\\/et\\\/toode\\\/korvarongad-leaves-small\\\/#primaryimage\"},\"thumbnailUrl\":\"https:\\\/\\\/lisakroeber.com\\\/wp-content\\\/uploads\\\/2019\\\/03\\\/Leaves-Small-traffic-yellow-web-1-scaled.jpg\",\"datePublished\":\"2019-03-07T11:52:03+00:00\",\"dateModified\":\"2026-04-19T19:55:31+00:00\",\"breadcrumb\":{\"@id\":\"https:\\\/\\\/lisakroeber.com\\\/et\\\/toode\\\/korvarongad-leaves-small\\\/#breadcrumb\"},\"inLanguage\":\"et\",\"potentialAction\":[{\"@type\":\"ReadAction\",\"target\":[\"https:\\\/\\\/lisakroeber.com\\\/et\\\/toode\\\/korvarongad-leaves-small\\\/\"]}]},{\"@type\":\"ImageObject\",\"inLanguage\":\"et\",\"@id\":\"https:\\\/\\\/lisakroeber.com\\\/et\\\/toode\\\/korvarongad-leaves-small\\\/#primaryimage\",\"url\":\"https:\\\/\\\/lisakroeber.com\\\/wp-content\\\/uploads\\\/2019\\\/03\\\/Leaves-Small-traffic-yellow-web-1-scaled.jpg\",\"contentUrl\":\"https:\\\/\\\/lisakroeber.com\\\/wp-content\\\/uploads\\\/2019\\\/03\\\/Leaves-Small-traffic-yellow-web-1-scaled.jpg\",\"width\":2419,\"height\":2560},{\"@type\":\"BreadcrumbList\",\"@id\":\"https:\\\/\\\/lisakroeber.com\\\/et\\\/toode\\\/korvarongad-leaves-small\\\/#breadcrumb\",\"itemListElement\":[{\"@type\":\"ListItem\",\"position\":1,\"name\":\"Home\",\"item\":\"https:\\\/\\\/lisakroeber.com\\\/et\\\/\"},{\"@type\":\"ListItem\",\"position\":2,\"name\":\"Pood\",\"item\":\"https:\\\/\\\/lisakroeber.com\\\/et\\\/pood\\\/\"},{\"@type\":\"ListItem\",\"position\":3,\"name\":\"K\u00f5rvar\u00f5ngad Leaves Small\"}]},{\"@type\":\"WebSite\",\"@id\":\"https:\\\/\\\/lisakroeber.com\\\/#website\",\"url\":\"https:\\\/\\\/lisakroeber.com\\\/\",\"name\":\"Lisa Kroeber Jewellery Art\",\"description\":\"Lisa Kroeber Jewellery Art e-shop\",\"publisher\":{\"@id\":\"https:\\\/\\\/lisakroeber.com\\\/#organization\"},\"potentialAction\":[{\"@type\":\"SearchAction\",\"target\":{\"@type\":\"EntryPoint\",\"urlTemplate\":\"https:\\\/\\\/lisakroeber.com\\\/?s={search_term_string}\"},\"query-input\":{\"@type\":\"PropertyValueSpecification\",\"valueRequired\":true,\"valueName\":\"search_term_string\"}}],\"inLanguage\":\"et\"},{\"@type\":\"Organization\",\"@id\":\"https:\\\/\\\/lisakroeber.com\\\/#organization\",\"name\":\"Lisa Kroeber Jewellery\",\"url\":\"https:\\\/\\\/lisakroeber.com\\\/\",\"logo\":{\"@type\":\"ImageObject\",\"inLanguage\":\"et\",\"@id\":\"https:\\\/\\\/lisakroeber.com\\\/#\\\/schema\\\/logo\\\/image\\\/\",\"url\":\"https:\\\/\\\/lisakroeber.com\\\/wp-content\\\/uploads\\\/2024\\\/07\\\/47178367_317322115661289_143956003702964224_n-e1543863670541.svg\",\"contentUrl\":\"https:\\\/\\\/lisakroeber.com\\\/wp-content\\\/uploads\\\/2024\\\/07\\\/47178367_317322115661289_143956003702964224_n-e1543863670541.svg\",\"width\":1,\"height\":1,\"caption\":\"Lisa Kroeber Jewellery\"},\"image\":{\"@id\":\"https:\\\/\\\/lisakroeber.com\\\/#\\\/schema\\\/logo\\\/image\\\/\"}}]}<\/script>\n<!-- \/ Yoast SEO plugin. -->","yoast_head_json":{"title":"K\u00f5rvar\u00f5ngad Leaves Small - Lisa Kroeber Jewellery Art","robots":{"index":"index","follow":"follow","max-snippet":"max-snippet:-1","max-image-preview":"max-image-preview:large","max-video-preview":"max-video-preview:-1"},"canonical":"https:\/\/lisakroeber.com\/et\/toode\/korvarongad-leaves-small\/","og_locale":"et_EE","og_type":"article","og_title":"K\u00f5rvar\u00f5ngad Leaves Small - Lisa Kroeber Jewellery Art","og_description":"Leaves Small k\u00f5rvar\u00f5ngad Orgaaniline. Tagasihoidlikud. Ajatu. Leaves Small k\u00f5rvar\u00f5ngad on orgaanilise kujuga, mis on samal ajal tagasihoidlikud, kuid pilkup\u00fc\u00fcdvad. Saadaval laias v\u00e4rvivalikus, lisavad need igale v\u00e4limusele loomuliku ja pingutuseta aktsendi.  Mitmek\u00fclgsed ja kergesti kantavad, V\u00e4ikesed Lehed sobivad igaks s\u00fcndmuseks \u2013 olgu sa minemas peole, kohtumas parima s\u00f5braga, kiirustamas t\u00f6\u00f6le v\u00f5i minemas esimesele kohtingule. See kuju oli \u00fcks esimesi disaine, mille ma l\u00f5in ja mida leiab ka meie logolt, muutes selle t\u00f5eliseks signatuurtooteks.  J\u00e4lgi linki, et avastada S\u00e4delevad Lehek\u00f5rvar\u00f5ngad.","og_url":"https:\/\/lisakroeber.com\/et\/toode\/korvarongad-leaves-small\/","og_site_name":"Lisa Kroeber Jewellery Art","article_modified_time":"2026-04-19T19:55:31+00:00","og_image":[{"width":2419,"height":2560,"url":"https:\/\/lisakroeber.com\/wp-content\/uploads\/2019\/03\/Leaves-Small-traffic-yellow-web-1-scaled.jpg","type":"image\/jpeg"}],"twitter_card":"summary_large_image","twitter_misc":{"Est. reading time":"1 minut"},"schema":{"@context":"https:\/\/schema.org","@graph":[{"@type":"WebPage","@id":"https:\/\/lisakroeber.com\/et\/toode\/korvarongad-leaves-small\/","url":"https:\/\/lisakroeber.com\/et\/toode\/korvarongad-leaves-small\/","name":"K\u00f5rvar\u00f5ngad Leaves Small - Lisa Kroeber Jewellery Art","isPartOf":{"@id":"https:\/\/lisakroeber.com\/#website"},"primaryImageOfPage":{"@id":"https:\/\/lisakroeber.com\/et\/toode\/korvarongad-leaves-small\/#primaryimage"},"image":{"@id":"https:\/\/lisakroeber.com\/et\/toode\/korvarongad-leaves-small\/#primaryimage"},"thumbnailUrl":"https:\/\/lisakroeber.com\/wp-content\/uploads\/2019\/03\/Leaves-Small-traffic-yellow-web-1-scaled.jpg","datePublished":"2019-03-07T11:52:03+00:00","dateModified":"2026-04-19T19:55:31+00:00","breadcrumb":{"@id":"https:\/\/lisakroeber.com\/et\/toode\/korvarongad-leaves-small\/#breadcrumb"},"inLanguage":"et","potentialAction":[{"@type":"ReadAction","target":["https:\/\/lisakroeber.com\/et\/toode\/korvarongad-leaves-small\/"]}]},{"@type":"ImageObject","inLanguage":"et","@id":"https:\/\/lisakroeber.com\/et\/toode\/korvarongad-leaves-small\/#primaryimage","url":"https:\/\/lisakroeber.com\/wp-content\/uploads\/2019\/03\/Leaves-Small-traffic-yellow-web-1-scaled.jpg","contentUrl":"https:\/\/lisakroeber.com\/wp-content\/uploads\/2019\/03\/Leaves-Small-traffic-yellow-web-1-scaled.jpg","width":2419,"height":2560},{"@type":"BreadcrumbList","@id":"https:\/\/lisakroeber.com\/et\/toode\/korvarongad-leaves-small\/#breadcrumb","itemListElement":[{"@type":"ListItem","position":1,"name":"Home","item":"https:\/\/lisakroeber.com\/et\/"},{"@type":"ListItem","position":2,"name":"Pood","item":"https:\/\/lisakroeber.com\/et\/pood\/"},{"@type":"ListItem","position":3,"name":"K\u00f5rvar\u00f5ngad Leaves Small"}]},{"@type":"WebSite","@id":"https:\/\/lisakroeber.com\/#website","url":"https:\/\/lisakroeber.com\/","name":"Lisa Kroeber Jewellery Art","description":"Lisa Kroeber Jewellery Art e-shop","publisher":{"@id":"https:\/\/lisakroeber.com\/#organization"},"potentialAction":[{"@type":"SearchAction","target":{"@type":"EntryPoint","urlTemplate":"https:\/\/lisakroeber.com\/?s={search_term_string}"},"query-input":{"@type":"PropertyValueSpecification","valueRequired":true,"valueName":"search_term_string"}}],"inLanguage":"et"},{"@type":"Organization","@id":"https:\/\/lisakroeber.com\/#organization","name":"Lisa Kroeber Jewellery","url":"https:\/\/lisakroeber.com\/","logo":{"@type":"ImageObject","inLanguage":"et","@id":"https:\/\/lisakroeber.com\/#\/schema\/logo\/image\/","url":"https:\/\/lisakroeber.com\/wp-content\/uploads\/2024\/07\/47178367_317322115661289_143956003702964224_n-e1543863670541.svg","contentUrl":"https:\/\/lisakroeber.com\/wp-content\/uploads\/2024\/07\/47178367_317322115661289_143956003702964224_n-e1543863670541.svg","width":1,"height":1,"caption":"Lisa Kroeber Jewellery"},"image":{"@id":"https:\/\/lisakroeber.com\/#\/schema\/logo\/image\/"}}]}},"_links":{"self":[{"href":"https:\/\/lisakroeber.com\/et\/wp-json\/wp\/v2\/product\/24604","targetHints":{"allow":["GET"]}}],"collection":[{"href":"https:\/\/lisakroeber.com\/et\/wp-json\/wp\/v2\/product"}],"about":[{"href":"https:\/\/lisakroeber.com\/et\/wp-json\/wp\/v2\/types\/product"}],"wp:featuredmedia":[{"embeddable":true,"href":"https:\/\/lisakroeber.com\/et\/wp-json\/wp\/v2\/media\/19793"}],"wp:attachment":[{"href":"https:\/\/lisakroeber.com\/et\/wp-json\/wp\/v2\/media?parent=24604"}],"wp:term":[{"taxonomy":"product_brand","embeddable":true,"href":"https:\/\/lisakroeber.com\/et\/wp-json\/wp\/v2\/product_brand?post=24604"},{"taxonomy":"product_cat","embeddable":true,"href":"https:\/\/lisakroeber.com\/et\/wp-json\/wp\/v2\/product_cat?post=24604"},{"taxonomy":"product_tag","embeddable":true,"href":"https:\/\/lisakroeber.com\/et\/wp-json\/wp\/v2\/product_tag?post=24604"}],"curies":[{"name":"wp","href":"https:\/\/api.w.org\/{rel}","templated":true}]}}