{"id":24835,"date":"2019-08-12T11:05:15","date_gmt":"2019-08-12T09:05:15","guid":{"rendered":"https:\/\/lisakroeber.com\/uus\/product\/korvarongad-folded-vertical\/"},"modified":"2026-04-28T11:44:50","modified_gmt":"2026-04-28T09:44:50","slug":"korvarongad-folded-vertical","status":"publish","type":"product","link":"https:\/\/lisakroeber.com\/et\/toode\/korvarongad-folded-vertical\/","title":{"rendered":"K\u00f5rvar\u00f5ngad Folded Vertical"},"content":{"rendered":"<p><span style=\"color: #333333;\">FOLDED VERTICAL k\u00f5rvar\u00f5ngad on pilkup\u00fc\u00fcdvad, need on suuremad kui nende eelk\u00e4ija ja m\u00e4ngivad sinu riietuses peaosa.<\/span><\/p>\n<p>&nbsp;<\/p>\n","protected":false},"excerpt":{"rendered":"<p><b>Folded Vertical Earrings<\/b><b><br \/>\n<\/b><span style=\"font-weight: 400;\"> Julge. Skulpturaalne. V\u00e4ljendusrikkad.<\/span><\/p>\n<p><span style=\"font-weight: 400;\"><i>The <span style=\"font-weight: 400;\">Folded Vertical<\/span><\/i><\/span><span style=\"font-weight: 400;\"> K\u00f5rvar\u00f5ngad on t\u00f5elised statement-ehted. Varasematest suuremad, loodud juhtrolli v\u00f5tma ja sinu stiili m\u00e4\u00e4ratlema. Nende vertikaalne vorm r\u00f5hutab ikoonilist Folded disaini, luues tugeva, arhitektuurse kohalolu, mis m\u00e4ngib valguse ja liikumisega. Ideaalne valik outfit\u2019idele, mis vajavad enesekindlust ja selgust.   <\/span><\/p>\n<p><a href=\"https:\/\/lisakroeber.com\/et\/toode\/korvarongad-sparkling-double-folded-kopie\/\"><span style=\"font-weight: 400;\">Kliki siia ja avasta Sparkling Folded Vertical k\u00f5rvar\u00f5ngad.<\/span><\/a><\/p>\n<p>&nbsp;<\/p>\n","protected":false},"featured_media":19644,"template":"","meta":{"content-type":""},"product_brand":[],"product_cat":[446,342,340],"product_tag":[],"class_list":{"0":"post-24835","1":"product","2":"type-product","3":"status-publish","4":"has-post-thumbnail","6":"product_cat-folded-et","7":"product_cat-korvarongad","8":"product_cat-kollektsioonid","10":"first","11":"instock","12":"taxable","13":"shipping-taxable","14":"purchasable","15":"product-type-variable"},"yoast_head":"<!-- This site is optimized with the Yoast SEO plugin v27.5 - https:\/\/yoast.com\/product\/yoast-seo-wordpress\/ -->\n<title>K\u00f5rvar\u00f5ngad Folded Vertical - Lisa Kroeber Jewellery Art<\/title>\n<meta name=\"robots\" content=\"index, follow, max-snippet:-1, max-image-preview:large, max-video-preview:-1\" \/>\n<link rel=\"canonical\" href=\"https:\/\/lisakroeber.com\/et\/toode\/korvarongad-folded-vertical\/\" \/>\n<meta property=\"og:locale\" content=\"et_EE\" \/>\n<meta property=\"og:type\" content=\"article\" \/>\n<meta property=\"og:title\" content=\"K\u00f5rvar\u00f5ngad Folded Vertical - Lisa Kroeber Jewellery Art\" \/>\n<meta property=\"og:description\" content=\"Folded Vertical Earrings Julge. Skulpturaalne. V\u00e4ljendusrikkad. The Folded Vertical K\u00f5rvar\u00f5ngad on t\u00f5elised statement-ehted. Varasematest suuremad, loodud juhtrolli v\u00f5tma ja sinu stiili m\u00e4\u00e4ratlema. Nende vertikaalne vorm r\u00f5hutab ikoonilist Folded disaini, luues tugeva, arhitektuurse kohalolu, mis m\u00e4ngib valguse ja liikumisega. Ideaalne valik outfit\u2019idele, mis vajavad enesekindlust ja selgust.   Kliki siia ja avasta Sparkling Folded Vertical k\u00f5rvar\u00f5ngad. &nbsp;\" \/>\n<meta property=\"og:url\" content=\"https:\/\/lisakroeber.com\/et\/toode\/korvarongad-folded-vertical\/\" \/>\n<meta property=\"og:site_name\" content=\"Lisa Kroeber Jewellery Art\" \/>\n<meta property=\"article:modified_time\" content=\"2026-04-28T09:44:50+00:00\" \/>\n<meta property=\"og:image\" content=\"https:\/\/lisakroeber.com\/wp-content\/uploads\/2019\/08\/FV6019-scaled.jpg\" \/>\n\t<meta property=\"og:image:width\" content=\"2560\" \/>\n\t<meta property=\"og:image:height\" content=\"1710\" \/>\n\t<meta property=\"og:image:type\" content=\"image\/jpeg\" \/>\n<meta name=\"twitter:card\" content=\"summary_large_image\" \/>\n<meta name=\"twitter:label1\" content=\"Est. reading time\" \/>\n\t<meta name=\"twitter:data1\" content=\"1 minut\" \/>\n<script type=\"application\/ld+json\" class=\"yoast-schema-graph\">{\"@context\":\"https:\\\/\\\/schema.org\",\"@graph\":[{\"@type\":\"WebPage\",\"@id\":\"https:\\\/\\\/lisakroeber.com\\\/et\\\/toode\\\/korvarongad-folded-vertical\\\/\",\"url\":\"https:\\\/\\\/lisakroeber.com\\\/et\\\/toode\\\/korvarongad-folded-vertical\\\/\",\"name\":\"K\u00f5rvar\u00f5ngad Folded Vertical - Lisa Kroeber Jewellery Art\",\"isPartOf\":{\"@id\":\"https:\\\/\\\/lisakroeber.com\\\/#website\"},\"primaryImageOfPage\":{\"@id\":\"https:\\\/\\\/lisakroeber.com\\\/et\\\/toode\\\/korvarongad-folded-vertical\\\/#primaryimage\"},\"image\":{\"@id\":\"https:\\\/\\\/lisakroeber.com\\\/et\\\/toode\\\/korvarongad-folded-vertical\\\/#primaryimage\"},\"thumbnailUrl\":\"https:\\\/\\\/lisakroeber.com\\\/wp-content\\\/uploads\\\/2019\\\/08\\\/FV6019-scaled.jpg\",\"datePublished\":\"2019-08-12T09:05:15+00:00\",\"dateModified\":\"2026-04-28T09:44:50+00:00\",\"breadcrumb\":{\"@id\":\"https:\\\/\\\/lisakroeber.com\\\/et\\\/toode\\\/korvarongad-folded-vertical\\\/#breadcrumb\"},\"inLanguage\":\"et\",\"potentialAction\":[{\"@type\":\"ReadAction\",\"target\":[\"https:\\\/\\\/lisakroeber.com\\\/et\\\/toode\\\/korvarongad-folded-vertical\\\/\"]}]},{\"@type\":\"ImageObject\",\"inLanguage\":\"et\",\"@id\":\"https:\\\/\\\/lisakroeber.com\\\/et\\\/toode\\\/korvarongad-folded-vertical\\\/#primaryimage\",\"url\":\"https:\\\/\\\/lisakroeber.com\\\/wp-content\\\/uploads\\\/2019\\\/08\\\/FV6019-scaled.jpg\",\"contentUrl\":\"https:\\\/\\\/lisakroeber.com\\\/wp-content\\\/uploads\\\/2019\\\/08\\\/FV6019-scaled.jpg\",\"width\":2560,\"height\":1710},{\"@type\":\"BreadcrumbList\",\"@id\":\"https:\\\/\\\/lisakroeber.com\\\/et\\\/toode\\\/korvarongad-folded-vertical\\\/#breadcrumb\",\"itemListElement\":[{\"@type\":\"ListItem\",\"position\":1,\"name\":\"Home\",\"item\":\"https:\\\/\\\/lisakroeber.com\\\/et\\\/\"},{\"@type\":\"ListItem\",\"position\":2,\"name\":\"Pood\",\"item\":\"https:\\\/\\\/lisakroeber.com\\\/et\\\/pood\\\/\"},{\"@type\":\"ListItem\",\"position\":3,\"name\":\"K\u00f5rvar\u00f5ngad Folded Vertical\"}]},{\"@type\":\"WebSite\",\"@id\":\"https:\\\/\\\/lisakroeber.com\\\/#website\",\"url\":\"https:\\\/\\\/lisakroeber.com\\\/\",\"name\":\"Lisa Kroeber Jewellery Art\",\"description\":\"Lisa Kroeber Jewellery Art e-shop\",\"publisher\":{\"@id\":\"https:\\\/\\\/lisakroeber.com\\\/#organization\"},\"potentialAction\":[{\"@type\":\"SearchAction\",\"target\":{\"@type\":\"EntryPoint\",\"urlTemplate\":\"https:\\\/\\\/lisakroeber.com\\\/?s={search_term_string}\"},\"query-input\":{\"@type\":\"PropertyValueSpecification\",\"valueRequired\":true,\"valueName\":\"search_term_string\"}}],\"inLanguage\":\"et\"},{\"@type\":\"Organization\",\"@id\":\"https:\\\/\\\/lisakroeber.com\\\/#organization\",\"name\":\"Lisa Kroeber Jewellery\",\"url\":\"https:\\\/\\\/lisakroeber.com\\\/\",\"logo\":{\"@type\":\"ImageObject\",\"inLanguage\":\"et\",\"@id\":\"https:\\\/\\\/lisakroeber.com\\\/#\\\/schema\\\/logo\\\/image\\\/\",\"url\":\"https:\\\/\\\/lisakroeber.com\\\/wp-content\\\/uploads\\\/2024\\\/07\\\/47178367_317322115661289_143956003702964224_n-e1543863670541.svg\",\"contentUrl\":\"https:\\\/\\\/lisakroeber.com\\\/wp-content\\\/uploads\\\/2024\\\/07\\\/47178367_317322115661289_143956003702964224_n-e1543863670541.svg\",\"width\":1,\"height\":1,\"caption\":\"Lisa Kroeber Jewellery\"},\"image\":{\"@id\":\"https:\\\/\\\/lisakroeber.com\\\/#\\\/schema\\\/logo\\\/image\\\/\"}}]}<\/script>\n<!-- \/ Yoast SEO plugin. -->","yoast_head_json":{"title":"K\u00f5rvar\u00f5ngad Folded Vertical - Lisa Kroeber Jewellery Art","robots":{"index":"index","follow":"follow","max-snippet":"max-snippet:-1","max-image-preview":"max-image-preview:large","max-video-preview":"max-video-preview:-1"},"canonical":"https:\/\/lisakroeber.com\/et\/toode\/korvarongad-folded-vertical\/","og_locale":"et_EE","og_type":"article","og_title":"K\u00f5rvar\u00f5ngad Folded Vertical - Lisa Kroeber Jewellery Art","og_description":"Folded Vertical Earrings Julge. Skulpturaalne. V\u00e4ljendusrikkad. The Folded Vertical K\u00f5rvar\u00f5ngad on t\u00f5elised statement-ehted. Varasematest suuremad, loodud juhtrolli v\u00f5tma ja sinu stiili m\u00e4\u00e4ratlema. Nende vertikaalne vorm r\u00f5hutab ikoonilist Folded disaini, luues tugeva, arhitektuurse kohalolu, mis m\u00e4ngib valguse ja liikumisega. Ideaalne valik outfit\u2019idele, mis vajavad enesekindlust ja selgust.   Kliki siia ja avasta Sparkling Folded Vertical k\u00f5rvar\u00f5ngad. &nbsp;","og_url":"https:\/\/lisakroeber.com\/et\/toode\/korvarongad-folded-vertical\/","og_site_name":"Lisa Kroeber Jewellery Art","article_modified_time":"2026-04-28T09:44:50+00:00","og_image":[{"width":2560,"height":1710,"url":"https:\/\/lisakroeber.com\/wp-content\/uploads\/2019\/08\/FV6019-scaled.jpg","type":"image\/jpeg"}],"twitter_card":"summary_large_image","twitter_misc":{"Est. reading time":"1 minut"},"schema":{"@context":"https:\/\/schema.org","@graph":[{"@type":"WebPage","@id":"https:\/\/lisakroeber.com\/et\/toode\/korvarongad-folded-vertical\/","url":"https:\/\/lisakroeber.com\/et\/toode\/korvarongad-folded-vertical\/","name":"K\u00f5rvar\u00f5ngad Folded Vertical - Lisa Kroeber Jewellery Art","isPartOf":{"@id":"https:\/\/lisakroeber.com\/#website"},"primaryImageOfPage":{"@id":"https:\/\/lisakroeber.com\/et\/toode\/korvarongad-folded-vertical\/#primaryimage"},"image":{"@id":"https:\/\/lisakroeber.com\/et\/toode\/korvarongad-folded-vertical\/#primaryimage"},"thumbnailUrl":"https:\/\/lisakroeber.com\/wp-content\/uploads\/2019\/08\/FV6019-scaled.jpg","datePublished":"2019-08-12T09:05:15+00:00","dateModified":"2026-04-28T09:44:50+00:00","breadcrumb":{"@id":"https:\/\/lisakroeber.com\/et\/toode\/korvarongad-folded-vertical\/#breadcrumb"},"inLanguage":"et","potentialAction":[{"@type":"ReadAction","target":["https:\/\/lisakroeber.com\/et\/toode\/korvarongad-folded-vertical\/"]}]},{"@type":"ImageObject","inLanguage":"et","@id":"https:\/\/lisakroeber.com\/et\/toode\/korvarongad-folded-vertical\/#primaryimage","url":"https:\/\/lisakroeber.com\/wp-content\/uploads\/2019\/08\/FV6019-scaled.jpg","contentUrl":"https:\/\/lisakroeber.com\/wp-content\/uploads\/2019\/08\/FV6019-scaled.jpg","width":2560,"height":1710},{"@type":"BreadcrumbList","@id":"https:\/\/lisakroeber.com\/et\/toode\/korvarongad-folded-vertical\/#breadcrumb","itemListElement":[{"@type":"ListItem","position":1,"name":"Home","item":"https:\/\/lisakroeber.com\/et\/"},{"@type":"ListItem","position":2,"name":"Pood","item":"https:\/\/lisakroeber.com\/et\/pood\/"},{"@type":"ListItem","position":3,"name":"K\u00f5rvar\u00f5ngad Folded Vertical"}]},{"@type":"WebSite","@id":"https:\/\/lisakroeber.com\/#website","url":"https:\/\/lisakroeber.com\/","name":"Lisa Kroeber Jewellery Art","description":"Lisa Kroeber Jewellery Art e-shop","publisher":{"@id":"https:\/\/lisakroeber.com\/#organization"},"potentialAction":[{"@type":"SearchAction","target":{"@type":"EntryPoint","urlTemplate":"https:\/\/lisakroeber.com\/?s={search_term_string}"},"query-input":{"@type":"PropertyValueSpecification","valueRequired":true,"valueName":"search_term_string"}}],"inLanguage":"et"},{"@type":"Organization","@id":"https:\/\/lisakroeber.com\/#organization","name":"Lisa Kroeber Jewellery","url":"https:\/\/lisakroeber.com\/","logo":{"@type":"ImageObject","inLanguage":"et","@id":"https:\/\/lisakroeber.com\/#\/schema\/logo\/image\/","url":"https:\/\/lisakroeber.com\/wp-content\/uploads\/2024\/07\/47178367_317322115661289_143956003702964224_n-e1543863670541.svg","contentUrl":"https:\/\/lisakroeber.com\/wp-content\/uploads\/2024\/07\/47178367_317322115661289_143956003702964224_n-e1543863670541.svg","width":1,"height":1,"caption":"Lisa Kroeber Jewellery"},"image":{"@id":"https:\/\/lisakroeber.com\/#\/schema\/logo\/image\/"}}]}},"_links":{"self":[{"href":"https:\/\/lisakroeber.com\/et\/wp-json\/wp\/v2\/product\/24835","targetHints":{"allow":["GET"]}}],"collection":[{"href":"https:\/\/lisakroeber.com\/et\/wp-json\/wp\/v2\/product"}],"about":[{"href":"https:\/\/lisakroeber.com\/et\/wp-json\/wp\/v2\/types\/product"}],"wp:featuredmedia":[{"embeddable":true,"href":"https:\/\/lisakroeber.com\/et\/wp-json\/wp\/v2\/media\/19644"}],"wp:attachment":[{"href":"https:\/\/lisakroeber.com\/et\/wp-json\/wp\/v2\/media?parent=24835"}],"wp:term":[{"taxonomy":"product_brand","embeddable":true,"href":"https:\/\/lisakroeber.com\/et\/wp-json\/wp\/v2\/product_brand?post=24835"},{"taxonomy":"product_cat","embeddable":true,"href":"https:\/\/lisakroeber.com\/et\/wp-json\/wp\/v2\/product_cat?post=24835"},{"taxonomy":"product_tag","embeddable":true,"href":"https:\/\/lisakroeber.com\/et\/wp-json\/wp\/v2\/product_tag?post=24835"}],"curies":[{"name":"wp","href":"https:\/\/api.w.org\/{rel}","templated":true}]}}