{"id":24943,"date":"2021-01-30T14:16:36","date_gmt":"2021-01-30T12:16:36","guid":{"rendered":"https:\/\/lisakroeber.com\/uus\/product\/korvarongad-tubes-small\/"},"modified":"2026-04-07T19:43:37","modified_gmt":"2026-04-07T17:43:37","slug":"korvarongad-tubes-small","status":"publish","type":"product","link":"https:\/\/lisakroeber.com\/et\/toode\/korvarongad-tubes-small\/","title":{"rendered":"K\u00f5rvar\u00f5ngad Tubes Small"},"content":{"rendered":"","protected":false},"excerpt":{"rendered":"<p>!FINAL SALE!\u00a0 \u00a0 !FINAL SALE!\u00a0 \u00a0 !FINAL SALE!\u00a0 \u00a0 !FINAL SALE!<\/p>\n<p><span data-sheets-value=\"{&quot;1&quot;:2,&quot;2&quot;:&quot;TUBES SMALL on \u00fchev\u00e4rvilised k\u00f5rvar\u00f5ngad meie kollektsioonist TUBES. Kui soovid teha need kahev\u00e4rviliseks, siis kirjuta v\u00e4ljaregistreerimisel kommentaaridesse oma lemmikv\u00e4rvid ja me toodame need just Sinu soovide j\u00e4rgi.&quot;}\" data-sheets-userformat=\"{&quot;2&quot;:833,&quot;3&quot;:{&quot;1&quot;:0},&quot;9&quot;:1,&quot;11&quot;:4,&quot;12&quot;:0}\">TUBES SMALL on \u00fchev\u00e4rvilised k\u00f5rvar\u00f5ngad meie kollektsioonist TUBES. Kui soovid teha need kahev\u00e4rviliseks, siis kirjuta v\u00e4ljaregistreerimisel kommentaaridesse oma lemmikv\u00e4rvid ja me toodame need just Sinu soovide j\u00e4rgi.<\/span><\/p>\n","protected":false},"featured_media":19781,"template":"","meta":{"content-type":""},"product_brand":[],"product_cat":[342,469],"product_tag":[868],"class_list":{"0":"post-24943","1":"product","2":"type-product","3":"status-publish","4":"has-post-thumbnail","6":"product_cat-korvarongad","7":"product_cat-tubes-et","8":"product_tag-soodus","10":"first","11":"instock","12":"sale","13":"taxable","14":"shipping-taxable","15":"purchasable","16":"product-type-variable"},"yoast_head":"<!-- This site is optimized with the Yoast SEO plugin v27.4 - https:\/\/yoast.com\/product\/yoast-seo-wordpress\/ -->\n<title>K\u00f5rvar\u00f5ngad Tubes Small - Lisa Kroeber Jewellery Art<\/title>\n<meta name=\"robots\" content=\"index, follow, max-snippet:-1, max-image-preview:large, max-video-preview:-1\" \/>\n<link rel=\"canonical\" href=\"https:\/\/lisakroeber.com\/et\/toode\/korvarongad-tubes-small\/\" \/>\n<meta property=\"og:locale\" content=\"et_EE\" \/>\n<meta property=\"og:type\" content=\"article\" \/>\n<meta property=\"og:title\" content=\"K\u00f5rvar\u00f5ngad Tubes Small - Lisa Kroeber Jewellery Art\" \/>\n<meta property=\"og:description\" content=\"!FINAL SALE!\u00a0 \u00a0 !FINAL SALE!\u00a0 \u00a0 !FINAL SALE!\u00a0 \u00a0 !FINAL SALE!  TUBES SMALL on \u00fchev\u00e4rvilised k\u00f5rvar\u00f5ngad meie kollektsioonist TUBES. Kui soovid teha need kahev\u00e4rviliseks, siis kirjuta v\u00e4ljaregistreerimisel kommentaaridesse oma lemmikv\u00e4rvid ja me toodame need just Sinu soovide j\u00e4rgi.\" \/>\n<meta property=\"og:url\" content=\"https:\/\/lisakroeber.com\/et\/toode\/korvarongad-tubes-small\/\" \/>\n<meta property=\"og:site_name\" content=\"Lisa Kroeber Jewellery Art\" \/>\n<meta property=\"article:modified_time\" content=\"2026-04-07T17:43:37+00:00\" \/>\n<meta property=\"og:image\" content=\"https:\/\/lisakroeber.com\/wp-content\/uploads\/2021\/01\/tubes-small-magenta-web-1-scaled.jpg\" \/>\n\t<meta property=\"og:image:width\" content=\"2419\" \/>\n\t<meta property=\"og:image:height\" content=\"2560\" \/>\n\t<meta property=\"og:image:type\" content=\"image\/jpeg\" \/>\n<meta name=\"twitter:card\" content=\"summary_large_image\" \/>\n<meta name=\"twitter:label1\" content=\"Est. reading time\" \/>\n\t<meta name=\"twitter:data1\" content=\"1 minut\" \/>\n<script type=\"application\/ld+json\" class=\"yoast-schema-graph\">{\"@context\":\"https:\\\/\\\/schema.org\",\"@graph\":[{\"@type\":\"WebPage\",\"@id\":\"https:\\\/\\\/lisakroeber.com\\\/et\\\/toode\\\/korvarongad-tubes-small\\\/\",\"url\":\"https:\\\/\\\/lisakroeber.com\\\/et\\\/toode\\\/korvarongad-tubes-small\\\/\",\"name\":\"K\u00f5rvar\u00f5ngad Tubes Small - Lisa Kroeber Jewellery Art\",\"isPartOf\":{\"@id\":\"https:\\\/\\\/lisakroeber.com\\\/#website\"},\"primaryImageOfPage\":{\"@id\":\"https:\\\/\\\/lisakroeber.com\\\/et\\\/toode\\\/korvarongad-tubes-small\\\/#primaryimage\"},\"image\":{\"@id\":\"https:\\\/\\\/lisakroeber.com\\\/et\\\/toode\\\/korvarongad-tubes-small\\\/#primaryimage\"},\"thumbnailUrl\":\"https:\\\/\\\/lisakroeber.com\\\/wp-content\\\/uploads\\\/2021\\\/01\\\/tubes-small-magenta-web-1-scaled.jpg\",\"datePublished\":\"2021-01-30T12:16:36+00:00\",\"dateModified\":\"2026-04-07T17:43:37+00:00\",\"breadcrumb\":{\"@id\":\"https:\\\/\\\/lisakroeber.com\\\/et\\\/toode\\\/korvarongad-tubes-small\\\/#breadcrumb\"},\"inLanguage\":\"et\",\"potentialAction\":[{\"@type\":\"ReadAction\",\"target\":[\"https:\\\/\\\/lisakroeber.com\\\/et\\\/toode\\\/korvarongad-tubes-small\\\/\"]}]},{\"@type\":\"ImageObject\",\"inLanguage\":\"et\",\"@id\":\"https:\\\/\\\/lisakroeber.com\\\/et\\\/toode\\\/korvarongad-tubes-small\\\/#primaryimage\",\"url\":\"https:\\\/\\\/lisakroeber.com\\\/wp-content\\\/uploads\\\/2021\\\/01\\\/tubes-small-magenta-web-1-scaled.jpg\",\"contentUrl\":\"https:\\\/\\\/lisakroeber.com\\\/wp-content\\\/uploads\\\/2021\\\/01\\\/tubes-small-magenta-web-1-scaled.jpg\",\"width\":2419,\"height\":2560},{\"@type\":\"BreadcrumbList\",\"@id\":\"https:\\\/\\\/lisakroeber.com\\\/et\\\/toode\\\/korvarongad-tubes-small\\\/#breadcrumb\",\"itemListElement\":[{\"@type\":\"ListItem\",\"position\":1,\"name\":\"Home\",\"item\":\"https:\\\/\\\/lisakroeber.com\\\/et\\\/\"},{\"@type\":\"ListItem\",\"position\":2,\"name\":\"Pood\",\"item\":\"https:\\\/\\\/lisakroeber.com\\\/et\\\/pood\\\/\"},{\"@type\":\"ListItem\",\"position\":3,\"name\":\"K\u00f5rvar\u00f5ngad Tubes Small\"}]},{\"@type\":\"WebSite\",\"@id\":\"https:\\\/\\\/lisakroeber.com\\\/#website\",\"url\":\"https:\\\/\\\/lisakroeber.com\\\/\",\"name\":\"Lisa Kroeber Jewellery Art\",\"description\":\"Lisa Kroeber Jewellery Art e-shop\",\"publisher\":{\"@id\":\"https:\\\/\\\/lisakroeber.com\\\/#organization\"},\"potentialAction\":[{\"@type\":\"SearchAction\",\"target\":{\"@type\":\"EntryPoint\",\"urlTemplate\":\"https:\\\/\\\/lisakroeber.com\\\/?s={search_term_string}\"},\"query-input\":{\"@type\":\"PropertyValueSpecification\",\"valueRequired\":true,\"valueName\":\"search_term_string\"}}],\"inLanguage\":\"et\"},{\"@type\":\"Organization\",\"@id\":\"https:\\\/\\\/lisakroeber.com\\\/#organization\",\"name\":\"Lisa Kroeber Jewellery\",\"url\":\"https:\\\/\\\/lisakroeber.com\\\/\",\"logo\":{\"@type\":\"ImageObject\",\"inLanguage\":\"et\",\"@id\":\"https:\\\/\\\/lisakroeber.com\\\/#\\\/schema\\\/logo\\\/image\\\/\",\"url\":\"https:\\\/\\\/lisakroeber.com\\\/wp-content\\\/uploads\\\/2024\\\/07\\\/47178367_317322115661289_143956003702964224_n-e1543863670541.svg\",\"contentUrl\":\"https:\\\/\\\/lisakroeber.com\\\/wp-content\\\/uploads\\\/2024\\\/07\\\/47178367_317322115661289_143956003702964224_n-e1543863670541.svg\",\"width\":1,\"height\":1,\"caption\":\"Lisa Kroeber Jewellery\"},\"image\":{\"@id\":\"https:\\\/\\\/lisakroeber.com\\\/#\\\/schema\\\/logo\\\/image\\\/\"}}]}<\/script>\n<!-- \/ Yoast SEO plugin. -->","yoast_head_json":{"title":"K\u00f5rvar\u00f5ngad Tubes Small - Lisa Kroeber Jewellery Art","robots":{"index":"index","follow":"follow","max-snippet":"max-snippet:-1","max-image-preview":"max-image-preview:large","max-video-preview":"max-video-preview:-1"},"canonical":"https:\/\/lisakroeber.com\/et\/toode\/korvarongad-tubes-small\/","og_locale":"et_EE","og_type":"article","og_title":"K\u00f5rvar\u00f5ngad Tubes Small - Lisa Kroeber Jewellery Art","og_description":"!FINAL SALE!\u00a0 \u00a0 !FINAL SALE!\u00a0 \u00a0 !FINAL SALE!\u00a0 \u00a0 !FINAL SALE!  TUBES SMALL on \u00fchev\u00e4rvilised k\u00f5rvar\u00f5ngad meie kollektsioonist TUBES. Kui soovid teha need kahev\u00e4rviliseks, siis kirjuta v\u00e4ljaregistreerimisel kommentaaridesse oma lemmikv\u00e4rvid ja me toodame need just Sinu soovide j\u00e4rgi.","og_url":"https:\/\/lisakroeber.com\/et\/toode\/korvarongad-tubes-small\/","og_site_name":"Lisa Kroeber Jewellery Art","article_modified_time":"2026-04-07T17:43:37+00:00","og_image":[{"width":2419,"height":2560,"url":"https:\/\/lisakroeber.com\/wp-content\/uploads\/2021\/01\/tubes-small-magenta-web-1-scaled.jpg","type":"image\/jpeg"}],"twitter_card":"summary_large_image","twitter_misc":{"Est. reading time":"1 minut"},"schema":{"@context":"https:\/\/schema.org","@graph":[{"@type":"WebPage","@id":"https:\/\/lisakroeber.com\/et\/toode\/korvarongad-tubes-small\/","url":"https:\/\/lisakroeber.com\/et\/toode\/korvarongad-tubes-small\/","name":"K\u00f5rvar\u00f5ngad Tubes Small - Lisa Kroeber Jewellery Art","isPartOf":{"@id":"https:\/\/lisakroeber.com\/#website"},"primaryImageOfPage":{"@id":"https:\/\/lisakroeber.com\/et\/toode\/korvarongad-tubes-small\/#primaryimage"},"image":{"@id":"https:\/\/lisakroeber.com\/et\/toode\/korvarongad-tubes-small\/#primaryimage"},"thumbnailUrl":"https:\/\/lisakroeber.com\/wp-content\/uploads\/2021\/01\/tubes-small-magenta-web-1-scaled.jpg","datePublished":"2021-01-30T12:16:36+00:00","dateModified":"2026-04-07T17:43:37+00:00","breadcrumb":{"@id":"https:\/\/lisakroeber.com\/et\/toode\/korvarongad-tubes-small\/#breadcrumb"},"inLanguage":"et","potentialAction":[{"@type":"ReadAction","target":["https:\/\/lisakroeber.com\/et\/toode\/korvarongad-tubes-small\/"]}]},{"@type":"ImageObject","inLanguage":"et","@id":"https:\/\/lisakroeber.com\/et\/toode\/korvarongad-tubes-small\/#primaryimage","url":"https:\/\/lisakroeber.com\/wp-content\/uploads\/2021\/01\/tubes-small-magenta-web-1-scaled.jpg","contentUrl":"https:\/\/lisakroeber.com\/wp-content\/uploads\/2021\/01\/tubes-small-magenta-web-1-scaled.jpg","width":2419,"height":2560},{"@type":"BreadcrumbList","@id":"https:\/\/lisakroeber.com\/et\/toode\/korvarongad-tubes-small\/#breadcrumb","itemListElement":[{"@type":"ListItem","position":1,"name":"Home","item":"https:\/\/lisakroeber.com\/et\/"},{"@type":"ListItem","position":2,"name":"Pood","item":"https:\/\/lisakroeber.com\/et\/pood\/"},{"@type":"ListItem","position":3,"name":"K\u00f5rvar\u00f5ngad Tubes Small"}]},{"@type":"WebSite","@id":"https:\/\/lisakroeber.com\/#website","url":"https:\/\/lisakroeber.com\/","name":"Lisa Kroeber Jewellery Art","description":"Lisa Kroeber Jewellery Art e-shop","publisher":{"@id":"https:\/\/lisakroeber.com\/#organization"},"potentialAction":[{"@type":"SearchAction","target":{"@type":"EntryPoint","urlTemplate":"https:\/\/lisakroeber.com\/?s={search_term_string}"},"query-input":{"@type":"PropertyValueSpecification","valueRequired":true,"valueName":"search_term_string"}}],"inLanguage":"et"},{"@type":"Organization","@id":"https:\/\/lisakroeber.com\/#organization","name":"Lisa Kroeber Jewellery","url":"https:\/\/lisakroeber.com\/","logo":{"@type":"ImageObject","inLanguage":"et","@id":"https:\/\/lisakroeber.com\/#\/schema\/logo\/image\/","url":"https:\/\/lisakroeber.com\/wp-content\/uploads\/2024\/07\/47178367_317322115661289_143956003702964224_n-e1543863670541.svg","contentUrl":"https:\/\/lisakroeber.com\/wp-content\/uploads\/2024\/07\/47178367_317322115661289_143956003702964224_n-e1543863670541.svg","width":1,"height":1,"caption":"Lisa Kroeber Jewellery"},"image":{"@id":"https:\/\/lisakroeber.com\/#\/schema\/logo\/image\/"}}]}},"_links":{"self":[{"href":"https:\/\/lisakroeber.com\/et\/wp-json\/wp\/v2\/product\/24943","targetHints":{"allow":["GET"]}}],"collection":[{"href":"https:\/\/lisakroeber.com\/et\/wp-json\/wp\/v2\/product"}],"about":[{"href":"https:\/\/lisakroeber.com\/et\/wp-json\/wp\/v2\/types\/product"}],"wp:featuredmedia":[{"embeddable":true,"href":"https:\/\/lisakroeber.com\/et\/wp-json\/wp\/v2\/media\/19781"}],"wp:attachment":[{"href":"https:\/\/lisakroeber.com\/et\/wp-json\/wp\/v2\/media?parent=24943"}],"wp:term":[{"taxonomy":"product_brand","embeddable":true,"href":"https:\/\/lisakroeber.com\/et\/wp-json\/wp\/v2\/product_brand?post=24943"},{"taxonomy":"product_cat","embeddable":true,"href":"https:\/\/lisakroeber.com\/et\/wp-json\/wp\/v2\/product_cat?post=24943"},{"taxonomy":"product_tag","embeddable":true,"href":"https:\/\/lisakroeber.com\/et\/wp-json\/wp\/v2\/product_tag?post=24943"}],"curies":[{"name":"wp","href":"https:\/\/api.w.org\/{rel}","templated":true}]}}