{"id":24991,"date":"2022-01-24T15:20:59","date_gmt":"2022-01-24T13:20:59","guid":{"rendered":"https:\/\/lisakroeber.com\/uus\/product\/korvarongad-frames-mini\/"},"modified":"2024-07-11T20:20:07","modified_gmt":"2024-07-11T18:20:07","slug":"korvarongad-frames-mini","status":"publish","type":"product","link":"https:\/\/lisakroeber.com\/et\/toode\/korvarongad-frames-mini\/","title":{"rendered":"K\u00f5rvar\u00f5ngad Frames Mini"},"content":{"rendered":"","protected":false},"excerpt":{"rendered":"<p><span data-sheets-value=\"{&quot;1&quot;:2,&quot;2&quot;:&quot;FRAMES MINI on nii armsad ja v\u00e4ikesed, t\u00e4iesti uued ja minu uued lemmikud. Saate valida punase ja kollase kullatud v\u00f5i poleeritud h\u00f5bedaga.&quot;}\" data-sheets-userformat=\"{&quot;2&quot;:833,&quot;3&quot;:{&quot;1&quot;:0},&quot;9&quot;:1,&quot;11&quot;:4,&quot;12&quot;:0}\">FRAMES MINI on nii armsad ja v\u00e4ikesed, t\u00e4iesti uued ja minu uued lemmikud. Saate valida punase ja kollase kullatud v\u00f5i poleeritud h\u00f5bedaga.<\/span><\/p>\n","protected":false},"featured_media":19784,"template":"","meta":{"content-type":""},"product_brand":[],"product_cat":[444,342,340],"product_tag":[],"class_list":{"0":"post-24991","1":"product","2":"type-product","3":"status-publish","4":"has-post-thumbnail","6":"product_cat-frames-et","7":"product_cat-korvarongad","8":"product_cat-kollektsioonid","10":"first","11":"instock","12":"taxable","13":"shipping-taxable","14":"purchasable","15":"product-type-variable"},"yoast_head":"<!-- This site is optimized with the Yoast SEO plugin v27.4 - https:\/\/yoast.com\/product\/yoast-seo-wordpress\/ -->\n<title>K\u00f5rvar\u00f5ngad Frames Mini - Lisa Kroeber Jewellery Art<\/title>\n<meta name=\"robots\" content=\"index, follow, max-snippet:-1, max-image-preview:large, max-video-preview:-1\" \/>\n<link rel=\"canonical\" href=\"https:\/\/lisakroeber.com\/et\/toode\/korvarongad-frames-mini\/\" \/>\n<meta property=\"og:locale\" content=\"et_EE\" \/>\n<meta property=\"og:type\" content=\"article\" \/>\n<meta property=\"og:title\" content=\"K\u00f5rvar\u00f5ngad Frames Mini - Lisa Kroeber Jewellery Art\" \/>\n<meta property=\"og:description\" content=\"FRAMES MINI on nii armsad ja v\u00e4ikesed, t\u00e4iesti uued ja minu uued lemmikud. Saate valida punase ja kollase kullatud v\u00f5i poleeritud h\u00f5bedaga.\" \/>\n<meta property=\"og:url\" content=\"https:\/\/lisakroeber.com\/et\/toode\/korvarongad-frames-mini\/\" \/>\n<meta property=\"og:site_name\" content=\"Lisa Kroeber Jewellery Art\" \/>\n<meta property=\"article:modified_time\" content=\"2024-07-11T18:20:07+00:00\" \/>\n<meta property=\"og:image\" content=\"https:\/\/lisakroeber.com\/wp-content\/uploads\/2022\/01\/Frames-yellow-web-scaled.jpg\" \/>\n\t<meta property=\"og:image:width\" content=\"2419\" \/>\n\t<meta property=\"og:image:height\" content=\"2560\" \/>\n\t<meta property=\"og:image:type\" content=\"image\/jpeg\" \/>\n<meta name=\"twitter:card\" content=\"summary_large_image\" \/>\n<meta name=\"twitter:label1\" content=\"Est. reading time\" \/>\n\t<meta name=\"twitter:data1\" content=\"1 minut\" \/>\n<script type=\"application\/ld+json\" class=\"yoast-schema-graph\">{\"@context\":\"https:\\\/\\\/schema.org\",\"@graph\":[{\"@type\":\"WebPage\",\"@id\":\"https:\\\/\\\/lisakroeber.com\\\/et\\\/toode\\\/korvarongad-frames-mini\\\/\",\"url\":\"https:\\\/\\\/lisakroeber.com\\\/et\\\/toode\\\/korvarongad-frames-mini\\\/\",\"name\":\"K\u00f5rvar\u00f5ngad Frames Mini - Lisa Kroeber Jewellery Art\",\"isPartOf\":{\"@id\":\"https:\\\/\\\/lisakroeber.com\\\/#website\"},\"primaryImageOfPage\":{\"@id\":\"https:\\\/\\\/lisakroeber.com\\\/et\\\/toode\\\/korvarongad-frames-mini\\\/#primaryimage\"},\"image\":{\"@id\":\"https:\\\/\\\/lisakroeber.com\\\/et\\\/toode\\\/korvarongad-frames-mini\\\/#primaryimage\"},\"thumbnailUrl\":\"https:\\\/\\\/lisakroeber.com\\\/wp-content\\\/uploads\\\/2022\\\/01\\\/Frames-yellow-web-scaled.jpg\",\"datePublished\":\"2022-01-24T13:20:59+00:00\",\"dateModified\":\"2024-07-11T18:20:07+00:00\",\"breadcrumb\":{\"@id\":\"https:\\\/\\\/lisakroeber.com\\\/et\\\/toode\\\/korvarongad-frames-mini\\\/#breadcrumb\"},\"inLanguage\":\"et\",\"potentialAction\":[{\"@type\":\"ReadAction\",\"target\":[\"https:\\\/\\\/lisakroeber.com\\\/et\\\/toode\\\/korvarongad-frames-mini\\\/\"]}]},{\"@type\":\"ImageObject\",\"inLanguage\":\"et\",\"@id\":\"https:\\\/\\\/lisakroeber.com\\\/et\\\/toode\\\/korvarongad-frames-mini\\\/#primaryimage\",\"url\":\"https:\\\/\\\/lisakroeber.com\\\/wp-content\\\/uploads\\\/2022\\\/01\\\/Frames-yellow-web-scaled.jpg\",\"contentUrl\":\"https:\\\/\\\/lisakroeber.com\\\/wp-content\\\/uploads\\\/2022\\\/01\\\/Frames-yellow-web-scaled.jpg\",\"width\":2419,\"height\":2560},{\"@type\":\"BreadcrumbList\",\"@id\":\"https:\\\/\\\/lisakroeber.com\\\/et\\\/toode\\\/korvarongad-frames-mini\\\/#breadcrumb\",\"itemListElement\":[{\"@type\":\"ListItem\",\"position\":1,\"name\":\"Home\",\"item\":\"https:\\\/\\\/lisakroeber.com\\\/et\\\/\"},{\"@type\":\"ListItem\",\"position\":2,\"name\":\"Pood\",\"item\":\"https:\\\/\\\/lisakroeber.com\\\/et\\\/pood\\\/\"},{\"@type\":\"ListItem\",\"position\":3,\"name\":\"K\u00f5rvar\u00f5ngad Frames Mini\"}]},{\"@type\":\"WebSite\",\"@id\":\"https:\\\/\\\/lisakroeber.com\\\/#website\",\"url\":\"https:\\\/\\\/lisakroeber.com\\\/\",\"name\":\"Lisa Kroeber Jewellery Art\",\"description\":\"Lisa Kroeber Jewellery Art e-shop\",\"publisher\":{\"@id\":\"https:\\\/\\\/lisakroeber.com\\\/#organization\"},\"potentialAction\":[{\"@type\":\"SearchAction\",\"target\":{\"@type\":\"EntryPoint\",\"urlTemplate\":\"https:\\\/\\\/lisakroeber.com\\\/?s={search_term_string}\"},\"query-input\":{\"@type\":\"PropertyValueSpecification\",\"valueRequired\":true,\"valueName\":\"search_term_string\"}}],\"inLanguage\":\"et\"},{\"@type\":\"Organization\",\"@id\":\"https:\\\/\\\/lisakroeber.com\\\/#organization\",\"name\":\"Lisa Kroeber Jewellery\",\"url\":\"https:\\\/\\\/lisakroeber.com\\\/\",\"logo\":{\"@type\":\"ImageObject\",\"inLanguage\":\"et\",\"@id\":\"https:\\\/\\\/lisakroeber.com\\\/#\\\/schema\\\/logo\\\/image\\\/\",\"url\":\"https:\\\/\\\/lisakroeber.com\\\/wp-content\\\/uploads\\\/2024\\\/07\\\/47178367_317322115661289_143956003702964224_n-e1543863670541.svg\",\"contentUrl\":\"https:\\\/\\\/lisakroeber.com\\\/wp-content\\\/uploads\\\/2024\\\/07\\\/47178367_317322115661289_143956003702964224_n-e1543863670541.svg\",\"width\":1,\"height\":1,\"caption\":\"Lisa Kroeber Jewellery\"},\"image\":{\"@id\":\"https:\\\/\\\/lisakroeber.com\\\/#\\\/schema\\\/logo\\\/image\\\/\"}}]}<\/script>\n<!-- \/ Yoast SEO plugin. -->","yoast_head_json":{"title":"K\u00f5rvar\u00f5ngad Frames Mini - Lisa Kroeber Jewellery Art","robots":{"index":"index","follow":"follow","max-snippet":"max-snippet:-1","max-image-preview":"max-image-preview:large","max-video-preview":"max-video-preview:-1"},"canonical":"https:\/\/lisakroeber.com\/et\/toode\/korvarongad-frames-mini\/","og_locale":"et_EE","og_type":"article","og_title":"K\u00f5rvar\u00f5ngad Frames Mini - Lisa Kroeber Jewellery Art","og_description":"FRAMES MINI on nii armsad ja v\u00e4ikesed, t\u00e4iesti uued ja minu uued lemmikud. Saate valida punase ja kollase kullatud v\u00f5i poleeritud h\u00f5bedaga.","og_url":"https:\/\/lisakroeber.com\/et\/toode\/korvarongad-frames-mini\/","og_site_name":"Lisa Kroeber Jewellery Art","article_modified_time":"2024-07-11T18:20:07+00:00","og_image":[{"width":2419,"height":2560,"url":"https:\/\/lisakroeber.com\/wp-content\/uploads\/2022\/01\/Frames-yellow-web-scaled.jpg","type":"image\/jpeg"}],"twitter_card":"summary_large_image","twitter_misc":{"Est. reading time":"1 minut"},"schema":{"@context":"https:\/\/schema.org","@graph":[{"@type":"WebPage","@id":"https:\/\/lisakroeber.com\/et\/toode\/korvarongad-frames-mini\/","url":"https:\/\/lisakroeber.com\/et\/toode\/korvarongad-frames-mini\/","name":"K\u00f5rvar\u00f5ngad Frames Mini - Lisa Kroeber Jewellery Art","isPartOf":{"@id":"https:\/\/lisakroeber.com\/#website"},"primaryImageOfPage":{"@id":"https:\/\/lisakroeber.com\/et\/toode\/korvarongad-frames-mini\/#primaryimage"},"image":{"@id":"https:\/\/lisakroeber.com\/et\/toode\/korvarongad-frames-mini\/#primaryimage"},"thumbnailUrl":"https:\/\/lisakroeber.com\/wp-content\/uploads\/2022\/01\/Frames-yellow-web-scaled.jpg","datePublished":"2022-01-24T13:20:59+00:00","dateModified":"2024-07-11T18:20:07+00:00","breadcrumb":{"@id":"https:\/\/lisakroeber.com\/et\/toode\/korvarongad-frames-mini\/#breadcrumb"},"inLanguage":"et","potentialAction":[{"@type":"ReadAction","target":["https:\/\/lisakroeber.com\/et\/toode\/korvarongad-frames-mini\/"]}]},{"@type":"ImageObject","inLanguage":"et","@id":"https:\/\/lisakroeber.com\/et\/toode\/korvarongad-frames-mini\/#primaryimage","url":"https:\/\/lisakroeber.com\/wp-content\/uploads\/2022\/01\/Frames-yellow-web-scaled.jpg","contentUrl":"https:\/\/lisakroeber.com\/wp-content\/uploads\/2022\/01\/Frames-yellow-web-scaled.jpg","width":2419,"height":2560},{"@type":"BreadcrumbList","@id":"https:\/\/lisakroeber.com\/et\/toode\/korvarongad-frames-mini\/#breadcrumb","itemListElement":[{"@type":"ListItem","position":1,"name":"Home","item":"https:\/\/lisakroeber.com\/et\/"},{"@type":"ListItem","position":2,"name":"Pood","item":"https:\/\/lisakroeber.com\/et\/pood\/"},{"@type":"ListItem","position":3,"name":"K\u00f5rvar\u00f5ngad Frames Mini"}]},{"@type":"WebSite","@id":"https:\/\/lisakroeber.com\/#website","url":"https:\/\/lisakroeber.com\/","name":"Lisa Kroeber Jewellery Art","description":"Lisa Kroeber Jewellery Art e-shop","publisher":{"@id":"https:\/\/lisakroeber.com\/#organization"},"potentialAction":[{"@type":"SearchAction","target":{"@type":"EntryPoint","urlTemplate":"https:\/\/lisakroeber.com\/?s={search_term_string}"},"query-input":{"@type":"PropertyValueSpecification","valueRequired":true,"valueName":"search_term_string"}}],"inLanguage":"et"},{"@type":"Organization","@id":"https:\/\/lisakroeber.com\/#organization","name":"Lisa Kroeber Jewellery","url":"https:\/\/lisakroeber.com\/","logo":{"@type":"ImageObject","inLanguage":"et","@id":"https:\/\/lisakroeber.com\/#\/schema\/logo\/image\/","url":"https:\/\/lisakroeber.com\/wp-content\/uploads\/2024\/07\/47178367_317322115661289_143956003702964224_n-e1543863670541.svg","contentUrl":"https:\/\/lisakroeber.com\/wp-content\/uploads\/2024\/07\/47178367_317322115661289_143956003702964224_n-e1543863670541.svg","width":1,"height":1,"caption":"Lisa Kroeber Jewellery"},"image":{"@id":"https:\/\/lisakroeber.com\/#\/schema\/logo\/image\/"}}]}},"_links":{"self":[{"href":"https:\/\/lisakroeber.com\/et\/wp-json\/wp\/v2\/product\/24991","targetHints":{"allow":["GET"]}}],"collection":[{"href":"https:\/\/lisakroeber.com\/et\/wp-json\/wp\/v2\/product"}],"about":[{"href":"https:\/\/lisakroeber.com\/et\/wp-json\/wp\/v2\/types\/product"}],"wp:featuredmedia":[{"embeddable":true,"href":"https:\/\/lisakroeber.com\/et\/wp-json\/wp\/v2\/media\/19784"}],"wp:attachment":[{"href":"https:\/\/lisakroeber.com\/et\/wp-json\/wp\/v2\/media?parent=24991"}],"wp:term":[{"taxonomy":"product_brand","embeddable":true,"href":"https:\/\/lisakroeber.com\/et\/wp-json\/wp\/v2\/product_brand?post=24991"},{"taxonomy":"product_cat","embeddable":true,"href":"https:\/\/lisakroeber.com\/et\/wp-json\/wp\/v2\/product_cat?post=24991"},{"taxonomy":"product_tag","embeddable":true,"href":"https:\/\/lisakroeber.com\/et\/wp-json\/wp\/v2\/product_tag?post=24991"}],"curies":[{"name":"wp","href":"https:\/\/api.w.org\/{rel}","templated":true}]}}