{"id":25001,"date":"2021-03-01T13:43:33","date_gmt":"2021-03-01T11:43:33","guid":{"rendered":"https:\/\/lisakroeber.com\/uus\/product\/mansetinoobid-mini-2\/"},"modified":"2026-02-08T21:00:14","modified_gmt":"2026-02-08T19:00:14","slug":"mansetinoobid-mini-2","status":"publish","type":"product","link":"https:\/\/lisakroeber.com\/et\/toode\/mansetinoobid-mini-2\/","title":{"rendered":"Mansetin\u00f6\u00f6bid Mini"},"content":{"rendered":"","protected":false},"excerpt":{"rendered":"<p><b>Mini mansetin\u00f6\u00f6bid<\/b><b><br \/>\n<\/b><span style=\"font-weight: 400;\"> V\u00e4ikesed. M\u00e4ngulised. T\u00e4iuslik kooslus.  <\/span><\/p>\n<p><span style=\"font-weight: 400;\"><i>Mini mansetin\u00f6\u00f6bid<\/i><\/span> on loodud vastukaaluks meie <span style=\"font-weight: 400;\"><span style=\"font-weight: 400;\">Mini k\u00f5rvar\u00f5ngastele<\/span><\/span> ja kaelakeedele <i><span style=\"font-weight: 400;\"><\/span><\/i><span style=\"font-weight: 400;\"> \u2014 sobivad nii meestele kui ka naistele. V\u00e4ikesed m\u00f5\u00f5dult, kuid iseloomuga, lisavad need mansetin\u00f6\u00f6bid riietusele peene v\u00e4rviaktsendi ja stiili. <\/span><\/p>\n<p>Saadaval samas v\u00e4rvivalikus nagu <span style=\"font-weight: 400;\"><i><span style=\"font-weight: 400;\">Mini<\/span><\/i><\/span><span style=\"font-weight: 400;\"> ehted, sobivad need ideaalselt partneriga kokku sobitamiseks v\u00f5i oma isikliku stiili v\u00e4ljendamiseks. Viimistletud detail, mis t\u00e4iendab v\u00e4limust enesekindlalt. <\/span><\/p>\n<p>&nbsp;<\/p>\n","protected":false},"featured_media":18238,"template":"","meta":{"content-type":""},"product_brand":[],"product_cat":[340,343,462],"product_tag":[],"class_list":{"0":"post-25001","1":"product","2":"type-product","3":"status-publish","4":"has-post-thumbnail","6":"product_cat-kollektsioonid","7":"product_cat-meestele","8":"product_cat-mini-et","10":"first","11":"instock","12":"taxable","13":"shipping-taxable","14":"purchasable","15":"product-type-variable"},"yoast_head":"<!-- This site is optimized with the Yoast SEO plugin v27.4 - https:\/\/yoast.com\/product\/yoast-seo-wordpress\/ -->\n<title>Mansetin\u00f6\u00f6bid Mini - Lisa Kroeber Jewellery Art<\/title>\n<meta name=\"robots\" content=\"index, follow, max-snippet:-1, max-image-preview:large, max-video-preview:-1\" \/>\n<link rel=\"canonical\" href=\"https:\/\/lisakroeber.com\/et\/toode\/mansetinoobid-mini-2\/\" \/>\n<meta property=\"og:locale\" content=\"et_EE\" \/>\n<meta property=\"og:type\" content=\"article\" \/>\n<meta property=\"og:title\" content=\"Mansetin\u00f6\u00f6bid Mini - Lisa Kroeber Jewellery Art\" \/>\n<meta property=\"og:description\" content=\"Mini mansetin\u00f6\u00f6bid V\u00e4ikesed. M\u00e4ngulised. T\u00e4iuslik kooslus.  Mini mansetin\u00f6\u00f6bid on loodud vastukaaluks meie Mini k\u00f5rvar\u00f5ngastele ja kaelakeedele \u2014 sobivad nii meestele kui ka naistele. V\u00e4ikesed m\u00f5\u00f5dult, kuid iseloomuga, lisavad need mansetin\u00f6\u00f6bid riietusele peene v\u00e4rviaktsendi ja stiili.  Saadaval samas v\u00e4rvivalikus nagu Mini ehted, sobivad need ideaalselt partneriga kokku sobitamiseks v\u00f5i oma isikliku stiili v\u00e4ljendamiseks. Viimistletud detail, mis t\u00e4iendab v\u00e4limust enesekindlalt.  &nbsp;\" \/>\n<meta property=\"og:url\" content=\"https:\/\/lisakroeber.com\/et\/toode\/mansetinoobid-mini-2\/\" \/>\n<meta property=\"og:site_name\" content=\"Lisa Kroeber Jewellery Art\" \/>\n<meta property=\"article:modified_time\" content=\"2026-02-08T19:00:14+00:00\" \/>\n<meta property=\"og:image\" content=\"https:\/\/lisakroeber.com\/wp-content\/uploads\/2021\/03\/mini-cufflinks-signal-white-scaled.jpg\" \/>\n\t<meta property=\"og:image:width\" content=\"2560\" \/>\n\t<meta property=\"og:image:height\" content=\"2560\" \/>\n\t<meta property=\"og:image:type\" content=\"image\/jpeg\" \/>\n<meta name=\"twitter:card\" content=\"summary_large_image\" \/>\n<meta name=\"twitter:label1\" content=\"Est. reading time\" \/>\n\t<meta name=\"twitter:data1\" content=\"1 minut\" \/>\n<script type=\"application\/ld+json\" class=\"yoast-schema-graph\">{\"@context\":\"https:\\\/\\\/schema.org\",\"@graph\":[{\"@type\":\"WebPage\",\"@id\":\"https:\\\/\\\/lisakroeber.com\\\/et\\\/toode\\\/mansetinoobid-mini-2\\\/\",\"url\":\"https:\\\/\\\/lisakroeber.com\\\/et\\\/toode\\\/mansetinoobid-mini-2\\\/\",\"name\":\"Mansetin\u00f6\u00f6bid Mini - Lisa Kroeber Jewellery Art\",\"isPartOf\":{\"@id\":\"https:\\\/\\\/lisakroeber.com\\\/#website\"},\"primaryImageOfPage\":{\"@id\":\"https:\\\/\\\/lisakroeber.com\\\/et\\\/toode\\\/mansetinoobid-mini-2\\\/#primaryimage\"},\"image\":{\"@id\":\"https:\\\/\\\/lisakroeber.com\\\/et\\\/toode\\\/mansetinoobid-mini-2\\\/#primaryimage\"},\"thumbnailUrl\":\"https:\\\/\\\/lisakroeber.com\\\/wp-content\\\/uploads\\\/2021\\\/03\\\/mini-cufflinks-signal-white-scaled.jpg\",\"datePublished\":\"2021-03-01T11:43:33+00:00\",\"dateModified\":\"2026-02-08T19:00:14+00:00\",\"breadcrumb\":{\"@id\":\"https:\\\/\\\/lisakroeber.com\\\/et\\\/toode\\\/mansetinoobid-mini-2\\\/#breadcrumb\"},\"inLanguage\":\"et\",\"potentialAction\":[{\"@type\":\"ReadAction\",\"target\":[\"https:\\\/\\\/lisakroeber.com\\\/et\\\/toode\\\/mansetinoobid-mini-2\\\/\"]}]},{\"@type\":\"ImageObject\",\"inLanguage\":\"et\",\"@id\":\"https:\\\/\\\/lisakroeber.com\\\/et\\\/toode\\\/mansetinoobid-mini-2\\\/#primaryimage\",\"url\":\"https:\\\/\\\/lisakroeber.com\\\/wp-content\\\/uploads\\\/2021\\\/03\\\/mini-cufflinks-signal-white-scaled.jpg\",\"contentUrl\":\"https:\\\/\\\/lisakroeber.com\\\/wp-content\\\/uploads\\\/2021\\\/03\\\/mini-cufflinks-signal-white-scaled.jpg\",\"width\":2560,\"height\":2560},{\"@type\":\"BreadcrumbList\",\"@id\":\"https:\\\/\\\/lisakroeber.com\\\/et\\\/toode\\\/mansetinoobid-mini-2\\\/#breadcrumb\",\"itemListElement\":[{\"@type\":\"ListItem\",\"position\":1,\"name\":\"Home\",\"item\":\"https:\\\/\\\/lisakroeber.com\\\/et\\\/\"},{\"@type\":\"ListItem\",\"position\":2,\"name\":\"Pood\",\"item\":\"https:\\\/\\\/lisakroeber.com\\\/et\\\/pood\\\/\"},{\"@type\":\"ListItem\",\"position\":3,\"name\":\"Mansetin\u00f6\u00f6bid Mini\"}]},{\"@type\":\"WebSite\",\"@id\":\"https:\\\/\\\/lisakroeber.com\\\/#website\",\"url\":\"https:\\\/\\\/lisakroeber.com\\\/\",\"name\":\"Lisa Kroeber Jewellery Art\",\"description\":\"Lisa Kroeber Jewellery Art e-shop\",\"publisher\":{\"@id\":\"https:\\\/\\\/lisakroeber.com\\\/#organization\"},\"potentialAction\":[{\"@type\":\"SearchAction\",\"target\":{\"@type\":\"EntryPoint\",\"urlTemplate\":\"https:\\\/\\\/lisakroeber.com\\\/?s={search_term_string}\"},\"query-input\":{\"@type\":\"PropertyValueSpecification\",\"valueRequired\":true,\"valueName\":\"search_term_string\"}}],\"inLanguage\":\"et\"},{\"@type\":\"Organization\",\"@id\":\"https:\\\/\\\/lisakroeber.com\\\/#organization\",\"name\":\"Lisa Kroeber Jewellery\",\"url\":\"https:\\\/\\\/lisakroeber.com\\\/\",\"logo\":{\"@type\":\"ImageObject\",\"inLanguage\":\"et\",\"@id\":\"https:\\\/\\\/lisakroeber.com\\\/#\\\/schema\\\/logo\\\/image\\\/\",\"url\":\"https:\\\/\\\/lisakroeber.com\\\/wp-content\\\/uploads\\\/2024\\\/07\\\/47178367_317322115661289_143956003702964224_n-e1543863670541.svg\",\"contentUrl\":\"https:\\\/\\\/lisakroeber.com\\\/wp-content\\\/uploads\\\/2024\\\/07\\\/47178367_317322115661289_143956003702964224_n-e1543863670541.svg\",\"width\":1,\"height\":1,\"caption\":\"Lisa Kroeber Jewellery\"},\"image\":{\"@id\":\"https:\\\/\\\/lisakroeber.com\\\/#\\\/schema\\\/logo\\\/image\\\/\"}}]}<\/script>\n<!-- \/ Yoast SEO plugin. -->","yoast_head_json":{"title":"Mansetin\u00f6\u00f6bid Mini - Lisa Kroeber Jewellery Art","robots":{"index":"index","follow":"follow","max-snippet":"max-snippet:-1","max-image-preview":"max-image-preview:large","max-video-preview":"max-video-preview:-1"},"canonical":"https:\/\/lisakroeber.com\/et\/toode\/mansetinoobid-mini-2\/","og_locale":"et_EE","og_type":"article","og_title":"Mansetin\u00f6\u00f6bid Mini - Lisa Kroeber Jewellery Art","og_description":"Mini mansetin\u00f6\u00f6bid V\u00e4ikesed. M\u00e4ngulised. T\u00e4iuslik kooslus.  Mini mansetin\u00f6\u00f6bid on loodud vastukaaluks meie Mini k\u00f5rvar\u00f5ngastele ja kaelakeedele \u2014 sobivad nii meestele kui ka naistele. V\u00e4ikesed m\u00f5\u00f5dult, kuid iseloomuga, lisavad need mansetin\u00f6\u00f6bid riietusele peene v\u00e4rviaktsendi ja stiili.  Saadaval samas v\u00e4rvivalikus nagu Mini ehted, sobivad need ideaalselt partneriga kokku sobitamiseks v\u00f5i oma isikliku stiili v\u00e4ljendamiseks. Viimistletud detail, mis t\u00e4iendab v\u00e4limust enesekindlalt.  &nbsp;","og_url":"https:\/\/lisakroeber.com\/et\/toode\/mansetinoobid-mini-2\/","og_site_name":"Lisa Kroeber Jewellery Art","article_modified_time":"2026-02-08T19:00:14+00:00","og_image":[{"width":2560,"height":2560,"url":"https:\/\/lisakroeber.com\/wp-content\/uploads\/2021\/03\/mini-cufflinks-signal-white-scaled.jpg","type":"image\/jpeg"}],"twitter_card":"summary_large_image","twitter_misc":{"Est. reading time":"1 minut"},"schema":{"@context":"https:\/\/schema.org","@graph":[{"@type":"WebPage","@id":"https:\/\/lisakroeber.com\/et\/toode\/mansetinoobid-mini-2\/","url":"https:\/\/lisakroeber.com\/et\/toode\/mansetinoobid-mini-2\/","name":"Mansetin\u00f6\u00f6bid Mini - Lisa Kroeber Jewellery Art","isPartOf":{"@id":"https:\/\/lisakroeber.com\/#website"},"primaryImageOfPage":{"@id":"https:\/\/lisakroeber.com\/et\/toode\/mansetinoobid-mini-2\/#primaryimage"},"image":{"@id":"https:\/\/lisakroeber.com\/et\/toode\/mansetinoobid-mini-2\/#primaryimage"},"thumbnailUrl":"https:\/\/lisakroeber.com\/wp-content\/uploads\/2021\/03\/mini-cufflinks-signal-white-scaled.jpg","datePublished":"2021-03-01T11:43:33+00:00","dateModified":"2026-02-08T19:00:14+00:00","breadcrumb":{"@id":"https:\/\/lisakroeber.com\/et\/toode\/mansetinoobid-mini-2\/#breadcrumb"},"inLanguage":"et","potentialAction":[{"@type":"ReadAction","target":["https:\/\/lisakroeber.com\/et\/toode\/mansetinoobid-mini-2\/"]}]},{"@type":"ImageObject","inLanguage":"et","@id":"https:\/\/lisakroeber.com\/et\/toode\/mansetinoobid-mini-2\/#primaryimage","url":"https:\/\/lisakroeber.com\/wp-content\/uploads\/2021\/03\/mini-cufflinks-signal-white-scaled.jpg","contentUrl":"https:\/\/lisakroeber.com\/wp-content\/uploads\/2021\/03\/mini-cufflinks-signal-white-scaled.jpg","width":2560,"height":2560},{"@type":"BreadcrumbList","@id":"https:\/\/lisakroeber.com\/et\/toode\/mansetinoobid-mini-2\/#breadcrumb","itemListElement":[{"@type":"ListItem","position":1,"name":"Home","item":"https:\/\/lisakroeber.com\/et\/"},{"@type":"ListItem","position":2,"name":"Pood","item":"https:\/\/lisakroeber.com\/et\/pood\/"},{"@type":"ListItem","position":3,"name":"Mansetin\u00f6\u00f6bid Mini"}]},{"@type":"WebSite","@id":"https:\/\/lisakroeber.com\/#website","url":"https:\/\/lisakroeber.com\/","name":"Lisa Kroeber Jewellery Art","description":"Lisa Kroeber Jewellery Art e-shop","publisher":{"@id":"https:\/\/lisakroeber.com\/#organization"},"potentialAction":[{"@type":"SearchAction","target":{"@type":"EntryPoint","urlTemplate":"https:\/\/lisakroeber.com\/?s={search_term_string}"},"query-input":{"@type":"PropertyValueSpecification","valueRequired":true,"valueName":"search_term_string"}}],"inLanguage":"et"},{"@type":"Organization","@id":"https:\/\/lisakroeber.com\/#organization","name":"Lisa Kroeber Jewellery","url":"https:\/\/lisakroeber.com\/","logo":{"@type":"ImageObject","inLanguage":"et","@id":"https:\/\/lisakroeber.com\/#\/schema\/logo\/image\/","url":"https:\/\/lisakroeber.com\/wp-content\/uploads\/2024\/07\/47178367_317322115661289_143956003702964224_n-e1543863670541.svg","contentUrl":"https:\/\/lisakroeber.com\/wp-content\/uploads\/2024\/07\/47178367_317322115661289_143956003702964224_n-e1543863670541.svg","width":1,"height":1,"caption":"Lisa Kroeber Jewellery"},"image":{"@id":"https:\/\/lisakroeber.com\/#\/schema\/logo\/image\/"}}]}},"_links":{"self":[{"href":"https:\/\/lisakroeber.com\/et\/wp-json\/wp\/v2\/product\/25001","targetHints":{"allow":["GET"]}}],"collection":[{"href":"https:\/\/lisakroeber.com\/et\/wp-json\/wp\/v2\/product"}],"about":[{"href":"https:\/\/lisakroeber.com\/et\/wp-json\/wp\/v2\/types\/product"}],"wp:featuredmedia":[{"embeddable":true,"href":"https:\/\/lisakroeber.com\/et\/wp-json\/wp\/v2\/media\/18238"}],"wp:attachment":[{"href":"https:\/\/lisakroeber.com\/et\/wp-json\/wp\/v2\/media?parent=25001"}],"wp:term":[{"taxonomy":"product_brand","embeddable":true,"href":"https:\/\/lisakroeber.com\/et\/wp-json\/wp\/v2\/product_brand?post=25001"},{"taxonomy":"product_cat","embeddable":true,"href":"https:\/\/lisakroeber.com\/et\/wp-json\/wp\/v2\/product_cat?post=25001"},{"taxonomy":"product_tag","embeddable":true,"href":"https:\/\/lisakroeber.com\/et\/wp-json\/wp\/v2\/product_tag?post=25001"}],"curies":[{"name":"wp","href":"https:\/\/api.w.org\/{rel}","templated":true}]}}