{"id":25059,"date":"2019-03-19T12:03:59","date_gmt":"2019-03-19T10:03:59","guid":{"rendered":"https:\/\/lisakroeber.com\/uus\/product\/menellery-mansetinoobid-hobe\/"},"modified":"2026-02-08T17:35:28","modified_gmt":"2026-02-08T15:35:28","slug":"forma-mansetinoobid","status":"publish","type":"product","link":"https:\/\/lisakroeber.com\/et\/toode\/forma-mansetinoobid\/","title":{"rendered":"FORMA mansetin\u00f6\u00f6bid"},"content":{"rendered":"","protected":false},"excerpt":{"rendered":"<p><strong>Forma mansetin\u00f6\u00f6bid<\/strong><br \/>\nSile. Skulpturaalne. Ajatu<\/p>\n<p><em>Forma mansetin\u00f6\u00f6bid <\/em>on k\u00e4sitsi valmistatud h\u00f5bedast ning kannavad kollektsioonile omast volditud disaini. Minimalistlikud, kuid julged, lisavad need igale s\u00e4rgile viimistletud arhitektuurse puudutuse. Ideaalne neile, kes hindavad puhast disaini ja meisterlikku k\u00e4sit\u00f6\u00f6d.  <\/p>\n<p>&nbsp;<\/p>\n<p>Kollektsioon: Forma<\/p>\n<p>Materjal: 925 h\u00f5be<\/p>\n<p>Suurus: 2 x 1,4 cm<br \/>Kaal \u00fche t\u00fcki kohta: 8 g <\/p>\n<p>unisex<\/p>\n<p>K\u00f5ik tooted tarnitakse 1-5 p\u00e4eva jooksul.<\/p>\n<p>K\u00f5ik tooted tulevad kinkekarbis.<\/p>\n","protected":false},"featured_media":15400,"template":"","meta":{"content-type":""},"product_brand":[],"product_cat":[1071,343],"product_tag":[],"class_list":{"0":"post-25059","1":"product","2":"type-product","3":"status-publish","4":"has-post-thumbnail","6":"product_cat-forma","7":"product_cat-meestele","9":"first","10":"instock","11":"taxable","12":"shipping-taxable","13":"purchasable","14":"product-type-simple"},"yoast_head":"<!-- This site is optimized with the Yoast SEO plugin v27.5 - https:\/\/yoast.com\/product\/yoast-seo-wordpress\/ -->\n<title>FORMA mansetin\u00f6\u00f6bid - Lisa Kroeber Jewellery Art<\/title>\n<meta name=\"robots\" content=\"index, follow, max-snippet:-1, max-image-preview:large, max-video-preview:-1\" \/>\n<link rel=\"canonical\" href=\"https:\/\/lisakroeber.com\/et\/toode\/forma-mansetinoobid\/\" \/>\n<meta property=\"og:locale\" content=\"et_EE\" \/>\n<meta property=\"og:type\" content=\"article\" \/>\n<meta property=\"og:title\" content=\"FORMA mansetin\u00f6\u00f6bid - Lisa Kroeber Jewellery Art\" \/>\n<meta property=\"og:description\" content=\"Forma mansetin\u00f6\u00f6bid Sile. Skulpturaalne. Ajatu Forma mansetin\u00f6\u00f6bid on k\u00e4sitsi valmistatud h\u00f5bedast ning kannavad kollektsioonile omast volditud disaini. Minimalistlikud, kuid julged, lisavad need igale s\u00e4rgile viimistletud arhitektuurse puudutuse. Ideaalne neile, kes hindavad puhast disaini ja meisterlikku k\u00e4sit\u00f6\u00f6d.  &nbsp; Kollektsioon: Forma Materjal: 925 h\u00f5be Suurus: 2 x 1,4 cmKaal \u00fche t\u00fcki kohta: 8 g  unisex K\u00f5ik tooted tarnitakse 1-5 p\u00e4eva jooksul. K\u00f5ik tooted tulevad kinkekarbis.\" \/>\n<meta property=\"og:url\" content=\"https:\/\/lisakroeber.com\/et\/toode\/forma-mansetinoobid\/\" \/>\n<meta property=\"og:site_name\" content=\"Lisa Kroeber Jewellery Art\" \/>\n<meta property=\"article:modified_time\" content=\"2026-02-08T15:35:28+00:00\" \/>\n<meta property=\"og:image\" content=\"https:\/\/lisakroeber.com\/wp-content\/uploads\/2019\/03\/MENellery-Cufflings-Silver-scaled.jpg\" \/>\n\t<meta property=\"og:image:width\" content=\"2560\" \/>\n\t<meta property=\"og:image:height\" content=\"2560\" \/>\n\t<meta property=\"og:image:type\" content=\"image\/jpeg\" \/>\n<meta name=\"twitter:card\" content=\"summary_large_image\" \/>\n<meta name=\"twitter:label1\" content=\"Est. reading time\" \/>\n\t<meta name=\"twitter:data1\" content=\"1 minut\" \/>\n<script type=\"application\/ld+json\" class=\"yoast-schema-graph\">{\"@context\":\"https:\\\/\\\/schema.org\",\"@graph\":[{\"@type\":\"WebPage\",\"@id\":\"https:\\\/\\\/lisakroeber.com\\\/et\\\/toode\\\/forma-mansetinoobid\\\/\",\"url\":\"https:\\\/\\\/lisakroeber.com\\\/et\\\/toode\\\/forma-mansetinoobid\\\/\",\"name\":\"FORMA mansetin\u00f6\u00f6bid - Lisa Kroeber Jewellery Art\",\"isPartOf\":{\"@id\":\"https:\\\/\\\/lisakroeber.com\\\/#website\"},\"primaryImageOfPage\":{\"@id\":\"https:\\\/\\\/lisakroeber.com\\\/et\\\/toode\\\/forma-mansetinoobid\\\/#primaryimage\"},\"image\":{\"@id\":\"https:\\\/\\\/lisakroeber.com\\\/et\\\/toode\\\/forma-mansetinoobid\\\/#primaryimage\"},\"thumbnailUrl\":\"https:\\\/\\\/lisakroeber.com\\\/wp-content\\\/uploads\\\/2019\\\/03\\\/MENellery-Cufflings-Silver-scaled.jpg\",\"datePublished\":\"2019-03-19T10:03:59+00:00\",\"dateModified\":\"2026-02-08T15:35:28+00:00\",\"breadcrumb\":{\"@id\":\"https:\\\/\\\/lisakroeber.com\\\/et\\\/toode\\\/forma-mansetinoobid\\\/#breadcrumb\"},\"inLanguage\":\"et\",\"potentialAction\":[{\"@type\":\"ReadAction\",\"target\":[\"https:\\\/\\\/lisakroeber.com\\\/et\\\/toode\\\/forma-mansetinoobid\\\/\"]}]},{\"@type\":\"ImageObject\",\"inLanguage\":\"et\",\"@id\":\"https:\\\/\\\/lisakroeber.com\\\/et\\\/toode\\\/forma-mansetinoobid\\\/#primaryimage\",\"url\":\"https:\\\/\\\/lisakroeber.com\\\/wp-content\\\/uploads\\\/2019\\\/03\\\/MENellery-Cufflings-Silver-scaled.jpg\",\"contentUrl\":\"https:\\\/\\\/lisakroeber.com\\\/wp-content\\\/uploads\\\/2019\\\/03\\\/MENellery-Cufflings-Silver-scaled.jpg\",\"width\":2560,\"height\":2560},{\"@type\":\"BreadcrumbList\",\"@id\":\"https:\\\/\\\/lisakroeber.com\\\/et\\\/toode\\\/forma-mansetinoobid\\\/#breadcrumb\",\"itemListElement\":[{\"@type\":\"ListItem\",\"position\":1,\"name\":\"Home\",\"item\":\"https:\\\/\\\/lisakroeber.com\\\/et\\\/\"},{\"@type\":\"ListItem\",\"position\":2,\"name\":\"Pood\",\"item\":\"https:\\\/\\\/lisakroeber.com\\\/et\\\/pood\\\/\"},{\"@type\":\"ListItem\",\"position\":3,\"name\":\"FORMA mansetin\u00f6\u00f6bid\"}]},{\"@type\":\"WebSite\",\"@id\":\"https:\\\/\\\/lisakroeber.com\\\/#website\",\"url\":\"https:\\\/\\\/lisakroeber.com\\\/\",\"name\":\"Lisa Kroeber Jewellery Art\",\"description\":\"Lisa Kroeber Jewellery Art e-shop\",\"publisher\":{\"@id\":\"https:\\\/\\\/lisakroeber.com\\\/#organization\"},\"potentialAction\":[{\"@type\":\"SearchAction\",\"target\":{\"@type\":\"EntryPoint\",\"urlTemplate\":\"https:\\\/\\\/lisakroeber.com\\\/?s={search_term_string}\"},\"query-input\":{\"@type\":\"PropertyValueSpecification\",\"valueRequired\":true,\"valueName\":\"search_term_string\"}}],\"inLanguage\":\"et\"},{\"@type\":\"Organization\",\"@id\":\"https:\\\/\\\/lisakroeber.com\\\/#organization\",\"name\":\"Lisa Kroeber Jewellery\",\"url\":\"https:\\\/\\\/lisakroeber.com\\\/\",\"logo\":{\"@type\":\"ImageObject\",\"inLanguage\":\"et\",\"@id\":\"https:\\\/\\\/lisakroeber.com\\\/#\\\/schema\\\/logo\\\/image\\\/\",\"url\":\"https:\\\/\\\/lisakroeber.com\\\/wp-content\\\/uploads\\\/2024\\\/07\\\/47178367_317322115661289_143956003702964224_n-e1543863670541.svg\",\"contentUrl\":\"https:\\\/\\\/lisakroeber.com\\\/wp-content\\\/uploads\\\/2024\\\/07\\\/47178367_317322115661289_143956003702964224_n-e1543863670541.svg\",\"width\":1,\"height\":1,\"caption\":\"Lisa Kroeber Jewellery\"},\"image\":{\"@id\":\"https:\\\/\\\/lisakroeber.com\\\/#\\\/schema\\\/logo\\\/image\\\/\"}}]}<\/script>\n<!-- \/ Yoast SEO plugin. -->","yoast_head_json":{"title":"FORMA mansetin\u00f6\u00f6bid - Lisa Kroeber Jewellery Art","robots":{"index":"index","follow":"follow","max-snippet":"max-snippet:-1","max-image-preview":"max-image-preview:large","max-video-preview":"max-video-preview:-1"},"canonical":"https:\/\/lisakroeber.com\/et\/toode\/forma-mansetinoobid\/","og_locale":"et_EE","og_type":"article","og_title":"FORMA mansetin\u00f6\u00f6bid - Lisa Kroeber Jewellery Art","og_description":"Forma mansetin\u00f6\u00f6bid Sile. Skulpturaalne. Ajatu Forma mansetin\u00f6\u00f6bid on k\u00e4sitsi valmistatud h\u00f5bedast ning kannavad kollektsioonile omast volditud disaini. Minimalistlikud, kuid julged, lisavad need igale s\u00e4rgile viimistletud arhitektuurse puudutuse. Ideaalne neile, kes hindavad puhast disaini ja meisterlikku k\u00e4sit\u00f6\u00f6d.  &nbsp; Kollektsioon: Forma Materjal: 925 h\u00f5be Suurus: 2 x 1,4 cmKaal \u00fche t\u00fcki kohta: 8 g  unisex K\u00f5ik tooted tarnitakse 1-5 p\u00e4eva jooksul. K\u00f5ik tooted tulevad kinkekarbis.","og_url":"https:\/\/lisakroeber.com\/et\/toode\/forma-mansetinoobid\/","og_site_name":"Lisa Kroeber Jewellery Art","article_modified_time":"2026-02-08T15:35:28+00:00","og_image":[{"width":2560,"height":2560,"url":"https:\/\/lisakroeber.com\/wp-content\/uploads\/2019\/03\/MENellery-Cufflings-Silver-scaled.jpg","type":"image\/jpeg"}],"twitter_card":"summary_large_image","twitter_misc":{"Est. reading time":"1 minut"},"schema":{"@context":"https:\/\/schema.org","@graph":[{"@type":"WebPage","@id":"https:\/\/lisakroeber.com\/et\/toode\/forma-mansetinoobid\/","url":"https:\/\/lisakroeber.com\/et\/toode\/forma-mansetinoobid\/","name":"FORMA mansetin\u00f6\u00f6bid - Lisa Kroeber Jewellery Art","isPartOf":{"@id":"https:\/\/lisakroeber.com\/#website"},"primaryImageOfPage":{"@id":"https:\/\/lisakroeber.com\/et\/toode\/forma-mansetinoobid\/#primaryimage"},"image":{"@id":"https:\/\/lisakroeber.com\/et\/toode\/forma-mansetinoobid\/#primaryimage"},"thumbnailUrl":"https:\/\/lisakroeber.com\/wp-content\/uploads\/2019\/03\/MENellery-Cufflings-Silver-scaled.jpg","datePublished":"2019-03-19T10:03:59+00:00","dateModified":"2026-02-08T15:35:28+00:00","breadcrumb":{"@id":"https:\/\/lisakroeber.com\/et\/toode\/forma-mansetinoobid\/#breadcrumb"},"inLanguage":"et","potentialAction":[{"@type":"ReadAction","target":["https:\/\/lisakroeber.com\/et\/toode\/forma-mansetinoobid\/"]}]},{"@type":"ImageObject","inLanguage":"et","@id":"https:\/\/lisakroeber.com\/et\/toode\/forma-mansetinoobid\/#primaryimage","url":"https:\/\/lisakroeber.com\/wp-content\/uploads\/2019\/03\/MENellery-Cufflings-Silver-scaled.jpg","contentUrl":"https:\/\/lisakroeber.com\/wp-content\/uploads\/2019\/03\/MENellery-Cufflings-Silver-scaled.jpg","width":2560,"height":2560},{"@type":"BreadcrumbList","@id":"https:\/\/lisakroeber.com\/et\/toode\/forma-mansetinoobid\/#breadcrumb","itemListElement":[{"@type":"ListItem","position":1,"name":"Home","item":"https:\/\/lisakroeber.com\/et\/"},{"@type":"ListItem","position":2,"name":"Pood","item":"https:\/\/lisakroeber.com\/et\/pood\/"},{"@type":"ListItem","position":3,"name":"FORMA mansetin\u00f6\u00f6bid"}]},{"@type":"WebSite","@id":"https:\/\/lisakroeber.com\/#website","url":"https:\/\/lisakroeber.com\/","name":"Lisa Kroeber Jewellery Art","description":"Lisa Kroeber Jewellery Art e-shop","publisher":{"@id":"https:\/\/lisakroeber.com\/#organization"},"potentialAction":[{"@type":"SearchAction","target":{"@type":"EntryPoint","urlTemplate":"https:\/\/lisakroeber.com\/?s={search_term_string}"},"query-input":{"@type":"PropertyValueSpecification","valueRequired":true,"valueName":"search_term_string"}}],"inLanguage":"et"},{"@type":"Organization","@id":"https:\/\/lisakroeber.com\/#organization","name":"Lisa Kroeber Jewellery","url":"https:\/\/lisakroeber.com\/","logo":{"@type":"ImageObject","inLanguage":"et","@id":"https:\/\/lisakroeber.com\/#\/schema\/logo\/image\/","url":"https:\/\/lisakroeber.com\/wp-content\/uploads\/2024\/07\/47178367_317322115661289_143956003702964224_n-e1543863670541.svg","contentUrl":"https:\/\/lisakroeber.com\/wp-content\/uploads\/2024\/07\/47178367_317322115661289_143956003702964224_n-e1543863670541.svg","width":1,"height":1,"caption":"Lisa Kroeber Jewellery"},"image":{"@id":"https:\/\/lisakroeber.com\/#\/schema\/logo\/image\/"}}]}},"_links":{"self":[{"href":"https:\/\/lisakroeber.com\/et\/wp-json\/wp\/v2\/product\/25059","targetHints":{"allow":["GET"]}}],"collection":[{"href":"https:\/\/lisakroeber.com\/et\/wp-json\/wp\/v2\/product"}],"about":[{"href":"https:\/\/lisakroeber.com\/et\/wp-json\/wp\/v2\/types\/product"}],"wp:featuredmedia":[{"embeddable":true,"href":"https:\/\/lisakroeber.com\/et\/wp-json\/wp\/v2\/media\/15400"}],"wp:attachment":[{"href":"https:\/\/lisakroeber.com\/et\/wp-json\/wp\/v2\/media?parent=25059"}],"wp:term":[{"taxonomy":"product_brand","embeddable":true,"href":"https:\/\/lisakroeber.com\/et\/wp-json\/wp\/v2\/product_brand?post=25059"},{"taxonomy":"product_cat","embeddable":true,"href":"https:\/\/lisakroeber.com\/et\/wp-json\/wp\/v2\/product_cat?post=25059"},{"taxonomy":"product_tag","embeddable":true,"href":"https:\/\/lisakroeber.com\/et\/wp-json\/wp\/v2\/product_tag?post=25059"}],"curies":[{"name":"wp","href":"https:\/\/api.w.org\/{rel}","templated":true}]}}