{"id":25063,"date":"2019-08-12T13:18:41","date_gmt":"2019-08-12T11:18:41","guid":{"rendered":"https:\/\/lisakroeber.com\/uus\/product\/kaelakee-corners\/"},"modified":"2024-09-19T22:50:38","modified_gmt":"2024-09-19T20:50:38","slug":"kaelakee-corners","status":"publish","type":"product","link":"https:\/\/lisakroeber.com\/et\/toode\/kaelakee-corners\/","title":{"rendered":"Kaelakee Corners"},"content":{"rendered":"<p><span data-sheets-value=\"{&quot;1&quot;:2,&quot;2&quot;:&quot;CORNER seeria on kummardus meie v\u00e4rvilistele FOLDED k\u00f5rvar\u00f5ngastele - natuke vaiksemad ja tagasihoidlikumad, elegantsemad ja uhkemad ning veidi \u0161ikimad. Aga sama lihtne ja lahe, geomeetriline ja sirge, kordumatu ja silmatorkav.nnL\u00fchike CORNER kaelakee kaunistab teie dekoltee tormiliselt ja erakordselt, m\u00e4ngib kenasti kehaga ja vormib teie n\u00e4gu.nnOle kiire, saadaval on ainult \u00fcks, viimane t\u00fckk!&quot;}\" data-sheets-userformat=\"{&quot;2&quot;:833,&quot;3&quot;:{&quot;1&quot;:0},&quot;9&quot;:1,&quot;11&quot;:4,&quot;12&quot;:0}\">CORNER seeria on kummardus meie v\u00e4rvilistele FOLDED k\u00f5rvar\u00f5ngastele &#8211; natuke vaiksemad ja tagasihoidlikumad, elegantsemad ja uhkemad ning veidi \u0161ikimad. Aga sama lihtne ja lahe, geomeetriline ja sirge, kordumatu ja silmatorkav.<\/span><\/p>\n<p>L\u00fchike CORNER kaelakee kaunistab teie dekoltee tormiliselt ja erakordselt, m\u00e4ngib kenasti kehaga ja vormib teie n\u00e4gu.<\/p>\n<p>Ole kiire, saadaval on ainult \u00fcks, viimane t\u00fckk!<\/p>\n","protected":false},"excerpt":{"rendered":"<p><span style=\"color: #333333;\">!PIIRATUD KOGUS!<\/span><\/p>\n<p>Kollektsioon: Corner<\/p>\n<p><span style=\"color: #333333;\">Materjal: 925 H\u00f5be<\/span><\/p>\n<p><span style=\"color: #333333;\">Ripatsi suurus: 11 x 3cm\u00a0 Kaelakee pikkus 40cm\u00a0 \u00a0 Kaal: 5g<\/span><\/p>\n<p class=\"p1\">K\u00f5ik tooted tarnitakse 1-5 p\u00e4eva jooksul. Vali kassas k\u00e4ttesaamiseks sobiv tarnemeetod. K\u00f5ik tooted tulevad kinkekarbis.<\/p>\n<p>&nbsp;<\/p>\n","protected":false},"featured_media":19680,"template":"","meta":{"content-type":""},"product_brand":[],"product_cat":[348,340],"product_tag":[],"class_list":{"0":"post-25063","1":"product","2":"type-product","3":"status-publish","4":"has-post-thumbnail","6":"product_cat-kaelakeed","7":"product_cat-kollektsioonid","9":"first","10":"outofstock","11":"taxable","12":"shipping-taxable","13":"purchasable","14":"product-type-simple"},"yoast_head":"<!-- This site is optimized with the Yoast SEO plugin v27.4 - https:\/\/yoast.com\/product\/yoast-seo-wordpress\/ -->\n<title>Kaelakee Corners - Lisa Kroeber Jewellery Art<\/title>\n<meta name=\"robots\" content=\"index, follow, max-snippet:-1, max-image-preview:large, max-video-preview:-1\" \/>\n<link rel=\"canonical\" href=\"https:\/\/lisakroeber.com\/et\/toode\/kaelakee-corners\/\" \/>\n<meta property=\"og:locale\" content=\"et_EE\" \/>\n<meta property=\"og:type\" content=\"article\" \/>\n<meta property=\"og:title\" content=\"Kaelakee Corners - Lisa Kroeber Jewellery Art\" \/>\n<meta property=\"og:description\" content=\"!PIIRATUD KOGUS!  Kollektsioon: Corner  Materjal: 925 H\u00f5be  Ripatsi suurus: 11 x 3cm\u00a0 Kaelakee pikkus 40cm\u00a0 \u00a0 Kaal: 5g K\u00f5ik tooted tarnitakse 1-5 p\u00e4eva jooksul. Vali kassas k\u00e4ttesaamiseks sobiv tarnemeetod. K\u00f5ik tooted tulevad kinkekarbis. &nbsp;\" \/>\n<meta property=\"og:url\" content=\"https:\/\/lisakroeber.com\/et\/toode\/kaelakee-corners\/\" \/>\n<meta property=\"og:site_name\" content=\"Lisa Kroeber Jewellery Art\" \/>\n<meta property=\"article:modified_time\" content=\"2024-09-19T20:50:38+00:00\" \/>\n<meta property=\"og:image\" content=\"https:\/\/lisakroeber.com\/wp-content\/uploads\/2019\/08\/Corner-kee-web-scaled.jpg\" \/>\n\t<meta property=\"og:image:width\" content=\"1707\" \/>\n\t<meta property=\"og:image:height\" content=\"2560\" \/>\n\t<meta property=\"og:image:type\" content=\"image\/jpeg\" \/>\n<meta name=\"twitter:card\" content=\"summary_large_image\" \/>\n<meta name=\"twitter:label1\" content=\"Est. reading time\" \/>\n\t<meta name=\"twitter:data1\" content=\"1 minut\" \/>\n<script type=\"application\/ld+json\" class=\"yoast-schema-graph\">{\"@context\":\"https:\\\/\\\/schema.org\",\"@graph\":[{\"@type\":\"WebPage\",\"@id\":\"https:\\\/\\\/lisakroeber.com\\\/et\\\/toode\\\/kaelakee-corners\\\/\",\"url\":\"https:\\\/\\\/lisakroeber.com\\\/et\\\/toode\\\/kaelakee-corners\\\/\",\"name\":\"Kaelakee Corners - Lisa Kroeber Jewellery Art\",\"isPartOf\":{\"@id\":\"https:\\\/\\\/lisakroeber.com\\\/#website\"},\"primaryImageOfPage\":{\"@id\":\"https:\\\/\\\/lisakroeber.com\\\/et\\\/toode\\\/kaelakee-corners\\\/#primaryimage\"},\"image\":{\"@id\":\"https:\\\/\\\/lisakroeber.com\\\/et\\\/toode\\\/kaelakee-corners\\\/#primaryimage\"},\"thumbnailUrl\":\"https:\\\/\\\/lisakroeber.com\\\/wp-content\\\/uploads\\\/2019\\\/08\\\/Corner-kee-web-scaled.jpg\",\"datePublished\":\"2019-08-12T11:18:41+00:00\",\"dateModified\":\"2024-09-19T20:50:38+00:00\",\"breadcrumb\":{\"@id\":\"https:\\\/\\\/lisakroeber.com\\\/et\\\/toode\\\/kaelakee-corners\\\/#breadcrumb\"},\"inLanguage\":\"et\",\"potentialAction\":[{\"@type\":\"ReadAction\",\"target\":[\"https:\\\/\\\/lisakroeber.com\\\/et\\\/toode\\\/kaelakee-corners\\\/\"]}]},{\"@type\":\"ImageObject\",\"inLanguage\":\"et\",\"@id\":\"https:\\\/\\\/lisakroeber.com\\\/et\\\/toode\\\/kaelakee-corners\\\/#primaryimage\",\"url\":\"https:\\\/\\\/lisakroeber.com\\\/wp-content\\\/uploads\\\/2019\\\/08\\\/Corner-kee-web-scaled.jpg\",\"contentUrl\":\"https:\\\/\\\/lisakroeber.com\\\/wp-content\\\/uploads\\\/2019\\\/08\\\/Corner-kee-web-scaled.jpg\",\"width\":1707,\"height\":2560},{\"@type\":\"BreadcrumbList\",\"@id\":\"https:\\\/\\\/lisakroeber.com\\\/et\\\/toode\\\/kaelakee-corners\\\/#breadcrumb\",\"itemListElement\":[{\"@type\":\"ListItem\",\"position\":1,\"name\":\"Home\",\"item\":\"https:\\\/\\\/lisakroeber.com\\\/et\\\/\"},{\"@type\":\"ListItem\",\"position\":2,\"name\":\"Pood\",\"item\":\"https:\\\/\\\/lisakroeber.com\\\/et\\\/pood\\\/\"},{\"@type\":\"ListItem\",\"position\":3,\"name\":\"Kaelakee Corners\"}]},{\"@type\":\"WebSite\",\"@id\":\"https:\\\/\\\/lisakroeber.com\\\/#website\",\"url\":\"https:\\\/\\\/lisakroeber.com\\\/\",\"name\":\"Lisa Kroeber Jewellery Art\",\"description\":\"Lisa Kroeber Jewellery Art e-shop\",\"publisher\":{\"@id\":\"https:\\\/\\\/lisakroeber.com\\\/#organization\"},\"potentialAction\":[{\"@type\":\"SearchAction\",\"target\":{\"@type\":\"EntryPoint\",\"urlTemplate\":\"https:\\\/\\\/lisakroeber.com\\\/?s={search_term_string}\"},\"query-input\":{\"@type\":\"PropertyValueSpecification\",\"valueRequired\":true,\"valueName\":\"search_term_string\"}}],\"inLanguage\":\"et\"},{\"@type\":\"Organization\",\"@id\":\"https:\\\/\\\/lisakroeber.com\\\/#organization\",\"name\":\"Lisa Kroeber Jewellery\",\"url\":\"https:\\\/\\\/lisakroeber.com\\\/\",\"logo\":{\"@type\":\"ImageObject\",\"inLanguage\":\"et\",\"@id\":\"https:\\\/\\\/lisakroeber.com\\\/#\\\/schema\\\/logo\\\/image\\\/\",\"url\":\"https:\\\/\\\/lisakroeber.com\\\/wp-content\\\/uploads\\\/2024\\\/07\\\/47178367_317322115661289_143956003702964224_n-e1543863670541.svg\",\"contentUrl\":\"https:\\\/\\\/lisakroeber.com\\\/wp-content\\\/uploads\\\/2024\\\/07\\\/47178367_317322115661289_143956003702964224_n-e1543863670541.svg\",\"width\":1,\"height\":1,\"caption\":\"Lisa Kroeber Jewellery\"},\"image\":{\"@id\":\"https:\\\/\\\/lisakroeber.com\\\/#\\\/schema\\\/logo\\\/image\\\/\"}}]}<\/script>\n<!-- \/ Yoast SEO plugin. -->","yoast_head_json":{"title":"Kaelakee Corners - Lisa Kroeber Jewellery Art","robots":{"index":"index","follow":"follow","max-snippet":"max-snippet:-1","max-image-preview":"max-image-preview:large","max-video-preview":"max-video-preview:-1"},"canonical":"https:\/\/lisakroeber.com\/et\/toode\/kaelakee-corners\/","og_locale":"et_EE","og_type":"article","og_title":"Kaelakee Corners - Lisa Kroeber Jewellery Art","og_description":"!PIIRATUD KOGUS!  Kollektsioon: Corner  Materjal: 925 H\u00f5be  Ripatsi suurus: 11 x 3cm\u00a0 Kaelakee pikkus 40cm\u00a0 \u00a0 Kaal: 5g K\u00f5ik tooted tarnitakse 1-5 p\u00e4eva jooksul. Vali kassas k\u00e4ttesaamiseks sobiv tarnemeetod. K\u00f5ik tooted tulevad kinkekarbis. &nbsp;","og_url":"https:\/\/lisakroeber.com\/et\/toode\/kaelakee-corners\/","og_site_name":"Lisa Kroeber Jewellery Art","article_modified_time":"2024-09-19T20:50:38+00:00","og_image":[{"width":1707,"height":2560,"url":"https:\/\/lisakroeber.com\/wp-content\/uploads\/2019\/08\/Corner-kee-web-scaled.jpg","type":"image\/jpeg"}],"twitter_card":"summary_large_image","twitter_misc":{"Est. reading time":"1 minut"},"schema":{"@context":"https:\/\/schema.org","@graph":[{"@type":"WebPage","@id":"https:\/\/lisakroeber.com\/et\/toode\/kaelakee-corners\/","url":"https:\/\/lisakroeber.com\/et\/toode\/kaelakee-corners\/","name":"Kaelakee Corners - Lisa Kroeber Jewellery Art","isPartOf":{"@id":"https:\/\/lisakroeber.com\/#website"},"primaryImageOfPage":{"@id":"https:\/\/lisakroeber.com\/et\/toode\/kaelakee-corners\/#primaryimage"},"image":{"@id":"https:\/\/lisakroeber.com\/et\/toode\/kaelakee-corners\/#primaryimage"},"thumbnailUrl":"https:\/\/lisakroeber.com\/wp-content\/uploads\/2019\/08\/Corner-kee-web-scaled.jpg","datePublished":"2019-08-12T11:18:41+00:00","dateModified":"2024-09-19T20:50:38+00:00","breadcrumb":{"@id":"https:\/\/lisakroeber.com\/et\/toode\/kaelakee-corners\/#breadcrumb"},"inLanguage":"et","potentialAction":[{"@type":"ReadAction","target":["https:\/\/lisakroeber.com\/et\/toode\/kaelakee-corners\/"]}]},{"@type":"ImageObject","inLanguage":"et","@id":"https:\/\/lisakroeber.com\/et\/toode\/kaelakee-corners\/#primaryimage","url":"https:\/\/lisakroeber.com\/wp-content\/uploads\/2019\/08\/Corner-kee-web-scaled.jpg","contentUrl":"https:\/\/lisakroeber.com\/wp-content\/uploads\/2019\/08\/Corner-kee-web-scaled.jpg","width":1707,"height":2560},{"@type":"BreadcrumbList","@id":"https:\/\/lisakroeber.com\/et\/toode\/kaelakee-corners\/#breadcrumb","itemListElement":[{"@type":"ListItem","position":1,"name":"Home","item":"https:\/\/lisakroeber.com\/et\/"},{"@type":"ListItem","position":2,"name":"Pood","item":"https:\/\/lisakroeber.com\/et\/pood\/"},{"@type":"ListItem","position":3,"name":"Kaelakee Corners"}]},{"@type":"WebSite","@id":"https:\/\/lisakroeber.com\/#website","url":"https:\/\/lisakroeber.com\/","name":"Lisa Kroeber Jewellery Art","description":"Lisa Kroeber Jewellery Art e-shop","publisher":{"@id":"https:\/\/lisakroeber.com\/#organization"},"potentialAction":[{"@type":"SearchAction","target":{"@type":"EntryPoint","urlTemplate":"https:\/\/lisakroeber.com\/?s={search_term_string}"},"query-input":{"@type":"PropertyValueSpecification","valueRequired":true,"valueName":"search_term_string"}}],"inLanguage":"et"},{"@type":"Organization","@id":"https:\/\/lisakroeber.com\/#organization","name":"Lisa Kroeber Jewellery","url":"https:\/\/lisakroeber.com\/","logo":{"@type":"ImageObject","inLanguage":"et","@id":"https:\/\/lisakroeber.com\/#\/schema\/logo\/image\/","url":"https:\/\/lisakroeber.com\/wp-content\/uploads\/2024\/07\/47178367_317322115661289_143956003702964224_n-e1543863670541.svg","contentUrl":"https:\/\/lisakroeber.com\/wp-content\/uploads\/2024\/07\/47178367_317322115661289_143956003702964224_n-e1543863670541.svg","width":1,"height":1,"caption":"Lisa Kroeber Jewellery"},"image":{"@id":"https:\/\/lisakroeber.com\/#\/schema\/logo\/image\/"}}]}},"_links":{"self":[{"href":"https:\/\/lisakroeber.com\/et\/wp-json\/wp\/v2\/product\/25063","targetHints":{"allow":["GET"]}}],"collection":[{"href":"https:\/\/lisakroeber.com\/et\/wp-json\/wp\/v2\/product"}],"about":[{"href":"https:\/\/lisakroeber.com\/et\/wp-json\/wp\/v2\/types\/product"}],"wp:featuredmedia":[{"embeddable":true,"href":"https:\/\/lisakroeber.com\/et\/wp-json\/wp\/v2\/media\/19680"}],"wp:attachment":[{"href":"https:\/\/lisakroeber.com\/et\/wp-json\/wp\/v2\/media?parent=25063"}],"wp:term":[{"taxonomy":"product_brand","embeddable":true,"href":"https:\/\/lisakroeber.com\/et\/wp-json\/wp\/v2\/product_brand?post=25063"},{"taxonomy":"product_cat","embeddable":true,"href":"https:\/\/lisakroeber.com\/et\/wp-json\/wp\/v2\/product_cat?post=25063"},{"taxonomy":"product_tag","embeddable":true,"href":"https:\/\/lisakroeber.com\/et\/wp-json\/wp\/v2\/product_tag?post=25063"}],"curies":[{"name":"wp","href":"https:\/\/api.w.org\/{rel}","templated":true}]}}