{"id":25119,"date":"2019-03-22T09:33:34","date_gmt":"2019-03-22T07:33:34","guid":{"rendered":"https:\/\/lisakroeber.com\/uus\/product\/leaves-kaelakee-2\/"},"modified":"2026-04-14T21:48:35","modified_gmt":"2026-04-14T19:48:35","slug":"leaves-kaelakee-2","status":"publish","type":"product","link":"https:\/\/lisakroeber.com\/et\/toode\/leaves-kaelakee-2\/","title":{"rendered":"Kaelakee Leaves Small"},"content":{"rendered":"","protected":false},"excerpt":{"rendered":"<p><b>Leaves kaelakee<\/b><b><br \/>\n<\/b><span style=\"font-weight: 400;\"> Orgaaniline. Tagasihoidlik.  Ajatu.<\/span><\/p>\n<p><span style=\"font-weight: 400;\">Leaves <\/span><i><span style=\"font-weight: 400;\">kaelakee<\/span><\/i><span style=\"font-weight: 400;\"> kannab meie ikoonilist lehekujulist vormi \u00f5rnas ja viimistletud v\u00e4ljenduses. Loodusest inspireeritud orgaaniline siluett on kerge ja pingevaba, lisades v\u00e4limusele vaikse, kuid v\u00e4ljendusrikka aktsendi. <\/span><\/p>\n<p>Kergesti kombineeritav ja mugav kanda<span style=\"font-weight: 400;\"> Leaves kaelakee sobib suurep\u00e4raselt igap\u00e4evaseks kandmiseks nii \u00fcksinda kui ka kihiliselt teiste ehetega. Ajatu disain, mis kannab endas tasakaalu ja looduslikku rahu.<br \/> <\/span><\/p>\n<p>&nbsp;<\/p>\n","protected":false},"featured_media":28728,"template":"","meta":{"content-type":""},"product_brand":[],"product_cat":[348,340,441],"product_tag":[],"class_list":{"0":"post-25119","1":"product","2":"type-product","3":"status-publish","4":"has-post-thumbnail","6":"product_cat-kaelakeed","7":"product_cat-kollektsioonid","8":"product_cat-leaves-et","10":"first","11":"outofstock","12":"taxable","13":"shipping-taxable","14":"product-type-variable"},"yoast_head":"<!-- This site is optimized with the Yoast SEO plugin v27.4 - https:\/\/yoast.com\/product\/yoast-seo-wordpress\/ -->\n<title>Kaelakee Leaves Small - Lisa Kroeber Jewellery Art<\/title>\n<meta name=\"robots\" content=\"index, follow, max-snippet:-1, max-image-preview:large, max-video-preview:-1\" \/>\n<link rel=\"canonical\" href=\"https:\/\/lisakroeber.com\/et\/toode\/leaves-kaelakee-2\/\" \/>\n<meta property=\"og:locale\" content=\"et_EE\" \/>\n<meta property=\"og:type\" content=\"article\" \/>\n<meta property=\"og:title\" content=\"Kaelakee Leaves Small - Lisa Kroeber Jewellery Art\" \/>\n<meta property=\"og:description\" content=\"Leaves kaelakee Orgaaniline. Tagasihoidlik. Ajatu. Leaves kaelakee kannab meie ikoonilist lehekujulist vormi \u00f5rnas ja viimistletud v\u00e4ljenduses. Loodusest inspireeritud orgaaniline siluett on kerge ja pingevaba, lisades v\u00e4limusele vaikse, kuid v\u00e4ljendusrikka aktsendi.  Kergesti kombineeritav ja mugav kanda Leaves kaelakee sobib suurep\u00e4raselt igap\u00e4evaseks kandmiseks nii \u00fcksinda kui ka kihiliselt teiste ehetega. Ajatu disain, mis kannab endas tasakaalu ja looduslikku rahu.  &nbsp;\" \/>\n<meta property=\"og:url\" content=\"https:\/\/lisakroeber.com\/et\/toode\/leaves-kaelakee-2\/\" \/>\n<meta property=\"og:site_name\" content=\"Lisa Kroeber Jewellery Art\" \/>\n<meta property=\"article:modified_time\" content=\"2026-04-14T19:48:35+00:00\" \/>\n<meta property=\"og:image\" content=\"https:\/\/lisakroeber.com\/wp-content\/uploads\/2024\/04\/LNS3012-scaled-e1743161436696.jpg\" \/>\n\t<meta property=\"og:image:width\" content=\"2560\" \/>\n\t<meta property=\"og:image:height\" content=\"2560\" \/>\n\t<meta property=\"og:image:type\" content=\"image\/jpeg\" \/>\n<meta name=\"twitter:card\" content=\"summary_large_image\" \/>\n<meta name=\"twitter:label1\" content=\"Est. reading time\" \/>\n\t<meta name=\"twitter:data1\" content=\"1 minut\" \/>\n<script type=\"application\/ld+json\" class=\"yoast-schema-graph\">{\"@context\":\"https:\\\/\\\/schema.org\",\"@graph\":[{\"@type\":\"WebPage\",\"@id\":\"https:\\\/\\\/lisakroeber.com\\\/et\\\/toode\\\/leaves-kaelakee-2\\\/\",\"url\":\"https:\\\/\\\/lisakroeber.com\\\/et\\\/toode\\\/leaves-kaelakee-2\\\/\",\"name\":\"Kaelakee Leaves Small - Lisa Kroeber Jewellery Art\",\"isPartOf\":{\"@id\":\"https:\\\/\\\/lisakroeber.com\\\/#website\"},\"primaryImageOfPage\":{\"@id\":\"https:\\\/\\\/lisakroeber.com\\\/et\\\/toode\\\/leaves-kaelakee-2\\\/#primaryimage\"},\"image\":{\"@id\":\"https:\\\/\\\/lisakroeber.com\\\/et\\\/toode\\\/leaves-kaelakee-2\\\/#primaryimage\"},\"thumbnailUrl\":\"https:\\\/\\\/lisakroeber.com\\\/wp-content\\\/uploads\\\/2024\\\/04\\\/LNS3012-scaled-e1743161436696.jpg\",\"datePublished\":\"2019-03-22T07:33:34+00:00\",\"dateModified\":\"2026-04-14T19:48:35+00:00\",\"breadcrumb\":{\"@id\":\"https:\\\/\\\/lisakroeber.com\\\/et\\\/toode\\\/leaves-kaelakee-2\\\/#breadcrumb\"},\"inLanguage\":\"et\",\"potentialAction\":[{\"@type\":\"ReadAction\",\"target\":[\"https:\\\/\\\/lisakroeber.com\\\/et\\\/toode\\\/leaves-kaelakee-2\\\/\"]}]},{\"@type\":\"ImageObject\",\"inLanguage\":\"et\",\"@id\":\"https:\\\/\\\/lisakroeber.com\\\/et\\\/toode\\\/leaves-kaelakee-2\\\/#primaryimage\",\"url\":\"https:\\\/\\\/lisakroeber.com\\\/wp-content\\\/uploads\\\/2024\\\/04\\\/LNS3012-scaled-e1743161436696.jpg\",\"contentUrl\":\"https:\\\/\\\/lisakroeber.com\\\/wp-content\\\/uploads\\\/2024\\\/04\\\/LNS3012-scaled-e1743161436696.jpg\",\"width\":2560,\"height\":2560},{\"@type\":\"BreadcrumbList\",\"@id\":\"https:\\\/\\\/lisakroeber.com\\\/et\\\/toode\\\/leaves-kaelakee-2\\\/#breadcrumb\",\"itemListElement\":[{\"@type\":\"ListItem\",\"position\":1,\"name\":\"Home\",\"item\":\"https:\\\/\\\/lisakroeber.com\\\/et\\\/\"},{\"@type\":\"ListItem\",\"position\":2,\"name\":\"Pood\",\"item\":\"https:\\\/\\\/lisakroeber.com\\\/et\\\/pood\\\/\"},{\"@type\":\"ListItem\",\"position\":3,\"name\":\"Kaelakee Leaves Small\"}]},{\"@type\":\"WebSite\",\"@id\":\"https:\\\/\\\/lisakroeber.com\\\/#website\",\"url\":\"https:\\\/\\\/lisakroeber.com\\\/\",\"name\":\"Lisa Kroeber Jewellery Art\",\"description\":\"Lisa Kroeber Jewellery Art e-shop\",\"publisher\":{\"@id\":\"https:\\\/\\\/lisakroeber.com\\\/#organization\"},\"potentialAction\":[{\"@type\":\"SearchAction\",\"target\":{\"@type\":\"EntryPoint\",\"urlTemplate\":\"https:\\\/\\\/lisakroeber.com\\\/?s={search_term_string}\"},\"query-input\":{\"@type\":\"PropertyValueSpecification\",\"valueRequired\":true,\"valueName\":\"search_term_string\"}}],\"inLanguage\":\"et\"},{\"@type\":\"Organization\",\"@id\":\"https:\\\/\\\/lisakroeber.com\\\/#organization\",\"name\":\"Lisa Kroeber Jewellery\",\"url\":\"https:\\\/\\\/lisakroeber.com\\\/\",\"logo\":{\"@type\":\"ImageObject\",\"inLanguage\":\"et\",\"@id\":\"https:\\\/\\\/lisakroeber.com\\\/#\\\/schema\\\/logo\\\/image\\\/\",\"url\":\"https:\\\/\\\/lisakroeber.com\\\/wp-content\\\/uploads\\\/2024\\\/07\\\/47178367_317322115661289_143956003702964224_n-e1543863670541.svg\",\"contentUrl\":\"https:\\\/\\\/lisakroeber.com\\\/wp-content\\\/uploads\\\/2024\\\/07\\\/47178367_317322115661289_143956003702964224_n-e1543863670541.svg\",\"width\":1,\"height\":1,\"caption\":\"Lisa Kroeber Jewellery\"},\"image\":{\"@id\":\"https:\\\/\\\/lisakroeber.com\\\/#\\\/schema\\\/logo\\\/image\\\/\"}}]}<\/script>\n<!-- \/ Yoast SEO plugin. -->","yoast_head_json":{"title":"Kaelakee Leaves Small - Lisa Kroeber Jewellery Art","robots":{"index":"index","follow":"follow","max-snippet":"max-snippet:-1","max-image-preview":"max-image-preview:large","max-video-preview":"max-video-preview:-1"},"canonical":"https:\/\/lisakroeber.com\/et\/toode\/leaves-kaelakee-2\/","og_locale":"et_EE","og_type":"article","og_title":"Kaelakee Leaves Small - Lisa Kroeber Jewellery Art","og_description":"Leaves kaelakee Orgaaniline. Tagasihoidlik. Ajatu. Leaves kaelakee kannab meie ikoonilist lehekujulist vormi \u00f5rnas ja viimistletud v\u00e4ljenduses. Loodusest inspireeritud orgaaniline siluett on kerge ja pingevaba, lisades v\u00e4limusele vaikse, kuid v\u00e4ljendusrikka aktsendi.  Kergesti kombineeritav ja mugav kanda Leaves kaelakee sobib suurep\u00e4raselt igap\u00e4evaseks kandmiseks nii \u00fcksinda kui ka kihiliselt teiste ehetega. Ajatu disain, mis kannab endas tasakaalu ja looduslikku rahu.  &nbsp;","og_url":"https:\/\/lisakroeber.com\/et\/toode\/leaves-kaelakee-2\/","og_site_name":"Lisa Kroeber Jewellery Art","article_modified_time":"2026-04-14T19:48:35+00:00","og_image":[{"width":2560,"height":2560,"url":"https:\/\/lisakroeber.com\/wp-content\/uploads\/2024\/04\/LNS3012-scaled-e1743161436696.jpg","type":"image\/jpeg"}],"twitter_card":"summary_large_image","twitter_misc":{"Est. reading time":"1 minut"},"schema":{"@context":"https:\/\/schema.org","@graph":[{"@type":"WebPage","@id":"https:\/\/lisakroeber.com\/et\/toode\/leaves-kaelakee-2\/","url":"https:\/\/lisakroeber.com\/et\/toode\/leaves-kaelakee-2\/","name":"Kaelakee Leaves Small - Lisa Kroeber Jewellery Art","isPartOf":{"@id":"https:\/\/lisakroeber.com\/#website"},"primaryImageOfPage":{"@id":"https:\/\/lisakroeber.com\/et\/toode\/leaves-kaelakee-2\/#primaryimage"},"image":{"@id":"https:\/\/lisakroeber.com\/et\/toode\/leaves-kaelakee-2\/#primaryimage"},"thumbnailUrl":"https:\/\/lisakroeber.com\/wp-content\/uploads\/2024\/04\/LNS3012-scaled-e1743161436696.jpg","datePublished":"2019-03-22T07:33:34+00:00","dateModified":"2026-04-14T19:48:35+00:00","breadcrumb":{"@id":"https:\/\/lisakroeber.com\/et\/toode\/leaves-kaelakee-2\/#breadcrumb"},"inLanguage":"et","potentialAction":[{"@type":"ReadAction","target":["https:\/\/lisakroeber.com\/et\/toode\/leaves-kaelakee-2\/"]}]},{"@type":"ImageObject","inLanguage":"et","@id":"https:\/\/lisakroeber.com\/et\/toode\/leaves-kaelakee-2\/#primaryimage","url":"https:\/\/lisakroeber.com\/wp-content\/uploads\/2024\/04\/LNS3012-scaled-e1743161436696.jpg","contentUrl":"https:\/\/lisakroeber.com\/wp-content\/uploads\/2024\/04\/LNS3012-scaled-e1743161436696.jpg","width":2560,"height":2560},{"@type":"BreadcrumbList","@id":"https:\/\/lisakroeber.com\/et\/toode\/leaves-kaelakee-2\/#breadcrumb","itemListElement":[{"@type":"ListItem","position":1,"name":"Home","item":"https:\/\/lisakroeber.com\/et\/"},{"@type":"ListItem","position":2,"name":"Pood","item":"https:\/\/lisakroeber.com\/et\/pood\/"},{"@type":"ListItem","position":3,"name":"Kaelakee Leaves Small"}]},{"@type":"WebSite","@id":"https:\/\/lisakroeber.com\/#website","url":"https:\/\/lisakroeber.com\/","name":"Lisa Kroeber Jewellery Art","description":"Lisa Kroeber Jewellery Art e-shop","publisher":{"@id":"https:\/\/lisakroeber.com\/#organization"},"potentialAction":[{"@type":"SearchAction","target":{"@type":"EntryPoint","urlTemplate":"https:\/\/lisakroeber.com\/?s={search_term_string}"},"query-input":{"@type":"PropertyValueSpecification","valueRequired":true,"valueName":"search_term_string"}}],"inLanguage":"et"},{"@type":"Organization","@id":"https:\/\/lisakroeber.com\/#organization","name":"Lisa Kroeber Jewellery","url":"https:\/\/lisakroeber.com\/","logo":{"@type":"ImageObject","inLanguage":"et","@id":"https:\/\/lisakroeber.com\/#\/schema\/logo\/image\/","url":"https:\/\/lisakroeber.com\/wp-content\/uploads\/2024\/07\/47178367_317322115661289_143956003702964224_n-e1543863670541.svg","contentUrl":"https:\/\/lisakroeber.com\/wp-content\/uploads\/2024\/07\/47178367_317322115661289_143956003702964224_n-e1543863670541.svg","width":1,"height":1,"caption":"Lisa Kroeber Jewellery"},"image":{"@id":"https:\/\/lisakroeber.com\/#\/schema\/logo\/image\/"}}]}},"_links":{"self":[{"href":"https:\/\/lisakroeber.com\/et\/wp-json\/wp\/v2\/product\/25119","targetHints":{"allow":["GET"]}}],"collection":[{"href":"https:\/\/lisakroeber.com\/et\/wp-json\/wp\/v2\/product"}],"about":[{"href":"https:\/\/lisakroeber.com\/et\/wp-json\/wp\/v2\/types\/product"}],"wp:featuredmedia":[{"embeddable":true,"href":"https:\/\/lisakroeber.com\/et\/wp-json\/wp\/v2\/media\/28728"}],"wp:attachment":[{"href":"https:\/\/lisakroeber.com\/et\/wp-json\/wp\/v2\/media?parent=25119"}],"wp:term":[{"taxonomy":"product_brand","embeddable":true,"href":"https:\/\/lisakroeber.com\/et\/wp-json\/wp\/v2\/product_brand?post=25119"},{"taxonomy":"product_cat","embeddable":true,"href":"https:\/\/lisakroeber.com\/et\/wp-json\/wp\/v2\/product_cat?post=25119"},{"taxonomy":"product_tag","embeddable":true,"href":"https:\/\/lisakroeber.com\/et\/wp-json\/wp\/v2\/product_tag?post=25119"}],"curies":[{"name":"wp","href":"https:\/\/api.w.org\/{rel}","templated":true}]}}