{"id":25245,"date":"2019-08-12T13:43:49","date_gmt":"2019-08-12T11:43:49","guid":{"rendered":"https:\/\/lisakroeber.com\/uus\/product\/korvarongad-cubes\/"},"modified":"2026-02-08T21:08:55","modified_gmt":"2026-02-08T19:08:55","slug":"korvarongad-cubes","status":"publish","type":"product","link":"https:\/\/lisakroeber.com\/et\/toode\/korvarongad-cubes\/","title":{"rendered":"K\u00f5rvar\u00f5ngad Cubes"},"content":{"rendered":"<p>&nbsp;<\/p>\n<p>&nbsp;<\/p>\n","protected":false},"excerpt":{"rendered":"<p data-start=\"151\" data-end=\"199\">Cube k\u00f5rvar\u00f5ngad<br data-start=\"166\" data-end=\"169\"> Minimalistlik. \u00d5rn. Igap\u00e4evane.  <\/p>\n<p data-start=\"201\" data-end=\"455\"><em data-start=\"205\" data-end=\"211\">Cube seeria <\/em>on meie k\u00f5ige minimalistlikum kollektsioon. Tagasihoidlikud, lihtsad ja kergesti kantavad ehted kaunistavad sind peenelt ja m\u00e4rkamatult. V\u00e4ikesed ja armsad vormid loovad \u00f5rna aktsendi igap\u00e4evases stiilis \u2014 ajatud ehted neile, kes hindavad puhast disaini ja vaoshoitud elegantsi.  <\/p>\n<p>Kollektioon: Cubes<\/p>\n<p>Materjal: 925 h\u00f5be<\/p>\n<p>Suurus: 0,4 \u00d7 0,4 Kaal: 0,4g<\/p>\n<p>Augustatud k\u00f5rvadele<\/p>\n<p>K\u00f5ik tooted tarnitakse 1-5 p\u00e4eva jooksul.<\/p>\n<p>K\u00f5ik tooted tulevad kinkekarbis.<\/p>\n","protected":false},"featured_media":15978,"template":"","meta":{"content-type":""},"product_brand":[],"product_cat":[450,342,340],"product_tag":[],"class_list":{"0":"post-25245","1":"product","2":"type-product","3":"status-publish","4":"has-post-thumbnail","6":"product_cat-cubes-et","7":"product_cat-korvarongad","8":"product_cat-kollektsioonid","10":"first","11":"instock","12":"taxable","13":"shipping-taxable","14":"purchasable","15":"product-type-simple"},"yoast_head":"<!-- This site is optimized with the Yoast SEO plugin v27.3 - https:\/\/yoast.com\/product\/yoast-seo-wordpress\/ -->\n<title>K\u00f5rvar\u00f5ngad Cubes - Lisa Kroeber Jewellery Art<\/title>\n<meta name=\"robots\" content=\"index, follow, max-snippet:-1, max-image-preview:large, max-video-preview:-1\" \/>\n<link rel=\"canonical\" href=\"https:\/\/lisakroeber.com\/et\/toode\/korvarongad-cubes\/\" \/>\n<meta property=\"og:locale\" content=\"et_EE\" \/>\n<meta property=\"og:type\" content=\"article\" \/>\n<meta property=\"og:title\" content=\"K\u00f5rvar\u00f5ngad Cubes - Lisa Kroeber Jewellery Art\" \/>\n<meta property=\"og:description\" content=\"Cube k\u00f5rvar\u00f5ngad Minimalistlik. \u00d5rn. Igap\u00e4evane.  Cube seeria on meie k\u00f5ige minimalistlikum kollektsioon. Tagasihoidlikud, lihtsad ja kergesti kantavad ehted kaunistavad sind peenelt ja m\u00e4rkamatult. V\u00e4ikesed ja armsad vormid loovad \u00f5rna aktsendi igap\u00e4evases stiilis \u2014 ajatud ehted neile, kes hindavad puhast disaini ja vaoshoitud elegantsi.  Kollektioon: Cubes Materjal: 925 h\u00f5be Suurus: 0,4 \u00d7 0,4 Kaal: 0,4g Augustatud k\u00f5rvadele K\u00f5ik tooted tarnitakse 1-5 p\u00e4eva jooksul. K\u00f5ik tooted tulevad kinkekarbis.\" \/>\n<meta property=\"og:url\" content=\"https:\/\/lisakroeber.com\/et\/toode\/korvarongad-cubes\/\" \/>\n<meta property=\"og:site_name\" content=\"Lisa Kroeber Jewellery Art\" \/>\n<meta property=\"article:modified_time\" content=\"2026-02-08T19:08:55+00:00\" \/>\n<meta property=\"og:image\" content=\"https:\/\/lisakroeber.com\/wp-content\/uploads\/2019\/08\/img_2D_0009-scaled.jpg\" \/>\n\t<meta property=\"og:image:width\" content=\"2560\" \/>\n\t<meta property=\"og:image:height\" content=\"1771\" \/>\n\t<meta property=\"og:image:type\" content=\"image\/jpeg\" \/>\n<meta name=\"twitter:card\" content=\"summary_large_image\" \/>\n<meta name=\"twitter:label1\" content=\"Est. reading time\" \/>\n\t<meta name=\"twitter:data1\" content=\"1 minut\" \/>\n<script type=\"application\/ld+json\" class=\"yoast-schema-graph\">{\"@context\":\"https:\\\/\\\/schema.org\",\"@graph\":[{\"@type\":\"WebPage\",\"@id\":\"https:\\\/\\\/lisakroeber.com\\\/et\\\/toode\\\/korvarongad-cubes\\\/\",\"url\":\"https:\\\/\\\/lisakroeber.com\\\/et\\\/toode\\\/korvarongad-cubes\\\/\",\"name\":\"K\u00f5rvar\u00f5ngad Cubes - Lisa Kroeber Jewellery Art\",\"isPartOf\":{\"@id\":\"https:\\\/\\\/lisakroeber.com\\\/#website\"},\"primaryImageOfPage\":{\"@id\":\"https:\\\/\\\/lisakroeber.com\\\/et\\\/toode\\\/korvarongad-cubes\\\/#primaryimage\"},\"image\":{\"@id\":\"https:\\\/\\\/lisakroeber.com\\\/et\\\/toode\\\/korvarongad-cubes\\\/#primaryimage\"},\"thumbnailUrl\":\"https:\\\/\\\/lisakroeber.com\\\/wp-content\\\/uploads\\\/2019\\\/08\\\/img_2D_0009-scaled.jpg\",\"datePublished\":\"2019-08-12T11:43:49+00:00\",\"dateModified\":\"2026-02-08T19:08:55+00:00\",\"breadcrumb\":{\"@id\":\"https:\\\/\\\/lisakroeber.com\\\/et\\\/toode\\\/korvarongad-cubes\\\/#breadcrumb\"},\"inLanguage\":\"et\",\"potentialAction\":[{\"@type\":\"ReadAction\",\"target\":[\"https:\\\/\\\/lisakroeber.com\\\/et\\\/toode\\\/korvarongad-cubes\\\/\"]}]},{\"@type\":\"ImageObject\",\"inLanguage\":\"et\",\"@id\":\"https:\\\/\\\/lisakroeber.com\\\/et\\\/toode\\\/korvarongad-cubes\\\/#primaryimage\",\"url\":\"https:\\\/\\\/lisakroeber.com\\\/wp-content\\\/uploads\\\/2019\\\/08\\\/img_2D_0009-scaled.jpg\",\"contentUrl\":\"https:\\\/\\\/lisakroeber.com\\\/wp-content\\\/uploads\\\/2019\\\/08\\\/img_2D_0009-scaled.jpg\",\"width\":2560,\"height\":1771},{\"@type\":\"BreadcrumbList\",\"@id\":\"https:\\\/\\\/lisakroeber.com\\\/et\\\/toode\\\/korvarongad-cubes\\\/#breadcrumb\",\"itemListElement\":[{\"@type\":\"ListItem\",\"position\":1,\"name\":\"Home\",\"item\":\"https:\\\/\\\/lisakroeber.com\\\/et\\\/\"},{\"@type\":\"ListItem\",\"position\":2,\"name\":\"Pood\",\"item\":\"https:\\\/\\\/lisakroeber.com\\\/et\\\/pood\\\/\"},{\"@type\":\"ListItem\",\"position\":3,\"name\":\"K\u00f5rvar\u00f5ngad Cubes\"}]},{\"@type\":\"WebSite\",\"@id\":\"https:\\\/\\\/lisakroeber.com\\\/#website\",\"url\":\"https:\\\/\\\/lisakroeber.com\\\/\",\"name\":\"Lisa Kroeber Jewellery Art\",\"description\":\"Lisa Kroeber Jewellery Art e-shop\",\"publisher\":{\"@id\":\"https:\\\/\\\/lisakroeber.com\\\/#organization\"},\"potentialAction\":[{\"@type\":\"SearchAction\",\"target\":{\"@type\":\"EntryPoint\",\"urlTemplate\":\"https:\\\/\\\/lisakroeber.com\\\/?s={search_term_string}\"},\"query-input\":{\"@type\":\"PropertyValueSpecification\",\"valueRequired\":true,\"valueName\":\"search_term_string\"}}],\"inLanguage\":\"et\"},{\"@type\":\"Organization\",\"@id\":\"https:\\\/\\\/lisakroeber.com\\\/#organization\",\"name\":\"Lisa Kroeber Jewellery\",\"url\":\"https:\\\/\\\/lisakroeber.com\\\/\",\"logo\":{\"@type\":\"ImageObject\",\"inLanguage\":\"et\",\"@id\":\"https:\\\/\\\/lisakroeber.com\\\/#\\\/schema\\\/logo\\\/image\\\/\",\"url\":\"https:\\\/\\\/lisakroeber.com\\\/wp-content\\\/uploads\\\/2024\\\/07\\\/47178367_317322115661289_143956003702964224_n-e1543863670541.svg\",\"contentUrl\":\"https:\\\/\\\/lisakroeber.com\\\/wp-content\\\/uploads\\\/2024\\\/07\\\/47178367_317322115661289_143956003702964224_n-e1543863670541.svg\",\"width\":1,\"height\":1,\"caption\":\"Lisa Kroeber Jewellery\"},\"image\":{\"@id\":\"https:\\\/\\\/lisakroeber.com\\\/#\\\/schema\\\/logo\\\/image\\\/\"}}]}<\/script>\n<!-- \/ Yoast SEO plugin. -->","yoast_head_json":{"title":"K\u00f5rvar\u00f5ngad Cubes - Lisa Kroeber Jewellery Art","robots":{"index":"index","follow":"follow","max-snippet":"max-snippet:-1","max-image-preview":"max-image-preview:large","max-video-preview":"max-video-preview:-1"},"canonical":"https:\/\/lisakroeber.com\/et\/toode\/korvarongad-cubes\/","og_locale":"et_EE","og_type":"article","og_title":"K\u00f5rvar\u00f5ngad Cubes - Lisa Kroeber Jewellery Art","og_description":"Cube k\u00f5rvar\u00f5ngad Minimalistlik. \u00d5rn. Igap\u00e4evane.  Cube seeria on meie k\u00f5ige minimalistlikum kollektsioon. Tagasihoidlikud, lihtsad ja kergesti kantavad ehted kaunistavad sind peenelt ja m\u00e4rkamatult. V\u00e4ikesed ja armsad vormid loovad \u00f5rna aktsendi igap\u00e4evases stiilis \u2014 ajatud ehted neile, kes hindavad puhast disaini ja vaoshoitud elegantsi.  Kollektioon: Cubes Materjal: 925 h\u00f5be Suurus: 0,4 \u00d7 0,4 Kaal: 0,4g Augustatud k\u00f5rvadele K\u00f5ik tooted tarnitakse 1-5 p\u00e4eva jooksul. K\u00f5ik tooted tulevad kinkekarbis.","og_url":"https:\/\/lisakroeber.com\/et\/toode\/korvarongad-cubes\/","og_site_name":"Lisa Kroeber Jewellery Art","article_modified_time":"2026-02-08T19:08:55+00:00","og_image":[{"width":2560,"height":1771,"url":"https:\/\/lisakroeber.com\/wp-content\/uploads\/2019\/08\/img_2D_0009-scaled.jpg","type":"image\/jpeg"}],"twitter_card":"summary_large_image","twitter_misc":{"Est. reading time":"1 minut"},"schema":{"@context":"https:\/\/schema.org","@graph":[{"@type":"WebPage","@id":"https:\/\/lisakroeber.com\/et\/toode\/korvarongad-cubes\/","url":"https:\/\/lisakroeber.com\/et\/toode\/korvarongad-cubes\/","name":"K\u00f5rvar\u00f5ngad Cubes - Lisa Kroeber Jewellery Art","isPartOf":{"@id":"https:\/\/lisakroeber.com\/#website"},"primaryImageOfPage":{"@id":"https:\/\/lisakroeber.com\/et\/toode\/korvarongad-cubes\/#primaryimage"},"image":{"@id":"https:\/\/lisakroeber.com\/et\/toode\/korvarongad-cubes\/#primaryimage"},"thumbnailUrl":"https:\/\/lisakroeber.com\/wp-content\/uploads\/2019\/08\/img_2D_0009-scaled.jpg","datePublished":"2019-08-12T11:43:49+00:00","dateModified":"2026-02-08T19:08:55+00:00","breadcrumb":{"@id":"https:\/\/lisakroeber.com\/et\/toode\/korvarongad-cubes\/#breadcrumb"},"inLanguage":"et","potentialAction":[{"@type":"ReadAction","target":["https:\/\/lisakroeber.com\/et\/toode\/korvarongad-cubes\/"]}]},{"@type":"ImageObject","inLanguage":"et","@id":"https:\/\/lisakroeber.com\/et\/toode\/korvarongad-cubes\/#primaryimage","url":"https:\/\/lisakroeber.com\/wp-content\/uploads\/2019\/08\/img_2D_0009-scaled.jpg","contentUrl":"https:\/\/lisakroeber.com\/wp-content\/uploads\/2019\/08\/img_2D_0009-scaled.jpg","width":2560,"height":1771},{"@type":"BreadcrumbList","@id":"https:\/\/lisakroeber.com\/et\/toode\/korvarongad-cubes\/#breadcrumb","itemListElement":[{"@type":"ListItem","position":1,"name":"Home","item":"https:\/\/lisakroeber.com\/et\/"},{"@type":"ListItem","position":2,"name":"Pood","item":"https:\/\/lisakroeber.com\/et\/pood\/"},{"@type":"ListItem","position":3,"name":"K\u00f5rvar\u00f5ngad Cubes"}]},{"@type":"WebSite","@id":"https:\/\/lisakroeber.com\/#website","url":"https:\/\/lisakroeber.com\/","name":"Lisa Kroeber Jewellery Art","description":"Lisa Kroeber Jewellery Art e-shop","publisher":{"@id":"https:\/\/lisakroeber.com\/#organization"},"potentialAction":[{"@type":"SearchAction","target":{"@type":"EntryPoint","urlTemplate":"https:\/\/lisakroeber.com\/?s={search_term_string}"},"query-input":{"@type":"PropertyValueSpecification","valueRequired":true,"valueName":"search_term_string"}}],"inLanguage":"et"},{"@type":"Organization","@id":"https:\/\/lisakroeber.com\/#organization","name":"Lisa Kroeber Jewellery","url":"https:\/\/lisakroeber.com\/","logo":{"@type":"ImageObject","inLanguage":"et","@id":"https:\/\/lisakroeber.com\/#\/schema\/logo\/image\/","url":"https:\/\/lisakroeber.com\/wp-content\/uploads\/2024\/07\/47178367_317322115661289_143956003702964224_n-e1543863670541.svg","contentUrl":"https:\/\/lisakroeber.com\/wp-content\/uploads\/2024\/07\/47178367_317322115661289_143956003702964224_n-e1543863670541.svg","width":1,"height":1,"caption":"Lisa Kroeber Jewellery"},"image":{"@id":"https:\/\/lisakroeber.com\/#\/schema\/logo\/image\/"}}]}},"_links":{"self":[{"href":"https:\/\/lisakroeber.com\/et\/wp-json\/wp\/v2\/product\/25245","targetHints":{"allow":["GET"]}}],"collection":[{"href":"https:\/\/lisakroeber.com\/et\/wp-json\/wp\/v2\/product"}],"about":[{"href":"https:\/\/lisakroeber.com\/et\/wp-json\/wp\/v2\/types\/product"}],"wp:featuredmedia":[{"embeddable":true,"href":"https:\/\/lisakroeber.com\/et\/wp-json\/wp\/v2\/media\/15978"}],"wp:attachment":[{"href":"https:\/\/lisakroeber.com\/et\/wp-json\/wp\/v2\/media?parent=25245"}],"wp:term":[{"taxonomy":"product_brand","embeddable":true,"href":"https:\/\/lisakroeber.com\/et\/wp-json\/wp\/v2\/product_brand?post=25245"},{"taxonomy":"product_cat","embeddable":true,"href":"https:\/\/lisakroeber.com\/et\/wp-json\/wp\/v2\/product_cat?post=25245"},{"taxonomy":"product_tag","embeddable":true,"href":"https:\/\/lisakroeber.com\/et\/wp-json\/wp\/v2\/product_tag?post=25245"}],"curies":[{"name":"wp","href":"https:\/\/api.w.org\/{rel}","templated":true}]}}