{"id":25255,"date":"2020-11-05T12:15:04","date_gmt":"2020-11-05T10:15:04","guid":{"rendered":"https:\/\/lisakroeber.com\/uus\/product\/korvarongad-folded-silver-slim\/"},"modified":"2026-02-08T21:22:10","modified_gmt":"2026-02-08T19:22:10","slug":"korvarongad-folded-silver-slim","status":"publish","type":"product","link":"https:\/\/lisakroeber.com\/et\/toode\/korvarongad-folded-silver-slim\/","title":{"rendered":"K\u00f5rvar\u00f5ngad Folded Silver. Slim"},"content":{"rendered":"<p><span data-sheets-value=\"{&quot;1&quot;:2,&quot;2&quot;:&quot;FOLDED SILVER v\u00e4ljaanne on saadaval ainult veebis ja piiratud koguses. Meil on 4 erinevat mudelit. Volditud Lai suured ja v\u00e4ikesed ning \u00f5hukesed suured ja v\u00e4ikesed.&quot;}\" data-sheets-userformat=\"{&quot;2&quot;:833,&quot;3&quot;:{&quot;1&quot;:0},&quot;9&quot;:1,&quot;11&quot;:4,&quot;12&quot;:0}\">FOLDED SILVER v\u00e4ljaanne on saadaval ainult veebis ja piiratud koguses. Meil on 4 erinevat mudelit. Volditud Lai suured ja v\u00e4ikesed ning \u00f5hukesed suured ja v\u00e4ikesed.<\/span><\/p>\n","protected":false},"excerpt":{"rendered":"<p data-start=\"163\" data-end=\"220\"><strong data-start=\"163\" data-end=\"187\">Folded Silver seeria<\/strong> Skulpturaalne. Eksklusiivne.<\/p>\n<p data-start=\"222\" data-end=\"418\"><em data-start=\"226\" data-end=\"241\">Folded Silver seeria<\/em> on saadaval ainult veebis ning valmib tellimuse alusel. 925 h\u00f5bedast valmistatud kollektsioon toob Folded-disaini esile selle k\u00f5ige puhtamal ja minimalistlikumal kujul. <\/p>\n<p data-start=\"420\" data-end=\"674\">Seeriasse kuulub neli mudelit: <em data-start=\"461\" data-end=\"474\">Folded Wide <\/em>suures ja v\u00e4ikeses ning<em data-start=\"505\" data-end=\"518\"> Folded Slim <\/em>suures ja v\u00e4ikeses suuruses. Ajatu, viimistletud ja v\u00e4ljendusrikas \u2014 h\u00f5bedane erikollektsioon neile, kes hindavad selgust ja meisterlikkust. <\/p>\n<p>Kollektsioon: Folded<\/p>\n<p data-start=\"420\" data-end=\"674\">Variatioon: Earrings Folded Silver. Slim <\/p>\n<p>Materjal: 925 h\u00f5be<\/p>\n<p>Suurus: 3,5\u00d72cm. Kaal: 5g <\/p>\n<p>Kuju v\u00f5ib veidi varieeruda, kuna iga ehe on valmistatud k\u00e4sitsi.<\/p>\n<p>Augustatud k\u00f5rvadele<\/p>\n<p>K\u00f5ik tooted tarnitakse 1-5 p\u00e4eva jooksul.<\/p>\n<p>K\u00f5ik tooted tulevad kinkekarbis.<\/p>\n","protected":false},"featured_media":19320,"template":"","meta":{"content-type":""},"product_brand":[],"product_cat":[446,342,340],"product_tag":[],"class_list":{"0":"post-25255","1":"product","2":"type-product","3":"status-publish","4":"has-post-thumbnail","6":"product_cat-folded-et","7":"product_cat-korvarongad","8":"product_cat-kollektsioonid","10":"first","11":"instock","12":"taxable","13":"shipping-taxable","14":"purchasable","15":"product-type-simple"},"yoast_head":"<!-- This site is optimized with the Yoast SEO plugin v27.4 - https:\/\/yoast.com\/product\/yoast-seo-wordpress\/ -->\n<title>K\u00f5rvar\u00f5ngad Folded Silver. Slim - Lisa Kroeber Jewellery Art<\/title>\n<meta name=\"robots\" content=\"index, follow, max-snippet:-1, max-image-preview:large, max-video-preview:-1\" \/>\n<link rel=\"canonical\" href=\"https:\/\/lisakroeber.com\/et\/toode\/korvarongad-folded-silver-slim\/\" \/>\n<meta property=\"og:locale\" content=\"et_EE\" \/>\n<meta property=\"og:type\" content=\"article\" \/>\n<meta property=\"og:title\" content=\"K\u00f5rvar\u00f5ngad Folded Silver. Slim - Lisa Kroeber Jewellery Art\" \/>\n<meta property=\"og:description\" content=\"Folded Silver seeria Skulpturaalne. Eksklusiivne. Folded Silver seeria on saadaval ainult veebis ning valmib tellimuse alusel. 925 h\u00f5bedast valmistatud kollektsioon toob Folded-disaini esile selle k\u00f5ige puhtamal ja minimalistlikumal kujul. Seeriasse kuulub neli mudelit: Folded Wide suures ja v\u00e4ikeses ning Folded Slim suures ja v\u00e4ikeses suuruses. Ajatu, viimistletud ja v\u00e4ljendusrikas \u2014 h\u00f5bedane erikollektsioon neile, kes hindavad selgust ja meisterlikkust. Kollektsioon: Folded Variatioon: Earrings Folded Silver. Slim Materjal: 925 h\u00f5be Suurus: 3,5\u00d72cm. Kaal: 5g  Kuju v\u00f5ib veidi varieeruda, kuna iga ehe on valmistatud k\u00e4sitsi. Augustatud k\u00f5rvadele K\u00f5ik tooted tarnitakse 1-5 p\u00e4eva jooksul. K\u00f5ik tooted tulevad kinkekarbis.\" \/>\n<meta property=\"og:url\" content=\"https:\/\/lisakroeber.com\/et\/toode\/korvarongad-folded-silver-slim\/\" \/>\n<meta property=\"og:site_name\" content=\"Lisa Kroeber Jewellery Art\" \/>\n<meta property=\"article:modified_time\" content=\"2026-02-08T19:22:10+00:00\" \/>\n<meta property=\"og:image\" content=\"https:\/\/lisakroeber.com\/wp-content\/uploads\/2020\/11\/Folded-silver-slim-big-web-scaled.jpg\" \/>\n\t<meta property=\"og:image:width\" content=\"2560\" \/>\n\t<meta property=\"og:image:height\" content=\"1710\" \/>\n\t<meta property=\"og:image:type\" content=\"image\/jpeg\" \/>\n<meta name=\"twitter:card\" content=\"summary_large_image\" \/>\n<meta name=\"twitter:label1\" content=\"Est. reading time\" \/>\n\t<meta name=\"twitter:data1\" content=\"1 minut\" \/>\n<script type=\"application\/ld+json\" class=\"yoast-schema-graph\">{\"@context\":\"https:\\\/\\\/schema.org\",\"@graph\":[{\"@type\":\"WebPage\",\"@id\":\"https:\\\/\\\/lisakroeber.com\\\/et\\\/toode\\\/korvarongad-folded-silver-slim\\\/\",\"url\":\"https:\\\/\\\/lisakroeber.com\\\/et\\\/toode\\\/korvarongad-folded-silver-slim\\\/\",\"name\":\"K\u00f5rvar\u00f5ngad Folded Silver. Slim - Lisa Kroeber Jewellery Art\",\"isPartOf\":{\"@id\":\"https:\\\/\\\/lisakroeber.com\\\/#website\"},\"primaryImageOfPage\":{\"@id\":\"https:\\\/\\\/lisakroeber.com\\\/et\\\/toode\\\/korvarongad-folded-silver-slim\\\/#primaryimage\"},\"image\":{\"@id\":\"https:\\\/\\\/lisakroeber.com\\\/et\\\/toode\\\/korvarongad-folded-silver-slim\\\/#primaryimage\"},\"thumbnailUrl\":\"https:\\\/\\\/lisakroeber.com\\\/wp-content\\\/uploads\\\/2020\\\/11\\\/Folded-silver-slim-big-web-scaled.jpg\",\"datePublished\":\"2020-11-05T10:15:04+00:00\",\"dateModified\":\"2026-02-08T19:22:10+00:00\",\"breadcrumb\":{\"@id\":\"https:\\\/\\\/lisakroeber.com\\\/et\\\/toode\\\/korvarongad-folded-silver-slim\\\/#breadcrumb\"},\"inLanguage\":\"et\",\"potentialAction\":[{\"@type\":\"ReadAction\",\"target\":[\"https:\\\/\\\/lisakroeber.com\\\/et\\\/toode\\\/korvarongad-folded-silver-slim\\\/\"]}]},{\"@type\":\"ImageObject\",\"inLanguage\":\"et\",\"@id\":\"https:\\\/\\\/lisakroeber.com\\\/et\\\/toode\\\/korvarongad-folded-silver-slim\\\/#primaryimage\",\"url\":\"https:\\\/\\\/lisakroeber.com\\\/wp-content\\\/uploads\\\/2020\\\/11\\\/Folded-silver-slim-big-web-scaled.jpg\",\"contentUrl\":\"https:\\\/\\\/lisakroeber.com\\\/wp-content\\\/uploads\\\/2020\\\/11\\\/Folded-silver-slim-big-web-scaled.jpg\",\"width\":2560,\"height\":1710},{\"@type\":\"BreadcrumbList\",\"@id\":\"https:\\\/\\\/lisakroeber.com\\\/et\\\/toode\\\/korvarongad-folded-silver-slim\\\/#breadcrumb\",\"itemListElement\":[{\"@type\":\"ListItem\",\"position\":1,\"name\":\"Home\",\"item\":\"https:\\\/\\\/lisakroeber.com\\\/et\\\/\"},{\"@type\":\"ListItem\",\"position\":2,\"name\":\"Pood\",\"item\":\"https:\\\/\\\/lisakroeber.com\\\/et\\\/pood\\\/\"},{\"@type\":\"ListItem\",\"position\":3,\"name\":\"K\u00f5rvar\u00f5ngad Folded Silver. Slim\"}]},{\"@type\":\"WebSite\",\"@id\":\"https:\\\/\\\/lisakroeber.com\\\/#website\",\"url\":\"https:\\\/\\\/lisakroeber.com\\\/\",\"name\":\"Lisa Kroeber Jewellery Art\",\"description\":\"Lisa Kroeber Jewellery Art e-shop\",\"publisher\":{\"@id\":\"https:\\\/\\\/lisakroeber.com\\\/#organization\"},\"potentialAction\":[{\"@type\":\"SearchAction\",\"target\":{\"@type\":\"EntryPoint\",\"urlTemplate\":\"https:\\\/\\\/lisakroeber.com\\\/?s={search_term_string}\"},\"query-input\":{\"@type\":\"PropertyValueSpecification\",\"valueRequired\":true,\"valueName\":\"search_term_string\"}}],\"inLanguage\":\"et\"},{\"@type\":\"Organization\",\"@id\":\"https:\\\/\\\/lisakroeber.com\\\/#organization\",\"name\":\"Lisa Kroeber Jewellery\",\"url\":\"https:\\\/\\\/lisakroeber.com\\\/\",\"logo\":{\"@type\":\"ImageObject\",\"inLanguage\":\"et\",\"@id\":\"https:\\\/\\\/lisakroeber.com\\\/#\\\/schema\\\/logo\\\/image\\\/\",\"url\":\"https:\\\/\\\/lisakroeber.com\\\/wp-content\\\/uploads\\\/2024\\\/07\\\/47178367_317322115661289_143956003702964224_n-e1543863670541.svg\",\"contentUrl\":\"https:\\\/\\\/lisakroeber.com\\\/wp-content\\\/uploads\\\/2024\\\/07\\\/47178367_317322115661289_143956003702964224_n-e1543863670541.svg\",\"width\":1,\"height\":1,\"caption\":\"Lisa Kroeber Jewellery\"},\"image\":{\"@id\":\"https:\\\/\\\/lisakroeber.com\\\/#\\\/schema\\\/logo\\\/image\\\/\"}}]}<\/script>\n<!-- \/ Yoast SEO plugin. -->","yoast_head_json":{"title":"K\u00f5rvar\u00f5ngad Folded Silver. Slim - Lisa Kroeber Jewellery Art","robots":{"index":"index","follow":"follow","max-snippet":"max-snippet:-1","max-image-preview":"max-image-preview:large","max-video-preview":"max-video-preview:-1"},"canonical":"https:\/\/lisakroeber.com\/et\/toode\/korvarongad-folded-silver-slim\/","og_locale":"et_EE","og_type":"article","og_title":"K\u00f5rvar\u00f5ngad Folded Silver. Slim - Lisa Kroeber Jewellery Art","og_description":"Folded Silver seeria Skulpturaalne. Eksklusiivne. Folded Silver seeria on saadaval ainult veebis ning valmib tellimuse alusel. 925 h\u00f5bedast valmistatud kollektsioon toob Folded-disaini esile selle k\u00f5ige puhtamal ja minimalistlikumal kujul. Seeriasse kuulub neli mudelit: Folded Wide suures ja v\u00e4ikeses ning Folded Slim suures ja v\u00e4ikeses suuruses. Ajatu, viimistletud ja v\u00e4ljendusrikas \u2014 h\u00f5bedane erikollektsioon neile, kes hindavad selgust ja meisterlikkust. Kollektsioon: Folded Variatioon: Earrings Folded Silver. Slim Materjal: 925 h\u00f5be Suurus: 3,5\u00d72cm. Kaal: 5g  Kuju v\u00f5ib veidi varieeruda, kuna iga ehe on valmistatud k\u00e4sitsi. Augustatud k\u00f5rvadele K\u00f5ik tooted tarnitakse 1-5 p\u00e4eva jooksul. K\u00f5ik tooted tulevad kinkekarbis.","og_url":"https:\/\/lisakroeber.com\/et\/toode\/korvarongad-folded-silver-slim\/","og_site_name":"Lisa Kroeber Jewellery Art","article_modified_time":"2026-02-08T19:22:10+00:00","og_image":[{"width":2560,"height":1710,"url":"https:\/\/lisakroeber.com\/wp-content\/uploads\/2020\/11\/Folded-silver-slim-big-web-scaled.jpg","type":"image\/jpeg"}],"twitter_card":"summary_large_image","twitter_misc":{"Est. reading time":"1 minut"},"schema":{"@context":"https:\/\/schema.org","@graph":[{"@type":"WebPage","@id":"https:\/\/lisakroeber.com\/et\/toode\/korvarongad-folded-silver-slim\/","url":"https:\/\/lisakroeber.com\/et\/toode\/korvarongad-folded-silver-slim\/","name":"K\u00f5rvar\u00f5ngad Folded Silver. Slim - Lisa Kroeber Jewellery Art","isPartOf":{"@id":"https:\/\/lisakroeber.com\/#website"},"primaryImageOfPage":{"@id":"https:\/\/lisakroeber.com\/et\/toode\/korvarongad-folded-silver-slim\/#primaryimage"},"image":{"@id":"https:\/\/lisakroeber.com\/et\/toode\/korvarongad-folded-silver-slim\/#primaryimage"},"thumbnailUrl":"https:\/\/lisakroeber.com\/wp-content\/uploads\/2020\/11\/Folded-silver-slim-big-web-scaled.jpg","datePublished":"2020-11-05T10:15:04+00:00","dateModified":"2026-02-08T19:22:10+00:00","breadcrumb":{"@id":"https:\/\/lisakroeber.com\/et\/toode\/korvarongad-folded-silver-slim\/#breadcrumb"},"inLanguage":"et","potentialAction":[{"@type":"ReadAction","target":["https:\/\/lisakroeber.com\/et\/toode\/korvarongad-folded-silver-slim\/"]}]},{"@type":"ImageObject","inLanguage":"et","@id":"https:\/\/lisakroeber.com\/et\/toode\/korvarongad-folded-silver-slim\/#primaryimage","url":"https:\/\/lisakroeber.com\/wp-content\/uploads\/2020\/11\/Folded-silver-slim-big-web-scaled.jpg","contentUrl":"https:\/\/lisakroeber.com\/wp-content\/uploads\/2020\/11\/Folded-silver-slim-big-web-scaled.jpg","width":2560,"height":1710},{"@type":"BreadcrumbList","@id":"https:\/\/lisakroeber.com\/et\/toode\/korvarongad-folded-silver-slim\/#breadcrumb","itemListElement":[{"@type":"ListItem","position":1,"name":"Home","item":"https:\/\/lisakroeber.com\/et\/"},{"@type":"ListItem","position":2,"name":"Pood","item":"https:\/\/lisakroeber.com\/et\/pood\/"},{"@type":"ListItem","position":3,"name":"K\u00f5rvar\u00f5ngad Folded Silver. Slim"}]},{"@type":"WebSite","@id":"https:\/\/lisakroeber.com\/#website","url":"https:\/\/lisakroeber.com\/","name":"Lisa Kroeber Jewellery Art","description":"Lisa Kroeber Jewellery Art e-shop","publisher":{"@id":"https:\/\/lisakroeber.com\/#organization"},"potentialAction":[{"@type":"SearchAction","target":{"@type":"EntryPoint","urlTemplate":"https:\/\/lisakroeber.com\/?s={search_term_string}"},"query-input":{"@type":"PropertyValueSpecification","valueRequired":true,"valueName":"search_term_string"}}],"inLanguage":"et"},{"@type":"Organization","@id":"https:\/\/lisakroeber.com\/#organization","name":"Lisa Kroeber Jewellery","url":"https:\/\/lisakroeber.com\/","logo":{"@type":"ImageObject","inLanguage":"et","@id":"https:\/\/lisakroeber.com\/#\/schema\/logo\/image\/","url":"https:\/\/lisakroeber.com\/wp-content\/uploads\/2024\/07\/47178367_317322115661289_143956003702964224_n-e1543863670541.svg","contentUrl":"https:\/\/lisakroeber.com\/wp-content\/uploads\/2024\/07\/47178367_317322115661289_143956003702964224_n-e1543863670541.svg","width":1,"height":1,"caption":"Lisa Kroeber Jewellery"},"image":{"@id":"https:\/\/lisakroeber.com\/#\/schema\/logo\/image\/"}}]}},"_links":{"self":[{"href":"https:\/\/lisakroeber.com\/et\/wp-json\/wp\/v2\/product\/25255","targetHints":{"allow":["GET"]}}],"collection":[{"href":"https:\/\/lisakroeber.com\/et\/wp-json\/wp\/v2\/product"}],"about":[{"href":"https:\/\/lisakroeber.com\/et\/wp-json\/wp\/v2\/types\/product"}],"wp:featuredmedia":[{"embeddable":true,"href":"https:\/\/lisakroeber.com\/et\/wp-json\/wp\/v2\/media\/19320"}],"wp:attachment":[{"href":"https:\/\/lisakroeber.com\/et\/wp-json\/wp\/v2\/media?parent=25255"}],"wp:term":[{"taxonomy":"product_brand","embeddable":true,"href":"https:\/\/lisakroeber.com\/et\/wp-json\/wp\/v2\/product_brand?post=25255"},{"taxonomy":"product_cat","embeddable":true,"href":"https:\/\/lisakroeber.com\/et\/wp-json\/wp\/v2\/product_cat?post=25255"},{"taxonomy":"product_tag","embeddable":true,"href":"https:\/\/lisakroeber.com\/et\/wp-json\/wp\/v2\/product_tag?post=25255"}],"curies":[{"name":"wp","href":"https:\/\/api.w.org\/{rel}","templated":true}]}}