{"id":25289,"date":"2019-03-17T14:13:16","date_gmt":"2019-03-17T12:13:16","guid":{"rendered":"https:\/\/lisakroeber.com\/uus\/product\/pross-folded\/"},"modified":"2025-10-18T16:51:56","modified_gmt":"2025-10-18T14:51:56","slug":"pross-folded","status":"publish","type":"product","link":"https:\/\/lisakroeber.com\/et\/toode\/pross-folded\/","title":{"rendered":"Pross Folded"},"content":{"rendered":"","protected":false},"excerpt":{"rendered":"<p><span data-sheets-value=\"{&quot;1&quot;:2,&quot;2&quot;:&quot;Geomeetriline ja sirge, v\u00e4rviline ja v\u00e4rske \u2013 FOLDED on Lisa Kroeber Jewellery populaarseim kollektsioon. Sul v\u00f5ib olla kolme erineva kujuga FOLDED k\u00f5rvar\u00f5ngad, aga ka FOLDED k\u00e4ev\u00f5rud, kaelakeed ja prossid. Saate valida tohutu v\u00e4rvivaliku vahel \u2013 midagi igale riietusele, igale maitsele, igaks aastaajaks. V\u00e4rvivalik kasvab kogu aeg.nnKujutage ette oma sooja ja paksu, halli v\u00f5i musta talvemantlit koos \u00fclim\u00f5nusa v\u00e4rvilise FOLDED pross - see toob teie ellu v\u00e4rvi. Muidugi saab seda kanda igasuguste r\u00f5ivastega, see on oma lihtsuses kohandatav.&quot;}\" data-sheets-userformat=\"{&quot;2&quot;:833,&quot;3&quot;:{&quot;1&quot;:0},&quot;9&quot;:1,&quot;11&quot;:4,&quot;12&quot;:0}\">Geomeetriline ja sirge, v\u00e4rviline ja v\u00e4rske \u2013 FOLDED on Lisa Kroeber Jewellery populaarseim kollektsioon. Sul v\u00f5ib olla kolme erineva kujuga FOLDED k\u00f5rvar\u00f5ngad, aga ka FOLDED k\u00e4ev\u00f5rud, kaelakeed ja prossid. Saate valida tohutu v\u00e4rvivaliku vahel \u2013 midagi igale riietusele, igale maitsele, igaks aastaajaks. V\u00e4rvivalik kasvab kogu aeg.<\/span><\/p>\n<p>Kujutage ette oma sooja ja paksu, halli v\u00f5i musta talvemantlit koos \u00fclim\u00f5nusa v\u00e4rvilise FOLDED pross &#8211; see toob teie ellu v\u00e4rvi. Muidugi saab seda kanda igasuguste r\u00f5ivastega, see on oma lihtsuses kohandatav.<\/p>\n","protected":false},"featured_media":19578,"template":"","meta":{"content-type":""},"product_brand":[],"product_cat":[446,340,338],"product_tag":[868],"class_list":{"0":"post-25289","1":"product","2":"type-product","3":"status-publish","4":"has-post-thumbnail","6":"product_cat-folded-et","7":"product_cat-kollektsioonid","8":"product_cat-prossid","9":"product_tag-soodus","11":"first","12":"instock","13":"sale","14":"taxable","15":"shipping-taxable","16":"purchasable","17":"product-type-variable"},"yoast_head":"<!-- This site is optimized with the Yoast SEO plugin v27.4 - https:\/\/yoast.com\/product\/yoast-seo-wordpress\/ -->\n<title>Pross Folded - Lisa Kroeber Jewellery Art<\/title>\n<meta name=\"robots\" content=\"index, follow, max-snippet:-1, max-image-preview:large, max-video-preview:-1\" \/>\n<link rel=\"canonical\" href=\"https:\/\/lisakroeber.com\/et\/toode\/pross-folded\/\" \/>\n<meta property=\"og:locale\" content=\"et_EE\" \/>\n<meta property=\"og:type\" content=\"article\" \/>\n<meta property=\"og:title\" content=\"Pross Folded - Lisa Kroeber Jewellery Art\" \/>\n<meta property=\"og:description\" content=\"Geomeetriline ja sirge, v\u00e4rviline ja v\u00e4rske \u2013 FOLDED on Lisa Kroeber Jewellery populaarseim kollektsioon. Sul v\u00f5ib olla kolme erineva kujuga FOLDED k\u00f5rvar\u00f5ngad, aga ka FOLDED k\u00e4ev\u00f5rud, kaelakeed ja prossid. Saate valida tohutu v\u00e4rvivaliku vahel \u2013 midagi igale riietusele, igale maitsele, igaks aastaajaks. V\u00e4rvivalik kasvab kogu aeg.  Kujutage ette oma sooja ja paksu, halli v\u00f5i musta talvemantlit koos \u00fclim\u00f5nusa v\u00e4rvilise FOLDED pross - see toob teie ellu v\u00e4rvi. Muidugi saab seda kanda igasuguste r\u00f5ivastega, see on oma lihtsuses kohandatav.\" \/>\n<meta property=\"og:url\" content=\"https:\/\/lisakroeber.com\/et\/toode\/pross-folded\/\" \/>\n<meta property=\"og:site_name\" content=\"Lisa Kroeber Jewellery Art\" \/>\n<meta property=\"article:modified_time\" content=\"2025-10-18T14:51:56+00:00\" \/>\n<meta property=\"og:image\" content=\"https:\/\/lisakroeber.com\/wp-content\/uploads\/2019\/10\/Brooch-ultramarine-Blue-scaled.jpg\" \/>\n\t<meta property=\"og:image:width\" content=\"2560\" \/>\n\t<meta property=\"og:image:height\" content=\"1920\" \/>\n\t<meta property=\"og:image:type\" content=\"image\/jpeg\" \/>\n<meta name=\"twitter:card\" content=\"summary_large_image\" \/>\n<meta name=\"twitter:label1\" content=\"Est. reading time\" \/>\n\t<meta name=\"twitter:data1\" content=\"1 minut\" \/>\n<script type=\"application\/ld+json\" class=\"yoast-schema-graph\">{\"@context\":\"https:\\\/\\\/schema.org\",\"@graph\":[{\"@type\":\"WebPage\",\"@id\":\"https:\\\/\\\/lisakroeber.com\\\/et\\\/toode\\\/pross-folded\\\/\",\"url\":\"https:\\\/\\\/lisakroeber.com\\\/et\\\/toode\\\/pross-folded\\\/\",\"name\":\"Pross Folded - Lisa Kroeber Jewellery Art\",\"isPartOf\":{\"@id\":\"https:\\\/\\\/lisakroeber.com\\\/#website\"},\"primaryImageOfPage\":{\"@id\":\"https:\\\/\\\/lisakroeber.com\\\/et\\\/toode\\\/pross-folded\\\/#primaryimage\"},\"image\":{\"@id\":\"https:\\\/\\\/lisakroeber.com\\\/et\\\/toode\\\/pross-folded\\\/#primaryimage\"},\"thumbnailUrl\":\"https:\\\/\\\/lisakroeber.com\\\/wp-content\\\/uploads\\\/2019\\\/10\\\/Brooch-ultramarine-Blue-scaled.jpg\",\"datePublished\":\"2019-03-17T12:13:16+00:00\",\"dateModified\":\"2025-10-18T14:51:56+00:00\",\"breadcrumb\":{\"@id\":\"https:\\\/\\\/lisakroeber.com\\\/et\\\/toode\\\/pross-folded\\\/#breadcrumb\"},\"inLanguage\":\"et\",\"potentialAction\":[{\"@type\":\"ReadAction\",\"target\":[\"https:\\\/\\\/lisakroeber.com\\\/et\\\/toode\\\/pross-folded\\\/\"]}]},{\"@type\":\"ImageObject\",\"inLanguage\":\"et\",\"@id\":\"https:\\\/\\\/lisakroeber.com\\\/et\\\/toode\\\/pross-folded\\\/#primaryimage\",\"url\":\"https:\\\/\\\/lisakroeber.com\\\/wp-content\\\/uploads\\\/2019\\\/10\\\/Brooch-ultramarine-Blue-scaled.jpg\",\"contentUrl\":\"https:\\\/\\\/lisakroeber.com\\\/wp-content\\\/uploads\\\/2019\\\/10\\\/Brooch-ultramarine-Blue-scaled.jpg\",\"width\":2560,\"height\":1920,\"caption\":\"bty\"},{\"@type\":\"BreadcrumbList\",\"@id\":\"https:\\\/\\\/lisakroeber.com\\\/et\\\/toode\\\/pross-folded\\\/#breadcrumb\",\"itemListElement\":[{\"@type\":\"ListItem\",\"position\":1,\"name\":\"Home\",\"item\":\"https:\\\/\\\/lisakroeber.com\\\/et\\\/\"},{\"@type\":\"ListItem\",\"position\":2,\"name\":\"Pood\",\"item\":\"https:\\\/\\\/lisakroeber.com\\\/et\\\/pood\\\/\"},{\"@type\":\"ListItem\",\"position\":3,\"name\":\"Pross Folded\"}]},{\"@type\":\"WebSite\",\"@id\":\"https:\\\/\\\/lisakroeber.com\\\/#website\",\"url\":\"https:\\\/\\\/lisakroeber.com\\\/\",\"name\":\"Lisa Kroeber Jewellery Art\",\"description\":\"Lisa Kroeber Jewellery Art e-shop\",\"publisher\":{\"@id\":\"https:\\\/\\\/lisakroeber.com\\\/#organization\"},\"potentialAction\":[{\"@type\":\"SearchAction\",\"target\":{\"@type\":\"EntryPoint\",\"urlTemplate\":\"https:\\\/\\\/lisakroeber.com\\\/?s={search_term_string}\"},\"query-input\":{\"@type\":\"PropertyValueSpecification\",\"valueRequired\":true,\"valueName\":\"search_term_string\"}}],\"inLanguage\":\"et\"},{\"@type\":\"Organization\",\"@id\":\"https:\\\/\\\/lisakroeber.com\\\/#organization\",\"name\":\"Lisa Kroeber Jewellery\",\"url\":\"https:\\\/\\\/lisakroeber.com\\\/\",\"logo\":{\"@type\":\"ImageObject\",\"inLanguage\":\"et\",\"@id\":\"https:\\\/\\\/lisakroeber.com\\\/#\\\/schema\\\/logo\\\/image\\\/\",\"url\":\"https:\\\/\\\/lisakroeber.com\\\/wp-content\\\/uploads\\\/2024\\\/07\\\/47178367_317322115661289_143956003702964224_n-e1543863670541.svg\",\"contentUrl\":\"https:\\\/\\\/lisakroeber.com\\\/wp-content\\\/uploads\\\/2024\\\/07\\\/47178367_317322115661289_143956003702964224_n-e1543863670541.svg\",\"width\":1,\"height\":1,\"caption\":\"Lisa Kroeber Jewellery\"},\"image\":{\"@id\":\"https:\\\/\\\/lisakroeber.com\\\/#\\\/schema\\\/logo\\\/image\\\/\"}}]}<\/script>\n<!-- \/ Yoast SEO plugin. -->","yoast_head_json":{"title":"Pross Folded - Lisa Kroeber Jewellery Art","robots":{"index":"index","follow":"follow","max-snippet":"max-snippet:-1","max-image-preview":"max-image-preview:large","max-video-preview":"max-video-preview:-1"},"canonical":"https:\/\/lisakroeber.com\/et\/toode\/pross-folded\/","og_locale":"et_EE","og_type":"article","og_title":"Pross Folded - Lisa Kroeber Jewellery Art","og_description":"Geomeetriline ja sirge, v\u00e4rviline ja v\u00e4rske \u2013 FOLDED on Lisa Kroeber Jewellery populaarseim kollektsioon. Sul v\u00f5ib olla kolme erineva kujuga FOLDED k\u00f5rvar\u00f5ngad, aga ka FOLDED k\u00e4ev\u00f5rud, kaelakeed ja prossid. Saate valida tohutu v\u00e4rvivaliku vahel \u2013 midagi igale riietusele, igale maitsele, igaks aastaajaks. V\u00e4rvivalik kasvab kogu aeg.  Kujutage ette oma sooja ja paksu, halli v\u00f5i musta talvemantlit koos \u00fclim\u00f5nusa v\u00e4rvilise FOLDED pross - see toob teie ellu v\u00e4rvi. Muidugi saab seda kanda igasuguste r\u00f5ivastega, see on oma lihtsuses kohandatav.","og_url":"https:\/\/lisakroeber.com\/et\/toode\/pross-folded\/","og_site_name":"Lisa Kroeber Jewellery Art","article_modified_time":"2025-10-18T14:51:56+00:00","og_image":[{"width":2560,"height":1920,"url":"https:\/\/lisakroeber.com\/wp-content\/uploads\/2019\/10\/Brooch-ultramarine-Blue-scaled.jpg","type":"image\/jpeg"}],"twitter_card":"summary_large_image","twitter_misc":{"Est. reading time":"1 minut"},"schema":{"@context":"https:\/\/schema.org","@graph":[{"@type":"WebPage","@id":"https:\/\/lisakroeber.com\/et\/toode\/pross-folded\/","url":"https:\/\/lisakroeber.com\/et\/toode\/pross-folded\/","name":"Pross Folded - Lisa Kroeber Jewellery Art","isPartOf":{"@id":"https:\/\/lisakroeber.com\/#website"},"primaryImageOfPage":{"@id":"https:\/\/lisakroeber.com\/et\/toode\/pross-folded\/#primaryimage"},"image":{"@id":"https:\/\/lisakroeber.com\/et\/toode\/pross-folded\/#primaryimage"},"thumbnailUrl":"https:\/\/lisakroeber.com\/wp-content\/uploads\/2019\/10\/Brooch-ultramarine-Blue-scaled.jpg","datePublished":"2019-03-17T12:13:16+00:00","dateModified":"2025-10-18T14:51:56+00:00","breadcrumb":{"@id":"https:\/\/lisakroeber.com\/et\/toode\/pross-folded\/#breadcrumb"},"inLanguage":"et","potentialAction":[{"@type":"ReadAction","target":["https:\/\/lisakroeber.com\/et\/toode\/pross-folded\/"]}]},{"@type":"ImageObject","inLanguage":"et","@id":"https:\/\/lisakroeber.com\/et\/toode\/pross-folded\/#primaryimage","url":"https:\/\/lisakroeber.com\/wp-content\/uploads\/2019\/10\/Brooch-ultramarine-Blue-scaled.jpg","contentUrl":"https:\/\/lisakroeber.com\/wp-content\/uploads\/2019\/10\/Brooch-ultramarine-Blue-scaled.jpg","width":2560,"height":1920,"caption":"bty"},{"@type":"BreadcrumbList","@id":"https:\/\/lisakroeber.com\/et\/toode\/pross-folded\/#breadcrumb","itemListElement":[{"@type":"ListItem","position":1,"name":"Home","item":"https:\/\/lisakroeber.com\/et\/"},{"@type":"ListItem","position":2,"name":"Pood","item":"https:\/\/lisakroeber.com\/et\/pood\/"},{"@type":"ListItem","position":3,"name":"Pross Folded"}]},{"@type":"WebSite","@id":"https:\/\/lisakroeber.com\/#website","url":"https:\/\/lisakroeber.com\/","name":"Lisa Kroeber Jewellery Art","description":"Lisa Kroeber Jewellery Art e-shop","publisher":{"@id":"https:\/\/lisakroeber.com\/#organization"},"potentialAction":[{"@type":"SearchAction","target":{"@type":"EntryPoint","urlTemplate":"https:\/\/lisakroeber.com\/?s={search_term_string}"},"query-input":{"@type":"PropertyValueSpecification","valueRequired":true,"valueName":"search_term_string"}}],"inLanguage":"et"},{"@type":"Organization","@id":"https:\/\/lisakroeber.com\/#organization","name":"Lisa Kroeber Jewellery","url":"https:\/\/lisakroeber.com\/","logo":{"@type":"ImageObject","inLanguage":"et","@id":"https:\/\/lisakroeber.com\/#\/schema\/logo\/image\/","url":"https:\/\/lisakroeber.com\/wp-content\/uploads\/2024\/07\/47178367_317322115661289_143956003702964224_n-e1543863670541.svg","contentUrl":"https:\/\/lisakroeber.com\/wp-content\/uploads\/2024\/07\/47178367_317322115661289_143956003702964224_n-e1543863670541.svg","width":1,"height":1,"caption":"Lisa Kroeber Jewellery"},"image":{"@id":"https:\/\/lisakroeber.com\/#\/schema\/logo\/image\/"}}]}},"_links":{"self":[{"href":"https:\/\/lisakroeber.com\/et\/wp-json\/wp\/v2\/product\/25289","targetHints":{"allow":["GET"]}}],"collection":[{"href":"https:\/\/lisakroeber.com\/et\/wp-json\/wp\/v2\/product"}],"about":[{"href":"https:\/\/lisakroeber.com\/et\/wp-json\/wp\/v2\/types\/product"}],"wp:featuredmedia":[{"embeddable":true,"href":"https:\/\/lisakroeber.com\/et\/wp-json\/wp\/v2\/media\/19578"}],"wp:attachment":[{"href":"https:\/\/lisakroeber.com\/et\/wp-json\/wp\/v2\/media?parent=25289"}],"wp:term":[{"taxonomy":"product_brand","embeddable":true,"href":"https:\/\/lisakroeber.com\/et\/wp-json\/wp\/v2\/product_brand?post=25289"},{"taxonomy":"product_cat","embeddable":true,"href":"https:\/\/lisakroeber.com\/et\/wp-json\/wp\/v2\/product_cat?post=25289"},{"taxonomy":"product_tag","embeddable":true,"href":"https:\/\/lisakroeber.com\/et\/wp-json\/wp\/v2\/product_tag?post=25289"}],"curies":[{"name":"wp","href":"https:\/\/api.w.org\/{rel}","templated":true}]}}