{"id":25580,"date":"2022-11-03T10:33:26","date_gmt":"2022-11-03T08:33:26","guid":{"rendered":"https:\/\/lisakroeber.com\/uus\/product\/sormused-folded\/"},"modified":"2026-03-14T08:57:05","modified_gmt":"2026-03-14T06:57:05","slug":"sormused-forma","status":"publish","type":"product","link":"https:\/\/lisakroeber.com\/et\/toode\/sormused-forma\/","title":{"rendered":"Forma S\u00f5rmus"},"content":{"rendered":"","protected":false},"excerpt":{"rendered":"<p><strong data-start=\"138\" data-end=\"161\">Forma S\u00f5rmus<\/strong><br data-start=\"161\" data-end=\"164\" \/>Puhas. Skulpturaalne. Ajatu.<\/p>\n<p>Meie<em data-start=\"200\" data-end=\"214\"> Forma s\u00f5rmuste <\/em>seeria on seni ainus s\u00f5rmuste kollektsioon \u2014 unisex 925 h\u00f5bedast s\u00f5rmused, mis kannavad meie iseloomulikku volditud disaini. Selged jooned ja skulpturaalne vorm loovad tugeva, kuid tagasihoidliku aktsendi. Saadaval erinevates suurustes, loodud igap\u00e4evaseks kandmiseks ja ajatut stiili silmas pidades.<\/p>\n<p><span style=\"color: #333333;\">Valida saab erinevate suuruste vahel:<\/span><\/p>\n","protected":false},"featured_media":21074,"template":"","meta":{"content-type":""},"product_brand":[],"product_cat":[1071,447,340,343,1288],"product_tag":[],"class_list":{"0":"post-25580","1":"product","2":"type-product","3":"status-publish","4":"has-post-thumbnail","6":"product_cat-forma","7":"product_cat-rings-et","8":"product_cat-kollektsioonid","9":"product_cat-meestele","10":"product_cat-sormused","12":"first","13":"instock","14":"taxable","15":"shipping-taxable","16":"purchasable","17":"product-type-variable"},"yoast_head":"<!-- This site is optimized with the Yoast SEO plugin v27.3 - https:\/\/yoast.com\/product\/yoast-seo-wordpress\/ -->\n<title>Forma S\u00f5rmus - Lisa Kroeber Jewellery Art<\/title>\n<meta name=\"robots\" content=\"index, follow, max-snippet:-1, max-image-preview:large, max-video-preview:-1\" \/>\n<link rel=\"canonical\" href=\"https:\/\/lisakroeber.com\/et\/toode\/sormused-forma\/\" \/>\n<meta property=\"og:locale\" content=\"et_EE\" \/>\n<meta property=\"og:type\" content=\"article\" \/>\n<meta property=\"og:title\" content=\"Forma S\u00f5rmus - Lisa Kroeber Jewellery Art\" \/>\n<meta property=\"og:description\" content=\"Forma S\u00f5rmusPuhas. Skulpturaalne. Ajatu.  Meie Forma s\u00f5rmuste seeria on seni ainus s\u00f5rmuste kollektsioon \u2014 unisex 925 h\u00f5bedast s\u00f5rmused, mis kannavad meie iseloomulikku volditud disaini. Selged jooned ja skulpturaalne vorm loovad tugeva, kuid tagasihoidliku aktsendi. Saadaval erinevates suurustes, loodud igap\u00e4evaseks kandmiseks ja ajatut stiili silmas pidades.  Valida saab erinevate suuruste vahel:\" \/>\n<meta property=\"og:url\" content=\"https:\/\/lisakroeber.com\/et\/toode\/sormused-forma\/\" \/>\n<meta property=\"og:site_name\" content=\"Lisa Kroeber Jewellery Art\" \/>\n<meta property=\"article:modified_time\" content=\"2026-03-14T06:57:05+00:00\" \/>\n<meta property=\"og:image\" content=\"https:\/\/lisakroeber.com\/wp-content\/uploads\/2022\/11\/29-scaled.jpg\" \/>\n\t<meta property=\"og:image:width\" content=\"2560\" \/>\n\t<meta property=\"og:image:height\" content=\"2560\" \/>\n\t<meta property=\"og:image:type\" content=\"image\/jpeg\" \/>\n<meta name=\"twitter:card\" content=\"summary_large_image\" \/>\n<meta name=\"twitter:label1\" content=\"Est. reading time\" \/>\n\t<meta name=\"twitter:data1\" content=\"1 minut\" \/>\n<script type=\"application\/ld+json\" class=\"yoast-schema-graph\">{\"@context\":\"https:\\\/\\\/schema.org\",\"@graph\":[{\"@type\":\"WebPage\",\"@id\":\"https:\\\/\\\/lisakroeber.com\\\/et\\\/toode\\\/sormused-forma\\\/\",\"url\":\"https:\\\/\\\/lisakroeber.com\\\/et\\\/toode\\\/sormused-forma\\\/\",\"name\":\"Forma S\u00f5rmus - Lisa Kroeber Jewellery Art\",\"isPartOf\":{\"@id\":\"https:\\\/\\\/lisakroeber.com\\\/#website\"},\"primaryImageOfPage\":{\"@id\":\"https:\\\/\\\/lisakroeber.com\\\/et\\\/toode\\\/sormused-forma\\\/#primaryimage\"},\"image\":{\"@id\":\"https:\\\/\\\/lisakroeber.com\\\/et\\\/toode\\\/sormused-forma\\\/#primaryimage\"},\"thumbnailUrl\":\"https:\\\/\\\/lisakroeber.com\\\/wp-content\\\/uploads\\\/2022\\\/11\\\/29-scaled.jpg\",\"datePublished\":\"2022-11-03T08:33:26+00:00\",\"dateModified\":\"2026-03-14T06:57:05+00:00\",\"breadcrumb\":{\"@id\":\"https:\\\/\\\/lisakroeber.com\\\/et\\\/toode\\\/sormused-forma\\\/#breadcrumb\"},\"inLanguage\":\"et\",\"potentialAction\":[{\"@type\":\"ReadAction\",\"target\":[\"https:\\\/\\\/lisakroeber.com\\\/et\\\/toode\\\/sormused-forma\\\/\"]}]},{\"@type\":\"ImageObject\",\"inLanguage\":\"et\",\"@id\":\"https:\\\/\\\/lisakroeber.com\\\/et\\\/toode\\\/sormused-forma\\\/#primaryimage\",\"url\":\"https:\\\/\\\/lisakroeber.com\\\/wp-content\\\/uploads\\\/2022\\\/11\\\/29-scaled.jpg\",\"contentUrl\":\"https:\\\/\\\/lisakroeber.com\\\/wp-content\\\/uploads\\\/2022\\\/11\\\/29-scaled.jpg\",\"width\":2560,\"height\":2560},{\"@type\":\"BreadcrumbList\",\"@id\":\"https:\\\/\\\/lisakroeber.com\\\/et\\\/toode\\\/sormused-forma\\\/#breadcrumb\",\"itemListElement\":[{\"@type\":\"ListItem\",\"position\":1,\"name\":\"Home\",\"item\":\"https:\\\/\\\/lisakroeber.com\\\/et\\\/\"},{\"@type\":\"ListItem\",\"position\":2,\"name\":\"Pood\",\"item\":\"https:\\\/\\\/lisakroeber.com\\\/et\\\/pood\\\/\"},{\"@type\":\"ListItem\",\"position\":3,\"name\":\"Forma S\u00f5rmus\"}]},{\"@type\":\"WebSite\",\"@id\":\"https:\\\/\\\/lisakroeber.com\\\/#website\",\"url\":\"https:\\\/\\\/lisakroeber.com\\\/\",\"name\":\"Lisa Kroeber Jewellery Art\",\"description\":\"Lisa Kroeber Jewellery Art e-shop\",\"publisher\":{\"@id\":\"https:\\\/\\\/lisakroeber.com\\\/#organization\"},\"potentialAction\":[{\"@type\":\"SearchAction\",\"target\":{\"@type\":\"EntryPoint\",\"urlTemplate\":\"https:\\\/\\\/lisakroeber.com\\\/?s={search_term_string}\"},\"query-input\":{\"@type\":\"PropertyValueSpecification\",\"valueRequired\":true,\"valueName\":\"search_term_string\"}}],\"inLanguage\":\"et\"},{\"@type\":\"Organization\",\"@id\":\"https:\\\/\\\/lisakroeber.com\\\/#organization\",\"name\":\"Lisa Kroeber Jewellery\",\"url\":\"https:\\\/\\\/lisakroeber.com\\\/\",\"logo\":{\"@type\":\"ImageObject\",\"inLanguage\":\"et\",\"@id\":\"https:\\\/\\\/lisakroeber.com\\\/#\\\/schema\\\/logo\\\/image\\\/\",\"url\":\"https:\\\/\\\/lisakroeber.com\\\/wp-content\\\/uploads\\\/2024\\\/07\\\/47178367_317322115661289_143956003702964224_n-e1543863670541.svg\",\"contentUrl\":\"https:\\\/\\\/lisakroeber.com\\\/wp-content\\\/uploads\\\/2024\\\/07\\\/47178367_317322115661289_143956003702964224_n-e1543863670541.svg\",\"width\":1,\"height\":1,\"caption\":\"Lisa Kroeber Jewellery\"},\"image\":{\"@id\":\"https:\\\/\\\/lisakroeber.com\\\/#\\\/schema\\\/logo\\\/image\\\/\"}}]}<\/script>\n<!-- \/ Yoast SEO plugin. -->","yoast_head_json":{"title":"Forma S\u00f5rmus - Lisa Kroeber Jewellery Art","robots":{"index":"index","follow":"follow","max-snippet":"max-snippet:-1","max-image-preview":"max-image-preview:large","max-video-preview":"max-video-preview:-1"},"canonical":"https:\/\/lisakroeber.com\/et\/toode\/sormused-forma\/","og_locale":"et_EE","og_type":"article","og_title":"Forma S\u00f5rmus - Lisa Kroeber Jewellery Art","og_description":"Forma S\u00f5rmusPuhas. Skulpturaalne. Ajatu.  Meie Forma s\u00f5rmuste seeria on seni ainus s\u00f5rmuste kollektsioon \u2014 unisex 925 h\u00f5bedast s\u00f5rmused, mis kannavad meie iseloomulikku volditud disaini. Selged jooned ja skulpturaalne vorm loovad tugeva, kuid tagasihoidliku aktsendi. Saadaval erinevates suurustes, loodud igap\u00e4evaseks kandmiseks ja ajatut stiili silmas pidades.  Valida saab erinevate suuruste vahel:","og_url":"https:\/\/lisakroeber.com\/et\/toode\/sormused-forma\/","og_site_name":"Lisa Kroeber Jewellery Art","article_modified_time":"2026-03-14T06:57:05+00:00","og_image":[{"width":2560,"height":2560,"url":"https:\/\/lisakroeber.com\/wp-content\/uploads\/2022\/11\/29-scaled.jpg","type":"image\/jpeg"}],"twitter_card":"summary_large_image","twitter_misc":{"Est. reading time":"1 minut"},"schema":{"@context":"https:\/\/schema.org","@graph":[{"@type":"WebPage","@id":"https:\/\/lisakroeber.com\/et\/toode\/sormused-forma\/","url":"https:\/\/lisakroeber.com\/et\/toode\/sormused-forma\/","name":"Forma S\u00f5rmus - Lisa Kroeber Jewellery Art","isPartOf":{"@id":"https:\/\/lisakroeber.com\/#website"},"primaryImageOfPage":{"@id":"https:\/\/lisakroeber.com\/et\/toode\/sormused-forma\/#primaryimage"},"image":{"@id":"https:\/\/lisakroeber.com\/et\/toode\/sormused-forma\/#primaryimage"},"thumbnailUrl":"https:\/\/lisakroeber.com\/wp-content\/uploads\/2022\/11\/29-scaled.jpg","datePublished":"2022-11-03T08:33:26+00:00","dateModified":"2026-03-14T06:57:05+00:00","breadcrumb":{"@id":"https:\/\/lisakroeber.com\/et\/toode\/sormused-forma\/#breadcrumb"},"inLanguage":"et","potentialAction":[{"@type":"ReadAction","target":["https:\/\/lisakroeber.com\/et\/toode\/sormused-forma\/"]}]},{"@type":"ImageObject","inLanguage":"et","@id":"https:\/\/lisakroeber.com\/et\/toode\/sormused-forma\/#primaryimage","url":"https:\/\/lisakroeber.com\/wp-content\/uploads\/2022\/11\/29-scaled.jpg","contentUrl":"https:\/\/lisakroeber.com\/wp-content\/uploads\/2022\/11\/29-scaled.jpg","width":2560,"height":2560},{"@type":"BreadcrumbList","@id":"https:\/\/lisakroeber.com\/et\/toode\/sormused-forma\/#breadcrumb","itemListElement":[{"@type":"ListItem","position":1,"name":"Home","item":"https:\/\/lisakroeber.com\/et\/"},{"@type":"ListItem","position":2,"name":"Pood","item":"https:\/\/lisakroeber.com\/et\/pood\/"},{"@type":"ListItem","position":3,"name":"Forma S\u00f5rmus"}]},{"@type":"WebSite","@id":"https:\/\/lisakroeber.com\/#website","url":"https:\/\/lisakroeber.com\/","name":"Lisa Kroeber Jewellery Art","description":"Lisa Kroeber Jewellery Art e-shop","publisher":{"@id":"https:\/\/lisakroeber.com\/#organization"},"potentialAction":[{"@type":"SearchAction","target":{"@type":"EntryPoint","urlTemplate":"https:\/\/lisakroeber.com\/?s={search_term_string}"},"query-input":{"@type":"PropertyValueSpecification","valueRequired":true,"valueName":"search_term_string"}}],"inLanguage":"et"},{"@type":"Organization","@id":"https:\/\/lisakroeber.com\/#organization","name":"Lisa Kroeber Jewellery","url":"https:\/\/lisakroeber.com\/","logo":{"@type":"ImageObject","inLanguage":"et","@id":"https:\/\/lisakroeber.com\/#\/schema\/logo\/image\/","url":"https:\/\/lisakroeber.com\/wp-content\/uploads\/2024\/07\/47178367_317322115661289_143956003702964224_n-e1543863670541.svg","contentUrl":"https:\/\/lisakroeber.com\/wp-content\/uploads\/2024\/07\/47178367_317322115661289_143956003702964224_n-e1543863670541.svg","width":1,"height":1,"caption":"Lisa Kroeber Jewellery"},"image":{"@id":"https:\/\/lisakroeber.com\/#\/schema\/logo\/image\/"}}]}},"_links":{"self":[{"href":"https:\/\/lisakroeber.com\/et\/wp-json\/wp\/v2\/product\/25580","targetHints":{"allow":["GET"]}}],"collection":[{"href":"https:\/\/lisakroeber.com\/et\/wp-json\/wp\/v2\/product"}],"about":[{"href":"https:\/\/lisakroeber.com\/et\/wp-json\/wp\/v2\/types\/product"}],"wp:featuredmedia":[{"embeddable":true,"href":"https:\/\/lisakroeber.com\/et\/wp-json\/wp\/v2\/media\/21074"}],"wp:attachment":[{"href":"https:\/\/lisakroeber.com\/et\/wp-json\/wp\/v2\/media?parent=25580"}],"wp:term":[{"taxonomy":"product_brand","embeddable":true,"href":"https:\/\/lisakroeber.com\/et\/wp-json\/wp\/v2\/product_brand?post=25580"},{"taxonomy":"product_cat","embeddable":true,"href":"https:\/\/lisakroeber.com\/et\/wp-json\/wp\/v2\/product_cat?post=25580"},{"taxonomy":"product_tag","embeddable":true,"href":"https:\/\/lisakroeber.com\/et\/wp-json\/wp\/v2\/product_tag?post=25580"}],"curies":[{"name":"wp","href":"https:\/\/api.w.org\/{rel}","templated":true}]}}