{"id":25872,"date":"2023-10-26T12:34:46","date_gmt":"2023-10-26T10:34:46","guid":{"rendered":"https:\/\/lisakroeber.com\/uus\/?post_type=product&#038;p=25872"},"modified":"2026-03-19T14:42:35","modified_gmt":"2026-03-19T12:42:35","slug":"25872","status":"publish","type":"product","link":"https:\/\/lisakroeber.com\/et\/toode\/25872\/","title":{"rendered":"K\u00f5rvar\u00f5ngad Folded Tiny Silver"},"content":{"rendered":"<p class=\"p1\">\n<p>&nbsp;<\/p>\n","protected":false},"excerpt":{"rendered":"<p><b>Folded Tiny Silver K\u00f5rvar\u00f5ngad<\/b><b><br \/>\n<\/b><span style=\"font-weight: 400;\"> Minimalistlikud. Viimistletud.  Eksklusiivne.<\/span><\/p>\n<p><i><span style=\"font-weight: 400;\">Folded Tiny Silver<\/span><\/i><span style=\"font-weight: 400;\"> k\u00f5rvar\u00f5ngad on meie Folded Tiny seeria k\u00f5ige eksklusiivsem versioon. K\u00f5rgl\u00e4ikega 925 h\u00f5bedast valmistatud ehted \u00fchendavad igap\u00e4evase kantavuse, minimalistliku disaini ja armsa vormi eksklusiivsuse, elegantsi ja kvaliteediga. <\/span><\/p>\n<p><span style=\"font-weight: 400;\">V\u00e4ike ehe, mis kannab endas k\u00f5ike \u2014 tagasihoidlik, \u0161ikk ja ajatu.<\/span><\/p>\n<p><span style=\"font-weight: 400;\">J\u00e4rgi linki ja j\u00f5uad <a href=\"https:\/\/lisakroeber.com\/et\/toode\/earrings-folded-tiny\/\">v\u00e4rviliste Folded Tiny k\u00f5rvar\u00f5ngasteni.<\/a><\/span><\/p>\n<p><span style=\"font-weight: 400;\">Kollektsioon: Folded<\/span><\/p>\n<p><span style=\"font-weight: 400;\">Materjal: 925 h\u00f5be<\/span><\/p>\n<p><span style=\"font-weight: 400;\">Suur: 0,7&#215;1,4cm. Kaal: 1,3g <\/span><\/p>\n<p><span style=\"font-weight: 400;\">Augustatud k\u00f5rvadele<\/span><\/p>\n<p><span style=\"font-weight: 400;\">K\u00f5ik tooted tarnitakse 1-5 p\u00e4eva jooksul. K\u00f5ik tooted tulevad kinkekarbis.<\/span><\/p>\n","protected":false},"featured_media":25870,"template":"","meta":{"content-type":""},"product_brand":[],"product_cat":[446,342,340],"product_tag":[],"class_list":{"0":"post-25872","1":"product","2":"type-product","3":"status-publish","4":"has-post-thumbnail","6":"product_cat-folded-et","7":"product_cat-korvarongad","8":"product_cat-kollektsioonid","10":"first","11":"instock","12":"taxable","13":"shipping-taxable","14":"purchasable","15":"product-type-simple"},"yoast_head":"<!-- This site is optimized with the Yoast SEO plugin v27.4 - https:\/\/yoast.com\/product\/yoast-seo-wordpress\/ -->\n<title>K\u00f5rvar\u00f5ngad Folded Tiny Silver - Lisa Kroeber Jewellery Art<\/title>\n<meta name=\"robots\" content=\"index, follow, max-snippet:-1, max-image-preview:large, max-video-preview:-1\" \/>\n<link rel=\"canonical\" href=\"https:\/\/lisakroeber.com\/et\/toode\/25872\/\" \/>\n<meta property=\"og:locale\" content=\"et_EE\" \/>\n<meta property=\"og:type\" content=\"article\" \/>\n<meta property=\"og:title\" content=\"K\u00f5rvar\u00f5ngad Folded Tiny Silver - Lisa Kroeber Jewellery Art\" \/>\n<meta property=\"og:description\" content=\"Folded Tiny Silver K\u00f5rvar\u00f5ngad Minimalistlikud. Viimistletud. Eksklusiivne. Folded Tiny Silver k\u00f5rvar\u00f5ngad on meie Folded Tiny seeria k\u00f5ige eksklusiivsem versioon. K\u00f5rgl\u00e4ikega 925 h\u00f5bedast valmistatud ehted \u00fchendavad igap\u00e4evase kantavuse, minimalistliku disaini ja armsa vormi eksklusiivsuse, elegantsi ja kvaliteediga.  V\u00e4ike ehe, mis kannab endas k\u00f5ike \u2014 tagasihoidlik, \u0161ikk ja ajatu. J\u00e4rgi linki ja j\u00f5uad v\u00e4rviliste Folded Tiny k\u00f5rvar\u00f5ngasteni. Kollektsioon: Folded Materjal: 925 h\u00f5be Suur: 0,7x1,4cm. Kaal: 1,3g  Augustatud k\u00f5rvadele K\u00f5ik tooted tarnitakse 1-5 p\u00e4eva jooksul. K\u00f5ik tooted tulevad kinkekarbis.\" \/>\n<meta property=\"og:url\" content=\"https:\/\/lisakroeber.com\/et\/toode\/25872\/\" \/>\n<meta property=\"og:site_name\" content=\"Lisa Kroeber Jewellery Art\" \/>\n<meta property=\"article:modified_time\" content=\"2026-03-19T12:42:35+00:00\" \/>\n<meta property=\"og:image\" content=\"https:\/\/lisakroeber.com\/wp-content\/uploads\/2023\/10\/FT-HOBE-scaled.jpg\" \/>\n\t<meta property=\"og:image:width\" content=\"2560\" \/>\n\t<meta property=\"og:image:height\" content=\"2560\" \/>\n\t<meta property=\"og:image:type\" content=\"image\/jpeg\" \/>\n<meta name=\"twitter:card\" content=\"summary_large_image\" \/>\n<meta name=\"twitter:label1\" content=\"Est. reading time\" \/>\n\t<meta name=\"twitter:data1\" content=\"1 minut\" \/>\n<script type=\"application\/ld+json\" class=\"yoast-schema-graph\">{\"@context\":\"https:\\\/\\\/schema.org\",\"@graph\":[{\"@type\":\"WebPage\",\"@id\":\"https:\\\/\\\/lisakroeber.com\\\/et\\\/toode\\\/25872\\\/\",\"url\":\"https:\\\/\\\/lisakroeber.com\\\/et\\\/toode\\\/25872\\\/\",\"name\":\"K\u00f5rvar\u00f5ngad Folded Tiny Silver - Lisa Kroeber Jewellery Art\",\"isPartOf\":{\"@id\":\"https:\\\/\\\/lisakroeber.com\\\/#website\"},\"primaryImageOfPage\":{\"@id\":\"https:\\\/\\\/lisakroeber.com\\\/et\\\/toode\\\/25872\\\/#primaryimage\"},\"image\":{\"@id\":\"https:\\\/\\\/lisakroeber.com\\\/et\\\/toode\\\/25872\\\/#primaryimage\"},\"thumbnailUrl\":\"https:\\\/\\\/lisakroeber.com\\\/wp-content\\\/uploads\\\/2023\\\/10\\\/FT-HOBE-scaled.jpg\",\"datePublished\":\"2023-10-26T10:34:46+00:00\",\"dateModified\":\"2026-03-19T12:42:35+00:00\",\"breadcrumb\":{\"@id\":\"https:\\\/\\\/lisakroeber.com\\\/et\\\/toode\\\/25872\\\/#breadcrumb\"},\"inLanguage\":\"et\",\"potentialAction\":[{\"@type\":\"ReadAction\",\"target\":[\"https:\\\/\\\/lisakroeber.com\\\/et\\\/toode\\\/25872\\\/\"]}]},{\"@type\":\"ImageObject\",\"inLanguage\":\"et\",\"@id\":\"https:\\\/\\\/lisakroeber.com\\\/et\\\/toode\\\/25872\\\/#primaryimage\",\"url\":\"https:\\\/\\\/lisakroeber.com\\\/wp-content\\\/uploads\\\/2023\\\/10\\\/FT-HOBE-scaled.jpg\",\"contentUrl\":\"https:\\\/\\\/lisakroeber.com\\\/wp-content\\\/uploads\\\/2023\\\/10\\\/FT-HOBE-scaled.jpg\",\"width\":2560,\"height\":2560},{\"@type\":\"BreadcrumbList\",\"@id\":\"https:\\\/\\\/lisakroeber.com\\\/et\\\/toode\\\/25872\\\/#breadcrumb\",\"itemListElement\":[{\"@type\":\"ListItem\",\"position\":1,\"name\":\"Home\",\"item\":\"https:\\\/\\\/lisakroeber.com\\\/et\\\/\"},{\"@type\":\"ListItem\",\"position\":2,\"name\":\"Pood\",\"item\":\"https:\\\/\\\/lisakroeber.com\\\/et\\\/pood\\\/\"},{\"@type\":\"ListItem\",\"position\":3,\"name\":\"K\u00f5rvar\u00f5ngad Folded Tiny Silver\"}]},{\"@type\":\"WebSite\",\"@id\":\"https:\\\/\\\/lisakroeber.com\\\/#website\",\"url\":\"https:\\\/\\\/lisakroeber.com\\\/\",\"name\":\"Lisa Kroeber Jewellery Art\",\"description\":\"Lisa Kroeber Jewellery Art e-shop\",\"publisher\":{\"@id\":\"https:\\\/\\\/lisakroeber.com\\\/#organization\"},\"potentialAction\":[{\"@type\":\"SearchAction\",\"target\":{\"@type\":\"EntryPoint\",\"urlTemplate\":\"https:\\\/\\\/lisakroeber.com\\\/?s={search_term_string}\"},\"query-input\":{\"@type\":\"PropertyValueSpecification\",\"valueRequired\":true,\"valueName\":\"search_term_string\"}}],\"inLanguage\":\"et\"},{\"@type\":\"Organization\",\"@id\":\"https:\\\/\\\/lisakroeber.com\\\/#organization\",\"name\":\"Lisa Kroeber Jewellery\",\"url\":\"https:\\\/\\\/lisakroeber.com\\\/\",\"logo\":{\"@type\":\"ImageObject\",\"inLanguage\":\"et\",\"@id\":\"https:\\\/\\\/lisakroeber.com\\\/#\\\/schema\\\/logo\\\/image\\\/\",\"url\":\"https:\\\/\\\/lisakroeber.com\\\/wp-content\\\/uploads\\\/2024\\\/07\\\/47178367_317322115661289_143956003702964224_n-e1543863670541.svg\",\"contentUrl\":\"https:\\\/\\\/lisakroeber.com\\\/wp-content\\\/uploads\\\/2024\\\/07\\\/47178367_317322115661289_143956003702964224_n-e1543863670541.svg\",\"width\":1,\"height\":1,\"caption\":\"Lisa Kroeber Jewellery\"},\"image\":{\"@id\":\"https:\\\/\\\/lisakroeber.com\\\/#\\\/schema\\\/logo\\\/image\\\/\"}}]}<\/script>\n<!-- \/ Yoast SEO plugin. -->","yoast_head_json":{"title":"K\u00f5rvar\u00f5ngad Folded Tiny Silver - Lisa Kroeber Jewellery Art","robots":{"index":"index","follow":"follow","max-snippet":"max-snippet:-1","max-image-preview":"max-image-preview:large","max-video-preview":"max-video-preview:-1"},"canonical":"https:\/\/lisakroeber.com\/et\/toode\/25872\/","og_locale":"et_EE","og_type":"article","og_title":"K\u00f5rvar\u00f5ngad Folded Tiny Silver - Lisa Kroeber Jewellery Art","og_description":"Folded Tiny Silver K\u00f5rvar\u00f5ngad Minimalistlikud. Viimistletud. Eksklusiivne. Folded Tiny Silver k\u00f5rvar\u00f5ngad on meie Folded Tiny seeria k\u00f5ige eksklusiivsem versioon. K\u00f5rgl\u00e4ikega 925 h\u00f5bedast valmistatud ehted \u00fchendavad igap\u00e4evase kantavuse, minimalistliku disaini ja armsa vormi eksklusiivsuse, elegantsi ja kvaliteediga.  V\u00e4ike ehe, mis kannab endas k\u00f5ike \u2014 tagasihoidlik, \u0161ikk ja ajatu. J\u00e4rgi linki ja j\u00f5uad v\u00e4rviliste Folded Tiny k\u00f5rvar\u00f5ngasteni. Kollektsioon: Folded Materjal: 925 h\u00f5be Suur: 0,7x1,4cm. Kaal: 1,3g  Augustatud k\u00f5rvadele K\u00f5ik tooted tarnitakse 1-5 p\u00e4eva jooksul. K\u00f5ik tooted tulevad kinkekarbis.","og_url":"https:\/\/lisakroeber.com\/et\/toode\/25872\/","og_site_name":"Lisa Kroeber Jewellery Art","article_modified_time":"2026-03-19T12:42:35+00:00","og_image":[{"width":2560,"height":2560,"url":"https:\/\/lisakroeber.com\/wp-content\/uploads\/2023\/10\/FT-HOBE-scaled.jpg","type":"image\/jpeg"}],"twitter_card":"summary_large_image","twitter_misc":{"Est. reading time":"1 minut"},"schema":{"@context":"https:\/\/schema.org","@graph":[{"@type":"WebPage","@id":"https:\/\/lisakroeber.com\/et\/toode\/25872\/","url":"https:\/\/lisakroeber.com\/et\/toode\/25872\/","name":"K\u00f5rvar\u00f5ngad Folded Tiny Silver - Lisa Kroeber Jewellery Art","isPartOf":{"@id":"https:\/\/lisakroeber.com\/#website"},"primaryImageOfPage":{"@id":"https:\/\/lisakroeber.com\/et\/toode\/25872\/#primaryimage"},"image":{"@id":"https:\/\/lisakroeber.com\/et\/toode\/25872\/#primaryimage"},"thumbnailUrl":"https:\/\/lisakroeber.com\/wp-content\/uploads\/2023\/10\/FT-HOBE-scaled.jpg","datePublished":"2023-10-26T10:34:46+00:00","dateModified":"2026-03-19T12:42:35+00:00","breadcrumb":{"@id":"https:\/\/lisakroeber.com\/et\/toode\/25872\/#breadcrumb"},"inLanguage":"et","potentialAction":[{"@type":"ReadAction","target":["https:\/\/lisakroeber.com\/et\/toode\/25872\/"]}]},{"@type":"ImageObject","inLanguage":"et","@id":"https:\/\/lisakroeber.com\/et\/toode\/25872\/#primaryimage","url":"https:\/\/lisakroeber.com\/wp-content\/uploads\/2023\/10\/FT-HOBE-scaled.jpg","contentUrl":"https:\/\/lisakroeber.com\/wp-content\/uploads\/2023\/10\/FT-HOBE-scaled.jpg","width":2560,"height":2560},{"@type":"BreadcrumbList","@id":"https:\/\/lisakroeber.com\/et\/toode\/25872\/#breadcrumb","itemListElement":[{"@type":"ListItem","position":1,"name":"Home","item":"https:\/\/lisakroeber.com\/et\/"},{"@type":"ListItem","position":2,"name":"Pood","item":"https:\/\/lisakroeber.com\/et\/pood\/"},{"@type":"ListItem","position":3,"name":"K\u00f5rvar\u00f5ngad Folded Tiny Silver"}]},{"@type":"WebSite","@id":"https:\/\/lisakroeber.com\/#website","url":"https:\/\/lisakroeber.com\/","name":"Lisa Kroeber Jewellery Art","description":"Lisa Kroeber Jewellery Art e-shop","publisher":{"@id":"https:\/\/lisakroeber.com\/#organization"},"potentialAction":[{"@type":"SearchAction","target":{"@type":"EntryPoint","urlTemplate":"https:\/\/lisakroeber.com\/?s={search_term_string}"},"query-input":{"@type":"PropertyValueSpecification","valueRequired":true,"valueName":"search_term_string"}}],"inLanguage":"et"},{"@type":"Organization","@id":"https:\/\/lisakroeber.com\/#organization","name":"Lisa Kroeber Jewellery","url":"https:\/\/lisakroeber.com\/","logo":{"@type":"ImageObject","inLanguage":"et","@id":"https:\/\/lisakroeber.com\/#\/schema\/logo\/image\/","url":"https:\/\/lisakroeber.com\/wp-content\/uploads\/2024\/07\/47178367_317322115661289_143956003702964224_n-e1543863670541.svg","contentUrl":"https:\/\/lisakroeber.com\/wp-content\/uploads\/2024\/07\/47178367_317322115661289_143956003702964224_n-e1543863670541.svg","width":1,"height":1,"caption":"Lisa Kroeber Jewellery"},"image":{"@id":"https:\/\/lisakroeber.com\/#\/schema\/logo\/image\/"}}]}},"_links":{"self":[{"href":"https:\/\/lisakroeber.com\/et\/wp-json\/wp\/v2\/product\/25872","targetHints":{"allow":["GET"]}}],"collection":[{"href":"https:\/\/lisakroeber.com\/et\/wp-json\/wp\/v2\/product"}],"about":[{"href":"https:\/\/lisakroeber.com\/et\/wp-json\/wp\/v2\/types\/product"}],"wp:featuredmedia":[{"embeddable":true,"href":"https:\/\/lisakroeber.com\/et\/wp-json\/wp\/v2\/media\/25870"}],"wp:attachment":[{"href":"https:\/\/lisakroeber.com\/et\/wp-json\/wp\/v2\/media?parent=25872"}],"wp:term":[{"taxonomy":"product_brand","embeddable":true,"href":"https:\/\/lisakroeber.com\/et\/wp-json\/wp\/v2\/product_brand?post=25872"},{"taxonomy":"product_cat","embeddable":true,"href":"https:\/\/lisakroeber.com\/et\/wp-json\/wp\/v2\/product_cat?post=25872"},{"taxonomy":"product_tag","embeddable":true,"href":"https:\/\/lisakroeber.com\/et\/wp-json\/wp\/v2\/product_tag?post=25872"}],"curies":[{"name":"wp","href":"https:\/\/api.w.org\/{rel}","templated":true}]}}