{"id":26190,"date":"2023-11-04T21:48:56","date_gmt":"2023-11-04T19:48:56","guid":{"rendered":"https:\/\/lisakroeber.com\/uus\/?post_type=product&#038;p=26190"},"modified":"2026-03-17T16:35:45","modified_gmt":"2026-03-17T14:35:45","slug":"korvarongad-flower-petals-copy","status":"publish","type":"product","link":"https:\/\/lisakroeber.com\/et\/toode\/korvarongad-flower-petals-copy\/","title":{"rendered":"K\u00f5rvar\u00f5ngad Sparkling Double Petals"},"content":{"rendered":"","protected":false},"excerpt":{"rendered":"<p data-start=\"209\" data-end=\"273\"><strong data-start=\"209\" data-end=\"245\">Sparkling Double Petal K\u00f5rvar\u00f5ngad<\/strong><br data-start=\"245\" data-end=\"248\">S\u00e4rav. <br \/> Julge. Piiratud.<\/p>\n<p data-start=\"275\" data-end=\"645\"><strong><em data-start=\"279\" data-end=\"304\"><em data-start=\"347\" data-end=\"362\">Sparkling Double Petals k\u00f5rvar\u00f5ngad<\/em><\/em><\/strong> on piiratud koguses versioon meie Double Petals disainist. Kombineerides s\u00e4ravaid toone teiste v\u00e4rvidega, toovad need k\u00f5rvar\u00f5ngad vormi veelgi rohkem valgust ja s\u00e4ra. <em data-start=\"522\" data-end=\"537\">Flower Petals<\/em> suurema \u00f5ena sobivad need ideaalselt mitmev\u00e4rviliseks kandmiseks, kuid soovi korral ka \u00fchev\u00e4rvilise variandina.  <\/p>\n<p data-start=\"647\" data-end=\"893\">M\u00f5ned v\u00e4rvikombinatsioonid on siin n\u00e4idatud, kuid loovusel pole piire. Kirjuta ostu sooritamisel kommentaaridesse, millist v\u00e4rvi soovid \u00fclemiseks ja millist alumiseks osaks ja valmistame selle variandi just sinu jaoks. <\/p>\n<p><a href=\"https:\/\/lisakroeber.com\/et\/toode\/korvarongad-sparkling-double-petals-copy\/\"><span style=\"font-weight: 400;\">J\u00e4rgi linki, et avastada <em><a href=\"https:\/\/lisakroeber.com\/et\/toode\/korvarongad-sparkling-double-petals-copy\/\">Double Petal k\u00f5rvar\u00f5ngaste teisi v\u00e4rve.<\/a><\/em><\/span><\/a><\/p>\n<p>&nbsp;<\/p>\n","protected":false},"featured_media":26853,"template":"","meta":{"content-type":""},"product_brand":[],"product_cat":[525,342,340,1074],"product_tag":[],"class_list":{"0":"post-26190","1":"product","2":"type-product","3":"status-publish","4":"has-post-thumbnail","6":"product_cat-flower-petals","7":"product_cat-korvarongad","8":"product_cat-kollektsioonid","9":"product_cat-sparkling","11":"first","12":"instock","13":"taxable","14":"shipping-taxable","15":"purchasable","16":"product-type-variable"},"yoast_head":"<!-- This site is optimized with the Yoast SEO plugin v27.3 - https:\/\/yoast.com\/product\/yoast-seo-wordpress\/ -->\n<title>K\u00f5rvar\u00f5ngad Sparkling Double Petals - Lisa Kroeber Jewellery Art<\/title>\n<meta name=\"robots\" content=\"index, follow, max-snippet:-1, max-image-preview:large, max-video-preview:-1\" \/>\n<link rel=\"canonical\" href=\"https:\/\/lisakroeber.com\/et\/toode\/korvarongad-flower-petals-copy\/\" \/>\n<meta property=\"og:locale\" content=\"et_EE\" \/>\n<meta property=\"og:type\" content=\"article\" \/>\n<meta property=\"og:title\" content=\"K\u00f5rvar\u00f5ngad Sparkling Double Petals - Lisa Kroeber Jewellery Art\" \/>\n<meta property=\"og:description\" content=\"Sparkling Double Petal K\u00f5rvar\u00f5ngadS\u00e4rav. Julge. Piiratud. Sparkling Double Petals k\u00f5rvar\u00f5ngad on piiratud koguses versioon meie Double Petals disainist. Kombineerides s\u00e4ravaid toone teiste v\u00e4rvidega, toovad need k\u00f5rvar\u00f5ngad vormi veelgi rohkem valgust ja s\u00e4ra. Flower Petals suurema \u00f5ena sobivad need ideaalselt mitmev\u00e4rviliseks kandmiseks, kuid soovi korral ka \u00fchev\u00e4rvilise variandina.  M\u00f5ned v\u00e4rvikombinatsioonid on siin n\u00e4idatud, kuid loovusel pole piire. Kirjuta ostu sooritamisel kommentaaridesse, millist v\u00e4rvi soovid \u00fclemiseks ja millist alumiseks osaks ja valmistame selle variandi just sinu jaoks. J\u00e4rgi linki, et avastada Double Petal k\u00f5rvar\u00f5ngaste teisi v\u00e4rve. &nbsp;\" \/>\n<meta property=\"og:url\" content=\"https:\/\/lisakroeber.com\/et\/toode\/korvarongad-flower-petals-copy\/\" \/>\n<meta property=\"og:site_name\" content=\"Lisa Kroeber Jewellery Art\" \/>\n<meta property=\"article:modified_time\" content=\"2026-03-17T14:35:45+00:00\" \/>\n<meta property=\"og:image\" content=\"https:\/\/lisakroeber.com\/wp-content\/uploads\/2023\/11\/DP-Sp.Ocean-Chrome-Pink-scaled.jpg\" \/>\n\t<meta property=\"og:image:width\" content=\"2560\" \/>\n\t<meta property=\"og:image:height\" content=\"1707\" \/>\n\t<meta property=\"og:image:type\" content=\"image\/jpeg\" \/>\n<meta name=\"twitter:card\" content=\"summary_large_image\" \/>\n<meta name=\"twitter:label1\" content=\"Est. reading time\" \/>\n\t<meta name=\"twitter:data1\" content=\"1 minut\" \/>\n<script type=\"application\/ld+json\" class=\"yoast-schema-graph\">{\"@context\":\"https:\\\/\\\/schema.org\",\"@graph\":[{\"@type\":\"WebPage\",\"@id\":\"https:\\\/\\\/lisakroeber.com\\\/et\\\/toode\\\/korvarongad-flower-petals-copy\\\/\",\"url\":\"https:\\\/\\\/lisakroeber.com\\\/et\\\/toode\\\/korvarongad-flower-petals-copy\\\/\",\"name\":\"K\u00f5rvar\u00f5ngad Sparkling Double Petals - Lisa Kroeber Jewellery Art\",\"isPartOf\":{\"@id\":\"https:\\\/\\\/lisakroeber.com\\\/#website\"},\"primaryImageOfPage\":{\"@id\":\"https:\\\/\\\/lisakroeber.com\\\/et\\\/toode\\\/korvarongad-flower-petals-copy\\\/#primaryimage\"},\"image\":{\"@id\":\"https:\\\/\\\/lisakroeber.com\\\/et\\\/toode\\\/korvarongad-flower-petals-copy\\\/#primaryimage\"},\"thumbnailUrl\":\"https:\\\/\\\/lisakroeber.com\\\/wp-content\\\/uploads\\\/2023\\\/11\\\/DP-Sp.Ocean-Chrome-Pink-scaled.jpg\",\"datePublished\":\"2023-11-04T19:48:56+00:00\",\"dateModified\":\"2026-03-17T14:35:45+00:00\",\"breadcrumb\":{\"@id\":\"https:\\\/\\\/lisakroeber.com\\\/et\\\/toode\\\/korvarongad-flower-petals-copy\\\/#breadcrumb\"},\"inLanguage\":\"et\",\"potentialAction\":[{\"@type\":\"ReadAction\",\"target\":[\"https:\\\/\\\/lisakroeber.com\\\/et\\\/toode\\\/korvarongad-flower-petals-copy\\\/\"]}]},{\"@type\":\"ImageObject\",\"inLanguage\":\"et\",\"@id\":\"https:\\\/\\\/lisakroeber.com\\\/et\\\/toode\\\/korvarongad-flower-petals-copy\\\/#primaryimage\",\"url\":\"https:\\\/\\\/lisakroeber.com\\\/wp-content\\\/uploads\\\/2023\\\/11\\\/DP-Sp.Ocean-Chrome-Pink-scaled.jpg\",\"contentUrl\":\"https:\\\/\\\/lisakroeber.com\\\/wp-content\\\/uploads\\\/2023\\\/11\\\/DP-Sp.Ocean-Chrome-Pink-scaled.jpg\",\"width\":2560,\"height\":1707},{\"@type\":\"BreadcrumbList\",\"@id\":\"https:\\\/\\\/lisakroeber.com\\\/et\\\/toode\\\/korvarongad-flower-petals-copy\\\/#breadcrumb\",\"itemListElement\":[{\"@type\":\"ListItem\",\"position\":1,\"name\":\"Home\",\"item\":\"https:\\\/\\\/lisakroeber.com\\\/et\\\/\"},{\"@type\":\"ListItem\",\"position\":2,\"name\":\"Pood\",\"item\":\"https:\\\/\\\/lisakroeber.com\\\/et\\\/pood\\\/\"},{\"@type\":\"ListItem\",\"position\":3,\"name\":\"K\u00f5rvar\u00f5ngad Sparkling Double Petals\"}]},{\"@type\":\"WebSite\",\"@id\":\"https:\\\/\\\/lisakroeber.com\\\/#website\",\"url\":\"https:\\\/\\\/lisakroeber.com\\\/\",\"name\":\"Lisa Kroeber Jewellery Art\",\"description\":\"Lisa Kroeber Jewellery Art e-shop\",\"publisher\":{\"@id\":\"https:\\\/\\\/lisakroeber.com\\\/#organization\"},\"potentialAction\":[{\"@type\":\"SearchAction\",\"target\":{\"@type\":\"EntryPoint\",\"urlTemplate\":\"https:\\\/\\\/lisakroeber.com\\\/?s={search_term_string}\"},\"query-input\":{\"@type\":\"PropertyValueSpecification\",\"valueRequired\":true,\"valueName\":\"search_term_string\"}}],\"inLanguage\":\"et\"},{\"@type\":\"Organization\",\"@id\":\"https:\\\/\\\/lisakroeber.com\\\/#organization\",\"name\":\"Lisa Kroeber Jewellery\",\"url\":\"https:\\\/\\\/lisakroeber.com\\\/\",\"logo\":{\"@type\":\"ImageObject\",\"inLanguage\":\"et\",\"@id\":\"https:\\\/\\\/lisakroeber.com\\\/#\\\/schema\\\/logo\\\/image\\\/\",\"url\":\"https:\\\/\\\/lisakroeber.com\\\/wp-content\\\/uploads\\\/2024\\\/07\\\/47178367_317322115661289_143956003702964224_n-e1543863670541.svg\",\"contentUrl\":\"https:\\\/\\\/lisakroeber.com\\\/wp-content\\\/uploads\\\/2024\\\/07\\\/47178367_317322115661289_143956003702964224_n-e1543863670541.svg\",\"width\":1,\"height\":1,\"caption\":\"Lisa Kroeber Jewellery\"},\"image\":{\"@id\":\"https:\\\/\\\/lisakroeber.com\\\/#\\\/schema\\\/logo\\\/image\\\/\"}}]}<\/script>\n<!-- \/ Yoast SEO plugin. -->","yoast_head_json":{"title":"K\u00f5rvar\u00f5ngad Sparkling Double Petals - Lisa Kroeber Jewellery Art","robots":{"index":"index","follow":"follow","max-snippet":"max-snippet:-1","max-image-preview":"max-image-preview:large","max-video-preview":"max-video-preview:-1"},"canonical":"https:\/\/lisakroeber.com\/et\/toode\/korvarongad-flower-petals-copy\/","og_locale":"et_EE","og_type":"article","og_title":"K\u00f5rvar\u00f5ngad Sparkling Double Petals - Lisa Kroeber Jewellery Art","og_description":"Sparkling Double Petal K\u00f5rvar\u00f5ngadS\u00e4rav. Julge. Piiratud. Sparkling Double Petals k\u00f5rvar\u00f5ngad on piiratud koguses versioon meie Double Petals disainist. Kombineerides s\u00e4ravaid toone teiste v\u00e4rvidega, toovad need k\u00f5rvar\u00f5ngad vormi veelgi rohkem valgust ja s\u00e4ra. Flower Petals suurema \u00f5ena sobivad need ideaalselt mitmev\u00e4rviliseks kandmiseks, kuid soovi korral ka \u00fchev\u00e4rvilise variandina.  M\u00f5ned v\u00e4rvikombinatsioonid on siin n\u00e4idatud, kuid loovusel pole piire. Kirjuta ostu sooritamisel kommentaaridesse, millist v\u00e4rvi soovid \u00fclemiseks ja millist alumiseks osaks ja valmistame selle variandi just sinu jaoks. J\u00e4rgi linki, et avastada Double Petal k\u00f5rvar\u00f5ngaste teisi v\u00e4rve. &nbsp;","og_url":"https:\/\/lisakroeber.com\/et\/toode\/korvarongad-flower-petals-copy\/","og_site_name":"Lisa Kroeber Jewellery Art","article_modified_time":"2026-03-17T14:35:45+00:00","og_image":[{"width":2560,"height":1707,"url":"https:\/\/lisakroeber.com\/wp-content\/uploads\/2023\/11\/DP-Sp.Ocean-Chrome-Pink-scaled.jpg","type":"image\/jpeg"}],"twitter_card":"summary_large_image","twitter_misc":{"Est. reading time":"1 minut"},"schema":{"@context":"https:\/\/schema.org","@graph":[{"@type":"WebPage","@id":"https:\/\/lisakroeber.com\/et\/toode\/korvarongad-flower-petals-copy\/","url":"https:\/\/lisakroeber.com\/et\/toode\/korvarongad-flower-petals-copy\/","name":"K\u00f5rvar\u00f5ngad Sparkling Double Petals - Lisa Kroeber Jewellery Art","isPartOf":{"@id":"https:\/\/lisakroeber.com\/#website"},"primaryImageOfPage":{"@id":"https:\/\/lisakroeber.com\/et\/toode\/korvarongad-flower-petals-copy\/#primaryimage"},"image":{"@id":"https:\/\/lisakroeber.com\/et\/toode\/korvarongad-flower-petals-copy\/#primaryimage"},"thumbnailUrl":"https:\/\/lisakroeber.com\/wp-content\/uploads\/2023\/11\/DP-Sp.Ocean-Chrome-Pink-scaled.jpg","datePublished":"2023-11-04T19:48:56+00:00","dateModified":"2026-03-17T14:35:45+00:00","breadcrumb":{"@id":"https:\/\/lisakroeber.com\/et\/toode\/korvarongad-flower-petals-copy\/#breadcrumb"},"inLanguage":"et","potentialAction":[{"@type":"ReadAction","target":["https:\/\/lisakroeber.com\/et\/toode\/korvarongad-flower-petals-copy\/"]}]},{"@type":"ImageObject","inLanguage":"et","@id":"https:\/\/lisakroeber.com\/et\/toode\/korvarongad-flower-petals-copy\/#primaryimage","url":"https:\/\/lisakroeber.com\/wp-content\/uploads\/2023\/11\/DP-Sp.Ocean-Chrome-Pink-scaled.jpg","contentUrl":"https:\/\/lisakroeber.com\/wp-content\/uploads\/2023\/11\/DP-Sp.Ocean-Chrome-Pink-scaled.jpg","width":2560,"height":1707},{"@type":"BreadcrumbList","@id":"https:\/\/lisakroeber.com\/et\/toode\/korvarongad-flower-petals-copy\/#breadcrumb","itemListElement":[{"@type":"ListItem","position":1,"name":"Home","item":"https:\/\/lisakroeber.com\/et\/"},{"@type":"ListItem","position":2,"name":"Pood","item":"https:\/\/lisakroeber.com\/et\/pood\/"},{"@type":"ListItem","position":3,"name":"K\u00f5rvar\u00f5ngad Sparkling Double Petals"}]},{"@type":"WebSite","@id":"https:\/\/lisakroeber.com\/#website","url":"https:\/\/lisakroeber.com\/","name":"Lisa Kroeber Jewellery Art","description":"Lisa Kroeber Jewellery Art e-shop","publisher":{"@id":"https:\/\/lisakroeber.com\/#organization"},"potentialAction":[{"@type":"SearchAction","target":{"@type":"EntryPoint","urlTemplate":"https:\/\/lisakroeber.com\/?s={search_term_string}"},"query-input":{"@type":"PropertyValueSpecification","valueRequired":true,"valueName":"search_term_string"}}],"inLanguage":"et"},{"@type":"Organization","@id":"https:\/\/lisakroeber.com\/#organization","name":"Lisa Kroeber Jewellery","url":"https:\/\/lisakroeber.com\/","logo":{"@type":"ImageObject","inLanguage":"et","@id":"https:\/\/lisakroeber.com\/#\/schema\/logo\/image\/","url":"https:\/\/lisakroeber.com\/wp-content\/uploads\/2024\/07\/47178367_317322115661289_143956003702964224_n-e1543863670541.svg","contentUrl":"https:\/\/lisakroeber.com\/wp-content\/uploads\/2024\/07\/47178367_317322115661289_143956003702964224_n-e1543863670541.svg","width":1,"height":1,"caption":"Lisa Kroeber Jewellery"},"image":{"@id":"https:\/\/lisakroeber.com\/#\/schema\/logo\/image\/"}}]}},"_links":{"self":[{"href":"https:\/\/lisakroeber.com\/et\/wp-json\/wp\/v2\/product\/26190","targetHints":{"allow":["GET"]}}],"collection":[{"href":"https:\/\/lisakroeber.com\/et\/wp-json\/wp\/v2\/product"}],"about":[{"href":"https:\/\/lisakroeber.com\/et\/wp-json\/wp\/v2\/types\/product"}],"wp:featuredmedia":[{"embeddable":true,"href":"https:\/\/lisakroeber.com\/et\/wp-json\/wp\/v2\/media\/26853"}],"wp:attachment":[{"href":"https:\/\/lisakroeber.com\/et\/wp-json\/wp\/v2\/media?parent=26190"}],"wp:term":[{"taxonomy":"product_brand","embeddable":true,"href":"https:\/\/lisakroeber.com\/et\/wp-json\/wp\/v2\/product_brand?post=26190"},{"taxonomy":"product_cat","embeddable":true,"href":"https:\/\/lisakroeber.com\/et\/wp-json\/wp\/v2\/product_cat?post=26190"},{"taxonomy":"product_tag","embeddable":true,"href":"https:\/\/lisakroeber.com\/et\/wp-json\/wp\/v2\/product_tag?post=26190"}],"curies":[{"name":"wp","href":"https:\/\/api.w.org\/{rel}","templated":true}]}}