{"id":26455,"date":"2023-11-25T16:45:08","date_gmt":"2023-11-25T14:45:08","guid":{"rendered":"https:\/\/lisakroeber.com\/uus\/?post_type=product&#038;p=26455"},"modified":"2026-03-17T16:19:47","modified_gmt":"2026-03-17T14:19:47","slug":"korvarongad-loops-copy","status":"publish","type":"product","link":"https:\/\/lisakroeber.com\/et\/toode\/korvarongad-loops-copy\/","title":{"rendered":"K\u00f5rvar\u00f5ngad SPARKLING Mini"},"content":{"rendered":"","protected":false},"excerpt":{"rendered":"<p><b>Sparkling Mini K\u00f5rvar\u00f5ngad<\/b><b><br \/>\n<\/b><span style=\"font-weight: 400;\"> V\u00e4ikesed. S\u00e4ravad.  M\u00f5testatud.<\/span><\/p>\n<p><i><span style=\"font-weight: 400;\">Sparkling Mini K\u00f5rvar\u00f5ngad<\/span><\/i><span style=\"font-weight: 400;\"> kuuluvad meie k\u00f5ige \u00f5rnemasse kollektsiooni \u2014 loodud neile, kes hindavad t\u00f5eliselt v\u00e4ikseid, tagasihoidlikke, kuid iseloomuga ehteid. V\u00e4ikesed m\u00f5\u00f5dult, kuid detailirohked, t\u00f5estavad need k\u00f5rvar\u00f5ngad, et v\u00e4hem v\u00f5ib olla rohkem.<br \/> <\/span><\/p>\n<p><span style=\"font-weight: 400;\">Viimistletud 12 s\u00e4delevas v\u00e4rvitoonis, p\u00fc\u00fcavad need kaunilt valgust, olles samal ajal kerged ja mugavad kanda. Vaikne, kuid r\u00f5\u00f5mus aktsent igap\u00e4evastele v\u00e4limustele, disainitud peente detailide ja tagasihoidlike avalduste armastajatele. <\/span><\/p>\n<p><a href=\"https:\/\/lisakroeber.com\/et\/toode\/korvarongad-mini\/\"><span style=\"font-weight: 400;\">Mini k\u00f5rvar\u00f5ngaste teisi v\u00e4rvitoone.<\/span><\/a><\/p>\n","protected":false},"featured_media":27267,"template":"","meta":{"content-type":""},"product_brand":[],"product_cat":[342,462,1074],"product_tag":[],"class_list":{"0":"post-26455","1":"product","2":"type-product","3":"status-publish","4":"has-post-thumbnail","6":"product_cat-korvarongad","7":"product_cat-mini-et","8":"product_cat-sparkling","10":"first","11":"instock","12":"taxable","13":"shipping-taxable","14":"purchasable","15":"product-type-variable"},"yoast_head":"<!-- This site is optimized with the Yoast SEO plugin v27.4 - https:\/\/yoast.com\/product\/yoast-seo-wordpress\/ -->\n<title>K\u00f5rvar\u00f5ngad SPARKLING Mini - Lisa Kroeber Jewellery Art<\/title>\n<meta name=\"robots\" content=\"index, follow, max-snippet:-1, max-image-preview:large, max-video-preview:-1\" \/>\n<link rel=\"canonical\" href=\"https:\/\/lisakroeber.com\/et\/toode\/korvarongad-loops-copy\/\" \/>\n<meta property=\"og:locale\" content=\"et_EE\" \/>\n<meta property=\"og:type\" content=\"article\" \/>\n<meta property=\"og:title\" content=\"K\u00f5rvar\u00f5ngad SPARKLING Mini - Lisa Kroeber Jewellery Art\" \/>\n<meta property=\"og:description\" content=\"Sparkling Mini K\u00f5rvar\u00f5ngad V\u00e4ikesed. S\u00e4ravad. M\u00f5testatud. Sparkling Mini K\u00f5rvar\u00f5ngad kuuluvad meie k\u00f5ige \u00f5rnemasse kollektsiooni \u2014 loodud neile, kes hindavad t\u00f5eliselt v\u00e4ikseid, tagasihoidlikke, kuid iseloomuga ehteid. V\u00e4ikesed m\u00f5\u00f5dult, kuid detailirohked, t\u00f5estavad need k\u00f5rvar\u00f5ngad, et v\u00e4hem v\u00f5ib olla rohkem.  Viimistletud 12 s\u00e4delevas v\u00e4rvitoonis, p\u00fc\u00fcavad need kaunilt valgust, olles samal ajal kerged ja mugavad kanda. Vaikne, kuid r\u00f5\u00f5mus aktsent igap\u00e4evastele v\u00e4limustele, disainitud peente detailide ja tagasihoidlike avalduste armastajatele.  Mini k\u00f5rvar\u00f5ngaste teisi v\u00e4rvitoone.\" \/>\n<meta property=\"og:url\" content=\"https:\/\/lisakroeber.com\/et\/toode\/korvarongad-loops-copy\/\" \/>\n<meta property=\"og:site_name\" content=\"Lisa Kroeber Jewellery Art\" \/>\n<meta property=\"article:modified_time\" content=\"2026-03-17T14:19:47+00:00\" \/>\n<meta property=\"og:image\" content=\"https:\/\/lisakroeber.com\/wp-content\/uploads\/2023\/11\/M3004M-scaled.jpg\" \/>\n\t<meta property=\"og:image:width\" content=\"2560\" \/>\n\t<meta property=\"og:image:height\" content=\"2560\" \/>\n\t<meta property=\"og:image:type\" content=\"image\/jpeg\" \/>\n<meta name=\"twitter:card\" content=\"summary_large_image\" \/>\n<meta name=\"twitter:label1\" content=\"Est. reading time\" \/>\n\t<meta name=\"twitter:data1\" content=\"1 minut\" \/>\n<script type=\"application\/ld+json\" class=\"yoast-schema-graph\">{\"@context\":\"https:\\\/\\\/schema.org\",\"@graph\":[{\"@type\":\"WebPage\",\"@id\":\"https:\\\/\\\/lisakroeber.com\\\/et\\\/toode\\\/korvarongad-loops-copy\\\/\",\"url\":\"https:\\\/\\\/lisakroeber.com\\\/et\\\/toode\\\/korvarongad-loops-copy\\\/\",\"name\":\"K\u00f5rvar\u00f5ngad SPARKLING Mini - Lisa Kroeber Jewellery Art\",\"isPartOf\":{\"@id\":\"https:\\\/\\\/lisakroeber.com\\\/#website\"},\"primaryImageOfPage\":{\"@id\":\"https:\\\/\\\/lisakroeber.com\\\/et\\\/toode\\\/korvarongad-loops-copy\\\/#primaryimage\"},\"image\":{\"@id\":\"https:\\\/\\\/lisakroeber.com\\\/et\\\/toode\\\/korvarongad-loops-copy\\\/#primaryimage\"},\"thumbnailUrl\":\"https:\\\/\\\/lisakroeber.com\\\/wp-content\\\/uploads\\\/2023\\\/11\\\/M3004M-scaled.jpg\",\"datePublished\":\"2023-11-25T14:45:08+00:00\",\"dateModified\":\"2026-03-17T14:19:47+00:00\",\"breadcrumb\":{\"@id\":\"https:\\\/\\\/lisakroeber.com\\\/et\\\/toode\\\/korvarongad-loops-copy\\\/#breadcrumb\"},\"inLanguage\":\"et\",\"potentialAction\":[{\"@type\":\"ReadAction\",\"target\":[\"https:\\\/\\\/lisakroeber.com\\\/et\\\/toode\\\/korvarongad-loops-copy\\\/\"]}]},{\"@type\":\"ImageObject\",\"inLanguage\":\"et\",\"@id\":\"https:\\\/\\\/lisakroeber.com\\\/et\\\/toode\\\/korvarongad-loops-copy\\\/#primaryimage\",\"url\":\"https:\\\/\\\/lisakroeber.com\\\/wp-content\\\/uploads\\\/2023\\\/11\\\/M3004M-scaled.jpg\",\"contentUrl\":\"https:\\\/\\\/lisakroeber.com\\\/wp-content\\\/uploads\\\/2023\\\/11\\\/M3004M-scaled.jpg\",\"width\":2560,\"height\":2560},{\"@type\":\"BreadcrumbList\",\"@id\":\"https:\\\/\\\/lisakroeber.com\\\/et\\\/toode\\\/korvarongad-loops-copy\\\/#breadcrumb\",\"itemListElement\":[{\"@type\":\"ListItem\",\"position\":1,\"name\":\"Home\",\"item\":\"https:\\\/\\\/lisakroeber.com\\\/et\\\/\"},{\"@type\":\"ListItem\",\"position\":2,\"name\":\"Pood\",\"item\":\"https:\\\/\\\/lisakroeber.com\\\/et\\\/pood\\\/\"},{\"@type\":\"ListItem\",\"position\":3,\"name\":\"K\u00f5rvar\u00f5ngad SPARKLING Mini\"}]},{\"@type\":\"WebSite\",\"@id\":\"https:\\\/\\\/lisakroeber.com\\\/#website\",\"url\":\"https:\\\/\\\/lisakroeber.com\\\/\",\"name\":\"Lisa Kroeber Jewellery Art\",\"description\":\"Lisa Kroeber Jewellery Art e-shop\",\"publisher\":{\"@id\":\"https:\\\/\\\/lisakroeber.com\\\/#organization\"},\"potentialAction\":[{\"@type\":\"SearchAction\",\"target\":{\"@type\":\"EntryPoint\",\"urlTemplate\":\"https:\\\/\\\/lisakroeber.com\\\/?s={search_term_string}\"},\"query-input\":{\"@type\":\"PropertyValueSpecification\",\"valueRequired\":true,\"valueName\":\"search_term_string\"}}],\"inLanguage\":\"et\"},{\"@type\":\"Organization\",\"@id\":\"https:\\\/\\\/lisakroeber.com\\\/#organization\",\"name\":\"Lisa Kroeber Jewellery\",\"url\":\"https:\\\/\\\/lisakroeber.com\\\/\",\"logo\":{\"@type\":\"ImageObject\",\"inLanguage\":\"et\",\"@id\":\"https:\\\/\\\/lisakroeber.com\\\/#\\\/schema\\\/logo\\\/image\\\/\",\"url\":\"https:\\\/\\\/lisakroeber.com\\\/wp-content\\\/uploads\\\/2024\\\/07\\\/47178367_317322115661289_143956003702964224_n-e1543863670541.svg\",\"contentUrl\":\"https:\\\/\\\/lisakroeber.com\\\/wp-content\\\/uploads\\\/2024\\\/07\\\/47178367_317322115661289_143956003702964224_n-e1543863670541.svg\",\"width\":1,\"height\":1,\"caption\":\"Lisa Kroeber Jewellery\"},\"image\":{\"@id\":\"https:\\\/\\\/lisakroeber.com\\\/#\\\/schema\\\/logo\\\/image\\\/\"}}]}<\/script>\n<!-- \/ Yoast SEO plugin. -->","yoast_head_json":{"title":"K\u00f5rvar\u00f5ngad SPARKLING Mini - Lisa Kroeber Jewellery Art","robots":{"index":"index","follow":"follow","max-snippet":"max-snippet:-1","max-image-preview":"max-image-preview:large","max-video-preview":"max-video-preview:-1"},"canonical":"https:\/\/lisakroeber.com\/et\/toode\/korvarongad-loops-copy\/","og_locale":"et_EE","og_type":"article","og_title":"K\u00f5rvar\u00f5ngad SPARKLING Mini - Lisa Kroeber Jewellery Art","og_description":"Sparkling Mini K\u00f5rvar\u00f5ngad V\u00e4ikesed. S\u00e4ravad. M\u00f5testatud. Sparkling Mini K\u00f5rvar\u00f5ngad kuuluvad meie k\u00f5ige \u00f5rnemasse kollektsiooni \u2014 loodud neile, kes hindavad t\u00f5eliselt v\u00e4ikseid, tagasihoidlikke, kuid iseloomuga ehteid. V\u00e4ikesed m\u00f5\u00f5dult, kuid detailirohked, t\u00f5estavad need k\u00f5rvar\u00f5ngad, et v\u00e4hem v\u00f5ib olla rohkem.  Viimistletud 12 s\u00e4delevas v\u00e4rvitoonis, p\u00fc\u00fcavad need kaunilt valgust, olles samal ajal kerged ja mugavad kanda. Vaikne, kuid r\u00f5\u00f5mus aktsent igap\u00e4evastele v\u00e4limustele, disainitud peente detailide ja tagasihoidlike avalduste armastajatele.  Mini k\u00f5rvar\u00f5ngaste teisi v\u00e4rvitoone.","og_url":"https:\/\/lisakroeber.com\/et\/toode\/korvarongad-loops-copy\/","og_site_name":"Lisa Kroeber Jewellery Art","article_modified_time":"2026-03-17T14:19:47+00:00","og_image":[{"width":2560,"height":2560,"url":"https:\/\/lisakroeber.com\/wp-content\/uploads\/2023\/11\/M3004M-scaled.jpg","type":"image\/jpeg"}],"twitter_card":"summary_large_image","twitter_misc":{"Est. reading time":"1 minut"},"schema":{"@context":"https:\/\/schema.org","@graph":[{"@type":"WebPage","@id":"https:\/\/lisakroeber.com\/et\/toode\/korvarongad-loops-copy\/","url":"https:\/\/lisakroeber.com\/et\/toode\/korvarongad-loops-copy\/","name":"K\u00f5rvar\u00f5ngad SPARKLING Mini - Lisa Kroeber Jewellery Art","isPartOf":{"@id":"https:\/\/lisakroeber.com\/#website"},"primaryImageOfPage":{"@id":"https:\/\/lisakroeber.com\/et\/toode\/korvarongad-loops-copy\/#primaryimage"},"image":{"@id":"https:\/\/lisakroeber.com\/et\/toode\/korvarongad-loops-copy\/#primaryimage"},"thumbnailUrl":"https:\/\/lisakroeber.com\/wp-content\/uploads\/2023\/11\/M3004M-scaled.jpg","datePublished":"2023-11-25T14:45:08+00:00","dateModified":"2026-03-17T14:19:47+00:00","breadcrumb":{"@id":"https:\/\/lisakroeber.com\/et\/toode\/korvarongad-loops-copy\/#breadcrumb"},"inLanguage":"et","potentialAction":[{"@type":"ReadAction","target":["https:\/\/lisakroeber.com\/et\/toode\/korvarongad-loops-copy\/"]}]},{"@type":"ImageObject","inLanguage":"et","@id":"https:\/\/lisakroeber.com\/et\/toode\/korvarongad-loops-copy\/#primaryimage","url":"https:\/\/lisakroeber.com\/wp-content\/uploads\/2023\/11\/M3004M-scaled.jpg","contentUrl":"https:\/\/lisakroeber.com\/wp-content\/uploads\/2023\/11\/M3004M-scaled.jpg","width":2560,"height":2560},{"@type":"BreadcrumbList","@id":"https:\/\/lisakroeber.com\/et\/toode\/korvarongad-loops-copy\/#breadcrumb","itemListElement":[{"@type":"ListItem","position":1,"name":"Home","item":"https:\/\/lisakroeber.com\/et\/"},{"@type":"ListItem","position":2,"name":"Pood","item":"https:\/\/lisakroeber.com\/et\/pood\/"},{"@type":"ListItem","position":3,"name":"K\u00f5rvar\u00f5ngad SPARKLING Mini"}]},{"@type":"WebSite","@id":"https:\/\/lisakroeber.com\/#website","url":"https:\/\/lisakroeber.com\/","name":"Lisa Kroeber Jewellery Art","description":"Lisa Kroeber Jewellery Art e-shop","publisher":{"@id":"https:\/\/lisakroeber.com\/#organization"},"potentialAction":[{"@type":"SearchAction","target":{"@type":"EntryPoint","urlTemplate":"https:\/\/lisakroeber.com\/?s={search_term_string}"},"query-input":{"@type":"PropertyValueSpecification","valueRequired":true,"valueName":"search_term_string"}}],"inLanguage":"et"},{"@type":"Organization","@id":"https:\/\/lisakroeber.com\/#organization","name":"Lisa Kroeber Jewellery","url":"https:\/\/lisakroeber.com\/","logo":{"@type":"ImageObject","inLanguage":"et","@id":"https:\/\/lisakroeber.com\/#\/schema\/logo\/image\/","url":"https:\/\/lisakroeber.com\/wp-content\/uploads\/2024\/07\/47178367_317322115661289_143956003702964224_n-e1543863670541.svg","contentUrl":"https:\/\/lisakroeber.com\/wp-content\/uploads\/2024\/07\/47178367_317322115661289_143956003702964224_n-e1543863670541.svg","width":1,"height":1,"caption":"Lisa Kroeber Jewellery"},"image":{"@id":"https:\/\/lisakroeber.com\/#\/schema\/logo\/image\/"}}]}},"_links":{"self":[{"href":"https:\/\/lisakroeber.com\/et\/wp-json\/wp\/v2\/product\/26455","targetHints":{"allow":["GET"]}}],"collection":[{"href":"https:\/\/lisakroeber.com\/et\/wp-json\/wp\/v2\/product"}],"about":[{"href":"https:\/\/lisakroeber.com\/et\/wp-json\/wp\/v2\/types\/product"}],"wp:featuredmedia":[{"embeddable":true,"href":"https:\/\/lisakroeber.com\/et\/wp-json\/wp\/v2\/media\/27267"}],"wp:attachment":[{"href":"https:\/\/lisakroeber.com\/et\/wp-json\/wp\/v2\/media?parent=26455"}],"wp:term":[{"taxonomy":"product_brand","embeddable":true,"href":"https:\/\/lisakroeber.com\/et\/wp-json\/wp\/v2\/product_brand?post=26455"},{"taxonomy":"product_cat","embeddable":true,"href":"https:\/\/lisakroeber.com\/et\/wp-json\/wp\/v2\/product_cat?post=26455"},{"taxonomy":"product_tag","embeddable":true,"href":"https:\/\/lisakroeber.com\/et\/wp-json\/wp\/v2\/product_tag?post=26455"}],"curies":[{"name":"wp","href":"https:\/\/api.w.org\/{rel}","templated":true}]}}