{"id":26930,"date":"2023-11-30T10:29:46","date_gmt":"2023-11-30T08:29:46","guid":{"rendered":"https:\/\/lisakroeber.com\/uus\/?post_type=product&#038;p=26930"},"modified":"2026-03-16T17:14:36","modified_gmt":"2026-03-16T15:14:36","slug":"korvarongad-sparkling-loops-copy","status":"publish","type":"product","link":"https:\/\/lisakroeber.com\/et\/toode\/korvarongad-sparkling-loops-copy\/","title":{"rendered":"K\u00e4ev\u00f5ru Folded SPARKLING"},"content":{"rendered":"","protected":false},"excerpt":{"rendered":"<p><b>Sparkling Folded K\u00e4ev\u00f5ru<\/b><b><br \/>\n<\/b><span style=\"font-weight: 400;\"> Puhas. Moodne. S\u00e4rav.<\/span><\/p>\n<p><span style=\"font-weight: 400;\"><i><span style=\"font-weight: 400;\">Sparkling Folded k\u00e4ev\u00f5ru <\/span><\/i><\/span><span style=\"font-weight: 400;\"> toob meie ikoonilisse Folded disaini \u00f5rna s\u00e4ra. Kerge ja veidi painduv, seda on lihtne k\u00e4ele panna ning see on mugav kanda kogu p\u00e4eva. Puhas geomeetriline vorm peegeldab Folded seeria iseloomulikku disainikeelt, samal ajal kui s\u00e4delev viimistlus lisab elegantse ja v\u00e4ljendusrikka aktsendi.  <\/span><\/p>\n<p>Sobib suurep\u00e4raselt kombineerimiseks Folded k\u00f5rvar\u00f5ngaste, kaelakeede v\u00f5i prossidega \u2014 ning on sama m\u00f5jus ka eraldi statement-ehteks.<\/p>\n<p><span style=\"font-weight: 400;\">J\u00e4rgi linki, et avastada <a href=\"https:\/\/lisakroeber.com\/et\/toode\/kaevoru-folded\/\">Folded k\u00e4ev\u00f5ru teisi v\u00e4rve.<\/a><\/span><\/p>\n","protected":false},"featured_media":26980,"template":"","meta":{"content-type":""},"product_brand":[],"product_cat":[446,336,1074],"product_tag":[],"class_list":{"0":"post-26930","1":"product","2":"type-product","3":"status-publish","4":"has-post-thumbnail","6":"product_cat-folded-et","7":"product_cat-kaevorud","8":"product_cat-sparkling","10":"first","11":"instock","12":"taxable","13":"shipping-taxable","14":"purchasable","15":"product-type-variable"},"yoast_head":"<!-- This site is optimized with the Yoast SEO plugin v27.4 - https:\/\/yoast.com\/product\/yoast-seo-wordpress\/ -->\n<title>K\u00e4ev\u00f5ru Folded SPARKLING - Lisa Kroeber Jewellery Art<\/title>\n<meta name=\"robots\" content=\"index, follow, max-snippet:-1, max-image-preview:large, max-video-preview:-1\" \/>\n<link rel=\"canonical\" href=\"https:\/\/lisakroeber.com\/et\/toode\/korvarongad-sparkling-loops-copy\/\" \/>\n<meta property=\"og:locale\" content=\"et_EE\" \/>\n<meta property=\"og:type\" content=\"article\" \/>\n<meta property=\"og:title\" content=\"K\u00e4ev\u00f5ru Folded SPARKLING - Lisa Kroeber Jewellery Art\" \/>\n<meta property=\"og:description\" content=\"Sparkling Folded K\u00e4ev\u00f5ru Puhas. Moodne. S\u00e4rav. Sparkling Folded k\u00e4ev\u00f5ru toob meie ikoonilisse Folded disaini \u00f5rna s\u00e4ra. Kerge ja veidi painduv, seda on lihtne k\u00e4ele panna ning see on mugav kanda kogu p\u00e4eva. Puhas geomeetriline vorm peegeldab Folded seeria iseloomulikku disainikeelt, samal ajal kui s\u00e4delev viimistlus lisab elegantse ja v\u00e4ljendusrikka aktsendi.  Sobib suurep\u00e4raselt kombineerimiseks Folded k\u00f5rvar\u00f5ngaste, kaelakeede v\u00f5i prossidega \u2014 ning on sama m\u00f5jus ka eraldi statement-ehteks. J\u00e4rgi linki, et avastada Folded k\u00e4ev\u00f5ru teisi v\u00e4rve.\" \/>\n<meta property=\"og:url\" content=\"https:\/\/lisakroeber.com\/et\/toode\/korvarongad-sparkling-loops-copy\/\" \/>\n<meta property=\"og:site_name\" content=\"Lisa Kroeber Jewellery Art\" \/>\n<meta property=\"article:modified_time\" content=\"2026-03-16T15:14:36+00:00\" \/>\n<meta property=\"og:image\" content=\"https:\/\/lisakroeber.com\/wp-content\/uploads\/2023\/11\/FB6005Sveeb.jpg\" \/>\n\t<meta property=\"og:image:width\" content=\"1632\" \/>\n\t<meta property=\"og:image:height\" content=\"1632\" \/>\n\t<meta property=\"og:image:type\" content=\"image\/jpeg\" \/>\n<meta name=\"twitter:card\" content=\"summary_large_image\" \/>\n<meta name=\"twitter:label1\" content=\"Est. reading time\" \/>\n\t<meta name=\"twitter:data1\" content=\"1 minut\" \/>\n<script type=\"application\/ld+json\" class=\"yoast-schema-graph\">{\"@context\":\"https:\\\/\\\/schema.org\",\"@graph\":[{\"@type\":\"WebPage\",\"@id\":\"https:\\\/\\\/lisakroeber.com\\\/et\\\/toode\\\/korvarongad-sparkling-loops-copy\\\/\",\"url\":\"https:\\\/\\\/lisakroeber.com\\\/et\\\/toode\\\/korvarongad-sparkling-loops-copy\\\/\",\"name\":\"K\u00e4ev\u00f5ru Folded SPARKLING - Lisa Kroeber Jewellery Art\",\"isPartOf\":{\"@id\":\"https:\\\/\\\/lisakroeber.com\\\/#website\"},\"primaryImageOfPage\":{\"@id\":\"https:\\\/\\\/lisakroeber.com\\\/et\\\/toode\\\/korvarongad-sparkling-loops-copy\\\/#primaryimage\"},\"image\":{\"@id\":\"https:\\\/\\\/lisakroeber.com\\\/et\\\/toode\\\/korvarongad-sparkling-loops-copy\\\/#primaryimage\"},\"thumbnailUrl\":\"https:\\\/\\\/lisakroeber.com\\\/wp-content\\\/uploads\\\/2023\\\/11\\\/FB6005Sveeb.jpg\",\"datePublished\":\"2023-11-30T08:29:46+00:00\",\"dateModified\":\"2026-03-16T15:14:36+00:00\",\"breadcrumb\":{\"@id\":\"https:\\\/\\\/lisakroeber.com\\\/et\\\/toode\\\/korvarongad-sparkling-loops-copy\\\/#breadcrumb\"},\"inLanguage\":\"et\",\"potentialAction\":[{\"@type\":\"ReadAction\",\"target\":[\"https:\\\/\\\/lisakroeber.com\\\/et\\\/toode\\\/korvarongad-sparkling-loops-copy\\\/\"]}]},{\"@type\":\"ImageObject\",\"inLanguage\":\"et\",\"@id\":\"https:\\\/\\\/lisakroeber.com\\\/et\\\/toode\\\/korvarongad-sparkling-loops-copy\\\/#primaryimage\",\"url\":\"https:\\\/\\\/lisakroeber.com\\\/wp-content\\\/uploads\\\/2023\\\/11\\\/FB6005Sveeb.jpg\",\"contentUrl\":\"https:\\\/\\\/lisakroeber.com\\\/wp-content\\\/uploads\\\/2023\\\/11\\\/FB6005Sveeb.jpg\",\"width\":1632,\"height\":1632},{\"@type\":\"BreadcrumbList\",\"@id\":\"https:\\\/\\\/lisakroeber.com\\\/et\\\/toode\\\/korvarongad-sparkling-loops-copy\\\/#breadcrumb\",\"itemListElement\":[{\"@type\":\"ListItem\",\"position\":1,\"name\":\"Home\",\"item\":\"https:\\\/\\\/lisakroeber.com\\\/et\\\/\"},{\"@type\":\"ListItem\",\"position\":2,\"name\":\"Pood\",\"item\":\"https:\\\/\\\/lisakroeber.com\\\/et\\\/pood\\\/\"},{\"@type\":\"ListItem\",\"position\":3,\"name\":\"K\u00e4ev\u00f5ru Folded SPARKLING\"}]},{\"@type\":\"WebSite\",\"@id\":\"https:\\\/\\\/lisakroeber.com\\\/#website\",\"url\":\"https:\\\/\\\/lisakroeber.com\\\/\",\"name\":\"Lisa Kroeber Jewellery Art\",\"description\":\"Lisa Kroeber Jewellery Art e-shop\",\"publisher\":{\"@id\":\"https:\\\/\\\/lisakroeber.com\\\/#organization\"},\"potentialAction\":[{\"@type\":\"SearchAction\",\"target\":{\"@type\":\"EntryPoint\",\"urlTemplate\":\"https:\\\/\\\/lisakroeber.com\\\/?s={search_term_string}\"},\"query-input\":{\"@type\":\"PropertyValueSpecification\",\"valueRequired\":true,\"valueName\":\"search_term_string\"}}],\"inLanguage\":\"et\"},{\"@type\":\"Organization\",\"@id\":\"https:\\\/\\\/lisakroeber.com\\\/#organization\",\"name\":\"Lisa Kroeber Jewellery\",\"url\":\"https:\\\/\\\/lisakroeber.com\\\/\",\"logo\":{\"@type\":\"ImageObject\",\"inLanguage\":\"et\",\"@id\":\"https:\\\/\\\/lisakroeber.com\\\/#\\\/schema\\\/logo\\\/image\\\/\",\"url\":\"https:\\\/\\\/lisakroeber.com\\\/wp-content\\\/uploads\\\/2024\\\/07\\\/47178367_317322115661289_143956003702964224_n-e1543863670541.svg\",\"contentUrl\":\"https:\\\/\\\/lisakroeber.com\\\/wp-content\\\/uploads\\\/2024\\\/07\\\/47178367_317322115661289_143956003702964224_n-e1543863670541.svg\",\"width\":1,\"height\":1,\"caption\":\"Lisa Kroeber Jewellery\"},\"image\":{\"@id\":\"https:\\\/\\\/lisakroeber.com\\\/#\\\/schema\\\/logo\\\/image\\\/\"}}]}<\/script>\n<!-- \/ Yoast SEO plugin. -->","yoast_head_json":{"title":"K\u00e4ev\u00f5ru Folded SPARKLING - Lisa Kroeber Jewellery Art","robots":{"index":"index","follow":"follow","max-snippet":"max-snippet:-1","max-image-preview":"max-image-preview:large","max-video-preview":"max-video-preview:-1"},"canonical":"https:\/\/lisakroeber.com\/et\/toode\/korvarongad-sparkling-loops-copy\/","og_locale":"et_EE","og_type":"article","og_title":"K\u00e4ev\u00f5ru Folded SPARKLING - Lisa Kroeber Jewellery Art","og_description":"Sparkling Folded K\u00e4ev\u00f5ru Puhas. Moodne. S\u00e4rav. Sparkling Folded k\u00e4ev\u00f5ru toob meie ikoonilisse Folded disaini \u00f5rna s\u00e4ra. Kerge ja veidi painduv, seda on lihtne k\u00e4ele panna ning see on mugav kanda kogu p\u00e4eva. Puhas geomeetriline vorm peegeldab Folded seeria iseloomulikku disainikeelt, samal ajal kui s\u00e4delev viimistlus lisab elegantse ja v\u00e4ljendusrikka aktsendi.  Sobib suurep\u00e4raselt kombineerimiseks Folded k\u00f5rvar\u00f5ngaste, kaelakeede v\u00f5i prossidega \u2014 ning on sama m\u00f5jus ka eraldi statement-ehteks. J\u00e4rgi linki, et avastada Folded k\u00e4ev\u00f5ru teisi v\u00e4rve.","og_url":"https:\/\/lisakroeber.com\/et\/toode\/korvarongad-sparkling-loops-copy\/","og_site_name":"Lisa Kroeber Jewellery Art","article_modified_time":"2026-03-16T15:14:36+00:00","og_image":[{"width":1632,"height":1632,"url":"https:\/\/lisakroeber.com\/wp-content\/uploads\/2023\/11\/FB6005Sveeb.jpg","type":"image\/jpeg"}],"twitter_card":"summary_large_image","twitter_misc":{"Est. reading time":"1 minut"},"schema":{"@context":"https:\/\/schema.org","@graph":[{"@type":"WebPage","@id":"https:\/\/lisakroeber.com\/et\/toode\/korvarongad-sparkling-loops-copy\/","url":"https:\/\/lisakroeber.com\/et\/toode\/korvarongad-sparkling-loops-copy\/","name":"K\u00e4ev\u00f5ru Folded SPARKLING - Lisa Kroeber Jewellery Art","isPartOf":{"@id":"https:\/\/lisakroeber.com\/#website"},"primaryImageOfPage":{"@id":"https:\/\/lisakroeber.com\/et\/toode\/korvarongad-sparkling-loops-copy\/#primaryimage"},"image":{"@id":"https:\/\/lisakroeber.com\/et\/toode\/korvarongad-sparkling-loops-copy\/#primaryimage"},"thumbnailUrl":"https:\/\/lisakroeber.com\/wp-content\/uploads\/2023\/11\/FB6005Sveeb.jpg","datePublished":"2023-11-30T08:29:46+00:00","dateModified":"2026-03-16T15:14:36+00:00","breadcrumb":{"@id":"https:\/\/lisakroeber.com\/et\/toode\/korvarongad-sparkling-loops-copy\/#breadcrumb"},"inLanguage":"et","potentialAction":[{"@type":"ReadAction","target":["https:\/\/lisakroeber.com\/et\/toode\/korvarongad-sparkling-loops-copy\/"]}]},{"@type":"ImageObject","inLanguage":"et","@id":"https:\/\/lisakroeber.com\/et\/toode\/korvarongad-sparkling-loops-copy\/#primaryimage","url":"https:\/\/lisakroeber.com\/wp-content\/uploads\/2023\/11\/FB6005Sveeb.jpg","contentUrl":"https:\/\/lisakroeber.com\/wp-content\/uploads\/2023\/11\/FB6005Sveeb.jpg","width":1632,"height":1632},{"@type":"BreadcrumbList","@id":"https:\/\/lisakroeber.com\/et\/toode\/korvarongad-sparkling-loops-copy\/#breadcrumb","itemListElement":[{"@type":"ListItem","position":1,"name":"Home","item":"https:\/\/lisakroeber.com\/et\/"},{"@type":"ListItem","position":2,"name":"Pood","item":"https:\/\/lisakroeber.com\/et\/pood\/"},{"@type":"ListItem","position":3,"name":"K\u00e4ev\u00f5ru Folded SPARKLING"}]},{"@type":"WebSite","@id":"https:\/\/lisakroeber.com\/#website","url":"https:\/\/lisakroeber.com\/","name":"Lisa Kroeber Jewellery Art","description":"Lisa Kroeber Jewellery Art e-shop","publisher":{"@id":"https:\/\/lisakroeber.com\/#organization"},"potentialAction":[{"@type":"SearchAction","target":{"@type":"EntryPoint","urlTemplate":"https:\/\/lisakroeber.com\/?s={search_term_string}"},"query-input":{"@type":"PropertyValueSpecification","valueRequired":true,"valueName":"search_term_string"}}],"inLanguage":"et"},{"@type":"Organization","@id":"https:\/\/lisakroeber.com\/#organization","name":"Lisa Kroeber Jewellery","url":"https:\/\/lisakroeber.com\/","logo":{"@type":"ImageObject","inLanguage":"et","@id":"https:\/\/lisakroeber.com\/#\/schema\/logo\/image\/","url":"https:\/\/lisakroeber.com\/wp-content\/uploads\/2024\/07\/47178367_317322115661289_143956003702964224_n-e1543863670541.svg","contentUrl":"https:\/\/lisakroeber.com\/wp-content\/uploads\/2024\/07\/47178367_317322115661289_143956003702964224_n-e1543863670541.svg","width":1,"height":1,"caption":"Lisa Kroeber Jewellery"},"image":{"@id":"https:\/\/lisakroeber.com\/#\/schema\/logo\/image\/"}}]}},"_links":{"self":[{"href":"https:\/\/lisakroeber.com\/et\/wp-json\/wp\/v2\/product\/26930","targetHints":{"allow":["GET"]}}],"collection":[{"href":"https:\/\/lisakroeber.com\/et\/wp-json\/wp\/v2\/product"}],"about":[{"href":"https:\/\/lisakroeber.com\/et\/wp-json\/wp\/v2\/types\/product"}],"wp:featuredmedia":[{"embeddable":true,"href":"https:\/\/lisakroeber.com\/et\/wp-json\/wp\/v2\/media\/26980"}],"wp:attachment":[{"href":"https:\/\/lisakroeber.com\/et\/wp-json\/wp\/v2\/media?parent=26930"}],"wp:term":[{"taxonomy":"product_brand","embeddable":true,"href":"https:\/\/lisakroeber.com\/et\/wp-json\/wp\/v2\/product_brand?post=26930"},{"taxonomy":"product_cat","embeddable":true,"href":"https:\/\/lisakroeber.com\/et\/wp-json\/wp\/v2\/product_cat?post=26930"},{"taxonomy":"product_tag","embeddable":true,"href":"https:\/\/lisakroeber.com\/et\/wp-json\/wp\/v2\/product_tag?post=26930"}],"curies":[{"name":"wp","href":"https:\/\/api.w.org\/{rel}","templated":true}]}}