{"id":27182,"date":"2023-11-30T22:12:08","date_gmt":"2023-11-30T20:12:08","guid":{"rendered":"https:\/\/lisakroeber.com\/uus\/?post_type=product&#038;p=27182"},"modified":"2026-03-17T13:27:42","modified_gmt":"2026-03-17T11:27:42","slug":"korvarongad-sparkling-loops-copy-3","status":"publish","type":"product","link":"https:\/\/lisakroeber.com\/et\/toode\/korvarongad-sparkling-loops-copy-3\/","title":{"rendered":"K\u00f5rvar\u00f5ngad Folded Wide SPARKLING"},"content":{"rendered":"","protected":false},"excerpt":{"rendered":"<p><b>Sparkling Folded Wide K\u00f5rvar\u00f5ngad<\/b><b><br \/>\n<\/b><span style=\"font-weight: 400;\"> Julge. S\u00e4rav. Arhitektuurne.<\/span><\/p>\n<p><span style=\"font-weight: 400;\"> <\/span><i><span style=\"font-weight: 400;\">Sparkling Folded Wide<\/span><\/i><span style=\"font-weight: 400;\"> K\u00f5rvar\u00f5ngad toovad meie ikoonilisse Folded disaini s\u00e4deleva viimistluse. Nende lai, skulpturaalne vorm ja selged geomeetrilised voldid loovad tugeva s\u00fcgavuse ja struktuuri tunde, samal ajal kui s\u00e4delev pind p\u00fc\u00fcab kaunilt valgust. <\/span><\/p>\n<p><span style=\"font-weight: 400;\">Vaatamata oma julgele v\u00e4limusele on need k\u00f5rvar\u00f5ngad kerged ja mugavad kanda \u2014 enesekindel statement-ese, mis \u00fchendab arhitektuurse selguse ja peene s\u00e4ra.<\/span><\/p>\n<p><span style=\"font-weight: 400;\">J\u00e4rgi linki, et avastada <a href=\"https:\/\/lisakroeber.com\/et\/toode\/earrings-folded\/\">Folded Wide k\u00f5rvar\u00f5ngaste teisi v\u00e4rve.<\/a><\/span><\/p>\n","protected":false},"featured_media":27219,"template":"","meta":{"content-type":""},"product_brand":[],"product_cat":[446,342,1074],"product_tag":[],"class_list":{"0":"post-27182","1":"product","2":"type-product","3":"status-publish","4":"has-post-thumbnail","6":"product_cat-folded-et","7":"product_cat-korvarongad","8":"product_cat-sparkling","10":"first","11":"instock","12":"taxable","13":"shipping-taxable","14":"purchasable","15":"product-type-variable"},"yoast_head":"<!-- This site is optimized with the Yoast SEO plugin v27.4 - https:\/\/yoast.com\/product\/yoast-seo-wordpress\/ -->\n<title>K\u00f5rvar\u00f5ngad Folded Wide SPARKLING - Lisa Kroeber Jewellery Art<\/title>\n<meta name=\"robots\" content=\"index, follow, max-snippet:-1, max-image-preview:large, max-video-preview:-1\" \/>\n<link rel=\"canonical\" href=\"https:\/\/lisakroeber.com\/et\/toode\/korvarongad-sparkling-loops-copy-3\/\" \/>\n<meta property=\"og:locale\" content=\"et_EE\" \/>\n<meta property=\"og:type\" content=\"article\" \/>\n<meta property=\"og:title\" content=\"K\u00f5rvar\u00f5ngad Folded Wide SPARKLING - Lisa Kroeber Jewellery Art\" \/>\n<meta property=\"og:description\" content=\"Sparkling Folded Wide K\u00f5rvar\u00f5ngad Julge. S\u00e4rav. Arhitektuurne.  Sparkling Folded Wide K\u00f5rvar\u00f5ngad toovad meie ikoonilisse Folded disaini s\u00e4deleva viimistluse. Nende lai, skulpturaalne vorm ja selged geomeetrilised voldid loovad tugeva s\u00fcgavuse ja struktuuri tunde, samal ajal kui s\u00e4delev pind p\u00fc\u00fcab kaunilt valgust.  Vaatamata oma julgele v\u00e4limusele on need k\u00f5rvar\u00f5ngad kerged ja mugavad kanda \u2014 enesekindel statement-ese, mis \u00fchendab arhitektuurse selguse ja peene s\u00e4ra. J\u00e4rgi linki, et avastada Folded Wide k\u00f5rvar\u00f5ngaste teisi v\u00e4rve.\" \/>\n<meta property=\"og:url\" content=\"https:\/\/lisakroeber.com\/et\/toode\/korvarongad-sparkling-loops-copy-3\/\" \/>\n<meta property=\"og:site_name\" content=\"Lisa Kroeber Jewellery Art\" \/>\n<meta property=\"article:modified_time\" content=\"2026-03-17T11:27:42+00:00\" \/>\n<meta property=\"og:image\" content=\"https:\/\/lisakroeber.com\/wp-content\/uploads\/2023\/11\/FW3004S-1.jpg\" \/>\n\t<meta property=\"og:image:width\" content=\"2560\" \/>\n\t<meta property=\"og:image:height\" content=\"1710\" \/>\n\t<meta property=\"og:image:type\" content=\"image\/jpeg\" \/>\n<meta name=\"twitter:card\" content=\"summary_large_image\" \/>\n<meta name=\"twitter:label1\" content=\"Est. reading time\" \/>\n\t<meta name=\"twitter:data1\" content=\"1 minut\" \/>\n<script type=\"application\/ld+json\" class=\"yoast-schema-graph\">{\"@context\":\"https:\\\/\\\/schema.org\",\"@graph\":[{\"@type\":\"WebPage\",\"@id\":\"https:\\\/\\\/lisakroeber.com\\\/et\\\/toode\\\/korvarongad-sparkling-loops-copy-3\\\/\",\"url\":\"https:\\\/\\\/lisakroeber.com\\\/et\\\/toode\\\/korvarongad-sparkling-loops-copy-3\\\/\",\"name\":\"K\u00f5rvar\u00f5ngad Folded Wide SPARKLING - Lisa Kroeber Jewellery Art\",\"isPartOf\":{\"@id\":\"https:\\\/\\\/lisakroeber.com\\\/#website\"},\"primaryImageOfPage\":{\"@id\":\"https:\\\/\\\/lisakroeber.com\\\/et\\\/toode\\\/korvarongad-sparkling-loops-copy-3\\\/#primaryimage\"},\"image\":{\"@id\":\"https:\\\/\\\/lisakroeber.com\\\/et\\\/toode\\\/korvarongad-sparkling-loops-copy-3\\\/#primaryimage\"},\"thumbnailUrl\":\"https:\\\/\\\/lisakroeber.com\\\/wp-content\\\/uploads\\\/2023\\\/11\\\/FW3004S-1.jpg\",\"datePublished\":\"2023-11-30T20:12:08+00:00\",\"dateModified\":\"2026-03-17T11:27:42+00:00\",\"breadcrumb\":{\"@id\":\"https:\\\/\\\/lisakroeber.com\\\/et\\\/toode\\\/korvarongad-sparkling-loops-copy-3\\\/#breadcrumb\"},\"inLanguage\":\"et\",\"potentialAction\":[{\"@type\":\"ReadAction\",\"target\":[\"https:\\\/\\\/lisakroeber.com\\\/et\\\/toode\\\/korvarongad-sparkling-loops-copy-3\\\/\"]}]},{\"@type\":\"ImageObject\",\"inLanguage\":\"et\",\"@id\":\"https:\\\/\\\/lisakroeber.com\\\/et\\\/toode\\\/korvarongad-sparkling-loops-copy-3\\\/#primaryimage\",\"url\":\"https:\\\/\\\/lisakroeber.com\\\/wp-content\\\/uploads\\\/2023\\\/11\\\/FW3004S-1.jpg\",\"contentUrl\":\"https:\\\/\\\/lisakroeber.com\\\/wp-content\\\/uploads\\\/2023\\\/11\\\/FW3004S-1.jpg\",\"width\":2560,\"height\":1710},{\"@type\":\"BreadcrumbList\",\"@id\":\"https:\\\/\\\/lisakroeber.com\\\/et\\\/toode\\\/korvarongad-sparkling-loops-copy-3\\\/#breadcrumb\",\"itemListElement\":[{\"@type\":\"ListItem\",\"position\":1,\"name\":\"Home\",\"item\":\"https:\\\/\\\/lisakroeber.com\\\/et\\\/\"},{\"@type\":\"ListItem\",\"position\":2,\"name\":\"Pood\",\"item\":\"https:\\\/\\\/lisakroeber.com\\\/et\\\/pood\\\/\"},{\"@type\":\"ListItem\",\"position\":3,\"name\":\"K\u00f5rvar\u00f5ngad Folded Wide SPARKLING\"}]},{\"@type\":\"WebSite\",\"@id\":\"https:\\\/\\\/lisakroeber.com\\\/#website\",\"url\":\"https:\\\/\\\/lisakroeber.com\\\/\",\"name\":\"Lisa Kroeber Jewellery Art\",\"description\":\"Lisa Kroeber Jewellery Art e-shop\",\"publisher\":{\"@id\":\"https:\\\/\\\/lisakroeber.com\\\/#organization\"},\"potentialAction\":[{\"@type\":\"SearchAction\",\"target\":{\"@type\":\"EntryPoint\",\"urlTemplate\":\"https:\\\/\\\/lisakroeber.com\\\/?s={search_term_string}\"},\"query-input\":{\"@type\":\"PropertyValueSpecification\",\"valueRequired\":true,\"valueName\":\"search_term_string\"}}],\"inLanguage\":\"et\"},{\"@type\":\"Organization\",\"@id\":\"https:\\\/\\\/lisakroeber.com\\\/#organization\",\"name\":\"Lisa Kroeber Jewellery\",\"url\":\"https:\\\/\\\/lisakroeber.com\\\/\",\"logo\":{\"@type\":\"ImageObject\",\"inLanguage\":\"et\",\"@id\":\"https:\\\/\\\/lisakroeber.com\\\/#\\\/schema\\\/logo\\\/image\\\/\",\"url\":\"https:\\\/\\\/lisakroeber.com\\\/wp-content\\\/uploads\\\/2024\\\/07\\\/47178367_317322115661289_143956003702964224_n-e1543863670541.svg\",\"contentUrl\":\"https:\\\/\\\/lisakroeber.com\\\/wp-content\\\/uploads\\\/2024\\\/07\\\/47178367_317322115661289_143956003702964224_n-e1543863670541.svg\",\"width\":1,\"height\":1,\"caption\":\"Lisa Kroeber Jewellery\"},\"image\":{\"@id\":\"https:\\\/\\\/lisakroeber.com\\\/#\\\/schema\\\/logo\\\/image\\\/\"}}]}<\/script>\n<!-- \/ Yoast SEO plugin. -->","yoast_head_json":{"title":"K\u00f5rvar\u00f5ngad Folded Wide SPARKLING - Lisa Kroeber Jewellery Art","robots":{"index":"index","follow":"follow","max-snippet":"max-snippet:-1","max-image-preview":"max-image-preview:large","max-video-preview":"max-video-preview:-1"},"canonical":"https:\/\/lisakroeber.com\/et\/toode\/korvarongad-sparkling-loops-copy-3\/","og_locale":"et_EE","og_type":"article","og_title":"K\u00f5rvar\u00f5ngad Folded Wide SPARKLING - Lisa Kroeber Jewellery Art","og_description":"Sparkling Folded Wide K\u00f5rvar\u00f5ngad Julge. S\u00e4rav. Arhitektuurne.  Sparkling Folded Wide K\u00f5rvar\u00f5ngad toovad meie ikoonilisse Folded disaini s\u00e4deleva viimistluse. Nende lai, skulpturaalne vorm ja selged geomeetrilised voldid loovad tugeva s\u00fcgavuse ja struktuuri tunde, samal ajal kui s\u00e4delev pind p\u00fc\u00fcab kaunilt valgust.  Vaatamata oma julgele v\u00e4limusele on need k\u00f5rvar\u00f5ngad kerged ja mugavad kanda \u2014 enesekindel statement-ese, mis \u00fchendab arhitektuurse selguse ja peene s\u00e4ra. J\u00e4rgi linki, et avastada Folded Wide k\u00f5rvar\u00f5ngaste teisi v\u00e4rve.","og_url":"https:\/\/lisakroeber.com\/et\/toode\/korvarongad-sparkling-loops-copy-3\/","og_site_name":"Lisa Kroeber Jewellery Art","article_modified_time":"2026-03-17T11:27:42+00:00","og_image":[{"width":2560,"height":1710,"url":"https:\/\/lisakroeber.com\/wp-content\/uploads\/2023\/11\/FW3004S-1.jpg","type":"image\/jpeg"}],"twitter_card":"summary_large_image","twitter_misc":{"Est. reading time":"1 minut"},"schema":{"@context":"https:\/\/schema.org","@graph":[{"@type":"WebPage","@id":"https:\/\/lisakroeber.com\/et\/toode\/korvarongad-sparkling-loops-copy-3\/","url":"https:\/\/lisakroeber.com\/et\/toode\/korvarongad-sparkling-loops-copy-3\/","name":"K\u00f5rvar\u00f5ngad Folded Wide SPARKLING - Lisa Kroeber Jewellery Art","isPartOf":{"@id":"https:\/\/lisakroeber.com\/#website"},"primaryImageOfPage":{"@id":"https:\/\/lisakroeber.com\/et\/toode\/korvarongad-sparkling-loops-copy-3\/#primaryimage"},"image":{"@id":"https:\/\/lisakroeber.com\/et\/toode\/korvarongad-sparkling-loops-copy-3\/#primaryimage"},"thumbnailUrl":"https:\/\/lisakroeber.com\/wp-content\/uploads\/2023\/11\/FW3004S-1.jpg","datePublished":"2023-11-30T20:12:08+00:00","dateModified":"2026-03-17T11:27:42+00:00","breadcrumb":{"@id":"https:\/\/lisakroeber.com\/et\/toode\/korvarongad-sparkling-loops-copy-3\/#breadcrumb"},"inLanguage":"et","potentialAction":[{"@type":"ReadAction","target":["https:\/\/lisakroeber.com\/et\/toode\/korvarongad-sparkling-loops-copy-3\/"]}]},{"@type":"ImageObject","inLanguage":"et","@id":"https:\/\/lisakroeber.com\/et\/toode\/korvarongad-sparkling-loops-copy-3\/#primaryimage","url":"https:\/\/lisakroeber.com\/wp-content\/uploads\/2023\/11\/FW3004S-1.jpg","contentUrl":"https:\/\/lisakroeber.com\/wp-content\/uploads\/2023\/11\/FW3004S-1.jpg","width":2560,"height":1710},{"@type":"BreadcrumbList","@id":"https:\/\/lisakroeber.com\/et\/toode\/korvarongad-sparkling-loops-copy-3\/#breadcrumb","itemListElement":[{"@type":"ListItem","position":1,"name":"Home","item":"https:\/\/lisakroeber.com\/et\/"},{"@type":"ListItem","position":2,"name":"Pood","item":"https:\/\/lisakroeber.com\/et\/pood\/"},{"@type":"ListItem","position":3,"name":"K\u00f5rvar\u00f5ngad Folded Wide SPARKLING"}]},{"@type":"WebSite","@id":"https:\/\/lisakroeber.com\/#website","url":"https:\/\/lisakroeber.com\/","name":"Lisa Kroeber Jewellery Art","description":"Lisa Kroeber Jewellery Art e-shop","publisher":{"@id":"https:\/\/lisakroeber.com\/#organization"},"potentialAction":[{"@type":"SearchAction","target":{"@type":"EntryPoint","urlTemplate":"https:\/\/lisakroeber.com\/?s={search_term_string}"},"query-input":{"@type":"PropertyValueSpecification","valueRequired":true,"valueName":"search_term_string"}}],"inLanguage":"et"},{"@type":"Organization","@id":"https:\/\/lisakroeber.com\/#organization","name":"Lisa Kroeber Jewellery","url":"https:\/\/lisakroeber.com\/","logo":{"@type":"ImageObject","inLanguage":"et","@id":"https:\/\/lisakroeber.com\/#\/schema\/logo\/image\/","url":"https:\/\/lisakroeber.com\/wp-content\/uploads\/2024\/07\/47178367_317322115661289_143956003702964224_n-e1543863670541.svg","contentUrl":"https:\/\/lisakroeber.com\/wp-content\/uploads\/2024\/07\/47178367_317322115661289_143956003702964224_n-e1543863670541.svg","width":1,"height":1,"caption":"Lisa Kroeber Jewellery"},"image":{"@id":"https:\/\/lisakroeber.com\/#\/schema\/logo\/image\/"}}]}},"_links":{"self":[{"href":"https:\/\/lisakroeber.com\/et\/wp-json\/wp\/v2\/product\/27182","targetHints":{"allow":["GET"]}}],"collection":[{"href":"https:\/\/lisakroeber.com\/et\/wp-json\/wp\/v2\/product"}],"about":[{"href":"https:\/\/lisakroeber.com\/et\/wp-json\/wp\/v2\/types\/product"}],"wp:featuredmedia":[{"embeddable":true,"href":"https:\/\/lisakroeber.com\/et\/wp-json\/wp\/v2\/media\/27219"}],"wp:attachment":[{"href":"https:\/\/lisakroeber.com\/et\/wp-json\/wp\/v2\/media?parent=27182"}],"wp:term":[{"taxonomy":"product_brand","embeddable":true,"href":"https:\/\/lisakroeber.com\/et\/wp-json\/wp\/v2\/product_brand?post=27182"},{"taxonomy":"product_cat","embeddable":true,"href":"https:\/\/lisakroeber.com\/et\/wp-json\/wp\/v2\/product_cat?post=27182"},{"taxonomy":"product_tag","embeddable":true,"href":"https:\/\/lisakroeber.com\/et\/wp-json\/wp\/v2\/product_tag?post=27182"}],"curies":[{"name":"wp","href":"https:\/\/api.w.org\/{rel}","templated":true}]}}