{"id":27296,"date":"2023-12-01T20:32:55","date_gmt":"2023-12-01T18:32:55","guid":{"rendered":"https:\/\/lisakroeber.com\/uus\/?post_type=product&#038;p=27296"},"modified":"2026-03-17T13:08:12","modified_gmt":"2026-03-17T11:08:12","slug":"korvarongad-sparkling-minis-copy","status":"publish","type":"product","link":"https:\/\/lisakroeber.com\/et\/toode\/korvarongad-sparkling-minis-copy\/","title":{"rendered":"K\u00f5rvar\u00f5ngad SPARKLING Loops"},"content":{"rendered":"","protected":false},"excerpt":{"rendered":"<p><b>Sparkling Loops k\u00f5rvar\u00f5ngad<\/b><b><br \/>\n<\/b><span style=\"font-weight: 400;\"> Kerged. Orgaanilised. S\u00e4ravad.  <\/span><\/p>\n<p><span style=\"font-weight: 400;\"><i><span style=\"font-weight: 400;\">Sparkling Loops<\/span><\/i><\/span><span style=\"font-weight: 400;\"> k\u00f5rvar\u00f5ngaid iseloomustab orgaaniline ja \u00f5huline vorm, mis on inspireeritud v\u00e4rvilistest lillelehtedest \u2014 lihtsustatud kujul, kuid s\u00e4ilitades kerguse ja \u00f5rnuse. S\u00e4rav viimistlus p\u00fc\u00fcab kaunilt valgust, olles samal ajal sulgkerge ja mugav kanda. Piiratud koguses loodud kollektsioon, mis lisab igap\u00e4evasesse stiili peent s\u00e4ra ja r\u00f5\u00f5mu.  <\/span><\/p>\n<p><a href=\"https:\/\/lisakroeber.com\/de\/produkt\/earrings-loops\/\"><span style=\"font-weight: 400;\">J\u00e4lgi linki, et avastada Loops k\u00f5rvar\u00f5ngaste teisi v\u00e4rve.<\/span><\/a><\/p>\n","protected":false},"featured_media":27678,"template":"","meta":{"content-type":""},"product_brand":[],"product_cat":[342,340,436,1074],"product_tag":[],"class_list":{"0":"post-27296","1":"product","2":"type-product","3":"status-publish","4":"has-post-thumbnail","6":"product_cat-korvarongad","7":"product_cat-kollektsioonid","8":"product_cat-loops-et","9":"product_cat-sparkling","11":"first","12":"instock","13":"taxable","14":"shipping-taxable","15":"purchasable","16":"product-type-variable"},"yoast_head":"<!-- This site is optimized with the Yoast SEO plugin v27.4 - https:\/\/yoast.com\/product\/yoast-seo-wordpress\/ -->\n<title>K\u00f5rvar\u00f5ngad SPARKLING Loops - Lisa Kroeber Jewellery Art<\/title>\n<meta name=\"robots\" content=\"index, follow, max-snippet:-1, max-image-preview:large, max-video-preview:-1\" \/>\n<link rel=\"canonical\" href=\"https:\/\/lisakroeber.com\/et\/toode\/korvarongad-sparkling-minis-copy\/\" \/>\n<meta property=\"og:locale\" content=\"et_EE\" \/>\n<meta property=\"og:type\" content=\"article\" \/>\n<meta property=\"og:title\" content=\"K\u00f5rvar\u00f5ngad SPARKLING Loops - Lisa Kroeber Jewellery Art\" \/>\n<meta property=\"og:description\" content=\"Sparkling Loops k\u00f5rvar\u00f5ngad Kerged. Orgaanilised. S\u00e4ravad.  Sparkling Loops k\u00f5rvar\u00f5ngaid iseloomustab orgaaniline ja \u00f5huline vorm, mis on inspireeritud v\u00e4rvilistest lillelehtedest \u2014 lihtsustatud kujul, kuid s\u00e4ilitades kerguse ja \u00f5rnuse. S\u00e4rav viimistlus p\u00fc\u00fcab kaunilt valgust, olles samal ajal sulgkerge ja mugav kanda. Piiratud koguses loodud kollektsioon, mis lisab igap\u00e4evasesse stiili peent s\u00e4ra ja r\u00f5\u00f5mu.  J\u00e4lgi linki, et avastada Loops k\u00f5rvar\u00f5ngaste teisi v\u00e4rve.\" \/>\n<meta property=\"og:url\" content=\"https:\/\/lisakroeber.com\/et\/toode\/korvarongad-sparkling-minis-copy\/\" \/>\n<meta property=\"og:site_name\" content=\"Lisa Kroeber Jewellery Art\" \/>\n<meta property=\"article:modified_time\" content=\"2026-03-17T11:08:12+00:00\" \/>\n<meta property=\"og:image\" content=\"https:\/\/lisakroeber.com\/wp-content\/uploads\/2023\/12\/sparkle-veb-scaled.jpg\" \/>\n\t<meta property=\"og:image:width\" content=\"2560\" \/>\n\t<meta property=\"og:image:height\" content=\"2560\" \/>\n\t<meta property=\"og:image:type\" content=\"image\/jpeg\" \/>\n<meta name=\"twitter:card\" content=\"summary_large_image\" \/>\n<meta name=\"twitter:label1\" content=\"Est. reading time\" \/>\n\t<meta name=\"twitter:data1\" content=\"1 minut\" \/>\n<script type=\"application\/ld+json\" class=\"yoast-schema-graph\">{\"@context\":\"https:\\\/\\\/schema.org\",\"@graph\":[{\"@type\":\"WebPage\",\"@id\":\"https:\\\/\\\/lisakroeber.com\\\/et\\\/toode\\\/korvarongad-sparkling-minis-copy\\\/\",\"url\":\"https:\\\/\\\/lisakroeber.com\\\/et\\\/toode\\\/korvarongad-sparkling-minis-copy\\\/\",\"name\":\"K\u00f5rvar\u00f5ngad SPARKLING Loops - Lisa Kroeber Jewellery Art\",\"isPartOf\":{\"@id\":\"https:\\\/\\\/lisakroeber.com\\\/#website\"},\"primaryImageOfPage\":{\"@id\":\"https:\\\/\\\/lisakroeber.com\\\/et\\\/toode\\\/korvarongad-sparkling-minis-copy\\\/#primaryimage\"},\"image\":{\"@id\":\"https:\\\/\\\/lisakroeber.com\\\/et\\\/toode\\\/korvarongad-sparkling-minis-copy\\\/#primaryimage\"},\"thumbnailUrl\":\"https:\\\/\\\/lisakroeber.com\\\/wp-content\\\/uploads\\\/2023\\\/12\\\/sparkle-veb-scaled.jpg\",\"datePublished\":\"2023-12-01T18:32:55+00:00\",\"dateModified\":\"2026-03-17T11:08:12+00:00\",\"breadcrumb\":{\"@id\":\"https:\\\/\\\/lisakroeber.com\\\/et\\\/toode\\\/korvarongad-sparkling-minis-copy\\\/#breadcrumb\"},\"inLanguage\":\"et\",\"potentialAction\":[{\"@type\":\"ReadAction\",\"target\":[\"https:\\\/\\\/lisakroeber.com\\\/et\\\/toode\\\/korvarongad-sparkling-minis-copy\\\/\"]}]},{\"@type\":\"ImageObject\",\"inLanguage\":\"et\",\"@id\":\"https:\\\/\\\/lisakroeber.com\\\/et\\\/toode\\\/korvarongad-sparkling-minis-copy\\\/#primaryimage\",\"url\":\"https:\\\/\\\/lisakroeber.com\\\/wp-content\\\/uploads\\\/2023\\\/12\\\/sparkle-veb-scaled.jpg\",\"contentUrl\":\"https:\\\/\\\/lisakroeber.com\\\/wp-content\\\/uploads\\\/2023\\\/12\\\/sparkle-veb-scaled.jpg\",\"width\":2560,\"height\":2560},{\"@type\":\"BreadcrumbList\",\"@id\":\"https:\\\/\\\/lisakroeber.com\\\/et\\\/toode\\\/korvarongad-sparkling-minis-copy\\\/#breadcrumb\",\"itemListElement\":[{\"@type\":\"ListItem\",\"position\":1,\"name\":\"Home\",\"item\":\"https:\\\/\\\/lisakroeber.com\\\/et\\\/\"},{\"@type\":\"ListItem\",\"position\":2,\"name\":\"Pood\",\"item\":\"https:\\\/\\\/lisakroeber.com\\\/et\\\/pood\\\/\"},{\"@type\":\"ListItem\",\"position\":3,\"name\":\"K\u00f5rvar\u00f5ngad SPARKLING Loops\"}]},{\"@type\":\"WebSite\",\"@id\":\"https:\\\/\\\/lisakroeber.com\\\/#website\",\"url\":\"https:\\\/\\\/lisakroeber.com\\\/\",\"name\":\"Lisa Kroeber Jewellery Art\",\"description\":\"Lisa Kroeber Jewellery Art e-shop\",\"publisher\":{\"@id\":\"https:\\\/\\\/lisakroeber.com\\\/#organization\"},\"potentialAction\":[{\"@type\":\"SearchAction\",\"target\":{\"@type\":\"EntryPoint\",\"urlTemplate\":\"https:\\\/\\\/lisakroeber.com\\\/?s={search_term_string}\"},\"query-input\":{\"@type\":\"PropertyValueSpecification\",\"valueRequired\":true,\"valueName\":\"search_term_string\"}}],\"inLanguage\":\"et\"},{\"@type\":\"Organization\",\"@id\":\"https:\\\/\\\/lisakroeber.com\\\/#organization\",\"name\":\"Lisa Kroeber Jewellery\",\"url\":\"https:\\\/\\\/lisakroeber.com\\\/\",\"logo\":{\"@type\":\"ImageObject\",\"inLanguage\":\"et\",\"@id\":\"https:\\\/\\\/lisakroeber.com\\\/#\\\/schema\\\/logo\\\/image\\\/\",\"url\":\"https:\\\/\\\/lisakroeber.com\\\/wp-content\\\/uploads\\\/2024\\\/07\\\/47178367_317322115661289_143956003702964224_n-e1543863670541.svg\",\"contentUrl\":\"https:\\\/\\\/lisakroeber.com\\\/wp-content\\\/uploads\\\/2024\\\/07\\\/47178367_317322115661289_143956003702964224_n-e1543863670541.svg\",\"width\":1,\"height\":1,\"caption\":\"Lisa Kroeber Jewellery\"},\"image\":{\"@id\":\"https:\\\/\\\/lisakroeber.com\\\/#\\\/schema\\\/logo\\\/image\\\/\"}}]}<\/script>\n<!-- \/ Yoast SEO plugin. -->","yoast_head_json":{"title":"K\u00f5rvar\u00f5ngad SPARKLING Loops - Lisa Kroeber Jewellery Art","robots":{"index":"index","follow":"follow","max-snippet":"max-snippet:-1","max-image-preview":"max-image-preview:large","max-video-preview":"max-video-preview:-1"},"canonical":"https:\/\/lisakroeber.com\/et\/toode\/korvarongad-sparkling-minis-copy\/","og_locale":"et_EE","og_type":"article","og_title":"K\u00f5rvar\u00f5ngad SPARKLING Loops - Lisa Kroeber Jewellery Art","og_description":"Sparkling Loops k\u00f5rvar\u00f5ngad Kerged. Orgaanilised. S\u00e4ravad.  Sparkling Loops k\u00f5rvar\u00f5ngaid iseloomustab orgaaniline ja \u00f5huline vorm, mis on inspireeritud v\u00e4rvilistest lillelehtedest \u2014 lihtsustatud kujul, kuid s\u00e4ilitades kerguse ja \u00f5rnuse. S\u00e4rav viimistlus p\u00fc\u00fcab kaunilt valgust, olles samal ajal sulgkerge ja mugav kanda. Piiratud koguses loodud kollektsioon, mis lisab igap\u00e4evasesse stiili peent s\u00e4ra ja r\u00f5\u00f5mu.  J\u00e4lgi linki, et avastada Loops k\u00f5rvar\u00f5ngaste teisi v\u00e4rve.","og_url":"https:\/\/lisakroeber.com\/et\/toode\/korvarongad-sparkling-minis-copy\/","og_site_name":"Lisa Kroeber Jewellery Art","article_modified_time":"2026-03-17T11:08:12+00:00","og_image":[{"width":2560,"height":2560,"url":"https:\/\/lisakroeber.com\/wp-content\/uploads\/2023\/12\/sparkle-veb-scaled.jpg","type":"image\/jpeg"}],"twitter_card":"summary_large_image","twitter_misc":{"Est. reading time":"1 minut"},"schema":{"@context":"https:\/\/schema.org","@graph":[{"@type":"WebPage","@id":"https:\/\/lisakroeber.com\/et\/toode\/korvarongad-sparkling-minis-copy\/","url":"https:\/\/lisakroeber.com\/et\/toode\/korvarongad-sparkling-minis-copy\/","name":"K\u00f5rvar\u00f5ngad SPARKLING Loops - Lisa Kroeber Jewellery Art","isPartOf":{"@id":"https:\/\/lisakroeber.com\/#website"},"primaryImageOfPage":{"@id":"https:\/\/lisakroeber.com\/et\/toode\/korvarongad-sparkling-minis-copy\/#primaryimage"},"image":{"@id":"https:\/\/lisakroeber.com\/et\/toode\/korvarongad-sparkling-minis-copy\/#primaryimage"},"thumbnailUrl":"https:\/\/lisakroeber.com\/wp-content\/uploads\/2023\/12\/sparkle-veb-scaled.jpg","datePublished":"2023-12-01T18:32:55+00:00","dateModified":"2026-03-17T11:08:12+00:00","breadcrumb":{"@id":"https:\/\/lisakroeber.com\/et\/toode\/korvarongad-sparkling-minis-copy\/#breadcrumb"},"inLanguage":"et","potentialAction":[{"@type":"ReadAction","target":["https:\/\/lisakroeber.com\/et\/toode\/korvarongad-sparkling-minis-copy\/"]}]},{"@type":"ImageObject","inLanguage":"et","@id":"https:\/\/lisakroeber.com\/et\/toode\/korvarongad-sparkling-minis-copy\/#primaryimage","url":"https:\/\/lisakroeber.com\/wp-content\/uploads\/2023\/12\/sparkle-veb-scaled.jpg","contentUrl":"https:\/\/lisakroeber.com\/wp-content\/uploads\/2023\/12\/sparkle-veb-scaled.jpg","width":2560,"height":2560},{"@type":"BreadcrumbList","@id":"https:\/\/lisakroeber.com\/et\/toode\/korvarongad-sparkling-minis-copy\/#breadcrumb","itemListElement":[{"@type":"ListItem","position":1,"name":"Home","item":"https:\/\/lisakroeber.com\/et\/"},{"@type":"ListItem","position":2,"name":"Pood","item":"https:\/\/lisakroeber.com\/et\/pood\/"},{"@type":"ListItem","position":3,"name":"K\u00f5rvar\u00f5ngad SPARKLING Loops"}]},{"@type":"WebSite","@id":"https:\/\/lisakroeber.com\/#website","url":"https:\/\/lisakroeber.com\/","name":"Lisa Kroeber Jewellery Art","description":"Lisa Kroeber Jewellery Art e-shop","publisher":{"@id":"https:\/\/lisakroeber.com\/#organization"},"potentialAction":[{"@type":"SearchAction","target":{"@type":"EntryPoint","urlTemplate":"https:\/\/lisakroeber.com\/?s={search_term_string}"},"query-input":{"@type":"PropertyValueSpecification","valueRequired":true,"valueName":"search_term_string"}}],"inLanguage":"et"},{"@type":"Organization","@id":"https:\/\/lisakroeber.com\/#organization","name":"Lisa Kroeber Jewellery","url":"https:\/\/lisakroeber.com\/","logo":{"@type":"ImageObject","inLanguage":"et","@id":"https:\/\/lisakroeber.com\/#\/schema\/logo\/image\/","url":"https:\/\/lisakroeber.com\/wp-content\/uploads\/2024\/07\/47178367_317322115661289_143956003702964224_n-e1543863670541.svg","contentUrl":"https:\/\/lisakroeber.com\/wp-content\/uploads\/2024\/07\/47178367_317322115661289_143956003702964224_n-e1543863670541.svg","width":1,"height":1,"caption":"Lisa Kroeber Jewellery"},"image":{"@id":"https:\/\/lisakroeber.com\/#\/schema\/logo\/image\/"}}]}},"_links":{"self":[{"href":"https:\/\/lisakroeber.com\/et\/wp-json\/wp\/v2\/product\/27296","targetHints":{"allow":["GET"]}}],"collection":[{"href":"https:\/\/lisakroeber.com\/et\/wp-json\/wp\/v2\/product"}],"about":[{"href":"https:\/\/lisakroeber.com\/et\/wp-json\/wp\/v2\/types\/product"}],"wp:featuredmedia":[{"embeddable":true,"href":"https:\/\/lisakroeber.com\/et\/wp-json\/wp\/v2\/media\/27678"}],"wp:attachment":[{"href":"https:\/\/lisakroeber.com\/et\/wp-json\/wp\/v2\/media?parent=27296"}],"wp:term":[{"taxonomy":"product_brand","embeddable":true,"href":"https:\/\/lisakroeber.com\/et\/wp-json\/wp\/v2\/product_brand?post=27296"},{"taxonomy":"product_cat","embeddable":true,"href":"https:\/\/lisakroeber.com\/et\/wp-json\/wp\/v2\/product_cat?post=27296"},{"taxonomy":"product_tag","embeddable":true,"href":"https:\/\/lisakroeber.com\/et\/wp-json\/wp\/v2\/product_tag?post=27296"}],"curies":[{"name":"wp","href":"https:\/\/api.w.org\/{rel}","templated":true}]}}