{"id":27356,"date":"2023-12-01T22:31:41","date_gmt":"2023-12-01T20:31:41","guid":{"rendered":"https:\/\/lisakroeber.com\/uus\/?post_type=product&#038;p=27356"},"modified":"2026-04-20T21:56:15","modified_gmt":"2026-04-20T19:56:15","slug":"korvarongad-sparkling-loops-copy-4","status":"publish","type":"product","link":"https:\/\/lisakroeber.com\/et\/toode\/korvarongad-sparkling-loops-copy-4\/","title":{"rendered":"K\u00f5rvar\u00f5ngad SPARKLING Leaves Small"},"content":{"rendered":"","protected":false},"excerpt":{"rendered":"<p><b>Sparkling Leaves k\u00f5rvar\u00f5ngad<\/b><b><br \/>\n<\/b><span style=\"font-weight: 400;\">  Orgaaniline. S\u00e4rav.  Ajatu.<\/span><\/p>\n<p>Sparkling Leaves<span style=\"font-weight: 400;\"> Sparkling Leaves k\u00f5rvar\u00f5ngad t\u00f5lgendavad meie ikoonilise lehe kuju uuesti koos s\u00e4deleva puudutusega. Orgaanilise vormiga ja rafineeritud v\u00e4ljendusega tasakaalustavad nad peent elegantsi \u00f5rna s\u00e4deluse ja valgust ilusasti p\u00fc\u00fcdva l\u00e4ikega.<\/span><\/p>\n<p><span style=\"font-weight: 400;\">S\u00e4delevates v\u00e4rvides saadaval, lisavad need k\u00f5rvar\u00f5ngad v\u00e4rske ja r\u00f5\u00f5msa aktsendi, j\u00e4\u00e4des samas kergeks ja mugavaks kanda. Mitmek\u00fclgne avaldus, mis liigub vaevata igap\u00e4evastest hetkedest erilistele s\u00fcndmustele. <\/span><\/p>\n<p><a href=\"https:\/\/lisakroeber.com\/et\/toode\/korvarongad-leaves-small\/\"><span style=\"font-weight: 400;\">J\u00e4rgi linki, et avastada V\u00e4ikeste Lehtede k\u00f5rvar\u00f5ngaste teisi v\u00e4rve.<\/span><\/a><\/p>\n","protected":false},"featured_media":27402,"template":"","meta":{"content-type":""},"product_brand":[],"product_cat":[342,340,441,1074],"product_tag":[],"class_list":{"0":"post-27356","1":"product","2":"type-product","3":"status-publish","4":"has-post-thumbnail","6":"product_cat-korvarongad","7":"product_cat-kollektsioonid","8":"product_cat-leaves-et","9":"product_cat-sparkling","11":"first","12":"outofstock","13":"taxable","14":"shipping-taxable","15":"product-type-variable"},"yoast_head":"<!-- This site is optimized with the Yoast SEO plugin v27.4 - https:\/\/yoast.com\/product\/yoast-seo-wordpress\/ -->\n<title>K\u00f5rvar\u00f5ngad SPARKLING Leaves Small - Lisa Kroeber Jewellery Art<\/title>\n<meta name=\"robots\" content=\"index, follow, max-snippet:-1, max-image-preview:large, max-video-preview:-1\" \/>\n<link rel=\"canonical\" href=\"https:\/\/lisakroeber.com\/et\/toode\/korvarongad-sparkling-loops-copy-4\/\" \/>\n<meta property=\"og:locale\" content=\"et_EE\" \/>\n<meta property=\"og:type\" content=\"article\" \/>\n<meta property=\"og:title\" content=\"K\u00f5rvar\u00f5ngad SPARKLING Leaves Small - Lisa Kroeber Jewellery Art\" \/>\n<meta property=\"og:description\" content=\"Sparkling Leaves k\u00f5rvar\u00f5ngad  Orgaaniline. S\u00e4rav. Ajatu. Sparkling Leaves Sparkling Leaves k\u00f5rvar\u00f5ngad t\u00f5lgendavad meie ikoonilise lehe kuju uuesti koos s\u00e4deleva puudutusega. Orgaanilise vormiga ja rafineeritud v\u00e4ljendusega tasakaalustavad nad peent elegantsi \u00f5rna s\u00e4deluse ja valgust ilusasti p\u00fc\u00fcdva l\u00e4ikega. S\u00e4delevates v\u00e4rvides saadaval, lisavad need k\u00f5rvar\u00f5ngad v\u00e4rske ja r\u00f5\u00f5msa aktsendi, j\u00e4\u00e4des samas kergeks ja mugavaks kanda. Mitmek\u00fclgne avaldus, mis liigub vaevata igap\u00e4evastest hetkedest erilistele s\u00fcndmustele.  J\u00e4rgi linki, et avastada V\u00e4ikeste Lehtede k\u00f5rvar\u00f5ngaste teisi v\u00e4rve.\" \/>\n<meta property=\"og:url\" content=\"https:\/\/lisakroeber.com\/et\/toode\/korvarongad-sparkling-loops-copy-4\/\" \/>\n<meta property=\"og:site_name\" content=\"Lisa Kroeber Jewellery Art\" \/>\n<meta property=\"article:modified_time\" content=\"2026-04-20T19:56:15+00:00\" \/>\n<meta property=\"og:image\" content=\"https:\/\/lisakroeber.com\/wp-content\/uploads\/2023\/12\/LS2020-scaled.jpg\" \/>\n\t<meta property=\"og:image:width\" content=\"2560\" \/>\n\t<meta property=\"og:image:height\" content=\"1710\" \/>\n\t<meta property=\"og:image:type\" content=\"image\/jpeg\" \/>\n<meta name=\"twitter:card\" content=\"summary_large_image\" \/>\n<meta name=\"twitter:label1\" content=\"Est. reading time\" \/>\n\t<meta name=\"twitter:data1\" content=\"1 minut\" \/>\n<script type=\"application\/ld+json\" class=\"yoast-schema-graph\">{\"@context\":\"https:\\\/\\\/schema.org\",\"@graph\":[{\"@type\":\"WebPage\",\"@id\":\"https:\\\/\\\/lisakroeber.com\\\/et\\\/toode\\\/korvarongad-sparkling-loops-copy-4\\\/\",\"url\":\"https:\\\/\\\/lisakroeber.com\\\/et\\\/toode\\\/korvarongad-sparkling-loops-copy-4\\\/\",\"name\":\"K\u00f5rvar\u00f5ngad SPARKLING Leaves Small - Lisa Kroeber Jewellery Art\",\"isPartOf\":{\"@id\":\"https:\\\/\\\/lisakroeber.com\\\/#website\"},\"primaryImageOfPage\":{\"@id\":\"https:\\\/\\\/lisakroeber.com\\\/et\\\/toode\\\/korvarongad-sparkling-loops-copy-4\\\/#primaryimage\"},\"image\":{\"@id\":\"https:\\\/\\\/lisakroeber.com\\\/et\\\/toode\\\/korvarongad-sparkling-loops-copy-4\\\/#primaryimage\"},\"thumbnailUrl\":\"https:\\\/\\\/lisakroeber.com\\\/wp-content\\\/uploads\\\/2023\\\/12\\\/LS2020-scaled.jpg\",\"datePublished\":\"2023-12-01T20:31:41+00:00\",\"dateModified\":\"2026-04-20T19:56:15+00:00\",\"breadcrumb\":{\"@id\":\"https:\\\/\\\/lisakroeber.com\\\/et\\\/toode\\\/korvarongad-sparkling-loops-copy-4\\\/#breadcrumb\"},\"inLanguage\":\"et\",\"potentialAction\":[{\"@type\":\"ReadAction\",\"target\":[\"https:\\\/\\\/lisakroeber.com\\\/et\\\/toode\\\/korvarongad-sparkling-loops-copy-4\\\/\"]}]},{\"@type\":\"ImageObject\",\"inLanguage\":\"et\",\"@id\":\"https:\\\/\\\/lisakroeber.com\\\/et\\\/toode\\\/korvarongad-sparkling-loops-copy-4\\\/#primaryimage\",\"url\":\"https:\\\/\\\/lisakroeber.com\\\/wp-content\\\/uploads\\\/2023\\\/12\\\/LS2020-scaled.jpg\",\"contentUrl\":\"https:\\\/\\\/lisakroeber.com\\\/wp-content\\\/uploads\\\/2023\\\/12\\\/LS2020-scaled.jpg\",\"width\":2560,\"height\":1710},{\"@type\":\"BreadcrumbList\",\"@id\":\"https:\\\/\\\/lisakroeber.com\\\/et\\\/toode\\\/korvarongad-sparkling-loops-copy-4\\\/#breadcrumb\",\"itemListElement\":[{\"@type\":\"ListItem\",\"position\":1,\"name\":\"Home\",\"item\":\"https:\\\/\\\/lisakroeber.com\\\/et\\\/\"},{\"@type\":\"ListItem\",\"position\":2,\"name\":\"Pood\",\"item\":\"https:\\\/\\\/lisakroeber.com\\\/et\\\/pood\\\/\"},{\"@type\":\"ListItem\",\"position\":3,\"name\":\"K\u00f5rvar\u00f5ngad SPARKLING Leaves Small\"}]},{\"@type\":\"WebSite\",\"@id\":\"https:\\\/\\\/lisakroeber.com\\\/#website\",\"url\":\"https:\\\/\\\/lisakroeber.com\\\/\",\"name\":\"Lisa Kroeber Jewellery Art\",\"description\":\"Lisa Kroeber Jewellery Art e-shop\",\"publisher\":{\"@id\":\"https:\\\/\\\/lisakroeber.com\\\/#organization\"},\"potentialAction\":[{\"@type\":\"SearchAction\",\"target\":{\"@type\":\"EntryPoint\",\"urlTemplate\":\"https:\\\/\\\/lisakroeber.com\\\/?s={search_term_string}\"},\"query-input\":{\"@type\":\"PropertyValueSpecification\",\"valueRequired\":true,\"valueName\":\"search_term_string\"}}],\"inLanguage\":\"et\"},{\"@type\":\"Organization\",\"@id\":\"https:\\\/\\\/lisakroeber.com\\\/#organization\",\"name\":\"Lisa Kroeber Jewellery\",\"url\":\"https:\\\/\\\/lisakroeber.com\\\/\",\"logo\":{\"@type\":\"ImageObject\",\"inLanguage\":\"et\",\"@id\":\"https:\\\/\\\/lisakroeber.com\\\/#\\\/schema\\\/logo\\\/image\\\/\",\"url\":\"https:\\\/\\\/lisakroeber.com\\\/wp-content\\\/uploads\\\/2024\\\/07\\\/47178367_317322115661289_143956003702964224_n-e1543863670541.svg\",\"contentUrl\":\"https:\\\/\\\/lisakroeber.com\\\/wp-content\\\/uploads\\\/2024\\\/07\\\/47178367_317322115661289_143956003702964224_n-e1543863670541.svg\",\"width\":1,\"height\":1,\"caption\":\"Lisa Kroeber Jewellery\"},\"image\":{\"@id\":\"https:\\\/\\\/lisakroeber.com\\\/#\\\/schema\\\/logo\\\/image\\\/\"}}]}<\/script>\n<!-- \/ Yoast SEO plugin. -->","yoast_head_json":{"title":"K\u00f5rvar\u00f5ngad SPARKLING Leaves Small - Lisa Kroeber Jewellery Art","robots":{"index":"index","follow":"follow","max-snippet":"max-snippet:-1","max-image-preview":"max-image-preview:large","max-video-preview":"max-video-preview:-1"},"canonical":"https:\/\/lisakroeber.com\/et\/toode\/korvarongad-sparkling-loops-copy-4\/","og_locale":"et_EE","og_type":"article","og_title":"K\u00f5rvar\u00f5ngad SPARKLING Leaves Small - Lisa Kroeber Jewellery Art","og_description":"Sparkling Leaves k\u00f5rvar\u00f5ngad  Orgaaniline. S\u00e4rav. Ajatu. Sparkling Leaves Sparkling Leaves k\u00f5rvar\u00f5ngad t\u00f5lgendavad meie ikoonilise lehe kuju uuesti koos s\u00e4deleva puudutusega. Orgaanilise vormiga ja rafineeritud v\u00e4ljendusega tasakaalustavad nad peent elegantsi \u00f5rna s\u00e4deluse ja valgust ilusasti p\u00fc\u00fcdva l\u00e4ikega. S\u00e4delevates v\u00e4rvides saadaval, lisavad need k\u00f5rvar\u00f5ngad v\u00e4rske ja r\u00f5\u00f5msa aktsendi, j\u00e4\u00e4des samas kergeks ja mugavaks kanda. Mitmek\u00fclgne avaldus, mis liigub vaevata igap\u00e4evastest hetkedest erilistele s\u00fcndmustele.  J\u00e4rgi linki, et avastada V\u00e4ikeste Lehtede k\u00f5rvar\u00f5ngaste teisi v\u00e4rve.","og_url":"https:\/\/lisakroeber.com\/et\/toode\/korvarongad-sparkling-loops-copy-4\/","og_site_name":"Lisa Kroeber Jewellery Art","article_modified_time":"2026-04-20T19:56:15+00:00","og_image":[{"width":2560,"height":1710,"url":"https:\/\/lisakroeber.com\/wp-content\/uploads\/2023\/12\/LS2020-scaled.jpg","type":"image\/jpeg"}],"twitter_card":"summary_large_image","twitter_misc":{"Est. reading time":"1 minut"},"schema":{"@context":"https:\/\/schema.org","@graph":[{"@type":"WebPage","@id":"https:\/\/lisakroeber.com\/et\/toode\/korvarongad-sparkling-loops-copy-4\/","url":"https:\/\/lisakroeber.com\/et\/toode\/korvarongad-sparkling-loops-copy-4\/","name":"K\u00f5rvar\u00f5ngad SPARKLING Leaves Small - Lisa Kroeber Jewellery Art","isPartOf":{"@id":"https:\/\/lisakroeber.com\/#website"},"primaryImageOfPage":{"@id":"https:\/\/lisakroeber.com\/et\/toode\/korvarongad-sparkling-loops-copy-4\/#primaryimage"},"image":{"@id":"https:\/\/lisakroeber.com\/et\/toode\/korvarongad-sparkling-loops-copy-4\/#primaryimage"},"thumbnailUrl":"https:\/\/lisakroeber.com\/wp-content\/uploads\/2023\/12\/LS2020-scaled.jpg","datePublished":"2023-12-01T20:31:41+00:00","dateModified":"2026-04-20T19:56:15+00:00","breadcrumb":{"@id":"https:\/\/lisakroeber.com\/et\/toode\/korvarongad-sparkling-loops-copy-4\/#breadcrumb"},"inLanguage":"et","potentialAction":[{"@type":"ReadAction","target":["https:\/\/lisakroeber.com\/et\/toode\/korvarongad-sparkling-loops-copy-4\/"]}]},{"@type":"ImageObject","inLanguage":"et","@id":"https:\/\/lisakroeber.com\/et\/toode\/korvarongad-sparkling-loops-copy-4\/#primaryimage","url":"https:\/\/lisakroeber.com\/wp-content\/uploads\/2023\/12\/LS2020-scaled.jpg","contentUrl":"https:\/\/lisakroeber.com\/wp-content\/uploads\/2023\/12\/LS2020-scaled.jpg","width":2560,"height":1710},{"@type":"BreadcrumbList","@id":"https:\/\/lisakroeber.com\/et\/toode\/korvarongad-sparkling-loops-copy-4\/#breadcrumb","itemListElement":[{"@type":"ListItem","position":1,"name":"Home","item":"https:\/\/lisakroeber.com\/et\/"},{"@type":"ListItem","position":2,"name":"Pood","item":"https:\/\/lisakroeber.com\/et\/pood\/"},{"@type":"ListItem","position":3,"name":"K\u00f5rvar\u00f5ngad SPARKLING Leaves Small"}]},{"@type":"WebSite","@id":"https:\/\/lisakroeber.com\/#website","url":"https:\/\/lisakroeber.com\/","name":"Lisa Kroeber Jewellery Art","description":"Lisa Kroeber Jewellery Art e-shop","publisher":{"@id":"https:\/\/lisakroeber.com\/#organization"},"potentialAction":[{"@type":"SearchAction","target":{"@type":"EntryPoint","urlTemplate":"https:\/\/lisakroeber.com\/?s={search_term_string}"},"query-input":{"@type":"PropertyValueSpecification","valueRequired":true,"valueName":"search_term_string"}}],"inLanguage":"et"},{"@type":"Organization","@id":"https:\/\/lisakroeber.com\/#organization","name":"Lisa Kroeber Jewellery","url":"https:\/\/lisakroeber.com\/","logo":{"@type":"ImageObject","inLanguage":"et","@id":"https:\/\/lisakroeber.com\/#\/schema\/logo\/image\/","url":"https:\/\/lisakroeber.com\/wp-content\/uploads\/2024\/07\/47178367_317322115661289_143956003702964224_n-e1543863670541.svg","contentUrl":"https:\/\/lisakroeber.com\/wp-content\/uploads\/2024\/07\/47178367_317322115661289_143956003702964224_n-e1543863670541.svg","width":1,"height":1,"caption":"Lisa Kroeber Jewellery"},"image":{"@id":"https:\/\/lisakroeber.com\/#\/schema\/logo\/image\/"}}]}},"_links":{"self":[{"href":"https:\/\/lisakroeber.com\/et\/wp-json\/wp\/v2\/product\/27356","targetHints":{"allow":["GET"]}}],"collection":[{"href":"https:\/\/lisakroeber.com\/et\/wp-json\/wp\/v2\/product"}],"about":[{"href":"https:\/\/lisakroeber.com\/et\/wp-json\/wp\/v2\/types\/product"}],"wp:featuredmedia":[{"embeddable":true,"href":"https:\/\/lisakroeber.com\/et\/wp-json\/wp\/v2\/media\/27402"}],"wp:attachment":[{"href":"https:\/\/lisakroeber.com\/et\/wp-json\/wp\/v2\/media?parent=27356"}],"wp:term":[{"taxonomy":"product_brand","embeddable":true,"href":"https:\/\/lisakroeber.com\/et\/wp-json\/wp\/v2\/product_brand?post=27356"},{"taxonomy":"product_cat","embeddable":true,"href":"https:\/\/lisakroeber.com\/et\/wp-json\/wp\/v2\/product_cat?post=27356"},{"taxonomy":"product_tag","embeddable":true,"href":"https:\/\/lisakroeber.com\/et\/wp-json\/wp\/v2\/product_tag?post=27356"}],"curies":[{"name":"wp","href":"https:\/\/api.w.org\/{rel}","templated":true}]}}