{"id":27439,"date":"2023-12-03T13:37:35","date_gmt":"2023-12-03T11:37:35","guid":{"rendered":"https:\/\/lisakroeber.com\/uus\/?post_type=product&#038;p=27439"},"modified":"2026-03-17T12:58:47","modified_gmt":"2026-03-17T10:58:47","slug":"korvarongad-sadelevdf","status":"publish","type":"product","link":"https:\/\/lisakroeber.com\/et\/toode\/korvarongad-sadelevdf\/","title":{"rendered":"K\u00f5rvar\u00f5ngad SPARKLING Double Folded"},"content":{"rendered":"","protected":false},"excerpt":{"rendered":"<p><b>Sparkling Double Folded k\u00f5rvar\u00f5ngad<\/b><b><br \/>\n<\/b><span style=\"font-weight: 400;\"> Julge. Skulpturaalne. Arhitektuurne.<\/span><\/p>\n<p><span style=\"font-weight: 400;\"> <\/span><i><span style=\"font-weight: 400;\">Sparkling Double Folded<\/span><\/i><span style=\"font-weight: 400;\"> k\u00f5rvar\u00f5ngad \u00fchendavad kaks volditud elementi \u00fcheks j\u00f5uliseks ja arhitektuurseks vormiks. Teravad nurgad ja kihiline struktuur loovad s\u00fcgavuse ja r\u00fctmi, samas kui selged servad annavad ehtele tugeva, kuid tasakaalustatud ilme. <\/span><\/p>\n<p><span style=\"font-weight: 400;\">S\u00e4rav viimistlus p\u00fc\u00fcab kaunilt valgust ja lisab skulpturaalsele vormile peent s\u00e4ra. Vaatamata oma j\u00f5ulisele disainile on need k\u00f5rvar\u00f5ngad mugavad kanda \u2014 enesekindel statement-ese ajatu iseloomuga. <\/span><\/p>\n<p><a href=\"https:\/\/lisakroeber.com\/et\/toode\/korvarongad-double-folded\/\"><span style=\"font-weight: 400;\">Avasta Double Folded k\u00f5rvar\u00f5ngaste teisi v\u00e4rve lingilt.<\/span><\/a><\/p>\n","protected":false},"featured_media":27479,"template":"","meta":{"content-type":""},"product_brand":[],"product_cat":[446,342,340,1074],"product_tag":[],"class_list":{"0":"post-27439","1":"product","2":"type-product","3":"status-publish","4":"has-post-thumbnail","6":"product_cat-folded-et","7":"product_cat-korvarongad","8":"product_cat-kollektsioonid","9":"product_cat-sparkling","11":"first","12":"instock","13":"taxable","14":"shipping-taxable","15":"purchasable","16":"product-type-variable"},"yoast_head":"<!-- This site is optimized with the Yoast SEO plugin v27.4 - https:\/\/yoast.com\/product\/yoast-seo-wordpress\/ -->\n<title>K\u00f5rvar\u00f5ngad SPARKLING Double Folded - Lisa Kroeber Jewellery Art<\/title>\n<meta name=\"robots\" content=\"index, follow, max-snippet:-1, max-image-preview:large, max-video-preview:-1\" \/>\n<link rel=\"canonical\" href=\"https:\/\/lisakroeber.com\/et\/toode\/korvarongad-sadelevdf\/\" \/>\n<meta property=\"og:locale\" content=\"et_EE\" \/>\n<meta property=\"og:type\" content=\"article\" \/>\n<meta property=\"og:title\" content=\"K\u00f5rvar\u00f5ngad SPARKLING Double Folded - Lisa Kroeber Jewellery Art\" \/>\n<meta property=\"og:description\" content=\"Sparkling Double Folded k\u00f5rvar\u00f5ngad Julge. Skulpturaalne. Arhitektuurne.  Sparkling Double Folded k\u00f5rvar\u00f5ngad \u00fchendavad kaks volditud elementi \u00fcheks j\u00f5uliseks ja arhitektuurseks vormiks. Teravad nurgad ja kihiline struktuur loovad s\u00fcgavuse ja r\u00fctmi, samas kui selged servad annavad ehtele tugeva, kuid tasakaalustatud ilme.  S\u00e4rav viimistlus p\u00fc\u00fcab kaunilt valgust ja lisab skulpturaalsele vormile peent s\u00e4ra. Vaatamata oma j\u00f5ulisele disainile on need k\u00f5rvar\u00f5ngad mugavad kanda \u2014 enesekindel statement-ese ajatu iseloomuga.  Avasta Double Folded k\u00f5rvar\u00f5ngaste teisi v\u00e4rve lingilt.\" \/>\n<meta property=\"og:url\" content=\"https:\/\/lisakroeber.com\/et\/toode\/korvarongad-sadelevdf\/\" \/>\n<meta property=\"og:site_name\" content=\"Lisa Kroeber Jewellery Art\" \/>\n<meta property=\"article:modified_time\" content=\"2026-03-17T10:58:47+00:00\" \/>\n<meta property=\"og:image\" content=\"https:\/\/lisakroeber.com\/wp-content\/uploads\/2023\/12\/double_folded_sparkling_gold.jpg\" \/>\n\t<meta property=\"og:image:width\" content=\"1500\" \/>\n\t<meta property=\"og:image:height\" content=\"1500\" \/>\n\t<meta property=\"og:image:type\" content=\"image\/jpeg\" \/>\n<meta name=\"twitter:card\" content=\"summary_large_image\" \/>\n<meta name=\"twitter:label1\" content=\"Est. reading time\" \/>\n\t<meta name=\"twitter:data1\" content=\"1 minut\" \/>\n<script type=\"application\/ld+json\" class=\"yoast-schema-graph\">{\"@context\":\"https:\\\/\\\/schema.org\",\"@graph\":[{\"@type\":\"WebPage\",\"@id\":\"https:\\\/\\\/lisakroeber.com\\\/et\\\/toode\\\/korvarongad-sadelevdf\\\/\",\"url\":\"https:\\\/\\\/lisakroeber.com\\\/et\\\/toode\\\/korvarongad-sadelevdf\\\/\",\"name\":\"K\u00f5rvar\u00f5ngad SPARKLING Double Folded - Lisa Kroeber Jewellery Art\",\"isPartOf\":{\"@id\":\"https:\\\/\\\/lisakroeber.com\\\/#website\"},\"primaryImageOfPage\":{\"@id\":\"https:\\\/\\\/lisakroeber.com\\\/et\\\/toode\\\/korvarongad-sadelevdf\\\/#primaryimage\"},\"image\":{\"@id\":\"https:\\\/\\\/lisakroeber.com\\\/et\\\/toode\\\/korvarongad-sadelevdf\\\/#primaryimage\"},\"thumbnailUrl\":\"https:\\\/\\\/lisakroeber.com\\\/wp-content\\\/uploads\\\/2023\\\/12\\\/double_folded_sparkling_gold.jpg\",\"datePublished\":\"2023-12-03T11:37:35+00:00\",\"dateModified\":\"2026-03-17T10:58:47+00:00\",\"breadcrumb\":{\"@id\":\"https:\\\/\\\/lisakroeber.com\\\/et\\\/toode\\\/korvarongad-sadelevdf\\\/#breadcrumb\"},\"inLanguage\":\"et\",\"potentialAction\":[{\"@type\":\"ReadAction\",\"target\":[\"https:\\\/\\\/lisakroeber.com\\\/et\\\/toode\\\/korvarongad-sadelevdf\\\/\"]}]},{\"@type\":\"ImageObject\",\"inLanguage\":\"et\",\"@id\":\"https:\\\/\\\/lisakroeber.com\\\/et\\\/toode\\\/korvarongad-sadelevdf\\\/#primaryimage\",\"url\":\"https:\\\/\\\/lisakroeber.com\\\/wp-content\\\/uploads\\\/2023\\\/12\\\/double_folded_sparkling_gold.jpg\",\"contentUrl\":\"https:\\\/\\\/lisakroeber.com\\\/wp-content\\\/uploads\\\/2023\\\/12\\\/double_folded_sparkling_gold.jpg\",\"width\":1500,\"height\":1500},{\"@type\":\"BreadcrumbList\",\"@id\":\"https:\\\/\\\/lisakroeber.com\\\/et\\\/toode\\\/korvarongad-sadelevdf\\\/#breadcrumb\",\"itemListElement\":[{\"@type\":\"ListItem\",\"position\":1,\"name\":\"Home\",\"item\":\"https:\\\/\\\/lisakroeber.com\\\/et\\\/\"},{\"@type\":\"ListItem\",\"position\":2,\"name\":\"Pood\",\"item\":\"https:\\\/\\\/lisakroeber.com\\\/et\\\/pood\\\/\"},{\"@type\":\"ListItem\",\"position\":3,\"name\":\"K\u00f5rvar\u00f5ngad SPARKLING Double Folded\"}]},{\"@type\":\"WebSite\",\"@id\":\"https:\\\/\\\/lisakroeber.com\\\/#website\",\"url\":\"https:\\\/\\\/lisakroeber.com\\\/\",\"name\":\"Lisa Kroeber Jewellery Art\",\"description\":\"Lisa Kroeber Jewellery Art e-shop\",\"publisher\":{\"@id\":\"https:\\\/\\\/lisakroeber.com\\\/#organization\"},\"potentialAction\":[{\"@type\":\"SearchAction\",\"target\":{\"@type\":\"EntryPoint\",\"urlTemplate\":\"https:\\\/\\\/lisakroeber.com\\\/?s={search_term_string}\"},\"query-input\":{\"@type\":\"PropertyValueSpecification\",\"valueRequired\":true,\"valueName\":\"search_term_string\"}}],\"inLanguage\":\"et\"},{\"@type\":\"Organization\",\"@id\":\"https:\\\/\\\/lisakroeber.com\\\/#organization\",\"name\":\"Lisa Kroeber Jewellery\",\"url\":\"https:\\\/\\\/lisakroeber.com\\\/\",\"logo\":{\"@type\":\"ImageObject\",\"inLanguage\":\"et\",\"@id\":\"https:\\\/\\\/lisakroeber.com\\\/#\\\/schema\\\/logo\\\/image\\\/\",\"url\":\"https:\\\/\\\/lisakroeber.com\\\/wp-content\\\/uploads\\\/2024\\\/07\\\/47178367_317322115661289_143956003702964224_n-e1543863670541.svg\",\"contentUrl\":\"https:\\\/\\\/lisakroeber.com\\\/wp-content\\\/uploads\\\/2024\\\/07\\\/47178367_317322115661289_143956003702964224_n-e1543863670541.svg\",\"width\":1,\"height\":1,\"caption\":\"Lisa Kroeber Jewellery\"},\"image\":{\"@id\":\"https:\\\/\\\/lisakroeber.com\\\/#\\\/schema\\\/logo\\\/image\\\/\"}}]}<\/script>\n<!-- \/ Yoast SEO plugin. -->","yoast_head_json":{"title":"K\u00f5rvar\u00f5ngad SPARKLING Double Folded - Lisa Kroeber Jewellery Art","robots":{"index":"index","follow":"follow","max-snippet":"max-snippet:-1","max-image-preview":"max-image-preview:large","max-video-preview":"max-video-preview:-1"},"canonical":"https:\/\/lisakroeber.com\/et\/toode\/korvarongad-sadelevdf\/","og_locale":"et_EE","og_type":"article","og_title":"K\u00f5rvar\u00f5ngad SPARKLING Double Folded - Lisa Kroeber Jewellery Art","og_description":"Sparkling Double Folded k\u00f5rvar\u00f5ngad Julge. Skulpturaalne. Arhitektuurne.  Sparkling Double Folded k\u00f5rvar\u00f5ngad \u00fchendavad kaks volditud elementi \u00fcheks j\u00f5uliseks ja arhitektuurseks vormiks. Teravad nurgad ja kihiline struktuur loovad s\u00fcgavuse ja r\u00fctmi, samas kui selged servad annavad ehtele tugeva, kuid tasakaalustatud ilme.  S\u00e4rav viimistlus p\u00fc\u00fcab kaunilt valgust ja lisab skulpturaalsele vormile peent s\u00e4ra. Vaatamata oma j\u00f5ulisele disainile on need k\u00f5rvar\u00f5ngad mugavad kanda \u2014 enesekindel statement-ese ajatu iseloomuga.  Avasta Double Folded k\u00f5rvar\u00f5ngaste teisi v\u00e4rve lingilt.","og_url":"https:\/\/lisakroeber.com\/et\/toode\/korvarongad-sadelevdf\/","og_site_name":"Lisa Kroeber Jewellery Art","article_modified_time":"2026-03-17T10:58:47+00:00","og_image":[{"width":1500,"height":1500,"url":"https:\/\/lisakroeber.com\/wp-content\/uploads\/2023\/12\/double_folded_sparkling_gold.jpg","type":"image\/jpeg"}],"twitter_card":"summary_large_image","twitter_misc":{"Est. reading time":"1 minut"},"schema":{"@context":"https:\/\/schema.org","@graph":[{"@type":"WebPage","@id":"https:\/\/lisakroeber.com\/et\/toode\/korvarongad-sadelevdf\/","url":"https:\/\/lisakroeber.com\/et\/toode\/korvarongad-sadelevdf\/","name":"K\u00f5rvar\u00f5ngad SPARKLING Double Folded - Lisa Kroeber Jewellery Art","isPartOf":{"@id":"https:\/\/lisakroeber.com\/#website"},"primaryImageOfPage":{"@id":"https:\/\/lisakroeber.com\/et\/toode\/korvarongad-sadelevdf\/#primaryimage"},"image":{"@id":"https:\/\/lisakroeber.com\/et\/toode\/korvarongad-sadelevdf\/#primaryimage"},"thumbnailUrl":"https:\/\/lisakroeber.com\/wp-content\/uploads\/2023\/12\/double_folded_sparkling_gold.jpg","datePublished":"2023-12-03T11:37:35+00:00","dateModified":"2026-03-17T10:58:47+00:00","breadcrumb":{"@id":"https:\/\/lisakroeber.com\/et\/toode\/korvarongad-sadelevdf\/#breadcrumb"},"inLanguage":"et","potentialAction":[{"@type":"ReadAction","target":["https:\/\/lisakroeber.com\/et\/toode\/korvarongad-sadelevdf\/"]}]},{"@type":"ImageObject","inLanguage":"et","@id":"https:\/\/lisakroeber.com\/et\/toode\/korvarongad-sadelevdf\/#primaryimage","url":"https:\/\/lisakroeber.com\/wp-content\/uploads\/2023\/12\/double_folded_sparkling_gold.jpg","contentUrl":"https:\/\/lisakroeber.com\/wp-content\/uploads\/2023\/12\/double_folded_sparkling_gold.jpg","width":1500,"height":1500},{"@type":"BreadcrumbList","@id":"https:\/\/lisakroeber.com\/et\/toode\/korvarongad-sadelevdf\/#breadcrumb","itemListElement":[{"@type":"ListItem","position":1,"name":"Home","item":"https:\/\/lisakroeber.com\/et\/"},{"@type":"ListItem","position":2,"name":"Pood","item":"https:\/\/lisakroeber.com\/et\/pood\/"},{"@type":"ListItem","position":3,"name":"K\u00f5rvar\u00f5ngad SPARKLING Double Folded"}]},{"@type":"WebSite","@id":"https:\/\/lisakroeber.com\/#website","url":"https:\/\/lisakroeber.com\/","name":"Lisa Kroeber Jewellery Art","description":"Lisa Kroeber Jewellery Art e-shop","publisher":{"@id":"https:\/\/lisakroeber.com\/#organization"},"potentialAction":[{"@type":"SearchAction","target":{"@type":"EntryPoint","urlTemplate":"https:\/\/lisakroeber.com\/?s={search_term_string}"},"query-input":{"@type":"PropertyValueSpecification","valueRequired":true,"valueName":"search_term_string"}}],"inLanguage":"et"},{"@type":"Organization","@id":"https:\/\/lisakroeber.com\/#organization","name":"Lisa Kroeber Jewellery","url":"https:\/\/lisakroeber.com\/","logo":{"@type":"ImageObject","inLanguage":"et","@id":"https:\/\/lisakroeber.com\/#\/schema\/logo\/image\/","url":"https:\/\/lisakroeber.com\/wp-content\/uploads\/2024\/07\/47178367_317322115661289_143956003702964224_n-e1543863670541.svg","contentUrl":"https:\/\/lisakroeber.com\/wp-content\/uploads\/2024\/07\/47178367_317322115661289_143956003702964224_n-e1543863670541.svg","width":1,"height":1,"caption":"Lisa Kroeber Jewellery"},"image":{"@id":"https:\/\/lisakroeber.com\/#\/schema\/logo\/image\/"}}]}},"_links":{"self":[{"href":"https:\/\/lisakroeber.com\/et\/wp-json\/wp\/v2\/product\/27439","targetHints":{"allow":["GET"]}}],"collection":[{"href":"https:\/\/lisakroeber.com\/et\/wp-json\/wp\/v2\/product"}],"about":[{"href":"https:\/\/lisakroeber.com\/et\/wp-json\/wp\/v2\/types\/product"}],"wp:featuredmedia":[{"embeddable":true,"href":"https:\/\/lisakroeber.com\/et\/wp-json\/wp\/v2\/media\/27479"}],"wp:attachment":[{"href":"https:\/\/lisakroeber.com\/et\/wp-json\/wp\/v2\/media?parent=27439"}],"wp:term":[{"taxonomy":"product_brand","embeddable":true,"href":"https:\/\/lisakroeber.com\/et\/wp-json\/wp\/v2\/product_brand?post=27439"},{"taxonomy":"product_cat","embeddable":true,"href":"https:\/\/lisakroeber.com\/et\/wp-json\/wp\/v2\/product_cat?post=27439"},{"taxonomy":"product_tag","embeddable":true,"href":"https:\/\/lisakroeber.com\/et\/wp-json\/wp\/v2\/product_tag?post=27439"}],"curies":[{"name":"wp","href":"https:\/\/api.w.org\/{rel}","templated":true}]}}