{"id":27566,"date":"2023-12-03T14:53:23","date_gmt":"2023-12-03T12:53:23","guid":{"rendered":"https:\/\/lisakroeber.com\/uus\/?post_type=product&#038;p=27566"},"modified":"2026-03-17T12:45:16","modified_gmt":"2026-03-17T10:45:16","slug":"korvarongad-folded-wide-sparkling-kopie","status":"publish","type":"product","link":"https:\/\/lisakroeber.com\/et\/toode\/korvarongad-folded-wide-sparkling-kopie\/","title":{"rendered":"K\u00f5rvar\u00f5ngad Wings SPARKLING"},"content":{"rendered":"","protected":false},"excerpt":{"rendered":"<p><b>Sparkling Wings k\u00f5rvar\u00f5ngad<\/b><b><br \/>\n<\/b><span style=\"font-weight: 400;\"> Vabad. S\u00e4ravad.  V\u00e4ljendusrikkad.<\/span><\/p>\n<p><span style=\"font-weight: 400;\"><span style=\"font-weight: 400;\">Sparkling Wings k\u00f5rvar\u00f5ngad<\/span><\/span><span style=\"font-weight: 400;\"> toovad meie ikoonilisse tiivakujusse \u00f5rna s\u00e4ra. Liikumisest, vabadusest ja avastamisest inspireeritud vorm p\u00fc\u00fcab kaunilt valgust, olles samal ajal kerge ja mugav kanda. <\/span><\/p>\n<p><span style=\"font-weight: 400;\">Statement-ese peene s\u00e4raga, loodud selleks, et t\u00f5sta sinu v\u00e4limust ja liikuda sinuga kaasa, kuhu iganes tee viib.<\/span><\/p>\n<p><span style=\"font-weight: 400;\">J\u00e4rgi linki, et avastada <a href=\"https:\/\/lisakroeber.com\/et\/toode\/korvarongad-wings\/\">Wings k\u00f5rvar\u00f5ngaste teisi v\u00e4rvitoone.<\/a><\/span><\/p>\n","protected":false},"featured_media":26602,"template":"","meta":{"content-type":""},"product_brand":[],"product_cat":[342,1074,472],"product_tag":[],"class_list":{"0":"post-27566","1":"product","2":"type-product","3":"status-publish","4":"has-post-thumbnail","6":"product_cat-korvarongad","7":"product_cat-sparkling","8":"product_cat-wings-2-et","10":"first","11":"instock","12":"taxable","13":"shipping-taxable","14":"purchasable","15":"product-type-variable"},"yoast_head":"<!-- This site is optimized with the Yoast SEO plugin v27.4 - https:\/\/yoast.com\/product\/yoast-seo-wordpress\/ -->\n<title>K\u00f5rvar\u00f5ngad Wings SPARKLING - Lisa Kroeber Jewellery Art<\/title>\n<meta name=\"robots\" content=\"index, follow, max-snippet:-1, max-image-preview:large, max-video-preview:-1\" \/>\n<link rel=\"canonical\" href=\"https:\/\/lisakroeber.com\/et\/toode\/korvarongad-folded-wide-sparkling-kopie\/\" \/>\n<meta property=\"og:locale\" content=\"et_EE\" \/>\n<meta property=\"og:type\" content=\"article\" \/>\n<meta property=\"og:title\" content=\"K\u00f5rvar\u00f5ngad Wings SPARKLING - Lisa Kroeber Jewellery Art\" \/>\n<meta property=\"og:description\" content=\"Sparkling Wings k\u00f5rvar\u00f5ngad Vabad. S\u00e4ravad. V\u00e4ljendusrikkad. Sparkling Wings k\u00f5rvar\u00f5ngad toovad meie ikoonilisse tiivakujusse \u00f5rna s\u00e4ra. Liikumisest, vabadusest ja avastamisest inspireeritud vorm p\u00fc\u00fcab kaunilt valgust, olles samal ajal kerge ja mugav kanda.  Statement-ese peene s\u00e4raga, loodud selleks, et t\u00f5sta sinu v\u00e4limust ja liikuda sinuga kaasa, kuhu iganes tee viib. J\u00e4rgi linki, et avastada Wings k\u00f5rvar\u00f5ngaste teisi v\u00e4rvitoone.\" \/>\n<meta property=\"og:url\" content=\"https:\/\/lisakroeber.com\/et\/toode\/korvarongad-folded-wide-sparkling-kopie\/\" \/>\n<meta property=\"og:site_name\" content=\"Lisa Kroeber Jewellery Art\" \/>\n<meta property=\"article:modified_time\" content=\"2026-03-17T10:45:16+00:00\" \/>\n<meta property=\"og:image\" content=\"https:\/\/lisakroeber.com\/wp-content\/uploads\/2023\/11\/W6005S-scaled.jpg\" \/>\n\t<meta property=\"og:image:width\" content=\"2560\" \/>\n\t<meta property=\"og:image:height\" content=\"2560\" \/>\n\t<meta property=\"og:image:type\" content=\"image\/jpeg\" \/>\n<meta name=\"twitter:card\" content=\"summary_large_image\" \/>\n<meta name=\"twitter:label1\" content=\"Est. reading time\" \/>\n\t<meta name=\"twitter:data1\" content=\"1 minut\" \/>\n<script type=\"application\/ld+json\" class=\"yoast-schema-graph\">{\"@context\":\"https:\\\/\\\/schema.org\",\"@graph\":[{\"@type\":\"WebPage\",\"@id\":\"https:\\\/\\\/lisakroeber.com\\\/et\\\/toode\\\/korvarongad-folded-wide-sparkling-kopie\\\/\",\"url\":\"https:\\\/\\\/lisakroeber.com\\\/et\\\/toode\\\/korvarongad-folded-wide-sparkling-kopie\\\/\",\"name\":\"K\u00f5rvar\u00f5ngad Wings SPARKLING - Lisa Kroeber Jewellery Art\",\"isPartOf\":{\"@id\":\"https:\\\/\\\/lisakroeber.com\\\/#website\"},\"primaryImageOfPage\":{\"@id\":\"https:\\\/\\\/lisakroeber.com\\\/et\\\/toode\\\/korvarongad-folded-wide-sparkling-kopie\\\/#primaryimage\"},\"image\":{\"@id\":\"https:\\\/\\\/lisakroeber.com\\\/et\\\/toode\\\/korvarongad-folded-wide-sparkling-kopie\\\/#primaryimage\"},\"thumbnailUrl\":\"https:\\\/\\\/lisakroeber.com\\\/wp-content\\\/uploads\\\/2023\\\/11\\\/W6005S-scaled.jpg\",\"datePublished\":\"2023-12-03T12:53:23+00:00\",\"dateModified\":\"2026-03-17T10:45:16+00:00\",\"breadcrumb\":{\"@id\":\"https:\\\/\\\/lisakroeber.com\\\/et\\\/toode\\\/korvarongad-folded-wide-sparkling-kopie\\\/#breadcrumb\"},\"inLanguage\":\"et\",\"potentialAction\":[{\"@type\":\"ReadAction\",\"target\":[\"https:\\\/\\\/lisakroeber.com\\\/et\\\/toode\\\/korvarongad-folded-wide-sparkling-kopie\\\/\"]}]},{\"@type\":\"ImageObject\",\"inLanguage\":\"et\",\"@id\":\"https:\\\/\\\/lisakroeber.com\\\/et\\\/toode\\\/korvarongad-folded-wide-sparkling-kopie\\\/#primaryimage\",\"url\":\"https:\\\/\\\/lisakroeber.com\\\/wp-content\\\/uploads\\\/2023\\\/11\\\/W6005S-scaled.jpg\",\"contentUrl\":\"https:\\\/\\\/lisakroeber.com\\\/wp-content\\\/uploads\\\/2023\\\/11\\\/W6005S-scaled.jpg\",\"width\":2560,\"height\":2560},{\"@type\":\"BreadcrumbList\",\"@id\":\"https:\\\/\\\/lisakroeber.com\\\/et\\\/toode\\\/korvarongad-folded-wide-sparkling-kopie\\\/#breadcrumb\",\"itemListElement\":[{\"@type\":\"ListItem\",\"position\":1,\"name\":\"Home\",\"item\":\"https:\\\/\\\/lisakroeber.com\\\/et\\\/\"},{\"@type\":\"ListItem\",\"position\":2,\"name\":\"Pood\",\"item\":\"https:\\\/\\\/lisakroeber.com\\\/et\\\/pood\\\/\"},{\"@type\":\"ListItem\",\"position\":3,\"name\":\"K\u00f5rvar\u00f5ngad Wings SPARKLING\"}]},{\"@type\":\"WebSite\",\"@id\":\"https:\\\/\\\/lisakroeber.com\\\/#website\",\"url\":\"https:\\\/\\\/lisakroeber.com\\\/\",\"name\":\"Lisa Kroeber Jewellery Art\",\"description\":\"Lisa Kroeber Jewellery Art e-shop\",\"publisher\":{\"@id\":\"https:\\\/\\\/lisakroeber.com\\\/#organization\"},\"potentialAction\":[{\"@type\":\"SearchAction\",\"target\":{\"@type\":\"EntryPoint\",\"urlTemplate\":\"https:\\\/\\\/lisakroeber.com\\\/?s={search_term_string}\"},\"query-input\":{\"@type\":\"PropertyValueSpecification\",\"valueRequired\":true,\"valueName\":\"search_term_string\"}}],\"inLanguage\":\"et\"},{\"@type\":\"Organization\",\"@id\":\"https:\\\/\\\/lisakroeber.com\\\/#organization\",\"name\":\"Lisa Kroeber Jewellery\",\"url\":\"https:\\\/\\\/lisakroeber.com\\\/\",\"logo\":{\"@type\":\"ImageObject\",\"inLanguage\":\"et\",\"@id\":\"https:\\\/\\\/lisakroeber.com\\\/#\\\/schema\\\/logo\\\/image\\\/\",\"url\":\"https:\\\/\\\/lisakroeber.com\\\/wp-content\\\/uploads\\\/2024\\\/07\\\/47178367_317322115661289_143956003702964224_n-e1543863670541.svg\",\"contentUrl\":\"https:\\\/\\\/lisakroeber.com\\\/wp-content\\\/uploads\\\/2024\\\/07\\\/47178367_317322115661289_143956003702964224_n-e1543863670541.svg\",\"width\":1,\"height\":1,\"caption\":\"Lisa Kroeber Jewellery\"},\"image\":{\"@id\":\"https:\\\/\\\/lisakroeber.com\\\/#\\\/schema\\\/logo\\\/image\\\/\"}}]}<\/script>\n<!-- \/ Yoast SEO plugin. -->","yoast_head_json":{"title":"K\u00f5rvar\u00f5ngad Wings SPARKLING - Lisa Kroeber Jewellery Art","robots":{"index":"index","follow":"follow","max-snippet":"max-snippet:-1","max-image-preview":"max-image-preview:large","max-video-preview":"max-video-preview:-1"},"canonical":"https:\/\/lisakroeber.com\/et\/toode\/korvarongad-folded-wide-sparkling-kopie\/","og_locale":"et_EE","og_type":"article","og_title":"K\u00f5rvar\u00f5ngad Wings SPARKLING - Lisa Kroeber Jewellery Art","og_description":"Sparkling Wings k\u00f5rvar\u00f5ngad Vabad. S\u00e4ravad. V\u00e4ljendusrikkad. Sparkling Wings k\u00f5rvar\u00f5ngad toovad meie ikoonilisse tiivakujusse \u00f5rna s\u00e4ra. Liikumisest, vabadusest ja avastamisest inspireeritud vorm p\u00fc\u00fcab kaunilt valgust, olles samal ajal kerge ja mugav kanda.  Statement-ese peene s\u00e4raga, loodud selleks, et t\u00f5sta sinu v\u00e4limust ja liikuda sinuga kaasa, kuhu iganes tee viib. J\u00e4rgi linki, et avastada Wings k\u00f5rvar\u00f5ngaste teisi v\u00e4rvitoone.","og_url":"https:\/\/lisakroeber.com\/et\/toode\/korvarongad-folded-wide-sparkling-kopie\/","og_site_name":"Lisa Kroeber Jewellery Art","article_modified_time":"2026-03-17T10:45:16+00:00","og_image":[{"width":2560,"height":2560,"url":"https:\/\/lisakroeber.com\/wp-content\/uploads\/2023\/11\/W6005S-scaled.jpg","type":"image\/jpeg"}],"twitter_card":"summary_large_image","twitter_misc":{"Est. reading time":"1 minut"},"schema":{"@context":"https:\/\/schema.org","@graph":[{"@type":"WebPage","@id":"https:\/\/lisakroeber.com\/et\/toode\/korvarongad-folded-wide-sparkling-kopie\/","url":"https:\/\/lisakroeber.com\/et\/toode\/korvarongad-folded-wide-sparkling-kopie\/","name":"K\u00f5rvar\u00f5ngad Wings SPARKLING - Lisa Kroeber Jewellery Art","isPartOf":{"@id":"https:\/\/lisakroeber.com\/#website"},"primaryImageOfPage":{"@id":"https:\/\/lisakroeber.com\/et\/toode\/korvarongad-folded-wide-sparkling-kopie\/#primaryimage"},"image":{"@id":"https:\/\/lisakroeber.com\/et\/toode\/korvarongad-folded-wide-sparkling-kopie\/#primaryimage"},"thumbnailUrl":"https:\/\/lisakroeber.com\/wp-content\/uploads\/2023\/11\/W6005S-scaled.jpg","datePublished":"2023-12-03T12:53:23+00:00","dateModified":"2026-03-17T10:45:16+00:00","breadcrumb":{"@id":"https:\/\/lisakroeber.com\/et\/toode\/korvarongad-folded-wide-sparkling-kopie\/#breadcrumb"},"inLanguage":"et","potentialAction":[{"@type":"ReadAction","target":["https:\/\/lisakroeber.com\/et\/toode\/korvarongad-folded-wide-sparkling-kopie\/"]}]},{"@type":"ImageObject","inLanguage":"et","@id":"https:\/\/lisakroeber.com\/et\/toode\/korvarongad-folded-wide-sparkling-kopie\/#primaryimage","url":"https:\/\/lisakroeber.com\/wp-content\/uploads\/2023\/11\/W6005S-scaled.jpg","contentUrl":"https:\/\/lisakroeber.com\/wp-content\/uploads\/2023\/11\/W6005S-scaled.jpg","width":2560,"height":2560},{"@type":"BreadcrumbList","@id":"https:\/\/lisakroeber.com\/et\/toode\/korvarongad-folded-wide-sparkling-kopie\/#breadcrumb","itemListElement":[{"@type":"ListItem","position":1,"name":"Home","item":"https:\/\/lisakroeber.com\/et\/"},{"@type":"ListItem","position":2,"name":"Pood","item":"https:\/\/lisakroeber.com\/et\/pood\/"},{"@type":"ListItem","position":3,"name":"K\u00f5rvar\u00f5ngad Wings SPARKLING"}]},{"@type":"WebSite","@id":"https:\/\/lisakroeber.com\/#website","url":"https:\/\/lisakroeber.com\/","name":"Lisa Kroeber Jewellery Art","description":"Lisa Kroeber Jewellery Art e-shop","publisher":{"@id":"https:\/\/lisakroeber.com\/#organization"},"potentialAction":[{"@type":"SearchAction","target":{"@type":"EntryPoint","urlTemplate":"https:\/\/lisakroeber.com\/?s={search_term_string}"},"query-input":{"@type":"PropertyValueSpecification","valueRequired":true,"valueName":"search_term_string"}}],"inLanguage":"et"},{"@type":"Organization","@id":"https:\/\/lisakroeber.com\/#organization","name":"Lisa Kroeber Jewellery","url":"https:\/\/lisakroeber.com\/","logo":{"@type":"ImageObject","inLanguage":"et","@id":"https:\/\/lisakroeber.com\/#\/schema\/logo\/image\/","url":"https:\/\/lisakroeber.com\/wp-content\/uploads\/2024\/07\/47178367_317322115661289_143956003702964224_n-e1543863670541.svg","contentUrl":"https:\/\/lisakroeber.com\/wp-content\/uploads\/2024\/07\/47178367_317322115661289_143956003702964224_n-e1543863670541.svg","width":1,"height":1,"caption":"Lisa Kroeber Jewellery"},"image":{"@id":"https:\/\/lisakroeber.com\/#\/schema\/logo\/image\/"}}]}},"_links":{"self":[{"href":"https:\/\/lisakroeber.com\/et\/wp-json\/wp\/v2\/product\/27566","targetHints":{"allow":["GET"]}}],"collection":[{"href":"https:\/\/lisakroeber.com\/et\/wp-json\/wp\/v2\/product"}],"about":[{"href":"https:\/\/lisakroeber.com\/et\/wp-json\/wp\/v2\/types\/product"}],"wp:featuredmedia":[{"embeddable":true,"href":"https:\/\/lisakroeber.com\/et\/wp-json\/wp\/v2\/media\/26602"}],"wp:attachment":[{"href":"https:\/\/lisakroeber.com\/et\/wp-json\/wp\/v2\/media?parent=27566"}],"wp:term":[{"taxonomy":"product_brand","embeddable":true,"href":"https:\/\/lisakroeber.com\/et\/wp-json\/wp\/v2\/product_brand?post=27566"},{"taxonomy":"product_cat","embeddable":true,"href":"https:\/\/lisakroeber.com\/et\/wp-json\/wp\/v2\/product_cat?post=27566"},{"taxonomy":"product_tag","embeddable":true,"href":"https:\/\/lisakroeber.com\/et\/wp-json\/wp\/v2\/product_tag?post=27566"}],"curies":[{"name":"wp","href":"https:\/\/api.w.org\/{rel}","templated":true}]}}