{"id":29984,"date":"2024-05-23T14:09:32","date_gmt":"2024-05-23T12:09:32","guid":{"rendered":"https:\/\/lisakroeber.com\/uus\/?post_type=product&#038;p=29984"},"modified":"2026-01-09T10:56:29","modified_gmt":"2026-01-09T08:56:29","slug":"kaelakee-maasika","status":"publish","type":"product","link":"https:\/\/lisakroeber.com\/et\/toode\/kaelakee-maasika\/","title":{"rendered":"Kaelakee Maasikad"},"content":{"rendered":"<p>Meie v\u00e4ike L\u00f5una-Eesti linn Viljandi on tuntud maasikate poolest, mis siin suvel ohtralt kasvavad. Maasikad on \u00fcks linna s\u00fcmbolitest ja inspireerisid meid looma v\u00e4ikeseid maasikaid k\u00f5rvar\u00f5ngaste, kaelakeede ja prossidena. <\/p>\n<p>&nbsp;<\/p>\n","protected":false},"excerpt":{"rendered":"<p>Kollektsioon: Strawberry<\/p>\n<p>Materjalid: pulberv\u00e4rvitud messing, sterlingh\u00f5be<\/p>\n<p><span style=\"color: #333333;\">Ripatsi m\u00f5\u00f5t 2cm x 2,5cm Kee: 40 cm, Kaal: 4,5g<\/span><\/p>\n<p>K\u00f5ik tooted tarnitakse 1-5 p\u00e4eva jooksul. K\u00f5ik tooted tulevad kinkekarbis.<\/p>\n","protected":false},"featured_media":30062,"template":"","meta":{"content-type":""},"product_brand":[],"product_cat":[348,340,823],"product_tag":[],"class_list":{"0":"post-29984","1":"product","2":"type-product","3":"status-publish","4":"has-post-thumbnail","6":"product_cat-kaelakeed","7":"product_cat-kollektsioonid","8":"product_cat-maasika","10":"first","11":"instock","12":"taxable","13":"shipping-taxable","14":"purchasable","15":"product-type-simple"},"yoast_head":"<!-- This site is optimized with the Yoast SEO plugin v27.3 - https:\/\/yoast.com\/product\/yoast-seo-wordpress\/ -->\n<title>Kaelakee Maasikad - Lisa Kroeber Jewellery Art<\/title>\n<meta name=\"robots\" content=\"index, follow, max-snippet:-1, max-image-preview:large, max-video-preview:-1\" \/>\n<link rel=\"canonical\" href=\"https:\/\/lisakroeber.com\/et\/toode\/kaelakee-maasika\/\" \/>\n<meta property=\"og:locale\" content=\"et_EE\" \/>\n<meta property=\"og:type\" content=\"article\" \/>\n<meta property=\"og:title\" content=\"Kaelakee Maasikad - Lisa Kroeber Jewellery Art\" \/>\n<meta property=\"og:description\" content=\"Kollektsioon: Strawberry Materjalid: pulberv\u00e4rvitud messing, sterlingh\u00f5be Ripatsi m\u00f5\u00f5t 2cm x 2,5cm Kee: 40 cm, Kaal: 4,5g K\u00f5ik tooted tarnitakse 1-5 p\u00e4eva jooksul. K\u00f5ik tooted tulevad kinkekarbis.\" \/>\n<meta property=\"og:url\" content=\"https:\/\/lisakroeber.com\/et\/toode\/kaelakee-maasika\/\" \/>\n<meta property=\"og:site_name\" content=\"Lisa Kroeber Jewellery Art\" \/>\n<meta property=\"article:modified_time\" content=\"2026-01-09T08:56:29+00:00\" \/>\n<meta property=\"og:image\" content=\"https:\/\/lisakroeber.com\/wp-content\/uploads\/2024\/05\/Maasika-Kee.jpg\" \/>\n\t<meta property=\"og:image:width\" content=\"1772\" \/>\n\t<meta property=\"og:image:height\" content=\"1772\" \/>\n\t<meta property=\"og:image:type\" content=\"image\/jpeg\" \/>\n<meta name=\"twitter:card\" content=\"summary_large_image\" \/>\n<meta name=\"twitter:label1\" content=\"Est. reading time\" \/>\n\t<meta name=\"twitter:data1\" content=\"1 minut\" \/>\n<script type=\"application\/ld+json\" class=\"yoast-schema-graph\">{\"@context\":\"https:\\\/\\\/schema.org\",\"@graph\":[{\"@type\":\"WebPage\",\"@id\":\"https:\\\/\\\/lisakroeber.com\\\/et\\\/toode\\\/kaelakee-maasika\\\/\",\"url\":\"https:\\\/\\\/lisakroeber.com\\\/et\\\/toode\\\/kaelakee-maasika\\\/\",\"name\":\"Kaelakee Maasikad - Lisa Kroeber Jewellery Art\",\"isPartOf\":{\"@id\":\"https:\\\/\\\/lisakroeber.com\\\/#website\"},\"primaryImageOfPage\":{\"@id\":\"https:\\\/\\\/lisakroeber.com\\\/et\\\/toode\\\/kaelakee-maasika\\\/#primaryimage\"},\"image\":{\"@id\":\"https:\\\/\\\/lisakroeber.com\\\/et\\\/toode\\\/kaelakee-maasika\\\/#primaryimage\"},\"thumbnailUrl\":\"https:\\\/\\\/lisakroeber.com\\\/wp-content\\\/uploads\\\/2024\\\/05\\\/Maasika-Kee.jpg\",\"datePublished\":\"2024-05-23T12:09:32+00:00\",\"dateModified\":\"2026-01-09T08:56:29+00:00\",\"breadcrumb\":{\"@id\":\"https:\\\/\\\/lisakroeber.com\\\/et\\\/toode\\\/kaelakee-maasika\\\/#breadcrumb\"},\"inLanguage\":\"et\",\"potentialAction\":[{\"@type\":\"ReadAction\",\"target\":[\"https:\\\/\\\/lisakroeber.com\\\/et\\\/toode\\\/kaelakee-maasika\\\/\"]}]},{\"@type\":\"ImageObject\",\"inLanguage\":\"et\",\"@id\":\"https:\\\/\\\/lisakroeber.com\\\/et\\\/toode\\\/kaelakee-maasika\\\/#primaryimage\",\"url\":\"https:\\\/\\\/lisakroeber.com\\\/wp-content\\\/uploads\\\/2024\\\/05\\\/Maasika-Kee.jpg\",\"contentUrl\":\"https:\\\/\\\/lisakroeber.com\\\/wp-content\\\/uploads\\\/2024\\\/05\\\/Maasika-Kee.jpg\",\"width\":1772,\"height\":1772,\"caption\":\"KONICA MINOLTA DIGITAL CAMERA\"},{\"@type\":\"BreadcrumbList\",\"@id\":\"https:\\\/\\\/lisakroeber.com\\\/et\\\/toode\\\/kaelakee-maasika\\\/#breadcrumb\",\"itemListElement\":[{\"@type\":\"ListItem\",\"position\":1,\"name\":\"Home\",\"item\":\"https:\\\/\\\/lisakroeber.com\\\/et\\\/\"},{\"@type\":\"ListItem\",\"position\":2,\"name\":\"Pood\",\"item\":\"https:\\\/\\\/lisakroeber.com\\\/et\\\/pood\\\/\"},{\"@type\":\"ListItem\",\"position\":3,\"name\":\"Kaelakee Maasikad\"}]},{\"@type\":\"WebSite\",\"@id\":\"https:\\\/\\\/lisakroeber.com\\\/#website\",\"url\":\"https:\\\/\\\/lisakroeber.com\\\/\",\"name\":\"Lisa Kroeber Jewellery Art\",\"description\":\"Lisa Kroeber Jewellery Art e-shop\",\"publisher\":{\"@id\":\"https:\\\/\\\/lisakroeber.com\\\/#organization\"},\"potentialAction\":[{\"@type\":\"SearchAction\",\"target\":{\"@type\":\"EntryPoint\",\"urlTemplate\":\"https:\\\/\\\/lisakroeber.com\\\/?s={search_term_string}\"},\"query-input\":{\"@type\":\"PropertyValueSpecification\",\"valueRequired\":true,\"valueName\":\"search_term_string\"}}],\"inLanguage\":\"et\"},{\"@type\":\"Organization\",\"@id\":\"https:\\\/\\\/lisakroeber.com\\\/#organization\",\"name\":\"Lisa Kroeber Jewellery\",\"url\":\"https:\\\/\\\/lisakroeber.com\\\/\",\"logo\":{\"@type\":\"ImageObject\",\"inLanguage\":\"et\",\"@id\":\"https:\\\/\\\/lisakroeber.com\\\/#\\\/schema\\\/logo\\\/image\\\/\",\"url\":\"https:\\\/\\\/lisakroeber.com\\\/wp-content\\\/uploads\\\/2024\\\/07\\\/47178367_317322115661289_143956003702964224_n-e1543863670541.svg\",\"contentUrl\":\"https:\\\/\\\/lisakroeber.com\\\/wp-content\\\/uploads\\\/2024\\\/07\\\/47178367_317322115661289_143956003702964224_n-e1543863670541.svg\",\"width\":1,\"height\":1,\"caption\":\"Lisa Kroeber Jewellery\"},\"image\":{\"@id\":\"https:\\\/\\\/lisakroeber.com\\\/#\\\/schema\\\/logo\\\/image\\\/\"}}]}<\/script>\n<!-- \/ Yoast SEO plugin. -->","yoast_head_json":{"title":"Kaelakee Maasikad - Lisa Kroeber Jewellery Art","robots":{"index":"index","follow":"follow","max-snippet":"max-snippet:-1","max-image-preview":"max-image-preview:large","max-video-preview":"max-video-preview:-1"},"canonical":"https:\/\/lisakroeber.com\/et\/toode\/kaelakee-maasika\/","og_locale":"et_EE","og_type":"article","og_title":"Kaelakee Maasikad - Lisa Kroeber Jewellery Art","og_description":"Kollektsioon: Strawberry Materjalid: pulberv\u00e4rvitud messing, sterlingh\u00f5be Ripatsi m\u00f5\u00f5t 2cm x 2,5cm Kee: 40 cm, Kaal: 4,5g K\u00f5ik tooted tarnitakse 1-5 p\u00e4eva jooksul. K\u00f5ik tooted tulevad kinkekarbis.","og_url":"https:\/\/lisakroeber.com\/et\/toode\/kaelakee-maasika\/","og_site_name":"Lisa Kroeber Jewellery Art","article_modified_time":"2026-01-09T08:56:29+00:00","og_image":[{"width":1772,"height":1772,"url":"https:\/\/lisakroeber.com\/wp-content\/uploads\/2024\/05\/Maasika-Kee.jpg","type":"image\/jpeg"}],"twitter_card":"summary_large_image","twitter_misc":{"Est. reading time":"1 minut"},"schema":{"@context":"https:\/\/schema.org","@graph":[{"@type":"WebPage","@id":"https:\/\/lisakroeber.com\/et\/toode\/kaelakee-maasika\/","url":"https:\/\/lisakroeber.com\/et\/toode\/kaelakee-maasika\/","name":"Kaelakee Maasikad - Lisa Kroeber Jewellery Art","isPartOf":{"@id":"https:\/\/lisakroeber.com\/#website"},"primaryImageOfPage":{"@id":"https:\/\/lisakroeber.com\/et\/toode\/kaelakee-maasika\/#primaryimage"},"image":{"@id":"https:\/\/lisakroeber.com\/et\/toode\/kaelakee-maasika\/#primaryimage"},"thumbnailUrl":"https:\/\/lisakroeber.com\/wp-content\/uploads\/2024\/05\/Maasika-Kee.jpg","datePublished":"2024-05-23T12:09:32+00:00","dateModified":"2026-01-09T08:56:29+00:00","breadcrumb":{"@id":"https:\/\/lisakroeber.com\/et\/toode\/kaelakee-maasika\/#breadcrumb"},"inLanguage":"et","potentialAction":[{"@type":"ReadAction","target":["https:\/\/lisakroeber.com\/et\/toode\/kaelakee-maasika\/"]}]},{"@type":"ImageObject","inLanguage":"et","@id":"https:\/\/lisakroeber.com\/et\/toode\/kaelakee-maasika\/#primaryimage","url":"https:\/\/lisakroeber.com\/wp-content\/uploads\/2024\/05\/Maasika-Kee.jpg","contentUrl":"https:\/\/lisakroeber.com\/wp-content\/uploads\/2024\/05\/Maasika-Kee.jpg","width":1772,"height":1772,"caption":"KONICA MINOLTA DIGITAL CAMERA"},{"@type":"BreadcrumbList","@id":"https:\/\/lisakroeber.com\/et\/toode\/kaelakee-maasika\/#breadcrumb","itemListElement":[{"@type":"ListItem","position":1,"name":"Home","item":"https:\/\/lisakroeber.com\/et\/"},{"@type":"ListItem","position":2,"name":"Pood","item":"https:\/\/lisakroeber.com\/et\/pood\/"},{"@type":"ListItem","position":3,"name":"Kaelakee Maasikad"}]},{"@type":"WebSite","@id":"https:\/\/lisakroeber.com\/#website","url":"https:\/\/lisakroeber.com\/","name":"Lisa Kroeber Jewellery Art","description":"Lisa Kroeber Jewellery Art e-shop","publisher":{"@id":"https:\/\/lisakroeber.com\/#organization"},"potentialAction":[{"@type":"SearchAction","target":{"@type":"EntryPoint","urlTemplate":"https:\/\/lisakroeber.com\/?s={search_term_string}"},"query-input":{"@type":"PropertyValueSpecification","valueRequired":true,"valueName":"search_term_string"}}],"inLanguage":"et"},{"@type":"Organization","@id":"https:\/\/lisakroeber.com\/#organization","name":"Lisa Kroeber Jewellery","url":"https:\/\/lisakroeber.com\/","logo":{"@type":"ImageObject","inLanguage":"et","@id":"https:\/\/lisakroeber.com\/#\/schema\/logo\/image\/","url":"https:\/\/lisakroeber.com\/wp-content\/uploads\/2024\/07\/47178367_317322115661289_143956003702964224_n-e1543863670541.svg","contentUrl":"https:\/\/lisakroeber.com\/wp-content\/uploads\/2024\/07\/47178367_317322115661289_143956003702964224_n-e1543863670541.svg","width":1,"height":1,"caption":"Lisa Kroeber Jewellery"},"image":{"@id":"https:\/\/lisakroeber.com\/#\/schema\/logo\/image\/"}}]}},"_links":{"self":[{"href":"https:\/\/lisakroeber.com\/et\/wp-json\/wp\/v2\/product\/29984","targetHints":{"allow":["GET"]}}],"collection":[{"href":"https:\/\/lisakroeber.com\/et\/wp-json\/wp\/v2\/product"}],"about":[{"href":"https:\/\/lisakroeber.com\/et\/wp-json\/wp\/v2\/types\/product"}],"wp:featuredmedia":[{"embeddable":true,"href":"https:\/\/lisakroeber.com\/et\/wp-json\/wp\/v2\/media\/30062"}],"wp:attachment":[{"href":"https:\/\/lisakroeber.com\/et\/wp-json\/wp\/v2\/media?parent=29984"}],"wp:term":[{"taxonomy":"product_brand","embeddable":true,"href":"https:\/\/lisakroeber.com\/et\/wp-json\/wp\/v2\/product_brand?post=29984"},{"taxonomy":"product_cat","embeddable":true,"href":"https:\/\/lisakroeber.com\/et\/wp-json\/wp\/v2\/product_cat?post=29984"},{"taxonomy":"product_tag","embeddable":true,"href":"https:\/\/lisakroeber.com\/et\/wp-json\/wp\/v2\/product_tag?post=29984"}],"curies":[{"name":"wp","href":"https:\/\/api.w.org\/{rel}","templated":true}]}}