{"id":29987,"date":"2024-05-23T14:21:22","date_gmt":"2024-05-23T12:21:22","guid":{"rendered":"https:\/\/lisakroeber.com\/uus\/?post_type=product&#038;p=29987"},"modified":"2026-01-09T10:36:39","modified_gmt":"2026-01-09T08:36:39","slug":"korvarongad-maasika","status":"publish","type":"product","link":"https:\/\/lisakroeber.com\/et\/toode\/korvarongad-maasika\/","title":{"rendered":"K\u00f5rvar\u00f5ngad Maasikad"},"content":{"rendered":"<p data-start=\"562\" data-end=\"627\"><strong data-start=\"562\" data-end=\"588\">Strawberry k\u00f5rvar\u00f5ngad<\/strong><br data-start=\"588\" data-end=\"591\" \/>M\u00e4ngulised. Ikonilised. Kohalikud.<\/p>\n<p data-start=\"629\" data-end=\"954\"><strong><em data-start=\"629\" data-end=\"641\">Strawberry<\/em><\/strong> k\u00f5rvar\u00f5ngad on inspireeritud meie v\u00e4ikelinnast Viljandist\u00a0\u2014 kohast, kus suvised maasikad on lahutamatu osa kohalikust elust. Maasikas kui linna s\u00fcmbol sai loomulikuks inspiratsiooniks luua sellest v\u00e4ikesed ehted. Need pisikesed maasikad lisavad igap\u00e4evaellu r\u00f5\u00f5mu, v\u00e4rvi ja kohalikku hingamist.<\/p>\n","protected":false},"excerpt":{"rendered":"<p data-start=\"134\" data-end=\"185\"><strong data-start=\"134\" data-end=\"157\">K\u00f5rvar\u00f5ngad Maasikad<\/strong><br data-start=\"157\" data-end=\"160\">M\u00e4ngulised. Ikoonilised. Kohalikud.  <\/p>\n<p data-start=\"187\" data-end=\"528\">Meie maasikakujulised k\u00f5rvar\u00f5ngad on inspireeritud meie v\u00e4ikesest kodulinnast Viljandist L\u00f5una-Eestis \u2014 paigast, mis on tuntud oma rikkalike suviste maasikate poolest. Linna s\u00fcmbolina tundus maasikas ideaalne motiiv, millest luua ehe. Need pisikesed maasikad toovad sinu igap\u00e4evasesse stiili r\u00f5\u00f5mu, v\u00e4rvi ja kohalikku iseloomu.  <\/p>\n<p>Kollektsioon: Strawberry<\/p>\n<p>Materjalid: pulberv\u00e4rvitud messing, sterlingh\u00f5be<\/p>\n<p><span style=\"color: #333333;\">Suurus: 2cm x 2.5cm <\/span><\/p>\n<p><span style=\"color: #333333;\">Kaal (tk): 2g<\/span><\/p>\n<p>K\u00f5ik tooted tarnitakse 1-5 p\u00e4eva jooksul.<\/p>\n<p>K\u00f5ik tooted tulevad kinkekarbis.<\/p>\n","protected":false},"featured_media":30155,"template":"","meta":{"content-type":""},"product_brand":[],"product_cat":[342,340,823],"product_tag":[],"class_list":{"0":"post-29987","1":"product","2":"type-product","3":"status-publish","4":"has-post-thumbnail","6":"product_cat-korvarongad","7":"product_cat-kollektsioonid","8":"product_cat-maasika","10":"first","11":"instock","12":"taxable","13":"shipping-taxable","14":"purchasable","15":"product-type-simple"},"yoast_head":"<!-- This site is optimized with the Yoast SEO plugin v27.3 - https:\/\/yoast.com\/product\/yoast-seo-wordpress\/ -->\n<title>K\u00f5rvar\u00f5ngad Maasikad - Lisa Kroeber Jewellery Art<\/title>\n<meta name=\"robots\" content=\"index, follow, max-snippet:-1, max-image-preview:large, max-video-preview:-1\" \/>\n<link rel=\"canonical\" href=\"https:\/\/lisakroeber.com\/et\/toode\/korvarongad-maasika\/\" \/>\n<meta property=\"og:locale\" content=\"et_EE\" \/>\n<meta property=\"og:type\" content=\"article\" \/>\n<meta property=\"og:title\" content=\"K\u00f5rvar\u00f5ngad Maasikad - Lisa Kroeber Jewellery Art\" \/>\n<meta property=\"og:description\" content=\"K\u00f5rvar\u00f5ngad MaasikadM\u00e4ngulised. Ikoonilised. Kohalikud.  Meie maasikakujulised k\u00f5rvar\u00f5ngad on inspireeritud meie v\u00e4ikesest kodulinnast Viljandist L\u00f5una-Eestis \u2014 paigast, mis on tuntud oma rikkalike suviste maasikate poolest. Linna s\u00fcmbolina tundus maasikas ideaalne motiiv, millest luua ehe. Need pisikesed maasikad toovad sinu igap\u00e4evasesse stiili r\u00f5\u00f5mu, v\u00e4rvi ja kohalikku iseloomu.  Kollektsioon: Strawberry Materjalid: pulberv\u00e4rvitud messing, sterlingh\u00f5be Suurus: 2cm x 2.5cm  Kaal (tk): 2g K\u00f5ik tooted tarnitakse 1-5 p\u00e4eva jooksul. K\u00f5ik tooted tulevad kinkekarbis.\" \/>\n<meta property=\"og:url\" content=\"https:\/\/lisakroeber.com\/et\/toode\/korvarongad-maasika\/\" \/>\n<meta property=\"og:site_name\" content=\"Lisa Kroeber Jewellery Art\" \/>\n<meta property=\"article:modified_time\" content=\"2026-01-09T08:36:39+00:00\" \/>\n<meta property=\"og:image\" content=\"https:\/\/lisakroeber.com\/wp-content\/uploads\/2024\/06\/Maasikad-earrings-front.jpg\" \/>\n\t<meta property=\"og:image:width\" content=\"1772\" \/>\n\t<meta property=\"og:image:height\" content=\"1772\" \/>\n\t<meta property=\"og:image:type\" content=\"image\/jpeg\" \/>\n<meta name=\"twitter:card\" content=\"summary_large_image\" \/>\n<meta name=\"twitter:label1\" content=\"Est. reading time\" \/>\n\t<meta name=\"twitter:data1\" content=\"1 minut\" \/>\n<script type=\"application\/ld+json\" class=\"yoast-schema-graph\">{\"@context\":\"https:\\\/\\\/schema.org\",\"@graph\":[{\"@type\":\"WebPage\",\"@id\":\"https:\\\/\\\/lisakroeber.com\\\/et\\\/toode\\\/korvarongad-maasika\\\/\",\"url\":\"https:\\\/\\\/lisakroeber.com\\\/et\\\/toode\\\/korvarongad-maasika\\\/\",\"name\":\"K\u00f5rvar\u00f5ngad Maasikad - Lisa Kroeber Jewellery Art\",\"isPartOf\":{\"@id\":\"https:\\\/\\\/lisakroeber.com\\\/#website\"},\"primaryImageOfPage\":{\"@id\":\"https:\\\/\\\/lisakroeber.com\\\/et\\\/toode\\\/korvarongad-maasika\\\/#primaryimage\"},\"image\":{\"@id\":\"https:\\\/\\\/lisakroeber.com\\\/et\\\/toode\\\/korvarongad-maasika\\\/#primaryimage\"},\"thumbnailUrl\":\"https:\\\/\\\/lisakroeber.com\\\/wp-content\\\/uploads\\\/2024\\\/06\\\/Maasikad-earrings-front.jpg\",\"datePublished\":\"2024-05-23T12:21:22+00:00\",\"dateModified\":\"2026-01-09T08:36:39+00:00\",\"breadcrumb\":{\"@id\":\"https:\\\/\\\/lisakroeber.com\\\/et\\\/toode\\\/korvarongad-maasika\\\/#breadcrumb\"},\"inLanguage\":\"et\",\"potentialAction\":[{\"@type\":\"ReadAction\",\"target\":[\"https:\\\/\\\/lisakroeber.com\\\/et\\\/toode\\\/korvarongad-maasika\\\/\"]}]},{\"@type\":\"ImageObject\",\"inLanguage\":\"et\",\"@id\":\"https:\\\/\\\/lisakroeber.com\\\/et\\\/toode\\\/korvarongad-maasika\\\/#primaryimage\",\"url\":\"https:\\\/\\\/lisakroeber.com\\\/wp-content\\\/uploads\\\/2024\\\/06\\\/Maasikad-earrings-front.jpg\",\"contentUrl\":\"https:\\\/\\\/lisakroeber.com\\\/wp-content\\\/uploads\\\/2024\\\/06\\\/Maasikad-earrings-front.jpg\",\"width\":1772,\"height\":1772,\"caption\":\"K\u00f5rvar\u00f5ngad Maasikad tootefoto\"},{\"@type\":\"BreadcrumbList\",\"@id\":\"https:\\\/\\\/lisakroeber.com\\\/et\\\/toode\\\/korvarongad-maasika\\\/#breadcrumb\",\"itemListElement\":[{\"@type\":\"ListItem\",\"position\":1,\"name\":\"Home\",\"item\":\"https:\\\/\\\/lisakroeber.com\\\/et\\\/\"},{\"@type\":\"ListItem\",\"position\":2,\"name\":\"Pood\",\"item\":\"https:\\\/\\\/lisakroeber.com\\\/et\\\/pood\\\/\"},{\"@type\":\"ListItem\",\"position\":3,\"name\":\"K\u00f5rvar\u00f5ngad Maasikad\"}]},{\"@type\":\"WebSite\",\"@id\":\"https:\\\/\\\/lisakroeber.com\\\/#website\",\"url\":\"https:\\\/\\\/lisakroeber.com\\\/\",\"name\":\"Lisa Kroeber Jewellery Art\",\"description\":\"Lisa Kroeber Jewellery Art e-shop\",\"publisher\":{\"@id\":\"https:\\\/\\\/lisakroeber.com\\\/#organization\"},\"potentialAction\":[{\"@type\":\"SearchAction\",\"target\":{\"@type\":\"EntryPoint\",\"urlTemplate\":\"https:\\\/\\\/lisakroeber.com\\\/?s={search_term_string}\"},\"query-input\":{\"@type\":\"PropertyValueSpecification\",\"valueRequired\":true,\"valueName\":\"search_term_string\"}}],\"inLanguage\":\"et\"},{\"@type\":\"Organization\",\"@id\":\"https:\\\/\\\/lisakroeber.com\\\/#organization\",\"name\":\"Lisa Kroeber Jewellery\",\"url\":\"https:\\\/\\\/lisakroeber.com\\\/\",\"logo\":{\"@type\":\"ImageObject\",\"inLanguage\":\"et\",\"@id\":\"https:\\\/\\\/lisakroeber.com\\\/#\\\/schema\\\/logo\\\/image\\\/\",\"url\":\"https:\\\/\\\/lisakroeber.com\\\/wp-content\\\/uploads\\\/2024\\\/07\\\/47178367_317322115661289_143956003702964224_n-e1543863670541.svg\",\"contentUrl\":\"https:\\\/\\\/lisakroeber.com\\\/wp-content\\\/uploads\\\/2024\\\/07\\\/47178367_317322115661289_143956003702964224_n-e1543863670541.svg\",\"width\":1,\"height\":1,\"caption\":\"Lisa Kroeber Jewellery\"},\"image\":{\"@id\":\"https:\\\/\\\/lisakroeber.com\\\/#\\\/schema\\\/logo\\\/image\\\/\"}}]}<\/script>\n<!-- \/ Yoast SEO plugin. -->","yoast_head_json":{"title":"K\u00f5rvar\u00f5ngad Maasikad - Lisa Kroeber Jewellery Art","robots":{"index":"index","follow":"follow","max-snippet":"max-snippet:-1","max-image-preview":"max-image-preview:large","max-video-preview":"max-video-preview:-1"},"canonical":"https:\/\/lisakroeber.com\/et\/toode\/korvarongad-maasika\/","og_locale":"et_EE","og_type":"article","og_title":"K\u00f5rvar\u00f5ngad Maasikad - Lisa Kroeber Jewellery Art","og_description":"K\u00f5rvar\u00f5ngad MaasikadM\u00e4ngulised. Ikoonilised. Kohalikud.  Meie maasikakujulised k\u00f5rvar\u00f5ngad on inspireeritud meie v\u00e4ikesest kodulinnast Viljandist L\u00f5una-Eestis \u2014 paigast, mis on tuntud oma rikkalike suviste maasikate poolest. Linna s\u00fcmbolina tundus maasikas ideaalne motiiv, millest luua ehe. Need pisikesed maasikad toovad sinu igap\u00e4evasesse stiili r\u00f5\u00f5mu, v\u00e4rvi ja kohalikku iseloomu.  Kollektsioon: Strawberry Materjalid: pulberv\u00e4rvitud messing, sterlingh\u00f5be Suurus: 2cm x 2.5cm  Kaal (tk): 2g K\u00f5ik tooted tarnitakse 1-5 p\u00e4eva jooksul. K\u00f5ik tooted tulevad kinkekarbis.","og_url":"https:\/\/lisakroeber.com\/et\/toode\/korvarongad-maasika\/","og_site_name":"Lisa Kroeber Jewellery Art","article_modified_time":"2026-01-09T08:36:39+00:00","og_image":[{"width":1772,"height":1772,"url":"https:\/\/lisakroeber.com\/wp-content\/uploads\/2024\/06\/Maasikad-earrings-front.jpg","type":"image\/jpeg"}],"twitter_card":"summary_large_image","twitter_misc":{"Est. reading time":"1 minut"},"schema":{"@context":"https:\/\/schema.org","@graph":[{"@type":"WebPage","@id":"https:\/\/lisakroeber.com\/et\/toode\/korvarongad-maasika\/","url":"https:\/\/lisakroeber.com\/et\/toode\/korvarongad-maasika\/","name":"K\u00f5rvar\u00f5ngad Maasikad - Lisa Kroeber Jewellery Art","isPartOf":{"@id":"https:\/\/lisakroeber.com\/#website"},"primaryImageOfPage":{"@id":"https:\/\/lisakroeber.com\/et\/toode\/korvarongad-maasika\/#primaryimage"},"image":{"@id":"https:\/\/lisakroeber.com\/et\/toode\/korvarongad-maasika\/#primaryimage"},"thumbnailUrl":"https:\/\/lisakroeber.com\/wp-content\/uploads\/2024\/06\/Maasikad-earrings-front.jpg","datePublished":"2024-05-23T12:21:22+00:00","dateModified":"2026-01-09T08:36:39+00:00","breadcrumb":{"@id":"https:\/\/lisakroeber.com\/et\/toode\/korvarongad-maasika\/#breadcrumb"},"inLanguage":"et","potentialAction":[{"@type":"ReadAction","target":["https:\/\/lisakroeber.com\/et\/toode\/korvarongad-maasika\/"]}]},{"@type":"ImageObject","inLanguage":"et","@id":"https:\/\/lisakroeber.com\/et\/toode\/korvarongad-maasika\/#primaryimage","url":"https:\/\/lisakroeber.com\/wp-content\/uploads\/2024\/06\/Maasikad-earrings-front.jpg","contentUrl":"https:\/\/lisakroeber.com\/wp-content\/uploads\/2024\/06\/Maasikad-earrings-front.jpg","width":1772,"height":1772,"caption":"K\u00f5rvar\u00f5ngad Maasikad tootefoto"},{"@type":"BreadcrumbList","@id":"https:\/\/lisakroeber.com\/et\/toode\/korvarongad-maasika\/#breadcrumb","itemListElement":[{"@type":"ListItem","position":1,"name":"Home","item":"https:\/\/lisakroeber.com\/et\/"},{"@type":"ListItem","position":2,"name":"Pood","item":"https:\/\/lisakroeber.com\/et\/pood\/"},{"@type":"ListItem","position":3,"name":"K\u00f5rvar\u00f5ngad Maasikad"}]},{"@type":"WebSite","@id":"https:\/\/lisakroeber.com\/#website","url":"https:\/\/lisakroeber.com\/","name":"Lisa Kroeber Jewellery Art","description":"Lisa Kroeber Jewellery Art e-shop","publisher":{"@id":"https:\/\/lisakroeber.com\/#organization"},"potentialAction":[{"@type":"SearchAction","target":{"@type":"EntryPoint","urlTemplate":"https:\/\/lisakroeber.com\/?s={search_term_string}"},"query-input":{"@type":"PropertyValueSpecification","valueRequired":true,"valueName":"search_term_string"}}],"inLanguage":"et"},{"@type":"Organization","@id":"https:\/\/lisakroeber.com\/#organization","name":"Lisa Kroeber Jewellery","url":"https:\/\/lisakroeber.com\/","logo":{"@type":"ImageObject","inLanguage":"et","@id":"https:\/\/lisakroeber.com\/#\/schema\/logo\/image\/","url":"https:\/\/lisakroeber.com\/wp-content\/uploads\/2024\/07\/47178367_317322115661289_143956003702964224_n-e1543863670541.svg","contentUrl":"https:\/\/lisakroeber.com\/wp-content\/uploads\/2024\/07\/47178367_317322115661289_143956003702964224_n-e1543863670541.svg","width":1,"height":1,"caption":"Lisa Kroeber Jewellery"},"image":{"@id":"https:\/\/lisakroeber.com\/#\/schema\/logo\/image\/"}}]}},"_links":{"self":[{"href":"https:\/\/lisakroeber.com\/et\/wp-json\/wp\/v2\/product\/29987","targetHints":{"allow":["GET"]}}],"collection":[{"href":"https:\/\/lisakroeber.com\/et\/wp-json\/wp\/v2\/product"}],"about":[{"href":"https:\/\/lisakroeber.com\/et\/wp-json\/wp\/v2\/types\/product"}],"wp:featuredmedia":[{"embeddable":true,"href":"https:\/\/lisakroeber.com\/et\/wp-json\/wp\/v2\/media\/30155"}],"wp:attachment":[{"href":"https:\/\/lisakroeber.com\/et\/wp-json\/wp\/v2\/media?parent=29987"}],"wp:term":[{"taxonomy":"product_brand","embeddable":true,"href":"https:\/\/lisakroeber.com\/et\/wp-json\/wp\/v2\/product_brand?post=29987"},{"taxonomy":"product_cat","embeddable":true,"href":"https:\/\/lisakroeber.com\/et\/wp-json\/wp\/v2\/product_cat?post=29987"},{"taxonomy":"product_tag","embeddable":true,"href":"https:\/\/lisakroeber.com\/et\/wp-json\/wp\/v2\/product_tag?post=29987"}],"curies":[{"name":"wp","href":"https:\/\/api.w.org\/{rel}","templated":true}]}}