{"id":29990,"date":"2024-05-23T14:23:45","date_gmt":"2024-05-23T12:23:45","guid":{"rendered":"https:\/\/lisakroeber.com\/uus\/?post_type=product&#038;p=29990"},"modified":"2026-01-09T11:10:00","modified_gmt":"2026-01-09T09:10:00","slug":"pross-maasika","status":"publish","type":"product","link":"https:\/\/lisakroeber.com\/et\/toode\/pross-maasika\/","title":{"rendered":"Pross Maasikad"},"content":{"rendered":"<p data-start=\"187\" data-end=\"528\">\n<p>&nbsp;<\/p>\n","protected":false},"excerpt":{"rendered":"<p data-start=\"134\" data-end=\"185\">Pross Maasikad<br data-start=\"157\" data-end=\"160\">M\u00e4nguline. Ikooniline. Kohalik.  <\/p>\n<p data-start=\"187\" data-end=\"528\">Meie <em data-start=\"191\" data-end=\"203\">Maasika<\/em> pross on inspireeritud meie v\u00e4ikesest kodulinnast Viljandist, L\u00f5una-Eestis \u2013 kohast, mis on tuntud oma rikkalike suvemaasikate poolest. Linna s\u00fcmbolina tundus maasikas ideaalne motiiv, et sellest ehteid luua. Need pisikesed maasikad toovad killukese r\u00f5\u00f5mu, v\u00e4rvi ja kohalikku iseloomu sinu igap\u00e4evasesse v\u00e4limusse.  <\/p>\n<p>Kollektsioon: Strawberry<\/p>\n<p>Materjalid: pulberv\u00e4rvitud messing, sterlingh\u00f5be<\/p>\n<p><span style=\"color: #333333;\">Suurus: 2 cm x 2,5 cm Kaal: 2 g<\/span><\/p>\n<p>K\u00f5ik tooted tarnitakse 1-5 p\u00e4eva jooksul. K\u00f5ik tooted tulevad kinkekarbis.<\/p>\n","protected":false},"featured_media":30065,"template":"","meta":{"content-type":""},"product_brand":[],"product_cat":[340,823,338],"product_tag":[],"class_list":{"0":"post-29990","1":"product","2":"type-product","3":"status-publish","4":"has-post-thumbnail","6":"product_cat-kollektsioonid","7":"product_cat-maasika","8":"product_cat-prossid","10":"first","11":"instock","12":"taxable","13":"shipping-taxable","14":"purchasable","15":"product-type-simple"},"yoast_head":"<!-- This site is optimized with the Yoast SEO plugin v27.3 - https:\/\/yoast.com\/product\/yoast-seo-wordpress\/ -->\n<title>Pross Maasikad - Lisa Kroeber Jewellery Art<\/title>\n<meta name=\"robots\" content=\"index, follow, max-snippet:-1, max-image-preview:large, max-video-preview:-1\" \/>\n<link rel=\"canonical\" href=\"https:\/\/lisakroeber.com\/et\/toode\/pross-maasika\/\" \/>\n<meta property=\"og:locale\" content=\"et_EE\" \/>\n<meta property=\"og:type\" content=\"article\" \/>\n<meta property=\"og:title\" content=\"Pross Maasikad - Lisa Kroeber Jewellery Art\" \/>\n<meta property=\"og:description\" content=\"Pross MaasikadM\u00e4nguline. Ikooniline. Kohalik.  Meie Maasika pross on inspireeritud meie v\u00e4ikesest kodulinnast Viljandist, L\u00f5una-Eestis \u2013 kohast, mis on tuntud oma rikkalike suvemaasikate poolest. Linna s\u00fcmbolina tundus maasikas ideaalne motiiv, et sellest ehteid luua. Need pisikesed maasikad toovad killukese r\u00f5\u00f5mu, v\u00e4rvi ja kohalikku iseloomu sinu igap\u00e4evasesse v\u00e4limusse.  Kollektsioon: Strawberry Materjalid: pulberv\u00e4rvitud messing, sterlingh\u00f5be Suurus: 2 cm x 2,5 cm Kaal: 2 g K\u00f5ik tooted tarnitakse 1-5 p\u00e4eva jooksul. K\u00f5ik tooted tulevad kinkekarbis.\" \/>\n<meta property=\"og:url\" content=\"https:\/\/lisakroeber.com\/et\/toode\/pross-maasika\/\" \/>\n<meta property=\"og:site_name\" content=\"Lisa Kroeber Jewellery Art\" \/>\n<meta property=\"article:modified_time\" content=\"2026-01-09T09:10:00+00:00\" \/>\n<meta property=\"og:image\" content=\"https:\/\/lisakroeber.com\/wp-content\/uploads\/2024\/05\/Maasika-Pross-front.jpg\" \/>\n\t<meta property=\"og:image:width\" content=\"1772\" \/>\n\t<meta property=\"og:image:height\" content=\"1772\" \/>\n\t<meta property=\"og:image:type\" content=\"image\/jpeg\" \/>\n<meta name=\"twitter:card\" content=\"summary_large_image\" \/>\n<meta name=\"twitter:label1\" content=\"Est. reading time\" \/>\n\t<meta name=\"twitter:data1\" content=\"1 minut\" \/>\n<script type=\"application\/ld+json\" class=\"yoast-schema-graph\">{\"@context\":\"https:\\\/\\\/schema.org\",\"@graph\":[{\"@type\":\"WebPage\",\"@id\":\"https:\\\/\\\/lisakroeber.com\\\/et\\\/toode\\\/pross-maasika\\\/\",\"url\":\"https:\\\/\\\/lisakroeber.com\\\/et\\\/toode\\\/pross-maasika\\\/\",\"name\":\"Pross Maasikad - Lisa Kroeber Jewellery Art\",\"isPartOf\":{\"@id\":\"https:\\\/\\\/lisakroeber.com\\\/#website\"},\"primaryImageOfPage\":{\"@id\":\"https:\\\/\\\/lisakroeber.com\\\/et\\\/toode\\\/pross-maasika\\\/#primaryimage\"},\"image\":{\"@id\":\"https:\\\/\\\/lisakroeber.com\\\/et\\\/toode\\\/pross-maasika\\\/#primaryimage\"},\"thumbnailUrl\":\"https:\\\/\\\/lisakroeber.com\\\/wp-content\\\/uploads\\\/2024\\\/05\\\/Maasika-Pross-front.jpg\",\"datePublished\":\"2024-05-23T12:23:45+00:00\",\"dateModified\":\"2026-01-09T09:10:00+00:00\",\"breadcrumb\":{\"@id\":\"https:\\\/\\\/lisakroeber.com\\\/et\\\/toode\\\/pross-maasika\\\/#breadcrumb\"},\"inLanguage\":\"et\",\"potentialAction\":[{\"@type\":\"ReadAction\",\"target\":[\"https:\\\/\\\/lisakroeber.com\\\/et\\\/toode\\\/pross-maasika\\\/\"]}]},{\"@type\":\"ImageObject\",\"inLanguage\":\"et\",\"@id\":\"https:\\\/\\\/lisakroeber.com\\\/et\\\/toode\\\/pross-maasika\\\/#primaryimage\",\"url\":\"https:\\\/\\\/lisakroeber.com\\\/wp-content\\\/uploads\\\/2024\\\/05\\\/Maasika-Pross-front.jpg\",\"contentUrl\":\"https:\\\/\\\/lisakroeber.com\\\/wp-content\\\/uploads\\\/2024\\\/05\\\/Maasika-Pross-front.jpg\",\"width\":1772,\"height\":1772,\"caption\":\"Pross Maasikad tootefoto\"},{\"@type\":\"BreadcrumbList\",\"@id\":\"https:\\\/\\\/lisakroeber.com\\\/et\\\/toode\\\/pross-maasika\\\/#breadcrumb\",\"itemListElement\":[{\"@type\":\"ListItem\",\"position\":1,\"name\":\"Home\",\"item\":\"https:\\\/\\\/lisakroeber.com\\\/et\\\/\"},{\"@type\":\"ListItem\",\"position\":2,\"name\":\"Pood\",\"item\":\"https:\\\/\\\/lisakroeber.com\\\/et\\\/pood\\\/\"},{\"@type\":\"ListItem\",\"position\":3,\"name\":\"Pross Maasikad\"}]},{\"@type\":\"WebSite\",\"@id\":\"https:\\\/\\\/lisakroeber.com\\\/#website\",\"url\":\"https:\\\/\\\/lisakroeber.com\\\/\",\"name\":\"Lisa Kroeber Jewellery Art\",\"description\":\"Lisa Kroeber Jewellery Art e-shop\",\"publisher\":{\"@id\":\"https:\\\/\\\/lisakroeber.com\\\/#organization\"},\"potentialAction\":[{\"@type\":\"SearchAction\",\"target\":{\"@type\":\"EntryPoint\",\"urlTemplate\":\"https:\\\/\\\/lisakroeber.com\\\/?s={search_term_string}\"},\"query-input\":{\"@type\":\"PropertyValueSpecification\",\"valueRequired\":true,\"valueName\":\"search_term_string\"}}],\"inLanguage\":\"et\"},{\"@type\":\"Organization\",\"@id\":\"https:\\\/\\\/lisakroeber.com\\\/#organization\",\"name\":\"Lisa Kroeber Jewellery\",\"url\":\"https:\\\/\\\/lisakroeber.com\\\/\",\"logo\":{\"@type\":\"ImageObject\",\"inLanguage\":\"et\",\"@id\":\"https:\\\/\\\/lisakroeber.com\\\/#\\\/schema\\\/logo\\\/image\\\/\",\"url\":\"https:\\\/\\\/lisakroeber.com\\\/wp-content\\\/uploads\\\/2024\\\/07\\\/47178367_317322115661289_143956003702964224_n-e1543863670541.svg\",\"contentUrl\":\"https:\\\/\\\/lisakroeber.com\\\/wp-content\\\/uploads\\\/2024\\\/07\\\/47178367_317322115661289_143956003702964224_n-e1543863670541.svg\",\"width\":1,\"height\":1,\"caption\":\"Lisa Kroeber Jewellery\"},\"image\":{\"@id\":\"https:\\\/\\\/lisakroeber.com\\\/#\\\/schema\\\/logo\\\/image\\\/\"}}]}<\/script>\n<!-- \/ Yoast SEO plugin. -->","yoast_head_json":{"title":"Pross Maasikad - Lisa Kroeber Jewellery Art","robots":{"index":"index","follow":"follow","max-snippet":"max-snippet:-1","max-image-preview":"max-image-preview:large","max-video-preview":"max-video-preview:-1"},"canonical":"https:\/\/lisakroeber.com\/et\/toode\/pross-maasika\/","og_locale":"et_EE","og_type":"article","og_title":"Pross Maasikad - Lisa Kroeber Jewellery Art","og_description":"Pross MaasikadM\u00e4nguline. Ikooniline. Kohalik.  Meie Maasika pross on inspireeritud meie v\u00e4ikesest kodulinnast Viljandist, L\u00f5una-Eestis \u2013 kohast, mis on tuntud oma rikkalike suvemaasikate poolest. Linna s\u00fcmbolina tundus maasikas ideaalne motiiv, et sellest ehteid luua. Need pisikesed maasikad toovad killukese r\u00f5\u00f5mu, v\u00e4rvi ja kohalikku iseloomu sinu igap\u00e4evasesse v\u00e4limusse.  Kollektsioon: Strawberry Materjalid: pulberv\u00e4rvitud messing, sterlingh\u00f5be Suurus: 2 cm x 2,5 cm Kaal: 2 g K\u00f5ik tooted tarnitakse 1-5 p\u00e4eva jooksul. K\u00f5ik tooted tulevad kinkekarbis.","og_url":"https:\/\/lisakroeber.com\/et\/toode\/pross-maasika\/","og_site_name":"Lisa Kroeber Jewellery Art","article_modified_time":"2026-01-09T09:10:00+00:00","og_image":[{"width":1772,"height":1772,"url":"https:\/\/lisakroeber.com\/wp-content\/uploads\/2024\/05\/Maasika-Pross-front.jpg","type":"image\/jpeg"}],"twitter_card":"summary_large_image","twitter_misc":{"Est. reading time":"1 minut"},"schema":{"@context":"https:\/\/schema.org","@graph":[{"@type":"WebPage","@id":"https:\/\/lisakroeber.com\/et\/toode\/pross-maasika\/","url":"https:\/\/lisakroeber.com\/et\/toode\/pross-maasika\/","name":"Pross Maasikad - Lisa Kroeber Jewellery Art","isPartOf":{"@id":"https:\/\/lisakroeber.com\/#website"},"primaryImageOfPage":{"@id":"https:\/\/lisakroeber.com\/et\/toode\/pross-maasika\/#primaryimage"},"image":{"@id":"https:\/\/lisakroeber.com\/et\/toode\/pross-maasika\/#primaryimage"},"thumbnailUrl":"https:\/\/lisakroeber.com\/wp-content\/uploads\/2024\/05\/Maasika-Pross-front.jpg","datePublished":"2024-05-23T12:23:45+00:00","dateModified":"2026-01-09T09:10:00+00:00","breadcrumb":{"@id":"https:\/\/lisakroeber.com\/et\/toode\/pross-maasika\/#breadcrumb"},"inLanguage":"et","potentialAction":[{"@type":"ReadAction","target":["https:\/\/lisakroeber.com\/et\/toode\/pross-maasika\/"]}]},{"@type":"ImageObject","inLanguage":"et","@id":"https:\/\/lisakroeber.com\/et\/toode\/pross-maasika\/#primaryimage","url":"https:\/\/lisakroeber.com\/wp-content\/uploads\/2024\/05\/Maasika-Pross-front.jpg","contentUrl":"https:\/\/lisakroeber.com\/wp-content\/uploads\/2024\/05\/Maasika-Pross-front.jpg","width":1772,"height":1772,"caption":"Pross Maasikad tootefoto"},{"@type":"BreadcrumbList","@id":"https:\/\/lisakroeber.com\/et\/toode\/pross-maasika\/#breadcrumb","itemListElement":[{"@type":"ListItem","position":1,"name":"Home","item":"https:\/\/lisakroeber.com\/et\/"},{"@type":"ListItem","position":2,"name":"Pood","item":"https:\/\/lisakroeber.com\/et\/pood\/"},{"@type":"ListItem","position":3,"name":"Pross Maasikad"}]},{"@type":"WebSite","@id":"https:\/\/lisakroeber.com\/#website","url":"https:\/\/lisakroeber.com\/","name":"Lisa Kroeber Jewellery Art","description":"Lisa Kroeber Jewellery Art e-shop","publisher":{"@id":"https:\/\/lisakroeber.com\/#organization"},"potentialAction":[{"@type":"SearchAction","target":{"@type":"EntryPoint","urlTemplate":"https:\/\/lisakroeber.com\/?s={search_term_string}"},"query-input":{"@type":"PropertyValueSpecification","valueRequired":true,"valueName":"search_term_string"}}],"inLanguage":"et"},{"@type":"Organization","@id":"https:\/\/lisakroeber.com\/#organization","name":"Lisa Kroeber Jewellery","url":"https:\/\/lisakroeber.com\/","logo":{"@type":"ImageObject","inLanguage":"et","@id":"https:\/\/lisakroeber.com\/#\/schema\/logo\/image\/","url":"https:\/\/lisakroeber.com\/wp-content\/uploads\/2024\/07\/47178367_317322115661289_143956003702964224_n-e1543863670541.svg","contentUrl":"https:\/\/lisakroeber.com\/wp-content\/uploads\/2024\/07\/47178367_317322115661289_143956003702964224_n-e1543863670541.svg","width":1,"height":1,"caption":"Lisa Kroeber Jewellery"},"image":{"@id":"https:\/\/lisakroeber.com\/#\/schema\/logo\/image\/"}}]}},"_links":{"self":[{"href":"https:\/\/lisakroeber.com\/et\/wp-json\/wp\/v2\/product\/29990","targetHints":{"allow":["GET"]}}],"collection":[{"href":"https:\/\/lisakroeber.com\/et\/wp-json\/wp\/v2\/product"}],"about":[{"href":"https:\/\/lisakroeber.com\/et\/wp-json\/wp\/v2\/types\/product"}],"wp:featuredmedia":[{"embeddable":true,"href":"https:\/\/lisakroeber.com\/et\/wp-json\/wp\/v2\/media\/30065"}],"wp:attachment":[{"href":"https:\/\/lisakroeber.com\/et\/wp-json\/wp\/v2\/media?parent=29990"}],"wp:term":[{"taxonomy":"product_brand","embeddable":true,"href":"https:\/\/lisakroeber.com\/et\/wp-json\/wp\/v2\/product_brand?post=29990"},{"taxonomy":"product_cat","embeddable":true,"href":"https:\/\/lisakroeber.com\/et\/wp-json\/wp\/v2\/product_cat?post=29990"},{"taxonomy":"product_tag","embeddable":true,"href":"https:\/\/lisakroeber.com\/et\/wp-json\/wp\/v2\/product_tag?post=29990"}],"curies":[{"name":"wp","href":"https:\/\/api.w.org\/{rel}","templated":true}]}}