{"id":30112,"date":"2024-06-03T15:20:46","date_gmt":"2024-06-03T13:20:46","guid":{"rendered":"https:\/\/lisakroeber.com\/uus\/?post_type=product&#038;p=30112"},"modified":"2026-01-09T11:44:55","modified_gmt":"2026-01-09T09:44:55","slug":"korvarongad-roos","status":"publish","type":"product","link":"https:\/\/lisakroeber.com\/et\/toode\/korvarongad-roos\/","title":{"rendered":"K\u00f5rvar\u00f5ngad Viljandi Roos"},"content":{"rendered":"","protected":false},"excerpt":{"rendered":"<div>\n<p data-start=\"135\" data-end=\"192\"><strong data-start=\"135\" data-end=\"161\">Viljandi roosi k\u00f5rvar\u00f5ngad<\/strong><br data-start=\"161\" data-end=\"164\">S\u00fcmboolne. Ajatu. Kohalik.<\/p>\n<p data-start=\"194\" data-end=\"481\">Viljandi roosi <em data-start=\"198\" data-end=\"213\">k\u00f5rvar\u00f5ngad<\/em> on inspireeritud valgest roosist, meie kodulinna Viljandi s\u00fcmbolist L\u00f5una-Eestis \u2014 roosist, mis on isegi osa linna vapist. Roosi pitserit on kasutatud v\u00e4hemalt aastast 1432, muutes selle v\u00f5imsaks ajaloo ja identiteedi s\u00fcmboliks. <\/p>\n<p data-start=\"713\" data-end=\"937\">Sel aastal oleme taas loonud <em data-start=\"751\" data-end=\"767\">Viljandi roosid<\/em> eheteks \u2014 \u00f5rnad k\u00f5rvar\u00f5ngad ja v\u00e4ikesed prossid, saadaval poleeritud h\u00f5bedast ja kullatud versioonidena. T\u00e4hendusrikas ehe, mis kannab endas paiga lugu. <\/p>\n<\/div>\n<p>&nbsp;<\/p>\n","protected":false},"featured_media":30083,"template":"","meta":{"content-type":""},"product_brand":[],"product_cat":[342,340,833],"product_tag":[],"class_list":{"0":"post-30112","1":"product","2":"type-product","3":"status-publish","4":"has-post-thumbnail","6":"product_cat-korvarongad","7":"product_cat-kollektsioonid","8":"product_cat-viljandiroos","10":"first","11":"instock","12":"taxable","13":"shipping-taxable","14":"purchasable","15":"product-type-variable"},"yoast_head":"<!-- This site is optimized with the Yoast SEO plugin v27.4 - https:\/\/yoast.com\/product\/yoast-seo-wordpress\/ -->\n<title>K\u00f5rvar\u00f5ngad Viljandi Roos - Lisa Kroeber Jewellery Art<\/title>\n<meta name=\"robots\" content=\"index, follow, max-snippet:-1, max-image-preview:large, max-video-preview:-1\" \/>\n<link rel=\"canonical\" href=\"https:\/\/lisakroeber.com\/et\/toode\/korvarongad-roos\/\" \/>\n<meta property=\"og:locale\" content=\"et_EE\" \/>\n<meta property=\"og:type\" content=\"article\" \/>\n<meta property=\"og:title\" content=\"K\u00f5rvar\u00f5ngad Viljandi Roos - Lisa Kroeber Jewellery Art\" \/>\n<meta property=\"og:description\" content=\"Viljandi roosi k\u00f5rvar\u00f5ngadS\u00fcmboolne. Ajatu. Kohalik. Viljandi roosi k\u00f5rvar\u00f5ngad on inspireeritud valgest roosist, meie kodulinna Viljandi s\u00fcmbolist L\u00f5una-Eestis \u2014 roosist, mis on isegi osa linna vapist. Roosi pitserit on kasutatud v\u00e4hemalt aastast 1432, muutes selle v\u00f5imsaks ajaloo ja identiteedi s\u00fcmboliks. Sel aastal oleme taas loonud Viljandi roosid eheteks \u2014 \u00f5rnad k\u00f5rvar\u00f5ngad ja v\u00e4ikesed prossid, saadaval poleeritud h\u00f5bedast ja kullatud versioonidena. T\u00e4hendusrikas ehe, mis kannab endas paiga lugu.  &nbsp;\" \/>\n<meta property=\"og:url\" content=\"https:\/\/lisakroeber.com\/et\/toode\/korvarongad-roos\/\" \/>\n<meta property=\"og:site_name\" content=\"Lisa Kroeber Jewellery Art\" \/>\n<meta property=\"article:modified_time\" content=\"2026-01-09T09:44:55+00:00\" \/>\n<meta property=\"og:image\" content=\"https:\/\/lisakroeber.com\/wp-content\/uploads\/2024\/05\/Roos-Earrings-Silver-front.jpg\" \/>\n\t<meta property=\"og:image:width\" content=\"1772\" \/>\n\t<meta property=\"og:image:height\" content=\"1772\" \/>\n\t<meta property=\"og:image:type\" content=\"image\/jpeg\" \/>\n<meta name=\"twitter:card\" content=\"summary_large_image\" \/>\n<meta name=\"twitter:label1\" content=\"Est. reading time\" \/>\n\t<meta name=\"twitter:data1\" content=\"1 minut\" \/>\n<script type=\"application\/ld+json\" class=\"yoast-schema-graph\">{\"@context\":\"https:\\\/\\\/schema.org\",\"@graph\":[{\"@type\":\"WebPage\",\"@id\":\"https:\\\/\\\/lisakroeber.com\\\/et\\\/toode\\\/korvarongad-roos\\\/\",\"url\":\"https:\\\/\\\/lisakroeber.com\\\/et\\\/toode\\\/korvarongad-roos\\\/\",\"name\":\"K\u00f5rvar\u00f5ngad Viljandi Roos - Lisa Kroeber Jewellery Art\",\"isPartOf\":{\"@id\":\"https:\\\/\\\/lisakroeber.com\\\/#website\"},\"primaryImageOfPage\":{\"@id\":\"https:\\\/\\\/lisakroeber.com\\\/et\\\/toode\\\/korvarongad-roos\\\/#primaryimage\"},\"image\":{\"@id\":\"https:\\\/\\\/lisakroeber.com\\\/et\\\/toode\\\/korvarongad-roos\\\/#primaryimage\"},\"thumbnailUrl\":\"https:\\\/\\\/lisakroeber.com\\\/wp-content\\\/uploads\\\/2024\\\/05\\\/Roos-Earrings-Silver-front.jpg\",\"datePublished\":\"2024-06-03T13:20:46+00:00\",\"dateModified\":\"2026-01-09T09:44:55+00:00\",\"breadcrumb\":{\"@id\":\"https:\\\/\\\/lisakroeber.com\\\/et\\\/toode\\\/korvarongad-roos\\\/#breadcrumb\"},\"inLanguage\":\"et\",\"potentialAction\":[{\"@type\":\"ReadAction\",\"target\":[\"https:\\\/\\\/lisakroeber.com\\\/et\\\/toode\\\/korvarongad-roos\\\/\"]}]},{\"@type\":\"ImageObject\",\"inLanguage\":\"et\",\"@id\":\"https:\\\/\\\/lisakroeber.com\\\/et\\\/toode\\\/korvarongad-roos\\\/#primaryimage\",\"url\":\"https:\\\/\\\/lisakroeber.com\\\/wp-content\\\/uploads\\\/2024\\\/05\\\/Roos-Earrings-Silver-front.jpg\",\"contentUrl\":\"https:\\\/\\\/lisakroeber.com\\\/wp-content\\\/uploads\\\/2024\\\/05\\\/Roos-Earrings-Silver-front.jpg\",\"width\":1772,\"height\":1772,\"caption\":\"Pross Maasikad tootefoto\"},{\"@type\":\"BreadcrumbList\",\"@id\":\"https:\\\/\\\/lisakroeber.com\\\/et\\\/toode\\\/korvarongad-roos\\\/#breadcrumb\",\"itemListElement\":[{\"@type\":\"ListItem\",\"position\":1,\"name\":\"Home\",\"item\":\"https:\\\/\\\/lisakroeber.com\\\/et\\\/\"},{\"@type\":\"ListItem\",\"position\":2,\"name\":\"Pood\",\"item\":\"https:\\\/\\\/lisakroeber.com\\\/et\\\/pood\\\/\"},{\"@type\":\"ListItem\",\"position\":3,\"name\":\"K\u00f5rvar\u00f5ngad Viljandi Roos\"}]},{\"@type\":\"WebSite\",\"@id\":\"https:\\\/\\\/lisakroeber.com\\\/#website\",\"url\":\"https:\\\/\\\/lisakroeber.com\\\/\",\"name\":\"Lisa Kroeber Jewellery Art\",\"description\":\"Lisa Kroeber Jewellery Art e-shop\",\"publisher\":{\"@id\":\"https:\\\/\\\/lisakroeber.com\\\/#organization\"},\"potentialAction\":[{\"@type\":\"SearchAction\",\"target\":{\"@type\":\"EntryPoint\",\"urlTemplate\":\"https:\\\/\\\/lisakroeber.com\\\/?s={search_term_string}\"},\"query-input\":{\"@type\":\"PropertyValueSpecification\",\"valueRequired\":true,\"valueName\":\"search_term_string\"}}],\"inLanguage\":\"et\"},{\"@type\":\"Organization\",\"@id\":\"https:\\\/\\\/lisakroeber.com\\\/#organization\",\"name\":\"Lisa Kroeber Jewellery\",\"url\":\"https:\\\/\\\/lisakroeber.com\\\/\",\"logo\":{\"@type\":\"ImageObject\",\"inLanguage\":\"et\",\"@id\":\"https:\\\/\\\/lisakroeber.com\\\/#\\\/schema\\\/logo\\\/image\\\/\",\"url\":\"https:\\\/\\\/lisakroeber.com\\\/wp-content\\\/uploads\\\/2024\\\/07\\\/47178367_317322115661289_143956003702964224_n-e1543863670541.svg\",\"contentUrl\":\"https:\\\/\\\/lisakroeber.com\\\/wp-content\\\/uploads\\\/2024\\\/07\\\/47178367_317322115661289_143956003702964224_n-e1543863670541.svg\",\"width\":1,\"height\":1,\"caption\":\"Lisa Kroeber Jewellery\"},\"image\":{\"@id\":\"https:\\\/\\\/lisakroeber.com\\\/#\\\/schema\\\/logo\\\/image\\\/\"}}]}<\/script>\n<!-- \/ Yoast SEO plugin. -->","yoast_head_json":{"title":"K\u00f5rvar\u00f5ngad Viljandi Roos - Lisa Kroeber Jewellery Art","robots":{"index":"index","follow":"follow","max-snippet":"max-snippet:-1","max-image-preview":"max-image-preview:large","max-video-preview":"max-video-preview:-1"},"canonical":"https:\/\/lisakroeber.com\/et\/toode\/korvarongad-roos\/","og_locale":"et_EE","og_type":"article","og_title":"K\u00f5rvar\u00f5ngad Viljandi Roos - Lisa Kroeber Jewellery Art","og_description":"Viljandi roosi k\u00f5rvar\u00f5ngadS\u00fcmboolne. Ajatu. Kohalik. Viljandi roosi k\u00f5rvar\u00f5ngad on inspireeritud valgest roosist, meie kodulinna Viljandi s\u00fcmbolist L\u00f5una-Eestis \u2014 roosist, mis on isegi osa linna vapist. Roosi pitserit on kasutatud v\u00e4hemalt aastast 1432, muutes selle v\u00f5imsaks ajaloo ja identiteedi s\u00fcmboliks. Sel aastal oleme taas loonud Viljandi roosid eheteks \u2014 \u00f5rnad k\u00f5rvar\u00f5ngad ja v\u00e4ikesed prossid, saadaval poleeritud h\u00f5bedast ja kullatud versioonidena. T\u00e4hendusrikas ehe, mis kannab endas paiga lugu.  &nbsp;","og_url":"https:\/\/lisakroeber.com\/et\/toode\/korvarongad-roos\/","og_site_name":"Lisa Kroeber Jewellery Art","article_modified_time":"2026-01-09T09:44:55+00:00","og_image":[{"width":1772,"height":1772,"url":"https:\/\/lisakroeber.com\/wp-content\/uploads\/2024\/05\/Roos-Earrings-Silver-front.jpg","type":"image\/jpeg"}],"twitter_card":"summary_large_image","twitter_misc":{"Est. reading time":"1 minut"},"schema":{"@context":"https:\/\/schema.org","@graph":[{"@type":"WebPage","@id":"https:\/\/lisakroeber.com\/et\/toode\/korvarongad-roos\/","url":"https:\/\/lisakroeber.com\/et\/toode\/korvarongad-roos\/","name":"K\u00f5rvar\u00f5ngad Viljandi Roos - Lisa Kroeber Jewellery Art","isPartOf":{"@id":"https:\/\/lisakroeber.com\/#website"},"primaryImageOfPage":{"@id":"https:\/\/lisakroeber.com\/et\/toode\/korvarongad-roos\/#primaryimage"},"image":{"@id":"https:\/\/lisakroeber.com\/et\/toode\/korvarongad-roos\/#primaryimage"},"thumbnailUrl":"https:\/\/lisakroeber.com\/wp-content\/uploads\/2024\/05\/Roos-Earrings-Silver-front.jpg","datePublished":"2024-06-03T13:20:46+00:00","dateModified":"2026-01-09T09:44:55+00:00","breadcrumb":{"@id":"https:\/\/lisakroeber.com\/et\/toode\/korvarongad-roos\/#breadcrumb"},"inLanguage":"et","potentialAction":[{"@type":"ReadAction","target":["https:\/\/lisakroeber.com\/et\/toode\/korvarongad-roos\/"]}]},{"@type":"ImageObject","inLanguage":"et","@id":"https:\/\/lisakroeber.com\/et\/toode\/korvarongad-roos\/#primaryimage","url":"https:\/\/lisakroeber.com\/wp-content\/uploads\/2024\/05\/Roos-Earrings-Silver-front.jpg","contentUrl":"https:\/\/lisakroeber.com\/wp-content\/uploads\/2024\/05\/Roos-Earrings-Silver-front.jpg","width":1772,"height":1772,"caption":"Pross Maasikad tootefoto"},{"@type":"BreadcrumbList","@id":"https:\/\/lisakroeber.com\/et\/toode\/korvarongad-roos\/#breadcrumb","itemListElement":[{"@type":"ListItem","position":1,"name":"Home","item":"https:\/\/lisakroeber.com\/et\/"},{"@type":"ListItem","position":2,"name":"Pood","item":"https:\/\/lisakroeber.com\/et\/pood\/"},{"@type":"ListItem","position":3,"name":"K\u00f5rvar\u00f5ngad Viljandi Roos"}]},{"@type":"WebSite","@id":"https:\/\/lisakroeber.com\/#website","url":"https:\/\/lisakroeber.com\/","name":"Lisa Kroeber Jewellery Art","description":"Lisa Kroeber Jewellery Art e-shop","publisher":{"@id":"https:\/\/lisakroeber.com\/#organization"},"potentialAction":[{"@type":"SearchAction","target":{"@type":"EntryPoint","urlTemplate":"https:\/\/lisakroeber.com\/?s={search_term_string}"},"query-input":{"@type":"PropertyValueSpecification","valueRequired":true,"valueName":"search_term_string"}}],"inLanguage":"et"},{"@type":"Organization","@id":"https:\/\/lisakroeber.com\/#organization","name":"Lisa Kroeber Jewellery","url":"https:\/\/lisakroeber.com\/","logo":{"@type":"ImageObject","inLanguage":"et","@id":"https:\/\/lisakroeber.com\/#\/schema\/logo\/image\/","url":"https:\/\/lisakroeber.com\/wp-content\/uploads\/2024\/07\/47178367_317322115661289_143956003702964224_n-e1543863670541.svg","contentUrl":"https:\/\/lisakroeber.com\/wp-content\/uploads\/2024\/07\/47178367_317322115661289_143956003702964224_n-e1543863670541.svg","width":1,"height":1,"caption":"Lisa Kroeber Jewellery"},"image":{"@id":"https:\/\/lisakroeber.com\/#\/schema\/logo\/image\/"}}]}},"_links":{"self":[{"href":"https:\/\/lisakroeber.com\/et\/wp-json\/wp\/v2\/product\/30112","targetHints":{"allow":["GET"]}}],"collection":[{"href":"https:\/\/lisakroeber.com\/et\/wp-json\/wp\/v2\/product"}],"about":[{"href":"https:\/\/lisakroeber.com\/et\/wp-json\/wp\/v2\/types\/product"}],"wp:featuredmedia":[{"embeddable":true,"href":"https:\/\/lisakroeber.com\/et\/wp-json\/wp\/v2\/media\/30083"}],"wp:attachment":[{"href":"https:\/\/lisakroeber.com\/et\/wp-json\/wp\/v2\/media?parent=30112"}],"wp:term":[{"taxonomy":"product_brand","embeddable":true,"href":"https:\/\/lisakroeber.com\/et\/wp-json\/wp\/v2\/product_brand?post=30112"},{"taxonomy":"product_cat","embeddable":true,"href":"https:\/\/lisakroeber.com\/et\/wp-json\/wp\/v2\/product_cat?post=30112"},{"taxonomy":"product_tag","embeddable":true,"href":"https:\/\/lisakroeber.com\/et\/wp-json\/wp\/v2\/product_tag?post=30112"}],"curies":[{"name":"wp","href":"https:\/\/api.w.org\/{rel}","templated":true}]}}