{"id":30129,"date":"2024-06-03T15:29:21","date_gmt":"2024-06-03T13:29:21","guid":{"rendered":"https:\/\/lisakroeber.com\/uus\/?post_type=product&#038;p=30129"},"modified":"2025-12-15T16:55:32","modified_gmt":"2025-12-15T14:55:32","slug":"pross-roos","status":"publish","type":"product","link":"https:\/\/lisakroeber.com\/et\/toode\/pross-roos\/","title":{"rendered":"Pross Viljandi Roos"},"content":{"rendered":"","protected":false},"excerpt":{"rendered":"<p data-start=\"971\" data-end=\"1036\"><strong data-start=\"971\" data-end=\"1001\">Viljandi roosi pross<\/strong><br data-start=\"1001\" data-end=\"1004\" \/>S\u00fcmboolsed. Ajatud. Kohalikud.<\/p>\n<p data-start=\"1038\" data-end=\"1278\"><strong><em data-start=\"1038\" data-end=\"1054\">Viljandi roosi <\/em><\/strong>pross\u00a0on inspireeritud valgest roosist, mis on Viljandi linna s\u00fcmbol ja kuulub ka linna vapile. Roosiga pitsatit on kasutatud juba v\u00e4hemalt 1432. aastast, muutes selle tugevaks ajaloo ja identiteedi m\u00e4rgiks.<\/p>\n<p data-start=\"1038\" data-end=\"1278\">Sel aastal oleme loonud <strong><em data-start=\"1522\" data-end=\"1538\">Viljandi roose<\/em> <\/strong>ehetena \u2014 \u00f5rnad k\u00f5rvar\u00f5ngad ja v\u00e4ikesed prossid, saadaval poleeritud h\u00f5beda ja kullatud variandina. Ehe, mis kannab endas paiga lugu.<\/p>\n","protected":false},"featured_media":30095,"template":"","meta":{"content-type":""},"product_brand":[],"product_cat":[340,343,338,833],"product_tag":[],"class_list":{"0":"post-30129","1":"product","2":"type-product","3":"status-publish","4":"has-post-thumbnail","6":"product_cat-kollektsioonid","7":"product_cat-meestele","8":"product_cat-prossid","9":"product_cat-viljandiroos","11":"first","12":"instock","13":"taxable","14":"shipping-taxable","15":"purchasable","16":"product-type-variable"},"yoast_head":"<!-- This site is optimized with the Yoast SEO plugin v27.4 - https:\/\/yoast.com\/product\/yoast-seo-wordpress\/ -->\n<title>Pross Viljandi Roos - Lisa Kroeber Jewellery Art<\/title>\n<meta name=\"robots\" content=\"index, follow, max-snippet:-1, max-image-preview:large, max-video-preview:-1\" \/>\n<link rel=\"canonical\" href=\"https:\/\/lisakroeber.com\/et\/toode\/pross-roos\/\" \/>\n<meta property=\"og:locale\" content=\"et_EE\" \/>\n<meta property=\"og:type\" content=\"article\" \/>\n<meta property=\"og:title\" content=\"Pross Viljandi Roos - Lisa Kroeber Jewellery Art\" \/>\n<meta property=\"og:description\" content=\"Viljandi roosi prossS\u00fcmboolsed. Ajatud. Kohalikud. Viljandi roosi pross\u00a0on inspireeritud valgest roosist, mis on Viljandi linna s\u00fcmbol ja kuulub ka linna vapile. Roosiga pitsatit on kasutatud juba v\u00e4hemalt 1432. aastast, muutes selle tugevaks ajaloo ja identiteedi m\u00e4rgiks. Sel aastal oleme loonud Viljandi roose ehetena \u2014 \u00f5rnad k\u00f5rvar\u00f5ngad ja v\u00e4ikesed prossid, saadaval poleeritud h\u00f5beda ja kullatud variandina. Ehe, mis kannab endas paiga lugu.\" \/>\n<meta property=\"og:url\" content=\"https:\/\/lisakroeber.com\/et\/toode\/pross-roos\/\" \/>\n<meta property=\"og:site_name\" content=\"Lisa Kroeber Jewellery Art\" \/>\n<meta property=\"article:modified_time\" content=\"2025-12-15T14:55:32+00:00\" \/>\n<meta property=\"og:image\" content=\"https:\/\/lisakroeber.com\/wp-content\/uploads\/2024\/05\/Roos-Pross-Silver-front.jpg\" \/>\n\t<meta property=\"og:image:width\" content=\"1772\" \/>\n\t<meta property=\"og:image:height\" content=\"1772\" \/>\n\t<meta property=\"og:image:type\" content=\"image\/jpeg\" \/>\n<meta name=\"twitter:card\" content=\"summary_large_image\" \/>\n<meta name=\"twitter:label1\" content=\"Est. reading time\" \/>\n\t<meta name=\"twitter:data1\" content=\"1 minut\" \/>\n<script type=\"application\/ld+json\" class=\"yoast-schema-graph\">{\"@context\":\"https:\\\/\\\/schema.org\",\"@graph\":[{\"@type\":\"WebPage\",\"@id\":\"https:\\\/\\\/lisakroeber.com\\\/et\\\/toode\\\/pross-roos\\\/\",\"url\":\"https:\\\/\\\/lisakroeber.com\\\/et\\\/toode\\\/pross-roos\\\/\",\"name\":\"Pross Viljandi Roos - Lisa Kroeber Jewellery Art\",\"isPartOf\":{\"@id\":\"https:\\\/\\\/lisakroeber.com\\\/#website\"},\"primaryImageOfPage\":{\"@id\":\"https:\\\/\\\/lisakroeber.com\\\/et\\\/toode\\\/pross-roos\\\/#primaryimage\"},\"image\":{\"@id\":\"https:\\\/\\\/lisakroeber.com\\\/et\\\/toode\\\/pross-roos\\\/#primaryimage\"},\"thumbnailUrl\":\"https:\\\/\\\/lisakroeber.com\\\/wp-content\\\/uploads\\\/2024\\\/05\\\/Roos-Pross-Silver-front.jpg\",\"datePublished\":\"2024-06-03T13:29:21+00:00\",\"dateModified\":\"2025-12-15T14:55:32+00:00\",\"breadcrumb\":{\"@id\":\"https:\\\/\\\/lisakroeber.com\\\/et\\\/toode\\\/pross-roos\\\/#breadcrumb\"},\"inLanguage\":\"et\",\"potentialAction\":[{\"@type\":\"ReadAction\",\"target\":[\"https:\\\/\\\/lisakroeber.com\\\/et\\\/toode\\\/pross-roos\\\/\"]}]},{\"@type\":\"ImageObject\",\"inLanguage\":\"et\",\"@id\":\"https:\\\/\\\/lisakroeber.com\\\/et\\\/toode\\\/pross-roos\\\/#primaryimage\",\"url\":\"https:\\\/\\\/lisakroeber.com\\\/wp-content\\\/uploads\\\/2024\\\/05\\\/Roos-Pross-Silver-front.jpg\",\"contentUrl\":\"https:\\\/\\\/lisakroeber.com\\\/wp-content\\\/uploads\\\/2024\\\/05\\\/Roos-Pross-Silver-front.jpg\",\"width\":1772,\"height\":1772,\"caption\":\"KONICA MINOLTA DIGITAL CAMERA\"},{\"@type\":\"BreadcrumbList\",\"@id\":\"https:\\\/\\\/lisakroeber.com\\\/et\\\/toode\\\/pross-roos\\\/#breadcrumb\",\"itemListElement\":[{\"@type\":\"ListItem\",\"position\":1,\"name\":\"Home\",\"item\":\"https:\\\/\\\/lisakroeber.com\\\/et\\\/\"},{\"@type\":\"ListItem\",\"position\":2,\"name\":\"Pood\",\"item\":\"https:\\\/\\\/lisakroeber.com\\\/et\\\/pood\\\/\"},{\"@type\":\"ListItem\",\"position\":3,\"name\":\"Pross Viljandi Roos\"}]},{\"@type\":\"WebSite\",\"@id\":\"https:\\\/\\\/lisakroeber.com\\\/#website\",\"url\":\"https:\\\/\\\/lisakroeber.com\\\/\",\"name\":\"Lisa Kroeber Jewellery Art\",\"description\":\"Lisa Kroeber Jewellery Art e-shop\",\"publisher\":{\"@id\":\"https:\\\/\\\/lisakroeber.com\\\/#organization\"},\"potentialAction\":[{\"@type\":\"SearchAction\",\"target\":{\"@type\":\"EntryPoint\",\"urlTemplate\":\"https:\\\/\\\/lisakroeber.com\\\/?s={search_term_string}\"},\"query-input\":{\"@type\":\"PropertyValueSpecification\",\"valueRequired\":true,\"valueName\":\"search_term_string\"}}],\"inLanguage\":\"et\"},{\"@type\":\"Organization\",\"@id\":\"https:\\\/\\\/lisakroeber.com\\\/#organization\",\"name\":\"Lisa Kroeber Jewellery\",\"url\":\"https:\\\/\\\/lisakroeber.com\\\/\",\"logo\":{\"@type\":\"ImageObject\",\"inLanguage\":\"et\",\"@id\":\"https:\\\/\\\/lisakroeber.com\\\/#\\\/schema\\\/logo\\\/image\\\/\",\"url\":\"https:\\\/\\\/lisakroeber.com\\\/wp-content\\\/uploads\\\/2024\\\/07\\\/47178367_317322115661289_143956003702964224_n-e1543863670541.svg\",\"contentUrl\":\"https:\\\/\\\/lisakroeber.com\\\/wp-content\\\/uploads\\\/2024\\\/07\\\/47178367_317322115661289_143956003702964224_n-e1543863670541.svg\",\"width\":1,\"height\":1,\"caption\":\"Lisa Kroeber Jewellery\"},\"image\":{\"@id\":\"https:\\\/\\\/lisakroeber.com\\\/#\\\/schema\\\/logo\\\/image\\\/\"}}]}<\/script>\n<!-- \/ Yoast SEO plugin. -->","yoast_head_json":{"title":"Pross Viljandi Roos - Lisa Kroeber Jewellery Art","robots":{"index":"index","follow":"follow","max-snippet":"max-snippet:-1","max-image-preview":"max-image-preview:large","max-video-preview":"max-video-preview:-1"},"canonical":"https:\/\/lisakroeber.com\/et\/toode\/pross-roos\/","og_locale":"et_EE","og_type":"article","og_title":"Pross Viljandi Roos - Lisa Kroeber Jewellery Art","og_description":"Viljandi roosi prossS\u00fcmboolsed. Ajatud. Kohalikud. Viljandi roosi pross\u00a0on inspireeritud valgest roosist, mis on Viljandi linna s\u00fcmbol ja kuulub ka linna vapile. Roosiga pitsatit on kasutatud juba v\u00e4hemalt 1432. aastast, muutes selle tugevaks ajaloo ja identiteedi m\u00e4rgiks. Sel aastal oleme loonud Viljandi roose ehetena \u2014 \u00f5rnad k\u00f5rvar\u00f5ngad ja v\u00e4ikesed prossid, saadaval poleeritud h\u00f5beda ja kullatud variandina. Ehe, mis kannab endas paiga lugu.","og_url":"https:\/\/lisakroeber.com\/et\/toode\/pross-roos\/","og_site_name":"Lisa Kroeber Jewellery Art","article_modified_time":"2025-12-15T14:55:32+00:00","og_image":[{"width":1772,"height":1772,"url":"https:\/\/lisakroeber.com\/wp-content\/uploads\/2024\/05\/Roos-Pross-Silver-front.jpg","type":"image\/jpeg"}],"twitter_card":"summary_large_image","twitter_misc":{"Est. reading time":"1 minut"},"schema":{"@context":"https:\/\/schema.org","@graph":[{"@type":"WebPage","@id":"https:\/\/lisakroeber.com\/et\/toode\/pross-roos\/","url":"https:\/\/lisakroeber.com\/et\/toode\/pross-roos\/","name":"Pross Viljandi Roos - Lisa Kroeber Jewellery Art","isPartOf":{"@id":"https:\/\/lisakroeber.com\/#website"},"primaryImageOfPage":{"@id":"https:\/\/lisakroeber.com\/et\/toode\/pross-roos\/#primaryimage"},"image":{"@id":"https:\/\/lisakroeber.com\/et\/toode\/pross-roos\/#primaryimage"},"thumbnailUrl":"https:\/\/lisakroeber.com\/wp-content\/uploads\/2024\/05\/Roos-Pross-Silver-front.jpg","datePublished":"2024-06-03T13:29:21+00:00","dateModified":"2025-12-15T14:55:32+00:00","breadcrumb":{"@id":"https:\/\/lisakroeber.com\/et\/toode\/pross-roos\/#breadcrumb"},"inLanguage":"et","potentialAction":[{"@type":"ReadAction","target":["https:\/\/lisakroeber.com\/et\/toode\/pross-roos\/"]}]},{"@type":"ImageObject","inLanguage":"et","@id":"https:\/\/lisakroeber.com\/et\/toode\/pross-roos\/#primaryimage","url":"https:\/\/lisakroeber.com\/wp-content\/uploads\/2024\/05\/Roos-Pross-Silver-front.jpg","contentUrl":"https:\/\/lisakroeber.com\/wp-content\/uploads\/2024\/05\/Roos-Pross-Silver-front.jpg","width":1772,"height":1772,"caption":"KONICA MINOLTA DIGITAL CAMERA"},{"@type":"BreadcrumbList","@id":"https:\/\/lisakroeber.com\/et\/toode\/pross-roos\/#breadcrumb","itemListElement":[{"@type":"ListItem","position":1,"name":"Home","item":"https:\/\/lisakroeber.com\/et\/"},{"@type":"ListItem","position":2,"name":"Pood","item":"https:\/\/lisakroeber.com\/et\/pood\/"},{"@type":"ListItem","position":3,"name":"Pross Viljandi Roos"}]},{"@type":"WebSite","@id":"https:\/\/lisakroeber.com\/#website","url":"https:\/\/lisakroeber.com\/","name":"Lisa Kroeber Jewellery Art","description":"Lisa Kroeber Jewellery Art e-shop","publisher":{"@id":"https:\/\/lisakroeber.com\/#organization"},"potentialAction":[{"@type":"SearchAction","target":{"@type":"EntryPoint","urlTemplate":"https:\/\/lisakroeber.com\/?s={search_term_string}"},"query-input":{"@type":"PropertyValueSpecification","valueRequired":true,"valueName":"search_term_string"}}],"inLanguage":"et"},{"@type":"Organization","@id":"https:\/\/lisakroeber.com\/#organization","name":"Lisa Kroeber Jewellery","url":"https:\/\/lisakroeber.com\/","logo":{"@type":"ImageObject","inLanguage":"et","@id":"https:\/\/lisakroeber.com\/#\/schema\/logo\/image\/","url":"https:\/\/lisakroeber.com\/wp-content\/uploads\/2024\/07\/47178367_317322115661289_143956003702964224_n-e1543863670541.svg","contentUrl":"https:\/\/lisakroeber.com\/wp-content\/uploads\/2024\/07\/47178367_317322115661289_143956003702964224_n-e1543863670541.svg","width":1,"height":1,"caption":"Lisa Kroeber Jewellery"},"image":{"@id":"https:\/\/lisakroeber.com\/#\/schema\/logo\/image\/"}}]}},"_links":{"self":[{"href":"https:\/\/lisakroeber.com\/et\/wp-json\/wp\/v2\/product\/30129","targetHints":{"allow":["GET"]}}],"collection":[{"href":"https:\/\/lisakroeber.com\/et\/wp-json\/wp\/v2\/product"}],"about":[{"href":"https:\/\/lisakroeber.com\/et\/wp-json\/wp\/v2\/types\/product"}],"wp:featuredmedia":[{"embeddable":true,"href":"https:\/\/lisakroeber.com\/et\/wp-json\/wp\/v2\/media\/30095"}],"wp:attachment":[{"href":"https:\/\/lisakroeber.com\/et\/wp-json\/wp\/v2\/media?parent=30129"}],"wp:term":[{"taxonomy":"product_brand","embeddable":true,"href":"https:\/\/lisakroeber.com\/et\/wp-json\/wp\/v2\/product_brand?post=30129"},{"taxonomy":"product_cat","embeddable":true,"href":"https:\/\/lisakroeber.com\/et\/wp-json\/wp\/v2\/product_cat?post=30129"},{"taxonomy":"product_tag","embeddable":true,"href":"https:\/\/lisakroeber.com\/et\/wp-json\/wp\/v2\/product_tag?post=30129"}],"curies":[{"name":"wp","href":"https:\/\/api.w.org\/{rel}","templated":true}]}}