{"id":306349,"date":"2024-10-11T14:59:28","date_gmt":"2024-10-11T12:59:28","guid":{"rendered":"https:\/\/lisakroeber.com\/?post_type=product&#038;p=306349"},"modified":"2025-12-15T16:12:52","modified_gmt":"2025-12-15T14:12:52","slug":"korvarongad-mixmatch-ripatsid","status":"publish","type":"product","link":"https:\/\/lisakroeber.com\/et\/toode\/korvarongad-mixmatch-ripatsid\/","title":{"rendered":"K\u00f5rvar\u00f5ngad Mix&#038;Match RIPATSID"},"content":{"rendered":"","protected":false},"excerpt":{"rendered":"<p data-start=\"848\" data-end=\"899\"><strong data-start=\"848\" data-end=\"871\">Mix &amp; Match ripatsid<\/strong><br data-start=\"871\" data-end=\"874\" \/>M\u00e4ngi. Kombineeri. Loo.<\/p>\n<p data-start=\"901\" data-end=\"1147\">Siit saad osta <strong><em data-start=\"916\" data-end=\"937\">Mix &amp; Match ripatsid<\/em><\/strong>\u00a0\u2014 v\u00e4rvilised elemendid, mis on loodud kandmiseks koos Mix &amp; Match r\u00f5ngastega. Vali 33 erineva v\u00e4rvi seast ja loo oma k\u00f5rvar\u00f5ngad, kombineerides ripatsi h\u00f5bedaste v\u00f5i kollase kullaga kaetud r\u00f5ngastega.<\/p>\n<p data-start=\"1149\" data-end=\"1260\">Plaate saab kombineerida ka meie Mix &amp; Match raamidega, et luua veelgi rohkem kihte ja kujundusv\u00f5imalusi.<\/p>\n<p data-start=\"1262\" data-end=\"1455\">R\u00f5ngad, ripatsid ja raamid on m\u00fc\u00fcgil eraldi, andes sulle t\u00e4ieliku vabaduse muuta v\u00e4rve ja materjale vastavalt oma stiilile. Paindlik s\u00fcsteem m\u00e4ngimiseks, loomiseks ja isikup\u00e4raseks kandmiseks.<\/p>\n<p data-start=\"1457\" data-end=\"1532\"><em data-start=\"1457\" data-end=\"1486\">Kl\u00f5psa siia sobivate jaoks:<\/em> <a href=\"https:\/\/lisakroeber.com\/et\/toode\/korvarongad-mixmatch-rongad\/\"><strong data-start=\"1487\" data-end=\"1532\">Mix &amp; Match R\u00f5ngad<\/strong><\/a><\/p>\n<p><em data-start=\"1457\" data-end=\"1486\">Kl\u00f5psa siia sobivate jaoks: <a href=\"https:\/\/lisakroeber.com\/et\/toode\/korvarongad-mixmatch-raamid\/\">Mix &amp; Match Raamid<\/a><\/em><\/p>\n","protected":false},"featured_media":306832,"template":"","meta":{"content-type":""},"product_brand":[],"product_cat":[342,340,1025],"product_tag":[1068],"class_list":{"0":"post-306349","1":"product","2":"type-product","3":"status-publish","4":"has-post-thumbnail","6":"product_cat-korvarongad","7":"product_cat-kollektsioonid","8":"product_cat-mix-match","9":"product_tag-uus","11":"first","12":"instock","13":"taxable","14":"shipping-taxable","15":"purchasable","16":"product-type-variable"},"yoast_head":"<!-- This site is optimized with the Yoast SEO plugin v27.3 - https:\/\/yoast.com\/product\/yoast-seo-wordpress\/ -->\n<title>K\u00f5rvar\u00f5ngad Mix&amp;Match RIPATSID - Lisa Kroeber Jewellery Art<\/title>\n<meta name=\"robots\" content=\"index, follow, max-snippet:-1, max-image-preview:large, max-video-preview:-1\" \/>\n<link rel=\"canonical\" href=\"https:\/\/lisakroeber.com\/et\/toode\/korvarongad-mixmatch-ripatsid\/\" \/>\n<meta property=\"og:locale\" content=\"et_EE\" \/>\n<meta property=\"og:type\" content=\"article\" \/>\n<meta property=\"og:title\" content=\"K\u00f5rvar\u00f5ngad Mix&amp;Match RIPATSID - Lisa Kroeber Jewellery Art\" \/>\n<meta property=\"og:description\" content=\"Mix &amp; Match ripatsidM\u00e4ngi. Kombineeri. Loo. Siit saad osta Mix &amp; Match ripatsid\u00a0\u2014 v\u00e4rvilised elemendid, mis on loodud kandmiseks koos Mix &amp; Match r\u00f5ngastega. Vali 33 erineva v\u00e4rvi seast ja loo oma k\u00f5rvar\u00f5ngad, kombineerides ripatsi h\u00f5bedaste v\u00f5i kollase kullaga kaetud r\u00f5ngastega. Plaate saab kombineerida ka meie Mix &amp; Match raamidega, et luua veelgi rohkem kihte ja kujundusv\u00f5imalusi. R\u00f5ngad, ripatsid ja raamid on m\u00fc\u00fcgil eraldi, andes sulle t\u00e4ieliku vabaduse muuta v\u00e4rve ja materjale vastavalt oma stiilile. Paindlik s\u00fcsteem m\u00e4ngimiseks, loomiseks ja isikup\u00e4raseks kandmiseks. Kl\u00f5psa siia sobivate jaoks: Mix &amp; Match R\u00f5ngad Kl\u00f5psa siia sobivate jaoks: Mix &amp; Match Raamid\" \/>\n<meta property=\"og:url\" content=\"https:\/\/lisakroeber.com\/et\/toode\/korvarongad-mixmatch-ripatsid\/\" \/>\n<meta property=\"og:site_name\" content=\"Lisa Kroeber Jewellery Art\" \/>\n<meta property=\"article:modified_time\" content=\"2025-12-15T14:12:52+00:00\" \/>\n<meta property=\"og:image\" content=\"https:\/\/lisakroeber.com\/wp-content\/uploads\/2024\/10\/MM6025-scaled.jpg\" \/>\n\t<meta property=\"og:image:width\" content=\"2560\" \/>\n\t<meta property=\"og:image:height\" content=\"1707\" \/>\n\t<meta property=\"og:image:type\" content=\"image\/jpeg\" \/>\n<meta name=\"twitter:card\" content=\"summary_large_image\" \/>\n<meta name=\"twitter:label1\" content=\"Est. reading time\" \/>\n\t<meta name=\"twitter:data1\" content=\"1 minut\" \/>\n<script type=\"application\/ld+json\" class=\"yoast-schema-graph\">{\"@context\":\"https:\\\/\\\/schema.org\",\"@graph\":[{\"@type\":\"WebPage\",\"@id\":\"https:\\\/\\\/lisakroeber.com\\\/et\\\/toode\\\/korvarongad-mixmatch-ripatsid\\\/\",\"url\":\"https:\\\/\\\/lisakroeber.com\\\/et\\\/toode\\\/korvarongad-mixmatch-ripatsid\\\/\",\"name\":\"K\u00f5rvar\u00f5ngad Mix&Match RIPATSID - Lisa Kroeber Jewellery Art\",\"isPartOf\":{\"@id\":\"https:\\\/\\\/lisakroeber.com\\\/#website\"},\"primaryImageOfPage\":{\"@id\":\"https:\\\/\\\/lisakroeber.com\\\/et\\\/toode\\\/korvarongad-mixmatch-ripatsid\\\/#primaryimage\"},\"image\":{\"@id\":\"https:\\\/\\\/lisakroeber.com\\\/et\\\/toode\\\/korvarongad-mixmatch-ripatsid\\\/#primaryimage\"},\"thumbnailUrl\":\"https:\\\/\\\/lisakroeber.com\\\/wp-content\\\/uploads\\\/2024\\\/10\\\/MM6025-scaled.jpg\",\"datePublished\":\"2024-10-11T12:59:28+00:00\",\"dateModified\":\"2025-12-15T14:12:52+00:00\",\"breadcrumb\":{\"@id\":\"https:\\\/\\\/lisakroeber.com\\\/et\\\/toode\\\/korvarongad-mixmatch-ripatsid\\\/#breadcrumb\"},\"inLanguage\":\"et\",\"potentialAction\":[{\"@type\":\"ReadAction\",\"target\":[\"https:\\\/\\\/lisakroeber.com\\\/et\\\/toode\\\/korvarongad-mixmatch-ripatsid\\\/\"]}]},{\"@type\":\"ImageObject\",\"inLanguage\":\"et\",\"@id\":\"https:\\\/\\\/lisakroeber.com\\\/et\\\/toode\\\/korvarongad-mixmatch-ripatsid\\\/#primaryimage\",\"url\":\"https:\\\/\\\/lisakroeber.com\\\/wp-content\\\/uploads\\\/2024\\\/10\\\/MM6025-scaled.jpg\",\"contentUrl\":\"https:\\\/\\\/lisakroeber.com\\\/wp-content\\\/uploads\\\/2024\\\/10\\\/MM6025-scaled.jpg\",\"width\":2560,\"height\":1707},{\"@type\":\"BreadcrumbList\",\"@id\":\"https:\\\/\\\/lisakroeber.com\\\/et\\\/toode\\\/korvarongad-mixmatch-ripatsid\\\/#breadcrumb\",\"itemListElement\":[{\"@type\":\"ListItem\",\"position\":1,\"name\":\"Home\",\"item\":\"https:\\\/\\\/lisakroeber.com\\\/et\\\/\"},{\"@type\":\"ListItem\",\"position\":2,\"name\":\"Pood\",\"item\":\"https:\\\/\\\/lisakroeber.com\\\/et\\\/pood\\\/\"},{\"@type\":\"ListItem\",\"position\":3,\"name\":\"K\u00f5rvar\u00f5ngad Mix&#038;Match RIPATSID\"}]},{\"@type\":\"WebSite\",\"@id\":\"https:\\\/\\\/lisakroeber.com\\\/#website\",\"url\":\"https:\\\/\\\/lisakroeber.com\\\/\",\"name\":\"Lisa Kroeber Jewellery Art\",\"description\":\"Lisa Kroeber Jewellery Art e-shop\",\"publisher\":{\"@id\":\"https:\\\/\\\/lisakroeber.com\\\/#organization\"},\"potentialAction\":[{\"@type\":\"SearchAction\",\"target\":{\"@type\":\"EntryPoint\",\"urlTemplate\":\"https:\\\/\\\/lisakroeber.com\\\/?s={search_term_string}\"},\"query-input\":{\"@type\":\"PropertyValueSpecification\",\"valueRequired\":true,\"valueName\":\"search_term_string\"}}],\"inLanguage\":\"et\"},{\"@type\":\"Organization\",\"@id\":\"https:\\\/\\\/lisakroeber.com\\\/#organization\",\"name\":\"Lisa Kroeber Jewellery\",\"url\":\"https:\\\/\\\/lisakroeber.com\\\/\",\"logo\":{\"@type\":\"ImageObject\",\"inLanguage\":\"et\",\"@id\":\"https:\\\/\\\/lisakroeber.com\\\/#\\\/schema\\\/logo\\\/image\\\/\",\"url\":\"https:\\\/\\\/lisakroeber.com\\\/wp-content\\\/uploads\\\/2024\\\/07\\\/47178367_317322115661289_143956003702964224_n-e1543863670541.svg\",\"contentUrl\":\"https:\\\/\\\/lisakroeber.com\\\/wp-content\\\/uploads\\\/2024\\\/07\\\/47178367_317322115661289_143956003702964224_n-e1543863670541.svg\",\"width\":1,\"height\":1,\"caption\":\"Lisa Kroeber Jewellery\"},\"image\":{\"@id\":\"https:\\\/\\\/lisakroeber.com\\\/#\\\/schema\\\/logo\\\/image\\\/\"}}]}<\/script>\n<!-- \/ Yoast SEO plugin. -->","yoast_head_json":{"title":"K\u00f5rvar\u00f5ngad Mix&Match RIPATSID - Lisa Kroeber Jewellery Art","robots":{"index":"index","follow":"follow","max-snippet":"max-snippet:-1","max-image-preview":"max-image-preview:large","max-video-preview":"max-video-preview:-1"},"canonical":"https:\/\/lisakroeber.com\/et\/toode\/korvarongad-mixmatch-ripatsid\/","og_locale":"et_EE","og_type":"article","og_title":"K\u00f5rvar\u00f5ngad Mix&Match RIPATSID - Lisa Kroeber Jewellery Art","og_description":"Mix &amp; Match ripatsidM\u00e4ngi. Kombineeri. Loo. Siit saad osta Mix &amp; Match ripatsid\u00a0\u2014 v\u00e4rvilised elemendid, mis on loodud kandmiseks koos Mix &amp; Match r\u00f5ngastega. Vali 33 erineva v\u00e4rvi seast ja loo oma k\u00f5rvar\u00f5ngad, kombineerides ripatsi h\u00f5bedaste v\u00f5i kollase kullaga kaetud r\u00f5ngastega. Plaate saab kombineerida ka meie Mix &amp; Match raamidega, et luua veelgi rohkem kihte ja kujundusv\u00f5imalusi. R\u00f5ngad, ripatsid ja raamid on m\u00fc\u00fcgil eraldi, andes sulle t\u00e4ieliku vabaduse muuta v\u00e4rve ja materjale vastavalt oma stiilile. Paindlik s\u00fcsteem m\u00e4ngimiseks, loomiseks ja isikup\u00e4raseks kandmiseks. Kl\u00f5psa siia sobivate jaoks: Mix &amp; Match R\u00f5ngad Kl\u00f5psa siia sobivate jaoks: Mix &amp; Match Raamid","og_url":"https:\/\/lisakroeber.com\/et\/toode\/korvarongad-mixmatch-ripatsid\/","og_site_name":"Lisa Kroeber Jewellery Art","article_modified_time":"2025-12-15T14:12:52+00:00","og_image":[{"width":2560,"height":1707,"url":"https:\/\/lisakroeber.com\/wp-content\/uploads\/2024\/10\/MM6025-scaled.jpg","type":"image\/jpeg"}],"twitter_card":"summary_large_image","twitter_misc":{"Est. reading time":"1 minut"},"schema":{"@context":"https:\/\/schema.org","@graph":[{"@type":"WebPage","@id":"https:\/\/lisakroeber.com\/et\/toode\/korvarongad-mixmatch-ripatsid\/","url":"https:\/\/lisakroeber.com\/et\/toode\/korvarongad-mixmatch-ripatsid\/","name":"K\u00f5rvar\u00f5ngad Mix&Match RIPATSID - Lisa Kroeber Jewellery Art","isPartOf":{"@id":"https:\/\/lisakroeber.com\/#website"},"primaryImageOfPage":{"@id":"https:\/\/lisakroeber.com\/et\/toode\/korvarongad-mixmatch-ripatsid\/#primaryimage"},"image":{"@id":"https:\/\/lisakroeber.com\/et\/toode\/korvarongad-mixmatch-ripatsid\/#primaryimage"},"thumbnailUrl":"https:\/\/lisakroeber.com\/wp-content\/uploads\/2024\/10\/MM6025-scaled.jpg","datePublished":"2024-10-11T12:59:28+00:00","dateModified":"2025-12-15T14:12:52+00:00","breadcrumb":{"@id":"https:\/\/lisakroeber.com\/et\/toode\/korvarongad-mixmatch-ripatsid\/#breadcrumb"},"inLanguage":"et","potentialAction":[{"@type":"ReadAction","target":["https:\/\/lisakroeber.com\/et\/toode\/korvarongad-mixmatch-ripatsid\/"]}]},{"@type":"ImageObject","inLanguage":"et","@id":"https:\/\/lisakroeber.com\/et\/toode\/korvarongad-mixmatch-ripatsid\/#primaryimage","url":"https:\/\/lisakroeber.com\/wp-content\/uploads\/2024\/10\/MM6025-scaled.jpg","contentUrl":"https:\/\/lisakroeber.com\/wp-content\/uploads\/2024\/10\/MM6025-scaled.jpg","width":2560,"height":1707},{"@type":"BreadcrumbList","@id":"https:\/\/lisakroeber.com\/et\/toode\/korvarongad-mixmatch-ripatsid\/#breadcrumb","itemListElement":[{"@type":"ListItem","position":1,"name":"Home","item":"https:\/\/lisakroeber.com\/et\/"},{"@type":"ListItem","position":2,"name":"Pood","item":"https:\/\/lisakroeber.com\/et\/pood\/"},{"@type":"ListItem","position":3,"name":"K\u00f5rvar\u00f5ngad Mix&#038;Match RIPATSID"}]},{"@type":"WebSite","@id":"https:\/\/lisakroeber.com\/#website","url":"https:\/\/lisakroeber.com\/","name":"Lisa Kroeber Jewellery Art","description":"Lisa Kroeber Jewellery Art e-shop","publisher":{"@id":"https:\/\/lisakroeber.com\/#organization"},"potentialAction":[{"@type":"SearchAction","target":{"@type":"EntryPoint","urlTemplate":"https:\/\/lisakroeber.com\/?s={search_term_string}"},"query-input":{"@type":"PropertyValueSpecification","valueRequired":true,"valueName":"search_term_string"}}],"inLanguage":"et"},{"@type":"Organization","@id":"https:\/\/lisakroeber.com\/#organization","name":"Lisa Kroeber Jewellery","url":"https:\/\/lisakroeber.com\/","logo":{"@type":"ImageObject","inLanguage":"et","@id":"https:\/\/lisakroeber.com\/#\/schema\/logo\/image\/","url":"https:\/\/lisakroeber.com\/wp-content\/uploads\/2024\/07\/47178367_317322115661289_143956003702964224_n-e1543863670541.svg","contentUrl":"https:\/\/lisakroeber.com\/wp-content\/uploads\/2024\/07\/47178367_317322115661289_143956003702964224_n-e1543863670541.svg","width":1,"height":1,"caption":"Lisa Kroeber Jewellery"},"image":{"@id":"https:\/\/lisakroeber.com\/#\/schema\/logo\/image\/"}}]}},"_links":{"self":[{"href":"https:\/\/lisakroeber.com\/et\/wp-json\/wp\/v2\/product\/306349","targetHints":{"allow":["GET"]}}],"collection":[{"href":"https:\/\/lisakroeber.com\/et\/wp-json\/wp\/v2\/product"}],"about":[{"href":"https:\/\/lisakroeber.com\/et\/wp-json\/wp\/v2\/types\/product"}],"wp:featuredmedia":[{"embeddable":true,"href":"https:\/\/lisakroeber.com\/et\/wp-json\/wp\/v2\/media\/306832"}],"wp:attachment":[{"href":"https:\/\/lisakroeber.com\/et\/wp-json\/wp\/v2\/media?parent=306349"}],"wp:term":[{"taxonomy":"product_brand","embeddable":true,"href":"https:\/\/lisakroeber.com\/et\/wp-json\/wp\/v2\/product_brand?post=306349"},{"taxonomy":"product_cat","embeddable":true,"href":"https:\/\/lisakroeber.com\/et\/wp-json\/wp\/v2\/product_cat?post=306349"},{"taxonomy":"product_tag","embeddable":true,"href":"https:\/\/lisakroeber.com\/et\/wp-json\/wp\/v2\/product_tag?post=306349"}],"curies":[{"name":"wp","href":"https:\/\/api.w.org\/{rel}","templated":true}]}}