{"id":306411,"date":"2024-10-14T10:46:21","date_gmt":"2024-10-14T08:46:21","guid":{"rendered":"https:\/\/lisakroeber.com\/?post_type=product&#038;p=306411"},"modified":"2026-03-12T13:18:57","modified_gmt":"2026-03-12T11:18:57","slug":"korvarongad-mixmatch-rongad","status":"publish","type":"product","link":"https:\/\/lisakroeber.com\/et\/toode\/korvarongad-mixmatch-rongad\/","title":{"rendered":"K\u00f5rvar\u00f5ngad Mix&amp;Match HOOPS"},"content":{"rendered":"","protected":false},"excerpt":{"rendered":"<div>\n<p data-start=\"154\" data-end=\"208\"><strong data-start=\"154\" data-end=\"175\">Mix &amp; Match Hoops<\/strong><br data-start=\"175\" data-end=\"178\">M\u00e4nguline. Paindlikud. Isikup\u00e4rane.<\/p>\n<p data-start=\"210\" data-end=\"425\"><em data-start=\"214\" data-end=\"233\">Mix &amp; Match Hoops<\/em> on loodud m\u00e4ngimiseks. Vali h\u00f5bedast v\u00f5i kollase kullaga kaetud r\u00f5ngad ning loo oma disain, kombineerides neid rohkem kui 30 v\u00e4rvilise plaadi ja v\u00e4rviliste Frame\u2019idega. <\/p>\n<p data-start=\"427\" data-end=\"664\">R\u00f5ngaid, plaate ja frame\u2019e saab osta eraldi, mis annab sulle t\u00e4ieliku vabaduse muuta materjale, v\u00e4rve ja kombinatsioone alati, kui sinu stiil v\u00f5i meeleolu muutub. Modulaarne ehtekontseptsioon, mis on loodud loovuse ja individuaalsuse jaoks. <\/p>\n<\/div>\n<div>\n<div class=\"n4sEPd\">\n<div class=\"FFpbKc\">\n<div class=\"xMmqsf\"><span class=\"ZTPlmc\" dir=\"ltr\" role=\"img\" aria-label=\"39 von 5.000 Zeichen verwendet\"><br \/>\n<\/span>Kl\u00f5psa siia, et n\u00e4ha sobivaid <a href=\"https:\/\/lisakroeber.com\/et\/toode\/korvarongad-mixmatch-ripatsid\/\" target=\"_blank\" rel=\"noopener\">Mix&amp;Match RIPATSID.<\/a><\/div>\n<\/div>\n<\/div>\n<\/div>\n<div><\/div>\n<p>Kl\u00f5psa siia, et n\u00e4ha sobivaid <a href=\"https:\/\/lisakroeber.com\/et\/toode\/korvarongad-mixmatch-rongad\/\">Mix&amp;Match RAAMID.<\/a><\/p>\n","protected":false},"featured_media":307067,"template":"","meta":{"content-type":""},"product_brand":[],"product_cat":[340,1025],"product_tag":[1068],"class_list":{"0":"post-306411","1":"product","2":"type-product","3":"status-publish","4":"has-post-thumbnail","6":"product_cat-kollektsioonid","7":"product_cat-mix-match","8":"product_tag-uus","10":"first","11":"instock","12":"taxable","13":"shipping-taxable","14":"purchasable","15":"product-type-variable"},"yoast_head":"<!-- This site is optimized with the Yoast SEO plugin v27.4 - https:\/\/yoast.com\/product\/yoast-seo-wordpress\/ -->\n<title>K\u00f5rvar\u00f5ngad Mix&amp;Match HOOPS - Lisa Kroeber Jewellery Art<\/title>\n<meta name=\"robots\" content=\"index, follow, max-snippet:-1, max-image-preview:large, max-video-preview:-1\" \/>\n<link rel=\"canonical\" href=\"https:\/\/lisakroeber.com\/et\/toode\/korvarongad-mixmatch-rongad\/\" \/>\n<meta property=\"og:locale\" content=\"et_EE\" \/>\n<meta property=\"og:type\" content=\"article\" \/>\n<meta property=\"og:title\" content=\"K\u00f5rvar\u00f5ngad Mix&amp;Match HOOPS - Lisa Kroeber Jewellery Art\" \/>\n<meta property=\"og:description\" content=\"Mix &amp; Match HoopsM\u00e4nguline. Paindlikud. Isikup\u00e4rane. Mix &amp; Match Hoops on loodud m\u00e4ngimiseks. Vali h\u00f5bedast v\u00f5i kollase kullaga kaetud r\u00f5ngad ning loo oma disain, kombineerides neid rohkem kui 30 v\u00e4rvilise plaadi ja v\u00e4rviliste Frame\u2019idega. R\u00f5ngaid, plaate ja frame\u2019e saab osta eraldi, mis annab sulle t\u00e4ieliku vabaduse muuta materjale, v\u00e4rve ja kombinatsioone alati, kui sinu stiil v\u00f5i meeleolu muutub. Modulaarne ehtekontseptsioon, mis on loodud loovuse ja individuaalsuse jaoks.    Kl\u00f5psa siia, et n\u00e4ha sobivaid Mix&amp;Match RIPATSID.   Kl\u00f5psa siia, et n\u00e4ha sobivaid Mix&amp;Match RAAMID.\" \/>\n<meta property=\"og:url\" content=\"https:\/\/lisakroeber.com\/et\/toode\/korvarongad-mixmatch-rongad\/\" \/>\n<meta property=\"og:site_name\" content=\"Lisa Kroeber Jewellery Art\" \/>\n<meta property=\"article:modified_time\" content=\"2026-03-12T11:18:57+00:00\" \/>\n<meta property=\"og:image\" content=\"https:\/\/lisakroeber.com\/wp-content\/uploads\/2024\/10\/MMS-MMG-scaled.jpg\" \/>\n\t<meta property=\"og:image:width\" content=\"2560\" \/>\n\t<meta property=\"og:image:height\" content=\"2504\" \/>\n\t<meta property=\"og:image:type\" content=\"image\/jpeg\" \/>\n<meta name=\"twitter:card\" content=\"summary_large_image\" \/>\n<meta name=\"twitter:label1\" content=\"Est. reading time\" \/>\n\t<meta name=\"twitter:data1\" content=\"1 minut\" \/>\n<script type=\"application\/ld+json\" class=\"yoast-schema-graph\">{\"@context\":\"https:\\\/\\\/schema.org\",\"@graph\":[{\"@type\":\"WebPage\",\"@id\":\"https:\\\/\\\/lisakroeber.com\\\/et\\\/toode\\\/korvarongad-mixmatch-rongad\\\/\",\"url\":\"https:\\\/\\\/lisakroeber.com\\\/et\\\/toode\\\/korvarongad-mixmatch-rongad\\\/\",\"name\":\"K\u00f5rvar\u00f5ngad Mix&amp;Match HOOPS - Lisa Kroeber Jewellery Art\",\"isPartOf\":{\"@id\":\"https:\\\/\\\/lisakroeber.com\\\/#website\"},\"primaryImageOfPage\":{\"@id\":\"https:\\\/\\\/lisakroeber.com\\\/et\\\/toode\\\/korvarongad-mixmatch-rongad\\\/#primaryimage\"},\"image\":{\"@id\":\"https:\\\/\\\/lisakroeber.com\\\/et\\\/toode\\\/korvarongad-mixmatch-rongad\\\/#primaryimage\"},\"thumbnailUrl\":\"https:\\\/\\\/lisakroeber.com\\\/wp-content\\\/uploads\\\/2024\\\/10\\\/MMS-MMG-scaled.jpg\",\"datePublished\":\"2024-10-14T08:46:21+00:00\",\"dateModified\":\"2026-03-12T11:18:57+00:00\",\"breadcrumb\":{\"@id\":\"https:\\\/\\\/lisakroeber.com\\\/et\\\/toode\\\/korvarongad-mixmatch-rongad\\\/#breadcrumb\"},\"inLanguage\":\"et\",\"potentialAction\":[{\"@type\":\"ReadAction\",\"target\":[\"https:\\\/\\\/lisakroeber.com\\\/et\\\/toode\\\/korvarongad-mixmatch-rongad\\\/\"]}]},{\"@type\":\"ImageObject\",\"inLanguage\":\"et\",\"@id\":\"https:\\\/\\\/lisakroeber.com\\\/et\\\/toode\\\/korvarongad-mixmatch-rongad\\\/#primaryimage\",\"url\":\"https:\\\/\\\/lisakroeber.com\\\/wp-content\\\/uploads\\\/2024\\\/10\\\/MMS-MMG-scaled.jpg\",\"contentUrl\":\"https:\\\/\\\/lisakroeber.com\\\/wp-content\\\/uploads\\\/2024\\\/10\\\/MMS-MMG-scaled.jpg\",\"width\":2560,\"height\":2504},{\"@type\":\"BreadcrumbList\",\"@id\":\"https:\\\/\\\/lisakroeber.com\\\/et\\\/toode\\\/korvarongad-mixmatch-rongad\\\/#breadcrumb\",\"itemListElement\":[{\"@type\":\"ListItem\",\"position\":1,\"name\":\"Home\",\"item\":\"https:\\\/\\\/lisakroeber.com\\\/et\\\/\"},{\"@type\":\"ListItem\",\"position\":2,\"name\":\"Pood\",\"item\":\"https:\\\/\\\/lisakroeber.com\\\/et\\\/pood\\\/\"},{\"@type\":\"ListItem\",\"position\":3,\"name\":\"K\u00f5rvar\u00f5ngad Mix&amp;Match HOOPS\"}]},{\"@type\":\"WebSite\",\"@id\":\"https:\\\/\\\/lisakroeber.com\\\/#website\",\"url\":\"https:\\\/\\\/lisakroeber.com\\\/\",\"name\":\"Lisa Kroeber Jewellery Art\",\"description\":\"Lisa Kroeber Jewellery Art e-shop\",\"publisher\":{\"@id\":\"https:\\\/\\\/lisakroeber.com\\\/#organization\"},\"potentialAction\":[{\"@type\":\"SearchAction\",\"target\":{\"@type\":\"EntryPoint\",\"urlTemplate\":\"https:\\\/\\\/lisakroeber.com\\\/?s={search_term_string}\"},\"query-input\":{\"@type\":\"PropertyValueSpecification\",\"valueRequired\":true,\"valueName\":\"search_term_string\"}}],\"inLanguage\":\"et\"},{\"@type\":\"Organization\",\"@id\":\"https:\\\/\\\/lisakroeber.com\\\/#organization\",\"name\":\"Lisa Kroeber Jewellery\",\"url\":\"https:\\\/\\\/lisakroeber.com\\\/\",\"logo\":{\"@type\":\"ImageObject\",\"inLanguage\":\"et\",\"@id\":\"https:\\\/\\\/lisakroeber.com\\\/#\\\/schema\\\/logo\\\/image\\\/\",\"url\":\"https:\\\/\\\/lisakroeber.com\\\/wp-content\\\/uploads\\\/2024\\\/07\\\/47178367_317322115661289_143956003702964224_n-e1543863670541.svg\",\"contentUrl\":\"https:\\\/\\\/lisakroeber.com\\\/wp-content\\\/uploads\\\/2024\\\/07\\\/47178367_317322115661289_143956003702964224_n-e1543863670541.svg\",\"width\":1,\"height\":1,\"caption\":\"Lisa Kroeber Jewellery\"},\"image\":{\"@id\":\"https:\\\/\\\/lisakroeber.com\\\/#\\\/schema\\\/logo\\\/image\\\/\"}}]}<\/script>\n<!-- \/ Yoast SEO plugin. -->","yoast_head_json":{"title":"K\u00f5rvar\u00f5ngad Mix&amp;Match HOOPS - Lisa Kroeber Jewellery Art","robots":{"index":"index","follow":"follow","max-snippet":"max-snippet:-1","max-image-preview":"max-image-preview:large","max-video-preview":"max-video-preview:-1"},"canonical":"https:\/\/lisakroeber.com\/et\/toode\/korvarongad-mixmatch-rongad\/","og_locale":"et_EE","og_type":"article","og_title":"K\u00f5rvar\u00f5ngad Mix&amp;Match HOOPS - Lisa Kroeber Jewellery Art","og_description":"Mix &amp; Match HoopsM\u00e4nguline. Paindlikud. Isikup\u00e4rane. Mix &amp; Match Hoops on loodud m\u00e4ngimiseks. Vali h\u00f5bedast v\u00f5i kollase kullaga kaetud r\u00f5ngad ning loo oma disain, kombineerides neid rohkem kui 30 v\u00e4rvilise plaadi ja v\u00e4rviliste Frame\u2019idega. R\u00f5ngaid, plaate ja frame\u2019e saab osta eraldi, mis annab sulle t\u00e4ieliku vabaduse muuta materjale, v\u00e4rve ja kombinatsioone alati, kui sinu stiil v\u00f5i meeleolu muutub. Modulaarne ehtekontseptsioon, mis on loodud loovuse ja individuaalsuse jaoks.    Kl\u00f5psa siia, et n\u00e4ha sobivaid Mix&amp;Match RIPATSID.   Kl\u00f5psa siia, et n\u00e4ha sobivaid Mix&amp;Match RAAMID.","og_url":"https:\/\/lisakroeber.com\/et\/toode\/korvarongad-mixmatch-rongad\/","og_site_name":"Lisa Kroeber Jewellery Art","article_modified_time":"2026-03-12T11:18:57+00:00","og_image":[{"width":2560,"height":2504,"url":"https:\/\/lisakroeber.com\/wp-content\/uploads\/2024\/10\/MMS-MMG-scaled.jpg","type":"image\/jpeg"}],"twitter_card":"summary_large_image","twitter_misc":{"Est. reading time":"1 minut"},"schema":{"@context":"https:\/\/schema.org","@graph":[{"@type":"WebPage","@id":"https:\/\/lisakroeber.com\/et\/toode\/korvarongad-mixmatch-rongad\/","url":"https:\/\/lisakroeber.com\/et\/toode\/korvarongad-mixmatch-rongad\/","name":"K\u00f5rvar\u00f5ngad Mix&amp;Match HOOPS - Lisa Kroeber Jewellery Art","isPartOf":{"@id":"https:\/\/lisakroeber.com\/#website"},"primaryImageOfPage":{"@id":"https:\/\/lisakroeber.com\/et\/toode\/korvarongad-mixmatch-rongad\/#primaryimage"},"image":{"@id":"https:\/\/lisakroeber.com\/et\/toode\/korvarongad-mixmatch-rongad\/#primaryimage"},"thumbnailUrl":"https:\/\/lisakroeber.com\/wp-content\/uploads\/2024\/10\/MMS-MMG-scaled.jpg","datePublished":"2024-10-14T08:46:21+00:00","dateModified":"2026-03-12T11:18:57+00:00","breadcrumb":{"@id":"https:\/\/lisakroeber.com\/et\/toode\/korvarongad-mixmatch-rongad\/#breadcrumb"},"inLanguage":"et","potentialAction":[{"@type":"ReadAction","target":["https:\/\/lisakroeber.com\/et\/toode\/korvarongad-mixmatch-rongad\/"]}]},{"@type":"ImageObject","inLanguage":"et","@id":"https:\/\/lisakroeber.com\/et\/toode\/korvarongad-mixmatch-rongad\/#primaryimage","url":"https:\/\/lisakroeber.com\/wp-content\/uploads\/2024\/10\/MMS-MMG-scaled.jpg","contentUrl":"https:\/\/lisakroeber.com\/wp-content\/uploads\/2024\/10\/MMS-MMG-scaled.jpg","width":2560,"height":2504},{"@type":"BreadcrumbList","@id":"https:\/\/lisakroeber.com\/et\/toode\/korvarongad-mixmatch-rongad\/#breadcrumb","itemListElement":[{"@type":"ListItem","position":1,"name":"Home","item":"https:\/\/lisakroeber.com\/et\/"},{"@type":"ListItem","position":2,"name":"Pood","item":"https:\/\/lisakroeber.com\/et\/pood\/"},{"@type":"ListItem","position":3,"name":"K\u00f5rvar\u00f5ngad Mix&amp;Match HOOPS"}]},{"@type":"WebSite","@id":"https:\/\/lisakroeber.com\/#website","url":"https:\/\/lisakroeber.com\/","name":"Lisa Kroeber Jewellery Art","description":"Lisa Kroeber Jewellery Art e-shop","publisher":{"@id":"https:\/\/lisakroeber.com\/#organization"},"potentialAction":[{"@type":"SearchAction","target":{"@type":"EntryPoint","urlTemplate":"https:\/\/lisakroeber.com\/?s={search_term_string}"},"query-input":{"@type":"PropertyValueSpecification","valueRequired":true,"valueName":"search_term_string"}}],"inLanguage":"et"},{"@type":"Organization","@id":"https:\/\/lisakroeber.com\/#organization","name":"Lisa Kroeber Jewellery","url":"https:\/\/lisakroeber.com\/","logo":{"@type":"ImageObject","inLanguage":"et","@id":"https:\/\/lisakroeber.com\/#\/schema\/logo\/image\/","url":"https:\/\/lisakroeber.com\/wp-content\/uploads\/2024\/07\/47178367_317322115661289_143956003702964224_n-e1543863670541.svg","contentUrl":"https:\/\/lisakroeber.com\/wp-content\/uploads\/2024\/07\/47178367_317322115661289_143956003702964224_n-e1543863670541.svg","width":1,"height":1,"caption":"Lisa Kroeber Jewellery"},"image":{"@id":"https:\/\/lisakroeber.com\/#\/schema\/logo\/image\/"}}]}},"_links":{"self":[{"href":"https:\/\/lisakroeber.com\/et\/wp-json\/wp\/v2\/product\/306411","targetHints":{"allow":["GET"]}}],"collection":[{"href":"https:\/\/lisakroeber.com\/et\/wp-json\/wp\/v2\/product"}],"about":[{"href":"https:\/\/lisakroeber.com\/et\/wp-json\/wp\/v2\/types\/product"}],"wp:featuredmedia":[{"embeddable":true,"href":"https:\/\/lisakroeber.com\/et\/wp-json\/wp\/v2\/media\/307067"}],"wp:attachment":[{"href":"https:\/\/lisakroeber.com\/et\/wp-json\/wp\/v2\/media?parent=306411"}],"wp:term":[{"taxonomy":"product_brand","embeddable":true,"href":"https:\/\/lisakroeber.com\/et\/wp-json\/wp\/v2\/product_brand?post=306411"},{"taxonomy":"product_cat","embeddable":true,"href":"https:\/\/lisakroeber.com\/et\/wp-json\/wp\/v2\/product_cat?post=306411"},{"taxonomy":"product_tag","embeddable":true,"href":"https:\/\/lisakroeber.com\/et\/wp-json\/wp\/v2\/product_tag?post=306411"}],"curies":[{"name":"wp","href":"https:\/\/api.w.org\/{rel}","templated":true}]}}