{"id":308243,"date":"2025-03-27T11:25:55","date_gmt":"2025-03-27T09:25:55","guid":{"rendered":"https:\/\/lisakroeber.com\/?post_type=product&#038;p=308243"},"modified":"2026-01-28T16:14:29","modified_gmt":"2026-01-28T14:14:29","slug":"tootoa-kinkekaart","status":"publish","type":"product","link":"https:\/\/lisakroeber.com\/et\/toode\/tootoa-kinkekaart\/","title":{"rendered":"Ehete t\u00f6\u00f6toa kinkekaart"},"content":{"rendered":"","protected":false},"excerpt":{"rendered":"<h3 data-start=\"192\" data-end=\"237\">Ehete t\u00f6\u00f6toa kinkekaart<\/h3>\n<p data-start=\"239\" data-end=\"303\">Otsid t\u00e4hendusrikast kingitust, mis j\u00e4\u00e4b meelde kogu eluks?<\/p>\n<p data-start=\"305\" data-end=\"559\">Meie individuaalne ehte t\u00f6\u00f6toa kinkekaart on ideaalne valik k\u00f5igile, kes armastavad loovust, k\u00e4elist tegevust ja erilisi hetki. Eseme asemel kingid sa aega, inspiratsiooni ja r\u00f5\u00f5mu luua midagi t\u00f5eliselt isiklikku. <\/p>\n<p data-start=\"561\" data-end=\"736\">Selle kinkekaardiga saab kingisaaja osaleda privaatses ehtet\u00f6\u00f6toas meie stuudios, Viljandis.<\/p>\n<p data-start=\"872\" data-end=\"889\">Kuidas see t\u00f6\u00f6tab:<\/p>\n<ul data-start=\"890\" data-end=\"1132\">\n<li data-start=\"890\" data-end=\"932\">\n<p data-start=\"892\" data-end=\"932\">Osta kinkekaart meie veebipoest<\/p>\n<\/li>\n<li data-start=\"933\" data-end=\"982\">\n<p data-start=\"935\" data-end=\"982\">Saadame f\u00fc\u00fcsilise kinkekaardi sulle postiga<\/p>\n<\/li>\n<li data-start=\"983\" data-end=\"1056\">\n<p data-start=\"985\" data-end=\"1056\">T\u00f6\u00f6toa broneerimiseks palume v\u00f5tta meiega \u00fchendust e-posti teel: <a class=\"decorated-link cursor-pointer\" rel=\"noopener\" data-start=\"1032\" data-end=\"1052\">info@lisakroeber.com<\/a><\/p>\n<\/li>\n<li data-start=\"1057\" data-end=\"1132\">\n<p data-start=\"1059\" data-end=\"1132\">Lepime koos sobiva aja kokku ja jagame kogu vajaliku info<\/p>\n<\/li>\n<\/ul>\n<p data-start=\"1134\" data-end=\"1251\">Ideaalne kingitus s\u00fcnnip\u00e4evaks, t\u00e4htp\u00e4evaks, paaridele, s\u00f5pradele v\u00f5i lihtsalt kellelegi, kes v\u00e4\u00e4rib \u00fcht loovat hetke.<\/p>\n<p data-start=\"1253\" data-end=\"1290\">\n","protected":false},"featured_media":29703,"template":"","meta":{"content-type":""},"product_brand":[],"product_cat":[334,870],"product_tag":[],"class_list":{"0":"post-308243","1":"product","2":"type-product","3":"status-publish","4":"has-post-thumbnail","6":"product_cat-kinkekaart","7":"product_cat-tootuba","9":"first","10":"instock","11":"taxable","12":"shipping-taxable","13":"purchasable","14":"product-type-pw-gift-card"},"yoast_head":"<!-- This site is optimized with the Yoast SEO plugin v27.4 - https:\/\/yoast.com\/product\/yoast-seo-wordpress\/ -->\n<title>Ehete t\u00f6\u00f6toa kinkekaart - Lisa Kroeber Jewellery Art<\/title>\n<meta name=\"robots\" content=\"index, follow, max-snippet:-1, max-image-preview:large, max-video-preview:-1\" \/>\n<link rel=\"canonical\" href=\"https:\/\/lisakroeber.com\/et\/toode\/tootoa-kinkekaart\/\" \/>\n<meta property=\"og:locale\" content=\"et_EE\" \/>\n<meta property=\"og:type\" content=\"article\" \/>\n<meta property=\"og:title\" content=\"Ehete t\u00f6\u00f6toa kinkekaart - Lisa Kroeber Jewellery Art\" \/>\n<meta property=\"og:description\" content=\"Ehete t\u00f6\u00f6toa kinkekaart Otsid t\u00e4hendusrikast kingitust, mis j\u00e4\u00e4b meelde kogu eluks? Meie individuaalne ehte t\u00f6\u00f6toa kinkekaart on ideaalne valik k\u00f5igile, kes armastavad loovust, k\u00e4elist tegevust ja erilisi hetki. Eseme asemel kingid sa aega, inspiratsiooni ja r\u00f5\u00f5mu luua midagi t\u00f5eliselt isiklikku. Selle kinkekaardiga saab kingisaaja osaleda privaatses ehtet\u00f6\u00f6toas meie stuudios, Viljandis. Kuidas see t\u00f6\u00f6tab:   Osta kinkekaart meie veebipoest   Saadame f\u00fc\u00fcsilise kinkekaardi sulle postiga   T\u00f6\u00f6toa broneerimiseks palume v\u00f5tta meiega \u00fchendust e-posti teel: info@lisakroeber.com   Lepime koos sobiva aja kokku ja jagame kogu vajaliku info  Ideaalne kingitus s\u00fcnnip\u00e4evaks, t\u00e4htp\u00e4evaks, paaridele, s\u00f5pradele v\u00f5i lihtsalt kellelegi, kes v\u00e4\u00e4rib \u00fcht loovat hetke.\" \/>\n<meta property=\"og:url\" content=\"https:\/\/lisakroeber.com\/et\/toode\/tootoa-kinkekaart\/\" \/>\n<meta property=\"og:site_name\" content=\"Lisa Kroeber Jewellery Art\" \/>\n<meta property=\"article:modified_time\" content=\"2026-01-28T14:14:29+00:00\" \/>\n<meta property=\"og:image\" content=\"https:\/\/lisakroeber.com\/wp-content\/uploads\/2024\/04\/Workshop-Gift-Card-2.jpg\" \/>\n\t<meta property=\"og:image:width\" content=\"1748\" \/>\n\t<meta property=\"og:image:height\" content=\"1240\" \/>\n\t<meta property=\"og:image:type\" content=\"image\/jpeg\" \/>\n<meta name=\"twitter:card\" content=\"summary_large_image\" \/>\n<meta name=\"twitter:label1\" content=\"Est. reading time\" \/>\n\t<meta name=\"twitter:data1\" content=\"1 minut\" \/>\n<script type=\"application\/ld+json\" class=\"yoast-schema-graph\">{\"@context\":\"https:\\\/\\\/schema.org\",\"@graph\":[{\"@type\":\"WebPage\",\"@id\":\"https:\\\/\\\/lisakroeber.com\\\/et\\\/toode\\\/tootoa-kinkekaart\\\/\",\"url\":\"https:\\\/\\\/lisakroeber.com\\\/et\\\/toode\\\/tootoa-kinkekaart\\\/\",\"name\":\"Ehete t\u00f6\u00f6toa kinkekaart - Lisa Kroeber Jewellery Art\",\"isPartOf\":{\"@id\":\"https:\\\/\\\/lisakroeber.com\\\/#website\"},\"primaryImageOfPage\":{\"@id\":\"https:\\\/\\\/lisakroeber.com\\\/et\\\/toode\\\/tootoa-kinkekaart\\\/#primaryimage\"},\"image\":{\"@id\":\"https:\\\/\\\/lisakroeber.com\\\/et\\\/toode\\\/tootoa-kinkekaart\\\/#primaryimage\"},\"thumbnailUrl\":\"https:\\\/\\\/lisakroeber.com\\\/wp-content\\\/uploads\\\/2024\\\/04\\\/Workshop-Gift-Card-2.jpg\",\"datePublished\":\"2025-03-27T09:25:55+00:00\",\"dateModified\":\"2026-01-28T14:14:29+00:00\",\"breadcrumb\":{\"@id\":\"https:\\\/\\\/lisakroeber.com\\\/et\\\/toode\\\/tootoa-kinkekaart\\\/#breadcrumb\"},\"inLanguage\":\"et\",\"potentialAction\":[{\"@type\":\"ReadAction\",\"target\":[\"https:\\\/\\\/lisakroeber.com\\\/et\\\/toode\\\/tootoa-kinkekaart\\\/\"]}]},{\"@type\":\"ImageObject\",\"inLanguage\":\"et\",\"@id\":\"https:\\\/\\\/lisakroeber.com\\\/et\\\/toode\\\/tootoa-kinkekaart\\\/#primaryimage\",\"url\":\"https:\\\/\\\/lisakroeber.com\\\/wp-content\\\/uploads\\\/2024\\\/04\\\/Workshop-Gift-Card-2.jpg\",\"contentUrl\":\"https:\\\/\\\/lisakroeber.com\\\/wp-content\\\/uploads\\\/2024\\\/04\\\/Workshop-Gift-Card-2.jpg\",\"width\":1748,\"height\":1240},{\"@type\":\"BreadcrumbList\",\"@id\":\"https:\\\/\\\/lisakroeber.com\\\/et\\\/toode\\\/tootoa-kinkekaart\\\/#breadcrumb\",\"itemListElement\":[{\"@type\":\"ListItem\",\"position\":1,\"name\":\"Home\",\"item\":\"https:\\\/\\\/lisakroeber.com\\\/et\\\/\"},{\"@type\":\"ListItem\",\"position\":2,\"name\":\"Pood\",\"item\":\"https:\\\/\\\/lisakroeber.com\\\/et\\\/pood\\\/\"},{\"@type\":\"ListItem\",\"position\":3,\"name\":\"Ehete t\u00f6\u00f6toa kinkekaart\"}]},{\"@type\":\"WebSite\",\"@id\":\"https:\\\/\\\/lisakroeber.com\\\/#website\",\"url\":\"https:\\\/\\\/lisakroeber.com\\\/\",\"name\":\"Lisa Kroeber Jewellery Art\",\"description\":\"Lisa Kroeber Jewellery Art e-shop\",\"publisher\":{\"@id\":\"https:\\\/\\\/lisakroeber.com\\\/#organization\"},\"potentialAction\":[{\"@type\":\"SearchAction\",\"target\":{\"@type\":\"EntryPoint\",\"urlTemplate\":\"https:\\\/\\\/lisakroeber.com\\\/?s={search_term_string}\"},\"query-input\":{\"@type\":\"PropertyValueSpecification\",\"valueRequired\":true,\"valueName\":\"search_term_string\"}}],\"inLanguage\":\"et\"},{\"@type\":\"Organization\",\"@id\":\"https:\\\/\\\/lisakroeber.com\\\/#organization\",\"name\":\"Lisa Kroeber Jewellery\",\"url\":\"https:\\\/\\\/lisakroeber.com\\\/\",\"logo\":{\"@type\":\"ImageObject\",\"inLanguage\":\"et\",\"@id\":\"https:\\\/\\\/lisakroeber.com\\\/#\\\/schema\\\/logo\\\/image\\\/\",\"url\":\"https:\\\/\\\/lisakroeber.com\\\/wp-content\\\/uploads\\\/2024\\\/07\\\/47178367_317322115661289_143956003702964224_n-e1543863670541.svg\",\"contentUrl\":\"https:\\\/\\\/lisakroeber.com\\\/wp-content\\\/uploads\\\/2024\\\/07\\\/47178367_317322115661289_143956003702964224_n-e1543863670541.svg\",\"width\":1,\"height\":1,\"caption\":\"Lisa Kroeber Jewellery\"},\"image\":{\"@id\":\"https:\\\/\\\/lisakroeber.com\\\/#\\\/schema\\\/logo\\\/image\\\/\"}}]}<\/script>\n<!-- \/ Yoast SEO plugin. -->","yoast_head_json":{"title":"Ehete t\u00f6\u00f6toa kinkekaart - Lisa Kroeber Jewellery Art","robots":{"index":"index","follow":"follow","max-snippet":"max-snippet:-1","max-image-preview":"max-image-preview:large","max-video-preview":"max-video-preview:-1"},"canonical":"https:\/\/lisakroeber.com\/et\/toode\/tootoa-kinkekaart\/","og_locale":"et_EE","og_type":"article","og_title":"Ehete t\u00f6\u00f6toa kinkekaart - Lisa Kroeber Jewellery Art","og_description":"Ehete t\u00f6\u00f6toa kinkekaart Otsid t\u00e4hendusrikast kingitust, mis j\u00e4\u00e4b meelde kogu eluks? Meie individuaalne ehte t\u00f6\u00f6toa kinkekaart on ideaalne valik k\u00f5igile, kes armastavad loovust, k\u00e4elist tegevust ja erilisi hetki. Eseme asemel kingid sa aega, inspiratsiooni ja r\u00f5\u00f5mu luua midagi t\u00f5eliselt isiklikku. Selle kinkekaardiga saab kingisaaja osaleda privaatses ehtet\u00f6\u00f6toas meie stuudios, Viljandis. Kuidas see t\u00f6\u00f6tab:   Osta kinkekaart meie veebipoest   Saadame f\u00fc\u00fcsilise kinkekaardi sulle postiga   T\u00f6\u00f6toa broneerimiseks palume v\u00f5tta meiega \u00fchendust e-posti teel: info@lisakroeber.com   Lepime koos sobiva aja kokku ja jagame kogu vajaliku info  Ideaalne kingitus s\u00fcnnip\u00e4evaks, t\u00e4htp\u00e4evaks, paaridele, s\u00f5pradele v\u00f5i lihtsalt kellelegi, kes v\u00e4\u00e4rib \u00fcht loovat hetke.","og_url":"https:\/\/lisakroeber.com\/et\/toode\/tootoa-kinkekaart\/","og_site_name":"Lisa Kroeber Jewellery Art","article_modified_time":"2026-01-28T14:14:29+00:00","og_image":[{"width":1748,"height":1240,"url":"https:\/\/lisakroeber.com\/wp-content\/uploads\/2024\/04\/Workshop-Gift-Card-2.jpg","type":"image\/jpeg"}],"twitter_card":"summary_large_image","twitter_misc":{"Est. reading time":"1 minut"},"schema":{"@context":"https:\/\/schema.org","@graph":[{"@type":"WebPage","@id":"https:\/\/lisakroeber.com\/et\/toode\/tootoa-kinkekaart\/","url":"https:\/\/lisakroeber.com\/et\/toode\/tootoa-kinkekaart\/","name":"Ehete t\u00f6\u00f6toa kinkekaart - Lisa Kroeber Jewellery Art","isPartOf":{"@id":"https:\/\/lisakroeber.com\/#website"},"primaryImageOfPage":{"@id":"https:\/\/lisakroeber.com\/et\/toode\/tootoa-kinkekaart\/#primaryimage"},"image":{"@id":"https:\/\/lisakroeber.com\/et\/toode\/tootoa-kinkekaart\/#primaryimage"},"thumbnailUrl":"https:\/\/lisakroeber.com\/wp-content\/uploads\/2024\/04\/Workshop-Gift-Card-2.jpg","datePublished":"2025-03-27T09:25:55+00:00","dateModified":"2026-01-28T14:14:29+00:00","breadcrumb":{"@id":"https:\/\/lisakroeber.com\/et\/toode\/tootoa-kinkekaart\/#breadcrumb"},"inLanguage":"et","potentialAction":[{"@type":"ReadAction","target":["https:\/\/lisakroeber.com\/et\/toode\/tootoa-kinkekaart\/"]}]},{"@type":"ImageObject","inLanguage":"et","@id":"https:\/\/lisakroeber.com\/et\/toode\/tootoa-kinkekaart\/#primaryimage","url":"https:\/\/lisakroeber.com\/wp-content\/uploads\/2024\/04\/Workshop-Gift-Card-2.jpg","contentUrl":"https:\/\/lisakroeber.com\/wp-content\/uploads\/2024\/04\/Workshop-Gift-Card-2.jpg","width":1748,"height":1240},{"@type":"BreadcrumbList","@id":"https:\/\/lisakroeber.com\/et\/toode\/tootoa-kinkekaart\/#breadcrumb","itemListElement":[{"@type":"ListItem","position":1,"name":"Home","item":"https:\/\/lisakroeber.com\/et\/"},{"@type":"ListItem","position":2,"name":"Pood","item":"https:\/\/lisakroeber.com\/et\/pood\/"},{"@type":"ListItem","position":3,"name":"Ehete t\u00f6\u00f6toa kinkekaart"}]},{"@type":"WebSite","@id":"https:\/\/lisakroeber.com\/#website","url":"https:\/\/lisakroeber.com\/","name":"Lisa Kroeber Jewellery Art","description":"Lisa Kroeber Jewellery Art e-shop","publisher":{"@id":"https:\/\/lisakroeber.com\/#organization"},"potentialAction":[{"@type":"SearchAction","target":{"@type":"EntryPoint","urlTemplate":"https:\/\/lisakroeber.com\/?s={search_term_string}"},"query-input":{"@type":"PropertyValueSpecification","valueRequired":true,"valueName":"search_term_string"}}],"inLanguage":"et"},{"@type":"Organization","@id":"https:\/\/lisakroeber.com\/#organization","name":"Lisa Kroeber Jewellery","url":"https:\/\/lisakroeber.com\/","logo":{"@type":"ImageObject","inLanguage":"et","@id":"https:\/\/lisakroeber.com\/#\/schema\/logo\/image\/","url":"https:\/\/lisakroeber.com\/wp-content\/uploads\/2024\/07\/47178367_317322115661289_143956003702964224_n-e1543863670541.svg","contentUrl":"https:\/\/lisakroeber.com\/wp-content\/uploads\/2024\/07\/47178367_317322115661289_143956003702964224_n-e1543863670541.svg","width":1,"height":1,"caption":"Lisa Kroeber Jewellery"},"image":{"@id":"https:\/\/lisakroeber.com\/#\/schema\/logo\/image\/"}}]}},"_links":{"self":[{"href":"https:\/\/lisakroeber.com\/et\/wp-json\/wp\/v2\/product\/308243","targetHints":{"allow":["GET"]}}],"collection":[{"href":"https:\/\/lisakroeber.com\/et\/wp-json\/wp\/v2\/product"}],"about":[{"href":"https:\/\/lisakroeber.com\/et\/wp-json\/wp\/v2\/types\/product"}],"wp:featuredmedia":[{"embeddable":true,"href":"https:\/\/lisakroeber.com\/et\/wp-json\/wp\/v2\/media\/29703"}],"wp:attachment":[{"href":"https:\/\/lisakroeber.com\/et\/wp-json\/wp\/v2\/media?parent=308243"}],"wp:term":[{"taxonomy":"product_brand","embeddable":true,"href":"https:\/\/lisakroeber.com\/et\/wp-json\/wp\/v2\/product_brand?post=308243"},{"taxonomy":"product_cat","embeddable":true,"href":"https:\/\/lisakroeber.com\/et\/wp-json\/wp\/v2\/product_cat?post=308243"},{"taxonomy":"product_tag","embeddable":true,"href":"https:\/\/lisakroeber.com\/et\/wp-json\/wp\/v2\/product_tag?post=308243"}],"curies":[{"name":"wp","href":"https:\/\/api.w.org\/{rel}","templated":true}]}}