{"id":309286,"date":"2022-11-02T13:51:59","date_gmt":"2022-11-02T11:51:59","guid":{"rendered":"https:\/\/lisakroeber.com\/product\/earrings-colour-hoops\/"},"modified":"2026-02-05T12:01:28","modified_gmt":"2026-02-05T10:01:28","slug":"earrings-colour-hoops","status":"publish","type":"product","link":"https:\/\/lisakroeber.com\/et\/toode\/earrings-colour-hoops\/","title":{"rendered":"Colour Hoops k\u00f5rvar\u00f5ngad"},"content":{"rendered":"","protected":false},"excerpt":{"rendered":"<p><b>Colour Hoops k\u00f5rvar\u00f5ngad<\/b><b><br \/>\n<\/b><span style=\"font-weight: 400;\"> Julge. Ikoonilised. V\u00e4ljendusrikka <\/span><\/p>\n<p><span style=\"font-weight: 400;\"><i>Colour Hoops<\/i><\/span><span style=\"font-weight: 400;\"> on meie esimesed ja seni ainsad, v\u00e4rvilised h\u00f5bek\u00f5rvar\u00f5ngad. Nende loomine v\u00f5ttis aega, et leida disain, mis n\u00e4eks hea v\u00e4lja, oleks mugav kanda ja samas ka tehniliselt teostatav. <\/span><\/p>\n<p><span style=\"font-weight: 400;\">Volditud vorm j\u00e4tab h\u00f5beda n\u00e4htavale, luues kauni koosm\u00e4ngu metalli ja v\u00e4rvi vahel. Tuginedes meie iseloomulikule Folded stiilile, kannavad need r\u00f5ngad endas r\u00f5\u00f5msat ja j\u00f5ulist energiat, inspireeritud 80ndate ja 90ndate v\u00e4rvik\u00fcllasest esteetikast. Enesekindel statement-ese, mis \u00fchendab disaini ja meisterlikkuse.  <\/span><\/p>\n<p>&nbsp;<\/p>\n","protected":false},"featured_media":21269,"template":"","meta":{"content-type":""},"product_brand":[],"product_cat":[440,342,340],"product_tag":[],"class_list":{"0":"post-309286","1":"product","2":"type-product","3":"status-publish","4":"has-post-thumbnail","6":"product_cat-hoops-et","7":"product_cat-korvarongad","8":"product_cat-kollektsioonid","10":"first","11":"instock","12":"taxable","13":"shipping-taxable","14":"purchasable","15":"product-type-variable"},"yoast_head":"<!-- This site is optimized with the Yoast SEO plugin v27.4 - https:\/\/yoast.com\/product\/yoast-seo-wordpress\/ -->\n<title>Colour Hoops k\u00f5rvar\u00f5ngad - Lisa Kroeber Jewellery Art<\/title>\n<meta name=\"robots\" content=\"index, follow, max-snippet:-1, max-image-preview:large, max-video-preview:-1\" \/>\n<link rel=\"canonical\" href=\"https:\/\/lisakroeber.com\/et\/toode\/earrings-colour-hoops\/\" \/>\n<meta property=\"og:locale\" content=\"et_EE\" \/>\n<meta property=\"og:type\" content=\"article\" \/>\n<meta property=\"og:title\" content=\"Colour Hoops k\u00f5rvar\u00f5ngad - Lisa Kroeber Jewellery Art\" \/>\n<meta property=\"og:description\" content=\"Colour Hoops k\u00f5rvar\u00f5ngad Julge. Ikoonilised. V\u00e4ljendusrikka  Colour Hoops on meie esimesed ja seni ainsad, v\u00e4rvilised h\u00f5bek\u00f5rvar\u00f5ngad. Nende loomine v\u00f5ttis aega, et leida disain, mis n\u00e4eks hea v\u00e4lja, oleks mugav kanda ja samas ka tehniliselt teostatav.  Volditud vorm j\u00e4tab h\u00f5beda n\u00e4htavale, luues kauni koosm\u00e4ngu metalli ja v\u00e4rvi vahel. Tuginedes meie iseloomulikule Folded stiilile, kannavad need r\u00f5ngad endas r\u00f5\u00f5msat ja j\u00f5ulist energiat, inspireeritud 80ndate ja 90ndate v\u00e4rvik\u00fcllasest esteetikast. Enesekindel statement-ese, mis \u00fchendab disaini ja meisterlikkuse.  &nbsp;\" \/>\n<meta property=\"og:url\" content=\"https:\/\/lisakroeber.com\/et\/toode\/earrings-colour-hoops\/\" \/>\n<meta property=\"og:site_name\" content=\"Lisa Kroeber Jewellery Art\" \/>\n<meta property=\"article:modified_time\" content=\"2026-02-05T10:01:28+00:00\" \/>\n<meta property=\"og:image\" content=\"https:\/\/lisakroeber.com\/wp-content\/uploads\/2022\/11\/hoops_ultramarine_blue.jpg\" \/>\n\t<meta property=\"og:image:width\" content=\"1378\" \/>\n\t<meta property=\"og:image:height\" content=\"1378\" \/>\n\t<meta property=\"og:image:type\" content=\"image\/jpeg\" \/>\n<meta name=\"twitter:card\" content=\"summary_large_image\" \/>\n<meta name=\"twitter:label1\" content=\"Est. reading time\" \/>\n\t<meta name=\"twitter:data1\" content=\"1 minut\" \/>\n<script type=\"application\/ld+json\" class=\"yoast-schema-graph\">{\"@context\":\"https:\\\/\\\/schema.org\",\"@graph\":[{\"@type\":\"WebPage\",\"@id\":\"https:\\\/\\\/lisakroeber.com\\\/et\\\/toode\\\/earrings-colour-hoops\\\/\",\"url\":\"https:\\\/\\\/lisakroeber.com\\\/et\\\/toode\\\/earrings-colour-hoops\\\/\",\"name\":\"Colour Hoops k\u00f5rvar\u00f5ngad - Lisa Kroeber Jewellery Art\",\"isPartOf\":{\"@id\":\"https:\\\/\\\/lisakroeber.com\\\/#website\"},\"primaryImageOfPage\":{\"@id\":\"https:\\\/\\\/lisakroeber.com\\\/et\\\/toode\\\/earrings-colour-hoops\\\/#primaryimage\"},\"image\":{\"@id\":\"https:\\\/\\\/lisakroeber.com\\\/et\\\/toode\\\/earrings-colour-hoops\\\/#primaryimage\"},\"thumbnailUrl\":\"https:\\\/\\\/lisakroeber.com\\\/wp-content\\\/uploads\\\/2022\\\/11\\\/hoops_ultramarine_blue.jpg\",\"datePublished\":\"2022-11-02T11:51:59+00:00\",\"dateModified\":\"2026-02-05T10:01:28+00:00\",\"breadcrumb\":{\"@id\":\"https:\\\/\\\/lisakroeber.com\\\/et\\\/toode\\\/earrings-colour-hoops\\\/#breadcrumb\"},\"inLanguage\":\"et\",\"potentialAction\":[{\"@type\":\"ReadAction\",\"target\":[\"https:\\\/\\\/lisakroeber.com\\\/et\\\/toode\\\/earrings-colour-hoops\\\/\"]}]},{\"@type\":\"ImageObject\",\"inLanguage\":\"et\",\"@id\":\"https:\\\/\\\/lisakroeber.com\\\/et\\\/toode\\\/earrings-colour-hoops\\\/#primaryimage\",\"url\":\"https:\\\/\\\/lisakroeber.com\\\/wp-content\\\/uploads\\\/2022\\\/11\\\/hoops_ultramarine_blue.jpg\",\"contentUrl\":\"https:\\\/\\\/lisakroeber.com\\\/wp-content\\\/uploads\\\/2022\\\/11\\\/hoops_ultramarine_blue.jpg\",\"width\":1378,\"height\":1378},{\"@type\":\"BreadcrumbList\",\"@id\":\"https:\\\/\\\/lisakroeber.com\\\/et\\\/toode\\\/earrings-colour-hoops\\\/#breadcrumb\",\"itemListElement\":[{\"@type\":\"ListItem\",\"position\":1,\"name\":\"Home\",\"item\":\"https:\\\/\\\/lisakroeber.com\\\/et\\\/\"},{\"@type\":\"ListItem\",\"position\":2,\"name\":\"Pood\",\"item\":\"https:\\\/\\\/lisakroeber.com\\\/et\\\/pood\\\/\"},{\"@type\":\"ListItem\",\"position\":3,\"name\":\"Colour Hoops k\u00f5rvar\u00f5ngad\"}]},{\"@type\":\"WebSite\",\"@id\":\"https:\\\/\\\/lisakroeber.com\\\/#website\",\"url\":\"https:\\\/\\\/lisakroeber.com\\\/\",\"name\":\"Lisa Kroeber Jewellery Art\",\"description\":\"Lisa Kroeber Jewellery Art e-shop\",\"publisher\":{\"@id\":\"https:\\\/\\\/lisakroeber.com\\\/#organization\"},\"potentialAction\":[{\"@type\":\"SearchAction\",\"target\":{\"@type\":\"EntryPoint\",\"urlTemplate\":\"https:\\\/\\\/lisakroeber.com\\\/?s={search_term_string}\"},\"query-input\":{\"@type\":\"PropertyValueSpecification\",\"valueRequired\":true,\"valueName\":\"search_term_string\"}}],\"inLanguage\":\"et\"},{\"@type\":\"Organization\",\"@id\":\"https:\\\/\\\/lisakroeber.com\\\/#organization\",\"name\":\"Lisa Kroeber Jewellery\",\"url\":\"https:\\\/\\\/lisakroeber.com\\\/\",\"logo\":{\"@type\":\"ImageObject\",\"inLanguage\":\"et\",\"@id\":\"https:\\\/\\\/lisakroeber.com\\\/#\\\/schema\\\/logo\\\/image\\\/\",\"url\":\"https:\\\/\\\/lisakroeber.com\\\/wp-content\\\/uploads\\\/2024\\\/07\\\/47178367_317322115661289_143956003702964224_n-e1543863670541.svg\",\"contentUrl\":\"https:\\\/\\\/lisakroeber.com\\\/wp-content\\\/uploads\\\/2024\\\/07\\\/47178367_317322115661289_143956003702964224_n-e1543863670541.svg\",\"width\":1,\"height\":1,\"caption\":\"Lisa Kroeber Jewellery\"},\"image\":{\"@id\":\"https:\\\/\\\/lisakroeber.com\\\/#\\\/schema\\\/logo\\\/image\\\/\"}}]}<\/script>\n<!-- \/ Yoast SEO plugin. -->","yoast_head_json":{"title":"Colour Hoops k\u00f5rvar\u00f5ngad - Lisa Kroeber Jewellery Art","robots":{"index":"index","follow":"follow","max-snippet":"max-snippet:-1","max-image-preview":"max-image-preview:large","max-video-preview":"max-video-preview:-1"},"canonical":"https:\/\/lisakroeber.com\/et\/toode\/earrings-colour-hoops\/","og_locale":"et_EE","og_type":"article","og_title":"Colour Hoops k\u00f5rvar\u00f5ngad - Lisa Kroeber Jewellery Art","og_description":"Colour Hoops k\u00f5rvar\u00f5ngad Julge. Ikoonilised. V\u00e4ljendusrikka  Colour Hoops on meie esimesed ja seni ainsad, v\u00e4rvilised h\u00f5bek\u00f5rvar\u00f5ngad. Nende loomine v\u00f5ttis aega, et leida disain, mis n\u00e4eks hea v\u00e4lja, oleks mugav kanda ja samas ka tehniliselt teostatav.  Volditud vorm j\u00e4tab h\u00f5beda n\u00e4htavale, luues kauni koosm\u00e4ngu metalli ja v\u00e4rvi vahel. Tuginedes meie iseloomulikule Folded stiilile, kannavad need r\u00f5ngad endas r\u00f5\u00f5msat ja j\u00f5ulist energiat, inspireeritud 80ndate ja 90ndate v\u00e4rvik\u00fcllasest esteetikast. Enesekindel statement-ese, mis \u00fchendab disaini ja meisterlikkuse.  &nbsp;","og_url":"https:\/\/lisakroeber.com\/et\/toode\/earrings-colour-hoops\/","og_site_name":"Lisa Kroeber Jewellery Art","article_modified_time":"2026-02-05T10:01:28+00:00","og_image":[{"width":1378,"height":1378,"url":"https:\/\/lisakroeber.com\/wp-content\/uploads\/2022\/11\/hoops_ultramarine_blue.jpg","type":"image\/jpeg"}],"twitter_card":"summary_large_image","twitter_misc":{"Est. reading time":"1 minut"},"schema":{"@context":"https:\/\/schema.org","@graph":[{"@type":"WebPage","@id":"https:\/\/lisakroeber.com\/et\/toode\/earrings-colour-hoops\/","url":"https:\/\/lisakroeber.com\/et\/toode\/earrings-colour-hoops\/","name":"Colour Hoops k\u00f5rvar\u00f5ngad - Lisa Kroeber Jewellery Art","isPartOf":{"@id":"https:\/\/lisakroeber.com\/#website"},"primaryImageOfPage":{"@id":"https:\/\/lisakroeber.com\/et\/toode\/earrings-colour-hoops\/#primaryimage"},"image":{"@id":"https:\/\/lisakroeber.com\/et\/toode\/earrings-colour-hoops\/#primaryimage"},"thumbnailUrl":"https:\/\/lisakroeber.com\/wp-content\/uploads\/2022\/11\/hoops_ultramarine_blue.jpg","datePublished":"2022-11-02T11:51:59+00:00","dateModified":"2026-02-05T10:01:28+00:00","breadcrumb":{"@id":"https:\/\/lisakroeber.com\/et\/toode\/earrings-colour-hoops\/#breadcrumb"},"inLanguage":"et","potentialAction":[{"@type":"ReadAction","target":["https:\/\/lisakroeber.com\/et\/toode\/earrings-colour-hoops\/"]}]},{"@type":"ImageObject","inLanguage":"et","@id":"https:\/\/lisakroeber.com\/et\/toode\/earrings-colour-hoops\/#primaryimage","url":"https:\/\/lisakroeber.com\/wp-content\/uploads\/2022\/11\/hoops_ultramarine_blue.jpg","contentUrl":"https:\/\/lisakroeber.com\/wp-content\/uploads\/2022\/11\/hoops_ultramarine_blue.jpg","width":1378,"height":1378},{"@type":"BreadcrumbList","@id":"https:\/\/lisakroeber.com\/et\/toode\/earrings-colour-hoops\/#breadcrumb","itemListElement":[{"@type":"ListItem","position":1,"name":"Home","item":"https:\/\/lisakroeber.com\/et\/"},{"@type":"ListItem","position":2,"name":"Pood","item":"https:\/\/lisakroeber.com\/et\/pood\/"},{"@type":"ListItem","position":3,"name":"Colour Hoops k\u00f5rvar\u00f5ngad"}]},{"@type":"WebSite","@id":"https:\/\/lisakroeber.com\/#website","url":"https:\/\/lisakroeber.com\/","name":"Lisa Kroeber Jewellery Art","description":"Lisa Kroeber Jewellery Art e-shop","publisher":{"@id":"https:\/\/lisakroeber.com\/#organization"},"potentialAction":[{"@type":"SearchAction","target":{"@type":"EntryPoint","urlTemplate":"https:\/\/lisakroeber.com\/?s={search_term_string}"},"query-input":{"@type":"PropertyValueSpecification","valueRequired":true,"valueName":"search_term_string"}}],"inLanguage":"et"},{"@type":"Organization","@id":"https:\/\/lisakroeber.com\/#organization","name":"Lisa Kroeber Jewellery","url":"https:\/\/lisakroeber.com\/","logo":{"@type":"ImageObject","inLanguage":"et","@id":"https:\/\/lisakroeber.com\/#\/schema\/logo\/image\/","url":"https:\/\/lisakroeber.com\/wp-content\/uploads\/2024\/07\/47178367_317322115661289_143956003702964224_n-e1543863670541.svg","contentUrl":"https:\/\/lisakroeber.com\/wp-content\/uploads\/2024\/07\/47178367_317322115661289_143956003702964224_n-e1543863670541.svg","width":1,"height":1,"caption":"Lisa Kroeber Jewellery"},"image":{"@id":"https:\/\/lisakroeber.com\/#\/schema\/logo\/image\/"}}]}},"_links":{"self":[{"href":"https:\/\/lisakroeber.com\/et\/wp-json\/wp\/v2\/product\/309286","targetHints":{"allow":["GET"]}}],"collection":[{"href":"https:\/\/lisakroeber.com\/et\/wp-json\/wp\/v2\/product"}],"about":[{"href":"https:\/\/lisakroeber.com\/et\/wp-json\/wp\/v2\/types\/product"}],"wp:featuredmedia":[{"embeddable":true,"href":"https:\/\/lisakroeber.com\/et\/wp-json\/wp\/v2\/media\/21269"}],"wp:attachment":[{"href":"https:\/\/lisakroeber.com\/et\/wp-json\/wp\/v2\/media?parent=309286"}],"wp:term":[{"taxonomy":"product_brand","embeddable":true,"href":"https:\/\/lisakroeber.com\/et\/wp-json\/wp\/v2\/product_brand?post=309286"},{"taxonomy":"product_cat","embeddable":true,"href":"https:\/\/lisakroeber.com\/et\/wp-json\/wp\/v2\/product_cat?post=309286"},{"taxonomy":"product_tag","embeddable":true,"href":"https:\/\/lisakroeber.com\/et\/wp-json\/wp\/v2\/product_tag?post=309286"}],"curies":[{"name":"wp","href":"https:\/\/api.w.org\/{rel}","templated":true}]}}