{"id":309410,"date":"2025-10-22T13:34:39","date_gmt":"2025-10-22T11:34:39","guid":{"rendered":"https:\/\/lisakroeber.com\/?post_type=product&#038;p=309410"},"modified":"2026-03-09T14:17:42","modified_gmt":"2026-03-09T12:17:42","slug":"korvarongad-mixmatch-raamid","status":"publish","type":"product","link":"https:\/\/lisakroeber.com\/et\/toode\/korvarongad-mixmatch-raamid\/","title":{"rendered":"K\u00f5rvar\u00f5ngad Mix&amp;Match RAAMID"},"content":{"rendered":"","protected":false},"excerpt":{"rendered":"<p data-start=\"0\" data-end=\"63\"><strong>Mix &amp; Match Raamid<\/strong><br \/>\nM\u00e4ngi. Kombineeri. Loo oma stiil.  <\/p>\n<p data-start=\"65\" data-end=\"359\"><em data-start=\"69\" data-end=\"89\">Mix&amp;Match RAAMID<\/em> on v\u00e4rvilised ja kerged lisandid, mis on m\u00f5eldud kandmiseks koos meie M&amp;M h\u00f5bedaste v\u00f5i kullatud r\u00f5ngastega. Lihtsalt pane \u00fcks v\u00f5i mitu raami r\u00f5nga k\u00fclge \u2014 kanna neid \u00fchekaupa, kihista eri v\u00e4rve v\u00f5i kombineeri<em data-start=\"321\" data-end=\"333\"> M&amp;M ripatsiga,<\/em> et luua julgem efekt.<\/p>\n<p data-start=\"361\" data-end=\"583\">Umbes 40 v\u00e4rvitooni ja l\u00f5putute kombinatsioonidega saad oma k\u00f5rvar\u00f5ngaid muuta sama tihti kui oma stiili.<br \/>\nKliki siia, et leida sobivad <strong><a href=\"https:\/\/lisakroeber.com\/et\/toode\/korvarongad-mixmatch-rongad\/\" target=\"_blank\" rel=\"noopener\">Mix&amp;Match h\u00f5bedased v\u00f5i kuldsed r\u00f5ngad (HOOPS).<\/a><\/strong><\/p>\n<p>Kl\u00f5psa siia, et n\u00e4ha sobivaid <strong><a href=\"https:\/\/lisakroeber.com\/et\/toode\/korvarongad-mixmatch-rongad\/\" target=\"_blank\" rel=\"noopener\">Mix&amp;Match Ripatsid<\/a><\/strong><\/p>\n<p>&nbsp;<\/p>\n","protected":false},"featured_media":309691,"template":"","meta":{"content-type":""},"product_brand":[],"product_cat":[342,340,1025],"product_tag":[1068],"class_list":{"0":"post-309410","1":"product","2":"type-product","3":"status-publish","4":"has-post-thumbnail","6":"product_cat-korvarongad","7":"product_cat-kollektsioonid","8":"product_cat-mix-match","9":"product_tag-uus","11":"first","12":"instock","13":"taxable","14":"shipping-taxable","15":"purchasable","16":"product-type-variable"},"yoast_head":"<!-- This site is optimized with the Yoast SEO plugin v27.4 - https:\/\/yoast.com\/product\/yoast-seo-wordpress\/ -->\n<title>K\u00f5rvar\u00f5ngad Mix&amp;Match RAAMID - Lisa Kroeber Jewellery Art<\/title>\n<meta name=\"robots\" content=\"index, follow, max-snippet:-1, max-image-preview:large, max-video-preview:-1\" \/>\n<link rel=\"canonical\" href=\"https:\/\/lisakroeber.com\/et\/toode\/korvarongad-mixmatch-raamid\/\" \/>\n<meta property=\"og:locale\" content=\"et_EE\" \/>\n<meta property=\"og:type\" content=\"article\" \/>\n<meta property=\"og:title\" content=\"K\u00f5rvar\u00f5ngad Mix&amp;Match RAAMID - Lisa Kroeber Jewellery Art\" \/>\n<meta property=\"og:description\" content=\"Mix &amp; Match Raamid M\u00e4ngi. Kombineeri. Loo oma stiil.  Mix&amp;Match RAAMID on v\u00e4rvilised ja kerged lisandid, mis on m\u00f5eldud kandmiseks koos meie M&amp;M h\u00f5bedaste v\u00f5i kullatud r\u00f5ngastega. Lihtsalt pane \u00fcks v\u00f5i mitu raami r\u00f5nga k\u00fclge \u2014 kanna neid \u00fchekaupa, kihista eri v\u00e4rve v\u00f5i kombineeri M&amp;M ripatsiga, et luua julgem efekt. Umbes 40 v\u00e4rvitooni ja l\u00f5putute kombinatsioonidega saad oma k\u00f5rvar\u00f5ngaid muuta sama tihti kui oma stiili. Kliki siia, et leida sobivad Mix&amp;Match h\u00f5bedased v\u00f5i kuldsed r\u00f5ngad (HOOPS). Kl\u00f5psa siia, et n\u00e4ha sobivaid Mix&amp;Match Ripatsid &nbsp;\" \/>\n<meta property=\"og:url\" content=\"https:\/\/lisakroeber.com\/et\/toode\/korvarongad-mixmatch-raamid\/\" \/>\n<meta property=\"og:site_name\" content=\"Lisa Kroeber Jewellery Art\" \/>\n<meta property=\"article:modified_time\" content=\"2026-03-09T12:17:42+00:00\" \/>\n<meta property=\"og:image\" content=\"https:\/\/lisakroeber.com\/wp-content\/uploads\/2025\/10\/MMFG60058012-scaled.jpg\" \/>\n\t<meta property=\"og:image:width\" content=\"2560\" \/>\n\t<meta property=\"og:image:height\" content=\"1707\" \/>\n\t<meta property=\"og:image:type\" content=\"image\/jpeg\" \/>\n<meta name=\"twitter:card\" content=\"summary_large_image\" \/>\n<meta name=\"twitter:label1\" content=\"Est. reading time\" \/>\n\t<meta name=\"twitter:data1\" content=\"1 minut\" \/>\n<script type=\"application\/ld+json\" class=\"yoast-schema-graph\">{\"@context\":\"https:\\\/\\\/schema.org\",\"@graph\":[{\"@type\":\"WebPage\",\"@id\":\"https:\\\/\\\/lisakroeber.com\\\/et\\\/toode\\\/korvarongad-mixmatch-raamid\\\/\",\"url\":\"https:\\\/\\\/lisakroeber.com\\\/et\\\/toode\\\/korvarongad-mixmatch-raamid\\\/\",\"name\":\"K\u00f5rvar\u00f5ngad Mix&amp;Match RAAMID - Lisa Kroeber Jewellery Art\",\"isPartOf\":{\"@id\":\"https:\\\/\\\/lisakroeber.com\\\/#website\"},\"primaryImageOfPage\":{\"@id\":\"https:\\\/\\\/lisakroeber.com\\\/et\\\/toode\\\/korvarongad-mixmatch-raamid\\\/#primaryimage\"},\"image\":{\"@id\":\"https:\\\/\\\/lisakroeber.com\\\/et\\\/toode\\\/korvarongad-mixmatch-raamid\\\/#primaryimage\"},\"thumbnailUrl\":\"https:\\\/\\\/lisakroeber.com\\\/wp-content\\\/uploads\\\/2025\\\/10\\\/MMFG60058012-scaled.jpg\",\"datePublished\":\"2025-10-22T11:34:39+00:00\",\"dateModified\":\"2026-03-09T12:17:42+00:00\",\"breadcrumb\":{\"@id\":\"https:\\\/\\\/lisakroeber.com\\\/et\\\/toode\\\/korvarongad-mixmatch-raamid\\\/#breadcrumb\"},\"inLanguage\":\"et\",\"potentialAction\":[{\"@type\":\"ReadAction\",\"target\":[\"https:\\\/\\\/lisakroeber.com\\\/et\\\/toode\\\/korvarongad-mixmatch-raamid\\\/\"]}]},{\"@type\":\"ImageObject\",\"inLanguage\":\"et\",\"@id\":\"https:\\\/\\\/lisakroeber.com\\\/et\\\/toode\\\/korvarongad-mixmatch-raamid\\\/#primaryimage\",\"url\":\"https:\\\/\\\/lisakroeber.com\\\/wp-content\\\/uploads\\\/2025\\\/10\\\/MMFG60058012-scaled.jpg\",\"contentUrl\":\"https:\\\/\\\/lisakroeber.com\\\/wp-content\\\/uploads\\\/2025\\\/10\\\/MMFG60058012-scaled.jpg\",\"width\":2560,\"height\":1707},{\"@type\":\"BreadcrumbList\",\"@id\":\"https:\\\/\\\/lisakroeber.com\\\/et\\\/toode\\\/korvarongad-mixmatch-raamid\\\/#breadcrumb\",\"itemListElement\":[{\"@type\":\"ListItem\",\"position\":1,\"name\":\"Home\",\"item\":\"https:\\\/\\\/lisakroeber.com\\\/et\\\/\"},{\"@type\":\"ListItem\",\"position\":2,\"name\":\"Pood\",\"item\":\"https:\\\/\\\/lisakroeber.com\\\/et\\\/pood\\\/\"},{\"@type\":\"ListItem\",\"position\":3,\"name\":\"K\u00f5rvar\u00f5ngad Mix&amp;Match RAAMID\"}]},{\"@type\":\"WebSite\",\"@id\":\"https:\\\/\\\/lisakroeber.com\\\/#website\",\"url\":\"https:\\\/\\\/lisakroeber.com\\\/\",\"name\":\"Lisa Kroeber Jewellery Art\",\"description\":\"Lisa Kroeber Jewellery Art e-shop\",\"publisher\":{\"@id\":\"https:\\\/\\\/lisakroeber.com\\\/#organization\"},\"potentialAction\":[{\"@type\":\"SearchAction\",\"target\":{\"@type\":\"EntryPoint\",\"urlTemplate\":\"https:\\\/\\\/lisakroeber.com\\\/?s={search_term_string}\"},\"query-input\":{\"@type\":\"PropertyValueSpecification\",\"valueRequired\":true,\"valueName\":\"search_term_string\"}}],\"inLanguage\":\"et\"},{\"@type\":\"Organization\",\"@id\":\"https:\\\/\\\/lisakroeber.com\\\/#organization\",\"name\":\"Lisa Kroeber Jewellery\",\"url\":\"https:\\\/\\\/lisakroeber.com\\\/\",\"logo\":{\"@type\":\"ImageObject\",\"inLanguage\":\"et\",\"@id\":\"https:\\\/\\\/lisakroeber.com\\\/#\\\/schema\\\/logo\\\/image\\\/\",\"url\":\"https:\\\/\\\/lisakroeber.com\\\/wp-content\\\/uploads\\\/2024\\\/07\\\/47178367_317322115661289_143956003702964224_n-e1543863670541.svg\",\"contentUrl\":\"https:\\\/\\\/lisakroeber.com\\\/wp-content\\\/uploads\\\/2024\\\/07\\\/47178367_317322115661289_143956003702964224_n-e1543863670541.svg\",\"width\":1,\"height\":1,\"caption\":\"Lisa Kroeber Jewellery\"},\"image\":{\"@id\":\"https:\\\/\\\/lisakroeber.com\\\/#\\\/schema\\\/logo\\\/image\\\/\"}}]}<\/script>\n<!-- \/ Yoast SEO plugin. -->","yoast_head_json":{"title":"K\u00f5rvar\u00f5ngad Mix&amp;Match RAAMID - Lisa Kroeber Jewellery Art","robots":{"index":"index","follow":"follow","max-snippet":"max-snippet:-1","max-image-preview":"max-image-preview:large","max-video-preview":"max-video-preview:-1"},"canonical":"https:\/\/lisakroeber.com\/et\/toode\/korvarongad-mixmatch-raamid\/","og_locale":"et_EE","og_type":"article","og_title":"K\u00f5rvar\u00f5ngad Mix&amp;Match RAAMID - Lisa Kroeber Jewellery Art","og_description":"Mix &amp; Match Raamid M\u00e4ngi. Kombineeri. Loo oma stiil.  Mix&amp;Match RAAMID on v\u00e4rvilised ja kerged lisandid, mis on m\u00f5eldud kandmiseks koos meie M&amp;M h\u00f5bedaste v\u00f5i kullatud r\u00f5ngastega. Lihtsalt pane \u00fcks v\u00f5i mitu raami r\u00f5nga k\u00fclge \u2014 kanna neid \u00fchekaupa, kihista eri v\u00e4rve v\u00f5i kombineeri M&amp;M ripatsiga, et luua julgem efekt. Umbes 40 v\u00e4rvitooni ja l\u00f5putute kombinatsioonidega saad oma k\u00f5rvar\u00f5ngaid muuta sama tihti kui oma stiili. Kliki siia, et leida sobivad Mix&amp;Match h\u00f5bedased v\u00f5i kuldsed r\u00f5ngad (HOOPS). Kl\u00f5psa siia, et n\u00e4ha sobivaid Mix&amp;Match Ripatsid &nbsp;","og_url":"https:\/\/lisakroeber.com\/et\/toode\/korvarongad-mixmatch-raamid\/","og_site_name":"Lisa Kroeber Jewellery Art","article_modified_time":"2026-03-09T12:17:42+00:00","og_image":[{"width":2560,"height":1707,"url":"https:\/\/lisakroeber.com\/wp-content\/uploads\/2025\/10\/MMFG60058012-scaled.jpg","type":"image\/jpeg"}],"twitter_card":"summary_large_image","twitter_misc":{"Est. reading time":"1 minut"},"schema":{"@context":"https:\/\/schema.org","@graph":[{"@type":"WebPage","@id":"https:\/\/lisakroeber.com\/et\/toode\/korvarongad-mixmatch-raamid\/","url":"https:\/\/lisakroeber.com\/et\/toode\/korvarongad-mixmatch-raamid\/","name":"K\u00f5rvar\u00f5ngad Mix&amp;Match RAAMID - Lisa Kroeber Jewellery Art","isPartOf":{"@id":"https:\/\/lisakroeber.com\/#website"},"primaryImageOfPage":{"@id":"https:\/\/lisakroeber.com\/et\/toode\/korvarongad-mixmatch-raamid\/#primaryimage"},"image":{"@id":"https:\/\/lisakroeber.com\/et\/toode\/korvarongad-mixmatch-raamid\/#primaryimage"},"thumbnailUrl":"https:\/\/lisakroeber.com\/wp-content\/uploads\/2025\/10\/MMFG60058012-scaled.jpg","datePublished":"2025-10-22T11:34:39+00:00","dateModified":"2026-03-09T12:17:42+00:00","breadcrumb":{"@id":"https:\/\/lisakroeber.com\/et\/toode\/korvarongad-mixmatch-raamid\/#breadcrumb"},"inLanguage":"et","potentialAction":[{"@type":"ReadAction","target":["https:\/\/lisakroeber.com\/et\/toode\/korvarongad-mixmatch-raamid\/"]}]},{"@type":"ImageObject","inLanguage":"et","@id":"https:\/\/lisakroeber.com\/et\/toode\/korvarongad-mixmatch-raamid\/#primaryimage","url":"https:\/\/lisakroeber.com\/wp-content\/uploads\/2025\/10\/MMFG60058012-scaled.jpg","contentUrl":"https:\/\/lisakroeber.com\/wp-content\/uploads\/2025\/10\/MMFG60058012-scaled.jpg","width":2560,"height":1707},{"@type":"BreadcrumbList","@id":"https:\/\/lisakroeber.com\/et\/toode\/korvarongad-mixmatch-raamid\/#breadcrumb","itemListElement":[{"@type":"ListItem","position":1,"name":"Home","item":"https:\/\/lisakroeber.com\/et\/"},{"@type":"ListItem","position":2,"name":"Pood","item":"https:\/\/lisakroeber.com\/et\/pood\/"},{"@type":"ListItem","position":3,"name":"K\u00f5rvar\u00f5ngad Mix&amp;Match RAAMID"}]},{"@type":"WebSite","@id":"https:\/\/lisakroeber.com\/#website","url":"https:\/\/lisakroeber.com\/","name":"Lisa Kroeber Jewellery Art","description":"Lisa Kroeber Jewellery Art e-shop","publisher":{"@id":"https:\/\/lisakroeber.com\/#organization"},"potentialAction":[{"@type":"SearchAction","target":{"@type":"EntryPoint","urlTemplate":"https:\/\/lisakroeber.com\/?s={search_term_string}"},"query-input":{"@type":"PropertyValueSpecification","valueRequired":true,"valueName":"search_term_string"}}],"inLanguage":"et"},{"@type":"Organization","@id":"https:\/\/lisakroeber.com\/#organization","name":"Lisa Kroeber Jewellery","url":"https:\/\/lisakroeber.com\/","logo":{"@type":"ImageObject","inLanguage":"et","@id":"https:\/\/lisakroeber.com\/#\/schema\/logo\/image\/","url":"https:\/\/lisakroeber.com\/wp-content\/uploads\/2024\/07\/47178367_317322115661289_143956003702964224_n-e1543863670541.svg","contentUrl":"https:\/\/lisakroeber.com\/wp-content\/uploads\/2024\/07\/47178367_317322115661289_143956003702964224_n-e1543863670541.svg","width":1,"height":1,"caption":"Lisa Kroeber Jewellery"},"image":{"@id":"https:\/\/lisakroeber.com\/#\/schema\/logo\/image\/"}}]}},"_links":{"self":[{"href":"https:\/\/lisakroeber.com\/et\/wp-json\/wp\/v2\/product\/309410","targetHints":{"allow":["GET"]}}],"collection":[{"href":"https:\/\/lisakroeber.com\/et\/wp-json\/wp\/v2\/product"}],"about":[{"href":"https:\/\/lisakroeber.com\/et\/wp-json\/wp\/v2\/types\/product"}],"wp:featuredmedia":[{"embeddable":true,"href":"https:\/\/lisakroeber.com\/et\/wp-json\/wp\/v2\/media\/309691"}],"wp:attachment":[{"href":"https:\/\/lisakroeber.com\/et\/wp-json\/wp\/v2\/media?parent=309410"}],"wp:term":[{"taxonomy":"product_brand","embeddable":true,"href":"https:\/\/lisakroeber.com\/et\/wp-json\/wp\/v2\/product_brand?post=309410"},{"taxonomy":"product_cat","embeddable":true,"href":"https:\/\/lisakroeber.com\/et\/wp-json\/wp\/v2\/product_cat?post=309410"},{"taxonomy":"product_tag","embeddable":true,"href":"https:\/\/lisakroeber.com\/et\/wp-json\/wp\/v2\/product_tag?post=309410"}],"curies":[{"name":"wp","href":"https:\/\/api.w.org\/{rel}","templated":true}]}}