{"id":309505,"date":"2025-10-22T13:16:14","date_gmt":"2025-10-22T11:16:14","guid":{"rendered":"https:\/\/lisakroeber.com\/?post_type=product&#038;p=309505"},"modified":"2026-03-12T12:47:26","modified_gmt":"2026-03-12T10:47:26","slug":"kaevoru-forma","status":"publish","type":"product","link":"https:\/\/lisakroeber.com\/et\/toode\/kaevoru-forma\/","title":{"rendered":"K\u00e4ev\u00f5ru Forma"},"content":{"rendered":"","protected":false},"excerpt":{"rendered":"<p><strong>Forma k\u00e4ev\u00f5ru<\/strong><br \/>\nJulge. Minimalistlik.  Ajatu.<\/p>\n<p><em>FORMA <\/em>k\u00e4ev\u00f5ru \u00fchendab skulpturaalse 925 h\u00f5beda ja kahekordselt \u00fcmber randme mineva nahkriba \u2013 t\u00e4iuslik tasakaal tugevuse ja elegantsi vahel. Disainitud nii meestele kui naistele, reguleeritava suuruse ja vastupidavate roostevabast terasest kinnitustega.<br \/>\nSee on ideaalne kingitus mehele ning kaunis paarik\u00e4ev\u00f5ru, kui kanda koos.<br \/>K\u00e4ev\u00f5ru saab muuta isikup\u00e4rasemaks, lisades h\u00f5beda k\u00fcljele graveeringu.<br \/>(Graveeringu lisamine maksab 30 \u20ac.)   <\/p>\n<p>Selge disaini ja meisterliku k\u00e4sit\u00f6\u00f6 v\u00e4ljendus \u2013 loodud igap\u00e4evaseks kandmiseks.<\/p>\n<p>Kollektsioon: Forma<\/p>\n<p>Materjal: 925 h\u00f5be, nahk<\/p>\n<p>H\u00f5bedase detaili suurus: 2 cm x 2,8 cm x 0,6 cm<\/p>\n<p>K\u00e4ev\u00f5ru kaal: 24 g<\/p>\n<p>Maksimaalne pikkus: 59,5 cm. Nahkrihm on disainitud \u00fcmber randme kaks korda m\u00e4hkuma. <\/p>\n<p>unisex<\/p>\n<p>K\u00f5ik tooted tarnitakse 1-5 p\u00e4eva jooksul. K\u00f5ik tooted tulevad kinkekarbis.<\/p>\n<p>&nbsp;<\/p>\n","protected":false},"featured_media":309494,"template":"","meta":{"content-type":""},"product_brand":[],"product_cat":[1071,336,340,343],"product_tag":[],"class_list":{"0":"post-309505","1":"product","2":"type-product","3":"status-publish","4":"has-post-thumbnail","6":"product_cat-forma","7":"product_cat-kaevorud","8":"product_cat-kollektsioonid","9":"product_cat-meestele","11":"first","12":"instock","13":"taxable","14":"shipping-taxable","15":"purchasable","16":"product-type-simple"},"yoast_head":"<!-- This site is optimized with the Yoast SEO plugin v27.3 - https:\/\/yoast.com\/product\/yoast-seo-wordpress\/ -->\n<title>K\u00e4ev\u00f5ru Forma - Lisa Kroeber Jewellery Art<\/title>\n<meta name=\"robots\" content=\"index, follow, max-snippet:-1, max-image-preview:large, max-video-preview:-1\" \/>\n<link rel=\"canonical\" href=\"https:\/\/lisakroeber.com\/et\/toode\/kaevoru-forma\/\" \/>\n<meta property=\"og:locale\" content=\"et_EE\" \/>\n<meta property=\"og:type\" content=\"article\" \/>\n<meta property=\"og:title\" content=\"K\u00e4ev\u00f5ru Forma - Lisa Kroeber Jewellery Art\" \/>\n<meta property=\"og:description\" content=\"Forma k\u00e4ev\u00f5ru Julge. Minimalistlik. Ajatu. FORMA k\u00e4ev\u00f5ru \u00fchendab skulpturaalse 925 h\u00f5beda ja kahekordselt \u00fcmber randme mineva nahkriba \u2013 t\u00e4iuslik tasakaal tugevuse ja elegantsi vahel. Disainitud nii meestele kui naistele, reguleeritava suuruse ja vastupidavate roostevabast terasest kinnitustega. See on ideaalne kingitus mehele ning kaunis paarik\u00e4ev\u00f5ru, kui kanda koos.K\u00e4ev\u00f5ru saab muuta isikup\u00e4rasemaks, lisades h\u00f5beda k\u00fcljele graveeringu.(Graveeringu lisamine maksab 30 \u20ac.)   Selge disaini ja meisterliku k\u00e4sit\u00f6\u00f6 v\u00e4ljendus \u2013 loodud igap\u00e4evaseks kandmiseks. Kollektsioon: Forma Materjal: 925 h\u00f5be, nahk H\u00f5bedase detaili suurus: 2 cm x 2,8 cm x 0,6 cm K\u00e4ev\u00f5ru kaal: 24 g Maksimaalne pikkus: 59,5 cm. Nahkrihm on disainitud \u00fcmber randme kaks korda m\u00e4hkuma.  unisex K\u00f5ik tooted tarnitakse 1-5 p\u00e4eva jooksul. K\u00f5ik tooted tulevad kinkekarbis. &nbsp;\" \/>\n<meta property=\"og:url\" content=\"https:\/\/lisakroeber.com\/et\/toode\/kaevoru-forma\/\" \/>\n<meta property=\"og:site_name\" content=\"Lisa Kroeber Jewellery Art\" \/>\n<meta property=\"article:modified_time\" content=\"2026-03-12T10:47:26+00:00\" \/>\n<meta property=\"og:image\" content=\"https:\/\/lisakroeber.com\/wp-content\/uploads\/2025\/10\/KaevoruEest-1-scaled.jpg\" \/>\n\t<meta property=\"og:image:width\" content=\"2560\" \/>\n\t<meta property=\"og:image:height\" content=\"1707\" \/>\n\t<meta property=\"og:image:type\" content=\"image\/jpeg\" \/>\n<meta name=\"twitter:card\" content=\"summary_large_image\" \/>\n<meta name=\"twitter:label1\" content=\"Est. reading time\" \/>\n\t<meta name=\"twitter:data1\" content=\"1 minut\" \/>\n<script type=\"application\/ld+json\" class=\"yoast-schema-graph\">{\"@context\":\"https:\\\/\\\/schema.org\",\"@graph\":[{\"@type\":\"WebPage\",\"@id\":\"https:\\\/\\\/lisakroeber.com\\\/et\\\/toode\\\/kaevoru-forma\\\/\",\"url\":\"https:\\\/\\\/lisakroeber.com\\\/et\\\/toode\\\/kaevoru-forma\\\/\",\"name\":\"K\u00e4ev\u00f5ru Forma - Lisa Kroeber Jewellery Art\",\"isPartOf\":{\"@id\":\"https:\\\/\\\/lisakroeber.com\\\/#website\"},\"primaryImageOfPage\":{\"@id\":\"https:\\\/\\\/lisakroeber.com\\\/et\\\/toode\\\/kaevoru-forma\\\/#primaryimage\"},\"image\":{\"@id\":\"https:\\\/\\\/lisakroeber.com\\\/et\\\/toode\\\/kaevoru-forma\\\/#primaryimage\"},\"thumbnailUrl\":\"https:\\\/\\\/lisakroeber.com\\\/wp-content\\\/uploads\\\/2025\\\/10\\\/KaevoruEest-1-scaled.jpg\",\"datePublished\":\"2025-10-22T11:16:14+00:00\",\"dateModified\":\"2026-03-12T10:47:26+00:00\",\"breadcrumb\":{\"@id\":\"https:\\\/\\\/lisakroeber.com\\\/et\\\/toode\\\/kaevoru-forma\\\/#breadcrumb\"},\"inLanguage\":\"et\",\"potentialAction\":[{\"@type\":\"ReadAction\",\"target\":[\"https:\\\/\\\/lisakroeber.com\\\/et\\\/toode\\\/kaevoru-forma\\\/\"]}]},{\"@type\":\"ImageObject\",\"inLanguage\":\"et\",\"@id\":\"https:\\\/\\\/lisakroeber.com\\\/et\\\/toode\\\/kaevoru-forma\\\/#primaryimage\",\"url\":\"https:\\\/\\\/lisakroeber.com\\\/wp-content\\\/uploads\\\/2025\\\/10\\\/KaevoruEest-1-scaled.jpg\",\"contentUrl\":\"https:\\\/\\\/lisakroeber.com\\\/wp-content\\\/uploads\\\/2025\\\/10\\\/KaevoruEest-1-scaled.jpg\",\"width\":2560,\"height\":1707},{\"@type\":\"BreadcrumbList\",\"@id\":\"https:\\\/\\\/lisakroeber.com\\\/et\\\/toode\\\/kaevoru-forma\\\/#breadcrumb\",\"itemListElement\":[{\"@type\":\"ListItem\",\"position\":1,\"name\":\"Home\",\"item\":\"https:\\\/\\\/lisakroeber.com\\\/et\\\/\"},{\"@type\":\"ListItem\",\"position\":2,\"name\":\"Pood\",\"item\":\"https:\\\/\\\/lisakroeber.com\\\/et\\\/pood\\\/\"},{\"@type\":\"ListItem\",\"position\":3,\"name\":\"K\u00e4ev\u00f5ru Forma\"}]},{\"@type\":\"WebSite\",\"@id\":\"https:\\\/\\\/lisakroeber.com\\\/#website\",\"url\":\"https:\\\/\\\/lisakroeber.com\\\/\",\"name\":\"Lisa Kroeber Jewellery Art\",\"description\":\"Lisa Kroeber Jewellery Art e-shop\",\"publisher\":{\"@id\":\"https:\\\/\\\/lisakroeber.com\\\/#organization\"},\"potentialAction\":[{\"@type\":\"SearchAction\",\"target\":{\"@type\":\"EntryPoint\",\"urlTemplate\":\"https:\\\/\\\/lisakroeber.com\\\/?s={search_term_string}\"},\"query-input\":{\"@type\":\"PropertyValueSpecification\",\"valueRequired\":true,\"valueName\":\"search_term_string\"}}],\"inLanguage\":\"et\"},{\"@type\":\"Organization\",\"@id\":\"https:\\\/\\\/lisakroeber.com\\\/#organization\",\"name\":\"Lisa Kroeber Jewellery\",\"url\":\"https:\\\/\\\/lisakroeber.com\\\/\",\"logo\":{\"@type\":\"ImageObject\",\"inLanguage\":\"et\",\"@id\":\"https:\\\/\\\/lisakroeber.com\\\/#\\\/schema\\\/logo\\\/image\\\/\",\"url\":\"https:\\\/\\\/lisakroeber.com\\\/wp-content\\\/uploads\\\/2024\\\/07\\\/47178367_317322115661289_143956003702964224_n-e1543863670541.svg\",\"contentUrl\":\"https:\\\/\\\/lisakroeber.com\\\/wp-content\\\/uploads\\\/2024\\\/07\\\/47178367_317322115661289_143956003702964224_n-e1543863670541.svg\",\"width\":1,\"height\":1,\"caption\":\"Lisa Kroeber Jewellery\"},\"image\":{\"@id\":\"https:\\\/\\\/lisakroeber.com\\\/#\\\/schema\\\/logo\\\/image\\\/\"}}]}<\/script>\n<!-- \/ Yoast SEO plugin. -->","yoast_head_json":{"title":"K\u00e4ev\u00f5ru Forma - Lisa Kroeber Jewellery Art","robots":{"index":"index","follow":"follow","max-snippet":"max-snippet:-1","max-image-preview":"max-image-preview:large","max-video-preview":"max-video-preview:-1"},"canonical":"https:\/\/lisakroeber.com\/et\/toode\/kaevoru-forma\/","og_locale":"et_EE","og_type":"article","og_title":"K\u00e4ev\u00f5ru Forma - Lisa Kroeber Jewellery Art","og_description":"Forma k\u00e4ev\u00f5ru Julge. Minimalistlik. Ajatu. FORMA k\u00e4ev\u00f5ru \u00fchendab skulpturaalse 925 h\u00f5beda ja kahekordselt \u00fcmber randme mineva nahkriba \u2013 t\u00e4iuslik tasakaal tugevuse ja elegantsi vahel. Disainitud nii meestele kui naistele, reguleeritava suuruse ja vastupidavate roostevabast terasest kinnitustega. See on ideaalne kingitus mehele ning kaunis paarik\u00e4ev\u00f5ru, kui kanda koos.K\u00e4ev\u00f5ru saab muuta isikup\u00e4rasemaks, lisades h\u00f5beda k\u00fcljele graveeringu.(Graveeringu lisamine maksab 30 \u20ac.)   Selge disaini ja meisterliku k\u00e4sit\u00f6\u00f6 v\u00e4ljendus \u2013 loodud igap\u00e4evaseks kandmiseks. Kollektsioon: Forma Materjal: 925 h\u00f5be, nahk H\u00f5bedase detaili suurus: 2 cm x 2,8 cm x 0,6 cm K\u00e4ev\u00f5ru kaal: 24 g Maksimaalne pikkus: 59,5 cm. Nahkrihm on disainitud \u00fcmber randme kaks korda m\u00e4hkuma.  unisex K\u00f5ik tooted tarnitakse 1-5 p\u00e4eva jooksul. K\u00f5ik tooted tulevad kinkekarbis. &nbsp;","og_url":"https:\/\/lisakroeber.com\/et\/toode\/kaevoru-forma\/","og_site_name":"Lisa Kroeber Jewellery Art","article_modified_time":"2026-03-12T10:47:26+00:00","og_image":[{"width":2560,"height":1707,"url":"https:\/\/lisakroeber.com\/wp-content\/uploads\/2025\/10\/KaevoruEest-1-scaled.jpg","type":"image\/jpeg"}],"twitter_card":"summary_large_image","twitter_misc":{"Est. reading time":"1 minut"},"schema":{"@context":"https:\/\/schema.org","@graph":[{"@type":"WebPage","@id":"https:\/\/lisakroeber.com\/et\/toode\/kaevoru-forma\/","url":"https:\/\/lisakroeber.com\/et\/toode\/kaevoru-forma\/","name":"K\u00e4ev\u00f5ru Forma - Lisa Kroeber Jewellery Art","isPartOf":{"@id":"https:\/\/lisakroeber.com\/#website"},"primaryImageOfPage":{"@id":"https:\/\/lisakroeber.com\/et\/toode\/kaevoru-forma\/#primaryimage"},"image":{"@id":"https:\/\/lisakroeber.com\/et\/toode\/kaevoru-forma\/#primaryimage"},"thumbnailUrl":"https:\/\/lisakroeber.com\/wp-content\/uploads\/2025\/10\/KaevoruEest-1-scaled.jpg","datePublished":"2025-10-22T11:16:14+00:00","dateModified":"2026-03-12T10:47:26+00:00","breadcrumb":{"@id":"https:\/\/lisakroeber.com\/et\/toode\/kaevoru-forma\/#breadcrumb"},"inLanguage":"et","potentialAction":[{"@type":"ReadAction","target":["https:\/\/lisakroeber.com\/et\/toode\/kaevoru-forma\/"]}]},{"@type":"ImageObject","inLanguage":"et","@id":"https:\/\/lisakroeber.com\/et\/toode\/kaevoru-forma\/#primaryimage","url":"https:\/\/lisakroeber.com\/wp-content\/uploads\/2025\/10\/KaevoruEest-1-scaled.jpg","contentUrl":"https:\/\/lisakroeber.com\/wp-content\/uploads\/2025\/10\/KaevoruEest-1-scaled.jpg","width":2560,"height":1707},{"@type":"BreadcrumbList","@id":"https:\/\/lisakroeber.com\/et\/toode\/kaevoru-forma\/#breadcrumb","itemListElement":[{"@type":"ListItem","position":1,"name":"Home","item":"https:\/\/lisakroeber.com\/et\/"},{"@type":"ListItem","position":2,"name":"Pood","item":"https:\/\/lisakroeber.com\/et\/pood\/"},{"@type":"ListItem","position":3,"name":"K\u00e4ev\u00f5ru Forma"}]},{"@type":"WebSite","@id":"https:\/\/lisakroeber.com\/#website","url":"https:\/\/lisakroeber.com\/","name":"Lisa Kroeber Jewellery Art","description":"Lisa Kroeber Jewellery Art e-shop","publisher":{"@id":"https:\/\/lisakroeber.com\/#organization"},"potentialAction":[{"@type":"SearchAction","target":{"@type":"EntryPoint","urlTemplate":"https:\/\/lisakroeber.com\/?s={search_term_string}"},"query-input":{"@type":"PropertyValueSpecification","valueRequired":true,"valueName":"search_term_string"}}],"inLanguage":"et"},{"@type":"Organization","@id":"https:\/\/lisakroeber.com\/#organization","name":"Lisa Kroeber Jewellery","url":"https:\/\/lisakroeber.com\/","logo":{"@type":"ImageObject","inLanguage":"et","@id":"https:\/\/lisakroeber.com\/#\/schema\/logo\/image\/","url":"https:\/\/lisakroeber.com\/wp-content\/uploads\/2024\/07\/47178367_317322115661289_143956003702964224_n-e1543863670541.svg","contentUrl":"https:\/\/lisakroeber.com\/wp-content\/uploads\/2024\/07\/47178367_317322115661289_143956003702964224_n-e1543863670541.svg","width":1,"height":1,"caption":"Lisa Kroeber Jewellery"},"image":{"@id":"https:\/\/lisakroeber.com\/#\/schema\/logo\/image\/"}}]}},"_links":{"self":[{"href":"https:\/\/lisakroeber.com\/et\/wp-json\/wp\/v2\/product\/309505","targetHints":{"allow":["GET"]}}],"collection":[{"href":"https:\/\/lisakroeber.com\/et\/wp-json\/wp\/v2\/product"}],"about":[{"href":"https:\/\/lisakroeber.com\/et\/wp-json\/wp\/v2\/types\/product"}],"wp:featuredmedia":[{"embeddable":true,"href":"https:\/\/lisakroeber.com\/et\/wp-json\/wp\/v2\/media\/309494"}],"wp:attachment":[{"href":"https:\/\/lisakroeber.com\/et\/wp-json\/wp\/v2\/media?parent=309505"}],"wp:term":[{"taxonomy":"product_brand","embeddable":true,"href":"https:\/\/lisakroeber.com\/et\/wp-json\/wp\/v2\/product_brand?post=309505"},{"taxonomy":"product_cat","embeddable":true,"href":"https:\/\/lisakroeber.com\/et\/wp-json\/wp\/v2\/product_cat?post=309505"},{"taxonomy":"product_tag","embeddable":true,"href":"https:\/\/lisakroeber.com\/et\/wp-json\/wp\/v2\/product_tag?post=309505"}],"curies":[{"name":"wp","href":"https:\/\/api.w.org\/{rel}","templated":true}]}}