{"id":309531,"date":"2025-10-22T12:35:37","date_gmt":"2025-10-22T10:35:37","guid":{"rendered":"https:\/\/lisakroeber.com\/product\/korvarongad-forma\/"},"modified":"2026-03-09T13:42:53","modified_gmt":"2026-03-09T11:42:53","slug":"korvarongad-forma","status":"publish","type":"product","link":"https:\/\/lisakroeber.com\/et\/toode\/korvarongad-forma\/","title":{"rendered":"K\u00f5rvar\u00f5ngad Forma"},"content":{"rendered":"","protected":false},"excerpt":{"rendered":"<p data-start=\"154\" data-end=\"207\"><strong data-start=\"154\" data-end=\"172\">Forma K\u00f5rvar\u00f5ngad<\/strong> <br data-start=\"172\" data-end=\"175\">Minimalistlik.<br \/> Skulpturaalne. Ajatu.<\/p>\n<p data-start=\"209\" data-end=\"483\"><em data-start=\"213\" data-end=\"220\">Forma k\u00f5rvar\u00f5ngad<\/em> on minimalistlikud, kuid m\u00f5juvad. Need on valmistatud h\u00f5bedast ning nende puhas, volditud pind m\u00e4ngib kaunilt valguse ja varjuga. Geomeetriline vorm loob tugeva, ent elegantse kohalolu, tasakaalustades skulpturaalse v\u00e4ljenduse ajatu disainiga.  <\/p>\n<p data-start=\"485\" data-end=\"671\"><em data-start=\"533\" data-end=\"540\">Forma k\u00f5rvar\u00f5ngaid <\/em>on saadaval kahes suuruses: Small ja Big, v\u00f5imaldades valida vaoshoitud peenuse v\u00f5i julge statement\u2019i vahel. Kaasaegne ehe, mis on loodud kandmiseks nii igap\u00e4evaselt kui ka erilistel hetkedel. <\/p>\n","protected":false},"featured_media":309514,"template":"","meta":{"content-type":""},"product_brand":[],"product_cat":[1071,342,340],"product_tag":[1068],"class_list":{"0":"post-309531","1":"product","2":"type-product","3":"status-publish","4":"has-post-thumbnail","6":"product_cat-forma","7":"product_cat-korvarongad","8":"product_cat-kollektsioonid","9":"product_tag-uus","11":"first","12":"instock","13":"taxable","14":"shipping-taxable","15":"purchasable","16":"product-type-variable"},"yoast_head":"<!-- This site is optimized with the Yoast SEO plugin v27.4 - https:\/\/yoast.com\/product\/yoast-seo-wordpress\/ -->\n<title>K\u00f5rvar\u00f5ngad Forma - Lisa Kroeber Jewellery Art<\/title>\n<meta name=\"robots\" content=\"index, follow, max-snippet:-1, max-image-preview:large, max-video-preview:-1\" \/>\n<link rel=\"canonical\" href=\"https:\/\/lisakroeber.com\/et\/toode\/korvarongad-forma\/\" \/>\n<meta property=\"og:locale\" content=\"et_EE\" \/>\n<meta property=\"og:type\" content=\"article\" \/>\n<meta property=\"og:title\" content=\"K\u00f5rvar\u00f5ngad Forma - Lisa Kroeber Jewellery Art\" \/>\n<meta property=\"og:description\" content=\"Forma K\u00f5rvar\u00f5ngad Minimalistlik. Skulpturaalne. Ajatu. Forma k\u00f5rvar\u00f5ngad on minimalistlikud, kuid m\u00f5juvad. Need on valmistatud h\u00f5bedast ning nende puhas, volditud pind m\u00e4ngib kaunilt valguse ja varjuga. Geomeetriline vorm loob tugeva, ent elegantse kohalolu, tasakaalustades skulpturaalse v\u00e4ljenduse ajatu disainiga.  Forma k\u00f5rvar\u00f5ngaid on saadaval kahes suuruses: Small ja Big, v\u00f5imaldades valida vaoshoitud peenuse v\u00f5i julge statement\u2019i vahel. Kaasaegne ehe, mis on loodud kandmiseks nii igap\u00e4evaselt kui ka erilistel hetkedel.\" \/>\n<meta property=\"og:url\" content=\"https:\/\/lisakroeber.com\/et\/toode\/korvarongad-forma\/\" \/>\n<meta property=\"og:site_name\" content=\"Lisa Kroeber Jewellery Art\" \/>\n<meta property=\"article:modified_time\" content=\"2026-03-09T11:42:53+00:00\" \/>\n<meta property=\"og:image\" content=\"https:\/\/lisakroeber.com\/wp-content\/uploads\/2025\/10\/FormaSuur-1-scaled.jpg\" \/>\n\t<meta property=\"og:image:width\" content=\"2560\" \/>\n\t<meta property=\"og:image:height\" content=\"1707\" \/>\n\t<meta property=\"og:image:type\" content=\"image\/jpeg\" \/>\n<meta name=\"twitter:card\" content=\"summary_large_image\" \/>\n<script type=\"application\/ld+json\" class=\"yoast-schema-graph\">{\"@context\":\"https:\\\/\\\/schema.org\",\"@graph\":[{\"@type\":\"WebPage\",\"@id\":\"https:\\\/\\\/lisakroeber.com\\\/et\\\/toode\\\/korvarongad-forma\\\/\",\"url\":\"https:\\\/\\\/lisakroeber.com\\\/et\\\/toode\\\/korvarongad-forma\\\/\",\"name\":\"K\u00f5rvar\u00f5ngad Forma - Lisa Kroeber Jewellery Art\",\"isPartOf\":{\"@id\":\"https:\\\/\\\/lisakroeber.com\\\/#website\"},\"primaryImageOfPage\":{\"@id\":\"https:\\\/\\\/lisakroeber.com\\\/et\\\/toode\\\/korvarongad-forma\\\/#primaryimage\"},\"image\":{\"@id\":\"https:\\\/\\\/lisakroeber.com\\\/et\\\/toode\\\/korvarongad-forma\\\/#primaryimage\"},\"thumbnailUrl\":\"https:\\\/\\\/lisakroeber.com\\\/wp-content\\\/uploads\\\/2025\\\/10\\\/FormaSuur-1-scaled.jpg\",\"datePublished\":\"2025-10-22T10:35:37+00:00\",\"dateModified\":\"2026-03-09T11:42:53+00:00\",\"breadcrumb\":{\"@id\":\"https:\\\/\\\/lisakroeber.com\\\/et\\\/toode\\\/korvarongad-forma\\\/#breadcrumb\"},\"inLanguage\":\"et\",\"potentialAction\":[{\"@type\":\"ReadAction\",\"target\":[\"https:\\\/\\\/lisakroeber.com\\\/et\\\/toode\\\/korvarongad-forma\\\/\"]}]},{\"@type\":\"ImageObject\",\"inLanguage\":\"et\",\"@id\":\"https:\\\/\\\/lisakroeber.com\\\/et\\\/toode\\\/korvarongad-forma\\\/#primaryimage\",\"url\":\"https:\\\/\\\/lisakroeber.com\\\/wp-content\\\/uploads\\\/2025\\\/10\\\/FormaSuur-1-scaled.jpg\",\"contentUrl\":\"https:\\\/\\\/lisakroeber.com\\\/wp-content\\\/uploads\\\/2025\\\/10\\\/FormaSuur-1-scaled.jpg\",\"width\":2560,\"height\":1707},{\"@type\":\"BreadcrumbList\",\"@id\":\"https:\\\/\\\/lisakroeber.com\\\/et\\\/toode\\\/korvarongad-forma\\\/#breadcrumb\",\"itemListElement\":[{\"@type\":\"ListItem\",\"position\":1,\"name\":\"Home\",\"item\":\"https:\\\/\\\/lisakroeber.com\\\/et\\\/\"},{\"@type\":\"ListItem\",\"position\":2,\"name\":\"Pood\",\"item\":\"https:\\\/\\\/lisakroeber.com\\\/et\\\/pood\\\/\"},{\"@type\":\"ListItem\",\"position\":3,\"name\":\"K\u00f5rvar\u00f5ngad Forma\"}]},{\"@type\":\"WebSite\",\"@id\":\"https:\\\/\\\/lisakroeber.com\\\/#website\",\"url\":\"https:\\\/\\\/lisakroeber.com\\\/\",\"name\":\"Lisa Kroeber Jewellery Art\",\"description\":\"Lisa Kroeber Jewellery Art e-shop\",\"publisher\":{\"@id\":\"https:\\\/\\\/lisakroeber.com\\\/#organization\"},\"potentialAction\":[{\"@type\":\"SearchAction\",\"target\":{\"@type\":\"EntryPoint\",\"urlTemplate\":\"https:\\\/\\\/lisakroeber.com\\\/?s={search_term_string}\"},\"query-input\":{\"@type\":\"PropertyValueSpecification\",\"valueRequired\":true,\"valueName\":\"search_term_string\"}}],\"inLanguage\":\"et\"},{\"@type\":\"Organization\",\"@id\":\"https:\\\/\\\/lisakroeber.com\\\/#organization\",\"name\":\"Lisa Kroeber Jewellery\",\"url\":\"https:\\\/\\\/lisakroeber.com\\\/\",\"logo\":{\"@type\":\"ImageObject\",\"inLanguage\":\"et\",\"@id\":\"https:\\\/\\\/lisakroeber.com\\\/#\\\/schema\\\/logo\\\/image\\\/\",\"url\":\"https:\\\/\\\/lisakroeber.com\\\/wp-content\\\/uploads\\\/2024\\\/07\\\/47178367_317322115661289_143956003702964224_n-e1543863670541.svg\",\"contentUrl\":\"https:\\\/\\\/lisakroeber.com\\\/wp-content\\\/uploads\\\/2024\\\/07\\\/47178367_317322115661289_143956003702964224_n-e1543863670541.svg\",\"width\":1,\"height\":1,\"caption\":\"Lisa Kroeber Jewellery\"},\"image\":{\"@id\":\"https:\\\/\\\/lisakroeber.com\\\/#\\\/schema\\\/logo\\\/image\\\/\"}}]}<\/script>\n<!-- \/ Yoast SEO plugin. -->","yoast_head_json":{"title":"K\u00f5rvar\u00f5ngad Forma - Lisa Kroeber Jewellery Art","robots":{"index":"index","follow":"follow","max-snippet":"max-snippet:-1","max-image-preview":"max-image-preview:large","max-video-preview":"max-video-preview:-1"},"canonical":"https:\/\/lisakroeber.com\/et\/toode\/korvarongad-forma\/","og_locale":"et_EE","og_type":"article","og_title":"K\u00f5rvar\u00f5ngad Forma - Lisa Kroeber Jewellery Art","og_description":"Forma K\u00f5rvar\u00f5ngad Minimalistlik. Skulpturaalne. Ajatu. Forma k\u00f5rvar\u00f5ngad on minimalistlikud, kuid m\u00f5juvad. Need on valmistatud h\u00f5bedast ning nende puhas, volditud pind m\u00e4ngib kaunilt valguse ja varjuga. Geomeetriline vorm loob tugeva, ent elegantse kohalolu, tasakaalustades skulpturaalse v\u00e4ljenduse ajatu disainiga.  Forma k\u00f5rvar\u00f5ngaid on saadaval kahes suuruses: Small ja Big, v\u00f5imaldades valida vaoshoitud peenuse v\u00f5i julge statement\u2019i vahel. Kaasaegne ehe, mis on loodud kandmiseks nii igap\u00e4evaselt kui ka erilistel hetkedel.","og_url":"https:\/\/lisakroeber.com\/et\/toode\/korvarongad-forma\/","og_site_name":"Lisa Kroeber Jewellery Art","article_modified_time":"2026-03-09T11:42:53+00:00","og_image":[{"width":2560,"height":1707,"url":"https:\/\/lisakroeber.com\/wp-content\/uploads\/2025\/10\/FormaSuur-1-scaled.jpg","type":"image\/jpeg"}],"twitter_card":"summary_large_image","schema":{"@context":"https:\/\/schema.org","@graph":[{"@type":"WebPage","@id":"https:\/\/lisakroeber.com\/et\/toode\/korvarongad-forma\/","url":"https:\/\/lisakroeber.com\/et\/toode\/korvarongad-forma\/","name":"K\u00f5rvar\u00f5ngad Forma - Lisa Kroeber Jewellery Art","isPartOf":{"@id":"https:\/\/lisakroeber.com\/#website"},"primaryImageOfPage":{"@id":"https:\/\/lisakroeber.com\/et\/toode\/korvarongad-forma\/#primaryimage"},"image":{"@id":"https:\/\/lisakroeber.com\/et\/toode\/korvarongad-forma\/#primaryimage"},"thumbnailUrl":"https:\/\/lisakroeber.com\/wp-content\/uploads\/2025\/10\/FormaSuur-1-scaled.jpg","datePublished":"2025-10-22T10:35:37+00:00","dateModified":"2026-03-09T11:42:53+00:00","breadcrumb":{"@id":"https:\/\/lisakroeber.com\/et\/toode\/korvarongad-forma\/#breadcrumb"},"inLanguage":"et","potentialAction":[{"@type":"ReadAction","target":["https:\/\/lisakroeber.com\/et\/toode\/korvarongad-forma\/"]}]},{"@type":"ImageObject","inLanguage":"et","@id":"https:\/\/lisakroeber.com\/et\/toode\/korvarongad-forma\/#primaryimage","url":"https:\/\/lisakroeber.com\/wp-content\/uploads\/2025\/10\/FormaSuur-1-scaled.jpg","contentUrl":"https:\/\/lisakroeber.com\/wp-content\/uploads\/2025\/10\/FormaSuur-1-scaled.jpg","width":2560,"height":1707},{"@type":"BreadcrumbList","@id":"https:\/\/lisakroeber.com\/et\/toode\/korvarongad-forma\/#breadcrumb","itemListElement":[{"@type":"ListItem","position":1,"name":"Home","item":"https:\/\/lisakroeber.com\/et\/"},{"@type":"ListItem","position":2,"name":"Pood","item":"https:\/\/lisakroeber.com\/et\/pood\/"},{"@type":"ListItem","position":3,"name":"K\u00f5rvar\u00f5ngad Forma"}]},{"@type":"WebSite","@id":"https:\/\/lisakroeber.com\/#website","url":"https:\/\/lisakroeber.com\/","name":"Lisa Kroeber Jewellery Art","description":"Lisa Kroeber Jewellery Art e-shop","publisher":{"@id":"https:\/\/lisakroeber.com\/#organization"},"potentialAction":[{"@type":"SearchAction","target":{"@type":"EntryPoint","urlTemplate":"https:\/\/lisakroeber.com\/?s={search_term_string}"},"query-input":{"@type":"PropertyValueSpecification","valueRequired":true,"valueName":"search_term_string"}}],"inLanguage":"et"},{"@type":"Organization","@id":"https:\/\/lisakroeber.com\/#organization","name":"Lisa Kroeber Jewellery","url":"https:\/\/lisakroeber.com\/","logo":{"@type":"ImageObject","inLanguage":"et","@id":"https:\/\/lisakroeber.com\/#\/schema\/logo\/image\/","url":"https:\/\/lisakroeber.com\/wp-content\/uploads\/2024\/07\/47178367_317322115661289_143956003702964224_n-e1543863670541.svg","contentUrl":"https:\/\/lisakroeber.com\/wp-content\/uploads\/2024\/07\/47178367_317322115661289_143956003702964224_n-e1543863670541.svg","width":1,"height":1,"caption":"Lisa Kroeber Jewellery"},"image":{"@id":"https:\/\/lisakroeber.com\/#\/schema\/logo\/image\/"}}]}},"_links":{"self":[{"href":"https:\/\/lisakroeber.com\/et\/wp-json\/wp\/v2\/product\/309531","targetHints":{"allow":["GET"]}}],"collection":[{"href":"https:\/\/lisakroeber.com\/et\/wp-json\/wp\/v2\/product"}],"about":[{"href":"https:\/\/lisakroeber.com\/et\/wp-json\/wp\/v2\/types\/product"}],"wp:featuredmedia":[{"embeddable":true,"href":"https:\/\/lisakroeber.com\/et\/wp-json\/wp\/v2\/media\/309514"}],"wp:attachment":[{"href":"https:\/\/lisakroeber.com\/et\/wp-json\/wp\/v2\/media?parent=309531"}],"wp:term":[{"taxonomy":"product_brand","embeddable":true,"href":"https:\/\/lisakroeber.com\/et\/wp-json\/wp\/v2\/product_brand?post=309531"},{"taxonomy":"product_cat","embeddable":true,"href":"https:\/\/lisakroeber.com\/et\/wp-json\/wp\/v2\/product_cat?post=309531"},{"taxonomy":"product_tag","embeddable":true,"href":"https:\/\/lisakroeber.com\/et\/wp-json\/wp\/v2\/product_tag?post=309531"}],"curies":[{"name":"wp","href":"https:\/\/api.w.org\/{rel}","templated":true}]}}