{"id":310466,"date":"2026-01-23T14:10:12","date_gmt":"2026-01-23T12:10:12","guid":{"rendered":"https:\/\/lisakroeber.com\/product\/art-sormused-folded\/"},"modified":"2026-03-14T08:53:21","modified_gmt":"2026-03-14T06:53:21","slug":"art-sormused-folded","status":"publish","type":"product","link":"https:\/\/lisakroeber.com\/et\/toode\/art-sormused-folded\/","title":{"rendered":"ART S\u00f5rmused Folded"},"content":{"rendered":"","protected":false},"excerpt":{"rendered":"<p data-start=\"0\" data-end=\"46\"><strong data-start=\"0\" data-end=\"16\">Folded Rings<\/strong><br \/>\n<br data-start=\"16\" data-end=\"19\" \/><em>Folded s\u00f5rmused <\/em>kuuluvad Unique Art Pieces kollektsiooni. Need on skulptuurne uus t\u00f5lgendus ikoonilisest<em> Folded<\/em> vormist. Varasemast seeriast alguse saanud tuttav geomeetria on \u00fcmber m\u00f5testatud m\u00f5\u00f5tkava ja vormi kaudu, muutudes volditud s\u00f5rmuseks.<\/p>\n<p data-start=\"333\" data-end=\"632\">Iga s\u00f5rmus on vormitud kui v\u00e4ike arhitektuurne objekt: tugevad jooned, selged nurgad ja volditud siluett, mis p\u00fc\u00fcab valgust igast k\u00fcljest erinevalt. Hoolimata oma graafilisest iseloomust on s\u00f5rmus mugav ja tasakaalus kanda \u2013 ehe, mis liigub loomulikult koos sinuga ja saab osaks igap\u00e4evasest r\u00fctmist.<\/p>\n<p data-start=\"634\" data-end=\"825\">Saadaval erinevates v\u00e4rvitoonides ja kolmes suuruses \u2014 iga s\u00f5rmus v\u00f5imaldab isiklikku valikut ja enesev\u00e4ljendust.<br data-start=\"757\" data-end=\"760\" \/>Palun kirjuta tellimust tehes oma soovitud suurus kommentaaridesse.<\/p>\n<p>Piiratud kogus.<\/p>\n","protected":false},"featured_media":310454,"template":"","meta":{"content-type":""},"product_brand":[],"product_cat":[1284,446,1288],"product_tag":[],"class_list":{"0":"post-310466","1":"product","2":"type-product","3":"status-publish","4":"has-post-thumbnail","6":"product_cat-autoriehted","7":"product_cat-folded-et","8":"product_cat-sormused","10":"first","11":"instock","12":"taxable","13":"shipping-taxable","14":"purchasable","15":"product-type-variable"},"yoast_head":"<!-- This site is optimized with the Yoast SEO plugin v27.3 - https:\/\/yoast.com\/product\/yoast-seo-wordpress\/ -->\n<title>ART S\u00f5rmused Folded - Lisa Kroeber Jewellery Art<\/title>\n<meta name=\"robots\" content=\"index, follow, max-snippet:-1, max-image-preview:large, max-video-preview:-1\" \/>\n<link rel=\"canonical\" href=\"https:\/\/lisakroeber.com\/et\/toode\/art-sormused-folded\/\" \/>\n<meta property=\"og:locale\" content=\"et_EE\" \/>\n<meta property=\"og:type\" content=\"article\" \/>\n<meta property=\"og:title\" content=\"ART S\u00f5rmused Folded - Lisa Kroeber Jewellery Art\" \/>\n<meta property=\"og:description\" content=\"Folded Rings Folded s\u00f5rmused kuuluvad Unique Art Pieces kollektsiooni. Need on skulptuurne uus t\u00f5lgendus ikoonilisest Folded vormist. Varasemast seeriast alguse saanud tuttav geomeetria on \u00fcmber m\u00f5testatud m\u00f5\u00f5tkava ja vormi kaudu, muutudes volditud s\u00f5rmuseks. Iga s\u00f5rmus on vormitud kui v\u00e4ike arhitektuurne objekt: tugevad jooned, selged nurgad ja volditud siluett, mis p\u00fc\u00fcab valgust igast k\u00fcljest erinevalt. Hoolimata oma graafilisest iseloomust on s\u00f5rmus mugav ja tasakaalus kanda \u2013 ehe, mis liigub loomulikult koos sinuga ja saab osaks igap\u00e4evasest r\u00fctmist. Saadaval erinevates v\u00e4rvitoonides ja kolmes suuruses \u2014 iga s\u00f5rmus v\u00f5imaldab isiklikku valikut ja enesev\u00e4ljendust.Palun kirjuta tellimust tehes oma soovitud suurus kommentaaridesse. Piiratud kogus.\" \/>\n<meta property=\"og:url\" content=\"https:\/\/lisakroeber.com\/et\/toode\/art-sormused-folded\/\" \/>\n<meta property=\"og:site_name\" content=\"Lisa Kroeber Jewellery Art\" \/>\n<meta property=\"article:modified_time\" content=\"2026-03-14T06:53:21+00:00\" \/>\n<meta property=\"og:image\" content=\"https:\/\/lisakroeber.com\/wp-content\/uploads\/2026\/01\/Rings-ART-scaled.jpg\" \/>\n\t<meta property=\"og:image:width\" content=\"2560\" \/>\n\t<meta property=\"og:image:height\" content=\"2560\" \/>\n\t<meta property=\"og:image:type\" content=\"image\/jpeg\" \/>\n<meta name=\"twitter:card\" content=\"summary_large_image\" \/>\n<meta name=\"twitter:label1\" content=\"Est. reading time\" \/>\n\t<meta name=\"twitter:data1\" content=\"1 minut\" \/>\n<script type=\"application\/ld+json\" class=\"yoast-schema-graph\">{\"@context\":\"https:\\\/\\\/schema.org\",\"@graph\":[{\"@type\":\"WebPage\",\"@id\":\"https:\\\/\\\/lisakroeber.com\\\/et\\\/toode\\\/art-sormused-folded\\\/\",\"url\":\"https:\\\/\\\/lisakroeber.com\\\/et\\\/toode\\\/art-sormused-folded\\\/\",\"name\":\"ART S\u00f5rmused Folded - Lisa Kroeber Jewellery Art\",\"isPartOf\":{\"@id\":\"https:\\\/\\\/lisakroeber.com\\\/#website\"},\"primaryImageOfPage\":{\"@id\":\"https:\\\/\\\/lisakroeber.com\\\/et\\\/toode\\\/art-sormused-folded\\\/#primaryimage\"},\"image\":{\"@id\":\"https:\\\/\\\/lisakroeber.com\\\/et\\\/toode\\\/art-sormused-folded\\\/#primaryimage\"},\"thumbnailUrl\":\"https:\\\/\\\/lisakroeber.com\\\/wp-content\\\/uploads\\\/2026\\\/01\\\/Rings-ART-scaled.jpg\",\"datePublished\":\"2026-01-23T12:10:12+00:00\",\"dateModified\":\"2026-03-14T06:53:21+00:00\",\"breadcrumb\":{\"@id\":\"https:\\\/\\\/lisakroeber.com\\\/et\\\/toode\\\/art-sormused-folded\\\/#breadcrumb\"},\"inLanguage\":\"et\",\"potentialAction\":[{\"@type\":\"ReadAction\",\"target\":[\"https:\\\/\\\/lisakroeber.com\\\/et\\\/toode\\\/art-sormused-folded\\\/\"]}]},{\"@type\":\"ImageObject\",\"inLanguage\":\"et\",\"@id\":\"https:\\\/\\\/lisakroeber.com\\\/et\\\/toode\\\/art-sormused-folded\\\/#primaryimage\",\"url\":\"https:\\\/\\\/lisakroeber.com\\\/wp-content\\\/uploads\\\/2026\\\/01\\\/Rings-ART-scaled.jpg\",\"contentUrl\":\"https:\\\/\\\/lisakroeber.com\\\/wp-content\\\/uploads\\\/2026\\\/01\\\/Rings-ART-scaled.jpg\",\"width\":2560,\"height\":2560},{\"@type\":\"BreadcrumbList\",\"@id\":\"https:\\\/\\\/lisakroeber.com\\\/et\\\/toode\\\/art-sormused-folded\\\/#breadcrumb\",\"itemListElement\":[{\"@type\":\"ListItem\",\"position\":1,\"name\":\"Home\",\"item\":\"https:\\\/\\\/lisakroeber.com\\\/et\\\/\"},{\"@type\":\"ListItem\",\"position\":2,\"name\":\"Pood\",\"item\":\"https:\\\/\\\/lisakroeber.com\\\/et\\\/pood\\\/\"},{\"@type\":\"ListItem\",\"position\":3,\"name\":\"ART S\u00f5rmused Folded\"}]},{\"@type\":\"WebSite\",\"@id\":\"https:\\\/\\\/lisakroeber.com\\\/#website\",\"url\":\"https:\\\/\\\/lisakroeber.com\\\/\",\"name\":\"Lisa Kroeber Jewellery Art\",\"description\":\"Lisa Kroeber Jewellery Art e-shop\",\"publisher\":{\"@id\":\"https:\\\/\\\/lisakroeber.com\\\/#organization\"},\"potentialAction\":[{\"@type\":\"SearchAction\",\"target\":{\"@type\":\"EntryPoint\",\"urlTemplate\":\"https:\\\/\\\/lisakroeber.com\\\/?s={search_term_string}\"},\"query-input\":{\"@type\":\"PropertyValueSpecification\",\"valueRequired\":true,\"valueName\":\"search_term_string\"}}],\"inLanguage\":\"et\"},{\"@type\":\"Organization\",\"@id\":\"https:\\\/\\\/lisakroeber.com\\\/#organization\",\"name\":\"Lisa Kroeber Jewellery\",\"url\":\"https:\\\/\\\/lisakroeber.com\\\/\",\"logo\":{\"@type\":\"ImageObject\",\"inLanguage\":\"et\",\"@id\":\"https:\\\/\\\/lisakroeber.com\\\/#\\\/schema\\\/logo\\\/image\\\/\",\"url\":\"https:\\\/\\\/lisakroeber.com\\\/wp-content\\\/uploads\\\/2024\\\/07\\\/47178367_317322115661289_143956003702964224_n-e1543863670541.svg\",\"contentUrl\":\"https:\\\/\\\/lisakroeber.com\\\/wp-content\\\/uploads\\\/2024\\\/07\\\/47178367_317322115661289_143956003702964224_n-e1543863670541.svg\",\"width\":1,\"height\":1,\"caption\":\"Lisa Kroeber Jewellery\"},\"image\":{\"@id\":\"https:\\\/\\\/lisakroeber.com\\\/#\\\/schema\\\/logo\\\/image\\\/\"}}]}<\/script>\n<!-- \/ Yoast SEO plugin. -->","yoast_head_json":{"title":"ART S\u00f5rmused Folded - Lisa Kroeber Jewellery Art","robots":{"index":"index","follow":"follow","max-snippet":"max-snippet:-1","max-image-preview":"max-image-preview:large","max-video-preview":"max-video-preview:-1"},"canonical":"https:\/\/lisakroeber.com\/et\/toode\/art-sormused-folded\/","og_locale":"et_EE","og_type":"article","og_title":"ART S\u00f5rmused Folded - Lisa Kroeber Jewellery Art","og_description":"Folded Rings Folded s\u00f5rmused kuuluvad Unique Art Pieces kollektsiooni. Need on skulptuurne uus t\u00f5lgendus ikoonilisest Folded vormist. Varasemast seeriast alguse saanud tuttav geomeetria on \u00fcmber m\u00f5testatud m\u00f5\u00f5tkava ja vormi kaudu, muutudes volditud s\u00f5rmuseks. Iga s\u00f5rmus on vormitud kui v\u00e4ike arhitektuurne objekt: tugevad jooned, selged nurgad ja volditud siluett, mis p\u00fc\u00fcab valgust igast k\u00fcljest erinevalt. Hoolimata oma graafilisest iseloomust on s\u00f5rmus mugav ja tasakaalus kanda \u2013 ehe, mis liigub loomulikult koos sinuga ja saab osaks igap\u00e4evasest r\u00fctmist. Saadaval erinevates v\u00e4rvitoonides ja kolmes suuruses \u2014 iga s\u00f5rmus v\u00f5imaldab isiklikku valikut ja enesev\u00e4ljendust.Palun kirjuta tellimust tehes oma soovitud suurus kommentaaridesse. Piiratud kogus.","og_url":"https:\/\/lisakroeber.com\/et\/toode\/art-sormused-folded\/","og_site_name":"Lisa Kroeber Jewellery Art","article_modified_time":"2026-03-14T06:53:21+00:00","og_image":[{"width":2560,"height":2560,"url":"https:\/\/lisakroeber.com\/wp-content\/uploads\/2026\/01\/Rings-ART-scaled.jpg","type":"image\/jpeg"}],"twitter_card":"summary_large_image","twitter_misc":{"Est. reading time":"1 minut"},"schema":{"@context":"https:\/\/schema.org","@graph":[{"@type":"WebPage","@id":"https:\/\/lisakroeber.com\/et\/toode\/art-sormused-folded\/","url":"https:\/\/lisakroeber.com\/et\/toode\/art-sormused-folded\/","name":"ART S\u00f5rmused Folded - Lisa Kroeber Jewellery Art","isPartOf":{"@id":"https:\/\/lisakroeber.com\/#website"},"primaryImageOfPage":{"@id":"https:\/\/lisakroeber.com\/et\/toode\/art-sormused-folded\/#primaryimage"},"image":{"@id":"https:\/\/lisakroeber.com\/et\/toode\/art-sormused-folded\/#primaryimage"},"thumbnailUrl":"https:\/\/lisakroeber.com\/wp-content\/uploads\/2026\/01\/Rings-ART-scaled.jpg","datePublished":"2026-01-23T12:10:12+00:00","dateModified":"2026-03-14T06:53:21+00:00","breadcrumb":{"@id":"https:\/\/lisakroeber.com\/et\/toode\/art-sormused-folded\/#breadcrumb"},"inLanguage":"et","potentialAction":[{"@type":"ReadAction","target":["https:\/\/lisakroeber.com\/et\/toode\/art-sormused-folded\/"]}]},{"@type":"ImageObject","inLanguage":"et","@id":"https:\/\/lisakroeber.com\/et\/toode\/art-sormused-folded\/#primaryimage","url":"https:\/\/lisakroeber.com\/wp-content\/uploads\/2026\/01\/Rings-ART-scaled.jpg","contentUrl":"https:\/\/lisakroeber.com\/wp-content\/uploads\/2026\/01\/Rings-ART-scaled.jpg","width":2560,"height":2560},{"@type":"BreadcrumbList","@id":"https:\/\/lisakroeber.com\/et\/toode\/art-sormused-folded\/#breadcrumb","itemListElement":[{"@type":"ListItem","position":1,"name":"Home","item":"https:\/\/lisakroeber.com\/et\/"},{"@type":"ListItem","position":2,"name":"Pood","item":"https:\/\/lisakroeber.com\/et\/pood\/"},{"@type":"ListItem","position":3,"name":"ART S\u00f5rmused Folded"}]},{"@type":"WebSite","@id":"https:\/\/lisakroeber.com\/#website","url":"https:\/\/lisakroeber.com\/","name":"Lisa Kroeber Jewellery Art","description":"Lisa Kroeber Jewellery Art e-shop","publisher":{"@id":"https:\/\/lisakroeber.com\/#organization"},"potentialAction":[{"@type":"SearchAction","target":{"@type":"EntryPoint","urlTemplate":"https:\/\/lisakroeber.com\/?s={search_term_string}"},"query-input":{"@type":"PropertyValueSpecification","valueRequired":true,"valueName":"search_term_string"}}],"inLanguage":"et"},{"@type":"Organization","@id":"https:\/\/lisakroeber.com\/#organization","name":"Lisa Kroeber Jewellery","url":"https:\/\/lisakroeber.com\/","logo":{"@type":"ImageObject","inLanguage":"et","@id":"https:\/\/lisakroeber.com\/#\/schema\/logo\/image\/","url":"https:\/\/lisakroeber.com\/wp-content\/uploads\/2024\/07\/47178367_317322115661289_143956003702964224_n-e1543863670541.svg","contentUrl":"https:\/\/lisakroeber.com\/wp-content\/uploads\/2024\/07\/47178367_317322115661289_143956003702964224_n-e1543863670541.svg","width":1,"height":1,"caption":"Lisa Kroeber Jewellery"},"image":{"@id":"https:\/\/lisakroeber.com\/#\/schema\/logo\/image\/"}}]}},"_links":{"self":[{"href":"https:\/\/lisakroeber.com\/et\/wp-json\/wp\/v2\/product\/310466","targetHints":{"allow":["GET"]}}],"collection":[{"href":"https:\/\/lisakroeber.com\/et\/wp-json\/wp\/v2\/product"}],"about":[{"href":"https:\/\/lisakroeber.com\/et\/wp-json\/wp\/v2\/types\/product"}],"wp:featuredmedia":[{"embeddable":true,"href":"https:\/\/lisakroeber.com\/et\/wp-json\/wp\/v2\/media\/310454"}],"wp:attachment":[{"href":"https:\/\/lisakroeber.com\/et\/wp-json\/wp\/v2\/media?parent=310466"}],"wp:term":[{"taxonomy":"product_brand","embeddable":true,"href":"https:\/\/lisakroeber.com\/et\/wp-json\/wp\/v2\/product_brand?post=310466"},{"taxonomy":"product_cat","embeddable":true,"href":"https:\/\/lisakroeber.com\/et\/wp-json\/wp\/v2\/product_cat?post=310466"},{"taxonomy":"product_tag","embeddable":true,"href":"https:\/\/lisakroeber.com\/et\/wp-json\/wp\/v2\/product_tag?post=310466"}],"curies":[{"name":"wp","href":"https:\/\/api.w.org\/{rel}","templated":true}]}}