{"id":310484,"date":"2026-01-23T12:54:35","date_gmt":"2026-01-23T10:54:35","guid":{"rendered":"https:\/\/lisakroeber.com\/product\/art-kaelakee-colour-frames\/"},"modified":"2026-01-23T15:18:05","modified_gmt":"2026-01-23T13:18:05","slug":"art-kaelakee-colour-frames","status":"publish","type":"product","link":"https:\/\/lisakroeber.com\/et\/toode\/art-kaelakee-colour-frames\/","title":{"rendered":"ART Kaelakee Colour Frames"},"content":{"rendered":"","protected":false},"excerpt":{"rendered":"<p data-start=\"0\" data-end=\"64\">Colour Frames kaelakeed<br data-start=\"27\" data-end=\"30\">Graafiline. V\u00e4ljendusrikas. Kaasaegne.  <\/p>\n<p data-start=\"66\" data-end=\"315\"><em>Colour Frames<\/em> kaelakeed kuuluvad <em>Unique Art Pieces<\/em> kollektsiooni \u2013 see on julge uus t\u00f5lgendus tuttavast <em>Frames<\/em>\u2019i vormikeelest. Avatud raamielemendid loovad kaela \u00fcmber r\u00fctmi: kerged, ent pilkup\u00fc\u00fcdvad, minimalistlikud, kuid iseloomuga.<\/p>\n<p data-start=\"317\" data-end=\"534\">Iga l\u00fcli m\u00f5jub justkui ruumi joonistatud joonena, moodustades kantava kompositsiooni, mis muutub ja elab koos liikumisega.  <\/p>\n<p data-start=\"536\" data-end=\"806\">Kaelakee ei ole avatav ning libiseb mugavalt \u00fcle pea, kujundatud \u00fchtse, katkematu vormina. Saadaval viies erinevas v\u00e4rvitoonis. Iga ehe selles kollektsioonis on ainukordne.  <\/p>\n","protected":false},"featured_media":310302,"template":"","meta":{"content-type":""},"product_brand":[],"product_cat":[1284,455,348],"product_tag":[],"class_list":{"0":"post-310484","1":"product","2":"type-product","3":"status-publish","4":"has-post-thumbnail","6":"product_cat-autoriehted","7":"product_cat-colour-frames-et","8":"product_cat-kaelakeed","10":"first","11":"instock","12":"taxable","13":"shipping-taxable","14":"purchasable","15":"product-type-variable"},"yoast_head":"<!-- This site is optimized with the Yoast SEO plugin v27.3 - https:\/\/yoast.com\/product\/yoast-seo-wordpress\/ -->\n<title>ART Kaelakee Colour Frames - Lisa Kroeber Jewellery Art<\/title>\n<meta name=\"robots\" content=\"index, follow, max-snippet:-1, max-image-preview:large, max-video-preview:-1\" \/>\n<link rel=\"canonical\" href=\"https:\/\/lisakroeber.com\/et\/toode\/art-kaelakee-colour-frames\/\" \/>\n<meta property=\"og:locale\" content=\"et_EE\" \/>\n<meta property=\"og:type\" content=\"article\" \/>\n<meta property=\"og:title\" content=\"ART Kaelakee Colour Frames - Lisa Kroeber Jewellery Art\" \/>\n<meta property=\"og:description\" content=\"Colour Frames kaelakeedGraafiline. V\u00e4ljendusrikas. Kaasaegne.  Colour Frames kaelakeed kuuluvad Unique Art Pieces kollektsiooni \u2013 see on julge uus t\u00f5lgendus tuttavast Frames\u2019i vormikeelest. Avatud raamielemendid loovad kaela \u00fcmber r\u00fctmi: kerged, ent pilkup\u00fc\u00fcdvad, minimalistlikud, kuid iseloomuga. Iga l\u00fcli m\u00f5jub justkui ruumi joonistatud joonena, moodustades kantava kompositsiooni, mis muutub ja elab koos liikumisega.  Kaelakee ei ole avatav ning libiseb mugavalt \u00fcle pea, kujundatud \u00fchtse, katkematu vormina. Saadaval viies erinevas v\u00e4rvitoonis. Iga ehe selles kollektsioonis on ainukordne.\" \/>\n<meta property=\"og:url\" content=\"https:\/\/lisakroeber.com\/et\/toode\/art-kaelakee-colour-frames\/\" \/>\n<meta property=\"og:site_name\" content=\"Lisa Kroeber Jewellery Art\" \/>\n<meta property=\"article:modified_time\" content=\"2026-01-23T13:18:05+00:00\" \/>\n<meta property=\"og:image\" content=\"https:\/\/lisakroeber.com\/wp-content\/uploads\/2026\/01\/CF-ART-black-scaled.jpg\" \/>\n\t<meta property=\"og:image:width\" content=\"2560\" \/>\n\t<meta property=\"og:image:height\" content=\"2560\" \/>\n\t<meta property=\"og:image:type\" content=\"image\/jpeg\" \/>\n<meta name=\"twitter:card\" content=\"summary_large_image\" \/>\n<script type=\"application\/ld+json\" class=\"yoast-schema-graph\">{\"@context\":\"https:\\\/\\\/schema.org\",\"@graph\":[{\"@type\":\"WebPage\",\"@id\":\"https:\\\/\\\/lisakroeber.com\\\/et\\\/toode\\\/art-kaelakee-colour-frames\\\/\",\"url\":\"https:\\\/\\\/lisakroeber.com\\\/et\\\/toode\\\/art-kaelakee-colour-frames\\\/\",\"name\":\"ART Kaelakee Colour Frames - Lisa Kroeber Jewellery Art\",\"isPartOf\":{\"@id\":\"https:\\\/\\\/lisakroeber.com\\\/#website\"},\"primaryImageOfPage\":{\"@id\":\"https:\\\/\\\/lisakroeber.com\\\/et\\\/toode\\\/art-kaelakee-colour-frames\\\/#primaryimage\"},\"image\":{\"@id\":\"https:\\\/\\\/lisakroeber.com\\\/et\\\/toode\\\/art-kaelakee-colour-frames\\\/#primaryimage\"},\"thumbnailUrl\":\"https:\\\/\\\/lisakroeber.com\\\/wp-content\\\/uploads\\\/2026\\\/01\\\/CF-ART-black-scaled.jpg\",\"datePublished\":\"2026-01-23T10:54:35+00:00\",\"dateModified\":\"2026-01-23T13:18:05+00:00\",\"breadcrumb\":{\"@id\":\"https:\\\/\\\/lisakroeber.com\\\/et\\\/toode\\\/art-kaelakee-colour-frames\\\/#breadcrumb\"},\"inLanguage\":\"et\",\"potentialAction\":[{\"@type\":\"ReadAction\",\"target\":[\"https:\\\/\\\/lisakroeber.com\\\/et\\\/toode\\\/art-kaelakee-colour-frames\\\/\"]}]},{\"@type\":\"ImageObject\",\"inLanguage\":\"et\",\"@id\":\"https:\\\/\\\/lisakroeber.com\\\/et\\\/toode\\\/art-kaelakee-colour-frames\\\/#primaryimage\",\"url\":\"https:\\\/\\\/lisakroeber.com\\\/wp-content\\\/uploads\\\/2026\\\/01\\\/CF-ART-black-scaled.jpg\",\"contentUrl\":\"https:\\\/\\\/lisakroeber.com\\\/wp-content\\\/uploads\\\/2026\\\/01\\\/CF-ART-black-scaled.jpg\",\"width\":2560,\"height\":2560},{\"@type\":\"BreadcrumbList\",\"@id\":\"https:\\\/\\\/lisakroeber.com\\\/et\\\/toode\\\/art-kaelakee-colour-frames\\\/#breadcrumb\",\"itemListElement\":[{\"@type\":\"ListItem\",\"position\":1,\"name\":\"Home\",\"item\":\"https:\\\/\\\/lisakroeber.com\\\/et\\\/\"},{\"@type\":\"ListItem\",\"position\":2,\"name\":\"Pood\",\"item\":\"https:\\\/\\\/lisakroeber.com\\\/et\\\/pood\\\/\"},{\"@type\":\"ListItem\",\"position\":3,\"name\":\"ART Kaelakee Colour Frames\"}]},{\"@type\":\"WebSite\",\"@id\":\"https:\\\/\\\/lisakroeber.com\\\/#website\",\"url\":\"https:\\\/\\\/lisakroeber.com\\\/\",\"name\":\"Lisa Kroeber Jewellery Art\",\"description\":\"Lisa Kroeber Jewellery Art e-shop\",\"publisher\":{\"@id\":\"https:\\\/\\\/lisakroeber.com\\\/#organization\"},\"potentialAction\":[{\"@type\":\"SearchAction\",\"target\":{\"@type\":\"EntryPoint\",\"urlTemplate\":\"https:\\\/\\\/lisakroeber.com\\\/?s={search_term_string}\"},\"query-input\":{\"@type\":\"PropertyValueSpecification\",\"valueRequired\":true,\"valueName\":\"search_term_string\"}}],\"inLanguage\":\"et\"},{\"@type\":\"Organization\",\"@id\":\"https:\\\/\\\/lisakroeber.com\\\/#organization\",\"name\":\"Lisa Kroeber Jewellery\",\"url\":\"https:\\\/\\\/lisakroeber.com\\\/\",\"logo\":{\"@type\":\"ImageObject\",\"inLanguage\":\"et\",\"@id\":\"https:\\\/\\\/lisakroeber.com\\\/#\\\/schema\\\/logo\\\/image\\\/\",\"url\":\"https:\\\/\\\/lisakroeber.com\\\/wp-content\\\/uploads\\\/2024\\\/07\\\/47178367_317322115661289_143956003702964224_n-e1543863670541.svg\",\"contentUrl\":\"https:\\\/\\\/lisakroeber.com\\\/wp-content\\\/uploads\\\/2024\\\/07\\\/47178367_317322115661289_143956003702964224_n-e1543863670541.svg\",\"width\":1,\"height\":1,\"caption\":\"Lisa Kroeber Jewellery\"},\"image\":{\"@id\":\"https:\\\/\\\/lisakroeber.com\\\/#\\\/schema\\\/logo\\\/image\\\/\"}}]}<\/script>\n<!-- \/ Yoast SEO plugin. -->","yoast_head_json":{"title":"ART Kaelakee Colour Frames - Lisa Kroeber Jewellery Art","robots":{"index":"index","follow":"follow","max-snippet":"max-snippet:-1","max-image-preview":"max-image-preview:large","max-video-preview":"max-video-preview:-1"},"canonical":"https:\/\/lisakroeber.com\/et\/toode\/art-kaelakee-colour-frames\/","og_locale":"et_EE","og_type":"article","og_title":"ART Kaelakee Colour Frames - Lisa Kroeber Jewellery Art","og_description":"Colour Frames kaelakeedGraafiline. V\u00e4ljendusrikas. Kaasaegne.  Colour Frames kaelakeed kuuluvad Unique Art Pieces kollektsiooni \u2013 see on julge uus t\u00f5lgendus tuttavast Frames\u2019i vormikeelest. Avatud raamielemendid loovad kaela \u00fcmber r\u00fctmi: kerged, ent pilkup\u00fc\u00fcdvad, minimalistlikud, kuid iseloomuga. Iga l\u00fcli m\u00f5jub justkui ruumi joonistatud joonena, moodustades kantava kompositsiooni, mis muutub ja elab koos liikumisega.  Kaelakee ei ole avatav ning libiseb mugavalt \u00fcle pea, kujundatud \u00fchtse, katkematu vormina. Saadaval viies erinevas v\u00e4rvitoonis. Iga ehe selles kollektsioonis on ainukordne.","og_url":"https:\/\/lisakroeber.com\/et\/toode\/art-kaelakee-colour-frames\/","og_site_name":"Lisa Kroeber Jewellery Art","article_modified_time":"2026-01-23T13:18:05+00:00","og_image":[{"width":2560,"height":2560,"url":"https:\/\/lisakroeber.com\/wp-content\/uploads\/2026\/01\/CF-ART-black-scaled.jpg","type":"image\/jpeg"}],"twitter_card":"summary_large_image","schema":{"@context":"https:\/\/schema.org","@graph":[{"@type":"WebPage","@id":"https:\/\/lisakroeber.com\/et\/toode\/art-kaelakee-colour-frames\/","url":"https:\/\/lisakroeber.com\/et\/toode\/art-kaelakee-colour-frames\/","name":"ART Kaelakee Colour Frames - Lisa Kroeber Jewellery Art","isPartOf":{"@id":"https:\/\/lisakroeber.com\/#website"},"primaryImageOfPage":{"@id":"https:\/\/lisakroeber.com\/et\/toode\/art-kaelakee-colour-frames\/#primaryimage"},"image":{"@id":"https:\/\/lisakroeber.com\/et\/toode\/art-kaelakee-colour-frames\/#primaryimage"},"thumbnailUrl":"https:\/\/lisakroeber.com\/wp-content\/uploads\/2026\/01\/CF-ART-black-scaled.jpg","datePublished":"2026-01-23T10:54:35+00:00","dateModified":"2026-01-23T13:18:05+00:00","breadcrumb":{"@id":"https:\/\/lisakroeber.com\/et\/toode\/art-kaelakee-colour-frames\/#breadcrumb"},"inLanguage":"et","potentialAction":[{"@type":"ReadAction","target":["https:\/\/lisakroeber.com\/et\/toode\/art-kaelakee-colour-frames\/"]}]},{"@type":"ImageObject","inLanguage":"et","@id":"https:\/\/lisakroeber.com\/et\/toode\/art-kaelakee-colour-frames\/#primaryimage","url":"https:\/\/lisakroeber.com\/wp-content\/uploads\/2026\/01\/CF-ART-black-scaled.jpg","contentUrl":"https:\/\/lisakroeber.com\/wp-content\/uploads\/2026\/01\/CF-ART-black-scaled.jpg","width":2560,"height":2560},{"@type":"BreadcrumbList","@id":"https:\/\/lisakroeber.com\/et\/toode\/art-kaelakee-colour-frames\/#breadcrumb","itemListElement":[{"@type":"ListItem","position":1,"name":"Home","item":"https:\/\/lisakroeber.com\/et\/"},{"@type":"ListItem","position":2,"name":"Pood","item":"https:\/\/lisakroeber.com\/et\/pood\/"},{"@type":"ListItem","position":3,"name":"ART Kaelakee Colour Frames"}]},{"@type":"WebSite","@id":"https:\/\/lisakroeber.com\/#website","url":"https:\/\/lisakroeber.com\/","name":"Lisa Kroeber Jewellery Art","description":"Lisa Kroeber Jewellery Art e-shop","publisher":{"@id":"https:\/\/lisakroeber.com\/#organization"},"potentialAction":[{"@type":"SearchAction","target":{"@type":"EntryPoint","urlTemplate":"https:\/\/lisakroeber.com\/?s={search_term_string}"},"query-input":{"@type":"PropertyValueSpecification","valueRequired":true,"valueName":"search_term_string"}}],"inLanguage":"et"},{"@type":"Organization","@id":"https:\/\/lisakroeber.com\/#organization","name":"Lisa Kroeber Jewellery","url":"https:\/\/lisakroeber.com\/","logo":{"@type":"ImageObject","inLanguage":"et","@id":"https:\/\/lisakroeber.com\/#\/schema\/logo\/image\/","url":"https:\/\/lisakroeber.com\/wp-content\/uploads\/2024\/07\/47178367_317322115661289_143956003702964224_n-e1543863670541.svg","contentUrl":"https:\/\/lisakroeber.com\/wp-content\/uploads\/2024\/07\/47178367_317322115661289_143956003702964224_n-e1543863670541.svg","width":1,"height":1,"caption":"Lisa Kroeber Jewellery"},"image":{"@id":"https:\/\/lisakroeber.com\/#\/schema\/logo\/image\/"}}]}},"_links":{"self":[{"href":"https:\/\/lisakroeber.com\/et\/wp-json\/wp\/v2\/product\/310484","targetHints":{"allow":["GET"]}}],"collection":[{"href":"https:\/\/lisakroeber.com\/et\/wp-json\/wp\/v2\/product"}],"about":[{"href":"https:\/\/lisakroeber.com\/et\/wp-json\/wp\/v2\/types\/product"}],"wp:featuredmedia":[{"embeddable":true,"href":"https:\/\/lisakroeber.com\/et\/wp-json\/wp\/v2\/media\/310302"}],"wp:attachment":[{"href":"https:\/\/lisakroeber.com\/et\/wp-json\/wp\/v2\/media?parent=310484"}],"wp:term":[{"taxonomy":"product_brand","embeddable":true,"href":"https:\/\/lisakroeber.com\/et\/wp-json\/wp\/v2\/product_brand?post=310484"},{"taxonomy":"product_cat","embeddable":true,"href":"https:\/\/lisakroeber.com\/et\/wp-json\/wp\/v2\/product_cat?post=310484"},{"taxonomy":"product_tag","embeddable":true,"href":"https:\/\/lisakroeber.com\/et\/wp-json\/wp\/v2\/product_tag?post=310484"}],"curies":[{"name":"wp","href":"https:\/\/api.w.org\/{rel}","templated":true}]}}