{"id":310498,"date":"2026-01-23T11:33:29","date_gmt":"2026-01-23T09:33:29","guid":{"rendered":"https:\/\/lisakroeber.com\/product\/art-kaelakeed-folded\/"},"modified":"2026-01-23T15:56:12","modified_gmt":"2026-01-23T13:56:12","slug":"art-kaelakeed-folded","status":"publish","type":"product","link":"https:\/\/lisakroeber.com\/et\/toode\/art-kaelakeed-folded\/","title":{"rendered":"ART Kaelakeed Folded"},"content":{"rendered":"","protected":false},"excerpt":{"rendered":"<p data-start=\"0\" data-end=\"55\"><strong data-start=\"0\" data-end=\"20\">Folded kaelakeed<\/strong><br data-start=\"20\" data-end=\"23\">Ainulaadsed. Arhitektuurne. Ajatu.<\/p>\n<p data-start=\"57\" data-end=\"340\"><em>Folded kaelakeed<\/em> kuuluvad <em>Unique Art Pieces kollektsiooni<\/em> ning on loodud ikoonilise Folded vormi skulptuurse uust\u00f5lgendusena. Alguse saanud minu Folded k\u00e4ev\u00f5rude seeriast, uurib see ehe, kuidas lihtsustamine, struktuur ja proportsioon v\u00f5ivad areneda uueks, arhitektuursemaks v\u00e4ljenduseks. <\/p>\n<p data-start=\"342\" data-end=\"728\">Kaelakee koosneb kolmest erinevas suuruses volditud vormist, mida saab kanda eraldi v\u00f5i kihiliselt koos. Igal elemendil on oma vaikne kohalolu, ent koos moodustavad need tugeva ja tasakaalus kompositsiooni. Kuigi ehe ise on j\u00e4ik, on see hoolikalt vormitud nii, et p\u00fcsib kehal mugavalt, v\u00f5imaldades vormil ja kantavusel eksisteerida k\u00f5rvuti.  <\/p>\n<p data-start=\"730\" data-end=\"925\">Puhtad jooned, teravad nurgad ja matid pinnad loovad dialoogi tugevuse ja vaoshoituse vahel. Volditud geomeetria peegeldab valgust vaikselt, tuues esile s\u00fcgavuse l\u00e4bi lihtsuse, mitte ornamentika. <\/p>\n<p data-start=\"927\" data-end=\"1177\" data-is-last-node=\"\" data-is-only-node=\"\">Each piece exists only once.<\/p>\n","protected":false},"featured_media":310287,"template":"","meta":{"content-type":""},"product_brand":[],"product_cat":[1284,446,348],"product_tag":[],"class_list":{"0":"post-310498","1":"product","2":"type-product","3":"status-publish","4":"has-post-thumbnail","6":"product_cat-autoriehted","7":"product_cat-folded-et","8":"product_cat-kaelakeed","10":"first","11":"instock","12":"taxable","13":"shipping-taxable","14":"purchasable","15":"product-type-variable"},"yoast_head":"<!-- This site is optimized with the Yoast SEO plugin v27.3 - https:\/\/yoast.com\/product\/yoast-seo-wordpress\/ -->\n<title>ART Kaelakeed Folded - Lisa Kroeber Jewellery Art<\/title>\n<meta name=\"robots\" content=\"index, follow, max-snippet:-1, max-image-preview:large, max-video-preview:-1\" \/>\n<link rel=\"canonical\" href=\"https:\/\/lisakroeber.com\/et\/toode\/art-kaelakeed-folded\/\" \/>\n<meta property=\"og:locale\" content=\"et_EE\" \/>\n<meta property=\"og:type\" content=\"article\" \/>\n<meta property=\"og:title\" content=\"ART Kaelakeed Folded - Lisa Kroeber Jewellery Art\" \/>\n<meta property=\"og:description\" content=\"Folded kaelakeedAinulaadsed. Arhitektuurne. Ajatu. Folded kaelakeed kuuluvad Unique Art Pieces kollektsiooni ning on loodud ikoonilise Folded vormi skulptuurse uust\u00f5lgendusena. Alguse saanud minu Folded k\u00e4ev\u00f5rude seeriast, uurib see ehe, kuidas lihtsustamine, struktuur ja proportsioon v\u00f5ivad areneda uueks, arhitektuursemaks v\u00e4ljenduseks. Kaelakee koosneb kolmest erinevas suuruses volditud vormist, mida saab kanda eraldi v\u00f5i kihiliselt koos. Igal elemendil on oma vaikne kohalolu, ent koos moodustavad need tugeva ja tasakaalus kompositsiooni. Kuigi ehe ise on j\u00e4ik, on see hoolikalt vormitud nii, et p\u00fcsib kehal mugavalt, v\u00f5imaldades vormil ja kantavusel eksisteerida k\u00f5rvuti.  Puhtad jooned, teravad nurgad ja matid pinnad loovad dialoogi tugevuse ja vaoshoituse vahel. Volditud geomeetria peegeldab valgust vaikselt, tuues esile s\u00fcgavuse l\u00e4bi lihtsuse, mitte ornamentika. Each piece exists only once.\" \/>\n<meta property=\"og:url\" content=\"https:\/\/lisakroeber.com\/et\/toode\/art-kaelakeed-folded\/\" \/>\n<meta property=\"og:site_name\" content=\"Lisa Kroeber Jewellery Art\" \/>\n<meta property=\"article:modified_time\" content=\"2026-01-23T13:56:12+00:00\" \/>\n<meta property=\"og:image\" content=\"https:\/\/lisakroeber.com\/wp-content\/uploads\/2026\/01\/FN-ART-4-scaled.jpg\" \/>\n\t<meta property=\"og:image:width\" content=\"2560\" \/>\n\t<meta property=\"og:image:height\" content=\"2560\" \/>\n\t<meta property=\"og:image:type\" content=\"image\/jpeg\" \/>\n<meta name=\"twitter:card\" content=\"summary_large_image\" \/>\n<script type=\"application\/ld+json\" class=\"yoast-schema-graph\">{\"@context\":\"https:\\\/\\\/schema.org\",\"@graph\":[{\"@type\":\"WebPage\",\"@id\":\"https:\\\/\\\/lisakroeber.com\\\/et\\\/toode\\\/art-kaelakeed-folded\\\/\",\"url\":\"https:\\\/\\\/lisakroeber.com\\\/et\\\/toode\\\/art-kaelakeed-folded\\\/\",\"name\":\"ART Kaelakeed Folded - Lisa Kroeber Jewellery Art\",\"isPartOf\":{\"@id\":\"https:\\\/\\\/lisakroeber.com\\\/#website\"},\"primaryImageOfPage\":{\"@id\":\"https:\\\/\\\/lisakroeber.com\\\/et\\\/toode\\\/art-kaelakeed-folded\\\/#primaryimage\"},\"image\":{\"@id\":\"https:\\\/\\\/lisakroeber.com\\\/et\\\/toode\\\/art-kaelakeed-folded\\\/#primaryimage\"},\"thumbnailUrl\":\"https:\\\/\\\/lisakroeber.com\\\/wp-content\\\/uploads\\\/2026\\\/01\\\/FN-ART-4-scaled.jpg\",\"datePublished\":\"2026-01-23T09:33:29+00:00\",\"dateModified\":\"2026-01-23T13:56:12+00:00\",\"breadcrumb\":{\"@id\":\"https:\\\/\\\/lisakroeber.com\\\/et\\\/toode\\\/art-kaelakeed-folded\\\/#breadcrumb\"},\"inLanguage\":\"et\",\"potentialAction\":[{\"@type\":\"ReadAction\",\"target\":[\"https:\\\/\\\/lisakroeber.com\\\/et\\\/toode\\\/art-kaelakeed-folded\\\/\"]}]},{\"@type\":\"ImageObject\",\"inLanguage\":\"et\",\"@id\":\"https:\\\/\\\/lisakroeber.com\\\/et\\\/toode\\\/art-kaelakeed-folded\\\/#primaryimage\",\"url\":\"https:\\\/\\\/lisakroeber.com\\\/wp-content\\\/uploads\\\/2026\\\/01\\\/FN-ART-4-scaled.jpg\",\"contentUrl\":\"https:\\\/\\\/lisakroeber.com\\\/wp-content\\\/uploads\\\/2026\\\/01\\\/FN-ART-4-scaled.jpg\",\"width\":2560,\"height\":2560},{\"@type\":\"BreadcrumbList\",\"@id\":\"https:\\\/\\\/lisakroeber.com\\\/et\\\/toode\\\/art-kaelakeed-folded\\\/#breadcrumb\",\"itemListElement\":[{\"@type\":\"ListItem\",\"position\":1,\"name\":\"Home\",\"item\":\"https:\\\/\\\/lisakroeber.com\\\/et\\\/\"},{\"@type\":\"ListItem\",\"position\":2,\"name\":\"Pood\",\"item\":\"https:\\\/\\\/lisakroeber.com\\\/et\\\/pood\\\/\"},{\"@type\":\"ListItem\",\"position\":3,\"name\":\"ART Kaelakeed Folded\"}]},{\"@type\":\"WebSite\",\"@id\":\"https:\\\/\\\/lisakroeber.com\\\/#website\",\"url\":\"https:\\\/\\\/lisakroeber.com\\\/\",\"name\":\"Lisa Kroeber Jewellery Art\",\"description\":\"Lisa Kroeber Jewellery Art e-shop\",\"publisher\":{\"@id\":\"https:\\\/\\\/lisakroeber.com\\\/#organization\"},\"potentialAction\":[{\"@type\":\"SearchAction\",\"target\":{\"@type\":\"EntryPoint\",\"urlTemplate\":\"https:\\\/\\\/lisakroeber.com\\\/?s={search_term_string}\"},\"query-input\":{\"@type\":\"PropertyValueSpecification\",\"valueRequired\":true,\"valueName\":\"search_term_string\"}}],\"inLanguage\":\"et\"},{\"@type\":\"Organization\",\"@id\":\"https:\\\/\\\/lisakroeber.com\\\/#organization\",\"name\":\"Lisa Kroeber Jewellery\",\"url\":\"https:\\\/\\\/lisakroeber.com\\\/\",\"logo\":{\"@type\":\"ImageObject\",\"inLanguage\":\"et\",\"@id\":\"https:\\\/\\\/lisakroeber.com\\\/#\\\/schema\\\/logo\\\/image\\\/\",\"url\":\"https:\\\/\\\/lisakroeber.com\\\/wp-content\\\/uploads\\\/2024\\\/07\\\/47178367_317322115661289_143956003702964224_n-e1543863670541.svg\",\"contentUrl\":\"https:\\\/\\\/lisakroeber.com\\\/wp-content\\\/uploads\\\/2024\\\/07\\\/47178367_317322115661289_143956003702964224_n-e1543863670541.svg\",\"width\":1,\"height\":1,\"caption\":\"Lisa Kroeber Jewellery\"},\"image\":{\"@id\":\"https:\\\/\\\/lisakroeber.com\\\/#\\\/schema\\\/logo\\\/image\\\/\"}}]}<\/script>\n<!-- \/ Yoast SEO plugin. -->","yoast_head_json":{"title":"ART Kaelakeed Folded - Lisa Kroeber Jewellery Art","robots":{"index":"index","follow":"follow","max-snippet":"max-snippet:-1","max-image-preview":"max-image-preview:large","max-video-preview":"max-video-preview:-1"},"canonical":"https:\/\/lisakroeber.com\/et\/toode\/art-kaelakeed-folded\/","og_locale":"et_EE","og_type":"article","og_title":"ART Kaelakeed Folded - Lisa Kroeber Jewellery Art","og_description":"Folded kaelakeedAinulaadsed. Arhitektuurne. Ajatu. Folded kaelakeed kuuluvad Unique Art Pieces kollektsiooni ning on loodud ikoonilise Folded vormi skulptuurse uust\u00f5lgendusena. Alguse saanud minu Folded k\u00e4ev\u00f5rude seeriast, uurib see ehe, kuidas lihtsustamine, struktuur ja proportsioon v\u00f5ivad areneda uueks, arhitektuursemaks v\u00e4ljenduseks. Kaelakee koosneb kolmest erinevas suuruses volditud vormist, mida saab kanda eraldi v\u00f5i kihiliselt koos. Igal elemendil on oma vaikne kohalolu, ent koos moodustavad need tugeva ja tasakaalus kompositsiooni. Kuigi ehe ise on j\u00e4ik, on see hoolikalt vormitud nii, et p\u00fcsib kehal mugavalt, v\u00f5imaldades vormil ja kantavusel eksisteerida k\u00f5rvuti.  Puhtad jooned, teravad nurgad ja matid pinnad loovad dialoogi tugevuse ja vaoshoituse vahel. Volditud geomeetria peegeldab valgust vaikselt, tuues esile s\u00fcgavuse l\u00e4bi lihtsuse, mitte ornamentika. Each piece exists only once.","og_url":"https:\/\/lisakroeber.com\/et\/toode\/art-kaelakeed-folded\/","og_site_name":"Lisa Kroeber Jewellery Art","article_modified_time":"2026-01-23T13:56:12+00:00","og_image":[{"width":2560,"height":2560,"url":"https:\/\/lisakroeber.com\/wp-content\/uploads\/2026\/01\/FN-ART-4-scaled.jpg","type":"image\/jpeg"}],"twitter_card":"summary_large_image","schema":{"@context":"https:\/\/schema.org","@graph":[{"@type":"WebPage","@id":"https:\/\/lisakroeber.com\/et\/toode\/art-kaelakeed-folded\/","url":"https:\/\/lisakroeber.com\/et\/toode\/art-kaelakeed-folded\/","name":"ART Kaelakeed Folded - Lisa Kroeber Jewellery Art","isPartOf":{"@id":"https:\/\/lisakroeber.com\/#website"},"primaryImageOfPage":{"@id":"https:\/\/lisakroeber.com\/et\/toode\/art-kaelakeed-folded\/#primaryimage"},"image":{"@id":"https:\/\/lisakroeber.com\/et\/toode\/art-kaelakeed-folded\/#primaryimage"},"thumbnailUrl":"https:\/\/lisakroeber.com\/wp-content\/uploads\/2026\/01\/FN-ART-4-scaled.jpg","datePublished":"2026-01-23T09:33:29+00:00","dateModified":"2026-01-23T13:56:12+00:00","breadcrumb":{"@id":"https:\/\/lisakroeber.com\/et\/toode\/art-kaelakeed-folded\/#breadcrumb"},"inLanguage":"et","potentialAction":[{"@type":"ReadAction","target":["https:\/\/lisakroeber.com\/et\/toode\/art-kaelakeed-folded\/"]}]},{"@type":"ImageObject","inLanguage":"et","@id":"https:\/\/lisakroeber.com\/et\/toode\/art-kaelakeed-folded\/#primaryimage","url":"https:\/\/lisakroeber.com\/wp-content\/uploads\/2026\/01\/FN-ART-4-scaled.jpg","contentUrl":"https:\/\/lisakroeber.com\/wp-content\/uploads\/2026\/01\/FN-ART-4-scaled.jpg","width":2560,"height":2560},{"@type":"BreadcrumbList","@id":"https:\/\/lisakroeber.com\/et\/toode\/art-kaelakeed-folded\/#breadcrumb","itemListElement":[{"@type":"ListItem","position":1,"name":"Home","item":"https:\/\/lisakroeber.com\/et\/"},{"@type":"ListItem","position":2,"name":"Pood","item":"https:\/\/lisakroeber.com\/et\/pood\/"},{"@type":"ListItem","position":3,"name":"ART Kaelakeed Folded"}]},{"@type":"WebSite","@id":"https:\/\/lisakroeber.com\/#website","url":"https:\/\/lisakroeber.com\/","name":"Lisa Kroeber Jewellery Art","description":"Lisa Kroeber Jewellery Art e-shop","publisher":{"@id":"https:\/\/lisakroeber.com\/#organization"},"potentialAction":[{"@type":"SearchAction","target":{"@type":"EntryPoint","urlTemplate":"https:\/\/lisakroeber.com\/?s={search_term_string}"},"query-input":{"@type":"PropertyValueSpecification","valueRequired":true,"valueName":"search_term_string"}}],"inLanguage":"et"},{"@type":"Organization","@id":"https:\/\/lisakroeber.com\/#organization","name":"Lisa Kroeber Jewellery","url":"https:\/\/lisakroeber.com\/","logo":{"@type":"ImageObject","inLanguage":"et","@id":"https:\/\/lisakroeber.com\/#\/schema\/logo\/image\/","url":"https:\/\/lisakroeber.com\/wp-content\/uploads\/2024\/07\/47178367_317322115661289_143956003702964224_n-e1543863670541.svg","contentUrl":"https:\/\/lisakroeber.com\/wp-content\/uploads\/2024\/07\/47178367_317322115661289_143956003702964224_n-e1543863670541.svg","width":1,"height":1,"caption":"Lisa Kroeber Jewellery"},"image":{"@id":"https:\/\/lisakroeber.com\/#\/schema\/logo\/image\/"}}]}},"_links":{"self":[{"href":"https:\/\/lisakroeber.com\/et\/wp-json\/wp\/v2\/product\/310498","targetHints":{"allow":["GET"]}}],"collection":[{"href":"https:\/\/lisakroeber.com\/et\/wp-json\/wp\/v2\/product"}],"about":[{"href":"https:\/\/lisakroeber.com\/et\/wp-json\/wp\/v2\/types\/product"}],"wp:featuredmedia":[{"embeddable":true,"href":"https:\/\/lisakroeber.com\/et\/wp-json\/wp\/v2\/media\/310287"}],"wp:attachment":[{"href":"https:\/\/lisakroeber.com\/et\/wp-json\/wp\/v2\/media?parent=310498"}],"wp:term":[{"taxonomy":"product_brand","embeddable":true,"href":"https:\/\/lisakroeber.com\/et\/wp-json\/wp\/v2\/product_brand?post=310498"},{"taxonomy":"product_cat","embeddable":true,"href":"https:\/\/lisakroeber.com\/et\/wp-json\/wp\/v2\/product_cat?post=310498"},{"taxonomy":"product_tag","embeddable":true,"href":"https:\/\/lisakroeber.com\/et\/wp-json\/wp\/v2\/product_tag?post=310498"}],"curies":[{"name":"wp","href":"https:\/\/api.w.org\/{rel}","templated":true}]}}