{"id":310506,"date":"2026-01-23T10:08:18","date_gmt":"2026-01-23T08:08:18","guid":{"rendered":"https:\/\/lisakroeber.com\/product\/art-kaelakee-tubes\/"},"modified":"2026-01-23T16:11:37","modified_gmt":"2026-01-23T14:11:37","slug":"art-kaelakee-tubes","status":"publish","type":"product","link":"https:\/\/lisakroeber.com\/et\/toode\/art-kaelakee-tubes\/","title":{"rendered":"ART Kaelakee Tubes"},"content":{"rendered":"","protected":false},"excerpt":{"rendered":"<p data-start=\"0\" data-end=\"51\"><strong data-start=\"0\" data-end=\"18\">Tubes Kaelakee<br data-start=\"18\" data-end=\"21\"><\/strong>Julge. M\u00e4nguline. T\u00e4is r\u00fctmi.  <\/p>\n<p data-start=\"53\" data-end=\"342\"><em>Tubes<\/em> kaelakee kuulub <em>Unique Art Pieces<\/em> kollektsiooni. See on ainukordne ehe, mis on s\u00fcndinud v\u00e4rvi, liikumise ja struktuuri katsetustest. Inspiratsiooni ammutades minu varasemast Tube-seeriast, muudab see teos tuttavad toruelemendid millekski v\u00e4ljendusrikkaks, elavaks ja energiliseks. <\/p>\n<p data-start=\"344\" data-end=\"564\">V\u00e4rvilised torud loovad d\u00fcnaamilise pinna, mis muutub iga liigutusega. Ebakorrap\u00e4rane r\u00fctm ja rikkalik v\u00e4rvipalett annavad kaelakeele r\u00f5\u00f5msa energia, spontaanse, kuid l\u00e4bim\u00f5eldud, m\u00e4ngulise, ent tasakaalus. <\/p>\n<p data-start=\"1003\" data-end=\"1117\" data-is-last-node=\"\" data-is-only-node=\"\">See ehe eksisteerib vaid \u00fches eksemplaris.<\/p>\n<p>Kollektsioon: Unique Art Pieces<\/p>\n<p>Materjalid: pulberv\u00e4rvitud messing, kullatud h\u00f5be (925), teras traat<\/p>\n<p>Suurus: 32,5cm x 30cm<\/p>\n<p>Kaal: 264g<\/p>\n<p>Ehe saadetakse teele 1\u20135 t\u00f6\u00f6p\u00e4eva jooksul.<\/p>\n<p>Kaelakee on pakitud kinkekarpi.<\/p>\n","protected":false},"featured_media":310311,"template":"","meta":{"content-type":""},"product_brand":[],"product_cat":[1284,348,469],"product_tag":[],"class_list":{"0":"post-310506","1":"product","2":"type-product","3":"status-publish","4":"has-post-thumbnail","6":"product_cat-autoriehted","7":"product_cat-kaelakeed","8":"product_cat-tubes-et","10":"first","11":"instock","12":"taxable","13":"shipping-taxable","14":"purchasable","15":"product-type-simple"},"yoast_head":"<!-- This site is optimized with the Yoast SEO plugin v27.3 - https:\/\/yoast.com\/product\/yoast-seo-wordpress\/ -->\n<title>ART Kaelakee Tubes - Lisa Kroeber Jewellery Art<\/title>\n<meta name=\"robots\" content=\"index, follow, max-snippet:-1, max-image-preview:large, max-video-preview:-1\" \/>\n<link rel=\"canonical\" href=\"https:\/\/lisakroeber.com\/et\/toode\/art-kaelakee-tubes\/\" \/>\n<meta property=\"og:locale\" content=\"et_EE\" \/>\n<meta property=\"og:type\" content=\"article\" \/>\n<meta property=\"og:title\" content=\"ART Kaelakee Tubes - Lisa Kroeber Jewellery Art\" \/>\n<meta property=\"og:description\" content=\"Tubes KaelakeeJulge. M\u00e4nguline. T\u00e4is r\u00fctmi.  Tubes kaelakee kuulub Unique Art Pieces kollektsiooni. See on ainukordne ehe, mis on s\u00fcndinud v\u00e4rvi, liikumise ja struktuuri katsetustest. Inspiratsiooni ammutades minu varasemast Tube-seeriast, muudab see teos tuttavad toruelemendid millekski v\u00e4ljendusrikkaks, elavaks ja energiliseks. V\u00e4rvilised torud loovad d\u00fcnaamilise pinna, mis muutub iga liigutusega. Ebakorrap\u00e4rane r\u00fctm ja rikkalik v\u00e4rvipalett annavad kaelakeele r\u00f5\u00f5msa energia, spontaanse, kuid l\u00e4bim\u00f5eldud, m\u00e4ngulise, ent tasakaalus. See ehe eksisteerib vaid \u00fches eksemplaris. Kollektsioon: Unique Art Pieces Materjalid: pulberv\u00e4rvitud messing, kullatud h\u00f5be (925), teras traat Suurus: 32,5cm x 30cm Kaal: 264g Ehe saadetakse teele 1\u20135 t\u00f6\u00f6p\u00e4eva jooksul. Kaelakee on pakitud kinkekarpi.\" \/>\n<meta property=\"og:url\" content=\"https:\/\/lisakroeber.com\/et\/toode\/art-kaelakee-tubes\/\" \/>\n<meta property=\"og:site_name\" content=\"Lisa Kroeber Jewellery Art\" \/>\n<meta property=\"article:modified_time\" content=\"2026-01-23T14:11:37+00:00\" \/>\n<meta property=\"og:image\" content=\"https:\/\/lisakroeber.com\/wp-content\/uploads\/2026\/01\/Tubes-necklace-ART-scaled.jpg\" \/>\n\t<meta property=\"og:image:width\" content=\"2560\" \/>\n\t<meta property=\"og:image:height\" content=\"2560\" \/>\n\t<meta property=\"og:image:type\" content=\"image\/jpeg\" \/>\n<meta name=\"twitter:card\" content=\"summary_large_image\" \/>\n<script type=\"application\/ld+json\" class=\"yoast-schema-graph\">{\"@context\":\"https:\\\/\\\/schema.org\",\"@graph\":[{\"@type\":\"WebPage\",\"@id\":\"https:\\\/\\\/lisakroeber.com\\\/et\\\/toode\\\/art-kaelakee-tubes\\\/\",\"url\":\"https:\\\/\\\/lisakroeber.com\\\/et\\\/toode\\\/art-kaelakee-tubes\\\/\",\"name\":\"ART Kaelakee Tubes - Lisa Kroeber Jewellery Art\",\"isPartOf\":{\"@id\":\"https:\\\/\\\/lisakroeber.com\\\/#website\"},\"primaryImageOfPage\":{\"@id\":\"https:\\\/\\\/lisakroeber.com\\\/et\\\/toode\\\/art-kaelakee-tubes\\\/#primaryimage\"},\"image\":{\"@id\":\"https:\\\/\\\/lisakroeber.com\\\/et\\\/toode\\\/art-kaelakee-tubes\\\/#primaryimage\"},\"thumbnailUrl\":\"https:\\\/\\\/lisakroeber.com\\\/wp-content\\\/uploads\\\/2026\\\/01\\\/Tubes-necklace-ART-scaled.jpg\",\"datePublished\":\"2026-01-23T08:08:18+00:00\",\"dateModified\":\"2026-01-23T14:11:37+00:00\",\"breadcrumb\":{\"@id\":\"https:\\\/\\\/lisakroeber.com\\\/et\\\/toode\\\/art-kaelakee-tubes\\\/#breadcrumb\"},\"inLanguage\":\"et\",\"potentialAction\":[{\"@type\":\"ReadAction\",\"target\":[\"https:\\\/\\\/lisakroeber.com\\\/et\\\/toode\\\/art-kaelakee-tubes\\\/\"]}]},{\"@type\":\"ImageObject\",\"inLanguage\":\"et\",\"@id\":\"https:\\\/\\\/lisakroeber.com\\\/et\\\/toode\\\/art-kaelakee-tubes\\\/#primaryimage\",\"url\":\"https:\\\/\\\/lisakroeber.com\\\/wp-content\\\/uploads\\\/2026\\\/01\\\/Tubes-necklace-ART-scaled.jpg\",\"contentUrl\":\"https:\\\/\\\/lisakroeber.com\\\/wp-content\\\/uploads\\\/2026\\\/01\\\/Tubes-necklace-ART-scaled.jpg\",\"width\":2560,\"height\":2560},{\"@type\":\"BreadcrumbList\",\"@id\":\"https:\\\/\\\/lisakroeber.com\\\/et\\\/toode\\\/art-kaelakee-tubes\\\/#breadcrumb\",\"itemListElement\":[{\"@type\":\"ListItem\",\"position\":1,\"name\":\"Home\",\"item\":\"https:\\\/\\\/lisakroeber.com\\\/et\\\/\"},{\"@type\":\"ListItem\",\"position\":2,\"name\":\"Pood\",\"item\":\"https:\\\/\\\/lisakroeber.com\\\/et\\\/pood\\\/\"},{\"@type\":\"ListItem\",\"position\":3,\"name\":\"ART Kaelakee Tubes\"}]},{\"@type\":\"WebSite\",\"@id\":\"https:\\\/\\\/lisakroeber.com\\\/#website\",\"url\":\"https:\\\/\\\/lisakroeber.com\\\/\",\"name\":\"Lisa Kroeber Jewellery Art\",\"description\":\"Lisa Kroeber Jewellery Art e-shop\",\"publisher\":{\"@id\":\"https:\\\/\\\/lisakroeber.com\\\/#organization\"},\"potentialAction\":[{\"@type\":\"SearchAction\",\"target\":{\"@type\":\"EntryPoint\",\"urlTemplate\":\"https:\\\/\\\/lisakroeber.com\\\/?s={search_term_string}\"},\"query-input\":{\"@type\":\"PropertyValueSpecification\",\"valueRequired\":true,\"valueName\":\"search_term_string\"}}],\"inLanguage\":\"et\"},{\"@type\":\"Organization\",\"@id\":\"https:\\\/\\\/lisakroeber.com\\\/#organization\",\"name\":\"Lisa Kroeber Jewellery\",\"url\":\"https:\\\/\\\/lisakroeber.com\\\/\",\"logo\":{\"@type\":\"ImageObject\",\"inLanguage\":\"et\",\"@id\":\"https:\\\/\\\/lisakroeber.com\\\/#\\\/schema\\\/logo\\\/image\\\/\",\"url\":\"https:\\\/\\\/lisakroeber.com\\\/wp-content\\\/uploads\\\/2024\\\/07\\\/47178367_317322115661289_143956003702964224_n-e1543863670541.svg\",\"contentUrl\":\"https:\\\/\\\/lisakroeber.com\\\/wp-content\\\/uploads\\\/2024\\\/07\\\/47178367_317322115661289_143956003702964224_n-e1543863670541.svg\",\"width\":1,\"height\":1,\"caption\":\"Lisa Kroeber Jewellery\"},\"image\":{\"@id\":\"https:\\\/\\\/lisakroeber.com\\\/#\\\/schema\\\/logo\\\/image\\\/\"}}]}<\/script>\n<!-- \/ Yoast SEO plugin. -->","yoast_head_json":{"title":"ART Kaelakee Tubes - Lisa Kroeber Jewellery Art","robots":{"index":"index","follow":"follow","max-snippet":"max-snippet:-1","max-image-preview":"max-image-preview:large","max-video-preview":"max-video-preview:-1"},"canonical":"https:\/\/lisakroeber.com\/et\/toode\/art-kaelakee-tubes\/","og_locale":"et_EE","og_type":"article","og_title":"ART Kaelakee Tubes - Lisa Kroeber Jewellery Art","og_description":"Tubes KaelakeeJulge. M\u00e4nguline. T\u00e4is r\u00fctmi.  Tubes kaelakee kuulub Unique Art Pieces kollektsiooni. See on ainukordne ehe, mis on s\u00fcndinud v\u00e4rvi, liikumise ja struktuuri katsetustest. Inspiratsiooni ammutades minu varasemast Tube-seeriast, muudab see teos tuttavad toruelemendid millekski v\u00e4ljendusrikkaks, elavaks ja energiliseks. V\u00e4rvilised torud loovad d\u00fcnaamilise pinna, mis muutub iga liigutusega. Ebakorrap\u00e4rane r\u00fctm ja rikkalik v\u00e4rvipalett annavad kaelakeele r\u00f5\u00f5msa energia, spontaanse, kuid l\u00e4bim\u00f5eldud, m\u00e4ngulise, ent tasakaalus. See ehe eksisteerib vaid \u00fches eksemplaris. Kollektsioon: Unique Art Pieces Materjalid: pulberv\u00e4rvitud messing, kullatud h\u00f5be (925), teras traat Suurus: 32,5cm x 30cm Kaal: 264g Ehe saadetakse teele 1\u20135 t\u00f6\u00f6p\u00e4eva jooksul. Kaelakee on pakitud kinkekarpi.","og_url":"https:\/\/lisakroeber.com\/et\/toode\/art-kaelakee-tubes\/","og_site_name":"Lisa Kroeber Jewellery Art","article_modified_time":"2026-01-23T14:11:37+00:00","og_image":[{"width":2560,"height":2560,"url":"https:\/\/lisakroeber.com\/wp-content\/uploads\/2026\/01\/Tubes-necklace-ART-scaled.jpg","type":"image\/jpeg"}],"twitter_card":"summary_large_image","schema":{"@context":"https:\/\/schema.org","@graph":[{"@type":"WebPage","@id":"https:\/\/lisakroeber.com\/et\/toode\/art-kaelakee-tubes\/","url":"https:\/\/lisakroeber.com\/et\/toode\/art-kaelakee-tubes\/","name":"ART Kaelakee Tubes - Lisa Kroeber Jewellery Art","isPartOf":{"@id":"https:\/\/lisakroeber.com\/#website"},"primaryImageOfPage":{"@id":"https:\/\/lisakroeber.com\/et\/toode\/art-kaelakee-tubes\/#primaryimage"},"image":{"@id":"https:\/\/lisakroeber.com\/et\/toode\/art-kaelakee-tubes\/#primaryimage"},"thumbnailUrl":"https:\/\/lisakroeber.com\/wp-content\/uploads\/2026\/01\/Tubes-necklace-ART-scaled.jpg","datePublished":"2026-01-23T08:08:18+00:00","dateModified":"2026-01-23T14:11:37+00:00","breadcrumb":{"@id":"https:\/\/lisakroeber.com\/et\/toode\/art-kaelakee-tubes\/#breadcrumb"},"inLanguage":"et","potentialAction":[{"@type":"ReadAction","target":["https:\/\/lisakroeber.com\/et\/toode\/art-kaelakee-tubes\/"]}]},{"@type":"ImageObject","inLanguage":"et","@id":"https:\/\/lisakroeber.com\/et\/toode\/art-kaelakee-tubes\/#primaryimage","url":"https:\/\/lisakroeber.com\/wp-content\/uploads\/2026\/01\/Tubes-necklace-ART-scaled.jpg","contentUrl":"https:\/\/lisakroeber.com\/wp-content\/uploads\/2026\/01\/Tubes-necklace-ART-scaled.jpg","width":2560,"height":2560},{"@type":"BreadcrumbList","@id":"https:\/\/lisakroeber.com\/et\/toode\/art-kaelakee-tubes\/#breadcrumb","itemListElement":[{"@type":"ListItem","position":1,"name":"Home","item":"https:\/\/lisakroeber.com\/et\/"},{"@type":"ListItem","position":2,"name":"Pood","item":"https:\/\/lisakroeber.com\/et\/pood\/"},{"@type":"ListItem","position":3,"name":"ART Kaelakee Tubes"}]},{"@type":"WebSite","@id":"https:\/\/lisakroeber.com\/#website","url":"https:\/\/lisakroeber.com\/","name":"Lisa Kroeber Jewellery Art","description":"Lisa Kroeber Jewellery Art e-shop","publisher":{"@id":"https:\/\/lisakroeber.com\/#organization"},"potentialAction":[{"@type":"SearchAction","target":{"@type":"EntryPoint","urlTemplate":"https:\/\/lisakroeber.com\/?s={search_term_string}"},"query-input":{"@type":"PropertyValueSpecification","valueRequired":true,"valueName":"search_term_string"}}],"inLanguage":"et"},{"@type":"Organization","@id":"https:\/\/lisakroeber.com\/#organization","name":"Lisa Kroeber Jewellery","url":"https:\/\/lisakroeber.com\/","logo":{"@type":"ImageObject","inLanguage":"et","@id":"https:\/\/lisakroeber.com\/#\/schema\/logo\/image\/","url":"https:\/\/lisakroeber.com\/wp-content\/uploads\/2024\/07\/47178367_317322115661289_143956003702964224_n-e1543863670541.svg","contentUrl":"https:\/\/lisakroeber.com\/wp-content\/uploads\/2024\/07\/47178367_317322115661289_143956003702964224_n-e1543863670541.svg","width":1,"height":1,"caption":"Lisa Kroeber Jewellery"},"image":{"@id":"https:\/\/lisakroeber.com\/#\/schema\/logo\/image\/"}}]}},"_links":{"self":[{"href":"https:\/\/lisakroeber.com\/et\/wp-json\/wp\/v2\/product\/310506","targetHints":{"allow":["GET"]}}],"collection":[{"href":"https:\/\/lisakroeber.com\/et\/wp-json\/wp\/v2\/product"}],"about":[{"href":"https:\/\/lisakroeber.com\/et\/wp-json\/wp\/v2\/types\/product"}],"wp:featuredmedia":[{"embeddable":true,"href":"https:\/\/lisakroeber.com\/et\/wp-json\/wp\/v2\/media\/310311"}],"wp:attachment":[{"href":"https:\/\/lisakroeber.com\/et\/wp-json\/wp\/v2\/media?parent=310506"}],"wp:term":[{"taxonomy":"product_brand","embeddable":true,"href":"https:\/\/lisakroeber.com\/et\/wp-json\/wp\/v2\/product_brand?post=310506"},{"taxonomy":"product_cat","embeddable":true,"href":"https:\/\/lisakroeber.com\/et\/wp-json\/wp\/v2\/product_cat?post=310506"},{"taxonomy":"product_tag","embeddable":true,"href":"https:\/\/lisakroeber.com\/et\/wp-json\/wp\/v2\/product_tag?post=310506"}],"curies":[{"name":"wp","href":"https:\/\/api.w.org\/{rel}","templated":true}]}}