{"id":310508,"date":"2026-01-22T16:36:54","date_gmt":"2026-01-22T14:36:54","guid":{"rendered":"https:\/\/lisakroeber.com\/product\/art-kaelakee-mini\/"},"modified":"2026-01-28T11:37:06","modified_gmt":"2026-01-28T09:37:06","slug":"art-kaelakee-mini","status":"publish","type":"product","link":"https:\/\/lisakroeber.com\/et\/toode\/art-kaelakee-mini\/","title":{"rendered":"ART Kaelakee Mini"},"content":{"rendered":"","protected":false},"excerpt":{"rendered":"<p data-start=\"0\" data-end=\"53\"><strong data-start=\"0\" data-end=\"17\">Mini kaelakee<br \/>\n<br data-start=\"17\" data-end=\"20\"><br \/>Mini kaelakee kuulub Unique Art Pieces kollektsiooni ning on loodud ainukordse uurimusena r\u00fctmist, liikumisest ja muutumisest. Inspiratsiooni on saadud varasemast Mini seeriast \u2014 selles teoses m\u00e4ngivad kordus ja variatsioon, muutes Mini elemendid voolavaks, elavaks struktuuriks.<\/strong> <\/p>\n<p data-start=\"350\" data-end=\"641\">Oma muljetavaldava 228 cm pikkusega kutsub kaelakee kandjat kaasa m\u00e4ngima. Ehe ei ole avatav, kuid seda saab kanda \u00fcks, kaks v\u00f5i kolm korda \u00fcmber kaela, luues t\u00e4iesti erinevaid stiile, pikast ja graafilisest kuni kihilise ja skulpturaalseni. Iga kandmisviis toob esile uue iseloomu.  <\/p>\n<p data-start=\"904\" data-end=\"1008\" data-is-last-node=\"\" data-is-only-node=\"\">See ehe eksisteerib vaid \u00fches eksemplaris.<br \/>\n<br data-start=\"935\" data-end=\"938\"><\/p>\n<p>Kollektsioon: Unique Art Pieces<\/p>\n<p>Materjalid: pulberv\u00e4rvitud messing, roostevaba teras, h\u00f5be (925)<\/p>\n<p>Pikkus: 228cm<\/p>\n<p>Kaal: 168,84g<\/p>\n<p>Ehe saadetakse teele 1\u20135 t\u00f6\u00f6p\u00e4eva jooksul.<\/p>\n<p>Kaelakee on pakitud kinkekarpi.<\/p>\n","protected":false},"featured_media":310281,"template":"","meta":{"content-type":""},"product_brand":[],"product_cat":[1284,348,462],"product_tag":[],"class_list":{"0":"post-310508","1":"product","2":"type-product","3":"status-publish","4":"has-post-thumbnail","6":"product_cat-autoriehted","7":"product_cat-kaelakeed","8":"product_cat-mini-et","10":"first","11":"instock","12":"taxable","13":"shipping-taxable","14":"purchasable","15":"product-type-simple"},"yoast_head":"<!-- This site is optimized with the Yoast SEO plugin v27.3 - https:\/\/yoast.com\/product\/yoast-seo-wordpress\/ -->\n<title>ART Kaelakee Mini - Lisa Kroeber Jewellery Art<\/title>\n<meta name=\"robots\" content=\"index, follow, max-snippet:-1, max-image-preview:large, max-video-preview:-1\" \/>\n<link rel=\"canonical\" href=\"https:\/\/lisakroeber.com\/et\/toode\/art-kaelakee-mini\/\" \/>\n<meta property=\"og:locale\" content=\"et_EE\" \/>\n<meta property=\"og:type\" content=\"article\" \/>\n<meta property=\"og:title\" content=\"ART Kaelakee Mini - Lisa Kroeber Jewellery Art\" \/>\n<meta property=\"og:description\" content=\"Mini kaelakee Mini kaelakee kuulub Unique Art Pieces kollektsiooni ning on loodud ainukordse uurimusena r\u00fctmist, liikumisest ja muutumisest. Inspiratsiooni on saadud varasemast Mini seeriast \u2014 selles teoses m\u00e4ngivad kordus ja variatsioon, muutes Mini elemendid voolavaks, elavaks struktuuriks. Oma muljetavaldava 228 cm pikkusega kutsub kaelakee kandjat kaasa m\u00e4ngima. Ehe ei ole avatav, kuid seda saab kanda \u00fcks, kaks v\u00f5i kolm korda \u00fcmber kaela, luues t\u00e4iesti erinevaid stiile, pikast ja graafilisest kuni kihilise ja skulpturaalseni. Iga kandmisviis toob esile uue iseloomu.  See ehe eksisteerib vaid \u00fches eksemplaris. Kollektsioon: Unique Art Pieces Materjalid: pulberv\u00e4rvitud messing, roostevaba teras, h\u00f5be (925) Pikkus: 228cm Kaal: 168,84g Ehe saadetakse teele 1\u20135 t\u00f6\u00f6p\u00e4eva jooksul. Kaelakee on pakitud kinkekarpi.\" \/>\n<meta property=\"og:url\" content=\"https:\/\/lisakroeber.com\/et\/toode\/art-kaelakee-mini\/\" \/>\n<meta property=\"og:site_name\" content=\"Lisa Kroeber Jewellery Art\" \/>\n<meta property=\"article:modified_time\" content=\"2026-01-28T09:37:06+00:00\" \/>\n<meta property=\"og:image\" content=\"https:\/\/lisakroeber.com\/wp-content\/uploads\/2026\/01\/MN-ART-scaled.jpg\" \/>\n\t<meta property=\"og:image:width\" content=\"2560\" \/>\n\t<meta property=\"og:image:height\" content=\"2560\" \/>\n\t<meta property=\"og:image:type\" content=\"image\/jpeg\" \/>\n<meta name=\"twitter:card\" content=\"summary_large_image\" \/>\n<script type=\"application\/ld+json\" class=\"yoast-schema-graph\">{\"@context\":\"https:\\\/\\\/schema.org\",\"@graph\":[{\"@type\":\"WebPage\",\"@id\":\"https:\\\/\\\/lisakroeber.com\\\/et\\\/toode\\\/art-kaelakee-mini\\\/\",\"url\":\"https:\\\/\\\/lisakroeber.com\\\/et\\\/toode\\\/art-kaelakee-mini\\\/\",\"name\":\"ART Kaelakee Mini - Lisa Kroeber Jewellery Art\",\"isPartOf\":{\"@id\":\"https:\\\/\\\/lisakroeber.com\\\/#website\"},\"primaryImageOfPage\":{\"@id\":\"https:\\\/\\\/lisakroeber.com\\\/et\\\/toode\\\/art-kaelakee-mini\\\/#primaryimage\"},\"image\":{\"@id\":\"https:\\\/\\\/lisakroeber.com\\\/et\\\/toode\\\/art-kaelakee-mini\\\/#primaryimage\"},\"thumbnailUrl\":\"https:\\\/\\\/lisakroeber.com\\\/wp-content\\\/uploads\\\/2026\\\/01\\\/MN-ART-scaled.jpg\",\"datePublished\":\"2026-01-22T14:36:54+00:00\",\"dateModified\":\"2026-01-28T09:37:06+00:00\",\"breadcrumb\":{\"@id\":\"https:\\\/\\\/lisakroeber.com\\\/et\\\/toode\\\/art-kaelakee-mini\\\/#breadcrumb\"},\"inLanguage\":\"et\",\"potentialAction\":[{\"@type\":\"ReadAction\",\"target\":[\"https:\\\/\\\/lisakroeber.com\\\/et\\\/toode\\\/art-kaelakee-mini\\\/\"]}]},{\"@type\":\"ImageObject\",\"inLanguage\":\"et\",\"@id\":\"https:\\\/\\\/lisakroeber.com\\\/et\\\/toode\\\/art-kaelakee-mini\\\/#primaryimage\",\"url\":\"https:\\\/\\\/lisakroeber.com\\\/wp-content\\\/uploads\\\/2026\\\/01\\\/MN-ART-scaled.jpg\",\"contentUrl\":\"https:\\\/\\\/lisakroeber.com\\\/wp-content\\\/uploads\\\/2026\\\/01\\\/MN-ART-scaled.jpg\",\"width\":2560,\"height\":2560},{\"@type\":\"BreadcrumbList\",\"@id\":\"https:\\\/\\\/lisakroeber.com\\\/et\\\/toode\\\/art-kaelakee-mini\\\/#breadcrumb\",\"itemListElement\":[{\"@type\":\"ListItem\",\"position\":1,\"name\":\"Home\",\"item\":\"https:\\\/\\\/lisakroeber.com\\\/et\\\/\"},{\"@type\":\"ListItem\",\"position\":2,\"name\":\"Pood\",\"item\":\"https:\\\/\\\/lisakroeber.com\\\/et\\\/pood\\\/\"},{\"@type\":\"ListItem\",\"position\":3,\"name\":\"ART Kaelakee Mini\"}]},{\"@type\":\"WebSite\",\"@id\":\"https:\\\/\\\/lisakroeber.com\\\/#website\",\"url\":\"https:\\\/\\\/lisakroeber.com\\\/\",\"name\":\"Lisa Kroeber Jewellery Art\",\"description\":\"Lisa Kroeber Jewellery Art e-shop\",\"publisher\":{\"@id\":\"https:\\\/\\\/lisakroeber.com\\\/#organization\"},\"potentialAction\":[{\"@type\":\"SearchAction\",\"target\":{\"@type\":\"EntryPoint\",\"urlTemplate\":\"https:\\\/\\\/lisakroeber.com\\\/?s={search_term_string}\"},\"query-input\":{\"@type\":\"PropertyValueSpecification\",\"valueRequired\":true,\"valueName\":\"search_term_string\"}}],\"inLanguage\":\"et\"},{\"@type\":\"Organization\",\"@id\":\"https:\\\/\\\/lisakroeber.com\\\/#organization\",\"name\":\"Lisa Kroeber Jewellery\",\"url\":\"https:\\\/\\\/lisakroeber.com\\\/\",\"logo\":{\"@type\":\"ImageObject\",\"inLanguage\":\"et\",\"@id\":\"https:\\\/\\\/lisakroeber.com\\\/#\\\/schema\\\/logo\\\/image\\\/\",\"url\":\"https:\\\/\\\/lisakroeber.com\\\/wp-content\\\/uploads\\\/2024\\\/07\\\/47178367_317322115661289_143956003702964224_n-e1543863670541.svg\",\"contentUrl\":\"https:\\\/\\\/lisakroeber.com\\\/wp-content\\\/uploads\\\/2024\\\/07\\\/47178367_317322115661289_143956003702964224_n-e1543863670541.svg\",\"width\":1,\"height\":1,\"caption\":\"Lisa Kroeber Jewellery\"},\"image\":{\"@id\":\"https:\\\/\\\/lisakroeber.com\\\/#\\\/schema\\\/logo\\\/image\\\/\"}}]}<\/script>\n<!-- \/ Yoast SEO plugin. -->","yoast_head_json":{"title":"ART Kaelakee Mini - Lisa Kroeber Jewellery Art","robots":{"index":"index","follow":"follow","max-snippet":"max-snippet:-1","max-image-preview":"max-image-preview:large","max-video-preview":"max-video-preview:-1"},"canonical":"https:\/\/lisakroeber.com\/et\/toode\/art-kaelakee-mini\/","og_locale":"et_EE","og_type":"article","og_title":"ART Kaelakee Mini - Lisa Kroeber Jewellery Art","og_description":"Mini kaelakee Mini kaelakee kuulub Unique Art Pieces kollektsiooni ning on loodud ainukordse uurimusena r\u00fctmist, liikumisest ja muutumisest. Inspiratsiooni on saadud varasemast Mini seeriast \u2014 selles teoses m\u00e4ngivad kordus ja variatsioon, muutes Mini elemendid voolavaks, elavaks struktuuriks. Oma muljetavaldava 228 cm pikkusega kutsub kaelakee kandjat kaasa m\u00e4ngima. Ehe ei ole avatav, kuid seda saab kanda \u00fcks, kaks v\u00f5i kolm korda \u00fcmber kaela, luues t\u00e4iesti erinevaid stiile, pikast ja graafilisest kuni kihilise ja skulpturaalseni. Iga kandmisviis toob esile uue iseloomu.  See ehe eksisteerib vaid \u00fches eksemplaris. Kollektsioon: Unique Art Pieces Materjalid: pulberv\u00e4rvitud messing, roostevaba teras, h\u00f5be (925) Pikkus: 228cm Kaal: 168,84g Ehe saadetakse teele 1\u20135 t\u00f6\u00f6p\u00e4eva jooksul. Kaelakee on pakitud kinkekarpi.","og_url":"https:\/\/lisakroeber.com\/et\/toode\/art-kaelakee-mini\/","og_site_name":"Lisa Kroeber Jewellery Art","article_modified_time":"2026-01-28T09:37:06+00:00","og_image":[{"width":2560,"height":2560,"url":"https:\/\/lisakroeber.com\/wp-content\/uploads\/2026\/01\/MN-ART-scaled.jpg","type":"image\/jpeg"}],"twitter_card":"summary_large_image","schema":{"@context":"https:\/\/schema.org","@graph":[{"@type":"WebPage","@id":"https:\/\/lisakroeber.com\/et\/toode\/art-kaelakee-mini\/","url":"https:\/\/lisakroeber.com\/et\/toode\/art-kaelakee-mini\/","name":"ART Kaelakee Mini - Lisa Kroeber Jewellery Art","isPartOf":{"@id":"https:\/\/lisakroeber.com\/#website"},"primaryImageOfPage":{"@id":"https:\/\/lisakroeber.com\/et\/toode\/art-kaelakee-mini\/#primaryimage"},"image":{"@id":"https:\/\/lisakroeber.com\/et\/toode\/art-kaelakee-mini\/#primaryimage"},"thumbnailUrl":"https:\/\/lisakroeber.com\/wp-content\/uploads\/2026\/01\/MN-ART-scaled.jpg","datePublished":"2026-01-22T14:36:54+00:00","dateModified":"2026-01-28T09:37:06+00:00","breadcrumb":{"@id":"https:\/\/lisakroeber.com\/et\/toode\/art-kaelakee-mini\/#breadcrumb"},"inLanguage":"et","potentialAction":[{"@type":"ReadAction","target":["https:\/\/lisakroeber.com\/et\/toode\/art-kaelakee-mini\/"]}]},{"@type":"ImageObject","inLanguage":"et","@id":"https:\/\/lisakroeber.com\/et\/toode\/art-kaelakee-mini\/#primaryimage","url":"https:\/\/lisakroeber.com\/wp-content\/uploads\/2026\/01\/MN-ART-scaled.jpg","contentUrl":"https:\/\/lisakroeber.com\/wp-content\/uploads\/2026\/01\/MN-ART-scaled.jpg","width":2560,"height":2560},{"@type":"BreadcrumbList","@id":"https:\/\/lisakroeber.com\/et\/toode\/art-kaelakee-mini\/#breadcrumb","itemListElement":[{"@type":"ListItem","position":1,"name":"Home","item":"https:\/\/lisakroeber.com\/et\/"},{"@type":"ListItem","position":2,"name":"Pood","item":"https:\/\/lisakroeber.com\/et\/pood\/"},{"@type":"ListItem","position":3,"name":"ART Kaelakee Mini"}]},{"@type":"WebSite","@id":"https:\/\/lisakroeber.com\/#website","url":"https:\/\/lisakroeber.com\/","name":"Lisa Kroeber Jewellery Art","description":"Lisa Kroeber Jewellery Art e-shop","publisher":{"@id":"https:\/\/lisakroeber.com\/#organization"},"potentialAction":[{"@type":"SearchAction","target":{"@type":"EntryPoint","urlTemplate":"https:\/\/lisakroeber.com\/?s={search_term_string}"},"query-input":{"@type":"PropertyValueSpecification","valueRequired":true,"valueName":"search_term_string"}}],"inLanguage":"et"},{"@type":"Organization","@id":"https:\/\/lisakroeber.com\/#organization","name":"Lisa Kroeber Jewellery","url":"https:\/\/lisakroeber.com\/","logo":{"@type":"ImageObject","inLanguage":"et","@id":"https:\/\/lisakroeber.com\/#\/schema\/logo\/image\/","url":"https:\/\/lisakroeber.com\/wp-content\/uploads\/2024\/07\/47178367_317322115661289_143956003702964224_n-e1543863670541.svg","contentUrl":"https:\/\/lisakroeber.com\/wp-content\/uploads\/2024\/07\/47178367_317322115661289_143956003702964224_n-e1543863670541.svg","width":1,"height":1,"caption":"Lisa Kroeber Jewellery"},"image":{"@id":"https:\/\/lisakroeber.com\/#\/schema\/logo\/image\/"}}]}},"_links":{"self":[{"href":"https:\/\/lisakroeber.com\/et\/wp-json\/wp\/v2\/product\/310508","targetHints":{"allow":["GET"]}}],"collection":[{"href":"https:\/\/lisakroeber.com\/et\/wp-json\/wp\/v2\/product"}],"about":[{"href":"https:\/\/lisakroeber.com\/et\/wp-json\/wp\/v2\/types\/product"}],"wp:featuredmedia":[{"embeddable":true,"href":"https:\/\/lisakroeber.com\/et\/wp-json\/wp\/v2\/media\/310281"}],"wp:attachment":[{"href":"https:\/\/lisakroeber.com\/et\/wp-json\/wp\/v2\/media?parent=310508"}],"wp:term":[{"taxonomy":"product_brand","embeddable":true,"href":"https:\/\/lisakroeber.com\/et\/wp-json\/wp\/v2\/product_brand?post=310508"},{"taxonomy":"product_cat","embeddable":true,"href":"https:\/\/lisakroeber.com\/et\/wp-json\/wp\/v2\/product_cat?post=310508"},{"taxonomy":"product_tag","embeddable":true,"href":"https:\/\/lisakroeber.com\/et\/wp-json\/wp\/v2\/product_tag?post=310508"}],"curies":[{"name":"wp","href":"https:\/\/api.w.org\/{rel}","templated":true}]}}