{"id":310509,"date":"2026-01-22T16:22:13","date_gmt":"2026-01-22T14:22:13","guid":{"rendered":"https:\/\/lisakroeber.com\/product\/art-kaelakeed-merged\/"},"modified":"2026-01-23T16:35:12","modified_gmt":"2026-01-23T14:35:12","slug":"art-kaelakeed-merged","status":"publish","type":"product","link":"https:\/\/lisakroeber.com\/et\/toode\/art-kaelakeed-merged\/","title":{"rendered":"ART Kaelakeed Merged"},"content":{"rendered":"","protected":false},"excerpt":{"rendered":"<p data-start=\"0\" data-end=\"50\"><strong data-start=\"0\" data-end=\"18\">Merged Kaelakee<\/strong><br data-start=\"18\" data-end=\"21\"><em data-start=\"21\" data-end=\"50\">Toores. Tasakaalus. Dialoogis.  <\/em><\/p>\n<p data-start=\"52\" data-end=\"293\"><em>Merged kaelakee<\/em> kuulub <em>Unique Art Pieces<\/em> kollektsiooni \u2014 see on ainukordne uus t\u00f5lgendus minu varasemast kiviseeriast <em>Merged<\/em>. Selgest ja lineaarsest l\u00e4htepunktist l\u00e4htudes uurib see ehe struktuuri ja intuitsiooni vahelist kontrasti. <\/p>\n<p data-start=\"295\" data-end=\"555\">\u00d5hukesed h\u00f5bedased elemendid kohtuvad toorete, poleerimata kividega \u2014 iga\u00fchel oma kuju, pind ja lugu. Kompositsioon on teadlikult ebat\u00e4iuslik: rahulikud jooned loovad ruumi orgaanilistele vormidele. Vaikne pinge tekib kontrolli ja vabaduse, korra ja avastamise vahel.  <\/p>\n<p data-start=\"557\" data-end=\"740\">See kaelakee peegeldab hetke loomingulises protsessis, kus materjal ise hakkab juhtima \u2014 kus otsused s\u00fcnnivad mitte ainult disainist, vaid ka tundest, puudutusest ja sisetundest.<\/p>\n<p data-start=\"742\" data-end=\"933\" data-is-last-node=\"\" data-is-only-node=\"\">See ehe eksisteerib vaid \u00fches eksemplaris.<\/p>\n<p>Kollektsioon: Unique Art Pieces<\/p>\n<p>Materjalid: roosa kvarts, p\u00fcriit, h\u00f5be (925), siid<\/p>\n<p>Pikkus: 50cm<\/p>\n<p>Kaal: 149,89g<\/p>\n<p>Ehe saadetakse teele 1\u20135 t\u00f6\u00f6p\u00e4eva jooksul.<\/p>\n<p>Kaelakee on pakitud kinkekarpi.<\/p>\n","protected":false},"featured_media":310423,"template":"","meta":{"content-type":""},"product_brand":[],"product_cat":[1284,348],"product_tag":[],"class_list":{"0":"post-310509","1":"product","2":"type-product","3":"status-publish","4":"has-post-thumbnail","6":"product_cat-autoriehted","7":"product_cat-kaelakeed","9":"first","10":"instock","11":"taxable","12":"shipping-taxable","13":"purchasable","14":"product-type-simple"},"yoast_head":"<!-- This site is optimized with the Yoast SEO plugin v27.3 - https:\/\/yoast.com\/product\/yoast-seo-wordpress\/ -->\n<title>ART Kaelakeed Merged - Lisa Kroeber Jewellery Art<\/title>\n<meta name=\"robots\" content=\"index, follow, max-snippet:-1, max-image-preview:large, max-video-preview:-1\" \/>\n<link rel=\"canonical\" href=\"https:\/\/lisakroeber.com\/et\/toode\/art-kaelakeed-merged\/\" \/>\n<meta property=\"og:locale\" content=\"et_EE\" \/>\n<meta property=\"og:type\" content=\"article\" \/>\n<meta property=\"og:title\" content=\"ART Kaelakeed Merged - Lisa Kroeber Jewellery Art\" \/>\n<meta property=\"og:description\" content=\"Merged KaelakeeToores. Tasakaalus. Dialoogis.  Merged kaelakee kuulub Unique Art Pieces kollektsiooni \u2014 see on ainukordne uus t\u00f5lgendus minu varasemast kiviseeriast Merged. Selgest ja lineaarsest l\u00e4htepunktist l\u00e4htudes uurib see ehe struktuuri ja intuitsiooni vahelist kontrasti. \u00d5hukesed h\u00f5bedased elemendid kohtuvad toorete, poleerimata kividega \u2014 iga\u00fchel oma kuju, pind ja lugu. Kompositsioon on teadlikult ebat\u00e4iuslik: rahulikud jooned loovad ruumi orgaanilistele vormidele. Vaikne pinge tekib kontrolli ja vabaduse, korra ja avastamise vahel.  See kaelakee peegeldab hetke loomingulises protsessis, kus materjal ise hakkab juhtima \u2014 kus otsused s\u00fcnnivad mitte ainult disainist, vaid ka tundest, puudutusest ja sisetundest. See ehe eksisteerib vaid \u00fches eksemplaris. Kollektsioon: Unique Art Pieces Materjalid: roosa kvarts, p\u00fcriit, h\u00f5be (925), siid Pikkus: 50cm Kaal: 149,89g Ehe saadetakse teele 1\u20135 t\u00f6\u00f6p\u00e4eva jooksul. Kaelakee on pakitud kinkekarpi.\" \/>\n<meta property=\"og:url\" content=\"https:\/\/lisakroeber.com\/et\/toode\/art-kaelakeed-merged\/\" \/>\n<meta property=\"og:site_name\" content=\"Lisa Kroeber Jewellery Art\" \/>\n<meta property=\"article:modified_time\" content=\"2026-01-23T14:35:12+00:00\" \/>\n<meta property=\"og:image\" content=\"https:\/\/lisakroeber.com\/wp-content\/uploads\/2026\/01\/Merged-ART-scaled.jpg\" \/>\n\t<meta property=\"og:image:width\" content=\"2560\" \/>\n\t<meta property=\"og:image:height\" content=\"2560\" \/>\n\t<meta property=\"og:image:type\" content=\"image\/jpeg\" \/>\n<meta name=\"twitter:card\" content=\"summary_large_image\" \/>\n<script type=\"application\/ld+json\" class=\"yoast-schema-graph\">{\"@context\":\"https:\\\/\\\/schema.org\",\"@graph\":[{\"@type\":\"WebPage\",\"@id\":\"https:\\\/\\\/lisakroeber.com\\\/et\\\/toode\\\/art-kaelakeed-merged\\\/\",\"url\":\"https:\\\/\\\/lisakroeber.com\\\/et\\\/toode\\\/art-kaelakeed-merged\\\/\",\"name\":\"ART Kaelakeed Merged - Lisa Kroeber Jewellery Art\",\"isPartOf\":{\"@id\":\"https:\\\/\\\/lisakroeber.com\\\/#website\"},\"primaryImageOfPage\":{\"@id\":\"https:\\\/\\\/lisakroeber.com\\\/et\\\/toode\\\/art-kaelakeed-merged\\\/#primaryimage\"},\"image\":{\"@id\":\"https:\\\/\\\/lisakroeber.com\\\/et\\\/toode\\\/art-kaelakeed-merged\\\/#primaryimage\"},\"thumbnailUrl\":\"https:\\\/\\\/lisakroeber.com\\\/wp-content\\\/uploads\\\/2026\\\/01\\\/Merged-ART-scaled.jpg\",\"datePublished\":\"2026-01-22T14:22:13+00:00\",\"dateModified\":\"2026-01-23T14:35:12+00:00\",\"breadcrumb\":{\"@id\":\"https:\\\/\\\/lisakroeber.com\\\/et\\\/toode\\\/art-kaelakeed-merged\\\/#breadcrumb\"},\"inLanguage\":\"et\",\"potentialAction\":[{\"@type\":\"ReadAction\",\"target\":[\"https:\\\/\\\/lisakroeber.com\\\/et\\\/toode\\\/art-kaelakeed-merged\\\/\"]}]},{\"@type\":\"ImageObject\",\"inLanguage\":\"et\",\"@id\":\"https:\\\/\\\/lisakroeber.com\\\/et\\\/toode\\\/art-kaelakeed-merged\\\/#primaryimage\",\"url\":\"https:\\\/\\\/lisakroeber.com\\\/wp-content\\\/uploads\\\/2026\\\/01\\\/Merged-ART-scaled.jpg\",\"contentUrl\":\"https:\\\/\\\/lisakroeber.com\\\/wp-content\\\/uploads\\\/2026\\\/01\\\/Merged-ART-scaled.jpg\",\"width\":2560,\"height\":2560},{\"@type\":\"BreadcrumbList\",\"@id\":\"https:\\\/\\\/lisakroeber.com\\\/et\\\/toode\\\/art-kaelakeed-merged\\\/#breadcrumb\",\"itemListElement\":[{\"@type\":\"ListItem\",\"position\":1,\"name\":\"Home\",\"item\":\"https:\\\/\\\/lisakroeber.com\\\/et\\\/\"},{\"@type\":\"ListItem\",\"position\":2,\"name\":\"Pood\",\"item\":\"https:\\\/\\\/lisakroeber.com\\\/et\\\/pood\\\/\"},{\"@type\":\"ListItem\",\"position\":3,\"name\":\"ART Kaelakeed Merged\"}]},{\"@type\":\"WebSite\",\"@id\":\"https:\\\/\\\/lisakroeber.com\\\/#website\",\"url\":\"https:\\\/\\\/lisakroeber.com\\\/\",\"name\":\"Lisa Kroeber Jewellery Art\",\"description\":\"Lisa Kroeber Jewellery Art e-shop\",\"publisher\":{\"@id\":\"https:\\\/\\\/lisakroeber.com\\\/#organization\"},\"potentialAction\":[{\"@type\":\"SearchAction\",\"target\":{\"@type\":\"EntryPoint\",\"urlTemplate\":\"https:\\\/\\\/lisakroeber.com\\\/?s={search_term_string}\"},\"query-input\":{\"@type\":\"PropertyValueSpecification\",\"valueRequired\":true,\"valueName\":\"search_term_string\"}}],\"inLanguage\":\"et\"},{\"@type\":\"Organization\",\"@id\":\"https:\\\/\\\/lisakroeber.com\\\/#organization\",\"name\":\"Lisa Kroeber Jewellery\",\"url\":\"https:\\\/\\\/lisakroeber.com\\\/\",\"logo\":{\"@type\":\"ImageObject\",\"inLanguage\":\"et\",\"@id\":\"https:\\\/\\\/lisakroeber.com\\\/#\\\/schema\\\/logo\\\/image\\\/\",\"url\":\"https:\\\/\\\/lisakroeber.com\\\/wp-content\\\/uploads\\\/2024\\\/07\\\/47178367_317322115661289_143956003702964224_n-e1543863670541.svg\",\"contentUrl\":\"https:\\\/\\\/lisakroeber.com\\\/wp-content\\\/uploads\\\/2024\\\/07\\\/47178367_317322115661289_143956003702964224_n-e1543863670541.svg\",\"width\":1,\"height\":1,\"caption\":\"Lisa Kroeber Jewellery\"},\"image\":{\"@id\":\"https:\\\/\\\/lisakroeber.com\\\/#\\\/schema\\\/logo\\\/image\\\/\"}}]}<\/script>\n<!-- \/ Yoast SEO plugin. -->","yoast_head_json":{"title":"ART Kaelakeed Merged - Lisa Kroeber Jewellery Art","robots":{"index":"index","follow":"follow","max-snippet":"max-snippet:-1","max-image-preview":"max-image-preview:large","max-video-preview":"max-video-preview:-1"},"canonical":"https:\/\/lisakroeber.com\/et\/toode\/art-kaelakeed-merged\/","og_locale":"et_EE","og_type":"article","og_title":"ART Kaelakeed Merged - Lisa Kroeber Jewellery Art","og_description":"Merged KaelakeeToores. Tasakaalus. Dialoogis.  Merged kaelakee kuulub Unique Art Pieces kollektsiooni \u2014 see on ainukordne uus t\u00f5lgendus minu varasemast kiviseeriast Merged. Selgest ja lineaarsest l\u00e4htepunktist l\u00e4htudes uurib see ehe struktuuri ja intuitsiooni vahelist kontrasti. \u00d5hukesed h\u00f5bedased elemendid kohtuvad toorete, poleerimata kividega \u2014 iga\u00fchel oma kuju, pind ja lugu. Kompositsioon on teadlikult ebat\u00e4iuslik: rahulikud jooned loovad ruumi orgaanilistele vormidele. Vaikne pinge tekib kontrolli ja vabaduse, korra ja avastamise vahel.  See kaelakee peegeldab hetke loomingulises protsessis, kus materjal ise hakkab juhtima \u2014 kus otsused s\u00fcnnivad mitte ainult disainist, vaid ka tundest, puudutusest ja sisetundest. See ehe eksisteerib vaid \u00fches eksemplaris. Kollektsioon: Unique Art Pieces Materjalid: roosa kvarts, p\u00fcriit, h\u00f5be (925), siid Pikkus: 50cm Kaal: 149,89g Ehe saadetakse teele 1\u20135 t\u00f6\u00f6p\u00e4eva jooksul. Kaelakee on pakitud kinkekarpi.","og_url":"https:\/\/lisakroeber.com\/et\/toode\/art-kaelakeed-merged\/","og_site_name":"Lisa Kroeber Jewellery Art","article_modified_time":"2026-01-23T14:35:12+00:00","og_image":[{"width":2560,"height":2560,"url":"https:\/\/lisakroeber.com\/wp-content\/uploads\/2026\/01\/Merged-ART-scaled.jpg","type":"image\/jpeg"}],"twitter_card":"summary_large_image","schema":{"@context":"https:\/\/schema.org","@graph":[{"@type":"WebPage","@id":"https:\/\/lisakroeber.com\/et\/toode\/art-kaelakeed-merged\/","url":"https:\/\/lisakroeber.com\/et\/toode\/art-kaelakeed-merged\/","name":"ART Kaelakeed Merged - Lisa Kroeber Jewellery Art","isPartOf":{"@id":"https:\/\/lisakroeber.com\/#website"},"primaryImageOfPage":{"@id":"https:\/\/lisakroeber.com\/et\/toode\/art-kaelakeed-merged\/#primaryimage"},"image":{"@id":"https:\/\/lisakroeber.com\/et\/toode\/art-kaelakeed-merged\/#primaryimage"},"thumbnailUrl":"https:\/\/lisakroeber.com\/wp-content\/uploads\/2026\/01\/Merged-ART-scaled.jpg","datePublished":"2026-01-22T14:22:13+00:00","dateModified":"2026-01-23T14:35:12+00:00","breadcrumb":{"@id":"https:\/\/lisakroeber.com\/et\/toode\/art-kaelakeed-merged\/#breadcrumb"},"inLanguage":"et","potentialAction":[{"@type":"ReadAction","target":["https:\/\/lisakroeber.com\/et\/toode\/art-kaelakeed-merged\/"]}]},{"@type":"ImageObject","inLanguage":"et","@id":"https:\/\/lisakroeber.com\/et\/toode\/art-kaelakeed-merged\/#primaryimage","url":"https:\/\/lisakroeber.com\/wp-content\/uploads\/2026\/01\/Merged-ART-scaled.jpg","contentUrl":"https:\/\/lisakroeber.com\/wp-content\/uploads\/2026\/01\/Merged-ART-scaled.jpg","width":2560,"height":2560},{"@type":"BreadcrumbList","@id":"https:\/\/lisakroeber.com\/et\/toode\/art-kaelakeed-merged\/#breadcrumb","itemListElement":[{"@type":"ListItem","position":1,"name":"Home","item":"https:\/\/lisakroeber.com\/et\/"},{"@type":"ListItem","position":2,"name":"Pood","item":"https:\/\/lisakroeber.com\/et\/pood\/"},{"@type":"ListItem","position":3,"name":"ART Kaelakeed Merged"}]},{"@type":"WebSite","@id":"https:\/\/lisakroeber.com\/#website","url":"https:\/\/lisakroeber.com\/","name":"Lisa Kroeber Jewellery Art","description":"Lisa Kroeber Jewellery Art e-shop","publisher":{"@id":"https:\/\/lisakroeber.com\/#organization"},"potentialAction":[{"@type":"SearchAction","target":{"@type":"EntryPoint","urlTemplate":"https:\/\/lisakroeber.com\/?s={search_term_string}"},"query-input":{"@type":"PropertyValueSpecification","valueRequired":true,"valueName":"search_term_string"}}],"inLanguage":"et"},{"@type":"Organization","@id":"https:\/\/lisakroeber.com\/#organization","name":"Lisa Kroeber Jewellery","url":"https:\/\/lisakroeber.com\/","logo":{"@type":"ImageObject","inLanguage":"et","@id":"https:\/\/lisakroeber.com\/#\/schema\/logo\/image\/","url":"https:\/\/lisakroeber.com\/wp-content\/uploads\/2024\/07\/47178367_317322115661289_143956003702964224_n-e1543863670541.svg","contentUrl":"https:\/\/lisakroeber.com\/wp-content\/uploads\/2024\/07\/47178367_317322115661289_143956003702964224_n-e1543863670541.svg","width":1,"height":1,"caption":"Lisa Kroeber Jewellery"},"image":{"@id":"https:\/\/lisakroeber.com\/#\/schema\/logo\/image\/"}}]}},"_links":{"self":[{"href":"https:\/\/lisakroeber.com\/et\/wp-json\/wp\/v2\/product\/310509","targetHints":{"allow":["GET"]}}],"collection":[{"href":"https:\/\/lisakroeber.com\/et\/wp-json\/wp\/v2\/product"}],"about":[{"href":"https:\/\/lisakroeber.com\/et\/wp-json\/wp\/v2\/types\/product"}],"wp:featuredmedia":[{"embeddable":true,"href":"https:\/\/lisakroeber.com\/et\/wp-json\/wp\/v2\/media\/310423"}],"wp:attachment":[{"href":"https:\/\/lisakroeber.com\/et\/wp-json\/wp\/v2\/media?parent=310509"}],"wp:term":[{"taxonomy":"product_brand","embeddable":true,"href":"https:\/\/lisakroeber.com\/et\/wp-json\/wp\/v2\/product_brand?post=310509"},{"taxonomy":"product_cat","embeddable":true,"href":"https:\/\/lisakroeber.com\/et\/wp-json\/wp\/v2\/product_cat?post=310509"},{"taxonomy":"product_tag","embeddable":true,"href":"https:\/\/lisakroeber.com\/et\/wp-json\/wp\/v2\/product_tag?post=310509"}],"curies":[{"name":"wp","href":"https:\/\/api.w.org\/{rel}","templated":true}]}}