{"id":310511,"date":"2026-01-22T16:02:33","date_gmt":"2026-01-22T14:02:33","guid":{"rendered":"https:\/\/lisakroeber.com\/product\/art-korvarongad-lines\/"},"modified":"2026-01-28T14:06:25","modified_gmt":"2026-01-28T12:06:25","slug":"art-korvarongad-lines","status":"publish","type":"product","link":"https:\/\/lisakroeber.com\/et\/toode\/art-korvarongad-lines\/","title":{"rendered":"ART K\u00f5rvar\u00f5ngad Lines"},"content":{"rendered":"","protected":false},"excerpt":{"rendered":"<p data-start=\"0\" data-end=\"55\"><strong data-start=\"0\" data-end=\"18\">Line k\u00f5rvar\u00f5ngad<\/strong><\/p>\n<p>Line k\u00f5rvar\u00f5ngad kuuluvad Unique Art Pieces kollektsiooni ning on loodud minu varasema Line-seeria ainulaadse t\u00f5lgendusena. L\u00e4htudes tuttavast lineaarsest vormist uurib see ehe, kuidas peened muutused materjalis, nurgas ja proportsioonides v\u00f5ivad muuta lihtsuse v\u00e4ljenduslikuks vormiks.<\/p>\n<p data-start=\"348\" data-end=\"576\">\u00d5rnalt kaarduv h\u00f5bedane joon loob arhitektuurse silueti: tugev, kuid kerge; struktureeritud, ent voolav. Avatud vorm laseb ruumil saada disaini osaks, v\u00f5imaldades liikumisel, valgusel ja varjul ehet kandmise ajal t\u00e4iendada. <\/p>\n<p data-start=\"578\" data-end=\"726\">Need k\u00f5rvar\u00f5ngad peegeldavad vaikset dialoogi mineviku ja oleviku vahel \u2014 varasema idee k\u00fcpset ja ajas l\u00e4bim\u00f5eldud j\u00e4tku.<\/p>\n<p data-start=\"728\" data-end=\"928\" data-is-last-node=\"\" data-is-only-node=\"\">See paar eksisteerib vaid \u00fches eksemplaris.<\/p>\n<p>Kollektsioon: Unique Art Pieces<\/p>\n<p>Material: h\u00f5be<\/p>\n<p>Suurus: 4,7cm x 8,5cm<\/p>\n<p>Kaal: 11,12g<\/p>\n<p>Ehe saadetakse teele 1\u20135 t\u00f6\u00f6p\u00e4eva jooksul.<\/p>\n<p>K\u00f5rvar\u00f5ngad on pakitud kinkekarpi.<\/p>\n","protected":false},"featured_media":310419,"template":"","meta":{"content-type":""},"product_brand":[],"product_cat":[1284,342,938],"product_tag":[],"class_list":{"0":"post-310511","1":"product","2":"type-product","3":"status-publish","4":"has-post-thumbnail","6":"product_cat-autoriehted","7":"product_cat-korvarongad","8":"product_cat-lines-et","10":"first","11":"instock","12":"taxable","13":"shipping-taxable","14":"purchasable","15":"product-type-simple"},"yoast_head":"<!-- This site is optimized with the Yoast SEO plugin v27.3 - https:\/\/yoast.com\/product\/yoast-seo-wordpress\/ -->\n<title>ART K\u00f5rvar\u00f5ngad Lines - Lisa Kroeber Jewellery Art<\/title>\n<meta name=\"robots\" content=\"index, follow, max-snippet:-1, max-image-preview:large, max-video-preview:-1\" \/>\n<link rel=\"canonical\" href=\"https:\/\/lisakroeber.com\/et\/toode\/art-korvarongad-lines\/\" \/>\n<meta property=\"og:locale\" content=\"et_EE\" \/>\n<meta property=\"og:type\" content=\"article\" \/>\n<meta property=\"og:title\" content=\"ART K\u00f5rvar\u00f5ngad Lines - Lisa Kroeber Jewellery Art\" \/>\n<meta property=\"og:description\" content=\"Line k\u00f5rvar\u00f5ngadLine k\u00f5rvar\u00f5ngad kuuluvad Unique Art Pieces kollektsiooni ning on loodud minu varasema Line-seeria ainulaadse t\u00f5lgendusena. L\u00e4htudes tuttavast lineaarsest vormist uurib see ehe, kuidas peened muutused materjalis, nurgas ja proportsioonides v\u00f5ivad muuta lihtsuse v\u00e4ljenduslikuks vormiks. \u00d5rnalt kaarduv h\u00f5bedane joon loob arhitektuurse silueti: tugev, kuid kerge; struktureeritud, ent voolav. Avatud vorm laseb ruumil saada disaini osaks, v\u00f5imaldades liikumisel, valgusel ja varjul ehet kandmise ajal t\u00e4iendada. Need k\u00f5rvar\u00f5ngad peegeldavad vaikset dialoogi mineviku ja oleviku vahel \u2014 varasema idee k\u00fcpset ja ajas l\u00e4bim\u00f5eldud j\u00e4tku. See paar eksisteerib vaid \u00fches eksemplaris. Kollektsioon: Unique Art Pieces Material: h\u00f5be Suurus: 4,7cm x 8,5cm Kaal: 11,12g Ehe saadetakse teele 1\u20135 t\u00f6\u00f6p\u00e4eva jooksul. K\u00f5rvar\u00f5ngad on pakitud kinkekarpi.\" \/>\n<meta property=\"og:url\" content=\"https:\/\/lisakroeber.com\/et\/toode\/art-korvarongad-lines\/\" \/>\n<meta property=\"og:site_name\" content=\"Lisa Kroeber Jewellery Art\" \/>\n<meta property=\"article:modified_time\" content=\"2026-01-28T12:06:25+00:00\" \/>\n<meta property=\"og:image\" content=\"https:\/\/lisakroeber.com\/wp-content\/uploads\/2026\/01\/Lines-ART-1-scaled.jpg\" \/>\n\t<meta property=\"og:image:width\" content=\"2560\" \/>\n\t<meta property=\"og:image:height\" content=\"2560\" \/>\n\t<meta property=\"og:image:type\" content=\"image\/jpeg\" \/>\n<meta name=\"twitter:card\" content=\"summary_large_image\" \/>\n<script type=\"application\/ld+json\" class=\"yoast-schema-graph\">{\"@context\":\"https:\\\/\\\/schema.org\",\"@graph\":[{\"@type\":\"WebPage\",\"@id\":\"https:\\\/\\\/lisakroeber.com\\\/et\\\/toode\\\/art-korvarongad-lines\\\/\",\"url\":\"https:\\\/\\\/lisakroeber.com\\\/et\\\/toode\\\/art-korvarongad-lines\\\/\",\"name\":\"ART K\u00f5rvar\u00f5ngad Lines - Lisa Kroeber Jewellery Art\",\"isPartOf\":{\"@id\":\"https:\\\/\\\/lisakroeber.com\\\/#website\"},\"primaryImageOfPage\":{\"@id\":\"https:\\\/\\\/lisakroeber.com\\\/et\\\/toode\\\/art-korvarongad-lines\\\/#primaryimage\"},\"image\":{\"@id\":\"https:\\\/\\\/lisakroeber.com\\\/et\\\/toode\\\/art-korvarongad-lines\\\/#primaryimage\"},\"thumbnailUrl\":\"https:\\\/\\\/lisakroeber.com\\\/wp-content\\\/uploads\\\/2026\\\/01\\\/Lines-ART-1-scaled.jpg\",\"datePublished\":\"2026-01-22T14:02:33+00:00\",\"dateModified\":\"2026-01-28T12:06:25+00:00\",\"breadcrumb\":{\"@id\":\"https:\\\/\\\/lisakroeber.com\\\/et\\\/toode\\\/art-korvarongad-lines\\\/#breadcrumb\"},\"inLanguage\":\"et\",\"potentialAction\":[{\"@type\":\"ReadAction\",\"target\":[\"https:\\\/\\\/lisakroeber.com\\\/et\\\/toode\\\/art-korvarongad-lines\\\/\"]}]},{\"@type\":\"ImageObject\",\"inLanguage\":\"et\",\"@id\":\"https:\\\/\\\/lisakroeber.com\\\/et\\\/toode\\\/art-korvarongad-lines\\\/#primaryimage\",\"url\":\"https:\\\/\\\/lisakroeber.com\\\/wp-content\\\/uploads\\\/2026\\\/01\\\/Lines-ART-1-scaled.jpg\",\"contentUrl\":\"https:\\\/\\\/lisakroeber.com\\\/wp-content\\\/uploads\\\/2026\\\/01\\\/Lines-ART-1-scaled.jpg\",\"width\":2560,\"height\":2560},{\"@type\":\"BreadcrumbList\",\"@id\":\"https:\\\/\\\/lisakroeber.com\\\/et\\\/toode\\\/art-korvarongad-lines\\\/#breadcrumb\",\"itemListElement\":[{\"@type\":\"ListItem\",\"position\":1,\"name\":\"Home\",\"item\":\"https:\\\/\\\/lisakroeber.com\\\/et\\\/\"},{\"@type\":\"ListItem\",\"position\":2,\"name\":\"Pood\",\"item\":\"https:\\\/\\\/lisakroeber.com\\\/et\\\/pood\\\/\"},{\"@type\":\"ListItem\",\"position\":3,\"name\":\"ART K\u00f5rvar\u00f5ngad Lines\"}]},{\"@type\":\"WebSite\",\"@id\":\"https:\\\/\\\/lisakroeber.com\\\/#website\",\"url\":\"https:\\\/\\\/lisakroeber.com\\\/\",\"name\":\"Lisa Kroeber Jewellery Art\",\"description\":\"Lisa Kroeber Jewellery Art e-shop\",\"publisher\":{\"@id\":\"https:\\\/\\\/lisakroeber.com\\\/#organization\"},\"potentialAction\":[{\"@type\":\"SearchAction\",\"target\":{\"@type\":\"EntryPoint\",\"urlTemplate\":\"https:\\\/\\\/lisakroeber.com\\\/?s={search_term_string}\"},\"query-input\":{\"@type\":\"PropertyValueSpecification\",\"valueRequired\":true,\"valueName\":\"search_term_string\"}}],\"inLanguage\":\"et\"},{\"@type\":\"Organization\",\"@id\":\"https:\\\/\\\/lisakroeber.com\\\/#organization\",\"name\":\"Lisa Kroeber Jewellery\",\"url\":\"https:\\\/\\\/lisakroeber.com\\\/\",\"logo\":{\"@type\":\"ImageObject\",\"inLanguage\":\"et\",\"@id\":\"https:\\\/\\\/lisakroeber.com\\\/#\\\/schema\\\/logo\\\/image\\\/\",\"url\":\"https:\\\/\\\/lisakroeber.com\\\/wp-content\\\/uploads\\\/2024\\\/07\\\/47178367_317322115661289_143956003702964224_n-e1543863670541.svg\",\"contentUrl\":\"https:\\\/\\\/lisakroeber.com\\\/wp-content\\\/uploads\\\/2024\\\/07\\\/47178367_317322115661289_143956003702964224_n-e1543863670541.svg\",\"width\":1,\"height\":1,\"caption\":\"Lisa Kroeber Jewellery\"},\"image\":{\"@id\":\"https:\\\/\\\/lisakroeber.com\\\/#\\\/schema\\\/logo\\\/image\\\/\"}}]}<\/script>\n<!-- \/ Yoast SEO plugin. -->","yoast_head_json":{"title":"ART K\u00f5rvar\u00f5ngad Lines - Lisa Kroeber Jewellery Art","robots":{"index":"index","follow":"follow","max-snippet":"max-snippet:-1","max-image-preview":"max-image-preview:large","max-video-preview":"max-video-preview:-1"},"canonical":"https:\/\/lisakroeber.com\/et\/toode\/art-korvarongad-lines\/","og_locale":"et_EE","og_type":"article","og_title":"ART K\u00f5rvar\u00f5ngad Lines - Lisa Kroeber Jewellery Art","og_description":"Line k\u00f5rvar\u00f5ngadLine k\u00f5rvar\u00f5ngad kuuluvad Unique Art Pieces kollektsiooni ning on loodud minu varasema Line-seeria ainulaadse t\u00f5lgendusena. L\u00e4htudes tuttavast lineaarsest vormist uurib see ehe, kuidas peened muutused materjalis, nurgas ja proportsioonides v\u00f5ivad muuta lihtsuse v\u00e4ljenduslikuks vormiks. \u00d5rnalt kaarduv h\u00f5bedane joon loob arhitektuurse silueti: tugev, kuid kerge; struktureeritud, ent voolav. Avatud vorm laseb ruumil saada disaini osaks, v\u00f5imaldades liikumisel, valgusel ja varjul ehet kandmise ajal t\u00e4iendada. Need k\u00f5rvar\u00f5ngad peegeldavad vaikset dialoogi mineviku ja oleviku vahel \u2014 varasema idee k\u00fcpset ja ajas l\u00e4bim\u00f5eldud j\u00e4tku. See paar eksisteerib vaid \u00fches eksemplaris. Kollektsioon: Unique Art Pieces Material: h\u00f5be Suurus: 4,7cm x 8,5cm Kaal: 11,12g Ehe saadetakse teele 1\u20135 t\u00f6\u00f6p\u00e4eva jooksul. K\u00f5rvar\u00f5ngad on pakitud kinkekarpi.","og_url":"https:\/\/lisakroeber.com\/et\/toode\/art-korvarongad-lines\/","og_site_name":"Lisa Kroeber Jewellery Art","article_modified_time":"2026-01-28T12:06:25+00:00","og_image":[{"width":2560,"height":2560,"url":"https:\/\/lisakroeber.com\/wp-content\/uploads\/2026\/01\/Lines-ART-1-scaled.jpg","type":"image\/jpeg"}],"twitter_card":"summary_large_image","schema":{"@context":"https:\/\/schema.org","@graph":[{"@type":"WebPage","@id":"https:\/\/lisakroeber.com\/et\/toode\/art-korvarongad-lines\/","url":"https:\/\/lisakroeber.com\/et\/toode\/art-korvarongad-lines\/","name":"ART K\u00f5rvar\u00f5ngad Lines - Lisa Kroeber Jewellery Art","isPartOf":{"@id":"https:\/\/lisakroeber.com\/#website"},"primaryImageOfPage":{"@id":"https:\/\/lisakroeber.com\/et\/toode\/art-korvarongad-lines\/#primaryimage"},"image":{"@id":"https:\/\/lisakroeber.com\/et\/toode\/art-korvarongad-lines\/#primaryimage"},"thumbnailUrl":"https:\/\/lisakroeber.com\/wp-content\/uploads\/2026\/01\/Lines-ART-1-scaled.jpg","datePublished":"2026-01-22T14:02:33+00:00","dateModified":"2026-01-28T12:06:25+00:00","breadcrumb":{"@id":"https:\/\/lisakroeber.com\/et\/toode\/art-korvarongad-lines\/#breadcrumb"},"inLanguage":"et","potentialAction":[{"@type":"ReadAction","target":["https:\/\/lisakroeber.com\/et\/toode\/art-korvarongad-lines\/"]}]},{"@type":"ImageObject","inLanguage":"et","@id":"https:\/\/lisakroeber.com\/et\/toode\/art-korvarongad-lines\/#primaryimage","url":"https:\/\/lisakroeber.com\/wp-content\/uploads\/2026\/01\/Lines-ART-1-scaled.jpg","contentUrl":"https:\/\/lisakroeber.com\/wp-content\/uploads\/2026\/01\/Lines-ART-1-scaled.jpg","width":2560,"height":2560},{"@type":"BreadcrumbList","@id":"https:\/\/lisakroeber.com\/et\/toode\/art-korvarongad-lines\/#breadcrumb","itemListElement":[{"@type":"ListItem","position":1,"name":"Home","item":"https:\/\/lisakroeber.com\/et\/"},{"@type":"ListItem","position":2,"name":"Pood","item":"https:\/\/lisakroeber.com\/et\/pood\/"},{"@type":"ListItem","position":3,"name":"ART K\u00f5rvar\u00f5ngad Lines"}]},{"@type":"WebSite","@id":"https:\/\/lisakroeber.com\/#website","url":"https:\/\/lisakroeber.com\/","name":"Lisa Kroeber Jewellery Art","description":"Lisa Kroeber Jewellery Art e-shop","publisher":{"@id":"https:\/\/lisakroeber.com\/#organization"},"potentialAction":[{"@type":"SearchAction","target":{"@type":"EntryPoint","urlTemplate":"https:\/\/lisakroeber.com\/?s={search_term_string}"},"query-input":{"@type":"PropertyValueSpecification","valueRequired":true,"valueName":"search_term_string"}}],"inLanguage":"et"},{"@type":"Organization","@id":"https:\/\/lisakroeber.com\/#organization","name":"Lisa Kroeber Jewellery","url":"https:\/\/lisakroeber.com\/","logo":{"@type":"ImageObject","inLanguage":"et","@id":"https:\/\/lisakroeber.com\/#\/schema\/logo\/image\/","url":"https:\/\/lisakroeber.com\/wp-content\/uploads\/2024\/07\/47178367_317322115661289_143956003702964224_n-e1543863670541.svg","contentUrl":"https:\/\/lisakroeber.com\/wp-content\/uploads\/2024\/07\/47178367_317322115661289_143956003702964224_n-e1543863670541.svg","width":1,"height":1,"caption":"Lisa Kroeber Jewellery"},"image":{"@id":"https:\/\/lisakroeber.com\/#\/schema\/logo\/image\/"}}]}},"_links":{"self":[{"href":"https:\/\/lisakroeber.com\/et\/wp-json\/wp\/v2\/product\/310511","targetHints":{"allow":["GET"]}}],"collection":[{"href":"https:\/\/lisakroeber.com\/et\/wp-json\/wp\/v2\/product"}],"about":[{"href":"https:\/\/lisakroeber.com\/et\/wp-json\/wp\/v2\/types\/product"}],"wp:featuredmedia":[{"embeddable":true,"href":"https:\/\/lisakroeber.com\/et\/wp-json\/wp\/v2\/media\/310419"}],"wp:attachment":[{"href":"https:\/\/lisakroeber.com\/et\/wp-json\/wp\/v2\/media?parent=310511"}],"wp:term":[{"taxonomy":"product_brand","embeddable":true,"href":"https:\/\/lisakroeber.com\/et\/wp-json\/wp\/v2\/product_brand?post=310511"},{"taxonomy":"product_cat","embeddable":true,"href":"https:\/\/lisakroeber.com\/et\/wp-json\/wp\/v2\/product_cat?post=310511"},{"taxonomy":"product_tag","embeddable":true,"href":"https:\/\/lisakroeber.com\/et\/wp-json\/wp\/v2\/product_tag?post=310511"}],"curies":[{"name":"wp","href":"https:\/\/api.w.org\/{rel}","templated":true}]}}