{"id":310513,"date":"2026-01-22T10:40:26","date_gmt":"2026-01-22T08:40:26","guid":{"rendered":"https:\/\/lisakroeber.com\/product\/art-kaelaehe-pearling\/"},"modified":"2026-01-23T16:54:24","modified_gmt":"2026-01-23T14:54:24","slug":"art-kaelaehe-pearling","status":"publish","type":"product","link":"https:\/\/lisakroeber.com\/et\/toode\/art-kaelaehe-pearling\/","title":{"rendered":"ART Kaelaehe Pearling"},"content":{"rendered":"","protected":false},"excerpt":{"rendered":"<p data-start=\"0\" data-end=\"57\"><strong data-start=\"0\" data-end=\"22\">Pearlings Kaelaehe<\/strong><br data-start=\"22\" data-end=\"25\">Ainulaadne. Poeetiline. Kordumatu.  <\/p>\n<p data-start=\"59\" data-end=\"362\"><em data-start=\"63\" data-end=\"74\">Pearlings kaelakee<\/em> kuulub Unique Art Pieces kollektsiooni. See on ainukordne ehe, mis on loodud vaikse dialoogina mineviku ja oleviku vahel. Skulpturaalsed h\u00f5bedased elemendid ja orgaanilise kujuga mageveep\u00e4rlid loovad koosluse, kus vastandlikkus ja harmoonia eksisteerivad \u00fcheaegselt. <\/p>\n<p data-start=\"364\" data-end=\"585\">Geomeetrilised vormid kohtuvad pehmete ja ebakorrap\u00e4raste p\u00e4rlitega, luues r\u00fctmi, mis on korraga struktureeritud ja intuitiivne. Igal elemendil on oma h\u00e4\u00e4l, ent koos moodustavad nad tasakaalustatud terviku. <\/p>\n<p data-start=\"587\" data-end=\"807\" data-is-last-node=\"\" data-is-only-node=\"\"><em data-start=\"587\" data-end=\"598\">Pearlings<\/em> ei ole korduv disain, vaid \u00fcksainus hetk, mis on talletatud ehtes. Ehe, mis kannab endas avastamise, muutumise ja k\u00e4sit\u00f6\u00f6 vaimu. Loodud kandmiseks kui kunstiteos, mitte lihtsalt aksessuaar. <\/p>\n<p>Kollektsioon: Unique Art Pieces<\/p>\n<p>Materjalid: h\u00f5be (925), p\u00e4rlid, siid<\/p>\n<p>Pikkus: 47,5cm<\/p>\n<p>Kaal:<\/p>\n<p>Ehe saadetakse teele 1\u20135 t\u00f6\u00f6p\u00e4eva jooksul.<\/p>\n<p>Kaelakee on pakitud kinkekarpi.<\/p>\n","protected":false},"featured_media":310267,"template":"","meta":{"content-type":""},"product_brand":[],"product_cat":[1284,348],"product_tag":[],"class_list":{"0":"post-310513","1":"product","2":"type-product","3":"status-publish","4":"has-post-thumbnail","6":"product_cat-autoriehted","7":"product_cat-kaelakeed","9":"first","10":"instock","11":"taxable","12":"shipping-taxable","13":"purchasable","14":"product-type-simple"},"yoast_head":"<!-- This site is optimized with the Yoast SEO plugin v27.3 - https:\/\/yoast.com\/product\/yoast-seo-wordpress\/ -->\n<title>ART Kaelaehe Pearling - Lisa Kroeber Jewellery Art<\/title>\n<meta name=\"robots\" content=\"index, follow, max-snippet:-1, max-image-preview:large, max-video-preview:-1\" \/>\n<link rel=\"canonical\" href=\"https:\/\/lisakroeber.com\/et\/toode\/art-kaelaehe-pearling\/\" \/>\n<meta property=\"og:locale\" content=\"et_EE\" \/>\n<meta property=\"og:type\" content=\"article\" \/>\n<meta property=\"og:title\" content=\"ART Kaelaehe Pearling - Lisa Kroeber Jewellery Art\" \/>\n<meta property=\"og:description\" content=\"Pearlings KaelaeheAinulaadne. Poeetiline. Kordumatu.  Pearlings kaelakee kuulub Unique Art Pieces kollektsiooni. See on ainukordne ehe, mis on loodud vaikse dialoogina mineviku ja oleviku vahel. Skulpturaalsed h\u00f5bedased elemendid ja orgaanilise kujuga mageveep\u00e4rlid loovad koosluse, kus vastandlikkus ja harmoonia eksisteerivad \u00fcheaegselt. Geomeetrilised vormid kohtuvad pehmete ja ebakorrap\u00e4raste p\u00e4rlitega, luues r\u00fctmi, mis on korraga struktureeritud ja intuitiivne. Igal elemendil on oma h\u00e4\u00e4l, ent koos moodustavad nad tasakaalustatud terviku. Pearlings ei ole korduv disain, vaid \u00fcksainus hetk, mis on talletatud ehtes. Ehe, mis kannab endas avastamise, muutumise ja k\u00e4sit\u00f6\u00f6 vaimu. Loodud kandmiseks kui kunstiteos, mitte lihtsalt aksessuaar. Kollektsioon: Unique Art Pieces Materjalid: h\u00f5be (925), p\u00e4rlid, siid Pikkus: 47,5cm Kaal: Ehe saadetakse teele 1\u20135 t\u00f6\u00f6p\u00e4eva jooksul. Kaelakee on pakitud kinkekarpi.\" \/>\n<meta property=\"og:url\" content=\"https:\/\/lisakroeber.com\/et\/toode\/art-kaelaehe-pearling\/\" \/>\n<meta property=\"og:site_name\" content=\"Lisa Kroeber Jewellery Art\" \/>\n<meta property=\"article:modified_time\" content=\"2026-01-23T14:54:24+00:00\" \/>\n<meta property=\"og:image\" content=\"https:\/\/lisakroeber.com\/wp-content\/uploads\/2026\/01\/Pearlings-ART-scaled.jpg\" \/>\n\t<meta property=\"og:image:width\" content=\"2560\" \/>\n\t<meta property=\"og:image:height\" content=\"2560\" \/>\n\t<meta property=\"og:image:type\" content=\"image\/jpeg\" \/>\n<meta name=\"twitter:card\" content=\"summary_large_image\" \/>\n<script type=\"application\/ld+json\" class=\"yoast-schema-graph\">{\"@context\":\"https:\\\/\\\/schema.org\",\"@graph\":[{\"@type\":\"WebPage\",\"@id\":\"https:\\\/\\\/lisakroeber.com\\\/et\\\/toode\\\/art-kaelaehe-pearling\\\/\",\"url\":\"https:\\\/\\\/lisakroeber.com\\\/et\\\/toode\\\/art-kaelaehe-pearling\\\/\",\"name\":\"ART Kaelaehe Pearling - Lisa Kroeber Jewellery Art\",\"isPartOf\":{\"@id\":\"https:\\\/\\\/lisakroeber.com\\\/#website\"},\"primaryImageOfPage\":{\"@id\":\"https:\\\/\\\/lisakroeber.com\\\/et\\\/toode\\\/art-kaelaehe-pearling\\\/#primaryimage\"},\"image\":{\"@id\":\"https:\\\/\\\/lisakroeber.com\\\/et\\\/toode\\\/art-kaelaehe-pearling\\\/#primaryimage\"},\"thumbnailUrl\":\"https:\\\/\\\/lisakroeber.com\\\/wp-content\\\/uploads\\\/2026\\\/01\\\/Pearlings-ART-scaled.jpg\",\"datePublished\":\"2026-01-22T08:40:26+00:00\",\"dateModified\":\"2026-01-23T14:54:24+00:00\",\"breadcrumb\":{\"@id\":\"https:\\\/\\\/lisakroeber.com\\\/et\\\/toode\\\/art-kaelaehe-pearling\\\/#breadcrumb\"},\"inLanguage\":\"et\",\"potentialAction\":[{\"@type\":\"ReadAction\",\"target\":[\"https:\\\/\\\/lisakroeber.com\\\/et\\\/toode\\\/art-kaelaehe-pearling\\\/\"]}]},{\"@type\":\"ImageObject\",\"inLanguage\":\"et\",\"@id\":\"https:\\\/\\\/lisakroeber.com\\\/et\\\/toode\\\/art-kaelaehe-pearling\\\/#primaryimage\",\"url\":\"https:\\\/\\\/lisakroeber.com\\\/wp-content\\\/uploads\\\/2026\\\/01\\\/Pearlings-ART-scaled.jpg\",\"contentUrl\":\"https:\\\/\\\/lisakroeber.com\\\/wp-content\\\/uploads\\\/2026\\\/01\\\/Pearlings-ART-scaled.jpg\",\"width\":2560,\"height\":2560},{\"@type\":\"BreadcrumbList\",\"@id\":\"https:\\\/\\\/lisakroeber.com\\\/et\\\/toode\\\/art-kaelaehe-pearling\\\/#breadcrumb\",\"itemListElement\":[{\"@type\":\"ListItem\",\"position\":1,\"name\":\"Home\",\"item\":\"https:\\\/\\\/lisakroeber.com\\\/et\\\/\"},{\"@type\":\"ListItem\",\"position\":2,\"name\":\"Pood\",\"item\":\"https:\\\/\\\/lisakroeber.com\\\/et\\\/pood\\\/\"},{\"@type\":\"ListItem\",\"position\":3,\"name\":\"ART Kaelaehe Pearling\"}]},{\"@type\":\"WebSite\",\"@id\":\"https:\\\/\\\/lisakroeber.com\\\/#website\",\"url\":\"https:\\\/\\\/lisakroeber.com\\\/\",\"name\":\"Lisa Kroeber Jewellery Art\",\"description\":\"Lisa Kroeber Jewellery Art e-shop\",\"publisher\":{\"@id\":\"https:\\\/\\\/lisakroeber.com\\\/#organization\"},\"potentialAction\":[{\"@type\":\"SearchAction\",\"target\":{\"@type\":\"EntryPoint\",\"urlTemplate\":\"https:\\\/\\\/lisakroeber.com\\\/?s={search_term_string}\"},\"query-input\":{\"@type\":\"PropertyValueSpecification\",\"valueRequired\":true,\"valueName\":\"search_term_string\"}}],\"inLanguage\":\"et\"},{\"@type\":\"Organization\",\"@id\":\"https:\\\/\\\/lisakroeber.com\\\/#organization\",\"name\":\"Lisa Kroeber Jewellery\",\"url\":\"https:\\\/\\\/lisakroeber.com\\\/\",\"logo\":{\"@type\":\"ImageObject\",\"inLanguage\":\"et\",\"@id\":\"https:\\\/\\\/lisakroeber.com\\\/#\\\/schema\\\/logo\\\/image\\\/\",\"url\":\"https:\\\/\\\/lisakroeber.com\\\/wp-content\\\/uploads\\\/2024\\\/07\\\/47178367_317322115661289_143956003702964224_n-e1543863670541.svg\",\"contentUrl\":\"https:\\\/\\\/lisakroeber.com\\\/wp-content\\\/uploads\\\/2024\\\/07\\\/47178367_317322115661289_143956003702964224_n-e1543863670541.svg\",\"width\":1,\"height\":1,\"caption\":\"Lisa Kroeber Jewellery\"},\"image\":{\"@id\":\"https:\\\/\\\/lisakroeber.com\\\/#\\\/schema\\\/logo\\\/image\\\/\"}}]}<\/script>\n<!-- \/ Yoast SEO plugin. -->","yoast_head_json":{"title":"ART Kaelaehe Pearling - Lisa Kroeber Jewellery Art","robots":{"index":"index","follow":"follow","max-snippet":"max-snippet:-1","max-image-preview":"max-image-preview:large","max-video-preview":"max-video-preview:-1"},"canonical":"https:\/\/lisakroeber.com\/et\/toode\/art-kaelaehe-pearling\/","og_locale":"et_EE","og_type":"article","og_title":"ART Kaelaehe Pearling - Lisa Kroeber Jewellery Art","og_description":"Pearlings KaelaeheAinulaadne. Poeetiline. Kordumatu.  Pearlings kaelakee kuulub Unique Art Pieces kollektsiooni. See on ainukordne ehe, mis on loodud vaikse dialoogina mineviku ja oleviku vahel. Skulpturaalsed h\u00f5bedased elemendid ja orgaanilise kujuga mageveep\u00e4rlid loovad koosluse, kus vastandlikkus ja harmoonia eksisteerivad \u00fcheaegselt. Geomeetrilised vormid kohtuvad pehmete ja ebakorrap\u00e4raste p\u00e4rlitega, luues r\u00fctmi, mis on korraga struktureeritud ja intuitiivne. Igal elemendil on oma h\u00e4\u00e4l, ent koos moodustavad nad tasakaalustatud terviku. Pearlings ei ole korduv disain, vaid \u00fcksainus hetk, mis on talletatud ehtes. Ehe, mis kannab endas avastamise, muutumise ja k\u00e4sit\u00f6\u00f6 vaimu. Loodud kandmiseks kui kunstiteos, mitte lihtsalt aksessuaar. Kollektsioon: Unique Art Pieces Materjalid: h\u00f5be (925), p\u00e4rlid, siid Pikkus: 47,5cm Kaal: Ehe saadetakse teele 1\u20135 t\u00f6\u00f6p\u00e4eva jooksul. Kaelakee on pakitud kinkekarpi.","og_url":"https:\/\/lisakroeber.com\/et\/toode\/art-kaelaehe-pearling\/","og_site_name":"Lisa Kroeber Jewellery Art","article_modified_time":"2026-01-23T14:54:24+00:00","og_image":[{"width":2560,"height":2560,"url":"https:\/\/lisakroeber.com\/wp-content\/uploads\/2026\/01\/Pearlings-ART-scaled.jpg","type":"image\/jpeg"}],"twitter_card":"summary_large_image","schema":{"@context":"https:\/\/schema.org","@graph":[{"@type":"WebPage","@id":"https:\/\/lisakroeber.com\/et\/toode\/art-kaelaehe-pearling\/","url":"https:\/\/lisakroeber.com\/et\/toode\/art-kaelaehe-pearling\/","name":"ART Kaelaehe Pearling - Lisa Kroeber Jewellery Art","isPartOf":{"@id":"https:\/\/lisakroeber.com\/#website"},"primaryImageOfPage":{"@id":"https:\/\/lisakroeber.com\/et\/toode\/art-kaelaehe-pearling\/#primaryimage"},"image":{"@id":"https:\/\/lisakroeber.com\/et\/toode\/art-kaelaehe-pearling\/#primaryimage"},"thumbnailUrl":"https:\/\/lisakroeber.com\/wp-content\/uploads\/2026\/01\/Pearlings-ART-scaled.jpg","datePublished":"2026-01-22T08:40:26+00:00","dateModified":"2026-01-23T14:54:24+00:00","breadcrumb":{"@id":"https:\/\/lisakroeber.com\/et\/toode\/art-kaelaehe-pearling\/#breadcrumb"},"inLanguage":"et","potentialAction":[{"@type":"ReadAction","target":["https:\/\/lisakroeber.com\/et\/toode\/art-kaelaehe-pearling\/"]}]},{"@type":"ImageObject","inLanguage":"et","@id":"https:\/\/lisakroeber.com\/et\/toode\/art-kaelaehe-pearling\/#primaryimage","url":"https:\/\/lisakroeber.com\/wp-content\/uploads\/2026\/01\/Pearlings-ART-scaled.jpg","contentUrl":"https:\/\/lisakroeber.com\/wp-content\/uploads\/2026\/01\/Pearlings-ART-scaled.jpg","width":2560,"height":2560},{"@type":"BreadcrumbList","@id":"https:\/\/lisakroeber.com\/et\/toode\/art-kaelaehe-pearling\/#breadcrumb","itemListElement":[{"@type":"ListItem","position":1,"name":"Home","item":"https:\/\/lisakroeber.com\/et\/"},{"@type":"ListItem","position":2,"name":"Pood","item":"https:\/\/lisakroeber.com\/et\/pood\/"},{"@type":"ListItem","position":3,"name":"ART Kaelaehe Pearling"}]},{"@type":"WebSite","@id":"https:\/\/lisakroeber.com\/#website","url":"https:\/\/lisakroeber.com\/","name":"Lisa Kroeber Jewellery Art","description":"Lisa Kroeber Jewellery Art e-shop","publisher":{"@id":"https:\/\/lisakroeber.com\/#organization"},"potentialAction":[{"@type":"SearchAction","target":{"@type":"EntryPoint","urlTemplate":"https:\/\/lisakroeber.com\/?s={search_term_string}"},"query-input":{"@type":"PropertyValueSpecification","valueRequired":true,"valueName":"search_term_string"}}],"inLanguage":"et"},{"@type":"Organization","@id":"https:\/\/lisakroeber.com\/#organization","name":"Lisa Kroeber Jewellery","url":"https:\/\/lisakroeber.com\/","logo":{"@type":"ImageObject","inLanguage":"et","@id":"https:\/\/lisakroeber.com\/#\/schema\/logo\/image\/","url":"https:\/\/lisakroeber.com\/wp-content\/uploads\/2024\/07\/47178367_317322115661289_143956003702964224_n-e1543863670541.svg","contentUrl":"https:\/\/lisakroeber.com\/wp-content\/uploads\/2024\/07\/47178367_317322115661289_143956003702964224_n-e1543863670541.svg","width":1,"height":1,"caption":"Lisa Kroeber Jewellery"},"image":{"@id":"https:\/\/lisakroeber.com\/#\/schema\/logo\/image\/"}}]}},"_links":{"self":[{"href":"https:\/\/lisakroeber.com\/et\/wp-json\/wp\/v2\/product\/310513","targetHints":{"allow":["GET"]}}],"collection":[{"href":"https:\/\/lisakroeber.com\/et\/wp-json\/wp\/v2\/product"}],"about":[{"href":"https:\/\/lisakroeber.com\/et\/wp-json\/wp\/v2\/types\/product"}],"wp:featuredmedia":[{"embeddable":true,"href":"https:\/\/lisakroeber.com\/et\/wp-json\/wp\/v2\/media\/310267"}],"wp:attachment":[{"href":"https:\/\/lisakroeber.com\/et\/wp-json\/wp\/v2\/media?parent=310513"}],"wp:term":[{"taxonomy":"product_brand","embeddable":true,"href":"https:\/\/lisakroeber.com\/et\/wp-json\/wp\/v2\/product_brand?post=310513"},{"taxonomy":"product_cat","embeddable":true,"href":"https:\/\/lisakroeber.com\/et\/wp-json\/wp\/v2\/product_cat?post=310513"},{"taxonomy":"product_tag","embeddable":true,"href":"https:\/\/lisakroeber.com\/et\/wp-json\/wp\/v2\/product_tag?post=310513"}],"curies":[{"name":"wp","href":"https:\/\/api.w.org\/{rel}","templated":true}]}}