{"id":310516,"date":"2026-01-22T15:59:05","date_gmt":"2026-01-22T13:59:05","guid":{"rendered":"https:\/\/lisakroeber.com\/product\/art-korvarongad-roundy-roheline-pruun\/"},"modified":"2026-01-23T19:37:23","modified_gmt":"2026-01-23T17:37:23","slug":"art-korvarongad-roundy-roheline-pruun","status":"publish","type":"product","link":"https:\/\/lisakroeber.com\/et\/toode\/art-korvarongad-roundy-roheline-pruun\/","title":{"rendered":"ART k\u00f5rvar\u00f5ngad Roundy Roheline &#8211; Pruun"},"content":{"rendered":"","protected":false},"excerpt":{"rendered":"<p data-start=\"0\" data-end=\"49\"><strong data-start=\"0\" data-end=\"19\">Roundy k\u00f5rvar\u00f5ngad<\/strong><br data-start=\"19\" data-end=\"22\"><em data-start=\"22\" data-end=\"49\">Vaikne. Viimistletud.  Ajatu.<\/em><\/p>\n<p data-start=\"51\" data-end=\"288\">Need <em>Roundy k\u00f5rvar\u00f5ngad<\/em> kuuluvad <em>Unique Art Pieces kollektsiooni<\/em>. Need on ainukordne uus t\u00f5lgendus minu varasematest Roundy k\u00f5rvar\u00f5ngastest. Varasemast seeriast l\u00e4htudes uurib see ehe tasakaalu, harmooniat ja peene kontrasti ilu. <\/p>\n<p data-start=\"290\" data-end=\"532\">Kaks ringikujulist elementi kohtuvad rahulikus dialoogis: pehmelt toonitud pind ja s\u00e4delev kivi. Puhas geomeetria hoiab disaini minimalistlikuna, samal ajal kui valgus ja peegeldus lisavad s\u00fcgavust ja emotsiooni. See on klassikalise vormi \u00f5rn edasiarendus, mis on muudetud materjali, v\u00e4rvi ja proportsioonide kaudu.  <\/p>\n<p data-start=\"690\" data-end=\"890\" data-is-last-node=\"\" data-is-only-node=\"\">See paar eksisteerib vaid \u00fches eksemplaris.<\/p>\n<p>Kollektsioon: Unique Art Pieces<\/p>\n<p>Materjalid: epoksiid, h\u00f5be (925), suitsukvarts<\/p>\n<p>Suurus: 2,8cm x 4,2cm<\/p>\n<p>Kaal: 11,35g<\/p>\n<p>Ehe saadetakse teele 1\u20135 t\u00f6\u00f6p\u00e4eva jooksul.<\/p>\n<p>Kaelakee on pakitud kinkekarpi.<\/p>\n","protected":false},"featured_media":310377,"template":"","meta":{"content-type":""},"product_brand":[],"product_cat":[1284,342,467],"product_tag":[],"class_list":{"0":"post-310516","1":"product","2":"type-product","3":"status-publish","4":"has-post-thumbnail","6":"product_cat-autoriehted","7":"product_cat-korvarongad","8":"product_cat-roundy-et","10":"first","11":"instock","12":"taxable","13":"shipping-taxable","14":"purchasable","15":"product-type-simple"},"yoast_head":"<!-- This site is optimized with the Yoast SEO plugin v27.3 - https:\/\/yoast.com\/product\/yoast-seo-wordpress\/ -->\n<title>ART k\u00f5rvar\u00f5ngad Roundy Roheline - Pruun - Lisa Kroeber Jewellery Art<\/title>\n<meta name=\"robots\" content=\"index, follow, max-snippet:-1, max-image-preview:large, max-video-preview:-1\" \/>\n<link rel=\"canonical\" href=\"https:\/\/lisakroeber.com\/et\/toode\/art-korvarongad-roundy-roheline-pruun\/\" \/>\n<meta property=\"og:locale\" content=\"et_EE\" \/>\n<meta property=\"og:type\" content=\"article\" \/>\n<meta property=\"og:title\" content=\"ART k\u00f5rvar\u00f5ngad Roundy Roheline - Pruun - Lisa Kroeber Jewellery Art\" \/>\n<meta property=\"og:description\" content=\"Roundy k\u00f5rvar\u00f5ngadVaikne. Viimistletud. Ajatu. Need Roundy k\u00f5rvar\u00f5ngad kuuluvad Unique Art Pieces kollektsiooni. Need on ainukordne uus t\u00f5lgendus minu varasematest Roundy k\u00f5rvar\u00f5ngastest. Varasemast seeriast l\u00e4htudes uurib see ehe tasakaalu, harmooniat ja peene kontrasti ilu. Kaks ringikujulist elementi kohtuvad rahulikus dialoogis: pehmelt toonitud pind ja s\u00e4delev kivi. Puhas geomeetria hoiab disaini minimalistlikuna, samal ajal kui valgus ja peegeldus lisavad s\u00fcgavust ja emotsiooni. See on klassikalise vormi \u00f5rn edasiarendus, mis on muudetud materjali, v\u00e4rvi ja proportsioonide kaudu.  See paar eksisteerib vaid \u00fches eksemplaris. Kollektsioon: Unique Art Pieces Materjalid: epoksiid, h\u00f5be (925), suitsukvarts Suurus: 2,8cm x 4,2cm Kaal: 11,35g Ehe saadetakse teele 1\u20135 t\u00f6\u00f6p\u00e4eva jooksul. Kaelakee on pakitud kinkekarpi.\" \/>\n<meta property=\"og:url\" content=\"https:\/\/lisakroeber.com\/et\/toode\/art-korvarongad-roundy-roheline-pruun\/\" \/>\n<meta property=\"og:site_name\" content=\"Lisa Kroeber Jewellery Art\" \/>\n<meta property=\"article:modified_time\" content=\"2026-01-23T17:37:23+00:00\" \/>\n<meta property=\"og:image\" content=\"https:\/\/lisakroeber.com\/wp-content\/uploads\/2026\/01\/Roundy-brown-scaled.jpg\" \/>\n\t<meta property=\"og:image:width\" content=\"2560\" \/>\n\t<meta property=\"og:image:height\" content=\"2560\" \/>\n\t<meta property=\"og:image:type\" content=\"image\/jpeg\" \/>\n<meta name=\"twitter:card\" content=\"summary_large_image\" \/>\n<script type=\"application\/ld+json\" class=\"yoast-schema-graph\">{\"@context\":\"https:\\\/\\\/schema.org\",\"@graph\":[{\"@type\":\"WebPage\",\"@id\":\"https:\\\/\\\/lisakroeber.com\\\/et\\\/toode\\\/art-korvarongad-roundy-roheline-pruun\\\/\",\"url\":\"https:\\\/\\\/lisakroeber.com\\\/et\\\/toode\\\/art-korvarongad-roundy-roheline-pruun\\\/\",\"name\":\"ART k\u00f5rvar\u00f5ngad Roundy Roheline - Pruun - Lisa Kroeber Jewellery Art\",\"isPartOf\":{\"@id\":\"https:\\\/\\\/lisakroeber.com\\\/#website\"},\"primaryImageOfPage\":{\"@id\":\"https:\\\/\\\/lisakroeber.com\\\/et\\\/toode\\\/art-korvarongad-roundy-roheline-pruun\\\/#primaryimage\"},\"image\":{\"@id\":\"https:\\\/\\\/lisakroeber.com\\\/et\\\/toode\\\/art-korvarongad-roundy-roheline-pruun\\\/#primaryimage\"},\"thumbnailUrl\":\"https:\\\/\\\/lisakroeber.com\\\/wp-content\\\/uploads\\\/2026\\\/01\\\/Roundy-brown-scaled.jpg\",\"datePublished\":\"2026-01-22T13:59:05+00:00\",\"dateModified\":\"2026-01-23T17:37:23+00:00\",\"breadcrumb\":{\"@id\":\"https:\\\/\\\/lisakroeber.com\\\/et\\\/toode\\\/art-korvarongad-roundy-roheline-pruun\\\/#breadcrumb\"},\"inLanguage\":\"et\",\"potentialAction\":[{\"@type\":\"ReadAction\",\"target\":[\"https:\\\/\\\/lisakroeber.com\\\/et\\\/toode\\\/art-korvarongad-roundy-roheline-pruun\\\/\"]}]},{\"@type\":\"ImageObject\",\"inLanguage\":\"et\",\"@id\":\"https:\\\/\\\/lisakroeber.com\\\/et\\\/toode\\\/art-korvarongad-roundy-roheline-pruun\\\/#primaryimage\",\"url\":\"https:\\\/\\\/lisakroeber.com\\\/wp-content\\\/uploads\\\/2026\\\/01\\\/Roundy-brown-scaled.jpg\",\"contentUrl\":\"https:\\\/\\\/lisakroeber.com\\\/wp-content\\\/uploads\\\/2026\\\/01\\\/Roundy-brown-scaled.jpg\",\"width\":2560,\"height\":2560},{\"@type\":\"BreadcrumbList\",\"@id\":\"https:\\\/\\\/lisakroeber.com\\\/et\\\/toode\\\/art-korvarongad-roundy-roheline-pruun\\\/#breadcrumb\",\"itemListElement\":[{\"@type\":\"ListItem\",\"position\":1,\"name\":\"Home\",\"item\":\"https:\\\/\\\/lisakroeber.com\\\/et\\\/\"},{\"@type\":\"ListItem\",\"position\":2,\"name\":\"Pood\",\"item\":\"https:\\\/\\\/lisakroeber.com\\\/et\\\/pood\\\/\"},{\"@type\":\"ListItem\",\"position\":3,\"name\":\"ART k\u00f5rvar\u00f5ngad Roundy Roheline &#8211; Pruun\"}]},{\"@type\":\"WebSite\",\"@id\":\"https:\\\/\\\/lisakroeber.com\\\/#website\",\"url\":\"https:\\\/\\\/lisakroeber.com\\\/\",\"name\":\"Lisa Kroeber Jewellery Art\",\"description\":\"Lisa Kroeber Jewellery Art e-shop\",\"publisher\":{\"@id\":\"https:\\\/\\\/lisakroeber.com\\\/#organization\"},\"potentialAction\":[{\"@type\":\"SearchAction\",\"target\":{\"@type\":\"EntryPoint\",\"urlTemplate\":\"https:\\\/\\\/lisakroeber.com\\\/?s={search_term_string}\"},\"query-input\":{\"@type\":\"PropertyValueSpecification\",\"valueRequired\":true,\"valueName\":\"search_term_string\"}}],\"inLanguage\":\"et\"},{\"@type\":\"Organization\",\"@id\":\"https:\\\/\\\/lisakroeber.com\\\/#organization\",\"name\":\"Lisa Kroeber Jewellery\",\"url\":\"https:\\\/\\\/lisakroeber.com\\\/\",\"logo\":{\"@type\":\"ImageObject\",\"inLanguage\":\"et\",\"@id\":\"https:\\\/\\\/lisakroeber.com\\\/#\\\/schema\\\/logo\\\/image\\\/\",\"url\":\"https:\\\/\\\/lisakroeber.com\\\/wp-content\\\/uploads\\\/2024\\\/07\\\/47178367_317322115661289_143956003702964224_n-e1543863670541.svg\",\"contentUrl\":\"https:\\\/\\\/lisakroeber.com\\\/wp-content\\\/uploads\\\/2024\\\/07\\\/47178367_317322115661289_143956003702964224_n-e1543863670541.svg\",\"width\":1,\"height\":1,\"caption\":\"Lisa Kroeber Jewellery\"},\"image\":{\"@id\":\"https:\\\/\\\/lisakroeber.com\\\/#\\\/schema\\\/logo\\\/image\\\/\"}}]}<\/script>\n<!-- \/ Yoast SEO plugin. -->","yoast_head_json":{"title":"ART k\u00f5rvar\u00f5ngad Roundy Roheline - Pruun - Lisa Kroeber Jewellery Art","robots":{"index":"index","follow":"follow","max-snippet":"max-snippet:-1","max-image-preview":"max-image-preview:large","max-video-preview":"max-video-preview:-1"},"canonical":"https:\/\/lisakroeber.com\/et\/toode\/art-korvarongad-roundy-roheline-pruun\/","og_locale":"et_EE","og_type":"article","og_title":"ART k\u00f5rvar\u00f5ngad Roundy Roheline - Pruun - Lisa Kroeber Jewellery Art","og_description":"Roundy k\u00f5rvar\u00f5ngadVaikne. Viimistletud. Ajatu. Need Roundy k\u00f5rvar\u00f5ngad kuuluvad Unique Art Pieces kollektsiooni. Need on ainukordne uus t\u00f5lgendus minu varasematest Roundy k\u00f5rvar\u00f5ngastest. Varasemast seeriast l\u00e4htudes uurib see ehe tasakaalu, harmooniat ja peene kontrasti ilu. Kaks ringikujulist elementi kohtuvad rahulikus dialoogis: pehmelt toonitud pind ja s\u00e4delev kivi. Puhas geomeetria hoiab disaini minimalistlikuna, samal ajal kui valgus ja peegeldus lisavad s\u00fcgavust ja emotsiooni. See on klassikalise vormi \u00f5rn edasiarendus, mis on muudetud materjali, v\u00e4rvi ja proportsioonide kaudu.  See paar eksisteerib vaid \u00fches eksemplaris. Kollektsioon: Unique Art Pieces Materjalid: epoksiid, h\u00f5be (925), suitsukvarts Suurus: 2,8cm x 4,2cm Kaal: 11,35g Ehe saadetakse teele 1\u20135 t\u00f6\u00f6p\u00e4eva jooksul. Kaelakee on pakitud kinkekarpi.","og_url":"https:\/\/lisakroeber.com\/et\/toode\/art-korvarongad-roundy-roheline-pruun\/","og_site_name":"Lisa Kroeber Jewellery Art","article_modified_time":"2026-01-23T17:37:23+00:00","og_image":[{"width":2560,"height":2560,"url":"https:\/\/lisakroeber.com\/wp-content\/uploads\/2026\/01\/Roundy-brown-scaled.jpg","type":"image\/jpeg"}],"twitter_card":"summary_large_image","schema":{"@context":"https:\/\/schema.org","@graph":[{"@type":"WebPage","@id":"https:\/\/lisakroeber.com\/et\/toode\/art-korvarongad-roundy-roheline-pruun\/","url":"https:\/\/lisakroeber.com\/et\/toode\/art-korvarongad-roundy-roheline-pruun\/","name":"ART k\u00f5rvar\u00f5ngad Roundy Roheline - Pruun - Lisa Kroeber Jewellery Art","isPartOf":{"@id":"https:\/\/lisakroeber.com\/#website"},"primaryImageOfPage":{"@id":"https:\/\/lisakroeber.com\/et\/toode\/art-korvarongad-roundy-roheline-pruun\/#primaryimage"},"image":{"@id":"https:\/\/lisakroeber.com\/et\/toode\/art-korvarongad-roundy-roheline-pruun\/#primaryimage"},"thumbnailUrl":"https:\/\/lisakroeber.com\/wp-content\/uploads\/2026\/01\/Roundy-brown-scaled.jpg","datePublished":"2026-01-22T13:59:05+00:00","dateModified":"2026-01-23T17:37:23+00:00","breadcrumb":{"@id":"https:\/\/lisakroeber.com\/et\/toode\/art-korvarongad-roundy-roheline-pruun\/#breadcrumb"},"inLanguage":"et","potentialAction":[{"@type":"ReadAction","target":["https:\/\/lisakroeber.com\/et\/toode\/art-korvarongad-roundy-roheline-pruun\/"]}]},{"@type":"ImageObject","inLanguage":"et","@id":"https:\/\/lisakroeber.com\/et\/toode\/art-korvarongad-roundy-roheline-pruun\/#primaryimage","url":"https:\/\/lisakroeber.com\/wp-content\/uploads\/2026\/01\/Roundy-brown-scaled.jpg","contentUrl":"https:\/\/lisakroeber.com\/wp-content\/uploads\/2026\/01\/Roundy-brown-scaled.jpg","width":2560,"height":2560},{"@type":"BreadcrumbList","@id":"https:\/\/lisakroeber.com\/et\/toode\/art-korvarongad-roundy-roheline-pruun\/#breadcrumb","itemListElement":[{"@type":"ListItem","position":1,"name":"Home","item":"https:\/\/lisakroeber.com\/et\/"},{"@type":"ListItem","position":2,"name":"Pood","item":"https:\/\/lisakroeber.com\/et\/pood\/"},{"@type":"ListItem","position":3,"name":"ART k\u00f5rvar\u00f5ngad Roundy Roheline &#8211; Pruun"}]},{"@type":"WebSite","@id":"https:\/\/lisakroeber.com\/#website","url":"https:\/\/lisakroeber.com\/","name":"Lisa Kroeber Jewellery Art","description":"Lisa Kroeber Jewellery Art e-shop","publisher":{"@id":"https:\/\/lisakroeber.com\/#organization"},"potentialAction":[{"@type":"SearchAction","target":{"@type":"EntryPoint","urlTemplate":"https:\/\/lisakroeber.com\/?s={search_term_string}"},"query-input":{"@type":"PropertyValueSpecification","valueRequired":true,"valueName":"search_term_string"}}],"inLanguage":"et"},{"@type":"Organization","@id":"https:\/\/lisakroeber.com\/#organization","name":"Lisa Kroeber Jewellery","url":"https:\/\/lisakroeber.com\/","logo":{"@type":"ImageObject","inLanguage":"et","@id":"https:\/\/lisakroeber.com\/#\/schema\/logo\/image\/","url":"https:\/\/lisakroeber.com\/wp-content\/uploads\/2024\/07\/47178367_317322115661289_143956003702964224_n-e1543863670541.svg","contentUrl":"https:\/\/lisakroeber.com\/wp-content\/uploads\/2024\/07\/47178367_317322115661289_143956003702964224_n-e1543863670541.svg","width":1,"height":1,"caption":"Lisa Kroeber Jewellery"},"image":{"@id":"https:\/\/lisakroeber.com\/#\/schema\/logo\/image\/"}}]}},"_links":{"self":[{"href":"https:\/\/lisakroeber.com\/et\/wp-json\/wp\/v2\/product\/310516","targetHints":{"allow":["GET"]}}],"collection":[{"href":"https:\/\/lisakroeber.com\/et\/wp-json\/wp\/v2\/product"}],"about":[{"href":"https:\/\/lisakroeber.com\/et\/wp-json\/wp\/v2\/types\/product"}],"wp:featuredmedia":[{"embeddable":true,"href":"https:\/\/lisakroeber.com\/et\/wp-json\/wp\/v2\/media\/310377"}],"wp:attachment":[{"href":"https:\/\/lisakroeber.com\/et\/wp-json\/wp\/v2\/media?parent=310516"}],"wp:term":[{"taxonomy":"product_brand","embeddable":true,"href":"https:\/\/lisakroeber.com\/et\/wp-json\/wp\/v2\/product_brand?post=310516"},{"taxonomy":"product_cat","embeddable":true,"href":"https:\/\/lisakroeber.com\/et\/wp-json\/wp\/v2\/product_cat?post=310516"},{"taxonomy":"product_tag","embeddable":true,"href":"https:\/\/lisakroeber.com\/et\/wp-json\/wp\/v2\/product_tag?post=310516"}],"curies":[{"name":"wp","href":"https:\/\/api.w.org\/{rel}","templated":true}]}}