{"id":310520,"date":"2026-01-22T11:19:16","date_gmt":"2026-01-22T09:19:16","guid":{"rendered":"https:\/\/lisakroeber.com\/product\/art-korvarongad-leaves-i\/"},"modified":"2026-01-23T19:51:23","modified_gmt":"2026-01-23T17:51:23","slug":"art-korvarongad-leaves-i","status":"publish","type":"product","link":"https:\/\/lisakroeber.com\/et\/toode\/art-korvarongad-leaves-i\/","title":{"rendered":"ART K\u00f5rvar\u00f5ngad Leaves I"},"content":{"rendered":"","protected":false},"excerpt":{"rendered":"<p data-start=\"0\" data-end=\"47\"><strong data-start=\"0\" data-end=\"19\">Leaves k\u00f5rvar\u00f5ngad I<\/strong><br data-start=\"19\" data-end=\"22\">Ainulaadsed. Kihilised. Elavad.  <\/p>\n<p data-start=\"49\" data-end=\"312\">Leaves k\u00f5rvar\u00f5ngad kuuluvad ainulaadsete kunstiteoste kollektsiooni, mis on loodud tuttava lehekuju uue, kunstilise t\u00f5lgendusena. Varasemast seeriast inspireerituna uurib see teos, kuidas tuntud kuju saab areneda kihilisuse, liikumise ja v\u00e4rvi kaudu. <\/p>\n<p data-start=\"314\" data-end=\"577\">Piklikud leheelemendid kattuvad ja nihkuvad, luues r\u00fctmi ja loomuliku voolavuse tunde. Kerged ja d\u00fcnaamilised, tunduvad k\u00f5rvar\u00f5ngad peaaegu liikuvat, nagu vaikses tuulehoos p\u00fc\u00fctud lehed. Vormi ja v\u00e4rvi dialoog paneb iga nurga alt midagi uut paljastama.  <\/p>\n<p data-start=\"579\" data-end=\"759\" data-is-last-node=\"\" data-is-only-node=\"\">Need k\u00f5rvar\u00f5ngad eksisteerivad kui \u00fcksik kunstiteos, loodud eksperimenteerimise ja m\u00f5tiskluse vaimus.<\/p>\n<p>Kollektsioon: Unique Art Pieces<\/p>\n<p>Materjalid: pulberv\u00e4rvitud messing, sterlingh\u00f5be<\/p>\n<p>Suurus: 2 cm x 11 cm<\/p>\n<p>Kaal: 11,30 g<\/p>\n<p>Ehe saadetakse teele 1\u20135 t\u00f6\u00f6p\u00e4eva jooksul.<\/p>\n<p>Kaelakee on pakitud kinkekarpi.<\/p>\n","protected":false},"featured_media":310271,"template":"","meta":{"content-type":""},"product_brand":[],"product_cat":[1284,342,441],"product_tag":[],"class_list":{"0":"post-310520","1":"product","2":"type-product","3":"status-publish","4":"has-post-thumbnail","6":"product_cat-autoriehted","7":"product_cat-korvarongad","8":"product_cat-leaves-et","10":"first","11":"instock","12":"taxable","13":"shipping-taxable","14":"purchasable","15":"product-type-simple"},"yoast_head":"<!-- This site is optimized with the Yoast SEO plugin v27.3 - https:\/\/yoast.com\/product\/yoast-seo-wordpress\/ -->\n<title>ART K\u00f5rvar\u00f5ngad Leaves I - Lisa Kroeber Jewellery Art<\/title>\n<meta name=\"robots\" content=\"index, follow, max-snippet:-1, max-image-preview:large, max-video-preview:-1\" \/>\n<link rel=\"canonical\" href=\"https:\/\/lisakroeber.com\/et\/toode\/art-korvarongad-leaves-i\/\" \/>\n<meta property=\"og:locale\" content=\"et_EE\" \/>\n<meta property=\"og:type\" content=\"article\" \/>\n<meta property=\"og:title\" content=\"ART K\u00f5rvar\u00f5ngad Leaves I - Lisa Kroeber Jewellery Art\" \/>\n<meta property=\"og:description\" content=\"Leaves k\u00f5rvar\u00f5ngad IAinulaadsed. Kihilised. Elavad.  Leaves k\u00f5rvar\u00f5ngad kuuluvad ainulaadsete kunstiteoste kollektsiooni, mis on loodud tuttava lehekuju uue, kunstilise t\u00f5lgendusena. Varasemast seeriast inspireerituna uurib see teos, kuidas tuntud kuju saab areneda kihilisuse, liikumise ja v\u00e4rvi kaudu. Piklikud leheelemendid kattuvad ja nihkuvad, luues r\u00fctmi ja loomuliku voolavuse tunde. Kerged ja d\u00fcnaamilised, tunduvad k\u00f5rvar\u00f5ngad peaaegu liikuvat, nagu vaikses tuulehoos p\u00fc\u00fctud lehed. Vormi ja v\u00e4rvi dialoog paneb iga nurga alt midagi uut paljastama.  Need k\u00f5rvar\u00f5ngad eksisteerivad kui \u00fcksik kunstiteos, loodud eksperimenteerimise ja m\u00f5tiskluse vaimus. Kollektsioon: Unique Art Pieces Materjalid: pulberv\u00e4rvitud messing, sterlingh\u00f5be Suurus: 2 cm x 11 cm Kaal: 11,30 g Ehe saadetakse teele 1\u20135 t\u00f6\u00f6p\u00e4eva jooksul. Kaelakee on pakitud kinkekarpi.\" \/>\n<meta property=\"og:url\" content=\"https:\/\/lisakroeber.com\/et\/toode\/art-korvarongad-leaves-i\/\" \/>\n<meta property=\"og:site_name\" content=\"Lisa Kroeber Jewellery Art\" \/>\n<meta property=\"article:modified_time\" content=\"2026-01-23T17:51:23+00:00\" \/>\n<meta property=\"og:image\" content=\"https:\/\/lisakroeber.com\/wp-content\/uploads\/2026\/01\/Leaves-grun-ART-scaled.jpg\" \/>\n\t<meta property=\"og:image:width\" content=\"2560\" \/>\n\t<meta property=\"og:image:height\" content=\"2560\" \/>\n\t<meta property=\"og:image:type\" content=\"image\/jpeg\" \/>\n<meta name=\"twitter:card\" content=\"summary_large_image\" \/>\n<script type=\"application\/ld+json\" class=\"yoast-schema-graph\">{\"@context\":\"https:\\\/\\\/schema.org\",\"@graph\":[{\"@type\":\"WebPage\",\"@id\":\"https:\\\/\\\/lisakroeber.com\\\/et\\\/toode\\\/art-korvarongad-leaves-i\\\/\",\"url\":\"https:\\\/\\\/lisakroeber.com\\\/et\\\/toode\\\/art-korvarongad-leaves-i\\\/\",\"name\":\"ART K\u00f5rvar\u00f5ngad Leaves I - Lisa Kroeber Jewellery Art\",\"isPartOf\":{\"@id\":\"https:\\\/\\\/lisakroeber.com\\\/#website\"},\"primaryImageOfPage\":{\"@id\":\"https:\\\/\\\/lisakroeber.com\\\/et\\\/toode\\\/art-korvarongad-leaves-i\\\/#primaryimage\"},\"image\":{\"@id\":\"https:\\\/\\\/lisakroeber.com\\\/et\\\/toode\\\/art-korvarongad-leaves-i\\\/#primaryimage\"},\"thumbnailUrl\":\"https:\\\/\\\/lisakroeber.com\\\/wp-content\\\/uploads\\\/2026\\\/01\\\/Leaves-grun-ART-scaled.jpg\",\"datePublished\":\"2026-01-22T09:19:16+00:00\",\"dateModified\":\"2026-01-23T17:51:23+00:00\",\"breadcrumb\":{\"@id\":\"https:\\\/\\\/lisakroeber.com\\\/et\\\/toode\\\/art-korvarongad-leaves-i\\\/#breadcrumb\"},\"inLanguage\":\"et\",\"potentialAction\":[{\"@type\":\"ReadAction\",\"target\":[\"https:\\\/\\\/lisakroeber.com\\\/et\\\/toode\\\/art-korvarongad-leaves-i\\\/\"]}]},{\"@type\":\"ImageObject\",\"inLanguage\":\"et\",\"@id\":\"https:\\\/\\\/lisakroeber.com\\\/et\\\/toode\\\/art-korvarongad-leaves-i\\\/#primaryimage\",\"url\":\"https:\\\/\\\/lisakroeber.com\\\/wp-content\\\/uploads\\\/2026\\\/01\\\/Leaves-grun-ART-scaled.jpg\",\"contentUrl\":\"https:\\\/\\\/lisakroeber.com\\\/wp-content\\\/uploads\\\/2026\\\/01\\\/Leaves-grun-ART-scaled.jpg\",\"width\":2560,\"height\":2560},{\"@type\":\"BreadcrumbList\",\"@id\":\"https:\\\/\\\/lisakroeber.com\\\/et\\\/toode\\\/art-korvarongad-leaves-i\\\/#breadcrumb\",\"itemListElement\":[{\"@type\":\"ListItem\",\"position\":1,\"name\":\"Home\",\"item\":\"https:\\\/\\\/lisakroeber.com\\\/et\\\/\"},{\"@type\":\"ListItem\",\"position\":2,\"name\":\"Pood\",\"item\":\"https:\\\/\\\/lisakroeber.com\\\/et\\\/pood\\\/\"},{\"@type\":\"ListItem\",\"position\":3,\"name\":\"ART K\u00f5rvar\u00f5ngad Leaves I\"}]},{\"@type\":\"WebSite\",\"@id\":\"https:\\\/\\\/lisakroeber.com\\\/#website\",\"url\":\"https:\\\/\\\/lisakroeber.com\\\/\",\"name\":\"Lisa Kroeber Jewellery Art\",\"description\":\"Lisa Kroeber Jewellery Art e-shop\",\"publisher\":{\"@id\":\"https:\\\/\\\/lisakroeber.com\\\/#organization\"},\"potentialAction\":[{\"@type\":\"SearchAction\",\"target\":{\"@type\":\"EntryPoint\",\"urlTemplate\":\"https:\\\/\\\/lisakroeber.com\\\/?s={search_term_string}\"},\"query-input\":{\"@type\":\"PropertyValueSpecification\",\"valueRequired\":true,\"valueName\":\"search_term_string\"}}],\"inLanguage\":\"et\"},{\"@type\":\"Organization\",\"@id\":\"https:\\\/\\\/lisakroeber.com\\\/#organization\",\"name\":\"Lisa Kroeber Jewellery\",\"url\":\"https:\\\/\\\/lisakroeber.com\\\/\",\"logo\":{\"@type\":\"ImageObject\",\"inLanguage\":\"et\",\"@id\":\"https:\\\/\\\/lisakroeber.com\\\/#\\\/schema\\\/logo\\\/image\\\/\",\"url\":\"https:\\\/\\\/lisakroeber.com\\\/wp-content\\\/uploads\\\/2024\\\/07\\\/47178367_317322115661289_143956003702964224_n-e1543863670541.svg\",\"contentUrl\":\"https:\\\/\\\/lisakroeber.com\\\/wp-content\\\/uploads\\\/2024\\\/07\\\/47178367_317322115661289_143956003702964224_n-e1543863670541.svg\",\"width\":1,\"height\":1,\"caption\":\"Lisa Kroeber Jewellery\"},\"image\":{\"@id\":\"https:\\\/\\\/lisakroeber.com\\\/#\\\/schema\\\/logo\\\/image\\\/\"}}]}<\/script>\n<!-- \/ Yoast SEO plugin. -->","yoast_head_json":{"title":"ART K\u00f5rvar\u00f5ngad Leaves I - Lisa Kroeber Jewellery Art","robots":{"index":"index","follow":"follow","max-snippet":"max-snippet:-1","max-image-preview":"max-image-preview:large","max-video-preview":"max-video-preview:-1"},"canonical":"https:\/\/lisakroeber.com\/et\/toode\/art-korvarongad-leaves-i\/","og_locale":"et_EE","og_type":"article","og_title":"ART K\u00f5rvar\u00f5ngad Leaves I - Lisa Kroeber Jewellery Art","og_description":"Leaves k\u00f5rvar\u00f5ngad IAinulaadsed. Kihilised. Elavad.  Leaves k\u00f5rvar\u00f5ngad kuuluvad ainulaadsete kunstiteoste kollektsiooni, mis on loodud tuttava lehekuju uue, kunstilise t\u00f5lgendusena. Varasemast seeriast inspireerituna uurib see teos, kuidas tuntud kuju saab areneda kihilisuse, liikumise ja v\u00e4rvi kaudu. Piklikud leheelemendid kattuvad ja nihkuvad, luues r\u00fctmi ja loomuliku voolavuse tunde. Kerged ja d\u00fcnaamilised, tunduvad k\u00f5rvar\u00f5ngad peaaegu liikuvat, nagu vaikses tuulehoos p\u00fc\u00fctud lehed. Vormi ja v\u00e4rvi dialoog paneb iga nurga alt midagi uut paljastama.  Need k\u00f5rvar\u00f5ngad eksisteerivad kui \u00fcksik kunstiteos, loodud eksperimenteerimise ja m\u00f5tiskluse vaimus. Kollektsioon: Unique Art Pieces Materjalid: pulberv\u00e4rvitud messing, sterlingh\u00f5be Suurus: 2 cm x 11 cm Kaal: 11,30 g Ehe saadetakse teele 1\u20135 t\u00f6\u00f6p\u00e4eva jooksul. Kaelakee on pakitud kinkekarpi.","og_url":"https:\/\/lisakroeber.com\/et\/toode\/art-korvarongad-leaves-i\/","og_site_name":"Lisa Kroeber Jewellery Art","article_modified_time":"2026-01-23T17:51:23+00:00","og_image":[{"width":2560,"height":2560,"url":"https:\/\/lisakroeber.com\/wp-content\/uploads\/2026\/01\/Leaves-grun-ART-scaled.jpg","type":"image\/jpeg"}],"twitter_card":"summary_large_image","schema":{"@context":"https:\/\/schema.org","@graph":[{"@type":"WebPage","@id":"https:\/\/lisakroeber.com\/et\/toode\/art-korvarongad-leaves-i\/","url":"https:\/\/lisakroeber.com\/et\/toode\/art-korvarongad-leaves-i\/","name":"ART K\u00f5rvar\u00f5ngad Leaves I - Lisa Kroeber Jewellery Art","isPartOf":{"@id":"https:\/\/lisakroeber.com\/#website"},"primaryImageOfPage":{"@id":"https:\/\/lisakroeber.com\/et\/toode\/art-korvarongad-leaves-i\/#primaryimage"},"image":{"@id":"https:\/\/lisakroeber.com\/et\/toode\/art-korvarongad-leaves-i\/#primaryimage"},"thumbnailUrl":"https:\/\/lisakroeber.com\/wp-content\/uploads\/2026\/01\/Leaves-grun-ART-scaled.jpg","datePublished":"2026-01-22T09:19:16+00:00","dateModified":"2026-01-23T17:51:23+00:00","breadcrumb":{"@id":"https:\/\/lisakroeber.com\/et\/toode\/art-korvarongad-leaves-i\/#breadcrumb"},"inLanguage":"et","potentialAction":[{"@type":"ReadAction","target":["https:\/\/lisakroeber.com\/et\/toode\/art-korvarongad-leaves-i\/"]}]},{"@type":"ImageObject","inLanguage":"et","@id":"https:\/\/lisakroeber.com\/et\/toode\/art-korvarongad-leaves-i\/#primaryimage","url":"https:\/\/lisakroeber.com\/wp-content\/uploads\/2026\/01\/Leaves-grun-ART-scaled.jpg","contentUrl":"https:\/\/lisakroeber.com\/wp-content\/uploads\/2026\/01\/Leaves-grun-ART-scaled.jpg","width":2560,"height":2560},{"@type":"BreadcrumbList","@id":"https:\/\/lisakroeber.com\/et\/toode\/art-korvarongad-leaves-i\/#breadcrumb","itemListElement":[{"@type":"ListItem","position":1,"name":"Home","item":"https:\/\/lisakroeber.com\/et\/"},{"@type":"ListItem","position":2,"name":"Pood","item":"https:\/\/lisakroeber.com\/et\/pood\/"},{"@type":"ListItem","position":3,"name":"ART K\u00f5rvar\u00f5ngad Leaves I"}]},{"@type":"WebSite","@id":"https:\/\/lisakroeber.com\/#website","url":"https:\/\/lisakroeber.com\/","name":"Lisa Kroeber Jewellery Art","description":"Lisa Kroeber Jewellery Art e-shop","publisher":{"@id":"https:\/\/lisakroeber.com\/#organization"},"potentialAction":[{"@type":"SearchAction","target":{"@type":"EntryPoint","urlTemplate":"https:\/\/lisakroeber.com\/?s={search_term_string}"},"query-input":{"@type":"PropertyValueSpecification","valueRequired":true,"valueName":"search_term_string"}}],"inLanguage":"et"},{"@type":"Organization","@id":"https:\/\/lisakroeber.com\/#organization","name":"Lisa Kroeber Jewellery","url":"https:\/\/lisakroeber.com\/","logo":{"@type":"ImageObject","inLanguage":"et","@id":"https:\/\/lisakroeber.com\/#\/schema\/logo\/image\/","url":"https:\/\/lisakroeber.com\/wp-content\/uploads\/2024\/07\/47178367_317322115661289_143956003702964224_n-e1543863670541.svg","contentUrl":"https:\/\/lisakroeber.com\/wp-content\/uploads\/2024\/07\/47178367_317322115661289_143956003702964224_n-e1543863670541.svg","width":1,"height":1,"caption":"Lisa Kroeber Jewellery"},"image":{"@id":"https:\/\/lisakroeber.com\/#\/schema\/logo\/image\/"}}]}},"_links":{"self":[{"href":"https:\/\/lisakroeber.com\/et\/wp-json\/wp\/v2\/product\/310520","targetHints":{"allow":["GET"]}}],"collection":[{"href":"https:\/\/lisakroeber.com\/et\/wp-json\/wp\/v2\/product"}],"about":[{"href":"https:\/\/lisakroeber.com\/et\/wp-json\/wp\/v2\/types\/product"}],"wp:featuredmedia":[{"embeddable":true,"href":"https:\/\/lisakroeber.com\/et\/wp-json\/wp\/v2\/media\/310271"}],"wp:attachment":[{"href":"https:\/\/lisakroeber.com\/et\/wp-json\/wp\/v2\/media?parent=310520"}],"wp:term":[{"taxonomy":"product_brand","embeddable":true,"href":"https:\/\/lisakroeber.com\/et\/wp-json\/wp\/v2\/product_brand?post=310520"},{"taxonomy":"product_cat","embeddable":true,"href":"https:\/\/lisakroeber.com\/et\/wp-json\/wp\/v2\/product_cat?post=310520"},{"taxonomy":"product_tag","embeddable":true,"href":"https:\/\/lisakroeber.com\/et\/wp-json\/wp\/v2\/product_tag?post=310520"}],"curies":[{"name":"wp","href":"https:\/\/api.w.org\/{rel}","templated":true}]}}